{"id":58501,"date":"2022-06-09T10:31:59","date_gmt":"2022-06-09T10:31:59","guid":{"rendered":"https:\/\/www.accuratereviews.com\/?page_id=58501"},"modified":"2022-06-09T10:31:59","modified_gmt":"2022-06-09T10:31:59","slug":"mywebsite-recensione","status":"publish","type":"page","link":"https:\/\/www.accuratereviews.com\/it\/software-creare-landing-page\/mywebsite-recensione\/","title":{"rendered":"MyWebsite"},"content":{"rendered":"<p><strong>MyWebsite<\/strong> \u00e8 una <strong>piattaforma per la creazione di siti web<\/strong> progettata per le aziende a creare siti utilizzando vari modelli specifici del settore. Aiuta le agenzie a proteggere le informazioni dei visitatori utilizzando un certificato SSL (Secure Sockets Layer). Il programma\u00a0consente agli sviluppatori di aggiungere immagini e testo e visualizzare in anteprima i risultati su desktop, tablet e dispositivi mobili prima della pubblicazione. I supervisori possono tracciare il numero di visitatori e altre statistiche su una piattaforma unificata e utilizzare cookie banner predefiniti per garantire la conformit\u00e0 al regolamento generale sulla protezione dei dati (GDPR). Le aziende possono anche aggiungere negozi online ai siti web creando elenchi di prodotti e servizi con titoli, descrizioni e prezzi e offrendo pi\u00f9 canali di pagamento tra cui carte di credito, PayPal e addebito diretto per i clienti. Inoltre\u00a0consente ai gestori di impostare processi di spedizione e ritiro personalizzati.<\/p>\n<h2>MYWEBSITE &#8211; TUTORIAL<\/h2>\n<p>Guardiamo come realizzare un sito web con questo <strong>software per creare landing page<\/strong>:<\/p>\n<div id=\"fluid-wrapper-counter-1\" class=\"g1-fluid-wrapper \" style=\"width:686px;\">\n<div style=\"padding-bottom:56.268221574344%;\"><iframe loading=\"lazy\" title=\"Crea il tuo sito web con MyWebsite Now o MyWebsite Creator\" width=\"686\" height=\"386\" src=\"https:\/\/www.youtube.com\/embed\/n2Jd6lm7emU?feature=oembed&amp;wmode=transparent&amp;autohide=1&amp;autoplay=0&amp;disablekb=0&amp;fs=1&amp;loop=0&amp;enablejsapi=1&amp;rel=0&amp;controls=2&amp;showinfo=0&amp;wmode=transparent&amp;autohide=2&amp;autoplay=0&amp;disablekb=0&amp;fs=1&amp;loop=0&amp;enablejsapi=1&amp;rel=0&amp;controls=2&amp;showinfo=1\" frameborder=\"0\" allow=\"accelerometer; autoplay; clipboard-write; encrypted-media; gyroscope; picture-in-picture\" allowfullscreen><\/iframe><\/div>\n<\/div>\n<h3>MYWEBSITE &#8211; CARATTERISTICHE<\/h3>\n<ul>\n<li><strong>Scegli il layout<\/strong>: inizia a creare il tuo sito web scegliendo il layout pi\u00f9 adatto al tuo settore<\/li>\n<li><strong>Inserisci i contenuti<\/strong>: organizza il tuo sito web, suddividilo in sezioni, aggiungi i testi e le immagini<\/li>\n<li><strong>Vai online<\/strong>: visualizza l&#8217;anteprima e se sei soddisfatto del risultato, pubblica il tuo sito web con un clic<\/li>\n<li><strong>Email aziendale<\/strong>: mostra la tua professionalit\u00e0 con un indirizzo email che corrisponde al tuo dominio<\/li>\n<li><strong>Dominio e certificato SSL<\/strong>: \u00a0la soluzione include un dominio omaggio per il primo anno con il certificato SSL, cos\u00ec i visitatori sapranno che il tuo sito web \u00e8 sicuro<\/li>\n<li><strong>Design\u00a0responsive<\/strong>: grazie al design responsive il tuo sito internet si adatter\u00e0 agli schermi di tutti i dispositivi: PC, smartphone e tablet<\/li>\n<li><strong>Protezione della privacy<\/strong>: la privacy dei tuoi clienti \u00e8 importante. Il programma ti aiuta a garantire la massima sicurezza del tuo sito web attraverso cookie gi\u00e0 configurati e pronti all&#8217;uso<\/li>\n<li><strong>Statistiche a portata di mano<\/strong>: con lo strumento di analisi integrato, tieni d&#8217;occhio il numero di visitatori e tanti altri dati, cos\u00ec puoi ottimizzare il tuo sito web in base ai tuoi obiettivi<\/li>\n<li><strong>Il sito web che cresce con le tue esigenze<\/strong>: il software fornisce\u00a0i giusti strumenti di marketing e la possibilit\u00e0 di aggiungere un negozio online al tuo sito web.<\/li>\n<\/ul>\n<h4>LE RECENSIONI DEGLI UTENTI<\/h4>\n<p class=\"font-weight-bold mb-2\"><strong>Chibuenyim C.&#8221;I servizi IONOS sono eccellenti, molto al di sopra della media.&#8221;<\/strong><\/p>\n<p><span class=\"font-weight-bold\"><strong>Commenti<\/strong>: <\/span>Livello operativo<\/p>\n<p class=\"font-weight-bold mb-2\"><strong>Pro<\/strong>:\u00a0Con IONOS, puoi fare le cose pi\u00f9 velocemente senza troppe conoscenze tecniche.<\/p>\n<p class=\"font-weight-bold mb-2\"><strong>Contro<\/strong>:\u00a0IONOS ti addebita anche dopo la cancellazione del contatto, se non invii tutto il necessario dopo la cancellazione.<\/p>\n<p class=\"font-weight-bold mb-2\"><strong>Torikul I.&#8221;Buoni provider di hosting ma devono migliorare le prestazioni del server&#8221;<\/strong><\/p>\n<p><span class=\"font-weight-bold\"><strong>Commenti<\/strong>: <\/span>La mia esperienza con Ionos non \u00e8 amichevole, ma s\u00ec, \u00e8 stata utile per me. Mi ha aiutato in ogni passo cos\u00ec facilmente, ma \u00e8 stata anche la ragione dei miei problemi.<\/p>\n<p class=\"font-weight-bold mb-2\"><strong>Pro<\/strong>:\u00a0Ho ricevuto un&#8217;assistenza clienti cos\u00ec utile dall&#8217;hosting web Ionos. Il processo di installazione \u00e8 semplice ed efficace, puoi fare quasi tutto senza problemi. Anche la cosa principale \u00e8 che mi piace molto la velocit\u00e0 di caricamento della pagina di Ionos, \u00e8 superba. Ho usato Ionos per siti Web grandi e piccoli, \u00e8 stato utile ma \u00e8 pi\u00f9 adatto per siti Web di grandi dimensioni. Una cosa buona di 1&amp;1 \u00e8 che ti daranno un dominio gratuito per un anno con un pacchetto di hosting.<\/p>\n<p class=\"font-weight-bold mb-2\"><strong>Contro<\/strong>:\u00a0Posso citare solo un aspetto negativo di Ionos, ovvero le prestazioni del server. Parlano delle prestazioni perch\u00e9 \u00e8 la cosa pi\u00f9 importante di un server web. Ma non ho ottenuto risultati soddisfacenti da loro per i piccoli siti web. L&#8217;hosting condiviso \u00e8 terribile, il tempo di attivit\u00e0 del sito Web \u00e8 troppo scarso e spesso mostra 404 gateway non valido. Non ho riscontrato questo tipo di problemi sui pacchetti superiori, ma sui pacchetti inferiori davvero pessimi.<\/p>\n<p><strong>Younouss B.&#8221;MyWebsite uno strumento mediocre, ma in rinnovamento.&#8221;<\/strong><\/p>\n<p class=\"font-weight-bold mb-2\"><strong>Pro<\/strong>:\u00a0Questo \u00e8 il primo strumento utilizzato per creare e ospitare il nostro sito web.<\/p>\n<p class=\"font-weight-bold mb-2\"><strong>Contro<\/strong>:\u00a0Troppo poche opportunit\u00e0 per sviluppare il sito. Manipolazione complicata.<\/p>\n","protected":false},"excerpt":{"rendered":"<p>MyWebsite \u00e8 una piattaforma per la creazione di siti web progettata per le aziende a creare siti utilizzando vari modelli specifici del settore. Aiuta le agenzie a proteggere le informazioni dei visitatori utilizzando un certificato SSL (Secure Sockets Layer). Il programma\u00a0consente agli sviluppatori di aggiungere immagini e testo e visualizzare in anteprima i risultati su desktop, tablet e dispositivi mobili prima della pubblicazione<\/p>\n","protected":false},"author":16,"featured_media":58504,"parent":58467,"menu_order":0,"comment_status":"open","ping_status":"closed","template":"g1_template_page_review_new.php","meta":{"_acf_changed":false,"cwp_meta_box_check":"No","cwp_rev_product_name":"","cwp_rev_product_image":"","wppr_links":[],"cwp_rev_price":"","wppr_options":[],"wppr_pros":[],"wppr_cons":[],"_monsterinsights_skip_tracking":false,"_monsterinsights_sitenote_active":false,"_monsterinsights_sitenote_note":"","_monsterinsights_sitenote_category":0,"footnotes":""},"categories":[12754],"tags":[12777,12778,12774,12759,12776,12756,12758],"features":[],"class_list":{"0":"post-58501","1":"page","2":"type-page","3":"status-publish","4":"has-post-thumbnail","6":"category-software-per-creare-landing-page-cat","7":"tag-creare-landing-page","8":"tag-landing-page","9":"tag-mywebsite","10":"tag-piattaforma-per-creare-landing-page","11":"tag-programma-per-creare-landing-page","12":"tag-software-per-creare-landing-page","13":"tag-soluzione-per-creare-landing-page"},"wppr_data":{"cwp_meta_box_check":"No"},"acf":[],"yoast_head":"<!-- This site is optimized with the Yoast SEO plugin v27.4 - https:\/\/yoast.com\/product\/yoast-seo-wordpress\/ -->\n<title>MyWebsite: recensione software creazione landing page Accurate Reviews<\/title>\n<meta name=\"description\" content=\"MyWebsite: recensione piattaforma per la creazione di siti web progettata per le aziende utilizzando vari modelli specifici del settore.\" \/>\n<meta name=\"robots\" content=\"index, follow, max-snippet:-1, max-image-preview:large, max-video-preview:-1\" \/>\n<link rel=\"canonical\" href=\"https:\/\/www.accuratereviews.com\/it\/software-creare-landing-page\/mywebsite-recensione\/\" \/>\n<meta property=\"og:locale\" content=\"it_IT\" \/>\n<meta property=\"og:type\" content=\"article\" \/>\n<meta property=\"og:title\" content=\"MyWebsite: recensione software creazione landing page Accurate Reviews\" \/>\n<meta property=\"og:description\" content=\"MyWebsite: recensione piattaforma per la creazione di siti web progettata per le aziende utilizzando vari modelli specifici del settore.\" \/>\n<meta property=\"og:url\" content=\"https:\/\/www.accuratereviews.com\/it\/software-creare-landing-page\/mywebsite-recensione\/\" \/>\n<meta property=\"og:site_name\" content=\"Accurate Reviews\" \/>\n<meta property=\"og:image\" content=\"https:\/\/www.accuratereviews.com\/wp-content\/uploads\/2022\/06\/MyWebsite.jpeg\" \/>\n\t<meta property=\"og:image:width\" content=\"400\" \/>\n\t<meta property=\"og:image:height\" content=\"400\" \/>\n\t<meta property=\"og:image:type\" content=\"image\/jpeg\" \/>\n<meta name=\"twitter:card\" content=\"summary_large_image\" \/>\n<meta name=\"twitter:label1\" content=\"Tempo di lettura stimato\" \/>\n\t<meta name=\"twitter:data1\" content=\"4 minuti\" \/>\n<script type=\"application\/ld+json\" class=\"yoast-schema-graph\">{\"@context\":\"https:\\\/\\\/schema.org\",\"@graph\":[{\"@type\":\"WebPage\",\"@id\":\"https:\\\/\\\/www.accuratereviews.com\\\/it\\\/software-creare-landing-page\\\/mywebsite-recensione\\\/\",\"url\":\"https:\\\/\\\/www.accuratereviews.com\\\/it\\\/software-creare-landing-page\\\/mywebsite-recensione\\\/\",\"name\":\"MyWebsite: recensione software creazione landing page Accurate Reviews\",\"isPartOf\":{\"@id\":\"https:\\\/\\\/www.accuratereviews.com\\\/it\\\/#website\"},\"primaryImageOfPage\":{\"@id\":\"https:\\\/\\\/www.accuratereviews.com\\\/it\\\/software-creare-landing-page\\\/mywebsite-recensione\\\/#primaryimage\"},\"image\":{\"@id\":\"https:\\\/\\\/www.accuratereviews.com\\\/it\\\/software-creare-landing-page\\\/mywebsite-recensione\\\/#primaryimage\"},\"thumbnailUrl\":\"https:\\\/\\\/www.accuratereviews.com\\\/wp-content\\\/uploads\\\/2022\\\/06\\\/MyWebsite.jpeg\",\"datePublished\":\"2022-06-09T10:31:59+00:00\",\"description\":\"MyWebsite: recensione piattaforma per la creazione di siti web progettata per le aziende utilizzando vari modelli specifici del settore.\",\"breadcrumb\":{\"@id\":\"https:\\\/\\\/www.accuratereviews.com\\\/it\\\/software-creare-landing-page\\\/mywebsite-recensione\\\/#breadcrumb\"},\"inLanguage\":\"it-IT\",\"potentialAction\":[{\"@type\":\"ReadAction\",\"target\":[\"https:\\\/\\\/www.accuratereviews.com\\\/it\\\/software-creare-landing-page\\\/mywebsite-recensione\\\/\"]}]},{\"@type\":\"ImageObject\",\"inLanguage\":\"it-IT\",\"@id\":\"https:\\\/\\\/www.accuratereviews.com\\\/it\\\/software-creare-landing-page\\\/mywebsite-recensione\\\/#primaryimage\",\"url\":\"https:\\\/\\\/www.accuratereviews.com\\\/wp-content\\\/uploads\\\/2022\\\/06\\\/MyWebsite.jpeg\",\"contentUrl\":\"https:\\\/\\\/www.accuratereviews.com\\\/wp-content\\\/uploads\\\/2022\\\/06\\\/MyWebsite.jpeg\",\"width\":400,\"height\":400},{\"@type\":\"BreadcrumbList\",\"@id\":\"https:\\\/\\\/www.accuratereviews.com\\\/it\\\/software-creare-landing-page\\\/mywebsite-recensione\\\/#breadcrumb\",\"itemListElement\":[{\"@type\":\"ListItem\",\"position\":1,\"name\":\"Home\",\"item\":\"https:\\\/\\\/www.accuratereviews.com\\\/it\\\/\"},{\"@type\":\"ListItem\",\"position\":2,\"name\":\"Software per creare landing page\",\"item\":\"https:\\\/\\\/www.accuratereviews.com\\\/it\\\/software-creare-landing-page\\\/\"},{\"@type\":\"ListItem\",\"position\":3,\"name\":\"MyWebsite\"}]},{\"@type\":\"WebSite\",\"@id\":\"https:\\\/\\\/www.accuratereviews.com\\\/it\\\/#website\",\"url\":\"https:\\\/\\\/www.accuratereviews.com\\\/it\\\/\",\"name\":\"Accurate Reviews\",\"description\":\"\",\"potentialAction\":[{\"@type\":\"SearchAction\",\"target\":{\"@type\":\"EntryPoint\",\"urlTemplate\":\"https:\\\/\\\/www.accuratereviews.com\\\/it\\\/?s={search_term_string}\"},\"query-input\":{\"@type\":\"PropertyValueSpecification\",\"valueRequired\":true,\"valueName\":\"search_term_string\"}}],\"inLanguage\":\"it-IT\"}]}<\/script>\n<!-- \/ Yoast SEO plugin. -->","yoast_head_json":{"title":"MyWebsite: recensione software creazione landing page Accurate Reviews","description":"MyWebsite: recensione piattaforma per la creazione di siti web progettata per le aziende utilizzando vari modelli specifici del settore.","robots":{"index":"index","follow":"follow","max-snippet":"max-snippet:-1","max-image-preview":"max-image-preview:large","max-video-preview":"max-video-preview:-1"},"canonical":"https:\/\/www.accuratereviews.com\/it\/software-creare-landing-page\/mywebsite-recensione\/","og_locale":"it_IT","og_type":"article","og_title":"MyWebsite: recensione software creazione landing page Accurate Reviews","og_description":"MyWebsite: recensione piattaforma per la creazione di siti web progettata per le aziende utilizzando vari modelli specifici del settore.","og_url":"https:\/\/www.accuratereviews.com\/it\/software-creare-landing-page\/mywebsite-recensione\/","og_site_name":"Accurate Reviews","og_image":[{"width":400,"height":400,"url":"https:\/\/www.accuratereviews.com\/wp-content\/uploads\/2022\/06\/MyWebsite.jpeg","type":"image\/jpeg"}],"twitter_card":"summary_large_image","twitter_misc":{"Tempo di lettura stimato":"4 minuti"},"schema":{"@context":"https:\/\/schema.org","@graph":[{"@type":"WebPage","@id":"https:\/\/www.accuratereviews.com\/it\/software-creare-landing-page\/mywebsite-recensione\/","url":"https:\/\/www.accuratereviews.com\/it\/software-creare-landing-page\/mywebsite-recensione\/","name":"MyWebsite: recensione software creazione landing page Accurate Reviews","isPartOf":{"@id":"https:\/\/www.accuratereviews.com\/it\/#website"},"primaryImageOfPage":{"@id":"https:\/\/www.accuratereviews.com\/it\/software-creare-landing-page\/mywebsite-recensione\/#primaryimage"},"image":{"@id":"https:\/\/www.accuratereviews.com\/it\/software-creare-landing-page\/mywebsite-recensione\/#primaryimage"},"thumbnailUrl":"https:\/\/www.accuratereviews.com\/wp-content\/uploads\/2022\/06\/MyWebsite.jpeg","datePublished":"2022-06-09T10:31:59+00:00","description":"MyWebsite: recensione piattaforma per la creazione di siti web progettata per le aziende utilizzando vari modelli specifici del settore.","breadcrumb":{"@id":"https:\/\/www.accuratereviews.com\/it\/software-creare-landing-page\/mywebsite-recensione\/#breadcrumb"},"inLanguage":"it-IT","potentialAction":[{"@type":"ReadAction","target":["https:\/\/www.accuratereviews.com\/it\/software-creare-landing-page\/mywebsite-recensione\/"]}]},{"@type":"ImageObject","inLanguage":"it-IT","@id":"https:\/\/www.accuratereviews.com\/it\/software-creare-landing-page\/mywebsite-recensione\/#primaryimage","url":"https:\/\/www.accuratereviews.com\/wp-content\/uploads\/2022\/06\/MyWebsite.jpeg","contentUrl":"https:\/\/www.accuratereviews.com\/wp-content\/uploads\/2022\/06\/MyWebsite.jpeg","width":400,"height":400},{"@type":"BreadcrumbList","@id":"https:\/\/www.accuratereviews.com\/it\/software-creare-landing-page\/mywebsite-recensione\/#breadcrumb","itemListElement":[{"@type":"ListItem","position":1,"name":"Home","item":"https:\/\/www.accuratereviews.com\/it\/"},{"@type":"ListItem","position":2,"name":"Software per creare landing page","item":"https:\/\/www.accuratereviews.com\/it\/software-creare-landing-page\/"},{"@type":"ListItem","position":3,"name":"MyWebsite"}]},{"@type":"WebSite","@id":"https:\/\/www.accuratereviews.com\/it\/#website","url":"https:\/\/www.accuratereviews.com\/it\/","name":"Accurate Reviews","description":"","potentialAction":[{"@type":"SearchAction","target":{"@type":"EntryPoint","urlTemplate":"https:\/\/www.accuratereviews.com\/it\/?s={search_term_string}"},"query-input":{"@type":"PropertyValueSpecification","valueRequired":true,"valueName":"search_term_string"}}],"inLanguage":"it-IT"}]}},"_links":{"self":[{"href":"https:\/\/www.accuratereviews.com\/it\/wp-json\/wp\/v2\/pages\/58501","targetHints":{"allow":["GET"]}}],"collection":[{"href":"https:\/\/www.accuratereviews.com\/it\/wp-json\/wp\/v2\/pages"}],"about":[{"href":"https:\/\/www.accuratereviews.com\/it\/wp-json\/wp\/v2\/types\/page"}],"author":[{"embeddable":true,"href":"https:\/\/www.accuratereviews.com\/it\/wp-json\/wp\/v2\/users\/16"}],"replies":[{"embeddable":true,"href":"https:\/\/www.accuratereviews.com\/it\/wp-json\/wp\/v2\/comments?post=58501"}],"version-history":[{"count":12,"href":"https:\/\/www.accuratereviews.com\/it\/wp-json\/wp\/v2\/pages\/58501\/revisions"}],"predecessor-version":[{"id":58545,"href":"https:\/\/www.accuratereviews.com\/it\/wp-json\/wp\/v2\/pages\/58501\/revisions\/58545"}],"up":[{"embeddable":true,"href":"https:\/\/www.accuratereviews.com\/it\/wp-json\/wp\/v2\/pages\/58467"}],"wp:featuredmedia":[{"embeddable":true,"href":"https:\/\/www.accuratereviews.com\/it\/wp-json\/wp\/v2\/media\/58504"}],"wp:attachment":[{"href":"https:\/\/www.accuratereviews.com\/it\/wp-json\/wp\/v2\/media?parent=58501"}],"wp:term":[{"taxonomy":"category","embeddable":true,"href":"https:\/\/www.accuratereviews.com\/it\/wp-json\/wp\/v2\/categories?post=58501"},{"taxonomy":"post_tag","embeddable":true,"href":"https:\/\/www.accuratereviews.com\/it\/wp-json\/wp\/v2\/tags?post=58501"},{"taxonomy":"features","embeddable":true,"href":"https:\/\/www.accuratereviews.com\/it\/wp-json\/wp\/v2\/features?post=58501"}],"curies":[{"name":"wp","href":"https:\/\/api.w.org\/{rel}","templated":true}]}}