{"id":58567,"date":"2022-06-10T10:46:06","date_gmt":"2022-06-10T10:46:06","guid":{"rendered":"https:\/\/www.accuratereviews.com\/?page_id=58567"},"modified":"2022-06-13T05:25:30","modified_gmt":"2022-06-13T05:25:30","slug":"landingi-recensione","status":"publish","type":"page","link":"https:\/\/www.accuratereviews.com\/it\/software-creare-landing-page\/landingi-recensione\/","title":{"rendered":"Landingi"},"content":{"rendered":"<p><strong>Landingi<\/strong> \u00e8 una <strong>piattaforma di marketing<\/strong>\u00a0che supporta i clienti in ogni fase della creazione e gestione delle campagne di marketing utilizzando<strong> landing page<\/strong>, pop up e funnel. Gli utenti della piattaforma possono personalizzare e migliorare le pagine di destinazione utilizzando un generatore di pagine di destinazione drag &amp; drop senza competenze di codifica. Le pagine possono essere testate A\/B, moduli incorporati per raccogliere dati e lead gestiti tramite un&#8217;unica interfaccia in stile casella di posta. Il programma \u00e8 adatto ad aziende di tutte le dimensioni, con prezzi che dipendono dalle esigenze degli utenti. I piani delle agenzie pongono maggiore enfasi sui processi di automazione del marketing. L&#8217;editor <strong>Landingi<\/strong> consente agli utenti di creare <strong>landing page<\/strong> personalizzate senza un programmatore, un grafico o alcuna conoscenza specialistica. Ogni elemento della pagina (come un&#8217;immagine, un video, un testo o un modulo) pu\u00f2 essere personalizzato sia nella visualizzazione desktop che mobile separatamente. Le landing page finite possono essere pubblicate sul dominio, scaricate come file .php o caricate tramite il plugin di WordPress.<\/p>\n<h2>LANDINGI &#8211; TUTORIAL<\/h2>\n<p>Guardiamo come integrare WordPress con questo <strong>software per creare landing page<\/strong>:<\/p>\n<div id=\"fluid-wrapper-counter-1\" class=\"g1-fluid-wrapper \" style=\"width:686px;\">\n<div style=\"padding-bottom:56.268221574344%;\"><iframe loading=\"lazy\" title=\"WordPress Plugin for Landing Pages by Landingi\" width=\"686\" height=\"386\" src=\"https:\/\/www.youtube.com\/embed\/ImTHvQpZl5Q?feature=oembed&amp;wmode=transparent&amp;autohide=1&amp;autoplay=0&amp;disablekb=0&amp;fs=1&amp;loop=0&amp;enablejsapi=1&amp;rel=0&amp;controls=2&amp;showinfo=0&amp;wmode=transparent&amp;autohide=2&amp;autoplay=0&amp;disablekb=0&amp;fs=1&amp;loop=0&amp;enablejsapi=1&amp;rel=0&amp;controls=2&amp;showinfo=1\" frameborder=\"0\" allow=\"accelerometer; autoplay; clipboard-write; encrypted-media; gyroscope; picture-in-picture\" allowfullscreen><\/iframe><\/div>\n<\/div>\n<h3>LANDINGI &#8211; CARATTERISTICHE<\/h3>\n<ul>\n<li>Interfaccia intuitiva che ti consente di creare i tuoi progetti per landing page e pop-up senza codifica<\/li>\n<li>Pubblicazione facile: pubblica landing page e pop-up con pochi clic. Utilizza il dominio di prova o crearne uno tuo.<\/li>\n<li>Oltre 400 modelli per landing page e pop-up, cos\u00ec non devi ricominciare da zero e puoi risparmiare tempo per iniziare<\/li>\n<li>Test A\/B\/X: prova diverse varianti dei tuoi moduli di lead gen e scegli quale funziona meglio per la tua campagna<\/li>\n<li>Pianificatore della campagna per impostare una data e un&#8217;ora per il lancio e la fine della tua campagna.<\/li>\n<li>Integrazioni di marketing avanzate e strumenti di monitoraggio dei lead per ottimizzare il flusso di lavoro e analizzare i risultati delle tue campagne di lead generation.<\/li>\n<\/ul>\n<h4>LE RECENSIONI DEGLI UTENTI<\/h4>\n<p class=\"font-weight-bold mb-2\"><strong>Darwin O.&#8221;La migliore soluzione di landing page per la tua agenzia&#8221;<\/strong><\/p>\n<p class=\"font-weight-bold mb-2\"><strong>Pro<\/strong>:\u00a0Costruire pagine di destinazione utilizzando un CMS convenzionale pu\u00f2 essere frustrante, beh, Landingi salva tutta quella frustrazione, \u00e8 cos\u00ec facile creare pagine di destinazione che posso farlo anche io (non sono uno sviluppatore). Adoro l&#8217;editor visivo.<\/p>\n<p class=\"font-weight-bold mb-2\"><strong>Contro<\/strong>:\u00a0Poche analisi, questo potrebbe migliorare notevolmente il software senza dover fare affidamento sull&#8217;integrazione di Google Analytics.<\/p>\n<p class=\"font-weight-bold mb-2\"><strong>Chandra L.&#8221;Caratteristica e prezzo di Landingi&#8221;<\/strong><\/p>\n<p class=\"font-weight-bold mb-2\"><strong>Pro<\/strong>:\u00a0confronta da tutti i concorrenti per landing page builder, landing page non cos\u00ec costosa se confrontiamo ci\u00f2 che otteniamo, evento dalla funzione o dall&#8217;integrazione<\/p>\n<p class=\"font-weight-bold mb-2\"><strong>Contro<\/strong>:\u00a0presentiamo la pagina di destinazione dell&#8217;importazione dopo che abbiamo progettato, se utilizziamo wordpress, dobbiamo importare dal pannello di amministrazione di wordpress e importarlo, se confrontiamo l&#8217;utente, egli pubblica semplicemente dal loro backend di amministrazione e finito, la cosa migliore che sappiamo, landingi di pi\u00f9 sicuro dalla concorrenza, perch\u00e9 solo wordpress admin pu\u00f2 importarlo non landingi admin, anche se lavoriamo due volte, pubblichiamo su landingi e importiamo su wp-admin<\/p>\n<p>&nbsp;<\/p>\n","protected":false},"excerpt":{"rendered":"<p>Landingi \u00e8 una piattaforma di marketing quotidiana che supporta i clienti in ogni fase della creazione e gestione delle campagne di marketing utilizzando landing page, pop up e funnel. Gli utenti della piattaforma possono personalizzare e migliorare le pagine di destinazione utilizzando un generatore di pagine di destinazione drag &#038; drop senza competenze di codifica.<\/p>\n","protected":false},"author":16,"featured_media":58573,"parent":58467,"menu_order":0,"comment_status":"open","ping_status":"closed","template":"g1_template_page_review_new.php","meta":{"_acf_changed":false,"cwp_meta_box_check":"No","cwp_rev_product_name":"","cwp_rev_product_image":"","wppr_links":[],"cwp_rev_price":"","wppr_options":[],"wppr_pros":[],"wppr_cons":[],"_monsterinsights_skip_tracking":false,"_monsterinsights_sitenote_active":false,"_monsterinsights_sitenote_note":"","_monsterinsights_sitenote_category":0,"footnotes":""},"categories":[12754],"tags":[12777,12778,12803,12759,12776,12756,12758],"features":[],"class_list":{"0":"post-58567","1":"page","2":"type-page","3":"status-publish","4":"has-post-thumbnail","6":"category-software-per-creare-landing-page-cat","7":"tag-creare-landing-page","8":"tag-landing-page","9":"tag-landingi","10":"tag-piattaforma-per-creare-landing-page","11":"tag-programma-per-creare-landing-page","12":"tag-software-per-creare-landing-page","13":"tag-soluzione-per-creare-landing-page"},"wppr_data":{"cwp_meta_box_check":"No"},"acf":[],"yoast_head":"<!-- This site is optimized with the Yoast SEO plugin v27.4 - https:\/\/yoast.com\/product\/yoast-seo-wordpress\/ -->\n<title>Landingi: recensione software creazione landing page - Accurate Reviews<\/title>\n<meta name=\"description\" content=\"Landingi: recensione piattaforma marketing che supporta clienti nella creazione e gestione di campagne utilizzando landing page, pop up e funnel.\" \/>\n<meta name=\"robots\" content=\"index, follow, max-snippet:-1, max-image-preview:large, max-video-preview:-1\" \/>\n<link rel=\"canonical\" href=\"https:\/\/www.accuratereviews.com\/it\/software-creare-landing-page\/landingi-recensione\/\" \/>\n<meta property=\"og:locale\" content=\"it_IT\" \/>\n<meta property=\"og:type\" content=\"article\" \/>\n<meta property=\"og:title\" content=\"Landingi: recensione software creazione landing page - Accurate Reviews\" \/>\n<meta property=\"og:description\" content=\"Landingi: recensione piattaforma marketing che supporta clienti nella creazione e gestione di campagne utilizzando landing page, pop up e funnel.\" \/>\n<meta property=\"og:url\" content=\"https:\/\/www.accuratereviews.com\/it\/software-creare-landing-page\/landingi-recensione\/\" \/>\n<meta property=\"og:site_name\" content=\"Accurate Reviews\" \/>\n<meta property=\"article:modified_time\" content=\"2022-06-13T05:25:30+00:00\" \/>\n<meta property=\"og:image\" content=\"https:\/\/www.accuratereviews.com\/wp-content\/uploads\/2022\/06\/Landingi2.png\" \/>\n\t<meta property=\"og:image:width\" content=\"225\" \/>\n\t<meta property=\"og:image:height\" content=\"225\" \/>\n\t<meta property=\"og:image:type\" content=\"image\/png\" \/>\n<meta name=\"twitter:card\" content=\"summary_large_image\" \/>\n<meta name=\"twitter:label1\" content=\"Tempo di lettura stimato\" \/>\n\t<meta name=\"twitter:data1\" content=\"3 minuti\" \/>\n<script type=\"application\/ld+json\" class=\"yoast-schema-graph\">{\"@context\":\"https:\\\/\\\/schema.org\",\"@graph\":[{\"@type\":\"WebPage\",\"@id\":\"https:\\\/\\\/www.accuratereviews.com\\\/it\\\/software-creare-landing-page\\\/landingi-recensione\\\/\",\"url\":\"https:\\\/\\\/www.accuratereviews.com\\\/it\\\/software-creare-landing-page\\\/landingi-recensione\\\/\",\"name\":\"Landingi: recensione software creazione landing page - Accurate Reviews\",\"isPartOf\":{\"@id\":\"https:\\\/\\\/www.accuratereviews.com\\\/it\\\/#website\"},\"primaryImageOfPage\":{\"@id\":\"https:\\\/\\\/www.accuratereviews.com\\\/it\\\/software-creare-landing-page\\\/landingi-recensione\\\/#primaryimage\"},\"image\":{\"@id\":\"https:\\\/\\\/www.accuratereviews.com\\\/it\\\/software-creare-landing-page\\\/landingi-recensione\\\/#primaryimage\"},\"thumbnailUrl\":\"https:\\\/\\\/www.accuratereviews.com\\\/wp-content\\\/uploads\\\/2022\\\/06\\\/Landingi2.png\",\"datePublished\":\"2022-06-10T10:46:06+00:00\",\"dateModified\":\"2022-06-13T05:25:30+00:00\",\"description\":\"Landingi: recensione piattaforma marketing che supporta clienti nella creazione e gestione di campagne utilizzando landing page, pop up e funnel.\",\"breadcrumb\":{\"@id\":\"https:\\\/\\\/www.accuratereviews.com\\\/it\\\/software-creare-landing-page\\\/landingi-recensione\\\/#breadcrumb\"},\"inLanguage\":\"it-IT\",\"potentialAction\":[{\"@type\":\"ReadAction\",\"target\":[\"https:\\\/\\\/www.accuratereviews.com\\\/it\\\/software-creare-landing-page\\\/landingi-recensione\\\/\"]}]},{\"@type\":\"ImageObject\",\"inLanguage\":\"it-IT\",\"@id\":\"https:\\\/\\\/www.accuratereviews.com\\\/it\\\/software-creare-landing-page\\\/landingi-recensione\\\/#primaryimage\",\"url\":\"https:\\\/\\\/www.accuratereviews.com\\\/wp-content\\\/uploads\\\/2022\\\/06\\\/Landingi2.png\",\"contentUrl\":\"https:\\\/\\\/www.accuratereviews.com\\\/wp-content\\\/uploads\\\/2022\\\/06\\\/Landingi2.png\",\"width\":225,\"height\":225},{\"@type\":\"BreadcrumbList\",\"@id\":\"https:\\\/\\\/www.accuratereviews.com\\\/it\\\/software-creare-landing-page\\\/landingi-recensione\\\/#breadcrumb\",\"itemListElement\":[{\"@type\":\"ListItem\",\"position\":1,\"name\":\"Home\",\"item\":\"https:\\\/\\\/www.accuratereviews.com\\\/it\\\/\"},{\"@type\":\"ListItem\",\"position\":2,\"name\":\"Software per creare landing page\",\"item\":\"https:\\\/\\\/www.accuratereviews.com\\\/it\\\/software-creare-landing-page\\\/\"},{\"@type\":\"ListItem\",\"position\":3,\"name\":\"Landingi\"}]},{\"@type\":\"WebSite\",\"@id\":\"https:\\\/\\\/www.accuratereviews.com\\\/it\\\/#website\",\"url\":\"https:\\\/\\\/www.accuratereviews.com\\\/it\\\/\",\"name\":\"Accurate Reviews\",\"description\":\"\",\"potentialAction\":[{\"@type\":\"SearchAction\",\"target\":{\"@type\":\"EntryPoint\",\"urlTemplate\":\"https:\\\/\\\/www.accuratereviews.com\\\/it\\\/?s={search_term_string}\"},\"query-input\":{\"@type\":\"PropertyValueSpecification\",\"valueRequired\":true,\"valueName\":\"search_term_string\"}}],\"inLanguage\":\"it-IT\"}]}<\/script>\n<!-- \/ Yoast SEO plugin. -->","yoast_head_json":{"title":"Landingi: recensione software creazione landing page - Accurate Reviews","description":"Landingi: recensione piattaforma marketing che supporta clienti nella creazione e gestione di campagne utilizzando landing page, pop up e funnel.","robots":{"index":"index","follow":"follow","max-snippet":"max-snippet:-1","max-image-preview":"max-image-preview:large","max-video-preview":"max-video-preview:-1"},"canonical":"https:\/\/www.accuratereviews.com\/it\/software-creare-landing-page\/landingi-recensione\/","og_locale":"it_IT","og_type":"article","og_title":"Landingi: recensione software creazione landing page - Accurate Reviews","og_description":"Landingi: recensione piattaforma marketing che supporta clienti nella creazione e gestione di campagne utilizzando landing page, pop up e funnel.","og_url":"https:\/\/www.accuratereviews.com\/it\/software-creare-landing-page\/landingi-recensione\/","og_site_name":"Accurate Reviews","article_modified_time":"2022-06-13T05:25:30+00:00","og_image":[{"width":225,"height":225,"url":"https:\/\/www.accuratereviews.com\/wp-content\/uploads\/2022\/06\/Landingi2.png","type":"image\/png"}],"twitter_card":"summary_large_image","twitter_misc":{"Tempo di lettura stimato":"3 minuti"},"schema":{"@context":"https:\/\/schema.org","@graph":[{"@type":"WebPage","@id":"https:\/\/www.accuratereviews.com\/it\/software-creare-landing-page\/landingi-recensione\/","url":"https:\/\/www.accuratereviews.com\/it\/software-creare-landing-page\/landingi-recensione\/","name":"Landingi: recensione software creazione landing page - Accurate Reviews","isPartOf":{"@id":"https:\/\/www.accuratereviews.com\/it\/#website"},"primaryImageOfPage":{"@id":"https:\/\/www.accuratereviews.com\/it\/software-creare-landing-page\/landingi-recensione\/#primaryimage"},"image":{"@id":"https:\/\/www.accuratereviews.com\/it\/software-creare-landing-page\/landingi-recensione\/#primaryimage"},"thumbnailUrl":"https:\/\/www.accuratereviews.com\/wp-content\/uploads\/2022\/06\/Landingi2.png","datePublished":"2022-06-10T10:46:06+00:00","dateModified":"2022-06-13T05:25:30+00:00","description":"Landingi: recensione piattaforma marketing che supporta clienti nella creazione e gestione di campagne utilizzando landing page, pop up e funnel.","breadcrumb":{"@id":"https:\/\/www.accuratereviews.com\/it\/software-creare-landing-page\/landingi-recensione\/#breadcrumb"},"inLanguage":"it-IT","potentialAction":[{"@type":"ReadAction","target":["https:\/\/www.accuratereviews.com\/it\/software-creare-landing-page\/landingi-recensione\/"]}]},{"@type":"ImageObject","inLanguage":"it-IT","@id":"https:\/\/www.accuratereviews.com\/it\/software-creare-landing-page\/landingi-recensione\/#primaryimage","url":"https:\/\/www.accuratereviews.com\/wp-content\/uploads\/2022\/06\/Landingi2.png","contentUrl":"https:\/\/www.accuratereviews.com\/wp-content\/uploads\/2022\/06\/Landingi2.png","width":225,"height":225},{"@type":"BreadcrumbList","@id":"https:\/\/www.accuratereviews.com\/it\/software-creare-landing-page\/landingi-recensione\/#breadcrumb","itemListElement":[{"@type":"ListItem","position":1,"name":"Home","item":"https:\/\/www.accuratereviews.com\/it\/"},{"@type":"ListItem","position":2,"name":"Software per creare landing page","item":"https:\/\/www.accuratereviews.com\/it\/software-creare-landing-page\/"},{"@type":"ListItem","position":3,"name":"Landingi"}]},{"@type":"WebSite","@id":"https:\/\/www.accuratereviews.com\/it\/#website","url":"https:\/\/www.accuratereviews.com\/it\/","name":"Accurate Reviews","description":"","potentialAction":[{"@type":"SearchAction","target":{"@type":"EntryPoint","urlTemplate":"https:\/\/www.accuratereviews.com\/it\/?s={search_term_string}"},"query-input":{"@type":"PropertyValueSpecification","valueRequired":true,"valueName":"search_term_string"}}],"inLanguage":"it-IT"}]}},"_links":{"self":[{"href":"https:\/\/www.accuratereviews.com\/it\/wp-json\/wp\/v2\/pages\/58567","targetHints":{"allow":["GET"]}}],"collection":[{"href":"https:\/\/www.accuratereviews.com\/it\/wp-json\/wp\/v2\/pages"}],"about":[{"href":"https:\/\/www.accuratereviews.com\/it\/wp-json\/wp\/v2\/types\/page"}],"author":[{"embeddable":true,"href":"https:\/\/www.accuratereviews.com\/it\/wp-json\/wp\/v2\/users\/16"}],"replies":[{"embeddable":true,"href":"https:\/\/www.accuratereviews.com\/it\/wp-json\/wp\/v2\/comments?post=58567"}],"version-history":[{"count":9,"href":"https:\/\/www.accuratereviews.com\/it\/wp-json\/wp\/v2\/pages\/58567\/revisions"}],"predecessor-version":[{"id":58608,"href":"https:\/\/www.accuratereviews.com\/it\/wp-json\/wp\/v2\/pages\/58567\/revisions\/58608"}],"up":[{"embeddable":true,"href":"https:\/\/www.accuratereviews.com\/it\/wp-json\/wp\/v2\/pages\/58467"}],"wp:featuredmedia":[{"embeddable":true,"href":"https:\/\/www.accuratereviews.com\/it\/wp-json\/wp\/v2\/media\/58573"}],"wp:attachment":[{"href":"https:\/\/www.accuratereviews.com\/it\/wp-json\/wp\/v2\/media?parent=58567"}],"wp:term":[{"taxonomy":"category","embeddable":true,"href":"https:\/\/www.accuratereviews.com\/it\/wp-json\/wp\/v2\/categories?post=58567"},{"taxonomy":"post_tag","embeddable":true,"href":"https:\/\/www.accuratereviews.com\/it\/wp-json\/wp\/v2\/tags?post=58567"},{"taxonomy":"features","embeddable":true,"href":"https:\/\/www.accuratereviews.com\/it\/wp-json\/wp\/v2\/features?post=58567"}],"curies":[{"name":"wp","href":"https:\/\/api.w.org\/{rel}","templated":true}]}}