{"id":58590,"date":"2022-06-10T12:11:07","date_gmt":"2022-06-10T12:11:07","guid":{"rendered":"https:\/\/www.accuratereviews.com\/?page_id=58590"},"modified":"2022-06-10T12:11:07","modified_gmt":"2022-06-10T12:11:07","slug":"elementor-recensione","status":"publish","type":"page","link":"https:\/\/www.accuratereviews.com\/it\/software-creare-landing-page\/elementor-recensione\/","title":{"rendered":"Elementor"},"content":{"rendered":"<p><strong>Elementor<\/strong> \u00e8 un software per creare, gestire e ospitare il vostro sito web, che offre tutte le funzionalit\u00e0 di Elementor Pro, l&#8217;hosting e WordPress gi\u00e0 installato. Oltre ai siti web, si possono <strong>creare landing page<\/strong> in modo semplice e intuitivo e non \u00e8 necessaria alcuna competenza di codice poich\u00e9 userai solo il visual builder e l&#8217;editor drag &amp; drop. Inoltre, grazie alla libreria di modelli personalizzati e alle impostazioni globali di design, potrai personalizzare i tuoi progetti creando siti web professionali, landing page uniche e negozi ecommerce completi di tutto.<\/p>\n<h2>ELEMENTOR &#8211; TUTORIAL<\/h2>\n<div id=\"fluid-wrapper-counter-1\" class=\"g1-fluid-wrapper \" style=\"width:686px;\">\n<div style=\"padding-bottom:56.268221574344%;\"><iframe loading=\"lazy\" title=\"Come Creare Una Landing Page Con Elementor\" width=\"686\" height=\"386\" src=\"https:\/\/www.youtube.com\/embed\/S6ZnAZRsxmw?feature=oembed&amp;wmode=transparent&amp;autohide=1&amp;autoplay=0&amp;disablekb=0&amp;fs=1&amp;loop=0&amp;enablejsapi=1&amp;rel=0&amp;controls=2&amp;showinfo=0&amp;wmode=transparent&amp;autohide=2&amp;autoplay=0&amp;disablekb=0&amp;fs=1&amp;loop=0&amp;enablejsapi=1&amp;rel=0&amp;controls=2&amp;showinfo=1\" frameborder=\"0\" allow=\"accelerometer; autoplay; clipboard-write; encrypted-media; gyroscope; picture-in-picture\" allowfullscreen><\/iframe><\/div>\n<\/div>\n<h3>ELEMENTOR &#8211; CARATTERISTICHE<\/h3>\n<ul>\n<li><strong>Editor Drag &amp; Drop<\/strong>: trascina e rilascia qualsiasi widget sulla tua tela. Costruisci in modo intuitivo con un design perfetto al pixel senza scrivere una sola riga di codice<\/li>\n<li><strong>Modifica reattiva<\/strong>: adatta lo stile e il layout del tuo sito web a ogni schermo. Inclusi desktop, cellulari, tablet e altro ancora<\/li>\n<li><strong>Oltre 300 modelli creati da designer<\/strong>: scegli tra oltre 300 modelli creati da designer e adattali alle tue esigenze.\u00a0Aggiungi contenuti, personalizzali e falli tuoi<\/li>\n<li><strong>100+ Widget<\/strong>: sceglie tra una selezione crescente di widget per il design, il layout, le animazioni, il marketing e l&#8217;ecommerce, creati per soddisfare ogni tua esigenza<\/li>\n<li><strong>Live Editing<\/strong>: costruisci e personalizza ogni parte del tuo sito web in modo visuale e, mentre crei, guarda il tuo sito prendere vita<\/li>\n<li><strong>Impostazioni globali<\/strong>: assicura la coerenza del vostro sito web impostando stili globali, caratteri, colori e altro ancora, tutto da un&#8217;unica posizione.<\/li>\n<\/ul>\n<h4>LE RECENSIONI DEGLI UTENTI<\/h4>\n<p><strong>Daniele C. &#8220;Ottimo rapporto qualit\u00e0\/prezzo&#8221;<br \/>\n<\/strong><span class=\"font-weight-bold\">COMMENTI: c<\/span>onsigliato a tutti i principianti che vogliono costruire un sito web ma non hanno esperienza.<br \/>\nPRO: semplicit\u00e0 nel creare un sito web da 0 con WordPress in meno di 10 minuti grazie ai template gi\u00e0 impostati, \u00e8 molto facile implementare nuove sezioni e modificare il template del sito senza aver bisogno di sapere codici o altri linguaggi di programmazione<br \/>\nCONTRO: vorrei una selezione pi\u00f9 ampia dei template gi\u00e0 disponibili perch\u00e9 per certe occasioni non bastano e ne servirebbero altri<\/p>\n<p><strong>Mauro L. &#8220;Ottimo&#8221;<br \/>\n<\/strong><span class=\"font-weight-bold\">COMMENTI: g<\/span>lobalmente ho apprezzato Elementor, facilissimo da utilizzare e molti gli altri elementi che si possono integrare all&#8217;interno dei siti costruiti con esso<br \/>\nPRO: questo elemento di WordPress \u00e8 davvero straordinario, l&#8217;ho acquistato con un amico e lo utilizziamo per tutti i nostri siti, \u00e8 uno dei migliori builder<br \/>\nCONTRO: forse le tante opzioni che servono per fare determinate funzioni sono care a livello economico ma nel contesto \u00e8 un ottimo prodotto.<\/p>\n<p><strong>Francesco A. &#8220;Se non sei uno sviluppatore, ti salva la vita&#8221;<br \/>\n<\/strong><span class=\"font-weight-bold\">COMMENTI: l<\/span>o utilizzo molto spesso, ma solo se sono costretto. Preferisco demandare agli esperti<br \/>\nPRO: se non sei un webdesigner e non hai le competenze per creare pagine web da zero, Elementor ti render\u00e0 tutto pi\u00f9 facile.<br \/>\nCONTRO: purtroppo tende a creare pagine web molto pesanti, questo crea svantaggi in termini di caricamento ma anche di posizionamento sui motori di ricerca in ottica SEO.<\/p>\n","protected":false},"excerpt":{"rendered":"<p>Elementor \u00e8 un software per creare, gestire e ospitare il tuo sito web, che offre tutte le funzionalit\u00e0 di Elementor Pro, l&#8217;hosting e WordPress gi\u00e0 installato. Oltre ai siti web, si possono creare landing page in modo semplice e intuitivo e non \u00e8 necessaria alcuna competenza di codice\u00a0poich\u00e9 userai solo il visual builder e l&#8217;editor drag &#038; drop.<\/p>\n","protected":false},"author":17,"featured_media":58592,"parent":58467,"menu_order":0,"comment_status":"open","ping_status":"closed","template":"g1_template_page_review_new.php","meta":{"_acf_changed":false,"cwp_meta_box_check":"No","cwp_rev_product_name":"","cwp_rev_product_image":"","wppr_links":[],"cwp_rev_price":"","wppr_options":[],"wppr_pros":[],"wppr_cons":[],"_monsterinsights_skip_tracking":false,"_monsterinsights_sitenote_active":false,"_monsterinsights_sitenote_note":"","_monsterinsights_sitenote_category":0,"footnotes":""},"categories":[12754],"tags":[12760,12777,12759,12757,12756,12758],"features":[],"class_list":{"0":"post-58590","1":"page","2":"type-page","3":"status-publish","4":"has-post-thumbnail","6":"category-software-per-creare-landing-page-cat","7":"tag-app-per-creare-landing-page","8":"tag-creare-landing-page","9":"tag-piattaforma-per-creare-landing-page","10":"tag-programmi-per-creare-landing-page","11":"tag-software-per-creare-landing-page","12":"tag-soluzione-per-creare-landing-page"},"wppr_data":{"cwp_meta_box_check":"No"},"acf":[],"yoast_head":"<!-- This site is optimized with the Yoast SEO plugin v27.4 - https:\/\/yoast.com\/product\/yoast-seo-wordpress\/ -->\n<title>Elementor: software creare landing page - Accurate Reviews<\/title>\n<meta name=\"description\" content=\"Elementor: software per creare, gestire e ospitare il tuo sito web, che offre tutte le funzionalit\u00e0 per creare anche landing page uniche.\" \/>\n<meta name=\"robots\" content=\"index, follow, max-snippet:-1, max-image-preview:large, max-video-preview:-1\" \/>\n<link rel=\"canonical\" href=\"https:\/\/www.accuratereviews.com\/it\/software-creare-landing-page\/elementor-recensione\/\" \/>\n<meta property=\"og:locale\" content=\"it_IT\" \/>\n<meta property=\"og:type\" content=\"article\" \/>\n<meta property=\"og:title\" content=\"Elementor: software creare landing page - Accurate Reviews\" \/>\n<meta property=\"og:description\" content=\"Elementor: software per creare, gestire e ospitare il tuo sito web, che offre tutte le funzionalit\u00e0 per creare anche landing page uniche.\" \/>\n<meta property=\"og:url\" content=\"https:\/\/www.accuratereviews.com\/it\/software-creare-landing-page\/elementor-recensione\/\" \/>\n<meta property=\"og:site_name\" content=\"Accurate Reviews\" \/>\n<meta property=\"og:image\" content=\"https:\/\/www.accuratereviews.com\/wp-content\/uploads\/2022\/06\/Elementor-Logo-Full-Red.png\" \/>\n\t<meta property=\"og:image:width\" content=\"1601\" \/>\n\t<meta property=\"og:image:height\" content=\"320\" \/>\n\t<meta property=\"og:image:type\" content=\"image\/png\" \/>\n<meta name=\"twitter:card\" content=\"summary_large_image\" \/>\n<meta name=\"twitter:label1\" content=\"Tempo di lettura stimato\" \/>\n\t<meta name=\"twitter:data1\" content=\"3 minuti\" \/>\n<script type=\"application\/ld+json\" class=\"yoast-schema-graph\">{\"@context\":\"https:\\\/\\\/schema.org\",\"@graph\":[{\"@type\":\"WebPage\",\"@id\":\"https:\\\/\\\/www.accuratereviews.com\\\/it\\\/software-creare-landing-page\\\/elementor-recensione\\\/\",\"url\":\"https:\\\/\\\/www.accuratereviews.com\\\/it\\\/software-creare-landing-page\\\/elementor-recensione\\\/\",\"name\":\"Elementor: software creare landing page - Accurate Reviews\",\"isPartOf\":{\"@id\":\"https:\\\/\\\/www.accuratereviews.com\\\/it\\\/#website\"},\"primaryImageOfPage\":{\"@id\":\"https:\\\/\\\/www.accuratereviews.com\\\/it\\\/software-creare-landing-page\\\/elementor-recensione\\\/#primaryimage\"},\"image\":{\"@id\":\"https:\\\/\\\/www.accuratereviews.com\\\/it\\\/software-creare-landing-page\\\/elementor-recensione\\\/#primaryimage\"},\"thumbnailUrl\":\"https:\\\/\\\/www.accuratereviews.com\\\/wp-content\\\/uploads\\\/2022\\\/06\\\/Elementor-Logo-Full-Red.png\",\"datePublished\":\"2022-06-10T12:11:07+00:00\",\"description\":\"Elementor: software per creare, gestire e ospitare il tuo sito web, che offre tutte le funzionalit\u00e0 per creare anche landing page uniche.\",\"breadcrumb\":{\"@id\":\"https:\\\/\\\/www.accuratereviews.com\\\/it\\\/software-creare-landing-page\\\/elementor-recensione\\\/#breadcrumb\"},\"inLanguage\":\"it-IT\",\"potentialAction\":[{\"@type\":\"ReadAction\",\"target\":[\"https:\\\/\\\/www.accuratereviews.com\\\/it\\\/software-creare-landing-page\\\/elementor-recensione\\\/\"]}]},{\"@type\":\"ImageObject\",\"inLanguage\":\"it-IT\",\"@id\":\"https:\\\/\\\/www.accuratereviews.com\\\/it\\\/software-creare-landing-page\\\/elementor-recensione\\\/#primaryimage\",\"url\":\"https:\\\/\\\/www.accuratereviews.com\\\/wp-content\\\/uploads\\\/2022\\\/06\\\/Elementor-Logo-Full-Red.png\",\"contentUrl\":\"https:\\\/\\\/www.accuratereviews.com\\\/wp-content\\\/uploads\\\/2022\\\/06\\\/Elementor-Logo-Full-Red.png\",\"width\":1601,\"height\":320},{\"@type\":\"BreadcrumbList\",\"@id\":\"https:\\\/\\\/www.accuratereviews.com\\\/it\\\/software-creare-landing-page\\\/elementor-recensione\\\/#breadcrumb\",\"itemListElement\":[{\"@type\":\"ListItem\",\"position\":1,\"name\":\"Home\",\"item\":\"https:\\\/\\\/www.accuratereviews.com\\\/it\\\/\"},{\"@type\":\"ListItem\",\"position\":2,\"name\":\"Software per creare landing page\",\"item\":\"https:\\\/\\\/www.accuratereviews.com\\\/it\\\/software-creare-landing-page\\\/\"},{\"@type\":\"ListItem\",\"position\":3,\"name\":\"Elementor\"}]},{\"@type\":\"WebSite\",\"@id\":\"https:\\\/\\\/www.accuratereviews.com\\\/it\\\/#website\",\"url\":\"https:\\\/\\\/www.accuratereviews.com\\\/it\\\/\",\"name\":\"Accurate Reviews\",\"description\":\"\",\"potentialAction\":[{\"@type\":\"SearchAction\",\"target\":{\"@type\":\"EntryPoint\",\"urlTemplate\":\"https:\\\/\\\/www.accuratereviews.com\\\/it\\\/?s={search_term_string}\"},\"query-input\":{\"@type\":\"PropertyValueSpecification\",\"valueRequired\":true,\"valueName\":\"search_term_string\"}}],\"inLanguage\":\"it-IT\"}]}<\/script>\n<!-- \/ Yoast SEO plugin. -->","yoast_head_json":{"title":"Elementor: software creare landing page - Accurate Reviews","description":"Elementor: software per creare, gestire e ospitare il tuo sito web, che offre tutte le funzionalit\u00e0 per creare anche landing page uniche.","robots":{"index":"index","follow":"follow","max-snippet":"max-snippet:-1","max-image-preview":"max-image-preview:large","max-video-preview":"max-video-preview:-1"},"canonical":"https:\/\/www.accuratereviews.com\/it\/software-creare-landing-page\/elementor-recensione\/","og_locale":"it_IT","og_type":"article","og_title":"Elementor: software creare landing page - Accurate Reviews","og_description":"Elementor: software per creare, gestire e ospitare il tuo sito web, che offre tutte le funzionalit\u00e0 per creare anche landing page uniche.","og_url":"https:\/\/www.accuratereviews.com\/it\/software-creare-landing-page\/elementor-recensione\/","og_site_name":"Accurate Reviews","og_image":[{"width":1601,"height":320,"url":"https:\/\/www.accuratereviews.com\/wp-content\/uploads\/2022\/06\/Elementor-Logo-Full-Red.png","type":"image\/png"}],"twitter_card":"summary_large_image","twitter_misc":{"Tempo di lettura stimato":"3 minuti"},"schema":{"@context":"https:\/\/schema.org","@graph":[{"@type":"WebPage","@id":"https:\/\/www.accuratereviews.com\/it\/software-creare-landing-page\/elementor-recensione\/","url":"https:\/\/www.accuratereviews.com\/it\/software-creare-landing-page\/elementor-recensione\/","name":"Elementor: software creare landing page - Accurate Reviews","isPartOf":{"@id":"https:\/\/www.accuratereviews.com\/it\/#website"},"primaryImageOfPage":{"@id":"https:\/\/www.accuratereviews.com\/it\/software-creare-landing-page\/elementor-recensione\/#primaryimage"},"image":{"@id":"https:\/\/www.accuratereviews.com\/it\/software-creare-landing-page\/elementor-recensione\/#primaryimage"},"thumbnailUrl":"https:\/\/www.accuratereviews.com\/wp-content\/uploads\/2022\/06\/Elementor-Logo-Full-Red.png","datePublished":"2022-06-10T12:11:07+00:00","description":"Elementor: software per creare, gestire e ospitare il tuo sito web, che offre tutte le funzionalit\u00e0 per creare anche landing page uniche.","breadcrumb":{"@id":"https:\/\/www.accuratereviews.com\/it\/software-creare-landing-page\/elementor-recensione\/#breadcrumb"},"inLanguage":"it-IT","potentialAction":[{"@type":"ReadAction","target":["https:\/\/www.accuratereviews.com\/it\/software-creare-landing-page\/elementor-recensione\/"]}]},{"@type":"ImageObject","inLanguage":"it-IT","@id":"https:\/\/www.accuratereviews.com\/it\/software-creare-landing-page\/elementor-recensione\/#primaryimage","url":"https:\/\/www.accuratereviews.com\/wp-content\/uploads\/2022\/06\/Elementor-Logo-Full-Red.png","contentUrl":"https:\/\/www.accuratereviews.com\/wp-content\/uploads\/2022\/06\/Elementor-Logo-Full-Red.png","width":1601,"height":320},{"@type":"BreadcrumbList","@id":"https:\/\/www.accuratereviews.com\/it\/software-creare-landing-page\/elementor-recensione\/#breadcrumb","itemListElement":[{"@type":"ListItem","position":1,"name":"Home","item":"https:\/\/www.accuratereviews.com\/it\/"},{"@type":"ListItem","position":2,"name":"Software per creare landing page","item":"https:\/\/www.accuratereviews.com\/it\/software-creare-landing-page\/"},{"@type":"ListItem","position":3,"name":"Elementor"}]},{"@type":"WebSite","@id":"https:\/\/www.accuratereviews.com\/it\/#website","url":"https:\/\/www.accuratereviews.com\/it\/","name":"Accurate Reviews","description":"","potentialAction":[{"@type":"SearchAction","target":{"@type":"EntryPoint","urlTemplate":"https:\/\/www.accuratereviews.com\/it\/?s={search_term_string}"},"query-input":{"@type":"PropertyValueSpecification","valueRequired":true,"valueName":"search_term_string"}}],"inLanguage":"it-IT"}]}},"_links":{"self":[{"href":"https:\/\/www.accuratereviews.com\/it\/wp-json\/wp\/v2\/pages\/58590","targetHints":{"allow":["GET"]}}],"collection":[{"href":"https:\/\/www.accuratereviews.com\/it\/wp-json\/wp\/v2\/pages"}],"about":[{"href":"https:\/\/www.accuratereviews.com\/it\/wp-json\/wp\/v2\/types\/page"}],"author":[{"embeddable":true,"href":"https:\/\/www.accuratereviews.com\/it\/wp-json\/wp\/v2\/users\/17"}],"replies":[{"embeddable":true,"href":"https:\/\/www.accuratereviews.com\/it\/wp-json\/wp\/v2\/comments?post=58590"}],"version-history":[{"count":6,"href":"https:\/\/www.accuratereviews.com\/it\/wp-json\/wp\/v2\/pages\/58590\/revisions"}],"predecessor-version":[{"id":58617,"href":"https:\/\/www.accuratereviews.com\/it\/wp-json\/wp\/v2\/pages\/58590\/revisions\/58617"}],"up":[{"embeddable":true,"href":"https:\/\/www.accuratereviews.com\/it\/wp-json\/wp\/v2\/pages\/58467"}],"wp:featuredmedia":[{"embeddable":true,"href":"https:\/\/www.accuratereviews.com\/it\/wp-json\/wp\/v2\/media\/58592"}],"wp:attachment":[{"href":"https:\/\/www.accuratereviews.com\/it\/wp-json\/wp\/v2\/media?parent=58590"}],"wp:term":[{"taxonomy":"category","embeddable":true,"href":"https:\/\/www.accuratereviews.com\/it\/wp-json\/wp\/v2\/categories?post=58590"},{"taxonomy":"post_tag","embeddable":true,"href":"https:\/\/www.accuratereviews.com\/it\/wp-json\/wp\/v2\/tags?post=58590"},{"taxonomy":"features","embeddable":true,"href":"https:\/\/www.accuratereviews.com\/it\/wp-json\/wp\/v2\/features?post=58590"}],"curies":[{"name":"wp","href":"https:\/\/api.w.org\/{rel}","templated":true}]}}