{"id":58648,"date":"2022-06-13T10:28:34","date_gmt":"2022-06-13T10:28:34","guid":{"rendered":"https:\/\/www.accuratereviews.com\/?page_id=58648"},"modified":"2022-06-13T10:28:34","modified_gmt":"2022-06-13T10:28:34","slug":"bigmarker-recensione","status":"publish","type":"page","link":"https:\/\/www.accuratereviews.com\/it\/software-creare-landing-page\/bigmarker-recensione\/","title":{"rendered":"BigMarker"},"content":{"rendered":"<p><strong>BigMarker<\/strong> \u00e8 uno <strong>strumento di marketing<\/strong> e hosting di webinar basato sul <strong>cloud.<\/strong>\u00a0I moduli e le funzionalit\u00e0 chiave includono webinar automatizzati, <strong>landing page<\/strong>, chat, sondaggi, dispense, registrazione, sale riunioni, analisi e reportistica. Gli utenti possono anche personalizzare le pagine con i propri loghi e temi di colore. Le landing page sono compatibili con dispositivi mobili e tablet. Inoltre, i responsabili del marketing possono creare campagne email e campagne sui social media per potenziali clienti. Il suo modulo di analisi consente agli utenti di creare visualizzazioni di dati e visualizzare metriche delle prestazioni in tempo reale. Il modulo delle pagine di destinazione di <strong>BigMarker<\/strong> consente ai professionisti di creare pagine di destinazione personalizzate utilizzando i modelli.\u00a0Il supporto viene fornito tramite un portale online, email e telefono.<\/p>\n<h2>BIGMARKER &#8211; TUTORIAL<\/h2>\n<p>Il video mostra le principali funzioni di questo<strong> software per creare landing page<\/strong>:<\/p>\n<div id=\"fluid-wrapper-counter-1\" class=\"g1-fluid-wrapper \" style=\"width:686px;\">\n<div style=\"padding-bottom:56.268221574344%;\"><iframe loading=\"lazy\" title=\"BigMarker Review: This is Why Professional Webinar Marketers Love it\" width=\"686\" height=\"386\" src=\"https:\/\/www.youtube.com\/embed\/J9XOnNzVTaU?feature=oembed&amp;wmode=transparent&amp;autohide=1&amp;autoplay=0&amp;disablekb=0&amp;fs=1&amp;loop=0&amp;enablejsapi=1&amp;rel=0&amp;controls=2&amp;showinfo=0&amp;wmode=transparent&amp;autohide=2&amp;autoplay=0&amp;disablekb=0&amp;fs=1&amp;loop=0&amp;enablejsapi=1&amp;rel=0&amp;controls=2&amp;showinfo=1\" frameborder=\"0\" allow=\"accelerometer; autoplay; clipboard-write; encrypted-media; gyroscope; picture-in-picture\" allowfullscreen><\/iframe><\/div>\n<\/div>\n<h3>BIGMARKER &#8211; CARATTERISTICHE<\/h3>\n<ul>\n<li><strong>Ospita eventi virtuali che si distinguono dalla massa<\/strong>: i marchi e le agenzie leader a livello mondiale si affidano alla soluzione per creare esperienze di eventi virtuali davvero uniche nel loro genere<\/li>\n<li><strong>Delizia il tuo pubblico con eventi ibridi premium<\/strong>: registrazione unificata per i partecipanti virtuali e in loco. Una piattaforma virtuale leader di categoria, la stampa di badge su richiesta e una nuova versione dell&#8217;app mobile dell&#8217;evento. Il tutto fornito in un pacchetto plug-and-play personalizzabile<\/li>\n<li><strong>Un kit completo di strumenti tecnologici per eventi di livello<\/strong>: stupisci il tuo pubblico con una deliziosa esperienza di eventi in prima persona digitale, alimentata dalla piattaforma pi\u00f9 personalizzabile al mondo<\/li>\n<li><strong>Genera pipeline velocemente con la piattaforma di eventi digitali progettata per la crescita<\/strong>: crea, coltiva e converti pi\u00f9 lead con webinar e contenuti video coinvolgenti. Qualifica i potenziali clienti in modo accurato. Integra perfettamente il tuo CRM e il tuo stack di marketing<\/li>\n<li><strong>Crea nuovi flussi di entrate con la monetizzazione degli eventi:<\/strong> dai biglietti, abbonamenti, sponsorizzazioni, il software ti offre gli strumenti di cui hai bisogno per monetizzare i tuoi contenuti e la tua community<\/li>\n<li><strong>Lancia la tua piattaforma di community online<\/strong>: costruisci una rete professionale pubblica o privata esclusiva per il tuo pubblico, base di clienti o gruppo industriale<\/li>\n<li><strong>Crea video live personalizzati ed esperienze di eventi:<\/strong>\u00a0genera esperienze di contenuto interattive personalizzate, collaborando con un team che ha aperto la strada ai video dal vivo sul web nel 2010.<\/li>\n<\/ul>\n<h4>LE RECENSIONI DEGLI UTENTI<\/h4>\n<p><strong>Jude C.&#8221;Ottimo per webinar, riunioni online e registrazione di podcast&#8221;<\/strong><\/p>\n<p class=\"font-weight-bold mb-2\"><strong>Pro<\/strong>:\u00a0\u00c8 una piattaforma piuttosto potente con molte funzionalit\u00e0. Lo usiamo per una serie di cose tra cui webinar, riunioni online e registrazione di podcast. Anche il loro supporto \u00e8 eccezionale. \u00c8 fantastico che si integri con Hubspot.<\/p>\n<p class=\"font-weight-bold mb-2\"><strong>Contro<\/strong>:\u00a0I modelli di progettazione quando crei webinar potrebbero essere migliorati. Devi anche utilizzare pi\u00f9 rapporti immagine diversi invece di uno solo se desideri condividere su Facebook o altre piattaforme. Sarebbe pi\u00f9 facile se caricassi solo un&#8217;immagine e la regolassi per tutte le piattaforme e le visualizzazioni.<\/p>\n<p class=\"font-weight-bold mb-2\"><strong>Daniel R.&#8221;Grandi funzionalit\u00e0, grande portata, BigMarker per eventi virtuali e webinar&#8221;<\/strong><\/p>\n<p><span class=\"font-weight-bold\"><strong>Commenti<\/strong>: <\/span>Nel complesso molto soddisfatto di BigMarker, \u00e8 stato un investimento costoso, ma ne \u00e8 valsa la pena a lungo termine.<\/p>\n<p class=\"font-weight-bold mb-2\"><strong>Pro<\/strong>:\u00a0La quantit\u00e0 di funzionalit\u00e0 e lo sviluppo continuo con BigMarker \u00e8 leader del settore. Mi piace la flessibilit\u00e0 di scegliere eventi evergreen, ricorrenti e singoli. E il fatto che i partecipanti non debbano scaricare alcun software e partecipare tramite il proprio browser \u00e8 un vincitore.<\/p>\n<p class=\"font-weight-bold mb-2\"><strong>Contro<\/strong>:\u00a0Solo la densit\u00e0 e lo sviluppo ricchi di funzionalit\u00e0 possono renderlo un po&#8217; opprimente all&#8217;inizio. Sarebbe bello avere un&#8217;opzione di configurazione semplice o funzionalit\u00e0 completa durante il processo di creazione uniforme.<\/p>\n<p class=\"font-weight-bold mb-2\"><strong>Elizabeth H.&#8221;Ha tutti i promemoria e i suoni giusti&#8221;<\/strong><\/p>\n<p class=\"font-weight-bold mb-2\"><strong>Pro<\/strong>:\u00a0Tutto ci\u00f2 di cui potrei aver bisogno \u00e8 disponibile, comprese le cose di cui non sapevo di aver bisogno. Pagina di destinazione, promemoria email, trascrizioni, popup promozionali e altro ancora. Big Marker ha molte integrazioni, quindi \u00e8 facile connettersi ai miei sistemi di posta elettronica e il servizio clienti \u00e8 straordinario. Fanno il possibile per aiutare.<\/p>\n<p class=\"font-weight-bold mb-2\"><strong>Contro<\/strong>:\u00a0Pu\u00f2 richiedere tempo per imparare e configurare, non \u00e8 una piattaforma semplice per me. Ma duplico semplicemente i miei webinar e cambio titoli, immagini ed email, il che rende le cose molto pi\u00f9 semplici.<\/p>\n","protected":false},"excerpt":{"rendered":"<p>BigMarker \u00e8 uno strumento di marketing e hosting di webinar basato sul cloud.\u00a0I moduli e le funzionalit\u00e0 chiave includono webinar automatizzati, landing page, chat, sondaggi, dispense, registrazione, sale riunioni, analisi e reportistica.\u00a0Gli utenti possono anche personalizzare le pagine con i propri loghi e temi di colore.<\/p>\n","protected":false},"author":16,"featured_media":58649,"parent":58467,"menu_order":0,"comment_status":"open","ping_status":"closed","template":"g1_template_page_review_new.php","meta":{"_acf_changed":false,"cwp_meta_box_check":"No","cwp_rev_product_name":"","cwp_rev_product_image":"","wppr_links":[],"cwp_rev_price":"","wppr_options":[],"wppr_pros":[],"wppr_cons":[],"_monsterinsights_skip_tracking":false,"_monsterinsights_sitenote_active":false,"_monsterinsights_sitenote_note":"","_monsterinsights_sitenote_category":0,"footnotes":""},"categories":[12754],"tags":[12807,12777,12778,12759,12776,12756,12758],"features":[],"class_list":{"0":"post-58648","1":"page","2":"type-page","3":"status-publish","4":"has-post-thumbnail","6":"category-software-per-creare-landing-page-cat","7":"tag-bigmarker","8":"tag-creare-landing-page","9":"tag-landing-page","10":"tag-piattaforma-per-creare-landing-page","11":"tag-programma-per-creare-landing-page","12":"tag-software-per-creare-landing-page","13":"tag-soluzione-per-creare-landing-page"},"wppr_data":{"cwp_meta_box_check":"No"},"acf":[],"yoast_head":"<!-- This site is optimized with the Yoast SEO plugin v27.4 - https:\/\/yoast.com\/product\/yoast-seo-wordpress\/ -->\n<title>BigMarker: recensione software creazione landing page Accurate Reviews<\/title>\n<meta name=\"description\" content=\"BigMarker: recensione strumento di marketing con funzionalit\u00e0 chiave che includono webinar automatizzati, landing page, chat, sondaggi, dispense ecc.\" \/>\n<meta name=\"robots\" content=\"index, follow, max-snippet:-1, max-image-preview:large, max-video-preview:-1\" \/>\n<link rel=\"canonical\" href=\"https:\/\/www.accuratereviews.com\/it\/software-creare-landing-page\/bigmarker-recensione\/\" \/>\n<meta property=\"og:locale\" content=\"it_IT\" \/>\n<meta property=\"og:type\" content=\"article\" \/>\n<meta property=\"og:title\" content=\"BigMarker: recensione software creazione landing page Accurate Reviews\" \/>\n<meta property=\"og:description\" content=\"BigMarker: recensione strumento di marketing con funzionalit\u00e0 chiave che includono webinar automatizzati, landing page, chat, sondaggi, dispense ecc.\" \/>\n<meta property=\"og:url\" content=\"https:\/\/www.accuratereviews.com\/it\/software-creare-landing-page\/bigmarker-recensione\/\" \/>\n<meta property=\"og:site_name\" content=\"Accurate Reviews\" \/>\n<meta property=\"og:image\" content=\"https:\/\/www.accuratereviews.com\/wp-content\/uploads\/2022\/06\/BigMarker.jpeg\" \/>\n\t<meta property=\"og:image:width\" content=\"866\" \/>\n\t<meta property=\"og:image:height\" content=\"650\" \/>\n\t<meta property=\"og:image:type\" content=\"image\/jpeg\" \/>\n<meta name=\"twitter:card\" content=\"summary_large_image\" \/>\n<meta name=\"twitter:label1\" content=\"Tempo di lettura stimato\" \/>\n\t<meta name=\"twitter:data1\" content=\"4 minuti\" \/>\n<script type=\"application\/ld+json\" class=\"yoast-schema-graph\">{\"@context\":\"https:\\\/\\\/schema.org\",\"@graph\":[{\"@type\":\"WebPage\",\"@id\":\"https:\\\/\\\/www.accuratereviews.com\\\/it\\\/software-creare-landing-page\\\/bigmarker-recensione\\\/\",\"url\":\"https:\\\/\\\/www.accuratereviews.com\\\/it\\\/software-creare-landing-page\\\/bigmarker-recensione\\\/\",\"name\":\"BigMarker: recensione software creazione landing page Accurate Reviews\",\"isPartOf\":{\"@id\":\"https:\\\/\\\/www.accuratereviews.com\\\/it\\\/#website\"},\"primaryImageOfPage\":{\"@id\":\"https:\\\/\\\/www.accuratereviews.com\\\/it\\\/software-creare-landing-page\\\/bigmarker-recensione\\\/#primaryimage\"},\"image\":{\"@id\":\"https:\\\/\\\/www.accuratereviews.com\\\/it\\\/software-creare-landing-page\\\/bigmarker-recensione\\\/#primaryimage\"},\"thumbnailUrl\":\"https:\\\/\\\/www.accuratereviews.com\\\/wp-content\\\/uploads\\\/2022\\\/06\\\/BigMarker.jpeg\",\"datePublished\":\"2022-06-13T10:28:34+00:00\",\"description\":\"BigMarker: recensione strumento di marketing con funzionalit\u00e0 chiave che includono webinar automatizzati, landing page, chat, sondaggi, dispense ecc.\",\"breadcrumb\":{\"@id\":\"https:\\\/\\\/www.accuratereviews.com\\\/it\\\/software-creare-landing-page\\\/bigmarker-recensione\\\/#breadcrumb\"},\"inLanguage\":\"it-IT\",\"potentialAction\":[{\"@type\":\"ReadAction\",\"target\":[\"https:\\\/\\\/www.accuratereviews.com\\\/it\\\/software-creare-landing-page\\\/bigmarker-recensione\\\/\"]}]},{\"@type\":\"ImageObject\",\"inLanguage\":\"it-IT\",\"@id\":\"https:\\\/\\\/www.accuratereviews.com\\\/it\\\/software-creare-landing-page\\\/bigmarker-recensione\\\/#primaryimage\",\"url\":\"https:\\\/\\\/www.accuratereviews.com\\\/wp-content\\\/uploads\\\/2022\\\/06\\\/BigMarker.jpeg\",\"contentUrl\":\"https:\\\/\\\/www.accuratereviews.com\\\/wp-content\\\/uploads\\\/2022\\\/06\\\/BigMarker.jpeg\",\"width\":866,\"height\":650},{\"@type\":\"BreadcrumbList\",\"@id\":\"https:\\\/\\\/www.accuratereviews.com\\\/it\\\/software-creare-landing-page\\\/bigmarker-recensione\\\/#breadcrumb\",\"itemListElement\":[{\"@type\":\"ListItem\",\"position\":1,\"name\":\"Home\",\"item\":\"https:\\\/\\\/www.accuratereviews.com\\\/it\\\/\"},{\"@type\":\"ListItem\",\"position\":2,\"name\":\"Software per creare landing page\",\"item\":\"https:\\\/\\\/www.accuratereviews.com\\\/it\\\/software-creare-landing-page\\\/\"},{\"@type\":\"ListItem\",\"position\":3,\"name\":\"BigMarker\"}]},{\"@type\":\"WebSite\",\"@id\":\"https:\\\/\\\/www.accuratereviews.com\\\/it\\\/#website\",\"url\":\"https:\\\/\\\/www.accuratereviews.com\\\/it\\\/\",\"name\":\"Accurate Reviews\",\"description\":\"\",\"potentialAction\":[{\"@type\":\"SearchAction\",\"target\":{\"@type\":\"EntryPoint\",\"urlTemplate\":\"https:\\\/\\\/www.accuratereviews.com\\\/it\\\/?s={search_term_string}\"},\"query-input\":{\"@type\":\"PropertyValueSpecification\",\"valueRequired\":true,\"valueName\":\"search_term_string\"}}],\"inLanguage\":\"it-IT\"}]}<\/script>\n<!-- \/ Yoast SEO plugin. -->","yoast_head_json":{"title":"BigMarker: recensione software creazione landing page Accurate Reviews","description":"BigMarker: recensione strumento di marketing con funzionalit\u00e0 chiave che includono webinar automatizzati, landing page, chat, sondaggi, dispense ecc.","robots":{"index":"index","follow":"follow","max-snippet":"max-snippet:-1","max-image-preview":"max-image-preview:large","max-video-preview":"max-video-preview:-1"},"canonical":"https:\/\/www.accuratereviews.com\/it\/software-creare-landing-page\/bigmarker-recensione\/","og_locale":"it_IT","og_type":"article","og_title":"BigMarker: recensione software creazione landing page Accurate Reviews","og_description":"BigMarker: recensione strumento di marketing con funzionalit\u00e0 chiave che includono webinar automatizzati, landing page, chat, sondaggi, dispense ecc.","og_url":"https:\/\/www.accuratereviews.com\/it\/software-creare-landing-page\/bigmarker-recensione\/","og_site_name":"Accurate Reviews","og_image":[{"width":866,"height":650,"url":"https:\/\/www.accuratereviews.com\/wp-content\/uploads\/2022\/06\/BigMarker.jpeg","type":"image\/jpeg"}],"twitter_card":"summary_large_image","twitter_misc":{"Tempo di lettura stimato":"4 minuti"},"schema":{"@context":"https:\/\/schema.org","@graph":[{"@type":"WebPage","@id":"https:\/\/www.accuratereviews.com\/it\/software-creare-landing-page\/bigmarker-recensione\/","url":"https:\/\/www.accuratereviews.com\/it\/software-creare-landing-page\/bigmarker-recensione\/","name":"BigMarker: recensione software creazione landing page Accurate Reviews","isPartOf":{"@id":"https:\/\/www.accuratereviews.com\/it\/#website"},"primaryImageOfPage":{"@id":"https:\/\/www.accuratereviews.com\/it\/software-creare-landing-page\/bigmarker-recensione\/#primaryimage"},"image":{"@id":"https:\/\/www.accuratereviews.com\/it\/software-creare-landing-page\/bigmarker-recensione\/#primaryimage"},"thumbnailUrl":"https:\/\/www.accuratereviews.com\/wp-content\/uploads\/2022\/06\/BigMarker.jpeg","datePublished":"2022-06-13T10:28:34+00:00","description":"BigMarker: recensione strumento di marketing con funzionalit\u00e0 chiave che includono webinar automatizzati, landing page, chat, sondaggi, dispense ecc.","breadcrumb":{"@id":"https:\/\/www.accuratereviews.com\/it\/software-creare-landing-page\/bigmarker-recensione\/#breadcrumb"},"inLanguage":"it-IT","potentialAction":[{"@type":"ReadAction","target":["https:\/\/www.accuratereviews.com\/it\/software-creare-landing-page\/bigmarker-recensione\/"]}]},{"@type":"ImageObject","inLanguage":"it-IT","@id":"https:\/\/www.accuratereviews.com\/it\/software-creare-landing-page\/bigmarker-recensione\/#primaryimage","url":"https:\/\/www.accuratereviews.com\/wp-content\/uploads\/2022\/06\/BigMarker.jpeg","contentUrl":"https:\/\/www.accuratereviews.com\/wp-content\/uploads\/2022\/06\/BigMarker.jpeg","width":866,"height":650},{"@type":"BreadcrumbList","@id":"https:\/\/www.accuratereviews.com\/it\/software-creare-landing-page\/bigmarker-recensione\/#breadcrumb","itemListElement":[{"@type":"ListItem","position":1,"name":"Home","item":"https:\/\/www.accuratereviews.com\/it\/"},{"@type":"ListItem","position":2,"name":"Software per creare landing page","item":"https:\/\/www.accuratereviews.com\/it\/software-creare-landing-page\/"},{"@type":"ListItem","position":3,"name":"BigMarker"}]},{"@type":"WebSite","@id":"https:\/\/www.accuratereviews.com\/it\/#website","url":"https:\/\/www.accuratereviews.com\/it\/","name":"Accurate Reviews","description":"","potentialAction":[{"@type":"SearchAction","target":{"@type":"EntryPoint","urlTemplate":"https:\/\/www.accuratereviews.com\/it\/?s={search_term_string}"},"query-input":{"@type":"PropertyValueSpecification","valueRequired":true,"valueName":"search_term_string"}}],"inLanguage":"it-IT"}]}},"_links":{"self":[{"href":"https:\/\/www.accuratereviews.com\/it\/wp-json\/wp\/v2\/pages\/58648","targetHints":{"allow":["GET"]}}],"collection":[{"href":"https:\/\/www.accuratereviews.com\/it\/wp-json\/wp\/v2\/pages"}],"about":[{"href":"https:\/\/www.accuratereviews.com\/it\/wp-json\/wp\/v2\/types\/page"}],"author":[{"embeddable":true,"href":"https:\/\/www.accuratereviews.com\/it\/wp-json\/wp\/v2\/users\/16"}],"replies":[{"embeddable":true,"href":"https:\/\/www.accuratereviews.com\/it\/wp-json\/wp\/v2\/comments?post=58648"}],"version-history":[{"count":10,"href":"https:\/\/www.accuratereviews.com\/it\/wp-json\/wp\/v2\/pages\/58648\/revisions"}],"predecessor-version":[{"id":58682,"href":"https:\/\/www.accuratereviews.com\/it\/wp-json\/wp\/v2\/pages\/58648\/revisions\/58682"}],"up":[{"embeddable":true,"href":"https:\/\/www.accuratereviews.com\/it\/wp-json\/wp\/v2\/pages\/58467"}],"wp:featuredmedia":[{"embeddable":true,"href":"https:\/\/www.accuratereviews.com\/it\/wp-json\/wp\/v2\/media\/58649"}],"wp:attachment":[{"href":"https:\/\/www.accuratereviews.com\/it\/wp-json\/wp\/v2\/media?parent=58648"}],"wp:term":[{"taxonomy":"category","embeddable":true,"href":"https:\/\/www.accuratereviews.com\/it\/wp-json\/wp\/v2\/categories?post=58648"},{"taxonomy":"post_tag","embeddable":true,"href":"https:\/\/www.accuratereviews.com\/it\/wp-json\/wp\/v2\/tags?post=58648"},{"taxonomy":"features","embeddable":true,"href":"https:\/\/www.accuratereviews.com\/it\/wp-json\/wp\/v2\/features?post=58648"}],"curies":[{"name":"wp","href":"https:\/\/api.w.org\/{rel}","templated":true}]}}