{"id":58655,"date":"2022-06-13T10:25:06","date_gmt":"2022-06-13T10:25:06","guid":{"rendered":"https:\/\/www.accuratereviews.com\/?page_id=58655"},"modified":"2022-06-13T10:27:25","modified_gmt":"2022-06-13T10:27:25","slug":"engagebay-recensione","status":"publish","type":"page","link":"https:\/\/www.accuratereviews.com\/it\/software-creare-landing-page\/engagebay-recensione\/","title":{"rendered":"EngageBay"},"content":{"rendered":"<p><strong>EngageBay<\/strong> \u00e8 un <strong>software di marketing all-in-one<\/strong> che combina lead generation, email marketing, automazione del marketing, CRM e coinvolgimento dei social media. Progettato per aiutare le aziende ad acquisire, coinvolgere, coltivare e chiudere lead, il programma consente agli utenti di creare campagne email e automatizzare i processi di marketing e le canalizzazioni di vendita. La piattaforma basata su <strong>cloud<\/strong> pu\u00f2 essere utilizzata per favorire la crescita dei lead, la creazione e l&#8217;automazione della distribuzione di contenuti di email marketing e la gestione delle relazioni con i clienti utilizzando il CRM integrato.\u00a0Immagini personalizzate, testo, layout, pulsanti di condivisione e altro possono essere aggiunti ai modelli di email marketing per creare un messaggio personalizzato per coinvolgere clienti nuovi o esistenti. <strong>EngageBay<\/strong> facilita la segmentazione dei clienti, definita da metriche condizionali come et\u00e0, posizione, tipo di cliente, cronologia degli acquisti e altro, al fine di indirizzare sottoinsiemi specifici di utenti.<\/p>\n<h2>ENGAGEBAY &#8211; TUTORIAL<\/h2>\n<p>Guardiamo insieme la demo di questo <strong>software per creare landing page<\/strong>:<\/p>\n<div id=\"fluid-wrapper-counter-1\" class=\"g1-fluid-wrapper \" style=\"width:686px;\">\n<div style=\"padding-bottom:56.268221574344%;\"><iframe loading=\"lazy\" title=\"EngageBay Product Demo | All-in-one Marketing, Sales, Support CRM\" width=\"686\" height=\"386\" src=\"https:\/\/www.youtube.com\/embed\/5fAdDwlx5WY?feature=oembed&amp;wmode=transparent&amp;autohide=1&amp;autoplay=0&amp;disablekb=0&amp;fs=1&amp;loop=0&amp;enablejsapi=1&amp;rel=0&amp;controls=2&amp;showinfo=0&amp;wmode=transparent&amp;autohide=2&amp;autoplay=0&amp;disablekb=0&amp;fs=1&amp;loop=0&amp;enablejsapi=1&amp;rel=0&amp;controls=2&amp;showinfo=1\" frameborder=\"0\" allow=\"accelerometer; autoplay; clipboard-write; encrypted-media; gyroscope; picture-in-picture\" allowfullscreen><\/iframe><\/div>\n<\/div>\n<h3>ENGAGEBAY &#8211; CARATTERISTICHE<\/h3>\n<ul>\n<li><strong>Drag and drop designer<\/strong>: crea pagine di destinazione reattive utilizzando un designer drag and drop semplice. Scegli colori, caratteri ed elementi e stili che si adattano alle tue esigenze. Ogni elemento della pagina di destinazione \u00e8 personalizzabile, offrendo molta flessibilit\u00e0 e opzioni<\/li>\n<li><strong>Impostazioni SEO per la tua pagina di destinazione<\/strong>: imposta meta titolo, descrizione e parole chiave della tua pagina tramite la scheda Impostazioni. Puoi anche impostare un&#8217;azione evento quando un visitatore si iscrive<\/li>\n<li><strong>Monitora le prestazioni delle tue pagine di destinazione<\/strong>: una volta che le tue pagine di destinazione sono attive, puoi facilmente monitorare il loro rendimento. Vedrai le informazioni di base come il numero di visitatori, il numero di iscritti e altro ancora se imposti un modulo e il tasso di conversazione.<\/li>\n<\/ul>\n<h4>LE RECENSIONE DEGLI UTENTI<\/h4>\n<p class=\"font-weight-bold mb-2\"><strong>Hafizah S.&#8221;Tutto sotto lo stesso tetto&#8221;<\/strong><\/p>\n<p class=\"font-weight-bold mb-2\"><strong>Pro<\/strong>:\u00a0EngageBay copre tutte le esigenze aziendali, dalla gestione delle attivit\u00e0 alla piattaforma di assistenza clienti. Lo uso principalmente per collaborare a compiti e progetti. Viene fornito con un buon hub di comunicazione che ci consente di avere una connessione rapida e veloce tra di noi per discutere dell&#8217;attivit\u00e0 e del progetto.<\/p>\n<p class=\"font-weight-bold mb-2\"><strong>Contro<\/strong>:\u00a0Poich\u00e9 questo software \u00e8 ricco di funzionalit\u00e0, pu\u00f2 creare confusione utilizzarlo per la prima volta e scegliere lo strumento corretto di cui hai bisogno per eseguire l&#8217;obiettivo del progetto che hai pianificato. La guida manuale non \u00e8 troppo dettagliata e non molto utile per me.<\/p>\n<p class=\"font-weight-bold mb-2\"><strong>Steve P.&#8221;Grande valore e supporto!&#8221;<\/strong><\/p>\n<p><span class=\"font-weight-bold\"><strong>Commenti<\/strong>: <\/span>Molto utile e reattivo!<\/p>\n<p class=\"font-weight-bold mb-2\"><strong>Pro<\/strong>:\u00a0Ricco di funzionalit\u00e0 ma facile da usare. Quando mi imbatto in una domanda, la funzione di chat dal vivo \u00e8 stata eccellente. Meno costoso di altri sistemi che ho provato con meno limitazioni. Si integra e sincronizza bene con Stripe \/ Gmail.<strong>Contro<\/strong>:\u00a0Niente ancora non mi piace o potrei dire che mi piace di meno. Finora completamente soddisfatto.<\/p>\n","protected":false},"excerpt":{"rendered":"<p>EngageBay \u00e8 un software di marketing all-in-one che combina lead generation, email marketing, automazione del marketing, CRM e coinvolgimento dei social media. Progettato per aiutare le aziende ad acquisire, coinvolgere, coltivare e chiudere lead, il programma consente agli utenti di creare campagne email e automatizzare i processi di marketing e le canalizzazioni di vendita.<\/p>\n","protected":false},"author":16,"featured_media":58661,"parent":58467,"menu_order":0,"comment_status":"open","ping_status":"closed","template":"g1_template_page_review_new.php","meta":{"_acf_changed":false,"cwp_meta_box_check":"No","cwp_rev_product_name":"","cwp_rev_product_image":"","wppr_links":[],"cwp_rev_price":"","wppr_options":[],"wppr_pros":[],"wppr_cons":[],"_monsterinsights_skip_tracking":false,"_monsterinsights_sitenote_active":false,"_monsterinsights_sitenote_note":"","_monsterinsights_sitenote_category":0,"footnotes":""},"categories":[12754],"tags":[12808,12778,12759,12776,12756,12758],"features":[],"class_list":{"0":"post-58655","1":"page","2":"type-page","3":"status-publish","4":"has-post-thumbnail","6":"category-software-per-creare-landing-page-cat","7":"tag-engagebay","8":"tag-landing-page","9":"tag-piattaforma-per-creare-landing-page","10":"tag-programma-per-creare-landing-page","11":"tag-software-per-creare-landing-page","12":"tag-soluzione-per-creare-landing-page"},"wppr_data":{"cwp_meta_box_check":"No"},"acf":[],"yoast_head":"<!-- This site is optimized with the Yoast SEO plugin v27.4 - https:\/\/yoast.com\/product\/yoast-seo-wordpress\/ -->\n<title>EngageBay: recensione software creazione landing page<\/title>\n<meta name=\"description\" content=\"EngageBay: recensione software di marketing all-in-one che combina lead generation, email marketing, automazione del marketing, CRM e social media.\" \/>\n<meta name=\"robots\" content=\"index, follow, max-snippet:-1, max-image-preview:large, max-video-preview:-1\" \/>\n<link rel=\"canonical\" href=\"https:\/\/www.accuratereviews.com\/it\/software-creare-landing-page\/engagebay-recensione\/\" \/>\n<meta property=\"og:locale\" content=\"it_IT\" \/>\n<meta property=\"og:type\" content=\"article\" \/>\n<meta property=\"og:title\" content=\"EngageBay: recensione software creazione landing page\" \/>\n<meta property=\"og:description\" content=\"EngageBay: recensione software di marketing all-in-one che combina lead generation, email marketing, automazione del marketing, CRM e social media.\" \/>\n<meta property=\"og:url\" content=\"https:\/\/www.accuratereviews.com\/it\/software-creare-landing-page\/engagebay-recensione\/\" \/>\n<meta property=\"og:site_name\" content=\"Accurate Reviews\" \/>\n<meta property=\"article:modified_time\" content=\"2022-06-13T10:27:25+00:00\" \/>\n<meta property=\"og:image\" content=\"https:\/\/www.accuratereviews.com\/wp-content\/uploads\/2022\/06\/EngageBay2.png\" \/>\n\t<meta property=\"og:image:width\" content=\"600\" \/>\n\t<meta property=\"og:image:height\" content=\"315\" \/>\n\t<meta property=\"og:image:type\" content=\"image\/png\" \/>\n<meta name=\"twitter:card\" content=\"summary_large_image\" \/>\n<meta name=\"twitter:label1\" content=\"Tempo di lettura stimato\" \/>\n\t<meta name=\"twitter:data1\" content=\"3 minuti\" \/>\n<script type=\"application\/ld+json\" class=\"yoast-schema-graph\">{\"@context\":\"https:\\\/\\\/schema.org\",\"@graph\":[{\"@type\":\"WebPage\",\"@id\":\"https:\\\/\\\/www.accuratereviews.com\\\/it\\\/software-creare-landing-page\\\/engagebay-recensione\\\/\",\"url\":\"https:\\\/\\\/www.accuratereviews.com\\\/it\\\/software-creare-landing-page\\\/engagebay-recensione\\\/\",\"name\":\"EngageBay: recensione software creazione landing page\",\"isPartOf\":{\"@id\":\"https:\\\/\\\/www.accuratereviews.com\\\/it\\\/#website\"},\"primaryImageOfPage\":{\"@id\":\"https:\\\/\\\/www.accuratereviews.com\\\/it\\\/software-creare-landing-page\\\/engagebay-recensione\\\/#primaryimage\"},\"image\":{\"@id\":\"https:\\\/\\\/www.accuratereviews.com\\\/it\\\/software-creare-landing-page\\\/engagebay-recensione\\\/#primaryimage\"},\"thumbnailUrl\":\"https:\\\/\\\/www.accuratereviews.com\\\/wp-content\\\/uploads\\\/2022\\\/06\\\/EngageBay2.png\",\"datePublished\":\"2022-06-13T10:25:06+00:00\",\"dateModified\":\"2022-06-13T10:27:25+00:00\",\"description\":\"EngageBay: recensione software di marketing all-in-one che combina lead generation, email marketing, automazione del marketing, CRM e social media.\",\"breadcrumb\":{\"@id\":\"https:\\\/\\\/www.accuratereviews.com\\\/it\\\/software-creare-landing-page\\\/engagebay-recensione\\\/#breadcrumb\"},\"inLanguage\":\"it-IT\",\"potentialAction\":[{\"@type\":\"ReadAction\",\"target\":[\"https:\\\/\\\/www.accuratereviews.com\\\/it\\\/software-creare-landing-page\\\/engagebay-recensione\\\/\"]}]},{\"@type\":\"ImageObject\",\"inLanguage\":\"it-IT\",\"@id\":\"https:\\\/\\\/www.accuratereviews.com\\\/it\\\/software-creare-landing-page\\\/engagebay-recensione\\\/#primaryimage\",\"url\":\"https:\\\/\\\/www.accuratereviews.com\\\/wp-content\\\/uploads\\\/2022\\\/06\\\/EngageBay2.png\",\"contentUrl\":\"https:\\\/\\\/www.accuratereviews.com\\\/wp-content\\\/uploads\\\/2022\\\/06\\\/EngageBay2.png\",\"width\":600,\"height\":315},{\"@type\":\"BreadcrumbList\",\"@id\":\"https:\\\/\\\/www.accuratereviews.com\\\/it\\\/software-creare-landing-page\\\/engagebay-recensione\\\/#breadcrumb\",\"itemListElement\":[{\"@type\":\"ListItem\",\"position\":1,\"name\":\"Home\",\"item\":\"https:\\\/\\\/www.accuratereviews.com\\\/it\\\/\"},{\"@type\":\"ListItem\",\"position\":2,\"name\":\"Software per creare landing page\",\"item\":\"https:\\\/\\\/www.accuratereviews.com\\\/it\\\/software-creare-landing-page\\\/\"},{\"@type\":\"ListItem\",\"position\":3,\"name\":\"EngageBay\"}]},{\"@type\":\"WebSite\",\"@id\":\"https:\\\/\\\/www.accuratereviews.com\\\/it\\\/#website\",\"url\":\"https:\\\/\\\/www.accuratereviews.com\\\/it\\\/\",\"name\":\"Accurate Reviews\",\"description\":\"\",\"potentialAction\":[{\"@type\":\"SearchAction\",\"target\":{\"@type\":\"EntryPoint\",\"urlTemplate\":\"https:\\\/\\\/www.accuratereviews.com\\\/it\\\/?s={search_term_string}\"},\"query-input\":{\"@type\":\"PropertyValueSpecification\",\"valueRequired\":true,\"valueName\":\"search_term_string\"}}],\"inLanguage\":\"it-IT\"}]}<\/script>\n<!-- \/ Yoast SEO plugin. -->","yoast_head_json":{"title":"EngageBay: recensione software creazione landing page","description":"EngageBay: recensione software di marketing all-in-one che combina lead generation, email marketing, automazione del marketing, CRM e social media.","robots":{"index":"index","follow":"follow","max-snippet":"max-snippet:-1","max-image-preview":"max-image-preview:large","max-video-preview":"max-video-preview:-1"},"canonical":"https:\/\/www.accuratereviews.com\/it\/software-creare-landing-page\/engagebay-recensione\/","og_locale":"it_IT","og_type":"article","og_title":"EngageBay: recensione software creazione landing page","og_description":"EngageBay: recensione software di marketing all-in-one che combina lead generation, email marketing, automazione del marketing, CRM e social media.","og_url":"https:\/\/www.accuratereviews.com\/it\/software-creare-landing-page\/engagebay-recensione\/","og_site_name":"Accurate Reviews","article_modified_time":"2022-06-13T10:27:25+00:00","og_image":[{"width":600,"height":315,"url":"https:\/\/www.accuratereviews.com\/wp-content\/uploads\/2022\/06\/EngageBay2.png","type":"image\/png"}],"twitter_card":"summary_large_image","twitter_misc":{"Tempo di lettura stimato":"3 minuti"},"schema":{"@context":"https:\/\/schema.org","@graph":[{"@type":"WebPage","@id":"https:\/\/www.accuratereviews.com\/it\/software-creare-landing-page\/engagebay-recensione\/","url":"https:\/\/www.accuratereviews.com\/it\/software-creare-landing-page\/engagebay-recensione\/","name":"EngageBay: recensione software creazione landing page","isPartOf":{"@id":"https:\/\/www.accuratereviews.com\/it\/#website"},"primaryImageOfPage":{"@id":"https:\/\/www.accuratereviews.com\/it\/software-creare-landing-page\/engagebay-recensione\/#primaryimage"},"image":{"@id":"https:\/\/www.accuratereviews.com\/it\/software-creare-landing-page\/engagebay-recensione\/#primaryimage"},"thumbnailUrl":"https:\/\/www.accuratereviews.com\/wp-content\/uploads\/2022\/06\/EngageBay2.png","datePublished":"2022-06-13T10:25:06+00:00","dateModified":"2022-06-13T10:27:25+00:00","description":"EngageBay: recensione software di marketing all-in-one che combina lead generation, email marketing, automazione del marketing, CRM e social media.","breadcrumb":{"@id":"https:\/\/www.accuratereviews.com\/it\/software-creare-landing-page\/engagebay-recensione\/#breadcrumb"},"inLanguage":"it-IT","potentialAction":[{"@type":"ReadAction","target":["https:\/\/www.accuratereviews.com\/it\/software-creare-landing-page\/engagebay-recensione\/"]}]},{"@type":"ImageObject","inLanguage":"it-IT","@id":"https:\/\/www.accuratereviews.com\/it\/software-creare-landing-page\/engagebay-recensione\/#primaryimage","url":"https:\/\/www.accuratereviews.com\/wp-content\/uploads\/2022\/06\/EngageBay2.png","contentUrl":"https:\/\/www.accuratereviews.com\/wp-content\/uploads\/2022\/06\/EngageBay2.png","width":600,"height":315},{"@type":"BreadcrumbList","@id":"https:\/\/www.accuratereviews.com\/it\/software-creare-landing-page\/engagebay-recensione\/#breadcrumb","itemListElement":[{"@type":"ListItem","position":1,"name":"Home","item":"https:\/\/www.accuratereviews.com\/it\/"},{"@type":"ListItem","position":2,"name":"Software per creare landing page","item":"https:\/\/www.accuratereviews.com\/it\/software-creare-landing-page\/"},{"@type":"ListItem","position":3,"name":"EngageBay"}]},{"@type":"WebSite","@id":"https:\/\/www.accuratereviews.com\/it\/#website","url":"https:\/\/www.accuratereviews.com\/it\/","name":"Accurate Reviews","description":"","potentialAction":[{"@type":"SearchAction","target":{"@type":"EntryPoint","urlTemplate":"https:\/\/www.accuratereviews.com\/it\/?s={search_term_string}"},"query-input":{"@type":"PropertyValueSpecification","valueRequired":true,"valueName":"search_term_string"}}],"inLanguage":"it-IT"}]}},"_links":{"self":[{"href":"https:\/\/www.accuratereviews.com\/it\/wp-json\/wp\/v2\/pages\/58655","targetHints":{"allow":["GET"]}}],"collection":[{"href":"https:\/\/www.accuratereviews.com\/it\/wp-json\/wp\/v2\/pages"}],"about":[{"href":"https:\/\/www.accuratereviews.com\/it\/wp-json\/wp\/v2\/types\/page"}],"author":[{"embeddable":true,"href":"https:\/\/www.accuratereviews.com\/it\/wp-json\/wp\/v2\/users\/16"}],"replies":[{"embeddable":true,"href":"https:\/\/www.accuratereviews.com\/it\/wp-json\/wp\/v2\/comments?post=58655"}],"version-history":[{"count":8,"href":"https:\/\/www.accuratereviews.com\/it\/wp-json\/wp\/v2\/pages\/58655\/revisions"}],"predecessor-version":[{"id":58680,"href":"https:\/\/www.accuratereviews.com\/it\/wp-json\/wp\/v2\/pages\/58655\/revisions\/58680"}],"up":[{"embeddable":true,"href":"https:\/\/www.accuratereviews.com\/it\/wp-json\/wp\/v2\/pages\/58467"}],"wp:featuredmedia":[{"embeddable":true,"href":"https:\/\/www.accuratereviews.com\/it\/wp-json\/wp\/v2\/media\/58661"}],"wp:attachment":[{"href":"https:\/\/www.accuratereviews.com\/it\/wp-json\/wp\/v2\/media?parent=58655"}],"wp:term":[{"taxonomy":"category","embeddable":true,"href":"https:\/\/www.accuratereviews.com\/it\/wp-json\/wp\/v2\/categories?post=58655"},{"taxonomy":"post_tag","embeddable":true,"href":"https:\/\/www.accuratereviews.com\/it\/wp-json\/wp\/v2\/tags?post=58655"},{"taxonomy":"features","embeddable":true,"href":"https:\/\/www.accuratereviews.com\/it\/wp-json\/wp\/v2\/features?post=58655"}],"curies":[{"name":"wp","href":"https:\/\/api.w.org\/{rel}","templated":true}]}}