{"id":58704,"date":"2022-06-14T12:35:09","date_gmt":"2022-06-14T12:35:09","guid":{"rendered":"https:\/\/www.accuratereviews.com\/?page_id=58704"},"modified":"2022-06-14T12:35:09","modified_gmt":"2022-06-14T12:35:09","slug":"keap-recensione","status":"publish","type":"page","link":"https:\/\/www.accuratereviews.com\/it\/software-creare-landing-page\/keap-recensione\/","title":{"rendered":"Keap"},"content":{"rendered":"<p><strong>Keap<\/strong> (precedentemente conosciuto come <strong>Infusionsoft<\/strong>) \u00e8 una <strong>soluzione di vendita e marketing<\/strong> basata su <strong>cloud<\/strong> che offre funzionalit\u00e0 di gestione delle relazioni con i clienti (CRM), automazione del marketing ed ecommerce in un&#8217;unica suite. Gli utenti possono segmentare i contatti, tenere traccia delle interazioni con i clienti, inviare email, nonch\u00e9 eseguire campagne con trigger di comunicazione personalizzati basati su email aperte, clic e altro ancora. Gli utenti possono anche gestire l&#8217;ecommerce, la gestione dell&#8217;inventario, i pagamenti e l&#8217;evasione degli acquisti, impostare carrelli della spesa online, monitorare l&#8217;attivit\u00e0 del negozio digitale, inviare preventivi, fatture e ricevute.\u00a0Gli strumenti di reporting e analisi del sistema aiutano a eseguire analisi su parametri come e-mail, prestazioni della campagna e dati sul ROI.<\/p>\n<h2>KEAP &#8211; TUTORIAL<\/h2>\n<p>Guardiamo come creare rapporti con \u00a0questo <strong>software di creazione di landing page:<\/strong><\/p>\n<div id=\"fluid-wrapper-counter-1\" class=\"g1-fluid-wrapper \" style=\"width:686px;\">\n<div style=\"padding-bottom:56.268221574344%;\"><iframe loading=\"lazy\" title=\"Max Classic Release Report - May 2022\" width=\"686\" height=\"386\" src=\"https:\/\/www.youtube.com\/embed\/Q8-TYPEGax4?feature=oembed&amp;wmode=transparent&amp;autohide=1&amp;autoplay=0&amp;disablekb=0&amp;fs=1&amp;loop=0&amp;enablejsapi=1&amp;rel=0&amp;controls=2&amp;showinfo=0&amp;wmode=transparent&amp;autohide=2&amp;autoplay=0&amp;disablekb=0&amp;fs=1&amp;loop=0&amp;enablejsapi=1&amp;rel=0&amp;controls=2&amp;showinfo=1\" frameborder=\"0\" allow=\"accelerometer; autoplay; clipboard-write; encrypted-media; gyroscope; picture-in-picture\" allowfullscreen><\/iframe><\/div>\n<\/div>\n<p>&nbsp;<\/p>\n<h3>KEAP &#8211; CARATTERISTICHE<\/h3>\n<ul>\n<li><strong>CRM<\/strong>: tutte le informazioni sui tuoi clienti, accessibili su i tuoi dispositivi<\/li>\n<li><strong>Automazione delle vendite e del marketing<\/strong>: le email e altre azioni di marketing vengono attivate dall&#8217;azione del cliente<\/li>\n<li><strong>Pipeline di vendita<\/strong>: dashboard visivo per monitorare facilmente il tuo processo di vendita<\/li>\n<li><strong>Ecommerce e pagamenti<\/strong>: vendi facilmente online e riscuoti pagamenti<\/li>\n<li><strong>Reportistica e analisi<\/strong>: scopri cosa funziona e dove concentrare il tuo tempo<\/li>\n<li><strong>Appuntamenti<\/strong>: i\u00a0clienti prenotano il tempo in base alla tua disponibilit\u00e0<\/li>\n<li><strong>Marketing via email<\/strong>: automazioni e modelli email facili da configurare<\/li>\n<li><strong>App mobile<\/strong>: una linea telefonica aziendale, sms ed email dedicata per rimanere in contatto<\/li>\n<li><strong>Integrazioni<\/strong>: collega i tuoi dati con centinaia di app<\/li>\n<\/ul>\n<h4>LA RECENSIONI DEGLI UTENTI<\/h4>\n<p class=\"font-weight-bold mb-2\"><strong>Tammy S.&#8221;Ampia curva di apprendimento per Keap&#8221;<\/strong><\/p>\n<p><span class=\"font-weight-bold\"><strong>Commenti<\/strong>: <\/span>Una volta apprese tutte le funzionalit\u00e0, vedrai quanto pu\u00f2 essere potente e utile questo software.<\/p>\n<p class=\"font-weight-bold mb-2\"><strong>Pro<\/strong>:\u00a0La funzionalit\u00e0 della pipeline e la facilit\u00e0 di spostare i clienti attraverso la pipeline affinch\u00e9 si verifichino varie azioni.<\/p>\n<p class=\"font-weight-bold mb-2\"><strong>Contro<\/strong>:\u00a0Senza una societ\u00e0 esterna che ci guidava, c&#8217;era una grande curva di apprendimento per apprendere tutte le funzionalit\u00e0.<\/p>\n<p class=\"font-weight-bold mb-2\"><strong>Ed S.&#8221;Set completo di caratteristiche e funzionalit\u00e0 di automazione del marketing&#8221;<\/strong><\/p>\n<p><span class=\"font-weight-bold\"><strong>Commenti<\/strong>: <\/span>La mia esperienza \u00e8 stata positiva con l&#8217;eccezione di dover assumere una terza parte per costruire le mie automazioni di marketing<\/p>\n<p class=\"font-weight-bold mb-2\"><strong>Pro<\/strong>:\u00a0Possibilit\u00e0 di eseguire campagne di marketing automatizzate<\/p>\n<p class=\"font-weight-bold mb-2\"><strong>Contro<\/strong>:\u00a0Sfida a costruire automazioni di marketing<\/p>\n<p class=\"font-weight-bold mb-2\"><strong>Mindy I.&#8221;Ottimo per un servizio all-in-one&#8221;<\/strong><\/p>\n<p><span class=\"font-weight-bold\"><strong>Commenti<\/strong>: <\/span>Ho avuto un grande aiuto per impostare tutto e trovo il sistema di automazione della posta elettronica abbastanza facile da usare e da capire, il che \u00e8 fantastico in quanto mi ha permesso di fare molto di pi\u00f9 con l&#8217;automazione. Ho gli elenchi di email integrati nei moduli di attivazione del mio sito web ed \u00e8 abbastanza semplice vedere chi agisce sulle email inviate nella sequenza di automazione.<\/p>\n<p class=\"font-weight-bold mb-2\"><strong>Pro<\/strong>:\u00a0Mi piace poter segmentare i miei clienti in diversi gruppi per inviarli via email direttamente da Keap e fare lo stesso con potenziali clienti e clienti passati. Avere tutto in un unico posto rende la mia vita molto pi\u00f9 semplice e snella e mi ha incoraggiato a fare ancora di pi\u00f9 di prima per quanto riguarda la comunicazione con il cliente.<\/p>\n<p class=\"font-weight-bold mb-2\"><strong>Contro<\/strong>:\u00a0All&#8217;inizio ho avuto alcuni problemi con il numero di telefono di Keap, ma l&#8217;hanno risolto, anche se ci \u00e8 voluto un po &#8216;di tempo. L&#8217;unica cosa che mi manca in questo momento con loro \u00e8 la fatturazione ricorrente perch\u00e9 dovrei essere io a inserire i dati della carta di credito del cliente per farlo qui, quindi sto ancora utilizzando un altro prodotto per quello.<\/p>\n<p>&nbsp;<\/p>\n<div class=\"pl-4 my-4 py-3 border-left border-fog text-ash i18n-translation_vendor_container\" data-translation-id=\"2832423\" data-translation-vendor-target=\"original\">\n<h4 class=\"h5\"><\/h4>\n<\/div>\n","protected":false},"excerpt":{"rendered":"<p>Keap (precedentemente conosciuto come Infusionsoft) \u00e8 una soluzione di vendita e marketing basata su cloud che offre funzionalit\u00e0 di gestione delle relazioni con i clienti (CRM), automazione del marketing ed ecommerce in un&#8217;unica suite. Gli utenti possono segmentare i contatti, tenere traccia delle interazioni con i clienti, inviare email, nonch\u00e9 eseguire campagne con trigger di comunicazione personalizzati basati su email aperte, clic e altro ancora.<\/p>\n","protected":false},"author":16,"featured_media":58706,"parent":58467,"menu_order":0,"comment_status":"open","ping_status":"closed","template":"g1_template_page_review_new.php","meta":{"_acf_changed":false,"cwp_meta_box_check":"No","cwp_rev_product_name":"","cwp_rev_product_image":"","wppr_links":[],"cwp_rev_price":"","wppr_options":[],"wppr_pros":[],"wppr_cons":[],"_monsterinsights_skip_tracking":false,"_monsterinsights_sitenote_active":false,"_monsterinsights_sitenote_note":"","_monsterinsights_sitenote_category":0,"footnotes":""},"categories":[12754],"tags":[12810,12809,12778,12814,12813,12811,12812],"features":[],"class_list":{"0":"post-58704","1":"page","2":"type-page","3":"status-publish","4":"has-post-thumbnail","6":"category-software-per-creare-landing-page-cat","7":"tag-creazione-landing-page","8":"tag-keap","9":"tag-landing-page","10":"tag-piattaforma-creazione-landing-page","11":"tag-programma-creazione-landing-page","12":"tag-software-creazione-landing-page","13":"tag-soluzione-creazione-landing-page"},"wppr_data":{"cwp_meta_box_check":"No"},"acf":[],"yoast_head":"<!-- This site is optimized with the Yoast SEO plugin v27.4 - https:\/\/yoast.com\/product\/yoast-seo-wordpress\/ -->\n<title>Keap: recensione software creazione landing page - Accurate Reviews<\/title>\n<meta name=\"description\" content=\"Keap: recensione soluzione di vendita e marketing basata su cloud precedentemente conosciuta come Infusionsoft.\" \/>\n<meta name=\"robots\" content=\"index, follow, max-snippet:-1, max-image-preview:large, max-video-preview:-1\" \/>\n<link rel=\"canonical\" href=\"https:\/\/www.accuratereviews.com\/it\/software-creare-landing-page\/keap-recensione\/\" \/>\n<meta property=\"og:locale\" content=\"it_IT\" \/>\n<meta property=\"og:type\" content=\"article\" \/>\n<meta property=\"og:title\" content=\"Keap: recensione software creazione landing page - Accurate Reviews\" \/>\n<meta property=\"og:description\" content=\"Keap: recensione soluzione di vendita e marketing basata su cloud precedentemente conosciuta come Infusionsoft.\" \/>\n<meta property=\"og:url\" content=\"https:\/\/www.accuratereviews.com\/it\/software-creare-landing-page\/keap-recensione\/\" \/>\n<meta property=\"og:site_name\" content=\"Accurate Reviews\" \/>\n<meta property=\"og:image\" content=\"https:\/\/www.accuratereviews.com\/wp-content\/uploads\/2022\/06\/Keap.png\" \/>\n\t<meta property=\"og:image:width\" content=\"1200\" \/>\n\t<meta property=\"og:image:height\" content=\"560\" \/>\n\t<meta property=\"og:image:type\" content=\"image\/png\" \/>\n<meta name=\"twitter:card\" content=\"summary_large_image\" \/>\n<meta name=\"twitter:label1\" content=\"Tempo di lettura stimato\" \/>\n\t<meta name=\"twitter:data1\" content=\"3 minuti\" \/>\n<script type=\"application\/ld+json\" class=\"yoast-schema-graph\">{\"@context\":\"https:\\\/\\\/schema.org\",\"@graph\":[{\"@type\":\"WebPage\",\"@id\":\"https:\\\/\\\/www.accuratereviews.com\\\/it\\\/software-creare-landing-page\\\/keap-recensione\\\/\",\"url\":\"https:\\\/\\\/www.accuratereviews.com\\\/it\\\/software-creare-landing-page\\\/keap-recensione\\\/\",\"name\":\"Keap: recensione software creazione landing page - Accurate Reviews\",\"isPartOf\":{\"@id\":\"https:\\\/\\\/www.accuratereviews.com\\\/it\\\/#website\"},\"primaryImageOfPage\":{\"@id\":\"https:\\\/\\\/www.accuratereviews.com\\\/it\\\/software-creare-landing-page\\\/keap-recensione\\\/#primaryimage\"},\"image\":{\"@id\":\"https:\\\/\\\/www.accuratereviews.com\\\/it\\\/software-creare-landing-page\\\/keap-recensione\\\/#primaryimage\"},\"thumbnailUrl\":\"https:\\\/\\\/www.accuratereviews.com\\\/wp-content\\\/uploads\\\/2022\\\/06\\\/Keap.png\",\"datePublished\":\"2022-06-14T12:35:09+00:00\",\"description\":\"Keap: recensione soluzione di vendita e marketing basata su cloud precedentemente conosciuta come Infusionsoft.\",\"breadcrumb\":{\"@id\":\"https:\\\/\\\/www.accuratereviews.com\\\/it\\\/software-creare-landing-page\\\/keap-recensione\\\/#breadcrumb\"},\"inLanguage\":\"it-IT\",\"potentialAction\":[{\"@type\":\"ReadAction\",\"target\":[\"https:\\\/\\\/www.accuratereviews.com\\\/it\\\/software-creare-landing-page\\\/keap-recensione\\\/\"]}]},{\"@type\":\"ImageObject\",\"inLanguage\":\"it-IT\",\"@id\":\"https:\\\/\\\/www.accuratereviews.com\\\/it\\\/software-creare-landing-page\\\/keap-recensione\\\/#primaryimage\",\"url\":\"https:\\\/\\\/www.accuratereviews.com\\\/wp-content\\\/uploads\\\/2022\\\/06\\\/Keap.png\",\"contentUrl\":\"https:\\\/\\\/www.accuratereviews.com\\\/wp-content\\\/uploads\\\/2022\\\/06\\\/Keap.png\",\"width\":1200,\"height\":560},{\"@type\":\"BreadcrumbList\",\"@id\":\"https:\\\/\\\/www.accuratereviews.com\\\/it\\\/software-creare-landing-page\\\/keap-recensione\\\/#breadcrumb\",\"itemListElement\":[{\"@type\":\"ListItem\",\"position\":1,\"name\":\"Home\",\"item\":\"https:\\\/\\\/www.accuratereviews.com\\\/it\\\/\"},{\"@type\":\"ListItem\",\"position\":2,\"name\":\"Software per creare landing page\",\"item\":\"https:\\\/\\\/www.accuratereviews.com\\\/it\\\/software-creare-landing-page\\\/\"},{\"@type\":\"ListItem\",\"position\":3,\"name\":\"Keap\"}]},{\"@type\":\"WebSite\",\"@id\":\"https:\\\/\\\/www.accuratereviews.com\\\/it\\\/#website\",\"url\":\"https:\\\/\\\/www.accuratereviews.com\\\/it\\\/\",\"name\":\"Accurate Reviews\",\"description\":\"\",\"potentialAction\":[{\"@type\":\"SearchAction\",\"target\":{\"@type\":\"EntryPoint\",\"urlTemplate\":\"https:\\\/\\\/www.accuratereviews.com\\\/it\\\/?s={search_term_string}\"},\"query-input\":{\"@type\":\"PropertyValueSpecification\",\"valueRequired\":true,\"valueName\":\"search_term_string\"}}],\"inLanguage\":\"it-IT\"}]}<\/script>\n<!-- \/ Yoast SEO plugin. -->","yoast_head_json":{"title":"Keap: recensione software creazione landing page - Accurate Reviews","description":"Keap: recensione soluzione di vendita e marketing basata su cloud precedentemente conosciuta come Infusionsoft.","robots":{"index":"index","follow":"follow","max-snippet":"max-snippet:-1","max-image-preview":"max-image-preview:large","max-video-preview":"max-video-preview:-1"},"canonical":"https:\/\/www.accuratereviews.com\/it\/software-creare-landing-page\/keap-recensione\/","og_locale":"it_IT","og_type":"article","og_title":"Keap: recensione software creazione landing page - Accurate Reviews","og_description":"Keap: recensione soluzione di vendita e marketing basata su cloud precedentemente conosciuta come Infusionsoft.","og_url":"https:\/\/www.accuratereviews.com\/it\/software-creare-landing-page\/keap-recensione\/","og_site_name":"Accurate Reviews","og_image":[{"width":1200,"height":560,"url":"https:\/\/www.accuratereviews.com\/wp-content\/uploads\/2022\/06\/Keap.png","type":"image\/png"}],"twitter_card":"summary_large_image","twitter_misc":{"Tempo di lettura stimato":"3 minuti"},"schema":{"@context":"https:\/\/schema.org","@graph":[{"@type":"WebPage","@id":"https:\/\/www.accuratereviews.com\/it\/software-creare-landing-page\/keap-recensione\/","url":"https:\/\/www.accuratereviews.com\/it\/software-creare-landing-page\/keap-recensione\/","name":"Keap: recensione software creazione landing page - Accurate Reviews","isPartOf":{"@id":"https:\/\/www.accuratereviews.com\/it\/#website"},"primaryImageOfPage":{"@id":"https:\/\/www.accuratereviews.com\/it\/software-creare-landing-page\/keap-recensione\/#primaryimage"},"image":{"@id":"https:\/\/www.accuratereviews.com\/it\/software-creare-landing-page\/keap-recensione\/#primaryimage"},"thumbnailUrl":"https:\/\/www.accuratereviews.com\/wp-content\/uploads\/2022\/06\/Keap.png","datePublished":"2022-06-14T12:35:09+00:00","description":"Keap: recensione soluzione di vendita e marketing basata su cloud precedentemente conosciuta come Infusionsoft.","breadcrumb":{"@id":"https:\/\/www.accuratereviews.com\/it\/software-creare-landing-page\/keap-recensione\/#breadcrumb"},"inLanguage":"it-IT","potentialAction":[{"@type":"ReadAction","target":["https:\/\/www.accuratereviews.com\/it\/software-creare-landing-page\/keap-recensione\/"]}]},{"@type":"ImageObject","inLanguage":"it-IT","@id":"https:\/\/www.accuratereviews.com\/it\/software-creare-landing-page\/keap-recensione\/#primaryimage","url":"https:\/\/www.accuratereviews.com\/wp-content\/uploads\/2022\/06\/Keap.png","contentUrl":"https:\/\/www.accuratereviews.com\/wp-content\/uploads\/2022\/06\/Keap.png","width":1200,"height":560},{"@type":"BreadcrumbList","@id":"https:\/\/www.accuratereviews.com\/it\/software-creare-landing-page\/keap-recensione\/#breadcrumb","itemListElement":[{"@type":"ListItem","position":1,"name":"Home","item":"https:\/\/www.accuratereviews.com\/it\/"},{"@type":"ListItem","position":2,"name":"Software per creare landing page","item":"https:\/\/www.accuratereviews.com\/it\/software-creare-landing-page\/"},{"@type":"ListItem","position":3,"name":"Keap"}]},{"@type":"WebSite","@id":"https:\/\/www.accuratereviews.com\/it\/#website","url":"https:\/\/www.accuratereviews.com\/it\/","name":"Accurate Reviews","description":"","potentialAction":[{"@type":"SearchAction","target":{"@type":"EntryPoint","urlTemplate":"https:\/\/www.accuratereviews.com\/it\/?s={search_term_string}"},"query-input":{"@type":"PropertyValueSpecification","valueRequired":true,"valueName":"search_term_string"}}],"inLanguage":"it-IT"}]}},"_links":{"self":[{"href":"https:\/\/www.accuratereviews.com\/it\/wp-json\/wp\/v2\/pages\/58704","targetHints":{"allow":["GET"]}}],"collection":[{"href":"https:\/\/www.accuratereviews.com\/it\/wp-json\/wp\/v2\/pages"}],"about":[{"href":"https:\/\/www.accuratereviews.com\/it\/wp-json\/wp\/v2\/types\/page"}],"author":[{"embeddable":true,"href":"https:\/\/www.accuratereviews.com\/it\/wp-json\/wp\/v2\/users\/16"}],"replies":[{"embeddable":true,"href":"https:\/\/www.accuratereviews.com\/it\/wp-json\/wp\/v2\/comments?post=58704"}],"version-history":[{"count":4,"href":"https:\/\/www.accuratereviews.com\/it\/wp-json\/wp\/v2\/pages\/58704\/revisions"}],"predecessor-version":[{"id":58729,"href":"https:\/\/www.accuratereviews.com\/it\/wp-json\/wp\/v2\/pages\/58704\/revisions\/58729"}],"up":[{"embeddable":true,"href":"https:\/\/www.accuratereviews.com\/it\/wp-json\/wp\/v2\/pages\/58467"}],"wp:featuredmedia":[{"embeddable":true,"href":"https:\/\/www.accuratereviews.com\/it\/wp-json\/wp\/v2\/media\/58706"}],"wp:attachment":[{"href":"https:\/\/www.accuratereviews.com\/it\/wp-json\/wp\/v2\/media?parent=58704"}],"wp:term":[{"taxonomy":"category","embeddable":true,"href":"https:\/\/www.accuratereviews.com\/it\/wp-json\/wp\/v2\/categories?post=58704"},{"taxonomy":"post_tag","embeddable":true,"href":"https:\/\/www.accuratereviews.com\/it\/wp-json\/wp\/v2\/tags?post=58704"},{"taxonomy":"features","embeddable":true,"href":"https:\/\/www.accuratereviews.com\/it\/wp-json\/wp\/v2\/features?post=58704"}],"curies":[{"name":"wp","href":"https:\/\/api.w.org\/{rel}","templated":true}]}}