{"id":58741,"date":"2022-06-15T12:37:01","date_gmt":"2022-06-15T12:37:01","guid":{"rendered":"https:\/\/www.accuratereviews.com\/?page_id=58741"},"modified":"2022-06-15T12:37:01","modified_gmt":"2022-06-15T12:37:01","slug":"alboom-prosite-recensione","status":"publish","type":"page","link":"https:\/\/www.accuratereviews.com\/it\/software-creare-landing-page\/alboom-prosite-recensione\/","title":{"rendered":"Alboom Prosite"},"content":{"rendered":"<p class=\"h3 mb-1\"><strong>Alboom Prosite<\/strong>\u00a0\u00e8 una piattaforma online, ottimizzata anche per i dispositivi mobile e tablet, che permette di <strong>creare landing page e siti web professionali<\/strong> in modo semplice e veloce. Si rivolge principalmente a studi, agenzie di comunicazione, fotografi, freelancer e aziende di qualsiasi dimensione che vogliono costruire un sito con portfolio, landing page, canali social e gallerie fotografiche con l&#8217;obiettivo di ottenere maggiore visibilit\u00e0.<br \/>\nCon <strong>Alboom Prosite<\/strong> puoi scegliere i caratteri, i colori, gli elementi visivi e personalizzare ogni dettaglio creando un progetto su misura che rispecchi le tue esigenze.<\/p>\n<h2>ALBOOM PROSITE &#8211; TUTORIAL<\/h2>\n<div id=\"fluid-wrapper-counter-1\" class=\"g1-fluid-wrapper \" style=\"width:686px;\">\n<div style=\"padding-bottom:56.268221574344%;\"><iframe loading=\"lazy\" title=\"Landing Page de Workshop Online | ep.05\" width=\"686\" height=\"386\" src=\"https:\/\/www.youtube.com\/embed\/T2VMNm4c9LQ?feature=oembed&amp;wmode=transparent&amp;autohide=1&amp;autoplay=0&amp;disablekb=0&amp;fs=1&amp;loop=0&amp;enablejsapi=1&amp;rel=0&amp;controls=2&amp;showinfo=0&amp;wmode=transparent&amp;autohide=2&amp;autoplay=0&amp;disablekb=0&amp;fs=1&amp;loop=0&amp;enablejsapi=1&amp;rel=0&amp;controls=2&amp;showinfo=1\" frameborder=\"0\" allow=\"accelerometer; autoplay; clipboard-write; encrypted-media; gyroscope; picture-in-picture\" allowfullscreen><\/iframe><\/div>\n<\/div>\n<h3>ALBOOM PROSITE &#8211; CARATTERISTICHE<\/h3>\n<ul>\n<li><strong>Pagine illimitate<\/strong>: crea pagine incredibili per pubblicare i tuoi progetti e lavori<\/li>\n<li><strong>Portfolio e blog<\/strong>: pubblica il tuo lavoro e aumenta la visibilit\u00e0 del tuo sito condividendo nuovi contenuti<\/li>\n<li><strong>Gallerie di immagini<\/strong>: crea splendide gallerie per impressionare i visitatori del tuo sito<\/li>\n<li><strong>Ottimizzato per dispositivi mobile<\/strong>: il tuo sito \u00e8 bello in qualsiasi dispositivo mobile<\/li>\n<li><strong>SEO avanzato<\/strong>: essere trovati nel web non \u00e8 mai stato cos\u00ec facile<\/li>\n<li><strong>Sicurezza HTTPS (SSL)<\/strong>: i tuoi dati e quelli dei tuoi visitatori sono al sicuro in ogni browser<\/li>\n<li><strong>Editor di design<\/strong>: personalizza il modello scelto. Modifica i colori, i caratteri e gli elementi visivi<\/li>\n<li><strong>Feed di Instagram<\/strong>: connettiti con Instagram<\/li>\n<li><strong>Richiesta di testimonianza<\/strong>: invia una richiesta di testimonianza in modo semplice e professionale.<\/li>\n<\/ul>\n<h4>LE RECENSIONI DEGLI UTENTI<\/h4>\n<p><strong>Danilo G. &#8220;Azienda con un ottimo rapporto costi-benefici&#8221;<\/strong><br \/>\nPRO: la piattaforma \u00e8 molto pratica per inserire foto, pagine e apportare modifiche! Uno strumento differenziato \u00e8 l&#8217;AR! Quest&#8217;anno lo esplorer\u00f2 come prodotto differenziale!<br \/>\nCONTRO: pochi modelli di siti web per promuovere la mia attivit\u00e0! Non permette al mio cliente di scaricare le foto dell&#8217;evento (Legacy Plan)! Una cosa molto semplice, ma una pessima strategia di upselling!<\/p>\n<p><strong>Claudemir A. &#8220;Mi ha semplificato la vita&#8221;.<\/strong><br \/>\nCOMMENTI: l&#8217;esperienza \u00e8 piacevole, facile e risponde alle mie esigenze.<br \/>\nPRO: la facilit\u00e0 e la qualit\u00e0 dei modelli sono molto facili da usare.<br \/>\nCONTROLLO: finora mi piacciono le caratteristiche e non ho nulla in contrario.<\/p>\n<p><strong>Osvaldo M. &#8220;piattaforma eccellente&#8221;<\/strong><br \/>\nCOMMENTO: penso che mi abbia aiutato molto ad avere un sito web dall&#8217;aspetto davvero professionale.<br \/>\nPRO: ho trovato la piattaforma molto intuitiva<br \/>\nCONTRO: fino ad ora i contro sono stati risolti con ogni aggiornamento, al momento non ho nulla di specifico.<\/p>\n","protected":false},"excerpt":{"rendered":"<p>Alboom Prosite\u00a0\u00e8 una piattaforma online, ottimizzata anche per i dispositivi mobile e tablet, che permette di creare landing page e siti web professionali in modo semplice e veloce. Si rivolge principalmente a studi, agenzie di comunicazione, fotografi, freelancer e aziende di qualsiasi dimensione che vogliono costruire un sito con portfolio, landing page, canali social e gallerie fotografiche con l&#8217;obiettivo di ottenere maggiore visibilit\u00e0.<\/p>\n","protected":false},"author":17,"featured_media":58747,"parent":58467,"menu_order":0,"comment_status":"open","ping_status":"closed","template":"g1_template_page_review_new.php","meta":{"_acf_changed":false,"cwp_meta_box_check":"No","cwp_rev_product_name":"","cwp_rev_product_image":"","wppr_links":[],"cwp_rev_price":"","wppr_options":[],"wppr_pros":[],"wppr_cons":[],"_monsterinsights_skip_tracking":false,"_monsterinsights_sitenote_active":false,"_monsterinsights_sitenote_note":"","_monsterinsights_sitenote_category":0,"footnotes":""},"categories":[12754],"tags":[12760,12777,12814,12776,12811,12758],"features":[],"class_list":{"0":"post-58741","1":"page","2":"type-page","3":"status-publish","4":"has-post-thumbnail","6":"category-software-per-creare-landing-page-cat","7":"tag-app-per-creare-landing-page","8":"tag-creare-landing-page","9":"tag-piattaforma-creazione-landing-page","10":"tag-programma-per-creare-landing-page","11":"tag-software-creazione-landing-page","12":"tag-soluzione-per-creare-landing-page"},"wppr_data":{"cwp_meta_box_check":"No"},"acf":[],"yoast_head":"<!-- This site is optimized with the Yoast SEO plugin v27.4 - https:\/\/yoast.com\/product\/yoast-seo-wordpress\/ -->\n<title>Alboom Prosite: recensione software landing page - Accurate Reviews<\/title>\n<meta name=\"description\" content=\"Alboom Prosite: recensione della piattaforma online che permette di creare landing page e siti web professionali in modo semplice e veloce.\" \/>\n<meta name=\"robots\" content=\"index, follow, max-snippet:-1, max-image-preview:large, max-video-preview:-1\" \/>\n<link rel=\"canonical\" href=\"https:\/\/www.accuratereviews.com\/it\/software-creare-landing-page\/alboom-prosite-recensione\/\" \/>\n<meta property=\"og:locale\" content=\"it_IT\" \/>\n<meta property=\"og:type\" content=\"article\" \/>\n<meta property=\"og:title\" content=\"Alboom Prosite: recensione software landing page - Accurate Reviews\" \/>\n<meta property=\"og:description\" content=\"Alboom Prosite: recensione della piattaforma online che permette di creare landing page e siti web professionali in modo semplice e veloce.\" \/>\n<meta property=\"og:url\" content=\"https:\/\/www.accuratereviews.com\/it\/software-creare-landing-page\/alboom-prosite-recensione\/\" \/>\n<meta property=\"og:site_name\" content=\"Accurate Reviews\" \/>\n<meta property=\"og:image\" content=\"https:\/\/www.accuratereviews.com\/wp-content\/uploads\/2022\/06\/Unknown-1.png\" \/>\n\t<meta property=\"og:image:width\" content=\"688\" \/>\n\t<meta property=\"og:image:height\" content=\"200\" \/>\n\t<meta property=\"og:image:type\" content=\"image\/png\" \/>\n<meta name=\"twitter:card\" content=\"summary_large_image\" \/>\n<meta name=\"twitter:label1\" content=\"Tempo di lettura stimato\" \/>\n\t<meta name=\"twitter:data1\" content=\"2 minuti\" \/>\n<script type=\"application\/ld+json\" class=\"yoast-schema-graph\">{\"@context\":\"https:\\\/\\\/schema.org\",\"@graph\":[{\"@type\":\"WebPage\",\"@id\":\"https:\\\/\\\/www.accuratereviews.com\\\/it\\\/software-creare-landing-page\\\/alboom-prosite-recensione\\\/\",\"url\":\"https:\\\/\\\/www.accuratereviews.com\\\/it\\\/software-creare-landing-page\\\/alboom-prosite-recensione\\\/\",\"name\":\"Alboom Prosite: recensione software landing page - Accurate Reviews\",\"isPartOf\":{\"@id\":\"https:\\\/\\\/www.accuratereviews.com\\\/it\\\/#website\"},\"primaryImageOfPage\":{\"@id\":\"https:\\\/\\\/www.accuratereviews.com\\\/it\\\/software-creare-landing-page\\\/alboom-prosite-recensione\\\/#primaryimage\"},\"image\":{\"@id\":\"https:\\\/\\\/www.accuratereviews.com\\\/it\\\/software-creare-landing-page\\\/alboom-prosite-recensione\\\/#primaryimage\"},\"thumbnailUrl\":\"https:\\\/\\\/www.accuratereviews.com\\\/wp-content\\\/uploads\\\/2022\\\/06\\\/Unknown-1.png\",\"datePublished\":\"2022-06-15T12:37:01+00:00\",\"description\":\"Alboom Prosite: recensione della piattaforma online che permette di creare landing page e siti web professionali in modo semplice e veloce.\",\"breadcrumb\":{\"@id\":\"https:\\\/\\\/www.accuratereviews.com\\\/it\\\/software-creare-landing-page\\\/alboom-prosite-recensione\\\/#breadcrumb\"},\"inLanguage\":\"it-IT\",\"potentialAction\":[{\"@type\":\"ReadAction\",\"target\":[\"https:\\\/\\\/www.accuratereviews.com\\\/it\\\/software-creare-landing-page\\\/alboom-prosite-recensione\\\/\"]}]},{\"@type\":\"ImageObject\",\"inLanguage\":\"it-IT\",\"@id\":\"https:\\\/\\\/www.accuratereviews.com\\\/it\\\/software-creare-landing-page\\\/alboom-prosite-recensione\\\/#primaryimage\",\"url\":\"https:\\\/\\\/www.accuratereviews.com\\\/wp-content\\\/uploads\\\/2022\\\/06\\\/Unknown-1.png\",\"contentUrl\":\"https:\\\/\\\/www.accuratereviews.com\\\/wp-content\\\/uploads\\\/2022\\\/06\\\/Unknown-1.png\",\"width\":688,\"height\":200},{\"@type\":\"BreadcrumbList\",\"@id\":\"https:\\\/\\\/www.accuratereviews.com\\\/it\\\/software-creare-landing-page\\\/alboom-prosite-recensione\\\/#breadcrumb\",\"itemListElement\":[{\"@type\":\"ListItem\",\"position\":1,\"name\":\"Home\",\"item\":\"https:\\\/\\\/www.accuratereviews.com\\\/it\\\/\"},{\"@type\":\"ListItem\",\"position\":2,\"name\":\"Software per creare landing page\",\"item\":\"https:\\\/\\\/www.accuratereviews.com\\\/it\\\/software-creare-landing-page\\\/\"},{\"@type\":\"ListItem\",\"position\":3,\"name\":\"Alboom Prosite\"}]},{\"@type\":\"WebSite\",\"@id\":\"https:\\\/\\\/www.accuratereviews.com\\\/it\\\/#website\",\"url\":\"https:\\\/\\\/www.accuratereviews.com\\\/it\\\/\",\"name\":\"Accurate Reviews\",\"description\":\"\",\"potentialAction\":[{\"@type\":\"SearchAction\",\"target\":{\"@type\":\"EntryPoint\",\"urlTemplate\":\"https:\\\/\\\/www.accuratereviews.com\\\/it\\\/?s={search_term_string}\"},\"query-input\":{\"@type\":\"PropertyValueSpecification\",\"valueRequired\":true,\"valueName\":\"search_term_string\"}}],\"inLanguage\":\"it-IT\"}]}<\/script>\n<!-- \/ Yoast SEO plugin. -->","yoast_head_json":{"title":"Alboom Prosite: recensione software landing page - Accurate Reviews","description":"Alboom Prosite: recensione della piattaforma online che permette di creare landing page e siti web professionali in modo semplice e veloce.","robots":{"index":"index","follow":"follow","max-snippet":"max-snippet:-1","max-image-preview":"max-image-preview:large","max-video-preview":"max-video-preview:-1"},"canonical":"https:\/\/www.accuratereviews.com\/it\/software-creare-landing-page\/alboom-prosite-recensione\/","og_locale":"it_IT","og_type":"article","og_title":"Alboom Prosite: recensione software landing page - Accurate Reviews","og_description":"Alboom Prosite: recensione della piattaforma online che permette di creare landing page e siti web professionali in modo semplice e veloce.","og_url":"https:\/\/www.accuratereviews.com\/it\/software-creare-landing-page\/alboom-prosite-recensione\/","og_site_name":"Accurate Reviews","og_image":[{"width":688,"height":200,"url":"https:\/\/www.accuratereviews.com\/wp-content\/uploads\/2022\/06\/Unknown-1.png","type":"image\/png"}],"twitter_card":"summary_large_image","twitter_misc":{"Tempo di lettura stimato":"2 minuti"},"schema":{"@context":"https:\/\/schema.org","@graph":[{"@type":"WebPage","@id":"https:\/\/www.accuratereviews.com\/it\/software-creare-landing-page\/alboom-prosite-recensione\/","url":"https:\/\/www.accuratereviews.com\/it\/software-creare-landing-page\/alboom-prosite-recensione\/","name":"Alboom Prosite: recensione software landing page - Accurate Reviews","isPartOf":{"@id":"https:\/\/www.accuratereviews.com\/it\/#website"},"primaryImageOfPage":{"@id":"https:\/\/www.accuratereviews.com\/it\/software-creare-landing-page\/alboom-prosite-recensione\/#primaryimage"},"image":{"@id":"https:\/\/www.accuratereviews.com\/it\/software-creare-landing-page\/alboom-prosite-recensione\/#primaryimage"},"thumbnailUrl":"https:\/\/www.accuratereviews.com\/wp-content\/uploads\/2022\/06\/Unknown-1.png","datePublished":"2022-06-15T12:37:01+00:00","description":"Alboom Prosite: recensione della piattaforma online che permette di creare landing page e siti web professionali in modo semplice e veloce.","breadcrumb":{"@id":"https:\/\/www.accuratereviews.com\/it\/software-creare-landing-page\/alboom-prosite-recensione\/#breadcrumb"},"inLanguage":"it-IT","potentialAction":[{"@type":"ReadAction","target":["https:\/\/www.accuratereviews.com\/it\/software-creare-landing-page\/alboom-prosite-recensione\/"]}]},{"@type":"ImageObject","inLanguage":"it-IT","@id":"https:\/\/www.accuratereviews.com\/it\/software-creare-landing-page\/alboom-prosite-recensione\/#primaryimage","url":"https:\/\/www.accuratereviews.com\/wp-content\/uploads\/2022\/06\/Unknown-1.png","contentUrl":"https:\/\/www.accuratereviews.com\/wp-content\/uploads\/2022\/06\/Unknown-1.png","width":688,"height":200},{"@type":"BreadcrumbList","@id":"https:\/\/www.accuratereviews.com\/it\/software-creare-landing-page\/alboom-prosite-recensione\/#breadcrumb","itemListElement":[{"@type":"ListItem","position":1,"name":"Home","item":"https:\/\/www.accuratereviews.com\/it\/"},{"@type":"ListItem","position":2,"name":"Software per creare landing page","item":"https:\/\/www.accuratereviews.com\/it\/software-creare-landing-page\/"},{"@type":"ListItem","position":3,"name":"Alboom Prosite"}]},{"@type":"WebSite","@id":"https:\/\/www.accuratereviews.com\/it\/#website","url":"https:\/\/www.accuratereviews.com\/it\/","name":"Accurate Reviews","description":"","potentialAction":[{"@type":"SearchAction","target":{"@type":"EntryPoint","urlTemplate":"https:\/\/www.accuratereviews.com\/it\/?s={search_term_string}"},"query-input":{"@type":"PropertyValueSpecification","valueRequired":true,"valueName":"search_term_string"}}],"inLanguage":"it-IT"}]}},"_links":{"self":[{"href":"https:\/\/www.accuratereviews.com\/it\/wp-json\/wp\/v2\/pages\/58741","targetHints":{"allow":["GET"]}}],"collection":[{"href":"https:\/\/www.accuratereviews.com\/it\/wp-json\/wp\/v2\/pages"}],"about":[{"href":"https:\/\/www.accuratereviews.com\/it\/wp-json\/wp\/v2\/types\/page"}],"author":[{"embeddable":true,"href":"https:\/\/www.accuratereviews.com\/it\/wp-json\/wp\/v2\/users\/17"}],"replies":[{"embeddable":true,"href":"https:\/\/www.accuratereviews.com\/it\/wp-json\/wp\/v2\/comments?post=58741"}],"version-history":[{"count":6,"href":"https:\/\/www.accuratereviews.com\/it\/wp-json\/wp\/v2\/pages\/58741\/revisions"}],"predecessor-version":[{"id":58783,"href":"https:\/\/www.accuratereviews.com\/it\/wp-json\/wp\/v2\/pages\/58741\/revisions\/58783"}],"up":[{"embeddable":true,"href":"https:\/\/www.accuratereviews.com\/it\/wp-json\/wp\/v2\/pages\/58467"}],"wp:featuredmedia":[{"embeddable":true,"href":"https:\/\/www.accuratereviews.com\/it\/wp-json\/wp\/v2\/media\/58747"}],"wp:attachment":[{"href":"https:\/\/www.accuratereviews.com\/it\/wp-json\/wp\/v2\/media?parent=58741"}],"wp:term":[{"taxonomy":"category","embeddable":true,"href":"https:\/\/www.accuratereviews.com\/it\/wp-json\/wp\/v2\/categories?post=58741"},{"taxonomy":"post_tag","embeddable":true,"href":"https:\/\/www.accuratereviews.com\/it\/wp-json\/wp\/v2\/tags?post=58741"},{"taxonomy":"features","embeddable":true,"href":"https:\/\/www.accuratereviews.com\/it\/wp-json\/wp\/v2\/features?post=58741"}],"curies":[{"name":"wp","href":"https:\/\/api.w.org\/{rel}","templated":true}]}}