{"id":58757,"date":"2022-06-15T12:35:16","date_gmt":"2022-06-15T12:35:16","guid":{"rendered":"https:\/\/www.accuratereviews.com\/?page_id=58757"},"modified":"2022-06-15T12:35:16","modified_gmt":"2022-06-15T12:35:16","slug":"clickfunnels-recensione","status":"publish","type":"page","link":"https:\/\/www.accuratereviews.com\/it\/software-creare-landing-page\/clickfunnels-recensione\/","title":{"rendered":"ClickFunnels"},"content":{"rendered":"<p><strong>ClickFunnels<\/strong> \u00e8 una <strong>soluzione di hosting<\/strong> di siti web basata su <strong>cloud<\/strong> per imprenditori e piccole imprese che cercano una piattaforma di vendita online. La soluzione fornisce strumenti interattivi per la progettazione di siti web e canalizzazioni di marketing che le aziende possono utilizzare per interagire con il proprio pubblico e aumentare le vendite. Il programma offre una serie di modelli pronti all&#8217;uso per soddisfare le diverse esigenze aziendali. Questi modelli possono essere personalizzati per creare pi\u00f9 pagine utilizzando strumenti di editor drag and drop interattivi. I designer possono aggiungere contenuti come immagini, video, titoli ed elenchi dinamici alle loro pagine web per migliorare l&#8217;aspetto grafico dei loro siti di marketing. Con lo strumento <strong>Actionetics<\/strong> di<strong> ClickFunnels<\/strong>, le aziende possono tenere traccia delle attivit\u00e0 dei loro visitatori e generare vari approfondimenti che possono aiutare a migliorare il coinvolgimento dei clienti.<\/p>\n<h2>CLICKFUNNELS &#8211; TUTORIAL<\/h2>\n<p>Guardiamo insieme questo tutorial che spiega come sfruttare le funzioni di questo <strong>software di creazione\u00a0landing page:<\/strong><\/p>\n<div id=\"fluid-wrapper-counter-1\" class=\"g1-fluid-wrapper \" style=\"width:686px;\">\n<div style=\"padding-bottom:56.268221574344%;\"><iframe loading=\"lazy\" title=\"Corso Clickfunnels Tutorial Italiano 2022 \u2705 Guida Clickfunnels da principiante a ESPERTO di Funnels\" width=\"686\" height=\"386\" src=\"https:\/\/www.youtube.com\/embed\/sIlvonYVEUE?feature=oembed&amp;wmode=transparent&amp;autohide=1&amp;autoplay=0&amp;disablekb=0&amp;fs=1&amp;loop=0&amp;enablejsapi=1&amp;rel=0&amp;controls=2&amp;showinfo=0&amp;wmode=transparent&amp;autohide=2&amp;autoplay=0&amp;disablekb=0&amp;fs=1&amp;loop=0&amp;enablejsapi=1&amp;rel=0&amp;controls=2&amp;showinfo=1\" frameborder=\"0\" allow=\"accelerometer; autoplay; clipboard-write; encrypted-media; gyroscope; picture-in-picture\" allowfullscreen><\/iframe><\/div>\n<\/div>\n<h3>CLICKFUNNELS &#8211; CARATTERISTICHE<\/h3>\n<ul>\n<li>Guida i tuoi visitatori passo dopo passo attraverso l&#8217;intero processo di vendita in modo che non si confondano o si perdano e se ne vadano<\/li>\n<li>\u200bIndirizza il tuo cliente direttamente all&#8217;UNICO prodotto o servizio di cui ha pi\u00f9 bisogno per risolvere il suo problema<\/li>\n<li>Segui i tuoi visitatori, anche dopo che hanno lasciato la tua pagina<\/li>\n<li>Editor di pagine web semplice drag and drop<\/li>\n<li>Crea rapidamente canalizzazioni di vendita che convertono<\/li>\n<li>Carrello della spesa intelligente con un clic di upsell<\/li>\n<li>Automazione del marketing tramite email e Facebook<\/li>\n<li>Tutto organizzato in una semplice dashboard<\/li>\n<li>Genera nuovi lead con cui puoi entrare in contatto<\/li>\n<li>Puoi inviare messaggi altamente mirati ai tuoi clienti tramite email, social, sms e notifiche desktop.<\/li>\n<li>Crea semplici funnel che acquisiscano rapidamente le informazioni di contatto dei tuoi visitatori, in modo da poter generare nuovi lead da seguire<\/li>\n<\/ul>\n<h4>LE RECENSIONI DEGLI UTENTI<\/h4>\n<p class=\"font-weight-bold mb-2\"><strong>Dominic C.&#8221;ClickFunnels recensione&#8221;<\/strong><\/p>\n<p><strong>Commenti<\/strong>: Nel complesso la mia esperienza con questo software \u00e8 stata positiva. Sono un grande fan! \u00c8 un buon software e migliorano continuamente la piattaforma. Anche il marketing che ottieni \u00e8 fantastico. L&#8217;unico inconveniente \u00e8 che \u00e8 costoso anche per la versione base. Ci sono alternative meno costose l\u00e0 fuori che possono portare a termine il lavoro.<\/p>\n<p><strong>Pro<\/strong>:\u00a0Ha un sacco di formazione ed \u00e8 relativamente facile da usare. Ci sono molti modelli tra cui scegliere ed \u00e8 molto popolare, quindi ci sono molte persone che hanno familiarit\u00e0 con esso per aiutarti.<\/p>\n<p><strong>Contro<\/strong>:\u00a0Il prezzo \u00e8 pi\u00f9 alto rispetto ad altre alternative<\/p>\n<p class=\"font-weight-bold mb-2\"><strong>Mehandi I.&#8221;ClickFunnels Review&#8221;<\/strong><\/p>\n<p><strong>Commenti<\/strong>: I problemi aziendali che sto risolvendo con ClickFunnels sono la creazione di canalizzazioni di lead gen, vendite e marketing per i nostri clienti, la fornitura di servizi di marketing e social media ai nostri clienti. Aiutare le aziende a configurare i loro account clickfunnels e gestire la loro parte di automazione. Aiutandoli a portare la loro attivit\u00e0 online in un giorno. La cosa migliore di ClickFunnels \u00e8 che porta affari online in appena 1 ora circa.<\/p>\n<p><strong>Pro<\/strong>:\u00a0Le caratteristiche di maggior impatto sono: creazione di una presenza online con un semplice trascinamento della selezione, modelli personalizzabili, integrazione super facile e veloce con piattaforme di terze parti. Molto molto facile da usare. Nessuna competenza di programmazione o tecnica richiesta per utilizzare ClickFunnels.<\/p>\n<p><strong>Contro<\/strong>:\u00a0Se ClickFunnels pu\u00f2 avere un sistema di email marketing integrato migliore del loro jetpack, sar\u00e0 un vantaggio per gli imprenditori. Essendo un esperto di tecnologia, \u00e8 stato facile per me lavorare con ClickFunnels ed \u00e8 stato semplicissimo avviare e integrare con la mia attivit\u00e0 esistente.<\/p>\n<p class=\"font-weight-bold mb-2\"><strong>Nicole W.&#8221;Fare clic su\u00a0ClickFunnels\u00a0<span style=\"font-size: 16px;\">\u00e8 facile e semplice da usare. Una piattaforma che ha tutto!&#8221;<\/span><\/strong><\/p>\n<p><span class=\"font-weight-bold\"><strong>Commenti<\/strong>: <\/span>L&#8217;esperienza \u00e8 stata finora buona. Non posso lamentarmi.<\/p>\n<p class=\"font-weight-bold mb-2\">Pro:\u00a0Mi \u00e8 piaciuto quanto fosse facile lavorarci. Mi \u00e8 piaciuto il fatto che tu possa utilizzare i modelli e personalizzarli, oppure puoi crearne di tuoi da zero. Anche le integrazioni con le canalizzazioni dei clic erano facili da fare.<\/p>\n<p class=\"font-weight-bold mb-2\">Contro:\u00a0il prezzo&#8230; \u00e8 un po&#8217; alto. sono 97 noi, che sono 120 qualcosa di canadese. Ne vale la pena se lo stai usando per ospitare i tuoi programmi o usarlo per insegnare.<\/p>\n<div class=\"pl-4 my-4 py-3 border-left border-fog text-ash i18n-translation_vendor_container\" data-translation-id=\"2818808\" data-translation-vendor-target=\"original\">\n<h4 class=\"h5\"><\/h4>\n<\/div>\n<p>&nbsp;<\/p>\n","protected":false},"excerpt":{"rendered":"<p>ClickFunnels \u00e8 una soluzione di hosting di siti web basata su cloud per imprenditori e piccole imprese che cercano una piattaforma di vendita online. La soluzione fornisce strumenti interattivi per la progettazione di siti Web e canalizzazioni di marketing che le aziende possono utilizzare per interagire con il proprio pubblico e aumentare le vendite. Il programma\u00a0offre una serie di modelli pronti all&#8217;uso per soddisfare le diverse esigenze aziendali.<\/p>\n","protected":false},"author":16,"featured_media":58758,"parent":58467,"menu_order":0,"comment_status":"open","ping_status":"closed","template":"g1_template_page_review_new.php","meta":{"_acf_changed":false,"cwp_meta_box_check":"No","cwp_rev_product_name":"","cwp_rev_product_image":"","wppr_links":[],"cwp_rev_price":"","wppr_options":[],"wppr_pros":[],"wppr_cons":[],"_monsterinsights_skip_tracking":false,"_monsterinsights_sitenote_active":false,"_monsterinsights_sitenote_note":"","_monsterinsights_sitenote_category":0,"footnotes":""},"categories":[12754],"tags":[12821,12777,12778,12759,12776,12756,12758],"features":[],"class_list":{"0":"post-58757","1":"page","2":"type-page","3":"status-publish","4":"has-post-thumbnail","6":"category-software-per-creare-landing-page-cat","7":"tag-clickfunnels","8":"tag-creare-landing-page","9":"tag-landing-page","10":"tag-piattaforma-per-creare-landing-page","11":"tag-programma-per-creare-landing-page","12":"tag-software-per-creare-landing-page","13":"tag-soluzione-per-creare-landing-page"},"wppr_data":{"cwp_meta_box_check":"No"},"acf":[],"yoast_head":"<!-- This site is optimized with the Yoast SEO plugin v27.4 - https:\/\/yoast.com\/product\/yoast-seo-wordpress\/ -->\n<title>ClickFunnels: recensione software creazione landing page<\/title>\n<meta name=\"description\" content=\"ClickFunnels: recensione soluzione di hosting di siti web basata su cloud per imprenditori e piccole imprese che cercano una piattaforma di vendita online.\" \/>\n<meta name=\"robots\" content=\"index, follow, max-snippet:-1, max-image-preview:large, max-video-preview:-1\" \/>\n<link rel=\"canonical\" href=\"https:\/\/www.accuratereviews.com\/it\/software-creare-landing-page\/clickfunnels-recensione\/\" \/>\n<meta property=\"og:locale\" content=\"it_IT\" \/>\n<meta property=\"og:type\" content=\"article\" \/>\n<meta property=\"og:title\" content=\"ClickFunnels: recensione software creazione landing page\" \/>\n<meta property=\"og:description\" content=\"ClickFunnels: recensione soluzione di hosting di siti web basata su cloud per imprenditori e piccole imprese che cercano una piattaforma di vendita online.\" \/>\n<meta property=\"og:url\" content=\"https:\/\/www.accuratereviews.com\/it\/software-creare-landing-page\/clickfunnels-recensione\/\" \/>\n<meta property=\"og:site_name\" content=\"Accurate Reviews\" \/>\n<meta property=\"og:image\" content=\"https:\/\/www.accuratereviews.com\/wp-content\/uploads\/2022\/06\/ClickFunnels-.jpeg\" \/>\n\t<meta property=\"og:image:width\" content=\"750\" \/>\n\t<meta property=\"og:image:height\" content=\"372\" \/>\n\t<meta property=\"og:image:type\" content=\"image\/jpeg\" \/>\n<meta name=\"twitter:card\" content=\"summary_large_image\" \/>\n<meta name=\"twitter:label1\" content=\"Tempo di lettura stimato\" \/>\n\t<meta name=\"twitter:data1\" content=\"4 minuti\" \/>\n<script type=\"application\/ld+json\" class=\"yoast-schema-graph\">{\"@context\":\"https:\\\/\\\/schema.org\",\"@graph\":[{\"@type\":\"WebPage\",\"@id\":\"https:\\\/\\\/www.accuratereviews.com\\\/it\\\/software-creare-landing-page\\\/clickfunnels-recensione\\\/\",\"url\":\"https:\\\/\\\/www.accuratereviews.com\\\/it\\\/software-creare-landing-page\\\/clickfunnels-recensione\\\/\",\"name\":\"ClickFunnels: recensione software creazione landing page\",\"isPartOf\":{\"@id\":\"https:\\\/\\\/www.accuratereviews.com\\\/it\\\/#website\"},\"primaryImageOfPage\":{\"@id\":\"https:\\\/\\\/www.accuratereviews.com\\\/it\\\/software-creare-landing-page\\\/clickfunnels-recensione\\\/#primaryimage\"},\"image\":{\"@id\":\"https:\\\/\\\/www.accuratereviews.com\\\/it\\\/software-creare-landing-page\\\/clickfunnels-recensione\\\/#primaryimage\"},\"thumbnailUrl\":\"https:\\\/\\\/www.accuratereviews.com\\\/wp-content\\\/uploads\\\/2022\\\/06\\\/ClickFunnels-.jpeg\",\"datePublished\":\"2022-06-15T12:35:16+00:00\",\"description\":\"ClickFunnels: recensione soluzione di hosting di siti web basata su cloud per imprenditori e piccole imprese che cercano una piattaforma di vendita online.\",\"breadcrumb\":{\"@id\":\"https:\\\/\\\/www.accuratereviews.com\\\/it\\\/software-creare-landing-page\\\/clickfunnels-recensione\\\/#breadcrumb\"},\"inLanguage\":\"it-IT\",\"potentialAction\":[{\"@type\":\"ReadAction\",\"target\":[\"https:\\\/\\\/www.accuratereviews.com\\\/it\\\/software-creare-landing-page\\\/clickfunnels-recensione\\\/\"]}]},{\"@type\":\"ImageObject\",\"inLanguage\":\"it-IT\",\"@id\":\"https:\\\/\\\/www.accuratereviews.com\\\/it\\\/software-creare-landing-page\\\/clickfunnels-recensione\\\/#primaryimage\",\"url\":\"https:\\\/\\\/www.accuratereviews.com\\\/wp-content\\\/uploads\\\/2022\\\/06\\\/ClickFunnels-.jpeg\",\"contentUrl\":\"https:\\\/\\\/www.accuratereviews.com\\\/wp-content\\\/uploads\\\/2022\\\/06\\\/ClickFunnels-.jpeg\",\"width\":750,\"height\":372},{\"@type\":\"BreadcrumbList\",\"@id\":\"https:\\\/\\\/www.accuratereviews.com\\\/it\\\/software-creare-landing-page\\\/clickfunnels-recensione\\\/#breadcrumb\",\"itemListElement\":[{\"@type\":\"ListItem\",\"position\":1,\"name\":\"Home\",\"item\":\"https:\\\/\\\/www.accuratereviews.com\\\/it\\\/\"},{\"@type\":\"ListItem\",\"position\":2,\"name\":\"Software per creare landing page\",\"item\":\"https:\\\/\\\/www.accuratereviews.com\\\/it\\\/software-creare-landing-page\\\/\"},{\"@type\":\"ListItem\",\"position\":3,\"name\":\"ClickFunnels\"}]},{\"@type\":\"WebSite\",\"@id\":\"https:\\\/\\\/www.accuratereviews.com\\\/it\\\/#website\",\"url\":\"https:\\\/\\\/www.accuratereviews.com\\\/it\\\/\",\"name\":\"Accurate Reviews\",\"description\":\"\",\"potentialAction\":[{\"@type\":\"SearchAction\",\"target\":{\"@type\":\"EntryPoint\",\"urlTemplate\":\"https:\\\/\\\/www.accuratereviews.com\\\/it\\\/?s={search_term_string}\"},\"query-input\":{\"@type\":\"PropertyValueSpecification\",\"valueRequired\":true,\"valueName\":\"search_term_string\"}}],\"inLanguage\":\"it-IT\"}]}<\/script>\n<!-- \/ Yoast SEO plugin. -->","yoast_head_json":{"title":"ClickFunnels: recensione software creazione landing page","description":"ClickFunnels: recensione soluzione di hosting di siti web basata su cloud per imprenditori e piccole imprese che cercano una piattaforma di vendita online.","robots":{"index":"index","follow":"follow","max-snippet":"max-snippet:-1","max-image-preview":"max-image-preview:large","max-video-preview":"max-video-preview:-1"},"canonical":"https:\/\/www.accuratereviews.com\/it\/software-creare-landing-page\/clickfunnels-recensione\/","og_locale":"it_IT","og_type":"article","og_title":"ClickFunnels: recensione software creazione landing page","og_description":"ClickFunnels: recensione soluzione di hosting di siti web basata su cloud per imprenditori e piccole imprese che cercano una piattaforma di vendita online.","og_url":"https:\/\/www.accuratereviews.com\/it\/software-creare-landing-page\/clickfunnels-recensione\/","og_site_name":"Accurate Reviews","og_image":[{"width":750,"height":372,"url":"https:\/\/www.accuratereviews.com\/wp-content\/uploads\/2022\/06\/ClickFunnels-.jpeg","type":"image\/jpeg"}],"twitter_card":"summary_large_image","twitter_misc":{"Tempo di lettura stimato":"4 minuti"},"schema":{"@context":"https:\/\/schema.org","@graph":[{"@type":"WebPage","@id":"https:\/\/www.accuratereviews.com\/it\/software-creare-landing-page\/clickfunnels-recensione\/","url":"https:\/\/www.accuratereviews.com\/it\/software-creare-landing-page\/clickfunnels-recensione\/","name":"ClickFunnels: recensione software creazione landing page","isPartOf":{"@id":"https:\/\/www.accuratereviews.com\/it\/#website"},"primaryImageOfPage":{"@id":"https:\/\/www.accuratereviews.com\/it\/software-creare-landing-page\/clickfunnels-recensione\/#primaryimage"},"image":{"@id":"https:\/\/www.accuratereviews.com\/it\/software-creare-landing-page\/clickfunnels-recensione\/#primaryimage"},"thumbnailUrl":"https:\/\/www.accuratereviews.com\/wp-content\/uploads\/2022\/06\/ClickFunnels-.jpeg","datePublished":"2022-06-15T12:35:16+00:00","description":"ClickFunnels: recensione soluzione di hosting di siti web basata su cloud per imprenditori e piccole imprese che cercano una piattaforma di vendita online.","breadcrumb":{"@id":"https:\/\/www.accuratereviews.com\/it\/software-creare-landing-page\/clickfunnels-recensione\/#breadcrumb"},"inLanguage":"it-IT","potentialAction":[{"@type":"ReadAction","target":["https:\/\/www.accuratereviews.com\/it\/software-creare-landing-page\/clickfunnels-recensione\/"]}]},{"@type":"ImageObject","inLanguage":"it-IT","@id":"https:\/\/www.accuratereviews.com\/it\/software-creare-landing-page\/clickfunnels-recensione\/#primaryimage","url":"https:\/\/www.accuratereviews.com\/wp-content\/uploads\/2022\/06\/ClickFunnels-.jpeg","contentUrl":"https:\/\/www.accuratereviews.com\/wp-content\/uploads\/2022\/06\/ClickFunnels-.jpeg","width":750,"height":372},{"@type":"BreadcrumbList","@id":"https:\/\/www.accuratereviews.com\/it\/software-creare-landing-page\/clickfunnels-recensione\/#breadcrumb","itemListElement":[{"@type":"ListItem","position":1,"name":"Home","item":"https:\/\/www.accuratereviews.com\/it\/"},{"@type":"ListItem","position":2,"name":"Software per creare landing page","item":"https:\/\/www.accuratereviews.com\/it\/software-creare-landing-page\/"},{"@type":"ListItem","position":3,"name":"ClickFunnels"}]},{"@type":"WebSite","@id":"https:\/\/www.accuratereviews.com\/it\/#website","url":"https:\/\/www.accuratereviews.com\/it\/","name":"Accurate Reviews","description":"","potentialAction":[{"@type":"SearchAction","target":{"@type":"EntryPoint","urlTemplate":"https:\/\/www.accuratereviews.com\/it\/?s={search_term_string}"},"query-input":{"@type":"PropertyValueSpecification","valueRequired":true,"valueName":"search_term_string"}}],"inLanguage":"it-IT"}]}},"_links":{"self":[{"href":"https:\/\/www.accuratereviews.com\/it\/wp-json\/wp\/v2\/pages\/58757","targetHints":{"allow":["GET"]}}],"collection":[{"href":"https:\/\/www.accuratereviews.com\/it\/wp-json\/wp\/v2\/pages"}],"about":[{"href":"https:\/\/www.accuratereviews.com\/it\/wp-json\/wp\/v2\/types\/page"}],"author":[{"embeddable":true,"href":"https:\/\/www.accuratereviews.com\/it\/wp-json\/wp\/v2\/users\/16"}],"replies":[{"embeddable":true,"href":"https:\/\/www.accuratereviews.com\/it\/wp-json\/wp\/v2\/comments?post=58757"}],"version-history":[{"count":5,"href":"https:\/\/www.accuratereviews.com\/it\/wp-json\/wp\/v2\/pages\/58757\/revisions"}],"predecessor-version":[{"id":58781,"href":"https:\/\/www.accuratereviews.com\/it\/wp-json\/wp\/v2\/pages\/58757\/revisions\/58781"}],"up":[{"embeddable":true,"href":"https:\/\/www.accuratereviews.com\/it\/wp-json\/wp\/v2\/pages\/58467"}],"wp:featuredmedia":[{"embeddable":true,"href":"https:\/\/www.accuratereviews.com\/it\/wp-json\/wp\/v2\/media\/58758"}],"wp:attachment":[{"href":"https:\/\/www.accuratereviews.com\/it\/wp-json\/wp\/v2\/media?parent=58757"}],"wp:term":[{"taxonomy":"category","embeddable":true,"href":"https:\/\/www.accuratereviews.com\/it\/wp-json\/wp\/v2\/categories?post=58757"},{"taxonomy":"post_tag","embeddable":true,"href":"https:\/\/www.accuratereviews.com\/it\/wp-json\/wp\/v2\/tags?post=58757"},{"taxonomy":"features","embeddable":true,"href":"https:\/\/www.accuratereviews.com\/it\/wp-json\/wp\/v2\/features?post=58757"}],"curies":[{"name":"wp","href":"https:\/\/api.w.org\/{rel}","templated":true}]}}