{"id":58765,"date":"2022-06-15T12:33:33","date_gmt":"2022-06-15T12:33:33","guid":{"rendered":"https:\/\/www.accuratereviews.com\/?page_id=58765"},"modified":"2022-06-15T12:33:33","modified_gmt":"2022-06-15T12:33:33","slug":"instapage-recensione","status":"publish","type":"page","link":"https:\/\/www.accuratereviews.com\/it\/software-creare-landing-page\/instapage-recensione\/","title":{"rendered":"Instapage"},"content":{"rendered":"<p><strong>Instapage<\/strong> \u00e8 la<strong> piattaforma di landing page<\/strong> pi\u00f9 avanzata al mondo, che aiuta gli inserzionisti digitali a creare pubblicit\u00e0 pertinente e di impatto, semplificando la creazione di landing page ottimizzate per la conversione in pochi minuti. Con questa soluzione, gli esperti di marketing possono massimizzare le conversioni creando, personalizzando, ottimizzando le pagine di destinazione su larga scala, collegando automaticamente gli annunci con le pagine post-clic pertinenti e fornendo approfondimenti per guidare la massima crescita possibile dalle campagne pubblicitarie digitali. Possiede\u00a0oltre 500 layout personalizzabili per settore e caso d&#8217;uso. Lo strumento di editor di pagine di Instapage consente alle aziende di creare pagine web reattive ai dispositivi mobili che vengono automaticamente adattate per pi\u00f9 dispositivi con risoluzioni dello schermo diverse.<\/p>\n<h2>INSTAPAGE &#8211; TUTORIAL<\/h2>\n<p>IL tutorial ti mostra passo dopo passo come utilizzare questo software per creare una landing page:<\/p>\n<div id=\"fluid-wrapper-counter-1\" class=\"g1-fluid-wrapper \" style=\"width:686px;\">\n<div style=\"padding-bottom:56.268221574344%;\"><iframe loading=\"lazy\" title=\"Instapage Landing Page Review &amp; Tutorial (for Beginners)\" width=\"686\" height=\"386\" src=\"https:\/\/www.youtube.com\/embed\/2ifl1WtXjfw?feature=oembed&amp;wmode=transparent&amp;autohide=1&amp;autoplay=0&amp;disablekb=0&amp;fs=1&amp;loop=0&amp;enablejsapi=1&amp;rel=0&amp;controls=2&amp;showinfo=0&amp;wmode=transparent&amp;autohide=2&amp;autoplay=0&amp;disablekb=0&amp;fs=1&amp;loop=0&amp;enablejsapi=1&amp;rel=0&amp;controls=2&amp;showinfo=1\" frameborder=\"0\" allow=\"accelerometer; autoplay; clipboard-write; encrypted-media; gyroscope; picture-in-picture\" allowfullscreen><\/iframe><\/div>\n<\/div>\n<h3>INSTAPAGE &#8211; CARATTERISTICHE<\/h3>\n<ul>\n<li>Layout dei modelli in base al settore e al caso d&#8217;uso<\/li>\n<li>Collaborazione visiva sulla pagina<\/li>\n<li>Gestore delle risorse di immagine<\/li>\n<li>Pagine di destinazione AMPBlocchi globali<\/li>\n<li>Allineamento, raggruppamento e distribuzione<\/li>\n<li>Misurazione del bordo<\/li>\n<li>Caratteri personalizzati (Google e Adobe)<\/li>\n<li>Widget<\/li>\n<li>Modifica del codice personalizzato<\/li>\n<li>Scelte rapide<\/li>\n<li>Cronologia delle versioni della pagina<\/li>\n<li>Carica\/Scarica modelli<\/li>\n<li>Protezione da sovrascrittura<\/li>\n<\/ul>\n<h4>LE RECENSIONI DEGLI UTENTI<\/h4>\n<p class=\"font-weight-bold mb-2\"><strong>Stephanie M.&#8221;Il miglior generatore di pagine di destinazione personalizzabili con trascinamento della selezione di sempre&#8221;<\/strong><\/p>\n<p><span class=\"font-weight-bold\"><strong>Commenti<\/strong>: <\/span>Servizio clienti eccellente (aiutano sempre quando necessario) e adoro anche il vantaggio di testare A\/B le mie pagine di destinazione per assicurarmi che convertano pi\u00f9 in alto. Uso Instapage per tutto, \u00e8 una parte fondamentale del modo in cui gestisco la mia attivit\u00e0.<\/p>\n<p class=\"font-weight-bold mb-2\"><strong>Pro<\/strong>:\u00a0Il motivo per cui utilizzo Instagram al contrario di altri software di landing page dei miei altri fornitori di software (come Kajabi) \u00e8 che Instagram \u00e8 completamente personalizzabile. Tutto quello che voglio creare, \u00e8 possibile. Non mi piacciono altri costruttori di pagine di destinazione che ti limitano con modelli difficili da modificare.<\/p>\n<p class=\"font-weight-bold mb-2\"><strong>Contro<\/strong>:\u00a0Il costo \u00e8 abbastanza alto, pi\u00f9 di quanto avrei voluto spendere. Detto questo, si \u00e8 ripagato da solo cos\u00ec tante volte.<\/p>\n<p class=\"font-weight-bold mb-2\"><strong>George R.&#8221;buon prodotto nel complesso&#8221;<\/strong><\/p>\n<p class=\"font-weight-bold mb-2\"><strong>Pro<\/strong>:\u00a0facile da usare, procedure automatizzate facile implementazione<\/p>\n<p class=\"font-weight-bold mb-2\"><strong>Contro<\/strong>:\u00a0un po &#8216;obsoleto sulla tecnologia che utilizza, la grafica ha bisogno di un po&#8217; di aggiornamenti<\/p>\n<p class=\"font-weight-bold mb-2\"><strong>Francisco C.&#8221;Un Partner per Convertire&#8221;<\/strong><\/p>\n<p><span class=\"font-weight-bold\"><strong>Commenti<\/strong>: <\/span>Utilizziamo Instapage da quasi 5 anni. Siamo felici di come sta crescendo e ci permette di avere un maggiore controllo sulle nostre campagne di marketing per i nostri clienti.<\/p>\n<p class=\"font-weight-bold mb-2\"><strong>Pro<\/strong>:\u00a0Ottimo software. Selezioniamo un SaaS basato in diverse condizioni, ma Facilit\u00e0 e Integrazioni sono in cima. Instapage \u00e8 un software a cinque stelle in entrambi e la chat dal vivo per il supporto \u00e8 sempre super utile<\/p>\n<p class=\"font-weight-bold mb-2\"><strong>Contro<\/strong>:\u00a0Non tutto il mio team parla inglese. A volte abbiamo bisogno del supporto spagnolo e non \u00e8 quasi mai disponibile. Inoltre, il team di produzione di Instapage \u00e8 un po&#8217; lento nel risolvere le nostre esigenze di sviluppo.<\/p>\n<p>&nbsp;<\/p>\n","protected":false},"excerpt":{"rendered":"<p>Instapage \u00e8 la piattaforma di landing page pi\u00f9 avanzata al mondo, che aiuta gli inserzionisti digitali a creare pubblicit\u00e0 pertinente e di impatto, semplificando la creazione di landing page ottimizzate per la conversione in pochi minuti. Con questa soluzione, gli esperti di marketing possono massimizzare le conversioni creando, personalizzando, ottimizzando le pagine di destinazione su larga scala.<\/p>\n","protected":false},"author":16,"featured_media":58769,"parent":58467,"menu_order":0,"comment_status":"open","ping_status":"closed","template":"g1_template_page_review_new.php","meta":{"_acf_changed":false,"cwp_meta_box_check":"No","cwp_rev_product_name":"","cwp_rev_product_image":"","wppr_links":[],"cwp_rev_price":"","wppr_options":[],"wppr_pros":[],"wppr_cons":[],"_monsterinsights_skip_tracking":false,"_monsterinsights_sitenote_active":false,"_monsterinsights_sitenote_note":"","_monsterinsights_sitenote_category":0,"footnotes":""},"categories":[12754],"tags":[12810,12820,12778,12759,12776,12756,12758],"features":[],"class_list":{"0":"post-58765","1":"page","2":"type-page","3":"status-publish","4":"has-post-thumbnail","6":"category-software-per-creare-landing-page-cat","7":"tag-creazione-landing-page","8":"tag-instapage","9":"tag-landing-page","10":"tag-piattaforma-per-creare-landing-page","11":"tag-programma-per-creare-landing-page","12":"tag-software-per-creare-landing-page","13":"tag-soluzione-per-creare-landing-page"},"wppr_data":{"cwp_meta_box_check":"No"},"acf":[],"yoast_head":"<!-- This site is optimized with the Yoast SEO plugin v27.4 - https:\/\/yoast.com\/product\/yoast-seo-wordpress\/ -->\n<title>Instapage: recensione software creazione landing page Accurate Reviews<\/title>\n<meta name=\"description\" content=\"Instapage: recensione piattaforma di landing page che aiuta gli inserzionisti digitali a creare pubblicit\u00e0 pertinente e di impatto.\" \/>\n<meta name=\"robots\" content=\"index, follow, max-snippet:-1, max-image-preview:large, max-video-preview:-1\" \/>\n<link rel=\"canonical\" href=\"https:\/\/www.accuratereviews.com\/it\/software-creare-landing-page\/instapage-recensione\/\" \/>\n<meta property=\"og:locale\" content=\"it_IT\" \/>\n<meta property=\"og:type\" content=\"article\" \/>\n<meta property=\"og:title\" content=\"Instapage: recensione software creazione landing page Accurate Reviews\" \/>\n<meta property=\"og:description\" content=\"Instapage: recensione piattaforma di landing page che aiuta gli inserzionisti digitali a creare pubblicit\u00e0 pertinente e di impatto.\" \/>\n<meta property=\"og:url\" content=\"https:\/\/www.accuratereviews.com\/it\/software-creare-landing-page\/instapage-recensione\/\" \/>\n<meta property=\"og:site_name\" content=\"Accurate Reviews\" \/>\n<meta property=\"og:image\" content=\"https:\/\/www.accuratereviews.com\/wp-content\/uploads\/2022\/06\/Instapage.jpeg\" \/>\n\t<meta property=\"og:image:width\" content=\"492\" \/>\n\t<meta property=\"og:image:height\" content=\"332\" \/>\n\t<meta property=\"og:image:type\" content=\"image\/jpeg\" \/>\n<meta name=\"twitter:card\" content=\"summary_large_image\" \/>\n<meta name=\"twitter:label1\" content=\"Tempo di lettura stimato\" \/>\n\t<meta name=\"twitter:data1\" content=\"3 minuti\" \/>\n<script type=\"application\/ld+json\" class=\"yoast-schema-graph\">{\"@context\":\"https:\\\/\\\/schema.org\",\"@graph\":[{\"@type\":\"WebPage\",\"@id\":\"https:\\\/\\\/www.accuratereviews.com\\\/it\\\/software-creare-landing-page\\\/instapage-recensione\\\/\",\"url\":\"https:\\\/\\\/www.accuratereviews.com\\\/it\\\/software-creare-landing-page\\\/instapage-recensione\\\/\",\"name\":\"Instapage: recensione software creazione landing page Accurate Reviews\",\"isPartOf\":{\"@id\":\"https:\\\/\\\/www.accuratereviews.com\\\/it\\\/#website\"},\"primaryImageOfPage\":{\"@id\":\"https:\\\/\\\/www.accuratereviews.com\\\/it\\\/software-creare-landing-page\\\/instapage-recensione\\\/#primaryimage\"},\"image\":{\"@id\":\"https:\\\/\\\/www.accuratereviews.com\\\/it\\\/software-creare-landing-page\\\/instapage-recensione\\\/#primaryimage\"},\"thumbnailUrl\":\"https:\\\/\\\/www.accuratereviews.com\\\/wp-content\\\/uploads\\\/2022\\\/06\\\/Instapage.jpeg\",\"datePublished\":\"2022-06-15T12:33:33+00:00\",\"description\":\"Instapage: recensione piattaforma di landing page che aiuta gli inserzionisti digitali a creare pubblicit\u00e0 pertinente e di impatto.\",\"breadcrumb\":{\"@id\":\"https:\\\/\\\/www.accuratereviews.com\\\/it\\\/software-creare-landing-page\\\/instapage-recensione\\\/#breadcrumb\"},\"inLanguage\":\"it-IT\",\"potentialAction\":[{\"@type\":\"ReadAction\",\"target\":[\"https:\\\/\\\/www.accuratereviews.com\\\/it\\\/software-creare-landing-page\\\/instapage-recensione\\\/\"]}]},{\"@type\":\"ImageObject\",\"inLanguage\":\"it-IT\",\"@id\":\"https:\\\/\\\/www.accuratereviews.com\\\/it\\\/software-creare-landing-page\\\/instapage-recensione\\\/#primaryimage\",\"url\":\"https:\\\/\\\/www.accuratereviews.com\\\/wp-content\\\/uploads\\\/2022\\\/06\\\/Instapage.jpeg\",\"contentUrl\":\"https:\\\/\\\/www.accuratereviews.com\\\/wp-content\\\/uploads\\\/2022\\\/06\\\/Instapage.jpeg\",\"width\":492,\"height\":332},{\"@type\":\"BreadcrumbList\",\"@id\":\"https:\\\/\\\/www.accuratereviews.com\\\/it\\\/software-creare-landing-page\\\/instapage-recensione\\\/#breadcrumb\",\"itemListElement\":[{\"@type\":\"ListItem\",\"position\":1,\"name\":\"Home\",\"item\":\"https:\\\/\\\/www.accuratereviews.com\\\/it\\\/\"},{\"@type\":\"ListItem\",\"position\":2,\"name\":\"Software per creare landing page\",\"item\":\"https:\\\/\\\/www.accuratereviews.com\\\/it\\\/software-creare-landing-page\\\/\"},{\"@type\":\"ListItem\",\"position\":3,\"name\":\"Instapage\"}]},{\"@type\":\"WebSite\",\"@id\":\"https:\\\/\\\/www.accuratereviews.com\\\/it\\\/#website\",\"url\":\"https:\\\/\\\/www.accuratereviews.com\\\/it\\\/\",\"name\":\"Accurate Reviews\",\"description\":\"\",\"potentialAction\":[{\"@type\":\"SearchAction\",\"target\":{\"@type\":\"EntryPoint\",\"urlTemplate\":\"https:\\\/\\\/www.accuratereviews.com\\\/it\\\/?s={search_term_string}\"},\"query-input\":{\"@type\":\"PropertyValueSpecification\",\"valueRequired\":true,\"valueName\":\"search_term_string\"}}],\"inLanguage\":\"it-IT\"}]}<\/script>\n<!-- \/ Yoast SEO plugin. -->","yoast_head_json":{"title":"Instapage: recensione software creazione landing page Accurate Reviews","description":"Instapage: recensione piattaforma di landing page che aiuta gli inserzionisti digitali a creare pubblicit\u00e0 pertinente e di impatto.","robots":{"index":"index","follow":"follow","max-snippet":"max-snippet:-1","max-image-preview":"max-image-preview:large","max-video-preview":"max-video-preview:-1"},"canonical":"https:\/\/www.accuratereviews.com\/it\/software-creare-landing-page\/instapage-recensione\/","og_locale":"it_IT","og_type":"article","og_title":"Instapage: recensione software creazione landing page Accurate Reviews","og_description":"Instapage: recensione piattaforma di landing page che aiuta gli inserzionisti digitali a creare pubblicit\u00e0 pertinente e di impatto.","og_url":"https:\/\/www.accuratereviews.com\/it\/software-creare-landing-page\/instapage-recensione\/","og_site_name":"Accurate Reviews","og_image":[{"width":492,"height":332,"url":"https:\/\/www.accuratereviews.com\/wp-content\/uploads\/2022\/06\/Instapage.jpeg","type":"image\/jpeg"}],"twitter_card":"summary_large_image","twitter_misc":{"Tempo di lettura stimato":"3 minuti"},"schema":{"@context":"https:\/\/schema.org","@graph":[{"@type":"WebPage","@id":"https:\/\/www.accuratereviews.com\/it\/software-creare-landing-page\/instapage-recensione\/","url":"https:\/\/www.accuratereviews.com\/it\/software-creare-landing-page\/instapage-recensione\/","name":"Instapage: recensione software creazione landing page Accurate Reviews","isPartOf":{"@id":"https:\/\/www.accuratereviews.com\/it\/#website"},"primaryImageOfPage":{"@id":"https:\/\/www.accuratereviews.com\/it\/software-creare-landing-page\/instapage-recensione\/#primaryimage"},"image":{"@id":"https:\/\/www.accuratereviews.com\/it\/software-creare-landing-page\/instapage-recensione\/#primaryimage"},"thumbnailUrl":"https:\/\/www.accuratereviews.com\/wp-content\/uploads\/2022\/06\/Instapage.jpeg","datePublished":"2022-06-15T12:33:33+00:00","description":"Instapage: recensione piattaforma di landing page che aiuta gli inserzionisti digitali a creare pubblicit\u00e0 pertinente e di impatto.","breadcrumb":{"@id":"https:\/\/www.accuratereviews.com\/it\/software-creare-landing-page\/instapage-recensione\/#breadcrumb"},"inLanguage":"it-IT","potentialAction":[{"@type":"ReadAction","target":["https:\/\/www.accuratereviews.com\/it\/software-creare-landing-page\/instapage-recensione\/"]}]},{"@type":"ImageObject","inLanguage":"it-IT","@id":"https:\/\/www.accuratereviews.com\/it\/software-creare-landing-page\/instapage-recensione\/#primaryimage","url":"https:\/\/www.accuratereviews.com\/wp-content\/uploads\/2022\/06\/Instapage.jpeg","contentUrl":"https:\/\/www.accuratereviews.com\/wp-content\/uploads\/2022\/06\/Instapage.jpeg","width":492,"height":332},{"@type":"BreadcrumbList","@id":"https:\/\/www.accuratereviews.com\/it\/software-creare-landing-page\/instapage-recensione\/#breadcrumb","itemListElement":[{"@type":"ListItem","position":1,"name":"Home","item":"https:\/\/www.accuratereviews.com\/it\/"},{"@type":"ListItem","position":2,"name":"Software per creare landing page","item":"https:\/\/www.accuratereviews.com\/it\/software-creare-landing-page\/"},{"@type":"ListItem","position":3,"name":"Instapage"}]},{"@type":"WebSite","@id":"https:\/\/www.accuratereviews.com\/it\/#website","url":"https:\/\/www.accuratereviews.com\/it\/","name":"Accurate Reviews","description":"","potentialAction":[{"@type":"SearchAction","target":{"@type":"EntryPoint","urlTemplate":"https:\/\/www.accuratereviews.com\/it\/?s={search_term_string}"},"query-input":{"@type":"PropertyValueSpecification","valueRequired":true,"valueName":"search_term_string"}}],"inLanguage":"it-IT"}]}},"_links":{"self":[{"href":"https:\/\/www.accuratereviews.com\/it\/wp-json\/wp\/v2\/pages\/58765","targetHints":{"allow":["GET"]}}],"collection":[{"href":"https:\/\/www.accuratereviews.com\/it\/wp-json\/wp\/v2\/pages"}],"about":[{"href":"https:\/\/www.accuratereviews.com\/it\/wp-json\/wp\/v2\/types\/page"}],"author":[{"embeddable":true,"href":"https:\/\/www.accuratereviews.com\/it\/wp-json\/wp\/v2\/users\/16"}],"replies":[{"embeddable":true,"href":"https:\/\/www.accuratereviews.com\/it\/wp-json\/wp\/v2\/comments?post=58765"}],"version-history":[{"count":4,"href":"https:\/\/www.accuratereviews.com\/it\/wp-json\/wp\/v2\/pages\/58765\/revisions"}],"predecessor-version":[{"id":58779,"href":"https:\/\/www.accuratereviews.com\/it\/wp-json\/wp\/v2\/pages\/58765\/revisions\/58779"}],"up":[{"embeddable":true,"href":"https:\/\/www.accuratereviews.com\/it\/wp-json\/wp\/v2\/pages\/58467"}],"wp:featuredmedia":[{"embeddable":true,"href":"https:\/\/www.accuratereviews.com\/it\/wp-json\/wp\/v2\/media\/58769"}],"wp:attachment":[{"href":"https:\/\/www.accuratereviews.com\/it\/wp-json\/wp\/v2\/media?parent=58765"}],"wp:term":[{"taxonomy":"category","embeddable":true,"href":"https:\/\/www.accuratereviews.com\/it\/wp-json\/wp\/v2\/categories?post=58765"},{"taxonomy":"post_tag","embeddable":true,"href":"https:\/\/www.accuratereviews.com\/it\/wp-json\/wp\/v2\/tags?post=58765"},{"taxonomy":"features","embeddable":true,"href":"https:\/\/www.accuratereviews.com\/it\/wp-json\/wp\/v2\/features?post=58765"}],"curies":[{"name":"wp","href":"https:\/\/api.w.org\/{rel}","templated":true}]}}