{"id":58787,"date":"2022-06-16T10:52:47","date_gmt":"2022-06-16T10:52:47","guid":{"rendered":"https:\/\/www.accuratereviews.com\/?page_id=58787"},"modified":"2022-06-16T10:52:47","modified_gmt":"2022-06-16T10:52:47","slug":"divi-recensione","status":"publish","type":"page","link":"https:\/\/www.accuratereviews.com\/it\/software-creare-landing-page\/divi-recensione\/","title":{"rendered":"Divi"},"content":{"rendered":"<p><strong>Divi<\/strong>, <strong>applicazione per generare temi e pagine web<\/strong> per <strong>WordPress,<\/strong> consente agli utenti di creare modelli di temi personalizzati, sezioni riutilizzabili e intere pagine online. Con una modalit\u00e0 wireframe incorporata per una panoramica della struttura della pagina, varie finestre per l&#8217;anteprima della visualizzazione mobile e un pannello della cronologia per correggere gli errori, questo builder drag-and-drop consente agli utenti di pubblicare contenuti su un numero illimitato di pagine web senza competenze di programmazione. Viene fornito con una vasta libreria di oltre 100 modelli, inclusi modelli di slider e CTA preimpostati, testimonianze, post a carosello e moduli. Dispone inoltre di test divisi, temi extra, moduli e plug-in per aumentare i lead e le conversioni per riviste online, blog di giornalisti e altro ancora.<\/p>\n<h2>DIVI &#8211; TUTORIAL<\/h2>\n<p>Ecco un tutorial in italiano che ti permetter\u00e0 di imparare a usare questo <strong>software per la creazione di landing page<\/strong>:<\/p>\n<div id=\"fluid-wrapper-counter-1\" class=\"g1-fluid-wrapper \" style=\"width:686px;\">\n<div style=\"padding-bottom:56.268221574344%;\"><iframe loading=\"lazy\" title=\"Come CREARE un sito WordPress con tema DIVI\" width=\"686\" height=\"386\" src=\"https:\/\/www.youtube.com\/embed\/P99KBZ97mhY?feature=oembed&amp;wmode=transparent&amp;autohide=1&amp;autoplay=0&amp;disablekb=0&amp;fs=1&amp;loop=0&amp;enablejsapi=1&amp;rel=0&amp;controls=2&amp;showinfo=0&amp;wmode=transparent&amp;autohide=2&amp;autoplay=0&amp;disablekb=0&amp;fs=1&amp;loop=0&amp;enablejsapi=1&amp;rel=0&amp;controls=2&amp;showinfo=1\" frameborder=\"0\" allow=\"accelerometer; autoplay; clipboard-write; encrypted-media; gyroscope; picture-in-picture\" allowfullscreen><\/iframe><\/div>\n<\/div>\n<h3>DIVI &#8211; CARATTERISTICHE<\/h3>\n<ul>\n<li><strong>Drag &amp; Drop<\/strong>: aggiungi, elimina e sposta elementi sul front-end del tuo sito web. Nessuna codifica e nessuna opzione di back-end confusa<\/li>\n<li><strong>Vero editing visivo<\/strong>: progetta la tua pagina in tempo reale e guarda i risultati all&#8217;istante. Crea e personalizza le tue pagine utilizzando controlli visivi intuitivi<\/li>\n<li><strong>Controllo CSS personalizzato<\/strong>: gli sviluppatori possono facilmente combinare i controlli di progettazione visiva di Divi con i propri CSS personalizzati. L&#8217;interfaccia di Divi \u00e8 semplice ma non limitante<\/li>\n<li><strong>Modifica reattiva<\/strong>: costruire bellissimi siti web reattivi \u00e8 facile. Il software \u00e8 reattivo per natura e ti d\u00e0 anche il pieno controllo sull&#8217;aspetto del tuo sito web sui dispositivi mobili<\/li>\n<li><strong>Opzioni di design<\/strong>: goditi dozzine di elementi di pagina unici e migliaia di opzioni di design. La soluzione ti offre il pieno controllo del design sul tuo sito web<\/li>\n<li><strong>Modifica del testo in linea<\/strong>: cambiare la tua pagina non \u00e8 mai stato cos\u00ec facile. Bozza di pagine sul front-end e visualizza i risultati all&#8217;istante durante la digitazione<\/li>\n<li><strong>Salva e gestisci i tuoi progetti<\/strong>: salva e gestisci design personalizzati illimitati. Riutilizzali facilmente per avviare nuove pagine. Crea sistemi di progettazione avanzati e ottimizza il flusso di lavoro<\/li>\n<li><strong>Annulla, ripristina e revisioni<\/strong>: con questo programma potrai annullare, ripristinare e viaggiare facilmente attraverso l&#8217;intera cronologia delle modifiche.<\/li>\n<\/ul>\n<h4>LE RECENSIONI DEGLI UTENTI<\/h4>\n<p class=\"font-weight-bold mb-2\"><strong>Davide M.&#8221;Ottimo tema&#8221;<\/strong><\/p>\n<p class=\"font-weight-bold mb-2\"><strong>Pro<\/strong>:\u00a0Opzioni grafiche, possibilit\u00e0 di esportare lavori su altri siti, assistenza veloce e capace<\/p>\n<p class=\"font-weight-bold mb-2\"><strong>Contro<\/strong>:\u00a0Un po&#8217; pesante, poche impostazioni grafiche per i menu<\/p>\n<p class=\"font-weight-bold mb-2\"><strong>Letizia G.&#8221;Ottimo prodotto, assistenza veloce e soddisfacente&#8221;<\/strong><\/p>\n<p><span class=\"font-weight-bold\"><strong>Commenti<\/strong>: <\/span>Mi trovo bene e sono molto soddisfatta dell&#8217;assistenza che \u00e8 sempre puntuale e ha sempre risolto tutti i problemi che ho incontrato<\/p>\n<p class=\"font-weight-bold mb-2\"><strong>Pro<\/strong>:\u00a0Molto completo e abbastanza facile da usare<\/p>\n<p class=\"font-weight-bold mb-2\"><strong>Contro<\/strong>:\u00a0I molti template tra cui scegliere sono molto simili e mi piacerebbe che fossero esteticamente pi\u00f9 dinamici<\/p>\n<p class=\"font-weight-bold mb-2\"><strong>Srini Y.&#8221;7 anni di bellissimo viaggio con Divi&#8221;<\/strong><\/p>\n<p><span class=\"font-weight-bold\"><strong>Commenti<\/strong>: <\/span>7 anni di viaggio incantevole con Divi.<\/p>\n<p class=\"font-weight-bold mb-2\"><strong>Pro<\/strong>:\u00a0Non sono un programmatore e non ero sicuro di quali Page Builder usare. La ricerca di Google mi ha portato a Divi e ho guardato i video di Divi su YouTube e ho pensato di usarlo. Inizialmente non ero un acquirente autorizzato, ma una volta che ne ho avuto un&#8217;idea, ho sentito il bisogno di investire su questo e sono andato avanti. L&#8217;unica sfida che devo affrontare \u00e8 questa. Quando utilizzo una riga Divi e qualsiasi modulo all&#8217;interno di quella riga. A volte le impostazioni delle righe e del modulo si sovrappongono tra loro, il che \u00e8 fastidioso. Divi Per favore, risolvi questo piccolo problema.<\/p>\n<p class=\"font-weight-bold mb-2\"><strong>Contro:\u00a0<\/strong>Menzionato sopra. Un piccolo problema minore, ma spero che Divi lo risolva.<\/p>\n","protected":false},"excerpt":{"rendered":"<p>Divi, applicazione per generare temi e pagine web per WordPress, consente agli utenti di creare modelli di temi personalizzati, sezioni riutilizzabili e intere pagine online. Con una modalit\u00e0 wireframe incorporata per una panoramica della struttura della pagina, varie finestre per l&#8217;anteprima della visualizzazione mobile e un pannello della cronologia per correggere gli errori, questo builder drag-and-drop consente agli utenti di pubblicare contenuti su un numero illimitato di pagine Web senza competenze di programmazione.<\/p>\n","protected":false},"author":16,"featured_media":58788,"parent":58467,"menu_order":0,"comment_status":"open","ping_status":"closed","template":"g1_template_page_review_new.php","meta":{"_acf_changed":false,"cwp_meta_box_check":"No","cwp_rev_product_name":"","cwp_rev_product_image":"","wppr_links":[],"cwp_rev_price":"","wppr_options":[],"wppr_pros":[],"wppr_cons":[],"_monsterinsights_skip_tracking":false,"_monsterinsights_sitenote_active":false,"_monsterinsights_sitenote_note":"","_monsterinsights_sitenote_category":0,"footnotes":""},"categories":[12754],"tags":[12777,12827,12778,12759,12776,12756,12758],"features":[],"class_list":{"0":"post-58787","1":"page","2":"type-page","3":"status-publish","4":"has-post-thumbnail","6":"category-software-per-creare-landing-page-cat","7":"tag-creare-landing-page","8":"tag-divi","9":"tag-landing-page","10":"tag-piattaforma-per-creare-landing-page","11":"tag-programma-per-creare-landing-page","12":"tag-software-per-creare-landing-page","13":"tag-soluzione-per-creare-landing-page"},"wppr_data":{"cwp_meta_box_check":"No"},"acf":[],"yoast_head":"<!-- This site is optimized with the Yoast SEO plugin v27.4 - https:\/\/yoast.com\/product\/yoast-seo-wordpress\/ -->\n<title>Divi: recensione software creazione landing page - Accurate Reviews<\/title>\n<meta name=\"description\" content=\"Divi: recensione applicazione per generare temi e pagine web per WordPress che consente agli utenti di creare modelli di temi personalizzati.\" \/>\n<meta name=\"robots\" content=\"index, follow, max-snippet:-1, max-image-preview:large, max-video-preview:-1\" \/>\n<link rel=\"canonical\" href=\"https:\/\/www.accuratereviews.com\/it\/software-creare-landing-page\/divi-recensione\/\" \/>\n<meta property=\"og:locale\" content=\"it_IT\" \/>\n<meta property=\"og:type\" content=\"article\" \/>\n<meta property=\"og:title\" content=\"Divi: recensione software creazione landing page - Accurate Reviews\" \/>\n<meta property=\"og:description\" content=\"Divi: recensione applicazione per generare temi e pagine web per WordPress che consente agli utenti di creare modelli di temi personalizzati.\" \/>\n<meta property=\"og:url\" content=\"https:\/\/www.accuratereviews.com\/it\/software-creare-landing-page\/divi-recensione\/\" \/>\n<meta property=\"og:site_name\" content=\"Accurate Reviews\" \/>\n<meta property=\"og:image\" content=\"https:\/\/www.accuratereviews.com\/wp-content\/uploads\/2022\/06\/Divi.png\" \/>\n\t<meta property=\"og:image:width\" content=\"500\" \/>\n\t<meta property=\"og:image:height\" content=\"500\" \/>\n\t<meta property=\"og:image:type\" content=\"image\/png\" \/>\n<meta name=\"twitter:card\" content=\"summary_large_image\" \/>\n<meta name=\"twitter:label1\" content=\"Tempo di lettura stimato\" \/>\n\t<meta name=\"twitter:data1\" content=\"4 minuti\" \/>\n<script type=\"application\/ld+json\" class=\"yoast-schema-graph\">{\"@context\":\"https:\\\/\\\/schema.org\",\"@graph\":[{\"@type\":\"WebPage\",\"@id\":\"https:\\\/\\\/www.accuratereviews.com\\\/it\\\/software-creare-landing-page\\\/divi-recensione\\\/\",\"url\":\"https:\\\/\\\/www.accuratereviews.com\\\/it\\\/software-creare-landing-page\\\/divi-recensione\\\/\",\"name\":\"Divi: recensione software creazione landing page - Accurate Reviews\",\"isPartOf\":{\"@id\":\"https:\\\/\\\/www.accuratereviews.com\\\/it\\\/#website\"},\"primaryImageOfPage\":{\"@id\":\"https:\\\/\\\/www.accuratereviews.com\\\/it\\\/software-creare-landing-page\\\/divi-recensione\\\/#primaryimage\"},\"image\":{\"@id\":\"https:\\\/\\\/www.accuratereviews.com\\\/it\\\/software-creare-landing-page\\\/divi-recensione\\\/#primaryimage\"},\"thumbnailUrl\":\"https:\\\/\\\/www.accuratereviews.com\\\/wp-content\\\/uploads\\\/2022\\\/06\\\/Divi.png\",\"datePublished\":\"2022-06-16T10:52:47+00:00\",\"description\":\"Divi: recensione applicazione per generare temi e pagine web per WordPress che consente agli utenti di creare modelli di temi personalizzati.\",\"breadcrumb\":{\"@id\":\"https:\\\/\\\/www.accuratereviews.com\\\/it\\\/software-creare-landing-page\\\/divi-recensione\\\/#breadcrumb\"},\"inLanguage\":\"it-IT\",\"potentialAction\":[{\"@type\":\"ReadAction\",\"target\":[\"https:\\\/\\\/www.accuratereviews.com\\\/it\\\/software-creare-landing-page\\\/divi-recensione\\\/\"]}]},{\"@type\":\"ImageObject\",\"inLanguage\":\"it-IT\",\"@id\":\"https:\\\/\\\/www.accuratereviews.com\\\/it\\\/software-creare-landing-page\\\/divi-recensione\\\/#primaryimage\",\"url\":\"https:\\\/\\\/www.accuratereviews.com\\\/wp-content\\\/uploads\\\/2022\\\/06\\\/Divi.png\",\"contentUrl\":\"https:\\\/\\\/www.accuratereviews.com\\\/wp-content\\\/uploads\\\/2022\\\/06\\\/Divi.png\",\"width\":500,\"height\":500},{\"@type\":\"BreadcrumbList\",\"@id\":\"https:\\\/\\\/www.accuratereviews.com\\\/it\\\/software-creare-landing-page\\\/divi-recensione\\\/#breadcrumb\",\"itemListElement\":[{\"@type\":\"ListItem\",\"position\":1,\"name\":\"Home\",\"item\":\"https:\\\/\\\/www.accuratereviews.com\\\/it\\\/\"},{\"@type\":\"ListItem\",\"position\":2,\"name\":\"Software per creare landing page\",\"item\":\"https:\\\/\\\/www.accuratereviews.com\\\/it\\\/software-creare-landing-page\\\/\"},{\"@type\":\"ListItem\",\"position\":3,\"name\":\"Divi\"}]},{\"@type\":\"WebSite\",\"@id\":\"https:\\\/\\\/www.accuratereviews.com\\\/it\\\/#website\",\"url\":\"https:\\\/\\\/www.accuratereviews.com\\\/it\\\/\",\"name\":\"Accurate Reviews\",\"description\":\"\",\"potentialAction\":[{\"@type\":\"SearchAction\",\"target\":{\"@type\":\"EntryPoint\",\"urlTemplate\":\"https:\\\/\\\/www.accuratereviews.com\\\/it\\\/?s={search_term_string}\"},\"query-input\":{\"@type\":\"PropertyValueSpecification\",\"valueRequired\":true,\"valueName\":\"search_term_string\"}}],\"inLanguage\":\"it-IT\"}]}<\/script>\n<!-- \/ Yoast SEO plugin. -->","yoast_head_json":{"title":"Divi: recensione software creazione landing page - Accurate Reviews","description":"Divi: recensione applicazione per generare temi e pagine web per WordPress che consente agli utenti di creare modelli di temi personalizzati.","robots":{"index":"index","follow":"follow","max-snippet":"max-snippet:-1","max-image-preview":"max-image-preview:large","max-video-preview":"max-video-preview:-1"},"canonical":"https:\/\/www.accuratereviews.com\/it\/software-creare-landing-page\/divi-recensione\/","og_locale":"it_IT","og_type":"article","og_title":"Divi: recensione software creazione landing page - Accurate Reviews","og_description":"Divi: recensione applicazione per generare temi e pagine web per WordPress che consente agli utenti di creare modelli di temi personalizzati.","og_url":"https:\/\/www.accuratereviews.com\/it\/software-creare-landing-page\/divi-recensione\/","og_site_name":"Accurate Reviews","og_image":[{"width":500,"height":500,"url":"https:\/\/www.accuratereviews.com\/wp-content\/uploads\/2022\/06\/Divi.png","type":"image\/png"}],"twitter_card":"summary_large_image","twitter_misc":{"Tempo di lettura stimato":"4 minuti"},"schema":{"@context":"https:\/\/schema.org","@graph":[{"@type":"WebPage","@id":"https:\/\/www.accuratereviews.com\/it\/software-creare-landing-page\/divi-recensione\/","url":"https:\/\/www.accuratereviews.com\/it\/software-creare-landing-page\/divi-recensione\/","name":"Divi: recensione software creazione landing page - Accurate Reviews","isPartOf":{"@id":"https:\/\/www.accuratereviews.com\/it\/#website"},"primaryImageOfPage":{"@id":"https:\/\/www.accuratereviews.com\/it\/software-creare-landing-page\/divi-recensione\/#primaryimage"},"image":{"@id":"https:\/\/www.accuratereviews.com\/it\/software-creare-landing-page\/divi-recensione\/#primaryimage"},"thumbnailUrl":"https:\/\/www.accuratereviews.com\/wp-content\/uploads\/2022\/06\/Divi.png","datePublished":"2022-06-16T10:52:47+00:00","description":"Divi: recensione applicazione per generare temi e pagine web per WordPress che consente agli utenti di creare modelli di temi personalizzati.","breadcrumb":{"@id":"https:\/\/www.accuratereviews.com\/it\/software-creare-landing-page\/divi-recensione\/#breadcrumb"},"inLanguage":"it-IT","potentialAction":[{"@type":"ReadAction","target":["https:\/\/www.accuratereviews.com\/it\/software-creare-landing-page\/divi-recensione\/"]}]},{"@type":"ImageObject","inLanguage":"it-IT","@id":"https:\/\/www.accuratereviews.com\/it\/software-creare-landing-page\/divi-recensione\/#primaryimage","url":"https:\/\/www.accuratereviews.com\/wp-content\/uploads\/2022\/06\/Divi.png","contentUrl":"https:\/\/www.accuratereviews.com\/wp-content\/uploads\/2022\/06\/Divi.png","width":500,"height":500},{"@type":"BreadcrumbList","@id":"https:\/\/www.accuratereviews.com\/it\/software-creare-landing-page\/divi-recensione\/#breadcrumb","itemListElement":[{"@type":"ListItem","position":1,"name":"Home","item":"https:\/\/www.accuratereviews.com\/it\/"},{"@type":"ListItem","position":2,"name":"Software per creare landing page","item":"https:\/\/www.accuratereviews.com\/it\/software-creare-landing-page\/"},{"@type":"ListItem","position":3,"name":"Divi"}]},{"@type":"WebSite","@id":"https:\/\/www.accuratereviews.com\/it\/#website","url":"https:\/\/www.accuratereviews.com\/it\/","name":"Accurate Reviews","description":"","potentialAction":[{"@type":"SearchAction","target":{"@type":"EntryPoint","urlTemplate":"https:\/\/www.accuratereviews.com\/it\/?s={search_term_string}"},"query-input":{"@type":"PropertyValueSpecification","valueRequired":true,"valueName":"search_term_string"}}],"inLanguage":"it-IT"}]}},"_links":{"self":[{"href":"https:\/\/www.accuratereviews.com\/it\/wp-json\/wp\/v2\/pages\/58787","targetHints":{"allow":["GET"]}}],"collection":[{"href":"https:\/\/www.accuratereviews.com\/it\/wp-json\/wp\/v2\/pages"}],"about":[{"href":"https:\/\/www.accuratereviews.com\/it\/wp-json\/wp\/v2\/types\/page"}],"author":[{"embeddable":true,"href":"https:\/\/www.accuratereviews.com\/it\/wp-json\/wp\/v2\/users\/16"}],"replies":[{"embeddable":true,"href":"https:\/\/www.accuratereviews.com\/it\/wp-json\/wp\/v2\/comments?post=58787"}],"version-history":[{"count":7,"href":"https:\/\/www.accuratereviews.com\/it\/wp-json\/wp\/v2\/pages\/58787\/revisions"}],"predecessor-version":[{"id":58822,"href":"https:\/\/www.accuratereviews.com\/it\/wp-json\/wp\/v2\/pages\/58787\/revisions\/58822"}],"up":[{"embeddable":true,"href":"https:\/\/www.accuratereviews.com\/it\/wp-json\/wp\/v2\/pages\/58467"}],"wp:featuredmedia":[{"embeddable":true,"href":"https:\/\/www.accuratereviews.com\/it\/wp-json\/wp\/v2\/media\/58788"}],"wp:attachment":[{"href":"https:\/\/www.accuratereviews.com\/it\/wp-json\/wp\/v2\/media?parent=58787"}],"wp:term":[{"taxonomy":"category","embeddable":true,"href":"https:\/\/www.accuratereviews.com\/it\/wp-json\/wp\/v2\/categories?post=58787"},{"taxonomy":"post_tag","embeddable":true,"href":"https:\/\/www.accuratereviews.com\/it\/wp-json\/wp\/v2\/tags?post=58787"},{"taxonomy":"features","embeddable":true,"href":"https:\/\/www.accuratereviews.com\/it\/wp-json\/wp\/v2\/features?post=58787"}],"curies":[{"name":"wp","href":"https:\/\/api.w.org\/{rel}","templated":true}]}}