{"id":5879,"date":"2016-03-07T16:28:54","date_gmt":"2016-03-07T16:28:54","guid":{"rendered":"http:\/\/www.accuratereviews.com\/it\/pdf-reader-software-user-guide\/"},"modified":"2017-01-31T15:55:37","modified_gmt":"2017-01-31T15:55:37","slug":"pdf-i-migliori-software-guida-utente","status":"publish","type":"page","link":"https:\/\/www.accuratereviews.com\/it\/pdf-i-migliori-software-guida-utente\/","title":{"rendered":"PDF: I migliori software"},"content":{"rendered":"<p><img loading=\"lazy\" decoding=\"async\" src=\"http:\/\/www.accuratereviews.com\/wp-content\/uploads\/2016\/03\/pdr-reader.jpg\" alt=\"pdr reader\" width=\"1000\" height=\"959\" class=\"alignright size-full wp-image-5208\" srcset=\"https:\/\/www.accuratereviews.com\/wp-content\/uploads\/2016\/03\/pdr-reader.jpg 1000w, https:\/\/www.accuratereviews.com\/wp-content\/uploads\/2016\/03\/pdr-reader-300x288.jpg 300w, https:\/\/www.accuratereviews.com\/wp-content\/uploads\/2016\/03\/pdr-reader-768x737.jpg 768w, https:\/\/www.accuratereviews.com\/wp-content\/uploads\/2016\/03\/pdr-reader-130x125.jpg 130w, https:\/\/www.accuratereviews.com\/wp-content\/uploads\/2016\/03\/pdr-reader-50x48.jpg 50w, https:\/\/www.accuratereviews.com\/wp-content\/uploads\/2016\/03\/pdr-reader-968x928.jpg 968w, https:\/\/www.accuratereviews.com\/wp-content\/uploads\/2016\/03\/pdr-reader-636x610.jpg 636w, https:\/\/www.accuratereviews.com\/wp-content\/uploads\/2016\/03\/pdr-reader-320x307.jpg 320w, https:\/\/www.accuratereviews.com\/wp-content\/uploads\/2016\/03\/pdr-reader-239x229.jpg 239w\" sizes=\"auto, (max-width: 1000px) 100vw, 1000px\" \/><\/p>\n<p>Il PDF \u00e8 diventato uno dei formato pi\u00f9 diffusi al mondo, e con ampie ragioni. Adobe rese la specifica gratuita nel 1993, garantendo cos\u00ec al formato una vita longeva e non protetta (anche se Adobe mantiene sotto controllo alcuni dettagli del formato).<\/p>\n<p>Durante l\u2019ultimo decennio, i PDF si sono diffusi ovunque, ben oltre il mondo informatico e tecnologico che li ha generati. Oggi trovate estratti conto, documenti medici, manuali, comunicati, libri, persino fumetti in PDF. Pertanto \u00e8 cristallino che abbiate bisogno di un software che possa aprire anche il pi\u00f9 complesso file PDF che potete trovare, un software di cui potete fidarvi sempre. Il minimo richiesto \u00e8 Adobe Acrobat, un\u2019applicazione gratuita rilasciata da Adobe stessa (anche se su macOS potete vivere tranquilli usando soltanto Anteprima, dal momento che la visualizzazione dei PDF \u00e8 compresa nel sistema operativo). A salire, dipende praticamente soltanto dalle vostre necessit\u00e0. Se dovete annotare dei documenti, potete usare Skim, oppure <a href=\"https:\/\/www.accuratereviews.com\/it\/pdf-migliori-software-lista\/sumatra-pdf\/\" target=\"_blank\">Sumatra PDF<\/a>, o ancora Acrobat Pro se avetele risorse.<\/p>\n<p>I PDF sono cos\u00ec diffusi che molti scanner salvano i documenti direttamente in questo formato. Peranto, potreste ritrovarvi a usare il software del vostro scanner per convertire i vostri documenti, e allo stesso tempo un\u2019altra applicazione per poterli aprire. Meglio che abbiate a disposizione un software per la scansione con un\u2019ottima capacit\u00e0 di OCR, e per alcuni ottimi programmi per OCR potreste spulciare la nostra pagina. I PDF che acquisite attraverso questo tipo di software professionale spesso sono ricercabili e modificabili, che \u00e8 un\u2019ottima cosa per la vostra produttivit\u00e0 &#8211; anche se il rischio di ottenere soltanto un\u2019immagine \u00e8 ancora piuttosto alto.<\/p>\n<p>Tenete a mente che la categoria dei software per leggere i PDF, come quella dei programmi per la posta elettronica, \u00e8 forse una delle pi\u00f9 popolate, con ottime scelte gratuite &#8211; a cominciare proprio dall\u2019azienda che si \u00e8 inventata il fromato, Adobe, ma senza limitarci ad Acrobat.<\/p>\n<p>I lettori di PDF potrebbero sembrare come un settore immobile, ma in realt\u00e0 sono in vivo fermento. Scegliete il vostro software, e leggete.<\/p>\n","protected":false},"excerpt":{"rendered":"<p>Il PDF \u00e8 diventato uno dei formato pi\u00f9 diffusi al mondo, e con ampie ragioni. Adobe rese la specifica gratuita nel 1993, garantendo cos\u00ec al formato una vita longeva e non protetta (anche se Adobe mantiene sotto controllo alcuni dettagli del formato). Durante l\u2019ultimo decennio, i PDF si sono diffusi ovunque, ben oltre il mondo [&hellip;]<\/p>\n","protected":false},"author":16,"featured_media":0,"parent":0,"menu_order":14,"comment_status":"closed","ping_status":"closed","template":"g1_template_page_category_userguide.php","meta":{"_acf_changed":false,"cwp_meta_box_check":"No","cwp_rev_product_name":"","cwp_rev_product_image":"","wppr_links":[],"cwp_rev_price":"","wppr_options":[],"wppr_pros":[],"wppr_cons":[],"_monsterinsights_skip_tracking":false,"_monsterinsights_sitenote_active":false,"_monsterinsights_sitenote_note":"","_monsterinsights_sitenote_category":0,"footnotes":""},"categories":[118],"tags":[],"features":[],"class_list":{"0":"post-5879","1":"page","2":"type-page","3":"status-publish","5":"category-pdf-reader-software-it"},"wppr_data":{"cwp_meta_box_check":"No","cwp_rev_product_name":"","cwp_rev_product_image":"","cwp_image_link":"image","cwp_rev_price":""},"acf":[],"yoast_head":"<!-- This site is optimized with the Yoast SEO plugin v27.4 - https:\/\/yoast.com\/product\/yoast-seo-wordpress\/ -->\n<title>PDF: i migliori software per leggere i PDF | Accurate Reviews<\/title>\n<meta name=\"description\" content=\"I nostri esperti vi guidano all&#039;acquisto della soluzione giusta per i vostri bisogni: questa guida ai software di PDF contiene le informazioni che cercate.\" \/>\n<meta name=\"robots\" content=\"index, follow, max-snippet:-1, max-image-preview:large, max-video-preview:-1\" \/>\n<link rel=\"canonical\" href=\"https:\/\/www.accuratereviews.com\/it\/pdf-i-migliori-software-guida-utente\/\" \/>\n<meta property=\"og:locale\" content=\"it_IT\" \/>\n<meta property=\"og:type\" content=\"article\" \/>\n<meta property=\"og:title\" content=\"PDF: i migliori software per leggere i PDF | Accurate Reviews\" \/>\n<meta property=\"og:description\" content=\"I nostri esperti vi guidano all&#039;acquisto della soluzione giusta per i vostri bisogni: questa guida ai software di PDF contiene le informazioni che cercate.\" \/>\n<meta property=\"og:url\" content=\"https:\/\/www.accuratereviews.com\/it\/pdf-i-migliori-software-guida-utente\/\" \/>\n<meta property=\"og:site_name\" content=\"Accurate Reviews\" \/>\n<meta property=\"article:modified_time\" content=\"2017-01-31T15:55:37+00:00\" \/>\n<meta property=\"og:image\" content=\"http:\/\/www.accuratereviews.com\/wp-content\/uploads\/2016\/03\/pdr-reader.jpg\" \/>\n<meta name=\"twitter:card\" content=\"summary_large_image\" \/>\n<meta name=\"twitter:label1\" content=\"Tempo di lettura stimato\" \/>\n\t<meta name=\"twitter:data1\" content=\"2 minuti\" \/>\n<script type=\"application\/ld+json\" class=\"yoast-schema-graph\">{\"@context\":\"https:\\\/\\\/schema.org\",\"@graph\":[{\"@type\":\"WebPage\",\"@id\":\"https:\\\/\\\/www.accuratereviews.com\\\/it\\\/pdf-i-migliori-software-guida-utente\\\/\",\"url\":\"https:\\\/\\\/www.accuratereviews.com\\\/it\\\/pdf-i-migliori-software-guida-utente\\\/\",\"name\":\"PDF: i migliori software per leggere i PDF | Accurate Reviews\",\"isPartOf\":{\"@id\":\"https:\\\/\\\/www.accuratereviews.com\\\/it\\\/#website\"},\"primaryImageOfPage\":{\"@id\":\"https:\\\/\\\/www.accuratereviews.com\\\/it\\\/pdf-i-migliori-software-guida-utente\\\/#primaryimage\"},\"image\":{\"@id\":\"https:\\\/\\\/www.accuratereviews.com\\\/it\\\/pdf-i-migliori-software-guida-utente\\\/#primaryimage\"},\"thumbnailUrl\":\"http:\\\/\\\/www.accuratereviews.com\\\/wp-content\\\/uploads\\\/2016\\\/03\\\/pdr-reader.jpg\",\"datePublished\":\"2016-03-07T16:28:54+00:00\",\"dateModified\":\"2017-01-31T15:55:37+00:00\",\"description\":\"I nostri esperti vi guidano all'acquisto della soluzione giusta per i vostri bisogni: questa guida ai software di PDF contiene le informazioni che cercate.\",\"breadcrumb\":{\"@id\":\"https:\\\/\\\/www.accuratereviews.com\\\/it\\\/pdf-i-migliori-software-guida-utente\\\/#breadcrumb\"},\"inLanguage\":\"it-IT\",\"potentialAction\":[{\"@type\":\"ReadAction\",\"target\":[\"https:\\\/\\\/www.accuratereviews.com\\\/it\\\/pdf-i-migliori-software-guida-utente\\\/\"]}]},{\"@type\":\"ImageObject\",\"inLanguage\":\"it-IT\",\"@id\":\"https:\\\/\\\/www.accuratereviews.com\\\/it\\\/pdf-i-migliori-software-guida-utente\\\/#primaryimage\",\"url\":\"http:\\\/\\\/www.accuratereviews.com\\\/wp-content\\\/uploads\\\/2016\\\/03\\\/pdr-reader.jpg\",\"contentUrl\":\"http:\\\/\\\/www.accuratereviews.com\\\/wp-content\\\/uploads\\\/2016\\\/03\\\/pdr-reader.jpg\"},{\"@type\":\"BreadcrumbList\",\"@id\":\"https:\\\/\\\/www.accuratereviews.com\\\/it\\\/pdf-i-migliori-software-guida-utente\\\/#breadcrumb\",\"itemListElement\":[{\"@type\":\"ListItem\",\"position\":1,\"name\":\"Home\",\"item\":\"https:\\\/\\\/www.accuratereviews.com\\\/it\\\/\"},{\"@type\":\"ListItem\",\"position\":2,\"name\":\"PDF: I migliori software\"}]},{\"@type\":\"WebSite\",\"@id\":\"https:\\\/\\\/www.accuratereviews.com\\\/it\\\/#website\",\"url\":\"https:\\\/\\\/www.accuratereviews.com\\\/it\\\/\",\"name\":\"Accurate Reviews\",\"description\":\"\",\"potentialAction\":[{\"@type\":\"SearchAction\",\"target\":{\"@type\":\"EntryPoint\",\"urlTemplate\":\"https:\\\/\\\/www.accuratereviews.com\\\/it\\\/?s={search_term_string}\"},\"query-input\":{\"@type\":\"PropertyValueSpecification\",\"valueRequired\":true,\"valueName\":\"search_term_string\"}}],\"inLanguage\":\"it-IT\"}]}<\/script>\n<!-- \/ Yoast SEO plugin. -->","yoast_head_json":{"title":"PDF: i migliori software per leggere i PDF | Accurate Reviews","description":"I nostri esperti vi guidano all'acquisto della soluzione giusta per i vostri bisogni: questa guida ai software di PDF contiene le informazioni che cercate.","robots":{"index":"index","follow":"follow","max-snippet":"max-snippet:-1","max-image-preview":"max-image-preview:large","max-video-preview":"max-video-preview:-1"},"canonical":"https:\/\/www.accuratereviews.com\/it\/pdf-i-migliori-software-guida-utente\/","og_locale":"it_IT","og_type":"article","og_title":"PDF: i migliori software per leggere i PDF | Accurate Reviews","og_description":"I nostri esperti vi guidano all'acquisto della soluzione giusta per i vostri bisogni: questa guida ai software di PDF contiene le informazioni che cercate.","og_url":"https:\/\/www.accuratereviews.com\/it\/pdf-i-migliori-software-guida-utente\/","og_site_name":"Accurate Reviews","article_modified_time":"2017-01-31T15:55:37+00:00","og_image":[{"url":"http:\/\/www.accuratereviews.com\/wp-content\/uploads\/2016\/03\/pdr-reader.jpg","type":"","width":"","height":""}],"twitter_card":"summary_large_image","twitter_misc":{"Tempo di lettura stimato":"2 minuti"},"schema":{"@context":"https:\/\/schema.org","@graph":[{"@type":"WebPage","@id":"https:\/\/www.accuratereviews.com\/it\/pdf-i-migliori-software-guida-utente\/","url":"https:\/\/www.accuratereviews.com\/it\/pdf-i-migliori-software-guida-utente\/","name":"PDF: i migliori software per leggere i PDF | Accurate Reviews","isPartOf":{"@id":"https:\/\/www.accuratereviews.com\/it\/#website"},"primaryImageOfPage":{"@id":"https:\/\/www.accuratereviews.com\/it\/pdf-i-migliori-software-guida-utente\/#primaryimage"},"image":{"@id":"https:\/\/www.accuratereviews.com\/it\/pdf-i-migliori-software-guida-utente\/#primaryimage"},"thumbnailUrl":"http:\/\/www.accuratereviews.com\/wp-content\/uploads\/2016\/03\/pdr-reader.jpg","datePublished":"2016-03-07T16:28:54+00:00","dateModified":"2017-01-31T15:55:37+00:00","description":"I nostri esperti vi guidano all'acquisto della soluzione giusta per i vostri bisogni: questa guida ai software di PDF contiene le informazioni che cercate.","breadcrumb":{"@id":"https:\/\/www.accuratereviews.com\/it\/pdf-i-migliori-software-guida-utente\/#breadcrumb"},"inLanguage":"it-IT","potentialAction":[{"@type":"ReadAction","target":["https:\/\/www.accuratereviews.com\/it\/pdf-i-migliori-software-guida-utente\/"]}]},{"@type":"ImageObject","inLanguage":"it-IT","@id":"https:\/\/www.accuratereviews.com\/it\/pdf-i-migliori-software-guida-utente\/#primaryimage","url":"http:\/\/www.accuratereviews.com\/wp-content\/uploads\/2016\/03\/pdr-reader.jpg","contentUrl":"http:\/\/www.accuratereviews.com\/wp-content\/uploads\/2016\/03\/pdr-reader.jpg"},{"@type":"BreadcrumbList","@id":"https:\/\/www.accuratereviews.com\/it\/pdf-i-migliori-software-guida-utente\/#breadcrumb","itemListElement":[{"@type":"ListItem","position":1,"name":"Home","item":"https:\/\/www.accuratereviews.com\/it\/"},{"@type":"ListItem","position":2,"name":"PDF: I migliori software"}]},{"@type":"WebSite","@id":"https:\/\/www.accuratereviews.com\/it\/#website","url":"https:\/\/www.accuratereviews.com\/it\/","name":"Accurate Reviews","description":"","potentialAction":[{"@type":"SearchAction","target":{"@type":"EntryPoint","urlTemplate":"https:\/\/www.accuratereviews.com\/it\/?s={search_term_string}"},"query-input":{"@type":"PropertyValueSpecification","valueRequired":true,"valueName":"search_term_string"}}],"inLanguage":"it-IT"}]}},"_links":{"self":[{"href":"https:\/\/www.accuratereviews.com\/it\/wp-json\/wp\/v2\/pages\/5879","targetHints":{"allow":["GET"]}}],"collection":[{"href":"https:\/\/www.accuratereviews.com\/it\/wp-json\/wp\/v2\/pages"}],"about":[{"href":"https:\/\/www.accuratereviews.com\/it\/wp-json\/wp\/v2\/types\/page"}],"author":[{"embeddable":true,"href":"https:\/\/www.accuratereviews.com\/it\/wp-json\/wp\/v2\/users\/16"}],"replies":[{"embeddable":true,"href":"https:\/\/www.accuratereviews.com\/it\/wp-json\/wp\/v2\/comments?post=5879"}],"version-history":[{"count":7,"href":"https:\/\/www.accuratereviews.com\/it\/wp-json\/wp\/v2\/pages\/5879\/revisions"}],"predecessor-version":[{"id":6515,"href":"https:\/\/www.accuratereviews.com\/it\/wp-json\/wp\/v2\/pages\/5879\/revisions\/6515"}],"wp:attachment":[{"href":"https:\/\/www.accuratereviews.com\/it\/wp-json\/wp\/v2\/media?parent=5879"}],"wp:term":[{"taxonomy":"category","embeddable":true,"href":"https:\/\/www.accuratereviews.com\/it\/wp-json\/wp\/v2\/categories?post=5879"},{"taxonomy":"post_tag","embeddable":true,"href":"https:\/\/www.accuratereviews.com\/it\/wp-json\/wp\/v2\/tags?post=5879"},{"taxonomy":"features","embeddable":true,"href":"https:\/\/www.accuratereviews.com\/it\/wp-json\/wp\/v2\/features?post=5879"}],"curies":[{"name":"wp","href":"https:\/\/api.w.org\/{rel}","templated":true}]}}