{"id":58797,"date":"2022-06-16T10:50:24","date_gmt":"2022-06-16T10:50:24","guid":{"rendered":"https:\/\/www.accuratereviews.com\/?page_id=58797"},"modified":"2022-06-16T10:50:24","modified_gmt":"2022-06-16T10:50:24","slug":"pixpa-recensione","status":"publish","type":"page","link":"https:\/\/www.accuratereviews.com\/it\/software-creare-landing-page\/pixpa-recensione\/","title":{"rendered":"Pixpa"},"content":{"rendered":"<p><strong>Pixpa<\/strong> offre oltre 60 modelli straordinari, ottimizzati per dispositivi mobili per soddisfare ogni stile e esigenza. Aggiungere pagine al tuo sito web \u00e8 un gioco da ragazzi con il generatore di pagine drag-and-drop della soluzione. Con una serie di strumenti integrati come SEO Manager, pop-up di marketing, barra degli annunci e molto altro, non hai bisogno di plug-in aggiuntivi per iniziare a far crescere il tuo traffico e convertire lead. Con un negozio di ecommerce integrato, blog, gallerie di clienti e molto altro, Pixpa offre modelli pixel-perfetti, moderni e reattivi creando facilmente siti web straordinari e professionali senza alcuna conoscenza di codifica.<\/p>\n<h2>PIXPA &#8211; TUTORIAL<\/h2>\n<p>Vediam0 come creare accattivanti <strong>landing page<\/strong> con questo programma:<\/p>\n<div id=\"fluid-wrapper-counter-1\" class=\"g1-fluid-wrapper \" style=\"width:686px;\">\n<div style=\"padding-bottom:56.268221574344%;\"><iframe loading=\"lazy\" title=\"Pixpa - Create your stunning website\" width=\"686\" height=\"386\" src=\"https:\/\/www.youtube.com\/embed\/Q9zSLqIvcQs?feature=oembed&amp;wmode=transparent&amp;autohide=1&amp;autoplay=0&amp;disablekb=0&amp;fs=1&amp;loop=0&amp;enablejsapi=1&amp;rel=0&amp;controls=2&amp;showinfo=0&amp;wmode=transparent&amp;autohide=2&amp;autoplay=0&amp;disablekb=0&amp;fs=1&amp;loop=0&amp;enablejsapi=1&amp;rel=0&amp;controls=2&amp;showinfo=1\" frameborder=\"0\" allow=\"accelerometer; autoplay; clipboard-write; encrypted-media; gyroscope; picture-in-picture\" allowfullscreen><\/iframe><\/div>\n<\/div>\n<h3>PIXPA &#8211; CARATTERISTICHE<\/h3>\n<ul>\n<li><strong>Crea il tuo sito web<\/strong>: costruisci facilmente il tuo sito web portfolio senza alcuna conoscenza di codifica<\/li>\n<li><strong>Avvia il tuo negozio<\/strong>: inizia a vendere online con una piattaforma di ecommerce potente e ricca di funzionalit\u00e0<\/li>\n<li><strong>Pubblica un blog<\/strong>: inizia a bloggare per raccontare le tue storie, condividere notizie e costruire una community<\/li>\n<li><strong>Usa le gallerie dei clienti<\/strong>: un flusso di lavoro completamente digitale per condividere, vendere e fornire le tue immagini ai clienti<\/li>\n<li><strong>Supporto dal vivo 24 ore su 24, 7 giorni su 7<\/strong>: ogni tua richiesta di aiuto verr\u00e0 soddisfatta 24 ore su 24, 7 giorni su 7 in live chat ed email<\/li>\n<li><strong>Promuovi il tuo sito web<\/strong>: usa gli strumenti SEO, marketing e social integrati per aumentare il tuo traffico e convertire i visitatori in clienti<\/li>\n<\/ul>\n<h4>LE RECENSIONI DEGLI UTENTI<\/h4>\n<p class=\"font-weight-bold mb-2\"><strong>Amber T.&#8221;Sono cos\u00ec felice di aver trovato Pixpa!!&#8221;<\/strong><\/p>\n<p class=\"font-weight-bold mb-2\"><strong>Pro<\/strong>:\u00a0Sono cos\u00ec felice di aver trovato pixpa. Mi piace la facilit\u00e0 d&#8217;uso e la semplicit\u00e0 di installazione. \u00c8 perfetto per un portfolio, un negozio o un blog. Per me \u00e8 meglio di Squarespace!!<\/p>\n<p class=\"font-weight-bold mb-2\"><strong>Contro<\/strong>:\u00a0Finora non ho nulla che non mi piace di questo software.<\/p>\n<p class=\"font-weight-bold mb-2\"><strong>Olivier S.&#8221;Pixpa per i fotografi&#8221;<\/strong><\/p>\n<p><span class=\"font-weight-bold\"><strong>Commenti<\/strong>: <\/span>Dopo diversi tentativi su altre piattaforme ho scoperto Pixpa e l&#8217;ho adottato molto rapidamente. La logica di utilizzo \u00e8 semplice e le possibilit\u00e0 di personalizzazione sono davvero svariate.<br \/>\nLavorare con pixpa mi permette di concentrarmi su quello che so, il mio lavoro e non sulla gestione del mio sito web.<br \/>\nCome fotografo, posso solo consigliare vivamente di scoprire pixpa, provarlo e lavorarci.<br \/>\nIl team tecnico \u00e8 disponibile, attento e molto efficiente, che non guasta nulla.<\/p>\n<p class=\"font-weight-bold mb-2\"><strong>Pro<\/strong>:\u00a0facilit\u00e0 d&#8217;uso, semplicit\u00e0 ed efficienza. \u00c8 davvero facile creare e gestire le tue pagine, il tuo negozio. L&#8217;interfaccia \u00e8 semplice e la piattaforma \u00e8 molto reattiva<\/p>\n<p class=\"font-weight-bold mb-2\"><strong>Contro<\/strong>:\u00a0come con qualsiasi piattaforma devi imparare la logica dello strumento<\/p>\n<p class=\"font-weight-bold mb-2\"><strong>Rachel A.&#8221;10\/10&#8243;<\/strong><\/p>\n<p><span class=\"font-weight-bold\"><strong>Commenti<\/strong>: <\/span>Sono ossessionato dalla Pixpa. Sto cercando di consolidare abbonamenti e servizi e Pixpa ha letteralmente ogni singola cosa che potrei voler usare. Sono entusiasta di trovare questo software!<\/p>\n<p class=\"font-weight-bold mb-2\"><strong>Pro<\/strong>:\u00a0Pixpa \u00e8 cos\u00ec facile da usare ma offre spazio per molte personalizzazioni. Come creativo, \u00e8 COS\u00cc importante essere in grado di creare qualcosa di &#8220;tuo&#8221; ma anche farlo facilmente. Pixpa \u00e8 la combinazione perfetta!<\/p>\n<p class=\"font-weight-bold mb-2\"><strong>Contro<\/strong>:\u00a0Ci sono funzionalit\u00e0 che forse sono pi\u00f9 difficili da raggiungere rispetto ad altre, ma il supporto \u00e8 stato cos\u00ec veloce nel rispondere alle mie domande quando non riuscivo a trovare le cose e mi ha persino inviato un video che mi mostrava passo dopo passo. Incredibilmente utile!<\/p>\n","protected":false},"excerpt":{"rendered":"<p>Pixpa offre oltre 60 modelli straordinari ottimizzati per dispositivi mobili per soddisfare ogni stile e esigenza. Aggiungere pagine al tuo sito web \u00e8 un gioco da ragazzi con il generatore di pagine drag-and-drop della soluzione. Con una serie di strumenti integrati come SEO Manager, pop-up di marketing, barra degli annunci e molto altro, non hai bisogno di plug-in aggiuntivi per iniziare a far crescere il tuo traffico e convertire lead.<\/p>\n","protected":false},"author":16,"featured_media":58799,"parent":58467,"menu_order":0,"comment_status":"open","ping_status":"closed","template":"g1_template_page_review_new.php","meta":{"_acf_changed":false,"cwp_meta_box_check":"No","cwp_rev_product_name":"","cwp_rev_product_image":"","wppr_links":[],"cwp_rev_price":"","wppr_options":[],"wppr_pros":[],"wppr_cons":[],"_monsterinsights_skip_tracking":false,"_monsterinsights_sitenote_active":false,"_monsterinsights_sitenote_note":"","_monsterinsights_sitenote_category":0,"footnotes":""},"categories":[12754],"tags":[12810,12778,12759,12776,12756,12758],"features":[],"class_list":{"0":"post-58797","1":"page","2":"type-page","3":"status-publish","4":"has-post-thumbnail","6":"category-software-per-creare-landing-page-cat","7":"tag-creazione-landing-page","8":"tag-landing-page","9":"tag-piattaforma-per-creare-landing-page","10":"tag-programma-per-creare-landing-page","11":"tag-software-per-creare-landing-page","12":"tag-soluzione-per-creare-landing-page"},"wppr_data":{"cwp_meta_box_check":"No"},"acf":[],"yoast_head":"<!-- This site is optimized with the Yoast SEO plugin v27.4 - https:\/\/yoast.com\/product\/yoast-seo-wordpress\/ -->\n<title>Pixpa: recensione software creazione landing page - Accurate Reviews<\/title>\n<meta name=\"description\" content=\"Pixpa: recensione software per creare landing page che offre modelli ottimizzati per dispositivi mobili per soddisfare ogni stile e esigenza.\" \/>\n<meta name=\"robots\" content=\"index, follow, max-snippet:-1, max-image-preview:large, max-video-preview:-1\" \/>\n<link rel=\"canonical\" href=\"https:\/\/www.accuratereviews.com\/it\/software-creare-landing-page\/pixpa-recensione\/\" \/>\n<meta property=\"og:locale\" content=\"it_IT\" \/>\n<meta property=\"og:type\" content=\"article\" \/>\n<meta property=\"og:title\" content=\"Pixpa: recensione software creazione landing page - Accurate Reviews\" \/>\n<meta property=\"og:description\" content=\"Pixpa: recensione software per creare landing page che offre modelli ottimizzati per dispositivi mobili per soddisfare ogni stile e esigenza.\" \/>\n<meta property=\"og:url\" content=\"https:\/\/www.accuratereviews.com\/it\/software-creare-landing-page\/pixpa-recensione\/\" \/>\n<meta property=\"og:site_name\" content=\"Accurate Reviews\" \/>\n<meta property=\"og:image\" content=\"https:\/\/www.accuratereviews.com\/wp-content\/uploads\/2022\/06\/Pixpa.jpeg\" \/>\n\t<meta property=\"og:image:width\" content=\"400\" \/>\n\t<meta property=\"og:image:height\" content=\"400\" \/>\n\t<meta property=\"og:image:type\" content=\"image\/jpeg\" \/>\n<meta name=\"twitter:card\" content=\"summary_large_image\" \/>\n<meta name=\"twitter:label1\" content=\"Tempo di lettura stimato\" \/>\n\t<meta name=\"twitter:data1\" content=\"3 minuti\" \/>\n<script type=\"application\/ld+json\" class=\"yoast-schema-graph\">{\"@context\":\"https:\\\/\\\/schema.org\",\"@graph\":[{\"@type\":\"WebPage\",\"@id\":\"https:\\\/\\\/www.accuratereviews.com\\\/it\\\/software-creare-landing-page\\\/pixpa-recensione\\\/\",\"url\":\"https:\\\/\\\/www.accuratereviews.com\\\/it\\\/software-creare-landing-page\\\/pixpa-recensione\\\/\",\"name\":\"Pixpa: recensione software creazione landing page - Accurate Reviews\",\"isPartOf\":{\"@id\":\"https:\\\/\\\/www.accuratereviews.com\\\/it\\\/#website\"},\"primaryImageOfPage\":{\"@id\":\"https:\\\/\\\/www.accuratereviews.com\\\/it\\\/software-creare-landing-page\\\/pixpa-recensione\\\/#primaryimage\"},\"image\":{\"@id\":\"https:\\\/\\\/www.accuratereviews.com\\\/it\\\/software-creare-landing-page\\\/pixpa-recensione\\\/#primaryimage\"},\"thumbnailUrl\":\"https:\\\/\\\/www.accuratereviews.com\\\/wp-content\\\/uploads\\\/2022\\\/06\\\/Pixpa.jpeg\",\"datePublished\":\"2022-06-16T10:50:24+00:00\",\"description\":\"Pixpa: recensione software per creare landing page che offre modelli ottimizzati per dispositivi mobili per soddisfare ogni stile e esigenza.\",\"breadcrumb\":{\"@id\":\"https:\\\/\\\/www.accuratereviews.com\\\/it\\\/software-creare-landing-page\\\/pixpa-recensione\\\/#breadcrumb\"},\"inLanguage\":\"it-IT\",\"potentialAction\":[{\"@type\":\"ReadAction\",\"target\":[\"https:\\\/\\\/www.accuratereviews.com\\\/it\\\/software-creare-landing-page\\\/pixpa-recensione\\\/\"]}]},{\"@type\":\"ImageObject\",\"inLanguage\":\"it-IT\",\"@id\":\"https:\\\/\\\/www.accuratereviews.com\\\/it\\\/software-creare-landing-page\\\/pixpa-recensione\\\/#primaryimage\",\"url\":\"https:\\\/\\\/www.accuratereviews.com\\\/wp-content\\\/uploads\\\/2022\\\/06\\\/Pixpa.jpeg\",\"contentUrl\":\"https:\\\/\\\/www.accuratereviews.com\\\/wp-content\\\/uploads\\\/2022\\\/06\\\/Pixpa.jpeg\",\"width\":400,\"height\":400},{\"@type\":\"BreadcrumbList\",\"@id\":\"https:\\\/\\\/www.accuratereviews.com\\\/it\\\/software-creare-landing-page\\\/pixpa-recensione\\\/#breadcrumb\",\"itemListElement\":[{\"@type\":\"ListItem\",\"position\":1,\"name\":\"Home\",\"item\":\"https:\\\/\\\/www.accuratereviews.com\\\/it\\\/\"},{\"@type\":\"ListItem\",\"position\":2,\"name\":\"Software per creare landing page\",\"item\":\"https:\\\/\\\/www.accuratereviews.com\\\/it\\\/software-creare-landing-page\\\/\"},{\"@type\":\"ListItem\",\"position\":3,\"name\":\"Pixpa\"}]},{\"@type\":\"WebSite\",\"@id\":\"https:\\\/\\\/www.accuratereviews.com\\\/it\\\/#website\",\"url\":\"https:\\\/\\\/www.accuratereviews.com\\\/it\\\/\",\"name\":\"Accurate Reviews\",\"description\":\"\",\"potentialAction\":[{\"@type\":\"SearchAction\",\"target\":{\"@type\":\"EntryPoint\",\"urlTemplate\":\"https:\\\/\\\/www.accuratereviews.com\\\/it\\\/?s={search_term_string}\"},\"query-input\":{\"@type\":\"PropertyValueSpecification\",\"valueRequired\":true,\"valueName\":\"search_term_string\"}}],\"inLanguage\":\"it-IT\"}]}<\/script>\n<!-- \/ Yoast SEO plugin. -->","yoast_head_json":{"title":"Pixpa: recensione software creazione landing page - Accurate Reviews","description":"Pixpa: recensione software per creare landing page che offre modelli ottimizzati per dispositivi mobili per soddisfare ogni stile e esigenza.","robots":{"index":"index","follow":"follow","max-snippet":"max-snippet:-1","max-image-preview":"max-image-preview:large","max-video-preview":"max-video-preview:-1"},"canonical":"https:\/\/www.accuratereviews.com\/it\/software-creare-landing-page\/pixpa-recensione\/","og_locale":"it_IT","og_type":"article","og_title":"Pixpa: recensione software creazione landing page - Accurate Reviews","og_description":"Pixpa: recensione software per creare landing page che offre modelli ottimizzati per dispositivi mobili per soddisfare ogni stile e esigenza.","og_url":"https:\/\/www.accuratereviews.com\/it\/software-creare-landing-page\/pixpa-recensione\/","og_site_name":"Accurate Reviews","og_image":[{"width":400,"height":400,"url":"https:\/\/www.accuratereviews.com\/wp-content\/uploads\/2022\/06\/Pixpa.jpeg","type":"image\/jpeg"}],"twitter_card":"summary_large_image","twitter_misc":{"Tempo di lettura stimato":"3 minuti"},"schema":{"@context":"https:\/\/schema.org","@graph":[{"@type":"WebPage","@id":"https:\/\/www.accuratereviews.com\/it\/software-creare-landing-page\/pixpa-recensione\/","url":"https:\/\/www.accuratereviews.com\/it\/software-creare-landing-page\/pixpa-recensione\/","name":"Pixpa: recensione software creazione landing page - Accurate Reviews","isPartOf":{"@id":"https:\/\/www.accuratereviews.com\/it\/#website"},"primaryImageOfPage":{"@id":"https:\/\/www.accuratereviews.com\/it\/software-creare-landing-page\/pixpa-recensione\/#primaryimage"},"image":{"@id":"https:\/\/www.accuratereviews.com\/it\/software-creare-landing-page\/pixpa-recensione\/#primaryimage"},"thumbnailUrl":"https:\/\/www.accuratereviews.com\/wp-content\/uploads\/2022\/06\/Pixpa.jpeg","datePublished":"2022-06-16T10:50:24+00:00","description":"Pixpa: recensione software per creare landing page che offre modelli ottimizzati per dispositivi mobili per soddisfare ogni stile e esigenza.","breadcrumb":{"@id":"https:\/\/www.accuratereviews.com\/it\/software-creare-landing-page\/pixpa-recensione\/#breadcrumb"},"inLanguage":"it-IT","potentialAction":[{"@type":"ReadAction","target":["https:\/\/www.accuratereviews.com\/it\/software-creare-landing-page\/pixpa-recensione\/"]}]},{"@type":"ImageObject","inLanguage":"it-IT","@id":"https:\/\/www.accuratereviews.com\/it\/software-creare-landing-page\/pixpa-recensione\/#primaryimage","url":"https:\/\/www.accuratereviews.com\/wp-content\/uploads\/2022\/06\/Pixpa.jpeg","contentUrl":"https:\/\/www.accuratereviews.com\/wp-content\/uploads\/2022\/06\/Pixpa.jpeg","width":400,"height":400},{"@type":"BreadcrumbList","@id":"https:\/\/www.accuratereviews.com\/it\/software-creare-landing-page\/pixpa-recensione\/#breadcrumb","itemListElement":[{"@type":"ListItem","position":1,"name":"Home","item":"https:\/\/www.accuratereviews.com\/it\/"},{"@type":"ListItem","position":2,"name":"Software per creare landing page","item":"https:\/\/www.accuratereviews.com\/it\/software-creare-landing-page\/"},{"@type":"ListItem","position":3,"name":"Pixpa"}]},{"@type":"WebSite","@id":"https:\/\/www.accuratereviews.com\/it\/#website","url":"https:\/\/www.accuratereviews.com\/it\/","name":"Accurate Reviews","description":"","potentialAction":[{"@type":"SearchAction","target":{"@type":"EntryPoint","urlTemplate":"https:\/\/www.accuratereviews.com\/it\/?s={search_term_string}"},"query-input":{"@type":"PropertyValueSpecification","valueRequired":true,"valueName":"search_term_string"}}],"inLanguage":"it-IT"}]}},"_links":{"self":[{"href":"https:\/\/www.accuratereviews.com\/it\/wp-json\/wp\/v2\/pages\/58797","targetHints":{"allow":["GET"]}}],"collection":[{"href":"https:\/\/www.accuratereviews.com\/it\/wp-json\/wp\/v2\/pages"}],"about":[{"href":"https:\/\/www.accuratereviews.com\/it\/wp-json\/wp\/v2\/types\/page"}],"author":[{"embeddable":true,"href":"https:\/\/www.accuratereviews.com\/it\/wp-json\/wp\/v2\/users\/16"}],"replies":[{"embeddable":true,"href":"https:\/\/www.accuratereviews.com\/it\/wp-json\/wp\/v2\/comments?post=58797"}],"version-history":[{"count":11,"href":"https:\/\/www.accuratereviews.com\/it\/wp-json\/wp\/v2\/pages\/58797\/revisions"}],"predecessor-version":[{"id":58820,"href":"https:\/\/www.accuratereviews.com\/it\/wp-json\/wp\/v2\/pages\/58797\/revisions\/58820"}],"up":[{"embeddable":true,"href":"https:\/\/www.accuratereviews.com\/it\/wp-json\/wp\/v2\/pages\/58467"}],"wp:featuredmedia":[{"embeddable":true,"href":"https:\/\/www.accuratereviews.com\/it\/wp-json\/wp\/v2\/media\/58799"}],"wp:attachment":[{"href":"https:\/\/www.accuratereviews.com\/it\/wp-json\/wp\/v2\/media?parent=58797"}],"wp:term":[{"taxonomy":"category","embeddable":true,"href":"https:\/\/www.accuratereviews.com\/it\/wp-json\/wp\/v2\/categories?post=58797"},{"taxonomy":"post_tag","embeddable":true,"href":"https:\/\/www.accuratereviews.com\/it\/wp-json\/wp\/v2\/tags?post=58797"},{"taxonomy":"features","embeddable":true,"href":"https:\/\/www.accuratereviews.com\/it\/wp-json\/wp\/v2\/features?post=58797"}],"curies":[{"name":"wp","href":"https:\/\/api.w.org\/{rel}","templated":true}]}}