{"id":5887,"date":"2016-03-07T16:32:26","date_gmt":"2016-03-07T16:32:26","guid":{"rendered":"http:\/\/www.accuratereviews.com\/it\/pdf-migliori-software-lista\/sumatra-pdf\/"},"modified":"2016-11-16T09:57:56","modified_gmt":"2016-11-16T09:57:56","slug":"sumatra-pdf","status":"publish","type":"page","link":"https:\/\/www.accuratereviews.com\/it\/pdf-migliori-software-lista\/sumatra-pdf\/","title":{"rendered":"Sumatra PDF"},"content":{"rendered":"<div id=\"attachment_3655\" style=\"width: 564px\" class=\"wp-caption alignnone\"><img loading=\"lazy\" decoding=\"async\" aria-describedby=\"caption-attachment-3655\" class=\"size-full wp-image-3655\" src=\"http:\/\/www.accuratereviews.com\/wp-content\/uploads\/2016\/03\/sumatra-pdf.png\" alt=\"Sumatra PDF handles many file formats with no issues at all.\" width=\"554\" height=\"640\" srcset=\"https:\/\/www.accuratereviews.com\/wp-content\/uploads\/2016\/03\/sumatra-pdf.png 554w, https:\/\/www.accuratereviews.com\/wp-content\/uploads\/2016\/03\/sumatra-pdf-260x300.png 260w, https:\/\/www.accuratereviews.com\/wp-content\/uploads\/2016\/03\/sumatra-pdf-108x125.png 108w, https:\/\/www.accuratereviews.com\/wp-content\/uploads\/2016\/03\/sumatra-pdf-43x50.png 43w, https:\/\/www.accuratereviews.com\/wp-content\/uploads\/2016\/03\/sumatra-pdf-320x370.png 320w, https:\/\/www.accuratereviews.com\/wp-content\/uploads\/2016\/03\/sumatra-pdf-239x276.png 239w\" sizes=\"auto, (max-width: 554px) 100vw, 554px\" \/><p id=\"caption-attachment-3655\" class=\"wp-caption-text\">Sumatra PDF gestisce diversi formati di file senza alcun problema.<\/p><\/div>\n<p><strong>Sumatra PDF \u00e8 un software gratuito, potente e versatile<\/strong>, con il quale potete velocemente aprire numerosi tipi di file. \u00c8 un lettore di file ai minimi termini, ma non per questo meno utile o ricco di altri software simili e pi\u00f9 pregiati. Ha un motore di rendering notevole e in grado di rivaleggiare contro Adobe Acrobat Reader. <strong>Non potete per\u00f2 usarlo per scrivere commenti ai documenti che leggete<\/strong>, e altre funzionalit\u00e0 che troverete nei software di livello superiore.<\/p>\n","protected":false},"excerpt":{"rendered":"<p>Sumatra PDF \u00e8 un software gratuito, potente e versatile, con il quale potete velocemente aprire numerosi tipi di file. \u00c8 un lettore di file ai minimi termini, ma non per questo meno utile o ricco di altri software simili e pi\u00f9 pregiati.<\/p>\n","protected":false},"author":16,"featured_media":0,"parent":5876,"menu_order":0,"comment_status":"open","ping_status":"closed","template":"g1_template_page_review_new.php","meta":{"_acf_changed":false,"cwp_meta_box_check":"Yes","cwp_rev_product_name":"","cwp_rev_product_image":"","wppr_links":[],"cwp_rev_price":"","wppr_options":[],"wppr_pros":[],"wppr_cons":[],"_monsterinsights_skip_tracking":false,"_monsterinsights_sitenote_active":false,"_monsterinsights_sitenote_note":"","_monsterinsights_sitenote_category":0,"footnotes":""},"categories":[118],"tags":[],"features":[],"class_list":{"0":"post-5887","1":"page","2":"type-page","3":"status-publish","5":"category-pdf-reader-software-it"},"wppr_data":{"cwp_meta_box_check":"Yes","cwp_rev_product_name":"","cwp_rev_product_image":"","cwp_image_link":"image","cwp_rev_price":"","wppr_rating":"0.00"},"acf":[],"yoast_head":"<!-- This site is optimized with the Yoast SEO plugin v27.4 - https:\/\/yoast.com\/product\/yoast-seo-wordpress\/ -->\n<title>Sumatra PD recensione miglior lettore PDF | Accurate Reviews<\/title>\n<meta name=\"description\" content=\"Sumatra PDF \u00e8 un software gratuito, potente e versatile, con il quale potete velocemente aprire numerosi tipi di file. Ha un motore di rendering notevole.\" \/>\n<meta name=\"robots\" content=\"index, follow, max-snippet:-1, max-image-preview:large, max-video-preview:-1\" \/>\n<link rel=\"canonical\" href=\"https:\/\/www.accuratereviews.com\/it\/pdf-migliori-software-lista\/sumatra-pdf\/\" \/>\n<meta property=\"og:locale\" content=\"it_IT\" \/>\n<meta property=\"og:type\" content=\"article\" \/>\n<meta property=\"og:title\" content=\"Sumatra PD recensione miglior lettore PDF | Accurate Reviews\" \/>\n<meta property=\"og:description\" content=\"Sumatra PDF \u00e8 un software gratuito, potente e versatile, con il quale potete velocemente aprire numerosi tipi di file. Ha un motore di rendering notevole.\" \/>\n<meta property=\"og:url\" content=\"https:\/\/www.accuratereviews.com\/it\/pdf-migliori-software-lista\/sumatra-pdf\/\" \/>\n<meta property=\"og:site_name\" content=\"Accurate Reviews\" \/>\n<meta property=\"article:modified_time\" content=\"2016-11-16T09:57:56+00:00\" \/>\n<meta property=\"og:image\" content=\"http:\/\/www.accuratereviews.com\/wp-content\/uploads\/2016\/03\/sumatra-pdf.png\" \/>\n<meta name=\"twitter:card\" content=\"summary_large_image\" \/>\n<script type=\"application\/ld+json\" class=\"yoast-schema-graph\">{\"@context\":\"https:\\\/\\\/schema.org\",\"@graph\":[{\"@type\":\"WebPage\",\"@id\":\"https:\\\/\\\/www.accuratereviews.com\\\/it\\\/pdf-migliori-software-lista\\\/sumatra-pdf\\\/\",\"url\":\"https:\\\/\\\/www.accuratereviews.com\\\/it\\\/pdf-migliori-software-lista\\\/sumatra-pdf\\\/\",\"name\":\"Sumatra PD recensione miglior lettore PDF | Accurate Reviews\",\"isPartOf\":{\"@id\":\"https:\\\/\\\/www.accuratereviews.com\\\/it\\\/#website\"},\"primaryImageOfPage\":{\"@id\":\"https:\\\/\\\/www.accuratereviews.com\\\/it\\\/pdf-migliori-software-lista\\\/sumatra-pdf\\\/#primaryimage\"},\"image\":{\"@id\":\"https:\\\/\\\/www.accuratereviews.com\\\/it\\\/pdf-migliori-software-lista\\\/sumatra-pdf\\\/#primaryimage\"},\"thumbnailUrl\":\"http:\\\/\\\/www.accuratereviews.com\\\/wp-content\\\/uploads\\\/2016\\\/03\\\/sumatra-pdf.png\",\"datePublished\":\"2016-03-07T16:32:26+00:00\",\"dateModified\":\"2016-11-16T09:57:56+00:00\",\"description\":\"Sumatra PDF \u00e8 un software gratuito, potente e versatile, con il quale potete velocemente aprire numerosi tipi di file. Ha un motore di rendering notevole.\",\"breadcrumb\":{\"@id\":\"https:\\\/\\\/www.accuratereviews.com\\\/it\\\/pdf-migliori-software-lista\\\/sumatra-pdf\\\/#breadcrumb\"},\"inLanguage\":\"it-IT\",\"potentialAction\":[{\"@type\":\"ReadAction\",\"target\":[\"https:\\\/\\\/www.accuratereviews.com\\\/it\\\/pdf-migliori-software-lista\\\/sumatra-pdf\\\/\"]}]},{\"@type\":\"ImageObject\",\"inLanguage\":\"it-IT\",\"@id\":\"https:\\\/\\\/www.accuratereviews.com\\\/it\\\/pdf-migliori-software-lista\\\/sumatra-pdf\\\/#primaryimage\",\"url\":\"http:\\\/\\\/www.accuratereviews.com\\\/wp-content\\\/uploads\\\/2016\\\/03\\\/sumatra-pdf.png\",\"contentUrl\":\"http:\\\/\\\/www.accuratereviews.com\\\/wp-content\\\/uploads\\\/2016\\\/03\\\/sumatra-pdf.png\"},{\"@type\":\"BreadcrumbList\",\"@id\":\"https:\\\/\\\/www.accuratereviews.com\\\/it\\\/pdf-migliori-software-lista\\\/sumatra-pdf\\\/#breadcrumb\",\"itemListElement\":[{\"@type\":\"ListItem\",\"position\":1,\"name\":\"Home\",\"item\":\"https:\\\/\\\/www.accuratereviews.com\\\/it\\\/\"},{\"@type\":\"ListItem\",\"position\":2,\"name\":\"PDF: I migliori software\",\"item\":\"https:\\\/\\\/www.accuratereviews.com\\\/it\\\/pdf-migliori-software-lista\\\/\"},{\"@type\":\"ListItem\",\"position\":3,\"name\":\"Sumatra PDF\"}]},{\"@type\":\"WebSite\",\"@id\":\"https:\\\/\\\/www.accuratereviews.com\\\/it\\\/#website\",\"url\":\"https:\\\/\\\/www.accuratereviews.com\\\/it\\\/\",\"name\":\"Accurate Reviews\",\"description\":\"\",\"potentialAction\":[{\"@type\":\"SearchAction\",\"target\":{\"@type\":\"EntryPoint\",\"urlTemplate\":\"https:\\\/\\\/www.accuratereviews.com\\\/it\\\/?s={search_term_string}\"},\"query-input\":{\"@type\":\"PropertyValueSpecification\",\"valueRequired\":true,\"valueName\":\"search_term_string\"}}],\"inLanguage\":\"it-IT\"}]}<\/script>\n<!-- \/ Yoast SEO plugin. -->","yoast_head_json":{"title":"Sumatra PD recensione miglior lettore PDF | Accurate Reviews","description":"Sumatra PDF \u00e8 un software gratuito, potente e versatile, con il quale potete velocemente aprire numerosi tipi di file. Ha un motore di rendering notevole.","robots":{"index":"index","follow":"follow","max-snippet":"max-snippet:-1","max-image-preview":"max-image-preview:large","max-video-preview":"max-video-preview:-1"},"canonical":"https:\/\/www.accuratereviews.com\/it\/pdf-migliori-software-lista\/sumatra-pdf\/","og_locale":"it_IT","og_type":"article","og_title":"Sumatra PD recensione miglior lettore PDF | Accurate Reviews","og_description":"Sumatra PDF \u00e8 un software gratuito, potente e versatile, con il quale potete velocemente aprire numerosi tipi di file. Ha un motore di rendering notevole.","og_url":"https:\/\/www.accuratereviews.com\/it\/pdf-migliori-software-lista\/sumatra-pdf\/","og_site_name":"Accurate Reviews","article_modified_time":"2016-11-16T09:57:56+00:00","og_image":[{"url":"http:\/\/www.accuratereviews.com\/wp-content\/uploads\/2016\/03\/sumatra-pdf.png","type":"","width":"","height":""}],"twitter_card":"summary_large_image","schema":{"@context":"https:\/\/schema.org","@graph":[{"@type":"WebPage","@id":"https:\/\/www.accuratereviews.com\/it\/pdf-migliori-software-lista\/sumatra-pdf\/","url":"https:\/\/www.accuratereviews.com\/it\/pdf-migliori-software-lista\/sumatra-pdf\/","name":"Sumatra PD recensione miglior lettore PDF | Accurate Reviews","isPartOf":{"@id":"https:\/\/www.accuratereviews.com\/it\/#website"},"primaryImageOfPage":{"@id":"https:\/\/www.accuratereviews.com\/it\/pdf-migliori-software-lista\/sumatra-pdf\/#primaryimage"},"image":{"@id":"https:\/\/www.accuratereviews.com\/it\/pdf-migliori-software-lista\/sumatra-pdf\/#primaryimage"},"thumbnailUrl":"http:\/\/www.accuratereviews.com\/wp-content\/uploads\/2016\/03\/sumatra-pdf.png","datePublished":"2016-03-07T16:32:26+00:00","dateModified":"2016-11-16T09:57:56+00:00","description":"Sumatra PDF \u00e8 un software gratuito, potente e versatile, con il quale potete velocemente aprire numerosi tipi di file. Ha un motore di rendering notevole.","breadcrumb":{"@id":"https:\/\/www.accuratereviews.com\/it\/pdf-migliori-software-lista\/sumatra-pdf\/#breadcrumb"},"inLanguage":"it-IT","potentialAction":[{"@type":"ReadAction","target":["https:\/\/www.accuratereviews.com\/it\/pdf-migliori-software-lista\/sumatra-pdf\/"]}]},{"@type":"ImageObject","inLanguage":"it-IT","@id":"https:\/\/www.accuratereviews.com\/it\/pdf-migliori-software-lista\/sumatra-pdf\/#primaryimage","url":"http:\/\/www.accuratereviews.com\/wp-content\/uploads\/2016\/03\/sumatra-pdf.png","contentUrl":"http:\/\/www.accuratereviews.com\/wp-content\/uploads\/2016\/03\/sumatra-pdf.png"},{"@type":"BreadcrumbList","@id":"https:\/\/www.accuratereviews.com\/it\/pdf-migliori-software-lista\/sumatra-pdf\/#breadcrumb","itemListElement":[{"@type":"ListItem","position":1,"name":"Home","item":"https:\/\/www.accuratereviews.com\/it\/"},{"@type":"ListItem","position":2,"name":"PDF: I migliori software","item":"https:\/\/www.accuratereviews.com\/it\/pdf-migliori-software-lista\/"},{"@type":"ListItem","position":3,"name":"Sumatra PDF"}]},{"@type":"WebSite","@id":"https:\/\/www.accuratereviews.com\/it\/#website","url":"https:\/\/www.accuratereviews.com\/it\/","name":"Accurate Reviews","description":"","potentialAction":[{"@type":"SearchAction","target":{"@type":"EntryPoint","urlTemplate":"https:\/\/www.accuratereviews.com\/it\/?s={search_term_string}"},"query-input":{"@type":"PropertyValueSpecification","valueRequired":true,"valueName":"search_term_string"}}],"inLanguage":"it-IT"}]}},"_links":{"self":[{"href":"https:\/\/www.accuratereviews.com\/it\/wp-json\/wp\/v2\/pages\/5887","targetHints":{"allow":["GET"]}}],"collection":[{"href":"https:\/\/www.accuratereviews.com\/it\/wp-json\/wp\/v2\/pages"}],"about":[{"href":"https:\/\/www.accuratereviews.com\/it\/wp-json\/wp\/v2\/types\/page"}],"author":[{"embeddable":true,"href":"https:\/\/www.accuratereviews.com\/it\/wp-json\/wp\/v2\/users\/16"}],"replies":[{"embeddable":true,"href":"https:\/\/www.accuratereviews.com\/it\/wp-json\/wp\/v2\/comments?post=5887"}],"version-history":[{"count":3,"href":"https:\/\/www.accuratereviews.com\/it\/wp-json\/wp\/v2\/pages\/5887\/revisions"}],"predecessor-version":[{"id":6369,"href":"https:\/\/www.accuratereviews.com\/it\/wp-json\/wp\/v2\/pages\/5887\/revisions\/6369"}],"up":[{"embeddable":true,"href":"https:\/\/www.accuratereviews.com\/it\/wp-json\/wp\/v2\/pages\/5876"}],"wp:attachment":[{"href":"https:\/\/www.accuratereviews.com\/it\/wp-json\/wp\/v2\/media?parent=5887"}],"wp:term":[{"taxonomy":"category","embeddable":true,"href":"https:\/\/www.accuratereviews.com\/it\/wp-json\/wp\/v2\/categories?post=5887"},{"taxonomy":"post_tag","embeddable":true,"href":"https:\/\/www.accuratereviews.com\/it\/wp-json\/wp\/v2\/tags?post=5887"},{"taxonomy":"features","embeddable":true,"href":"https:\/\/www.accuratereviews.com\/it\/wp-json\/wp\/v2\/features?post=5887"}],"curies":[{"name":"wp","href":"https:\/\/api.w.org\/{rel}","templated":true}]}}