{"id":58870,"date":"2022-06-20T10:02:18","date_gmt":"2022-06-20T10:02:18","guid":{"rendered":"https:\/\/www.accuratereviews.com\/?page_id=58870"},"modified":"2026-03-12T13:32:09","modified_gmt":"2026-03-12T13:32:09","slug":"leadpages-recensione","status":"publish","type":"page","link":"https:\/\/www.accuratereviews.com\/it\/software-creare-landing-page\/leadpages-recensione\/","title":{"rendered":"Leadpages"},"content":{"rendered":"<p><strong>Leadpages<\/strong> \u00e8 una <strong>soluzione di generazione di lead e vendite<\/strong> usata da utenti bisognosi che le loro campagne vengano lanciate in modo rapido e sicuro.\u00a0Le funzionalit\u00e0 principali includono un builder drag &amp; drop per<strong> landing page<\/strong> e siti web, modelli personalizzati, monitoraggio del ROI, gestione delle risorse del marchio e altro ancora.\u00a0Fondata nel 2012 a Minneapolis, la soluzione consente agli esperti di marketing di creare pop-up e barre di avviso reattivi per dispositivi mobili per trasformare i clic guadagnati in clienti.\u00a0<strong>Leadpages<\/strong> aiuta le aziende a collegare le loro campagne con altri strumenti di marketing come piattaforme webinar, processori di pagamento, automazione della posta elettronica e altro ancora. Gli utenti possono anche visualizzare le prestazioni delle loro campagne attraverso una dashboard in tempo reale e analizzare i loro ROI.<\/p>\n<h2>LEADPAGES &#8211; TUTORIAL<\/h2>\n<p>Ecco un tutorial che mostra come<strong> creare una landing page<\/strong>:<\/p>\n<div id=\"fluid-wrapper-counter-1\" class=\"g1-fluid-wrapper \" style=\"width:686px;\">\n<div style=\"padding-bottom:56.268221574344%;\"><iframe loading=\"lazy\" title=\"Leadpages Tutorial: How to Create a Landing Page\" width=\"686\" height=\"386\" src=\"https:\/\/www.youtube.com\/embed\/f_PQo03vhNU?feature=oembed&amp;wmode=transparent&amp;autohide=1&amp;autoplay=0&amp;disablekb=0&amp;fs=1&amp;loop=0&amp;enablejsapi=1&amp;rel=0&amp;controls=2&amp;showinfo=0&amp;wmode=transparent&amp;autohide=2&amp;autoplay=0&amp;disablekb=0&amp;fs=1&amp;loop=0&amp;enablejsapi=1&amp;rel=0&amp;controls=2&amp;showinfo=1\" frameborder=\"0\" allow=\"accelerometer; autoplay; clipboard-write; encrypted-media; gyroscope; picture-in-picture; web-share\" referrerpolicy=\"strict-origin-when-cross-origin\" allowfullscreen><\/iframe><\/div>\n<\/div>\n<h3>LEADPAGES &#8211; CARATTERISTICHE<\/h3>\n<ul>\n<li><strong>Generatore di siti<\/strong>: crea siti web online ad alta conversione con personalizzazioni senza codice<\/li>\n<li><strong>Pagine di destinazione<\/strong>: fai crescere la tua attivit\u00e0 in sicurezza trasformando i clic in clienti con pagine di destinazione ad alta conversione<\/li>\n<li><strong>Pop-up e barre di avviso illimitati<\/strong>: usa moduli pop-up semplici ma efficaci e barre adesive per acquisire le informazioni di contatto da qualsiasi pagina di tua propriet\u00e0<\/li>\n<li><strong>Rapida velocit\u00e0 di caricamento della pagina<\/strong>: aumenta le conversioni e migliora l&#8217;esperienza dei visitatori con velocit\u00e0 di caricamento delle pagine leader del settore<\/li>\n<li><strong>Pagine mobile responsive<\/strong>: ottimizza ogni pagina per avere un bell&#8217;aspetto su qualsiasi dispositivo, desktop, tablet o mobile<\/li>\n<li><strong>Capacit\u00e0 SEO<\/strong>:\u00a0migliora la tua pagina per la ricerca organica con campi di metadati facili da modificare e un&#8217;ampia gamma di modelli SEO-friendly.<\/li>\n<li><strong>Analisi in tempo reale<\/strong>: tieni traccia facilmente delle prestazioni delle tue pagine web, delle pagine di destinazione e dei contenuti, in modo da poter ottimizzare man mano che procedi.<\/li>\n<li><strong>40 integrazioni<\/strong>: connettiti con gli strumenti che gi\u00e0 utilizzi: MailChimp, Google Analytics, Infusionsoft, WordPress e altri! Pi\u00f9 oltre 1000 app tramite Zapier.<\/li>\n<li><strong>Conformit\u00e0 GDPR<\/strong>: i\u00a0dati vengono elaborati in modo sicuro e in conformit\u00e0 con i requisiti GDPR. Puoi anche aggiungere facilmente una casella di controllo del consenso attivo a qualsiasi modulo di attivazione.<\/li>\n<\/ul>\n<h4>LE RECENSIONI DEGLI UTENTI<\/h4>\n<p><strong>Mohan lal D.&#8221;Landing Page Builder per far funzionare le cose in pochissimo tempo&#8221;<\/strong><\/p>\n<p><span class=\"font-weight-bold\"><strong>Commenti<\/strong>: <\/span>Leadpages aiuta a creare facilmente pagine di generazione di lead e finora \u00e8 stata un&#8217;ottima esperienza con Leadpages.<\/p>\n<p class=\"font-weight-bold mb-2\"><strong>Pro<\/strong>:\u00a0La mia parte preferita di Leadpages \u00e8 che ti aiuta a far funzionare rapidamente le cose. Leadpages ha tonnellate di modelli pronti per l&#8217;uso orientati alle attivit\u00e0 online. Quindi, se stai cercando modelli di generazione di lead, pagine di vendita, pagine di ringraziamento o anche 404 pagine; hanno modelli per tutti. Ci\u00f2 semplifica la creazione delle pagine, poich\u00e9 anche nel modello di pagina viene inserita la copia demo di base. Un&#8217;altra cosa che mi piace \u00e8 che puoi inviare i dati del codice UTM alla tua integrazione CRM (ad es. Keap) utilizzando la mappatura dei campi durante la creazione di moduli di attivazione in Leadpages.<\/p>\n<p class=\"font-weight-bold mb-2\"><strong>Contro<\/strong>:\u00a0Non c&#8217;\u00e8 niente che non mi piaccia di Leadpages.<\/p>\n<p class=\"font-weight-bold mb-2\"><strong>Nicole W.&#8221;Facile da usare per le landing page!&#8221;<\/strong><\/p>\n<p><span class=\"font-weight-bold\"><strong>Commenti<\/strong>: <\/span>l&#8217;esperienza complessiva \u00e8 stata buona. Se avesse avuto tutte le funzionalit\u00e0 che avevano le canalizzazioni di clic e se fosse stato consigliato dal programma di tutoraggio in cui mi trovavo, probabilmente l&#8217;avrei mantenuto.<\/p>\n<p class=\"font-weight-bold mb-2\">Pro:\u00a0era abbastanza facile da usare. \u00c8 stato il primo software di landing page con cui ho iniziato a lavorare e che avevo usato per 1 o 2. buono da usare e con cui iniziare quando sei nuovo alla tecnologia.<\/p>\n<p class=\"font-weight-bold mb-2\">Contro:\u00a0il prezzo potrebbe essere migliore per quello che stai ricevendo. quando ce l&#8217;avevo, il livello basso era di 50 dollari canadesi e penso che potevi creare solo 3 pagine di destinazione, quindi dovresti ottenere la funzione di livello successivo se volevi pi\u00f9 di una pagina di destinazione.<\/p>\n<p class=\"font-weight-bold mb-2\"><strong>Charles A.&#8221;Buono solo non buono come gli altri&#8221;<\/strong><\/p>\n<p><span class=\"font-weight-bold\"><strong>Commenti<\/strong>: <\/span>Nel complesso ha funzionato. Potrebbe fare il lavoro. Non \u00e8 solo il migliore l\u00e0 fuori<\/p>\n<p class=\"font-weight-bold mb-2\"><strong>Pro<\/strong>:\u00a0Mi \u00e8 piaciuto poter creare facilmente pagine di destinazione.<\/p>\n<p class=\"font-weight-bold mb-2\"><strong>Contro<\/strong>:\u00a0Mancavano alcune delle funzionalit\u00e0 e l&#8217;ho trovato molto pi\u00f9 lento rispetto ad altre opzioni disponibili.<\/p>\n","protected":false},"excerpt":{"rendered":"<p>Leadpages \u00e8 una soluzione di generazione di lead e vendite usata da utenti bisognosi che le loro campagne vengano lanciate in modo rapido e sicuro.\u00a0Le funzionalit\u00e0 principali includono un builder drag &#038; drop per landing page e siti web, modelli personalizzati, monitoraggio del ROI, gestione delle risorse del marchio e altro ancora.\u00a0<\/p>\n","protected":false},"author":16,"featured_media":58871,"parent":58467,"menu_order":0,"comment_status":"open","ping_status":"closed","template":"g1_template_page_review_new.php","meta":{"_acf_changed":false,"cwp_meta_box_check":"No","cwp_rev_product_name":"","cwp_rev_product_image":"","wppr_links":[],"cwp_rev_price":"","wppr_options":[],"wppr_pros":[],"wppr_cons":[],"_monsterinsights_skip_tracking":false,"_monsterinsights_sitenote_active":false,"_monsterinsights_sitenote_note":"","_monsterinsights_sitenote_category":0,"footnotes":""},"categories":[12754],"tags":[12810,12855,12814,12813,12811,12812],"features":[],"class_list":{"0":"post-58870","1":"page","2":"type-page","3":"status-publish","4":"has-post-thumbnail","6":"category-software-per-creare-landing-page-cat","7":"tag-creazione-landing-page","8":"tag-leadpages","9":"tag-piattaforma-creazione-landing-page","10":"tag-programma-creazione-landing-page","11":"tag-software-creazione-landing-page","12":"tag-soluzione-creazione-landing-page"},"wppr_data":{"cwp_meta_box_check":"No"},"acf":[],"yoast_head":"<!-- This site is optimized with the Yoast SEO plugin v27.4 - https:\/\/yoast.com\/product\/yoast-seo-wordpress\/ -->\n<title>Leadpages: recensione software creazione landing page Accurate Reviews<\/title>\n<meta name=\"description\" content=\"Leadpages: recensione soluzione di generazione di lead e vendite usata da utenti bisognosi che le loro campagne vengano lanciate in modo rapido e sicuro.\" \/>\n<meta name=\"robots\" content=\"index, follow, max-snippet:-1, max-image-preview:large, max-video-preview:-1\" \/>\n<link rel=\"canonical\" href=\"https:\/\/www.accuratereviews.com\/it\/software-creare-landing-page\/leadpages-recensione\/\" \/>\n<meta property=\"og:locale\" content=\"it_IT\" \/>\n<meta property=\"og:type\" content=\"article\" \/>\n<meta property=\"og:title\" content=\"Leadpages: recensione software creazione landing page Accurate Reviews\" \/>\n<meta property=\"og:description\" content=\"Leadpages: recensione soluzione di generazione di lead e vendite usata da utenti bisognosi che le loro campagne vengano lanciate in modo rapido e sicuro.\" \/>\n<meta property=\"og:url\" content=\"https:\/\/www.accuratereviews.com\/it\/software-creare-landing-page\/leadpages-recensione\/\" \/>\n<meta property=\"og:site_name\" content=\"Accurate Reviews\" \/>\n<meta property=\"article:modified_time\" content=\"2026-03-12T13:32:09+00:00\" \/>\n<meta property=\"og:image\" content=\"https:\/\/www.accuratereviews.com\/wp-content\/uploads\/2022\/06\/leadpages-logo.png\" \/>\n\t<meta property=\"og:image:width\" content=\"200\" \/>\n\t<meta property=\"og:image:height\" content=\"200\" \/>\n\t<meta property=\"og:image:type\" content=\"image\/png\" \/>\n<meta name=\"twitter:card\" content=\"summary_large_image\" \/>\n<meta name=\"twitter:label1\" content=\"Tempo di lettura stimato\" \/>\n\t<meta name=\"twitter:data1\" content=\"5 minuti\" \/>\n<script type=\"application\/ld+json\" class=\"yoast-schema-graph\">{\"@context\":\"https:\\\/\\\/schema.org\",\"@graph\":[{\"@type\":\"WebPage\",\"@id\":\"https:\\\/\\\/www.accuratereviews.com\\\/it\\\/software-creare-landing-page\\\/leadpages-recensione\\\/\",\"url\":\"https:\\\/\\\/www.accuratereviews.com\\\/it\\\/software-creare-landing-page\\\/leadpages-recensione\\\/\",\"name\":\"Leadpages: recensione software creazione landing page Accurate Reviews\",\"isPartOf\":{\"@id\":\"https:\\\/\\\/www.accuratereviews.com\\\/it\\\/#website\"},\"primaryImageOfPage\":{\"@id\":\"https:\\\/\\\/www.accuratereviews.com\\\/it\\\/software-creare-landing-page\\\/leadpages-recensione\\\/#primaryimage\"},\"image\":{\"@id\":\"https:\\\/\\\/www.accuratereviews.com\\\/it\\\/software-creare-landing-page\\\/leadpages-recensione\\\/#primaryimage\"},\"thumbnailUrl\":\"https:\\\/\\\/www.accuratereviews.com\\\/wp-content\\\/uploads\\\/2022\\\/06\\\/leadpages-logo.png\",\"datePublished\":\"2022-06-20T10:02:18+00:00\",\"dateModified\":\"2026-03-12T13:32:09+00:00\",\"description\":\"Leadpages: recensione soluzione di generazione di lead e vendite usata da utenti bisognosi che le loro campagne vengano lanciate in modo rapido e sicuro.\",\"breadcrumb\":{\"@id\":\"https:\\\/\\\/www.accuratereviews.com\\\/it\\\/software-creare-landing-page\\\/leadpages-recensione\\\/#breadcrumb\"},\"inLanguage\":\"it-IT\",\"potentialAction\":[{\"@type\":\"ReadAction\",\"target\":[\"https:\\\/\\\/www.accuratereviews.com\\\/it\\\/software-creare-landing-page\\\/leadpages-recensione\\\/\"]}]},{\"@type\":\"ImageObject\",\"inLanguage\":\"it-IT\",\"@id\":\"https:\\\/\\\/www.accuratereviews.com\\\/it\\\/software-creare-landing-page\\\/leadpages-recensione\\\/#primaryimage\",\"url\":\"https:\\\/\\\/www.accuratereviews.com\\\/wp-content\\\/uploads\\\/2022\\\/06\\\/leadpages-logo.png\",\"contentUrl\":\"https:\\\/\\\/www.accuratereviews.com\\\/wp-content\\\/uploads\\\/2022\\\/06\\\/leadpages-logo.png\",\"width\":200,\"height\":200},{\"@type\":\"BreadcrumbList\",\"@id\":\"https:\\\/\\\/www.accuratereviews.com\\\/it\\\/software-creare-landing-page\\\/leadpages-recensione\\\/#breadcrumb\",\"itemListElement\":[{\"@type\":\"ListItem\",\"position\":1,\"name\":\"Home\",\"item\":\"https:\\\/\\\/www.accuratereviews.com\\\/it\\\/\"},{\"@type\":\"ListItem\",\"position\":2,\"name\":\"Software per creare landing page\",\"item\":\"https:\\\/\\\/www.accuratereviews.com\\\/it\\\/software-creare-landing-page\\\/\"},{\"@type\":\"ListItem\",\"position\":3,\"name\":\"Leadpages\"}]},{\"@type\":\"WebSite\",\"@id\":\"https:\\\/\\\/www.accuratereviews.com\\\/it\\\/#website\",\"url\":\"https:\\\/\\\/www.accuratereviews.com\\\/it\\\/\",\"name\":\"Accurate Reviews\",\"description\":\"\",\"potentialAction\":[{\"@type\":\"SearchAction\",\"target\":{\"@type\":\"EntryPoint\",\"urlTemplate\":\"https:\\\/\\\/www.accuratereviews.com\\\/it\\\/?s={search_term_string}\"},\"query-input\":{\"@type\":\"PropertyValueSpecification\",\"valueRequired\":true,\"valueName\":\"search_term_string\"}}],\"inLanguage\":\"it-IT\"}]}<\/script>\n<!-- \/ Yoast SEO plugin. -->","yoast_head_json":{"title":"Leadpages: recensione software creazione landing page Accurate Reviews","description":"Leadpages: recensione soluzione di generazione di lead e vendite usata da utenti bisognosi che le loro campagne vengano lanciate in modo rapido e sicuro.","robots":{"index":"index","follow":"follow","max-snippet":"max-snippet:-1","max-image-preview":"max-image-preview:large","max-video-preview":"max-video-preview:-1"},"canonical":"https:\/\/www.accuratereviews.com\/it\/software-creare-landing-page\/leadpages-recensione\/","og_locale":"it_IT","og_type":"article","og_title":"Leadpages: recensione software creazione landing page Accurate Reviews","og_description":"Leadpages: recensione soluzione di generazione di lead e vendite usata da utenti bisognosi che le loro campagne vengano lanciate in modo rapido e sicuro.","og_url":"https:\/\/www.accuratereviews.com\/it\/software-creare-landing-page\/leadpages-recensione\/","og_site_name":"Accurate Reviews","article_modified_time":"2026-03-12T13:32:09+00:00","og_image":[{"width":200,"height":200,"url":"https:\/\/www.accuratereviews.com\/wp-content\/uploads\/2022\/06\/leadpages-logo.png","type":"image\/png"}],"twitter_card":"summary_large_image","twitter_misc":{"Tempo di lettura stimato":"5 minuti"},"schema":{"@context":"https:\/\/schema.org","@graph":[{"@type":"WebPage","@id":"https:\/\/www.accuratereviews.com\/it\/software-creare-landing-page\/leadpages-recensione\/","url":"https:\/\/www.accuratereviews.com\/it\/software-creare-landing-page\/leadpages-recensione\/","name":"Leadpages: recensione software creazione landing page Accurate Reviews","isPartOf":{"@id":"https:\/\/www.accuratereviews.com\/it\/#website"},"primaryImageOfPage":{"@id":"https:\/\/www.accuratereviews.com\/it\/software-creare-landing-page\/leadpages-recensione\/#primaryimage"},"image":{"@id":"https:\/\/www.accuratereviews.com\/it\/software-creare-landing-page\/leadpages-recensione\/#primaryimage"},"thumbnailUrl":"https:\/\/www.accuratereviews.com\/wp-content\/uploads\/2022\/06\/leadpages-logo.png","datePublished":"2022-06-20T10:02:18+00:00","dateModified":"2026-03-12T13:32:09+00:00","description":"Leadpages: recensione soluzione di generazione di lead e vendite usata da utenti bisognosi che le loro campagne vengano lanciate in modo rapido e sicuro.","breadcrumb":{"@id":"https:\/\/www.accuratereviews.com\/it\/software-creare-landing-page\/leadpages-recensione\/#breadcrumb"},"inLanguage":"it-IT","potentialAction":[{"@type":"ReadAction","target":["https:\/\/www.accuratereviews.com\/it\/software-creare-landing-page\/leadpages-recensione\/"]}]},{"@type":"ImageObject","inLanguage":"it-IT","@id":"https:\/\/www.accuratereviews.com\/it\/software-creare-landing-page\/leadpages-recensione\/#primaryimage","url":"https:\/\/www.accuratereviews.com\/wp-content\/uploads\/2022\/06\/leadpages-logo.png","contentUrl":"https:\/\/www.accuratereviews.com\/wp-content\/uploads\/2022\/06\/leadpages-logo.png","width":200,"height":200},{"@type":"BreadcrumbList","@id":"https:\/\/www.accuratereviews.com\/it\/software-creare-landing-page\/leadpages-recensione\/#breadcrumb","itemListElement":[{"@type":"ListItem","position":1,"name":"Home","item":"https:\/\/www.accuratereviews.com\/it\/"},{"@type":"ListItem","position":2,"name":"Software per creare landing page","item":"https:\/\/www.accuratereviews.com\/it\/software-creare-landing-page\/"},{"@type":"ListItem","position":3,"name":"Leadpages"}]},{"@type":"WebSite","@id":"https:\/\/www.accuratereviews.com\/it\/#website","url":"https:\/\/www.accuratereviews.com\/it\/","name":"Accurate Reviews","description":"","potentialAction":[{"@type":"SearchAction","target":{"@type":"EntryPoint","urlTemplate":"https:\/\/www.accuratereviews.com\/it\/?s={search_term_string}"},"query-input":{"@type":"PropertyValueSpecification","valueRequired":true,"valueName":"search_term_string"}}],"inLanguage":"it-IT"}]}},"_links":{"self":[{"href":"https:\/\/www.accuratereviews.com\/it\/wp-json\/wp\/v2\/pages\/58870","targetHints":{"allow":["GET"]}}],"collection":[{"href":"https:\/\/www.accuratereviews.com\/it\/wp-json\/wp\/v2\/pages"}],"about":[{"href":"https:\/\/www.accuratereviews.com\/it\/wp-json\/wp\/v2\/types\/page"}],"author":[{"embeddable":true,"href":"https:\/\/www.accuratereviews.com\/it\/wp-json\/wp\/v2\/users\/16"}],"replies":[{"embeddable":true,"href":"https:\/\/www.accuratereviews.com\/it\/wp-json\/wp\/v2\/comments?post=58870"}],"version-history":[{"count":15,"href":"https:\/\/www.accuratereviews.com\/it\/wp-json\/wp\/v2\/pages\/58870\/revisions"}],"predecessor-version":[{"id":107610,"href":"https:\/\/www.accuratereviews.com\/it\/wp-json\/wp\/v2\/pages\/58870\/revisions\/107610"}],"up":[{"embeddable":true,"href":"https:\/\/www.accuratereviews.com\/it\/wp-json\/wp\/v2\/pages\/58467"}],"wp:featuredmedia":[{"embeddable":true,"href":"https:\/\/www.accuratereviews.com\/it\/wp-json\/wp\/v2\/media\/58871"}],"wp:attachment":[{"href":"https:\/\/www.accuratereviews.com\/it\/wp-json\/wp\/v2\/media?parent=58870"}],"wp:term":[{"taxonomy":"category","embeddable":true,"href":"https:\/\/www.accuratereviews.com\/it\/wp-json\/wp\/v2\/categories?post=58870"},{"taxonomy":"post_tag","embeddable":true,"href":"https:\/\/www.accuratereviews.com\/it\/wp-json\/wp\/v2\/tags?post=58870"},{"taxonomy":"features","embeddable":true,"href":"https:\/\/www.accuratereviews.com\/it\/wp-json\/wp\/v2\/features?post=58870"}],"curies":[{"name":"wp","href":"https:\/\/api.w.org\/{rel}","templated":true}]}}