{"id":58877,"date":"2022-06-20T10:05:53","date_gmt":"2022-06-20T10:05:53","guid":{"rendered":"https:\/\/www.accuratereviews.com\/?page_id=58877"},"modified":"2022-06-20T10:05:53","modified_gmt":"2022-06-20T10:05:53","slug":"act-on-recensione","status":"publish","type":"page","link":"https:\/\/www.accuratereviews.com\/it\/software-creare-landing-page\/act-on-recensione\/","title":{"rendered":"Act-On"},"content":{"rendered":"<p><strong>Act-On<\/strong> \u00e8 uno strumento completo di <strong>automazione del marketing<\/strong> progettato per offrire una suite completa di applicazioni, tra cui email marketing, monitoraggio dei visitatori del sito web, gestione dei lead, dei social media, reportistica e analisi, nonch\u00e9 integrazioni con webinar e pianificazione di eventi.\u00a0Con l&#8217;email marketing le aziende possono segmentare i propri clienti in una variet\u00e0 di categorie, consentendo agli esperti di marketing di concentrarsi su un particolare mercato target all&#8217;interno di quel gruppo di posta elettronica. Il software offre funzionalit\u00e0 di monitoraggio del sito web di base, che offre una visibilit\u00e0 completa sui tipi di clienti che stanno visitando il loro sito, nonch\u00e9 sulle loro attivit\u00e0 e sul tempo trascorso su diversi contenuti.<\/p>\n<h2>ACT-ON &#8211; TUTORIAL<\/h2>\n<p>Guardiamo insieme la demo di questo <strong>software per creare landing page<\/strong>:<\/p>\n<div id=\"fluid-wrapper-counter-1\" class=\"g1-fluid-wrapper \" style=\"width:686px;\">\n<div style=\"padding-bottom:56.268221574344%;\"><iframe loading=\"lazy\" title=\"Online demo: Act-On Growth Marketing Platform by Marketing Guys\" width=\"515\" height=\"386\" src=\"https:\/\/www.youtube.com\/embed\/WjCC8Id5fm8?feature=oembed&amp;wmode=transparent&amp;autohide=1&amp;autoplay=0&amp;disablekb=0&amp;fs=1&amp;loop=0&amp;enablejsapi=1&amp;rel=0&amp;controls=2&amp;showinfo=0&amp;wmode=transparent&amp;autohide=2&amp;autoplay=0&amp;disablekb=0&amp;fs=1&amp;loop=0&amp;enablejsapi=1&amp;rel=0&amp;controls=2&amp;showinfo=1\" frameborder=\"0\" allow=\"accelerometer; autoplay; clipboard-write; encrypted-media; gyroscope; picture-in-picture\" allowfullscreen><\/iframe><\/div>\n<\/div>\n<h3>ACT-ON &#8211; CARATTERISTICHE<\/h3>\n<ul>\n<li><strong>Generazione della domanda B2B<\/strong>: attira, cattura e stimola i clienti ottimizzando la canalizzazione, monitorando il comportamento dei visitatori e analizzando il ROI<\/li>\n<li><strong>Fai crescere la tua attivit\u00e0<\/strong>: sviluppa una forte presenza digitale e un funnel ottimizzato per la tua attivit\u00e0 che funge da base per una crescita costante e un successo duraturo<\/li>\n<li><strong>Offri esperienze di marketing digitale olistiche<\/strong>: la soluzione fornisce gli strumenti per un&#8217;esperienza digitale unica e livelli di coinvolgimento per i tuoi potenziali clienti<\/li>\n<li><strong>Coinvolgi le tue offerte<\/strong>: adotta un approccio multicanale per promuovere il coinvolgimento di prodotti e servizi di prim&#8217;ordine, determinando relazioni a lungo termine con appassionati sostenitori del marchio<\/li>\n<li><strong>Vendite e transazioni B2C<\/strong>: aumenta l&#8217;interesse e le vendite automatizzando le transazioni e coinvolgendo i tuoi clienti con contenuti personalizzati<\/li>\n<li><strong>Personalizza le esperienze digitali<\/strong>: rivolgiti a un pubblico specifico attraverso risorse creative che risuonano con i visitatori e ottimizzano i cicli di vita dei clienti<\/li>\n<li><strong>Migliora la fedelt\u00e0 al marchio<\/strong>: trasforma i clienti in sostenitori del marchio sviluppando e implementando premi e fedelt\u00e0 digitali automatizzati<\/li>\n<li><strong>Onboarding e programmi di formazione<\/strong>: educa e consenti ai clienti di stimolare l&#8217;entusiasmo, rafforzare le decisioni di acquisto e incoraggiare la crescita del business<\/li>\n<li><strong>Adozione e conservazione del prodotto<\/strong>: promuovi la fidelizzazione e aumenta l&#8217;adozione attraverso una sensibilizzazione proattiva che metta in evidenza l&#8217;eccellenza del tuo marchio.<\/li>\n<\/ul>\n<h4>LE RECENSIONI DEGLI UTENTI<\/h4>\n<p class=\"font-weight-bold mb-2\"><strong>Brahim T.&#8221;Recensione Act-On&#8221;<\/strong><\/p>\n<p><span class=\"font-weight-bold\"><strong>Commenti<\/strong>: <\/span>Il software di automazione del marketing, Act-On, ha risolto il mio problema di dover automatizzare i miei processi di marketing. I vantaggi che ho capito sono che siamo stati in grado di risparmiare tempo, ottenere pi\u00f9 lead e aumentare i miei tassi di conversione.<\/p>\n<p class=\"font-weight-bold mb-2\"><strong>Pro<\/strong>:\u00a0Da quando ho implementato Act-On, le mie percentuali di clic sono aumentate di quasi il 200%! Il prodotto \u00e8 molto intuitivo e il processo di onboarding \u00e8 stato un gioco da ragazzi. Altamente raccomandato!<\/p>\n<p class=\"font-weight-bold mb-2\"><strong>Contro<\/strong>:\u00a0Nel complesso, Act-On \u00e8 un ottimo strumento di automazione del marketing. Ci sono alcune funzionalit\u00e0 che potrebbero essere migliorate, ma per la maggior parte \u00e8 uno strumento molto intuitivo che \u00e8 stato facile da integrare con i miei processi aziendali esistenti. Il team di supporto \u00e8 stato molto utile nel metterci in funzione e siamo stati in grado di vedere rapidamente il valore che Act-On poteva apportare ai miei sforzi di marketing.<\/p>\n<p class=\"font-weight-bold mb-2\"><strong>Scott S.&#8221;Una solida piattaforma di automazione del marketing&#8221;<\/strong><\/p>\n<p class=\"font-weight-bold mb-2\"><strong>Commenti<\/strong>: Siamo un editore di contenuti multimediali che utilizzava Act-On principalmente per l&#8217;invio di e-mail di marketing: circa 20+ al mese, supportando un sito di white paper e ospitando 2 webinar al mese. Act-On ha semplificato la creazione e la commercializzazione di webinar dal pensiero iniziale, inviando una copia del webinar ai partecipanti al termine e in ogni fase del percorso. Ho utilizzato circa 4 diverse piattaforme di automazione del marketing e posso dirti che Act-On \u00e8 stato di gran lunga il pi\u00f9 semplice per inviare campagne e-mail, dalla creazione iniziale dell&#8217;e-mail all&#8217;invio.<\/p>\n<p><strong>Pro<\/strong>:\u00a0Mi \u00e8 piaciuto il fatto che negli ultimi quattro anni ho lavorato con il prodotto e l&#8217;ho visto crescere a passi da gigante. Hanno un team che si dedica a fare miglioramenti intelligenti con il prodotto.<\/p>\n<p><strong>Contro<\/strong>:\u00a0Come tutti i prodotti questo non \u00e8 perfetto. Ho avuto la maggior parte dei problemi con il nostro rappresentante di vendita che continuava a cambiare. Inoltre, una volta in una luna blu, una funzione sarebbe cambiata senza un&#8217;adeguata notifica.<\/p>\n<p class=\"font-weight-bold mb-2\"><strong>Catherine H. &#8220;Prodotto meraviglioso. Ottimo rapporto qualit\u00e0-prezzo, risultati sorprendenti!&#8221;<\/strong><\/p>\n<p class=\"font-weight-bold mb-2\"><strong>Commenti<\/strong>: Uso Act-On da molti anni e mi godo la facilit\u00e0 d&#8217;uso, le ottime metriche e l&#8217;interfaccia intuitiva. Questo \u00e8 un prodotto che non posso raccomandare abbastanza. Lo uso quotidianamente e mi godo l&#8217;automazione tanto quanto mi piacciono le capacit\u00e0 di pubblicazione sui social e di email marketing.<\/p>\n<p><strong>Pro<\/strong>:\u00a0Act-On \u00e8 facile da usare e ha ottime metriche!<\/p>\n<p><strong>Contro<\/strong>:\u00a0Nulla cambierei su questo software!<\/p>\n","protected":false},"excerpt":{"rendered":"<p>Act-On \u00e8 uno strumento completo di automazione del marketing progettato per offrire una suite completa di applicazioni, tra cui email marketing, monitoraggio dei visitatori del sito web, gestione dei lead, dei social media, reportistica e analisi, nonch\u00e9 integrazioni con webinar e pianificazione di eventi.<\/p>\n","protected":false},"author":16,"featured_media":58878,"parent":58467,"menu_order":0,"comment_status":"open","ping_status":"closed","template":"g1_template_page_review_new.php","meta":{"_acf_changed":false,"cwp_meta_box_check":"No","cwp_rev_product_name":"","cwp_rev_product_image":"","wppr_links":[],"cwp_rev_price":"","wppr_options":[],"wppr_pros":[],"wppr_cons":[],"_monsterinsights_skip_tracking":false,"_monsterinsights_sitenote_active":false,"_monsterinsights_sitenote_note":"","_monsterinsights_sitenote_category":0,"footnotes":""},"categories":[12754],"tags":[12853,12777,12778,12759,12776,12756,12812],"features":[],"class_list":{"0":"post-58877","1":"page","2":"type-page","3":"status-publish","4":"has-post-thumbnail","6":"category-software-per-creare-landing-page-cat","7":"tag-act-on","8":"tag-creare-landing-page","9":"tag-landing-page","10":"tag-piattaforma-per-creare-landing-page","11":"tag-programma-per-creare-landing-page","12":"tag-software-per-creare-landing-page","13":"tag-soluzione-creazione-landing-page","14":"g1_relation_tag-act-on"},"wppr_data":{"cwp_meta_box_check":"No"},"acf":[],"yoast_head":"<!-- This site is optimized with the Yoast SEO plugin v27.4 - https:\/\/yoast.com\/product\/yoast-seo-wordpress\/ -->\n<title>Act-On: recensione software creazione landing page - Accurate Reviews<\/title>\n<meta name=\"description\" content=\"Act-On: recensione software creazione landing page con strumenti per gestire e ottimizzare campagne, generare lead, valutare e dare priorit\u00e0 ai clienti.\" \/>\n<meta name=\"robots\" content=\"index, follow, max-snippet:-1, max-image-preview:large, max-video-preview:-1\" \/>\n<link rel=\"canonical\" href=\"https:\/\/www.accuratereviews.com\/it\/software-creare-landing-page\/act-on-recensione\/\" \/>\n<meta property=\"og:locale\" content=\"it_IT\" \/>\n<meta property=\"og:type\" content=\"article\" \/>\n<meta property=\"og:title\" content=\"Act-On: recensione software creazione landing page - Accurate Reviews\" \/>\n<meta property=\"og:description\" content=\"Act-On: recensione software creazione landing page con strumenti per gestire e ottimizzare campagne, generare lead, valutare e dare priorit\u00e0 ai clienti.\" \/>\n<meta property=\"og:url\" content=\"https:\/\/www.accuratereviews.com\/it\/software-creare-landing-page\/act-on-recensione\/\" \/>\n<meta property=\"og:site_name\" content=\"Accurate Reviews\" \/>\n<meta property=\"og:image\" content=\"https:\/\/www.accuratereviews.com\/wp-content\/uploads\/2022\/06\/Act-On.png\" \/>\n\t<meta property=\"og:image:width\" content=\"1100\" \/>\n\t<meta property=\"og:image:height\" content=\"457\" \/>\n\t<meta property=\"og:image:type\" content=\"image\/png\" \/>\n<meta name=\"twitter:card\" content=\"summary_large_image\" \/>\n<meta name=\"twitter:label1\" content=\"Tempo di lettura stimato\" \/>\n\t<meta name=\"twitter:data1\" content=\"5 minuti\" \/>\n<script type=\"application\/ld+json\" class=\"yoast-schema-graph\">{\"@context\":\"https:\\\/\\\/schema.org\",\"@graph\":[{\"@type\":\"WebPage\",\"@id\":\"https:\\\/\\\/www.accuratereviews.com\\\/it\\\/software-creare-landing-page\\\/act-on-recensione\\\/\",\"url\":\"https:\\\/\\\/www.accuratereviews.com\\\/it\\\/software-creare-landing-page\\\/act-on-recensione\\\/\",\"name\":\"Act-On: recensione software creazione landing page - Accurate Reviews\",\"isPartOf\":{\"@id\":\"https:\\\/\\\/www.accuratereviews.com\\\/it\\\/#website\"},\"primaryImageOfPage\":{\"@id\":\"https:\\\/\\\/www.accuratereviews.com\\\/it\\\/software-creare-landing-page\\\/act-on-recensione\\\/#primaryimage\"},\"image\":{\"@id\":\"https:\\\/\\\/www.accuratereviews.com\\\/it\\\/software-creare-landing-page\\\/act-on-recensione\\\/#primaryimage\"},\"thumbnailUrl\":\"https:\\\/\\\/www.accuratereviews.com\\\/wp-content\\\/uploads\\\/2022\\\/06\\\/Act-On.png\",\"datePublished\":\"2022-06-20T10:05:53+00:00\",\"description\":\"Act-On: recensione software creazione landing page con strumenti per gestire e ottimizzare campagne, generare lead, valutare e dare priorit\u00e0 ai clienti.\",\"breadcrumb\":{\"@id\":\"https:\\\/\\\/www.accuratereviews.com\\\/it\\\/software-creare-landing-page\\\/act-on-recensione\\\/#breadcrumb\"},\"inLanguage\":\"it-IT\",\"potentialAction\":[{\"@type\":\"ReadAction\",\"target\":[\"https:\\\/\\\/www.accuratereviews.com\\\/it\\\/software-creare-landing-page\\\/act-on-recensione\\\/\"]}]},{\"@type\":\"ImageObject\",\"inLanguage\":\"it-IT\",\"@id\":\"https:\\\/\\\/www.accuratereviews.com\\\/it\\\/software-creare-landing-page\\\/act-on-recensione\\\/#primaryimage\",\"url\":\"https:\\\/\\\/www.accuratereviews.com\\\/wp-content\\\/uploads\\\/2022\\\/06\\\/Act-On.png\",\"contentUrl\":\"https:\\\/\\\/www.accuratereviews.com\\\/wp-content\\\/uploads\\\/2022\\\/06\\\/Act-On.png\",\"width\":1100,\"height\":457},{\"@type\":\"BreadcrumbList\",\"@id\":\"https:\\\/\\\/www.accuratereviews.com\\\/it\\\/software-creare-landing-page\\\/act-on-recensione\\\/#breadcrumb\",\"itemListElement\":[{\"@type\":\"ListItem\",\"position\":1,\"name\":\"Home\",\"item\":\"https:\\\/\\\/www.accuratereviews.com\\\/it\\\/\"},{\"@type\":\"ListItem\",\"position\":2,\"name\":\"Software per creare landing page\",\"item\":\"https:\\\/\\\/www.accuratereviews.com\\\/it\\\/software-creare-landing-page\\\/\"},{\"@type\":\"ListItem\",\"position\":3,\"name\":\"Act-On\"}]},{\"@type\":\"WebSite\",\"@id\":\"https:\\\/\\\/www.accuratereviews.com\\\/it\\\/#website\",\"url\":\"https:\\\/\\\/www.accuratereviews.com\\\/it\\\/\",\"name\":\"Accurate Reviews\",\"description\":\"\",\"potentialAction\":[{\"@type\":\"SearchAction\",\"target\":{\"@type\":\"EntryPoint\",\"urlTemplate\":\"https:\\\/\\\/www.accuratereviews.com\\\/it\\\/?s={search_term_string}\"},\"query-input\":{\"@type\":\"PropertyValueSpecification\",\"valueRequired\":true,\"valueName\":\"search_term_string\"}}],\"inLanguage\":\"it-IT\"}]}<\/script>\n<!-- \/ Yoast SEO plugin. -->","yoast_head_json":{"title":"Act-On: recensione software creazione landing page - Accurate Reviews","description":"Act-On: recensione software creazione landing page con strumenti per gestire e ottimizzare campagne, generare lead, valutare e dare priorit\u00e0 ai clienti.","robots":{"index":"index","follow":"follow","max-snippet":"max-snippet:-1","max-image-preview":"max-image-preview:large","max-video-preview":"max-video-preview:-1"},"canonical":"https:\/\/www.accuratereviews.com\/it\/software-creare-landing-page\/act-on-recensione\/","og_locale":"it_IT","og_type":"article","og_title":"Act-On: recensione software creazione landing page - Accurate Reviews","og_description":"Act-On: recensione software creazione landing page con strumenti per gestire e ottimizzare campagne, generare lead, valutare e dare priorit\u00e0 ai clienti.","og_url":"https:\/\/www.accuratereviews.com\/it\/software-creare-landing-page\/act-on-recensione\/","og_site_name":"Accurate Reviews","og_image":[{"width":1100,"height":457,"url":"https:\/\/www.accuratereviews.com\/wp-content\/uploads\/2022\/06\/Act-On.png","type":"image\/png"}],"twitter_card":"summary_large_image","twitter_misc":{"Tempo di lettura stimato":"5 minuti"},"schema":{"@context":"https:\/\/schema.org","@graph":[{"@type":"WebPage","@id":"https:\/\/www.accuratereviews.com\/it\/software-creare-landing-page\/act-on-recensione\/","url":"https:\/\/www.accuratereviews.com\/it\/software-creare-landing-page\/act-on-recensione\/","name":"Act-On: recensione software creazione landing page - Accurate Reviews","isPartOf":{"@id":"https:\/\/www.accuratereviews.com\/it\/#website"},"primaryImageOfPage":{"@id":"https:\/\/www.accuratereviews.com\/it\/software-creare-landing-page\/act-on-recensione\/#primaryimage"},"image":{"@id":"https:\/\/www.accuratereviews.com\/it\/software-creare-landing-page\/act-on-recensione\/#primaryimage"},"thumbnailUrl":"https:\/\/www.accuratereviews.com\/wp-content\/uploads\/2022\/06\/Act-On.png","datePublished":"2022-06-20T10:05:53+00:00","description":"Act-On: recensione software creazione landing page con strumenti per gestire e ottimizzare campagne, generare lead, valutare e dare priorit\u00e0 ai clienti.","breadcrumb":{"@id":"https:\/\/www.accuratereviews.com\/it\/software-creare-landing-page\/act-on-recensione\/#breadcrumb"},"inLanguage":"it-IT","potentialAction":[{"@type":"ReadAction","target":["https:\/\/www.accuratereviews.com\/it\/software-creare-landing-page\/act-on-recensione\/"]}]},{"@type":"ImageObject","inLanguage":"it-IT","@id":"https:\/\/www.accuratereviews.com\/it\/software-creare-landing-page\/act-on-recensione\/#primaryimage","url":"https:\/\/www.accuratereviews.com\/wp-content\/uploads\/2022\/06\/Act-On.png","contentUrl":"https:\/\/www.accuratereviews.com\/wp-content\/uploads\/2022\/06\/Act-On.png","width":1100,"height":457},{"@type":"BreadcrumbList","@id":"https:\/\/www.accuratereviews.com\/it\/software-creare-landing-page\/act-on-recensione\/#breadcrumb","itemListElement":[{"@type":"ListItem","position":1,"name":"Home","item":"https:\/\/www.accuratereviews.com\/it\/"},{"@type":"ListItem","position":2,"name":"Software per creare landing page","item":"https:\/\/www.accuratereviews.com\/it\/software-creare-landing-page\/"},{"@type":"ListItem","position":3,"name":"Act-On"}]},{"@type":"WebSite","@id":"https:\/\/www.accuratereviews.com\/it\/#website","url":"https:\/\/www.accuratereviews.com\/it\/","name":"Accurate Reviews","description":"","potentialAction":[{"@type":"SearchAction","target":{"@type":"EntryPoint","urlTemplate":"https:\/\/www.accuratereviews.com\/it\/?s={search_term_string}"},"query-input":{"@type":"PropertyValueSpecification","valueRequired":true,"valueName":"search_term_string"}}],"inLanguage":"it-IT"}]}},"_links":{"self":[{"href":"https:\/\/www.accuratereviews.com\/it\/wp-json\/wp\/v2\/pages\/58877","targetHints":{"allow":["GET"]}}],"collection":[{"href":"https:\/\/www.accuratereviews.com\/it\/wp-json\/wp\/v2\/pages"}],"about":[{"href":"https:\/\/www.accuratereviews.com\/it\/wp-json\/wp\/v2\/types\/page"}],"author":[{"embeddable":true,"href":"https:\/\/www.accuratereviews.com\/it\/wp-json\/wp\/v2\/users\/16"}],"replies":[{"embeddable":true,"href":"https:\/\/www.accuratereviews.com\/it\/wp-json\/wp\/v2\/comments?post=58877"}],"version-history":[{"count":7,"href":"https:\/\/www.accuratereviews.com\/it\/wp-json\/wp\/v2\/pages\/58877\/revisions"}],"predecessor-version":[{"id":58899,"href":"https:\/\/www.accuratereviews.com\/it\/wp-json\/wp\/v2\/pages\/58877\/revisions\/58899"}],"up":[{"embeddable":true,"href":"https:\/\/www.accuratereviews.com\/it\/wp-json\/wp\/v2\/pages\/58467"}],"wp:featuredmedia":[{"embeddable":true,"href":"https:\/\/www.accuratereviews.com\/it\/wp-json\/wp\/v2\/media\/58878"}],"wp:attachment":[{"href":"https:\/\/www.accuratereviews.com\/it\/wp-json\/wp\/v2\/media?parent=58877"}],"wp:term":[{"taxonomy":"category","embeddable":true,"href":"https:\/\/www.accuratereviews.com\/it\/wp-json\/wp\/v2\/categories?post=58877"},{"taxonomy":"post_tag","embeddable":true,"href":"https:\/\/www.accuratereviews.com\/it\/wp-json\/wp\/v2\/tags?post=58877"},{"taxonomy":"features","embeddable":true,"href":"https:\/\/www.accuratereviews.com\/it\/wp-json\/wp\/v2\/features?post=58877"}],"curies":[{"name":"wp","href":"https:\/\/api.w.org\/{rel}","templated":true}]}}