{"id":5891,"date":"2016-04-28T14:30:00","date_gmt":"2016-04-28T14:30:00","guid":{"rendered":"http:\/\/www.accuratereviews.com\/it\/pdf-migliori-software-lista\/evince\/"},"modified":"2016-11-16T10:37:24","modified_gmt":"2016-11-16T10:37:24","slug":"evince","status":"publish","type":"page","link":"https:\/\/www.accuratereviews.com\/it\/pdf-migliori-software-lista\/evince\/","title":{"rendered":"Evince"},"content":{"rendered":"<p><a href=\"http:\/\/www.accuratereviews.com\/wp-content\/uploads\/2016\/04\/Evince.png\"><img loading=\"lazy\" decoding=\"async\" class=\"aligncenter size-full wp-image-4286\" src=\"http:\/\/www.accuratereviews.com\/wp-content\/uploads\/2016\/04\/Evince.png\" alt=\"Evince\" width=\"763\" height=\"600\" srcset=\"https:\/\/www.accuratereviews.com\/wp-content\/uploads\/2016\/04\/Evince.png 763w, https:\/\/www.accuratereviews.com\/wp-content\/uploads\/2016\/04\/Evince-300x236.png 300w, https:\/\/www.accuratereviews.com\/wp-content\/uploads\/2016\/04\/Evince-159x125.png 159w, https:\/\/www.accuratereviews.com\/wp-content\/uploads\/2016\/04\/Evince-50x39.png 50w, https:\/\/www.accuratereviews.com\/wp-content\/uploads\/2016\/04\/Evince-636x500.png 636w, https:\/\/www.accuratereviews.com\/wp-content\/uploads\/2016\/04\/Evince-320x252.png 320w, https:\/\/www.accuratereviews.com\/wp-content\/uploads\/2016\/04\/Evince-239x188.png 239w\" sizes=\"auto, (max-width: 763px) 100vw, 763px\" \/><\/a><\/p>\n<p><strong>Evince \u00e8 un lettore per documenti digitali in grado di aprire molti formati diversi<\/strong>. \u00c8 stato sviluppato in ambiente GNOME ed \u00e8 incluso in molte installazione di Linux. \u00c8 un software leggero, facile da usare e ricco di funzionalit\u00e0, compresa la possibilit\u00e0 di commentare il testo di un documento, ricercare all\u2019interno di un file, e altro ancora. <strong>Potete trovare il supporto via email e IRC<\/strong> (s\u00ec: IRC!).<\/p>\n<p>Vi consigliamo di leggere <a href=\"https:\/\/www.accuratereviews.com\/pdf-reader-software-software-reviews-list\/evince\/\" title=\"la nostra recensione in inglese di Evince\">la nostra recensione in inglese di Evince<\/a> per saperne di pi\u00f9.<\/p>\n","protected":false},"excerpt":{"rendered":"<p>Evince \u00e8 un lettore per documenti digitali in grado di aprire molti formati diversi. \u00c8 stato sviluppato in ambiente GNOME ed \u00e8 incluso in molte installazione di Linux.<\/p>\n","protected":false},"author":16,"featured_media":0,"parent":5876,"menu_order":1,"comment_status":"open","ping_status":"closed","template":"g1_template_page_review_new.php","meta":{"_acf_changed":false,"cwp_meta_box_check":"Yes","cwp_rev_product_name":"","cwp_rev_product_image":"","wppr_links":[],"cwp_rev_price":"","wppr_options":[],"wppr_pros":[],"wppr_cons":[],"_monsterinsights_skip_tracking":false,"_monsterinsights_sitenote_active":false,"_monsterinsights_sitenote_note":"","_monsterinsights_sitenote_category":0,"footnotes":""},"categories":[118],"tags":[],"features":[],"class_list":{"0":"post-5891","1":"page","2":"type-page","3":"status-publish","5":"category-pdf-reader-software-it"},"wppr_data":{"cwp_meta_box_check":"Yes","cwp_rev_product_name":"","cwp_rev_product_image":"","cwp_image_link":"image","cwp_rev_price":"","wppr_rating":"0.00"},"acf":[],"yoast_head":"<!-- This site is optimized with the Yoast SEO plugin v27.4 - https:\/\/yoast.com\/product\/yoast-seo-wordpress\/ -->\n<title>Evince recensione miglior software per PDF | Accurate Reviews<\/title>\n<meta name=\"description\" content=\"Evince \u00e8 un lettore per documenti digitali in grado di aprire formati diversi. \u00c8 stato sviluppato in ambiente GNOME, incluso in molte installazione di Linux\" \/>\n<meta name=\"robots\" content=\"index, follow, max-snippet:-1, max-image-preview:large, max-video-preview:-1\" \/>\n<link rel=\"canonical\" href=\"https:\/\/www.accuratereviews.com\/it\/pdf-migliori-software-lista\/evince\/\" \/>\n<meta property=\"og:locale\" content=\"it_IT\" \/>\n<meta property=\"og:type\" content=\"article\" \/>\n<meta property=\"og:title\" content=\"Evince recensione miglior software per PDF | Accurate Reviews\" \/>\n<meta property=\"og:description\" content=\"Evince \u00e8 un lettore per documenti digitali in grado di aprire formati diversi. \u00c8 stato sviluppato in ambiente GNOME, incluso in molte installazione di Linux\" \/>\n<meta property=\"og:url\" content=\"https:\/\/www.accuratereviews.com\/it\/pdf-migliori-software-lista\/evince\/\" \/>\n<meta property=\"og:site_name\" content=\"Accurate Reviews\" \/>\n<meta property=\"article:modified_time\" content=\"2016-11-16T10:37:24+00:00\" \/>\n<meta property=\"og:image\" content=\"http:\/\/www.accuratereviews.com\/wp-content\/uploads\/2016\/04\/Evince.png\" \/>\n<meta name=\"twitter:card\" content=\"summary_large_image\" \/>\n<script type=\"application\/ld+json\" class=\"yoast-schema-graph\">{\"@context\":\"https:\\\/\\\/schema.org\",\"@graph\":[{\"@type\":\"WebPage\",\"@id\":\"https:\\\/\\\/www.accuratereviews.com\\\/it\\\/pdf-migliori-software-lista\\\/evince\\\/\",\"url\":\"https:\\\/\\\/www.accuratereviews.com\\\/it\\\/pdf-migliori-software-lista\\\/evince\\\/\",\"name\":\"Evince recensione miglior software per PDF | Accurate Reviews\",\"isPartOf\":{\"@id\":\"https:\\\/\\\/www.accuratereviews.com\\\/it\\\/#website\"},\"primaryImageOfPage\":{\"@id\":\"https:\\\/\\\/www.accuratereviews.com\\\/it\\\/pdf-migliori-software-lista\\\/evince\\\/#primaryimage\"},\"image\":{\"@id\":\"https:\\\/\\\/www.accuratereviews.com\\\/it\\\/pdf-migliori-software-lista\\\/evince\\\/#primaryimage\"},\"thumbnailUrl\":\"http:\\\/\\\/www.accuratereviews.com\\\/wp-content\\\/uploads\\\/2016\\\/04\\\/Evince.png\",\"datePublished\":\"2016-04-28T14:30:00+00:00\",\"dateModified\":\"2016-11-16T10:37:24+00:00\",\"description\":\"Evince \u00e8 un lettore per documenti digitali in grado di aprire formati diversi. \u00c8 stato sviluppato in ambiente GNOME, incluso in molte installazione di Linux\",\"breadcrumb\":{\"@id\":\"https:\\\/\\\/www.accuratereviews.com\\\/it\\\/pdf-migliori-software-lista\\\/evince\\\/#breadcrumb\"},\"inLanguage\":\"it-IT\",\"potentialAction\":[{\"@type\":\"ReadAction\",\"target\":[\"https:\\\/\\\/www.accuratereviews.com\\\/it\\\/pdf-migliori-software-lista\\\/evince\\\/\"]}]},{\"@type\":\"ImageObject\",\"inLanguage\":\"it-IT\",\"@id\":\"https:\\\/\\\/www.accuratereviews.com\\\/it\\\/pdf-migliori-software-lista\\\/evince\\\/#primaryimage\",\"url\":\"http:\\\/\\\/www.accuratereviews.com\\\/wp-content\\\/uploads\\\/2016\\\/04\\\/Evince.png\",\"contentUrl\":\"http:\\\/\\\/www.accuratereviews.com\\\/wp-content\\\/uploads\\\/2016\\\/04\\\/Evince.png\"},{\"@type\":\"BreadcrumbList\",\"@id\":\"https:\\\/\\\/www.accuratereviews.com\\\/it\\\/pdf-migliori-software-lista\\\/evince\\\/#breadcrumb\",\"itemListElement\":[{\"@type\":\"ListItem\",\"position\":1,\"name\":\"Home\",\"item\":\"https:\\\/\\\/www.accuratereviews.com\\\/it\\\/\"},{\"@type\":\"ListItem\",\"position\":2,\"name\":\"PDF: I migliori software\",\"item\":\"https:\\\/\\\/www.accuratereviews.com\\\/it\\\/pdf-migliori-software-lista\\\/\"},{\"@type\":\"ListItem\",\"position\":3,\"name\":\"Evince\"}]},{\"@type\":\"WebSite\",\"@id\":\"https:\\\/\\\/www.accuratereviews.com\\\/it\\\/#website\",\"url\":\"https:\\\/\\\/www.accuratereviews.com\\\/it\\\/\",\"name\":\"Accurate Reviews\",\"description\":\"\",\"potentialAction\":[{\"@type\":\"SearchAction\",\"target\":{\"@type\":\"EntryPoint\",\"urlTemplate\":\"https:\\\/\\\/www.accuratereviews.com\\\/it\\\/?s={search_term_string}\"},\"query-input\":{\"@type\":\"PropertyValueSpecification\",\"valueRequired\":true,\"valueName\":\"search_term_string\"}}],\"inLanguage\":\"it-IT\"}]}<\/script>\n<!-- \/ Yoast SEO plugin. -->","yoast_head_json":{"title":"Evince recensione miglior software per PDF | Accurate Reviews","description":"Evince \u00e8 un lettore per documenti digitali in grado di aprire formati diversi. \u00c8 stato sviluppato in ambiente GNOME, incluso in molte installazione di Linux","robots":{"index":"index","follow":"follow","max-snippet":"max-snippet:-1","max-image-preview":"max-image-preview:large","max-video-preview":"max-video-preview:-1"},"canonical":"https:\/\/www.accuratereviews.com\/it\/pdf-migliori-software-lista\/evince\/","og_locale":"it_IT","og_type":"article","og_title":"Evince recensione miglior software per PDF | Accurate Reviews","og_description":"Evince \u00e8 un lettore per documenti digitali in grado di aprire formati diversi. \u00c8 stato sviluppato in ambiente GNOME, incluso in molte installazione di Linux","og_url":"https:\/\/www.accuratereviews.com\/it\/pdf-migliori-software-lista\/evince\/","og_site_name":"Accurate Reviews","article_modified_time":"2016-11-16T10:37:24+00:00","og_image":[{"url":"http:\/\/www.accuratereviews.com\/wp-content\/uploads\/2016\/04\/Evince.png","type":"","width":"","height":""}],"twitter_card":"summary_large_image","schema":{"@context":"https:\/\/schema.org","@graph":[{"@type":"WebPage","@id":"https:\/\/www.accuratereviews.com\/it\/pdf-migliori-software-lista\/evince\/","url":"https:\/\/www.accuratereviews.com\/it\/pdf-migliori-software-lista\/evince\/","name":"Evince recensione miglior software per PDF | Accurate Reviews","isPartOf":{"@id":"https:\/\/www.accuratereviews.com\/it\/#website"},"primaryImageOfPage":{"@id":"https:\/\/www.accuratereviews.com\/it\/pdf-migliori-software-lista\/evince\/#primaryimage"},"image":{"@id":"https:\/\/www.accuratereviews.com\/it\/pdf-migliori-software-lista\/evince\/#primaryimage"},"thumbnailUrl":"http:\/\/www.accuratereviews.com\/wp-content\/uploads\/2016\/04\/Evince.png","datePublished":"2016-04-28T14:30:00+00:00","dateModified":"2016-11-16T10:37:24+00:00","description":"Evince \u00e8 un lettore per documenti digitali in grado di aprire formati diversi. \u00c8 stato sviluppato in ambiente GNOME, incluso in molte installazione di Linux","breadcrumb":{"@id":"https:\/\/www.accuratereviews.com\/it\/pdf-migliori-software-lista\/evince\/#breadcrumb"},"inLanguage":"it-IT","potentialAction":[{"@type":"ReadAction","target":["https:\/\/www.accuratereviews.com\/it\/pdf-migliori-software-lista\/evince\/"]}]},{"@type":"ImageObject","inLanguage":"it-IT","@id":"https:\/\/www.accuratereviews.com\/it\/pdf-migliori-software-lista\/evince\/#primaryimage","url":"http:\/\/www.accuratereviews.com\/wp-content\/uploads\/2016\/04\/Evince.png","contentUrl":"http:\/\/www.accuratereviews.com\/wp-content\/uploads\/2016\/04\/Evince.png"},{"@type":"BreadcrumbList","@id":"https:\/\/www.accuratereviews.com\/it\/pdf-migliori-software-lista\/evince\/#breadcrumb","itemListElement":[{"@type":"ListItem","position":1,"name":"Home","item":"https:\/\/www.accuratereviews.com\/it\/"},{"@type":"ListItem","position":2,"name":"PDF: I migliori software","item":"https:\/\/www.accuratereviews.com\/it\/pdf-migliori-software-lista\/"},{"@type":"ListItem","position":3,"name":"Evince"}]},{"@type":"WebSite","@id":"https:\/\/www.accuratereviews.com\/it\/#website","url":"https:\/\/www.accuratereviews.com\/it\/","name":"Accurate Reviews","description":"","potentialAction":[{"@type":"SearchAction","target":{"@type":"EntryPoint","urlTemplate":"https:\/\/www.accuratereviews.com\/it\/?s={search_term_string}"},"query-input":{"@type":"PropertyValueSpecification","valueRequired":true,"valueName":"search_term_string"}}],"inLanguage":"it-IT"}]}},"_links":{"self":[{"href":"https:\/\/www.accuratereviews.com\/it\/wp-json\/wp\/v2\/pages\/5891","targetHints":{"allow":["GET"]}}],"collection":[{"href":"https:\/\/www.accuratereviews.com\/it\/wp-json\/wp\/v2\/pages"}],"about":[{"href":"https:\/\/www.accuratereviews.com\/it\/wp-json\/wp\/v2\/types\/page"}],"author":[{"embeddable":true,"href":"https:\/\/www.accuratereviews.com\/it\/wp-json\/wp\/v2\/users\/16"}],"replies":[{"embeddable":true,"href":"https:\/\/www.accuratereviews.com\/it\/wp-json\/wp\/v2\/comments?post=5891"}],"version-history":[{"count":4,"href":"https:\/\/www.accuratereviews.com\/it\/wp-json\/wp\/v2\/pages\/5891\/revisions"}],"predecessor-version":[{"id":5892,"href":"https:\/\/www.accuratereviews.com\/it\/wp-json\/wp\/v2\/pages\/5891\/revisions\/5892"}],"up":[{"embeddable":true,"href":"https:\/\/www.accuratereviews.com\/it\/wp-json\/wp\/v2\/pages\/5876"}],"wp:attachment":[{"href":"https:\/\/www.accuratereviews.com\/it\/wp-json\/wp\/v2\/media?parent=5891"}],"wp:term":[{"taxonomy":"category","embeddable":true,"href":"https:\/\/www.accuratereviews.com\/it\/wp-json\/wp\/v2\/categories?post=5891"},{"taxonomy":"post_tag","embeddable":true,"href":"https:\/\/www.accuratereviews.com\/it\/wp-json\/wp\/v2\/tags?post=5891"},{"taxonomy":"features","embeddable":true,"href":"https:\/\/www.accuratereviews.com\/it\/wp-json\/wp\/v2\/features?post=5891"}],"curies":[{"name":"wp","href":"https:\/\/api.w.org\/{rel}","templated":true}]}}