{"id":58919,"date":"2022-06-21T11:21:53","date_gmt":"2022-06-21T11:21:53","guid":{"rendered":"https:\/\/www.accuratereviews.com\/?page_id=58919"},"modified":"2022-06-25T10:57:59","modified_gmt":"2022-06-25T10:57:59","slug":"unbounce-recensione","status":"publish","type":"page","link":"https:\/\/www.accuratereviews.com\/it\/software-creare-landing-page\/unbounce-recensione\/","title":{"rendered":"Unbounce"},"content":{"rendered":"<p><strong>Unbounce<\/strong> \u00e8 una <strong>piattaforma di creazione di landing page<\/strong> che unisce il tuo know-how e la tua esperienza con l&#8217;apprendimento automatico per aumentare facilmente le vendite e le conversioni nelle campagne di marketing online. Utilizza le pagine di destinazione pre-ottimizzate, sfrutta la creazione di testi convincenti e ottimizza la tua campagna pubblicitaria con il semplice tocco di un pulsante. La soluzione aiuta i professionisti del marketing a crescere in modo intelligente e veloce. Genera\u00a0titoli accattivanti, produci newsletter di bell&#8217;aspetto e post di blog di lunga durata. Tutte le tue attivit\u00e0 di copywriting possono essere eseguite in pochi minuti.<\/p>\n<h2>UNBOUNCE &#8211; TUTORIAL<\/h2>\n<p>Il tutorial che segue con sottotitoli in italiano ti permetter\u00e0 di imparare a creare <strong>landing page<\/strong> con questo software:<\/p>\n<div id=\"fluid-wrapper-counter-1\" class=\"g1-fluid-wrapper \" style=\"width:686px;\">\n<div style=\"padding-bottom:56.268221574344%;\"><iframe loading=\"lazy\" title=\"Unbounce Landing Page Course\" width=\"686\" height=\"386\" src=\"https:\/\/www.youtube.com\/embed\/W-2S4pMfzH0?feature=oembed&amp;wmode=transparent&amp;autohide=1&amp;autoplay=0&amp;disablekb=0&amp;fs=1&amp;loop=0&amp;enablejsapi=1&amp;rel=0&amp;controls=2&amp;showinfo=0&amp;wmode=transparent&amp;autohide=2&amp;autoplay=0&amp;disablekb=0&amp;fs=1&amp;loop=0&amp;enablejsapi=1&amp;rel=0&amp;controls=2&amp;showinfo=1\" frameborder=\"0\" allow=\"accelerometer; autoplay; clipboard-write; encrypted-media; gyroscope; picture-in-picture\" allowfullscreen><\/iframe><\/div>\n<\/div>\n<h3>UNBOUNCE &#8211; CARATTERISTICHE<\/h3>\n<ul>\n<li><strong>Creazione semplice della campagna:<\/strong> inizia rapidamente con i popolari modelli di pagina di destinazione e i controlli di trascinamento della selezione. Crea la tua campagna pezzo per pezzo e personalizza ogni elemento per abbinarlo perfettamente al tuo marchio<\/li>\n<li><strong>Funziona bene con gli strumenti di marketing di base<\/strong>: invia i tuoi contatti a quasi tutti gli strumenti di automazione del marketing o CRM disponibili. Puoi persino utilizzare Zapier direttamente dall&#8217;interno del builder per connetterti a oltre 1.000+ altri strumenti<\/li>\n<li><strong>Pubblica velocemente, nel tuo dominio<\/strong>: pubblica direttamente sul tuo sito WordPress con il nostro plug-in per la pagina di destinazione WP o sul dominio personalizzato della tua attivit\u00e0<\/li>\n<li><strong>Pensa in grande con script personalizzati<\/strong>: usa tuoi script per personalizzare gli elementi unici della pagina di destinazione con JavaScript e CSS<\/li>\n<li><strong>Abbina l&#8217;intento di ricerca dei visitatori<\/strong>: con la sostituzione dinamica del testo (DTR), puoi scambiare parti di testo in modo che corrispondano ai termini di ricerca utilizzati da un visitatore per accedere alla tua pagina. Questo migliora la pertinenza e le possibilit\u00e0 di conversione<\/li>\n<li><strong>Test A\/B per pi\u00f9 conversioni<\/strong>: Usa i test A\/B per convalidare le tue idee, ottimizzare il tuo marketing e trovare la campagna che genera le conversioni migliori<\/li>\n<li><strong>Aumenta la velocit\u00e0 della tua pagina<\/strong>: smetti di perdere clic a causa di rallentamenti. Classic Unbounce migliora la velocit\u00e0 della tua pagina applicando automaticamente le best practice di Google per le prestazioni web<\/li>\n<li><strong>Cattura i contatti con i popup<\/strong>: usa i popup per attirare l&#8217;attenzione dei visitatori o scorri nelle barre adesive con offerte promozionali e opportunit\u00e0 di lead gen per aumentare le tue possibilit\u00e0 di conversione.<\/li>\n<\/ul>\n<h4>LE RECENSIONI DEGLI UTENTI<\/h4>\n<p class=\"font-weight-bold mb-2\"><strong>Ed S.&#8221;Unbounce \u00e8 una fantastica piattaforma di landing page drag and drop&#8221;<\/strong><\/p>\n<p><span class=\"font-weight-bold\"><strong>Commenti<\/strong>: <\/span>L&#8217;esperienza \u00e8 stata fantastica, il servizio clienti \u00e8 di prim&#8217;ordine e sono andati oltre e si sono presi del tempo con me per imparare la piattaforma all&#8217;inizio in quanto riguardava il mio caso d&#8217;uso. Adoro il loro supporto.<\/p>\n<p class=\"font-weight-bold mb-2\"><strong>Pro<\/strong>:\u00a0Semplice da usare, semplice da integrare con il nostro stack tecnologico, in particolare SFDC e Marketo e trovare professionisti per creare i nostri progetti \u00e8 stato semplicissimo con il loro mercato di professionisti consigliati e la nostra esperienza nell&#8217;utilizzo di una delle agenzie \u00e8 stata una risorsa incredibilmente preziosa per noi e adoro anche il fatto che possiamo offrire landing page come servizio ai clienti che desiderano il massimo delle conversioni dal lavoro che facciamo per loro attorno alla generazione di lead e alla conversione dei lead !!<\/p>\n<p class=\"font-weight-bold mb-2\"><strong>Contro<\/strong>:\u00a0Non c&#8217;\u00e8 la possibilit\u00e0 di creare processi di optin in pi\u00f9 fasi fuori dagli schemi senza aggiungere codice alla pagina per creare questa funzionalit\u00e0 che aumenta la conversione e il trucco \u00e8 avere la capacit\u00e0 di inserire ogni fase dei dati del processo di optin nel nostro crm e o i nostri clienti.<\/p>\n<p class=\"font-weight-bold mb-2\"><strong>Azeem T.&#8221;Rigorosamente per landing page e sperimentazione&#8221;<\/strong><\/p>\n<p><span class=\"font-weight-bold\"><strong>Commenti<\/strong>: <\/span>Volevamo pubblicare una campagna entro il fine settimana e ci restavano solo pochi giorni, quindi non rimbalzare era la scelta pi\u00f9 ovvia per noi poich\u00e9 era abbastanza facile da eseguire e pubblicarla.<\/p>\n<p class=\"font-weight-bold mb-2\"><strong>Pro<\/strong>:\u00a0Unbounce \u00e8 stato di grande aiuto nell&#8217;aiutarci a creare pagine di destinazione leggere e agili per le campagne. inoltre, ha una dashboard facile da visualizzare e utili integrazioni che possono aiutarci a eseguire le automazioni end-to-end in modo efficiente. Siamo stati in grado di far funzionare due pesanti pagine di destinazione in appena 2 giorni circa. Tenendo presente che eravamo tutt&#8217;altro che perfetti durante l&#8217;esecuzione.<\/p>\n<p class=\"font-weight-bold mb-2\"><strong>Contro<\/strong>:\u00a0Penso che la compatibilit\u00e0 mobile sia il punto in cui abbiamo lottato di pi\u00f9. Poich\u00e9 il nostro prodotto ha in gran parte utenti desktop, non \u00e8 stato un grosso problema, ma la reattivit\u00e0 dei dispositivi mobili \u00e8 stato un grosso problema. Accanto a ci\u00f2, potrebbe esserci un repository migliore di blocchi precostruiti con cui potremmo sperimentare.<\/p>\n<p><strong>Andrea G.&#8221;Generatore di pagine di destinazione molto facile da usare con molte integrazioni&#8221;<\/strong><\/p>\n<p class=\"font-weight-bold mb-2\"><strong>Pro<\/strong>:\u00a0L&#8217;editor drag and drop \u00e8 uno dei pi\u00f9 semplici che abbia mai usato tra i software di creazione di pagine di destinazione. Le integrazioni sono facili e puoi unirti a una community molto vasta di utenti pronti ad aiutarti con i tuoi problemi.<\/p>\n<p class=\"font-weight-bold mb-2\"><strong>Contro<\/strong>:\u00a0Penso che il reporting sia molto semplice e ho notato che le pagine di destinazione complesse sono molto lente e ne hai bisogno. Hanno cambiato il prezzo alcuni anni fa e ora lo trovo molto costoso.<\/p>\n","protected":false},"excerpt":{"rendered":"<p>Unbounce \u00e8 una piattaforma di creazione di landing page che unisce il tuo know-how e la tua esperienza con l&#8217;apprendimento automatico per aumentare facilmente le vendite e le conversioni nelle campagne di marketing online. Utilizza le pagine di destinazione pre-ottimizzate, sfrutta la creazione di testi convincenti e ottimizza la tua campagna pubblicitaria con il semplice tocco di un pulsante,<\/p>\n","protected":false},"author":16,"featured_media":58943,"parent":58467,"menu_order":0,"comment_status":"open","ping_status":"closed","template":"g1_template_page_review_new.php","meta":{"_acf_changed":false,"cwp_meta_box_check":"No","cwp_rev_product_name":"","cwp_rev_product_image":"","wppr_links":[],"cwp_rev_price":"","wppr_options":[],"wppr_pros":[],"wppr_cons":[],"_monsterinsights_skip_tracking":false,"_monsterinsights_sitenote_active":false,"_monsterinsights_sitenote_note":"","_monsterinsights_sitenote_category":0,"footnotes":""},"categories":[12754],"tags":[12810,12778,12814,12813,12811,12812,12878],"features":[],"class_list":{"0":"post-58919","1":"page","2":"type-page","3":"status-publish","4":"has-post-thumbnail","6":"category-software-per-creare-landing-page-cat","7":"tag-creazione-landing-page","8":"tag-landing-page","9":"tag-piattaforma-creazione-landing-page","10":"tag-programma-creazione-landing-page","11":"tag-software-creazione-landing-page","12":"tag-soluzione-creazione-landing-page","13":"tag-unbounce"},"wppr_data":{"cwp_meta_box_check":"No"},"acf":[],"yoast_head":"<!-- This site is optimized with the Yoast SEO plugin v27.4 - https:\/\/yoast.com\/product\/yoast-seo-wordpress\/ -->\n<title>Unbounce: recensione software creazione landing page Accurate Reviews<\/title>\n<meta name=\"description\" content=\"Unbounce: recensione piattaforma di creazione di landing page che unisce il tuo know-how e la tua esperienza con l&#039;apprendimento automatico.\" \/>\n<meta name=\"robots\" content=\"index, follow, max-snippet:-1, max-image-preview:large, max-video-preview:-1\" \/>\n<link rel=\"canonical\" href=\"https:\/\/www.accuratereviews.com\/it\/software-creare-landing-page\/unbounce-recensione\/\" \/>\n<meta property=\"og:locale\" content=\"it_IT\" \/>\n<meta property=\"og:type\" content=\"article\" \/>\n<meta property=\"og:title\" content=\"Unbounce: recensione software creazione landing page Accurate Reviews\" \/>\n<meta property=\"og:description\" content=\"Unbounce: recensione piattaforma di creazione di landing page che unisce il tuo know-how e la tua esperienza con l&#039;apprendimento automatico.\" \/>\n<meta property=\"og:url\" content=\"https:\/\/www.accuratereviews.com\/it\/software-creare-landing-page\/unbounce-recensione\/\" \/>\n<meta property=\"og:site_name\" content=\"Accurate Reviews\" \/>\n<meta property=\"article:modified_time\" content=\"2022-06-25T10:57:59+00:00\" \/>\n<meta property=\"og:image\" content=\"https:\/\/www.accuratereviews.com\/wp-content\/uploads\/2022\/06\/unbounce-1.png\" \/>\n\t<meta property=\"og:image:width\" content=\"250\" \/>\n\t<meta property=\"og:image:height\" content=\"250\" \/>\n\t<meta property=\"og:image:type\" content=\"image\/png\" \/>\n<meta name=\"twitter:card\" content=\"summary_large_image\" \/>\n<meta name=\"twitter:label1\" content=\"Tempo di lettura stimato\" \/>\n\t<meta name=\"twitter:data1\" content=\"5 minuti\" \/>\n<script type=\"application\/ld+json\" class=\"yoast-schema-graph\">{\"@context\":\"https:\\\/\\\/schema.org\",\"@graph\":[{\"@type\":\"WebPage\",\"@id\":\"https:\\\/\\\/www.accuratereviews.com\\\/it\\\/software-creare-landing-page\\\/unbounce-recensione\\\/\",\"url\":\"https:\\\/\\\/www.accuratereviews.com\\\/it\\\/software-creare-landing-page\\\/unbounce-recensione\\\/\",\"name\":\"Unbounce: recensione software creazione landing page Accurate Reviews\",\"isPartOf\":{\"@id\":\"https:\\\/\\\/www.accuratereviews.com\\\/it\\\/#website\"},\"primaryImageOfPage\":{\"@id\":\"https:\\\/\\\/www.accuratereviews.com\\\/it\\\/software-creare-landing-page\\\/unbounce-recensione\\\/#primaryimage\"},\"image\":{\"@id\":\"https:\\\/\\\/www.accuratereviews.com\\\/it\\\/software-creare-landing-page\\\/unbounce-recensione\\\/#primaryimage\"},\"thumbnailUrl\":\"https:\\\/\\\/www.accuratereviews.com\\\/wp-content\\\/uploads\\\/2022\\\/06\\\/unbounce-1.png\",\"datePublished\":\"2022-06-21T11:21:53+00:00\",\"dateModified\":\"2022-06-25T10:57:59+00:00\",\"description\":\"Unbounce: recensione piattaforma di creazione di landing page che unisce il tuo know-how e la tua esperienza con l'apprendimento automatico.\",\"breadcrumb\":{\"@id\":\"https:\\\/\\\/www.accuratereviews.com\\\/it\\\/software-creare-landing-page\\\/unbounce-recensione\\\/#breadcrumb\"},\"inLanguage\":\"it-IT\",\"potentialAction\":[{\"@type\":\"ReadAction\",\"target\":[\"https:\\\/\\\/www.accuratereviews.com\\\/it\\\/software-creare-landing-page\\\/unbounce-recensione\\\/\"]}]},{\"@type\":\"ImageObject\",\"inLanguage\":\"it-IT\",\"@id\":\"https:\\\/\\\/www.accuratereviews.com\\\/it\\\/software-creare-landing-page\\\/unbounce-recensione\\\/#primaryimage\",\"url\":\"https:\\\/\\\/www.accuratereviews.com\\\/wp-content\\\/uploads\\\/2022\\\/06\\\/unbounce-1.png\",\"contentUrl\":\"https:\\\/\\\/www.accuratereviews.com\\\/wp-content\\\/uploads\\\/2022\\\/06\\\/unbounce-1.png\",\"width\":250,\"height\":250},{\"@type\":\"BreadcrumbList\",\"@id\":\"https:\\\/\\\/www.accuratereviews.com\\\/it\\\/software-creare-landing-page\\\/unbounce-recensione\\\/#breadcrumb\",\"itemListElement\":[{\"@type\":\"ListItem\",\"position\":1,\"name\":\"Home\",\"item\":\"https:\\\/\\\/www.accuratereviews.com\\\/it\\\/\"},{\"@type\":\"ListItem\",\"position\":2,\"name\":\"Software per creare landing page\",\"item\":\"https:\\\/\\\/www.accuratereviews.com\\\/it\\\/software-creare-landing-page\\\/\"},{\"@type\":\"ListItem\",\"position\":3,\"name\":\"Unbounce\"}]},{\"@type\":\"WebSite\",\"@id\":\"https:\\\/\\\/www.accuratereviews.com\\\/it\\\/#website\",\"url\":\"https:\\\/\\\/www.accuratereviews.com\\\/it\\\/\",\"name\":\"Accurate Reviews\",\"description\":\"\",\"potentialAction\":[{\"@type\":\"SearchAction\",\"target\":{\"@type\":\"EntryPoint\",\"urlTemplate\":\"https:\\\/\\\/www.accuratereviews.com\\\/it\\\/?s={search_term_string}\"},\"query-input\":{\"@type\":\"PropertyValueSpecification\",\"valueRequired\":true,\"valueName\":\"search_term_string\"}}],\"inLanguage\":\"it-IT\"}]}<\/script>\n<!-- \/ Yoast SEO plugin. -->","yoast_head_json":{"title":"Unbounce: recensione software creazione landing page Accurate Reviews","description":"Unbounce: recensione piattaforma di creazione di landing page che unisce il tuo know-how e la tua esperienza con l'apprendimento automatico.","robots":{"index":"index","follow":"follow","max-snippet":"max-snippet:-1","max-image-preview":"max-image-preview:large","max-video-preview":"max-video-preview:-1"},"canonical":"https:\/\/www.accuratereviews.com\/it\/software-creare-landing-page\/unbounce-recensione\/","og_locale":"it_IT","og_type":"article","og_title":"Unbounce: recensione software creazione landing page Accurate Reviews","og_description":"Unbounce: recensione piattaforma di creazione di landing page che unisce il tuo know-how e la tua esperienza con l'apprendimento automatico.","og_url":"https:\/\/www.accuratereviews.com\/it\/software-creare-landing-page\/unbounce-recensione\/","og_site_name":"Accurate Reviews","article_modified_time":"2022-06-25T10:57:59+00:00","og_image":[{"width":250,"height":250,"url":"https:\/\/www.accuratereviews.com\/wp-content\/uploads\/2022\/06\/unbounce-1.png","type":"image\/png"}],"twitter_card":"summary_large_image","twitter_misc":{"Tempo di lettura stimato":"5 minuti"},"schema":{"@context":"https:\/\/schema.org","@graph":[{"@type":"WebPage","@id":"https:\/\/www.accuratereviews.com\/it\/software-creare-landing-page\/unbounce-recensione\/","url":"https:\/\/www.accuratereviews.com\/it\/software-creare-landing-page\/unbounce-recensione\/","name":"Unbounce: recensione software creazione landing page Accurate Reviews","isPartOf":{"@id":"https:\/\/www.accuratereviews.com\/it\/#website"},"primaryImageOfPage":{"@id":"https:\/\/www.accuratereviews.com\/it\/software-creare-landing-page\/unbounce-recensione\/#primaryimage"},"image":{"@id":"https:\/\/www.accuratereviews.com\/it\/software-creare-landing-page\/unbounce-recensione\/#primaryimage"},"thumbnailUrl":"https:\/\/www.accuratereviews.com\/wp-content\/uploads\/2022\/06\/unbounce-1.png","datePublished":"2022-06-21T11:21:53+00:00","dateModified":"2022-06-25T10:57:59+00:00","description":"Unbounce: recensione piattaforma di creazione di landing page che unisce il tuo know-how e la tua esperienza con l'apprendimento automatico.","breadcrumb":{"@id":"https:\/\/www.accuratereviews.com\/it\/software-creare-landing-page\/unbounce-recensione\/#breadcrumb"},"inLanguage":"it-IT","potentialAction":[{"@type":"ReadAction","target":["https:\/\/www.accuratereviews.com\/it\/software-creare-landing-page\/unbounce-recensione\/"]}]},{"@type":"ImageObject","inLanguage":"it-IT","@id":"https:\/\/www.accuratereviews.com\/it\/software-creare-landing-page\/unbounce-recensione\/#primaryimage","url":"https:\/\/www.accuratereviews.com\/wp-content\/uploads\/2022\/06\/unbounce-1.png","contentUrl":"https:\/\/www.accuratereviews.com\/wp-content\/uploads\/2022\/06\/unbounce-1.png","width":250,"height":250},{"@type":"BreadcrumbList","@id":"https:\/\/www.accuratereviews.com\/it\/software-creare-landing-page\/unbounce-recensione\/#breadcrumb","itemListElement":[{"@type":"ListItem","position":1,"name":"Home","item":"https:\/\/www.accuratereviews.com\/it\/"},{"@type":"ListItem","position":2,"name":"Software per creare landing page","item":"https:\/\/www.accuratereviews.com\/it\/software-creare-landing-page\/"},{"@type":"ListItem","position":3,"name":"Unbounce"}]},{"@type":"WebSite","@id":"https:\/\/www.accuratereviews.com\/it\/#website","url":"https:\/\/www.accuratereviews.com\/it\/","name":"Accurate Reviews","description":"","potentialAction":[{"@type":"SearchAction","target":{"@type":"EntryPoint","urlTemplate":"https:\/\/www.accuratereviews.com\/it\/?s={search_term_string}"},"query-input":{"@type":"PropertyValueSpecification","valueRequired":true,"valueName":"search_term_string"}}],"inLanguage":"it-IT"}]}},"_links":{"self":[{"href":"https:\/\/www.accuratereviews.com\/it\/wp-json\/wp\/v2\/pages\/58919","targetHints":{"allow":["GET"]}}],"collection":[{"href":"https:\/\/www.accuratereviews.com\/it\/wp-json\/wp\/v2\/pages"}],"about":[{"href":"https:\/\/www.accuratereviews.com\/it\/wp-json\/wp\/v2\/types\/page"}],"author":[{"embeddable":true,"href":"https:\/\/www.accuratereviews.com\/it\/wp-json\/wp\/v2\/users\/16"}],"replies":[{"embeddable":true,"href":"https:\/\/www.accuratereviews.com\/it\/wp-json\/wp\/v2\/comments?post=58919"}],"version-history":[{"count":7,"href":"https:\/\/www.accuratereviews.com\/it\/wp-json\/wp\/v2\/pages\/58919\/revisions"}],"predecessor-version":[{"id":59066,"href":"https:\/\/www.accuratereviews.com\/it\/wp-json\/wp\/v2\/pages\/58919\/revisions\/59066"}],"up":[{"embeddable":true,"href":"https:\/\/www.accuratereviews.com\/it\/wp-json\/wp\/v2\/pages\/58467"}],"wp:featuredmedia":[{"embeddable":true,"href":"https:\/\/www.accuratereviews.com\/it\/wp-json\/wp\/v2\/media\/58943"}],"wp:attachment":[{"href":"https:\/\/www.accuratereviews.com\/it\/wp-json\/wp\/v2\/media?parent=58919"}],"wp:term":[{"taxonomy":"category","embeddable":true,"href":"https:\/\/www.accuratereviews.com\/it\/wp-json\/wp\/v2\/categories?post=58919"},{"taxonomy":"post_tag","embeddable":true,"href":"https:\/\/www.accuratereviews.com\/it\/wp-json\/wp\/v2\/tags?post=58919"},{"taxonomy":"features","embeddable":true,"href":"https:\/\/www.accuratereviews.com\/it\/wp-json\/wp\/v2\/features?post=58919"}],"curies":[{"name":"wp","href":"https:\/\/api.w.org\/{rel}","templated":true}]}}