{"id":58926,"date":"2022-06-21T11:23:10","date_gmt":"2022-06-21T11:23:10","guid":{"rendered":"https:\/\/www.accuratereviews.com\/?page_id=58926"},"modified":"2022-06-21T11:23:10","modified_gmt":"2022-06-21T11:23:10","slug":"ventture-recensione","status":"publish","type":"page","link":"https:\/\/www.accuratereviews.com\/it\/software-creare-landing-page\/ventture-recensione\/","title":{"rendered":"Ventture"},"content":{"rendered":"<p><strong>Ventture<\/strong> \u00e8 una suite aziendale integrata progettata per aiutare le aziende a creare <strong>corsi online, progettare siti web<\/strong> di abbonamento e <strong>generare buoni sconto<\/strong> su una piattaforma unificata. Con l&#8217;applicazione, le parti interessate possono organizzare le iscrizioni e personalizzare il layout dei siti delle iscrizioni utilizzando l&#8217;editor di contenuti integrato.\u00a0Gli istruttori possono creare e tradurre corsi in pi\u00f9 lingue, condividere materiale di riferimento aggiuntivo con gli studenti e tenere traccia dello stato di completamento del corso con indicatori di avanzamento. Le funzionalit\u00e0 di Venture includono notifiche automatiche, modelli di email, reportistica, gestione dei fornitori, sicurezza SSL, revisione della conformit\u00e0 PCI, organizzazione dei documenti e altro ancora. L&#8217;applicazione consente inoltre agli amministratori di tenere traccia dei dati dei membri e scoprire i piani di abbonamento con le migliori prestazioni, le statistiche di vendita correnti e i rimborsi totali generati in tempo reale.<\/p>\n<h2><a href=\"https:\/\/www.accuratereviews.com\/wp-content\/uploads\/2022\/06\/Schermata-2022-06-21-alle-10.34.26.png\" data-wp-editing=\"1\"><img loading=\"lazy\" decoding=\"async\" class=\"aligncenter wp-image-58934 size-large\" src=\"https:\/\/www.accuratereviews.com\/wp-content\/uploads\/2022\/06\/Schermata-2022-06-21-alle-10.34.26-1024x889.png\" alt=\"\" width=\"686\" height=\"596\" srcset=\"https:\/\/www.accuratereviews.com\/wp-content\/uploads\/2022\/06\/Schermata-2022-06-21-alle-10.34.26-1024x889.png 1024w, https:\/\/www.accuratereviews.com\/wp-content\/uploads\/2022\/06\/Schermata-2022-06-21-alle-10.34.26-300x261.png 300w, https:\/\/www.accuratereviews.com\/wp-content\/uploads\/2022\/06\/Schermata-2022-06-21-alle-10.34.26-768x667.png 768w, https:\/\/www.accuratereviews.com\/wp-content\/uploads\/2022\/06\/Schermata-2022-06-21-alle-10.34.26-1536x1334.png 1536w, https:\/\/www.accuratereviews.com\/wp-content\/uploads\/2022\/06\/Schermata-2022-06-21-alle-10.34.26-144x125.png 144w, https:\/\/www.accuratereviews.com\/wp-content\/uploads\/2022\/06\/Schermata-2022-06-21-alle-10.34.26-50x43.png 50w, https:\/\/www.accuratereviews.com\/wp-content\/uploads\/2022\/06\/Schermata-2022-06-21-alle-10.34.26-968x841.png 968w, https:\/\/www.accuratereviews.com\/wp-content\/uploads\/2022\/06\/Schermata-2022-06-21-alle-10.34.26-636x552.png 636w, https:\/\/www.accuratereviews.com\/wp-content\/uploads\/2022\/06\/Schermata-2022-06-21-alle-10.34.26-320x278.png 320w, https:\/\/www.accuratereviews.com\/wp-content\/uploads\/2022\/06\/Schermata-2022-06-21-alle-10.34.26-239x208.png 239w, https:\/\/www.accuratereviews.com\/wp-content\/uploads\/2022\/06\/Schermata-2022-06-21-alle-10.34.26.png 1764w\" sizes=\"auto, (max-width: 686px) 100vw, 686px\" \/><\/a><\/h2>\n<h2>VENTTURE &#8211; CARATTERISTICHE<\/h2>\n<ul>\n<li>Connettiti con i tuoi membri e organizza tutti i tuoi abbonamenti da un&#8217;unica dashboard<\/li>\n<li>Crea un coinvolgimento degli utenti senza precedenti creando una pianificazione per i tuoi aggiornamenti imminenti<\/li>\n<li>Visualizza gli abbonamenti esistenti, lo stato e le entrate totali e ottieni informazioni utili<\/li>\n<li>Ricevi rapporti sulle prestazioni dei tuoi siti di abbonamento o approfondisci per vedere analisi dettagliate<\/li>\n<li>Personalizza ogni aspetto dei tuoi siti in modo che corrisponda al tuo marchio. Non sono richieste abilit\u00e0 di programmazione<\/li>\n<li>Offri i tuoi contenuti ai tuoi clienti in una lingua che comprendono<\/li>\n<li>Usa PayPal, Stripe o RazorPay per accettare pagamenti sicuri<\/li>\n<li>Aggiungi clienti a Mailchimp, ActiveCampaign e altro ancora<\/li>\n<li>Integra e automatizza con centinaia di strumenti di terze parti<\/li>\n<li>Assegna l&#8217;accesso controllato a tutti i siti, o sezioni di essi, ai membri del team.<\/li>\n<\/ul>\n<h3>LE RECENSIONI DEGLI UTENTI<\/h3>\n<p class=\"font-weight-bold mb-2\"><strong>Francisco L.&#8221;Un modo veloce e logico per sviluppare l&#8217;elearning con Venture&#8221;<\/strong><\/p>\n<p class=\"font-weight-bold mb-2\"><strong>Commenti<\/strong>: Un modo efficiente per gestire i tuoi corsi<\/p>\n<p><strong>Pro<\/strong>:\u00a0Con la stessa app puoi sviluppare una scuola, un sito web in abbonamento o un marketplace, puoi tradurre facilmente i contenuti, puoi usare sia Paypal che Stripe e anche i video di formazione sono molto accessibili e chiari<\/p>\n<p><strong>Contro<\/strong>:\u00a0Vorrei che quelli di noi che hanno acquistato un piano precedente avessero uno sconto sui piani o pi\u00f9 contatti inclusi nei piani (preferisco le offerte a vita)<\/p>\n<p class=\"font-weight-bold mb-2\"><strong>Chandeep C.&#8221;Membro di una Fabbrica&#8221;<\/strong><\/p>\n<p class=\"font-weight-bold mb-2\"><strong>Commenti<\/strong>: Esperienza straordinaria.<\/p>\n<p><strong>Pro<\/strong>:\u00a0Software straordinario. Per me ho provato altri software simili ma niente \u00e8 paragonabile a questo. Cos\u00ec facile da usare e funzionalit\u00e0 senza difetti a dire il vero. Carica velocemente e ha un ottimo gruppo Facebook. L&#8217;assistenza clienti mi aiuta ed \u00e8 molto veloce nel rispondere in pochi minuti.<\/p>\n<p><strong>Contro<\/strong>:\u00a0Bottoni. I pulsanti potrebbero essere migliorati per un facile utilizzo.<\/p>\n<p class=\"font-weight-bold mb-2\"><strong>Millie H.&#8221;Amo Ventture: lo uso per la mia attivit\u00e0 di coaching e i miei clienti lo adorano&#8221;<\/strong><\/p>\n<p><strong>Pro<\/strong>:\u00a0\u00c8 stato cos\u00ec facile creare il mio abbonamento online. Sistema molto intuitivo, semplice da configurare e utilizzare<\/p>\n<p><strong>Contro<\/strong>:\u00a0L&#8217;unica cosa &#8220;cattiva&#8221; che devo dire \u00e8 che vorrei che ci fossero pi\u00f9 piattaforme disponibili da usare, ma spero che arrivino in futuro<\/p>\n","protected":false},"excerpt":{"rendered":"<p>Ventture \u00e8 una suite aziendale integrata progettata per aiutare le aziende a creare corsi online, progettare siti web di abbonamento e generare buoni sconto su una piattaforma unificata. Con l&#8217;applicazione, le parti interessate possono organizzare le iscrizioni e personalizzare il layout dei siti delle iscrizioni utilizzando l&#8217;editor di contenuti integrato.<\/p>\n","protected":false},"author":16,"featured_media":58928,"parent":58467,"menu_order":0,"comment_status":"open","ping_status":"closed","template":"g1_template_page_review_new.php","meta":{"_acf_changed":false,"cwp_meta_box_check":"No","cwp_rev_product_name":"","cwp_rev_product_image":"","wppr_links":[],"cwp_rev_price":"","wppr_options":[],"wppr_pros":[],"wppr_cons":[],"_monsterinsights_skip_tracking":false,"_monsterinsights_sitenote_active":false,"_monsterinsights_sitenote_note":"","_monsterinsights_sitenote_category":0,"footnotes":""},"categories":[12754],"tags":[12810,12778,12814,12813,12811,12812,12877],"features":[],"class_list":{"0":"post-58926","1":"page","2":"type-page","3":"status-publish","4":"has-post-thumbnail","6":"category-software-per-creare-landing-page-cat","7":"tag-creazione-landing-page","8":"tag-landing-page","9":"tag-piattaforma-creazione-landing-page","10":"tag-programma-creazione-landing-page","11":"tag-software-creazione-landing-page","12":"tag-soluzione-creazione-landing-page","13":"tag-ventture"},"wppr_data":{"cwp_meta_box_check":"No"},"acf":[],"yoast_head":"<!-- This site is optimized with the Yoast SEO plugin v27.4 - https:\/\/yoast.com\/product\/yoast-seo-wordpress\/ -->\n<title>Ventture: recensione software creazione landing page - Accurate Reviews<\/title>\n<meta name=\"description\" content=\"Ventture: recensione software per creare landing page per aiutare le aziende a creare corsi online, progettare siti di abbonamento e generare buoni sconto.\" \/>\n<meta name=\"robots\" content=\"index, follow, max-snippet:-1, max-image-preview:large, max-video-preview:-1\" \/>\n<link rel=\"canonical\" href=\"https:\/\/www.accuratereviews.com\/it\/software-creare-landing-page\/ventture-recensione\/\" \/>\n<meta property=\"og:locale\" content=\"it_IT\" \/>\n<meta property=\"og:type\" content=\"article\" \/>\n<meta property=\"og:title\" content=\"Ventture: recensione software creazione landing page - Accurate Reviews\" \/>\n<meta property=\"og:description\" content=\"Ventture: recensione software per creare landing page per aiutare le aziende a creare corsi online, progettare siti di abbonamento e generare buoni sconto.\" \/>\n<meta property=\"og:url\" content=\"https:\/\/www.accuratereviews.com\/it\/software-creare-landing-page\/ventture-recensione\/\" \/>\n<meta property=\"og:site_name\" content=\"Accurate Reviews\" \/>\n<meta property=\"og:image\" content=\"https:\/\/www.accuratereviews.com\/wp-content\/uploads\/2022\/06\/Schermata-2022-06-21-alle-10.06.40.png\" \/>\n\t<meta property=\"og:image:width\" content=\"702\" \/>\n\t<meta property=\"og:image:height\" content=\"418\" \/>\n\t<meta property=\"og:image:type\" content=\"image\/png\" \/>\n<meta name=\"twitter:card\" content=\"summary_large_image\" \/>\n<meta name=\"twitter:label1\" content=\"Tempo di lettura stimato\" \/>\n\t<meta name=\"twitter:data1\" content=\"3 minuti\" \/>\n<script type=\"application\/ld+json\" class=\"yoast-schema-graph\">{\"@context\":\"https:\\\/\\\/schema.org\",\"@graph\":[{\"@type\":\"WebPage\",\"@id\":\"https:\\\/\\\/www.accuratereviews.com\\\/it\\\/software-creare-landing-page\\\/ventture-recensione\\\/\",\"url\":\"https:\\\/\\\/www.accuratereviews.com\\\/it\\\/software-creare-landing-page\\\/ventture-recensione\\\/\",\"name\":\"Ventture: recensione software creazione landing page - Accurate Reviews\",\"isPartOf\":{\"@id\":\"https:\\\/\\\/www.accuratereviews.com\\\/it\\\/#website\"},\"primaryImageOfPage\":{\"@id\":\"https:\\\/\\\/www.accuratereviews.com\\\/it\\\/software-creare-landing-page\\\/ventture-recensione\\\/#primaryimage\"},\"image\":{\"@id\":\"https:\\\/\\\/www.accuratereviews.com\\\/it\\\/software-creare-landing-page\\\/ventture-recensione\\\/#primaryimage\"},\"thumbnailUrl\":\"https:\\\/\\\/www.accuratereviews.com\\\/wp-content\\\/uploads\\\/2022\\\/06\\\/Schermata-2022-06-21-alle-10.06.40.png\",\"datePublished\":\"2022-06-21T11:23:10+00:00\",\"description\":\"Ventture: recensione software per creare landing page per aiutare le aziende a creare corsi online, progettare siti di abbonamento e generare buoni sconto.\",\"breadcrumb\":{\"@id\":\"https:\\\/\\\/www.accuratereviews.com\\\/it\\\/software-creare-landing-page\\\/ventture-recensione\\\/#breadcrumb\"},\"inLanguage\":\"it-IT\",\"potentialAction\":[{\"@type\":\"ReadAction\",\"target\":[\"https:\\\/\\\/www.accuratereviews.com\\\/it\\\/software-creare-landing-page\\\/ventture-recensione\\\/\"]}]},{\"@type\":\"ImageObject\",\"inLanguage\":\"it-IT\",\"@id\":\"https:\\\/\\\/www.accuratereviews.com\\\/it\\\/software-creare-landing-page\\\/ventture-recensione\\\/#primaryimage\",\"url\":\"https:\\\/\\\/www.accuratereviews.com\\\/wp-content\\\/uploads\\\/2022\\\/06\\\/Schermata-2022-06-21-alle-10.06.40.png\",\"contentUrl\":\"https:\\\/\\\/www.accuratereviews.com\\\/wp-content\\\/uploads\\\/2022\\\/06\\\/Schermata-2022-06-21-alle-10.06.40.png\",\"width\":702,\"height\":418},{\"@type\":\"BreadcrumbList\",\"@id\":\"https:\\\/\\\/www.accuratereviews.com\\\/it\\\/software-creare-landing-page\\\/ventture-recensione\\\/#breadcrumb\",\"itemListElement\":[{\"@type\":\"ListItem\",\"position\":1,\"name\":\"Home\",\"item\":\"https:\\\/\\\/www.accuratereviews.com\\\/it\\\/\"},{\"@type\":\"ListItem\",\"position\":2,\"name\":\"Software per creare landing page\",\"item\":\"https:\\\/\\\/www.accuratereviews.com\\\/it\\\/software-creare-landing-page\\\/\"},{\"@type\":\"ListItem\",\"position\":3,\"name\":\"Ventture\"}]},{\"@type\":\"WebSite\",\"@id\":\"https:\\\/\\\/www.accuratereviews.com\\\/it\\\/#website\",\"url\":\"https:\\\/\\\/www.accuratereviews.com\\\/it\\\/\",\"name\":\"Accurate Reviews\",\"description\":\"\",\"potentialAction\":[{\"@type\":\"SearchAction\",\"target\":{\"@type\":\"EntryPoint\",\"urlTemplate\":\"https:\\\/\\\/www.accuratereviews.com\\\/it\\\/?s={search_term_string}\"},\"query-input\":{\"@type\":\"PropertyValueSpecification\",\"valueRequired\":true,\"valueName\":\"search_term_string\"}}],\"inLanguage\":\"it-IT\"}]}<\/script>\n<!-- \/ Yoast SEO plugin. -->","yoast_head_json":{"title":"Ventture: recensione software creazione landing page - Accurate Reviews","description":"Ventture: recensione software per creare landing page per aiutare le aziende a creare corsi online, progettare siti di abbonamento e generare buoni sconto.","robots":{"index":"index","follow":"follow","max-snippet":"max-snippet:-1","max-image-preview":"max-image-preview:large","max-video-preview":"max-video-preview:-1"},"canonical":"https:\/\/www.accuratereviews.com\/it\/software-creare-landing-page\/ventture-recensione\/","og_locale":"it_IT","og_type":"article","og_title":"Ventture: recensione software creazione landing page - Accurate Reviews","og_description":"Ventture: recensione software per creare landing page per aiutare le aziende a creare corsi online, progettare siti di abbonamento e generare buoni sconto.","og_url":"https:\/\/www.accuratereviews.com\/it\/software-creare-landing-page\/ventture-recensione\/","og_site_name":"Accurate Reviews","og_image":[{"width":702,"height":418,"url":"https:\/\/www.accuratereviews.com\/wp-content\/uploads\/2022\/06\/Schermata-2022-06-21-alle-10.06.40.png","type":"image\/png"}],"twitter_card":"summary_large_image","twitter_misc":{"Tempo di lettura stimato":"3 minuti"},"schema":{"@context":"https:\/\/schema.org","@graph":[{"@type":"WebPage","@id":"https:\/\/www.accuratereviews.com\/it\/software-creare-landing-page\/ventture-recensione\/","url":"https:\/\/www.accuratereviews.com\/it\/software-creare-landing-page\/ventture-recensione\/","name":"Ventture: recensione software creazione landing page - Accurate Reviews","isPartOf":{"@id":"https:\/\/www.accuratereviews.com\/it\/#website"},"primaryImageOfPage":{"@id":"https:\/\/www.accuratereviews.com\/it\/software-creare-landing-page\/ventture-recensione\/#primaryimage"},"image":{"@id":"https:\/\/www.accuratereviews.com\/it\/software-creare-landing-page\/ventture-recensione\/#primaryimage"},"thumbnailUrl":"https:\/\/www.accuratereviews.com\/wp-content\/uploads\/2022\/06\/Schermata-2022-06-21-alle-10.06.40.png","datePublished":"2022-06-21T11:23:10+00:00","description":"Ventture: recensione software per creare landing page per aiutare le aziende a creare corsi online, progettare siti di abbonamento e generare buoni sconto.","breadcrumb":{"@id":"https:\/\/www.accuratereviews.com\/it\/software-creare-landing-page\/ventture-recensione\/#breadcrumb"},"inLanguage":"it-IT","potentialAction":[{"@type":"ReadAction","target":["https:\/\/www.accuratereviews.com\/it\/software-creare-landing-page\/ventture-recensione\/"]}]},{"@type":"ImageObject","inLanguage":"it-IT","@id":"https:\/\/www.accuratereviews.com\/it\/software-creare-landing-page\/ventture-recensione\/#primaryimage","url":"https:\/\/www.accuratereviews.com\/wp-content\/uploads\/2022\/06\/Schermata-2022-06-21-alle-10.06.40.png","contentUrl":"https:\/\/www.accuratereviews.com\/wp-content\/uploads\/2022\/06\/Schermata-2022-06-21-alle-10.06.40.png","width":702,"height":418},{"@type":"BreadcrumbList","@id":"https:\/\/www.accuratereviews.com\/it\/software-creare-landing-page\/ventture-recensione\/#breadcrumb","itemListElement":[{"@type":"ListItem","position":1,"name":"Home","item":"https:\/\/www.accuratereviews.com\/it\/"},{"@type":"ListItem","position":2,"name":"Software per creare landing page","item":"https:\/\/www.accuratereviews.com\/it\/software-creare-landing-page\/"},{"@type":"ListItem","position":3,"name":"Ventture"}]},{"@type":"WebSite","@id":"https:\/\/www.accuratereviews.com\/it\/#website","url":"https:\/\/www.accuratereviews.com\/it\/","name":"Accurate Reviews","description":"","potentialAction":[{"@type":"SearchAction","target":{"@type":"EntryPoint","urlTemplate":"https:\/\/www.accuratereviews.com\/it\/?s={search_term_string}"},"query-input":{"@type":"PropertyValueSpecification","valueRequired":true,"valueName":"search_term_string"}}],"inLanguage":"it-IT"}]}},"_links":{"self":[{"href":"https:\/\/www.accuratereviews.com\/it\/wp-json\/wp\/v2\/pages\/58926","targetHints":{"allow":["GET"]}}],"collection":[{"href":"https:\/\/www.accuratereviews.com\/it\/wp-json\/wp\/v2\/pages"}],"about":[{"href":"https:\/\/www.accuratereviews.com\/it\/wp-json\/wp\/v2\/types\/page"}],"author":[{"embeddable":true,"href":"https:\/\/www.accuratereviews.com\/it\/wp-json\/wp\/v2\/users\/16"}],"replies":[{"embeddable":true,"href":"https:\/\/www.accuratereviews.com\/it\/wp-json\/wp\/v2\/comments?post=58926"}],"version-history":[{"count":9,"href":"https:\/\/www.accuratereviews.com\/it\/wp-json\/wp\/v2\/pages\/58926\/revisions"}],"predecessor-version":[{"id":58958,"href":"https:\/\/www.accuratereviews.com\/it\/wp-json\/wp\/v2\/pages\/58926\/revisions\/58958"}],"up":[{"embeddable":true,"href":"https:\/\/www.accuratereviews.com\/it\/wp-json\/wp\/v2\/pages\/58467"}],"wp:featuredmedia":[{"embeddable":true,"href":"https:\/\/www.accuratereviews.com\/it\/wp-json\/wp\/v2\/media\/58928"}],"wp:attachment":[{"href":"https:\/\/www.accuratereviews.com\/it\/wp-json\/wp\/v2\/media?parent=58926"}],"wp:term":[{"taxonomy":"category","embeddable":true,"href":"https:\/\/www.accuratereviews.com\/it\/wp-json\/wp\/v2\/categories?post=58926"},{"taxonomy":"post_tag","embeddable":true,"href":"https:\/\/www.accuratereviews.com\/it\/wp-json\/wp\/v2\/tags?post=58926"},{"taxonomy":"features","embeddable":true,"href":"https:\/\/www.accuratereviews.com\/it\/wp-json\/wp\/v2\/features?post=58926"}],"curies":[{"name":"wp","href":"https:\/\/api.w.org\/{rel}","templated":true}]}}