{"id":58980,"date":"2022-06-22T10:17:58","date_gmt":"2022-06-22T10:17:58","guid":{"rendered":"https:\/\/www.accuratereviews.com\/?page_id=58980"},"modified":"2022-06-22T10:17:58","modified_gmt":"2022-06-22T10:17:58","slug":"dotdigital-recensione","status":"publish","type":"page","link":"https:\/\/www.accuratereviews.com\/it\/software-creare-landing-page\/dotdigital-recensione\/","title":{"rendered":"Dotdigital"},"content":{"rendered":"<p><strong>Dotdigital<\/strong> \u00e8 una <strong>piattaforma di automazione del marketing<\/strong> omnicanale che consente a pi\u00f9 di 80.000 marketer in pi\u00f9 di 150 paesi in tutto il mondo di utilizzare i dati transazionali e comportamentali per progettare, testare e inviare potenti campagne digitali automatizzate che vengono eseguite su tutti i canali dei clienti, dall&#8217;email agli sms e ai social media. Fondata nel 1999, Dotdigital \u00e8 un&#8217;azienda globale con oltre 300 dipendenti e clienti B2C e B2B enterprise e PMI. La soluzione di posta elettronica potente e facile da usare consente alle PMI, alle grandi imprese e alle agenzie di gestire e far crescere la propria strategia di posta elettronica e altro ancora, semplificando la creazione del proprio marketing cloud, utilizzando la nostra vasta directory di app.<\/p>\n<h2>DOTDIGITAL &#8211; TUTORIAL<\/h2>\n<p>Guarda come integrare questo<strong> software di creazione di landing page<\/strong> con BigCommerce:<\/p>\n<div id=\"fluid-wrapper-counter-1\" class=\"g1-fluid-wrapper \" style=\"width:686px;\">\n<div style=\"padding-bottom:56.268221574344%;\"><iframe loading=\"lazy\" title=\"dotdigital for BigCommerce\" width=\"686\" height=\"386\" src=\"https:\/\/www.youtube.com\/embed\/4M50putqeNs?feature=oembed&amp;wmode=transparent&amp;autohide=1&amp;autoplay=0&amp;disablekb=0&amp;fs=1&amp;loop=0&amp;enablejsapi=1&amp;rel=0&amp;controls=2&amp;showinfo=0&amp;wmode=transparent&amp;autohide=2&amp;autoplay=0&amp;disablekb=0&amp;fs=1&amp;loop=0&amp;enablejsapi=1&amp;rel=0&amp;controls=2&amp;showinfo=1\" frameborder=\"0\" allow=\"accelerometer; autoplay; clipboard-write; encrypted-media; gyroscope; picture-in-picture\" allowfullscreen><\/iframe><\/div>\n<\/div>\n<h3>DOTDIGITAL &#8211; CARATTERISTICHE<\/h3>\n<ul>\n<li><strong>Pagine di destinazione e moduli<\/strong>: aumenta l&#8217;acquisizione di clienti con pagine e moduli che si distinguono. Fai crescere la tua lista email con i popup e utilizza il generatore di moduli per conoscere meglio i tuoi clienti<\/li>\n<li><strong>Chat dal vivo<\/strong>: diffondi le frustrazioni e supera le aspettative con lo strumento di chat dal vivo. Gestisci rapidamente le domande e supporta gli acquisti, accumulando le tue conoscenze per aiutare i futuri clienti<\/li>\n<li><strong>Personalizzazione<\/strong>: personalizza le campagne con contenuti dinamici e messaggi basati sui dati, in modo che ogni cliente abbia un&#8217;esperienza unica<\/li>\n<li><strong>Segmentazione<\/strong>: raggiungi l&#8217;obiettivo ogni volta con la segmentazione dei dati. Identifica i tratti comportamentali e le abitudini di acquisto per ottenere una visione del tuo pubblico ideale<\/li>\n<li><strong>Retargeting social e di ricerca<\/strong>: utilizza le estensioni Google Ads e Facebook per offrire esperienze coerenti, coinvolgere nuovamente i clienti e aumentare le vendite con gli annunci display<\/li>\n<li><strong>Segnalazione<\/strong>: scopri cosa dicono i tuoi clienti. Approfondisci i dati della campagna e impara con risultati in tempo reale per ogni metrica importante per la tua attivit\u00e0<\/li>\n<li><strong>Integrazioni<\/strong>: la soluzione offre un&#8217;automazione del marketing intelligente e integrazioni senza problemi con una serie di tecnologie, cos\u00ec puoi tracciare un percorso verso opportunit\u00e0 di guadagno nascoste<\/li>\n<li><strong>Consigli sui prodotti<\/strong>: usa i dati del tuo sito di ecommerce e sfrutta la potente intelligenza artificiale per mostrare fino a otto articoli rilevanti dal tuo catalogo a ogni singolo contatto.<\/li>\n<\/ul>\n<h4>LE RECENSIONI DEGLI UTENTI<\/h4>\n<p class=\"font-weight-bold mb-2\"><strong>Mohammad B.&#8221;Ottima piattaforma di gestione e coinvolgimento delle campagne&#8221;<\/strong><\/p>\n<p class=\"font-weight-bold mb-2\"><strong>Pro<\/strong>:\u00a0&#8211; \u00c8 molto facile da usare con un&#8217;ottima UX\/UI. -Drag and drop builder per landing page ed e-mail -Il supporto \u00e8 un&#8217;altra cosa grandiosa di dotdigital -Automazione del marketing semplice, niente di troppo complicato -Mi piace quanto sia facile segmentare i dati (audience) -Ottimo per le campagne di test AB<\/p>\n<p class=\"font-weight-bold mb-2\"><strong>Contro<\/strong>:\u00a0-Richiede un po&#8217; di conoscenza dei CSS per la gestione di progetti personalizzati -Forme molto semplici -\u00c8 costoso rispetto ad altri concorrenti che offrono funzionalit\u00e0 di alta qualit\u00e0 e prezzi competitivi rispetto a dotdigital -Limitazioni alla personalizzazione dei report<\/p>\n<p class=\"font-weight-bold mb-2\"><strong>Simon S.&#8221;Gestione dell&#8217;email marketing.&#8221;<\/strong><\/p>\n<p class=\"font-weight-bold mb-2\"><strong>Pro<\/strong>:\u00a0Non posso cantare abbastanza le lodi di Dotmailer, di gran lunga il miglior strumento di email marketing in circolazione. Tutto il nostro marketing e-mail promozionale in uscita \u00e8 gestito attraverso il portale insieme a molti dei nostri clienti<\/p>\n<p class=\"font-weight-bold mb-2\"><strong>Contro<\/strong>:\u00a0Non essere in grado di creare le nostre risposte automatiche personalizzate senza contattare Dotmailer stesso per farlo.<\/p>\n<p class=\"font-weight-bold mb-2\"><strong>Claire T.&#8221;Facile da usare con un ottimo supporto.&#8221;<\/strong><\/p>\n<p class=\"font-weight-bold mb-2\"><strong>Pro<\/strong>:\u00a0\u00c8 intuitivo e potente. Posso creare un programma automatizzato per fare tutto ci\u00f2 che posso immaginare con i miei contatti. Gli unici limiti sono nella qualit\u00e0 dei miei dati o della mia immaginazione. Se sono bloccato su cosa fare, posso ottenere un rappresentante esperto in chat in pochi secondi per aiutare.<\/p>\n<p class=\"font-weight-bold mb-2\"><strong>Contro<\/strong>:\u00a0L&#8217;integrazione con Magento 2.0 lascia a desiderare. Non inserisce i prezzi di vendita (solo MSRP) ed \u00e8 glitch modificare i blocchi di prodotto che estraggono contenuto dinamico.<\/p>\n<p>&nbsp;<\/p>\n","protected":false},"excerpt":{"rendered":"<p>Dotdigital \u00e8 una piattaforma di automazione del marketing omnicanale che consente a pi\u00f9 di 80.000 marketer in pi\u00f9 di 150 paesi in tutto il mondo di utilizzare i dati transazionali e comportamentali per progettare, testare e inviare potenti campagne digitali automatizzate che vengono eseguite su tutti i canali dei clienti, dall&#8217;email agli SMS e ai social media.<\/p>\n","protected":false},"author":16,"featured_media":58983,"parent":58467,"menu_order":0,"comment_status":"open","ping_status":"closed","template":"g1_template_page_review_new.php","meta":{"_acf_changed":false,"cwp_meta_box_check":"No","cwp_rev_product_name":"","cwp_rev_product_image":"","wppr_links":[],"cwp_rev_price":"","wppr_options":[],"wppr_pros":[],"wppr_cons":[],"_monsterinsights_skip_tracking":false,"_monsterinsights_sitenote_active":false,"_monsterinsights_sitenote_note":"","_monsterinsights_sitenote_category":0,"footnotes":""},"categories":[12754],"tags":[12810,12881,12778,12814,12813,12811,12812],"features":[],"class_list":{"0":"post-58980","1":"page","2":"type-page","3":"status-publish","4":"has-post-thumbnail","6":"category-software-per-creare-landing-page-cat","7":"tag-creazione-landing-page","8":"tag-dotdigital","9":"tag-landing-page","10":"tag-piattaforma-creazione-landing-page","11":"tag-programma-creazione-landing-page","12":"tag-software-creazione-landing-page","13":"tag-soluzione-creazione-landing-page"},"wppr_data":{"cwp_meta_box_check":"No"},"acf":[],"yoast_head":"<!-- This site is optimized with the Yoast SEO plugin v27.4 - https:\/\/yoast.com\/product\/yoast-seo-wordpress\/ -->\n<title>Dotdigital: recensione software creazione landing page - Accurate Reviews<\/title>\n<meta name=\"description\" content=\"Dotdigital: recensione piattaforma di automazione del marketing omnicanale adatta per utilizzare i dati transazionali e comportamentali degli utenti.\" \/>\n<meta name=\"robots\" content=\"index, follow, max-snippet:-1, max-image-preview:large, max-video-preview:-1\" \/>\n<link rel=\"canonical\" href=\"https:\/\/www.accuratereviews.com\/it\/software-creare-landing-page\/dotdigital-recensione\/\" \/>\n<meta property=\"og:locale\" content=\"it_IT\" \/>\n<meta property=\"og:type\" content=\"article\" \/>\n<meta property=\"og:title\" content=\"Dotdigital: recensione software creazione landing page - Accurate Reviews\" \/>\n<meta property=\"og:description\" content=\"Dotdigital: recensione piattaforma di automazione del marketing omnicanale adatta per utilizzare i dati transazionali e comportamentali degli utenti.\" \/>\n<meta property=\"og:url\" content=\"https:\/\/www.accuratereviews.com\/it\/software-creare-landing-page\/dotdigital-recensione\/\" \/>\n<meta property=\"og:site_name\" content=\"Accurate Reviews\" \/>\n<meta property=\"og:image\" content=\"https:\/\/www.accuratereviews.com\/wp-content\/uploads\/2022\/06\/Dotdigital.png\" \/>\n\t<meta property=\"og:image:width\" content=\"300\" \/>\n\t<meta property=\"og:image:height\" content=\"300\" \/>\n\t<meta property=\"og:image:type\" content=\"image\/png\" \/>\n<meta name=\"twitter:card\" content=\"summary_large_image\" \/>\n<meta name=\"twitter:label1\" content=\"Tempo di lettura stimato\" \/>\n\t<meta name=\"twitter:data1\" content=\"4 minuti\" \/>\n<script type=\"application\/ld+json\" class=\"yoast-schema-graph\">{\"@context\":\"https:\\\/\\\/schema.org\",\"@graph\":[{\"@type\":\"WebPage\",\"@id\":\"https:\\\/\\\/www.accuratereviews.com\\\/it\\\/software-creare-landing-page\\\/dotdigital-recensione\\\/\",\"url\":\"https:\\\/\\\/www.accuratereviews.com\\\/it\\\/software-creare-landing-page\\\/dotdigital-recensione\\\/\",\"name\":\"Dotdigital: recensione software creazione landing page - Accurate Reviews\",\"isPartOf\":{\"@id\":\"https:\\\/\\\/www.accuratereviews.com\\\/it\\\/#website\"},\"primaryImageOfPage\":{\"@id\":\"https:\\\/\\\/www.accuratereviews.com\\\/it\\\/software-creare-landing-page\\\/dotdigital-recensione\\\/#primaryimage\"},\"image\":{\"@id\":\"https:\\\/\\\/www.accuratereviews.com\\\/it\\\/software-creare-landing-page\\\/dotdigital-recensione\\\/#primaryimage\"},\"thumbnailUrl\":\"https:\\\/\\\/www.accuratereviews.com\\\/wp-content\\\/uploads\\\/2022\\\/06\\\/Dotdigital.png\",\"datePublished\":\"2022-06-22T10:17:58+00:00\",\"description\":\"Dotdigital: recensione piattaforma di automazione del marketing omnicanale adatta per utilizzare i dati transazionali e comportamentali degli utenti.\",\"breadcrumb\":{\"@id\":\"https:\\\/\\\/www.accuratereviews.com\\\/it\\\/software-creare-landing-page\\\/dotdigital-recensione\\\/#breadcrumb\"},\"inLanguage\":\"it-IT\",\"potentialAction\":[{\"@type\":\"ReadAction\",\"target\":[\"https:\\\/\\\/www.accuratereviews.com\\\/it\\\/software-creare-landing-page\\\/dotdigital-recensione\\\/\"]}]},{\"@type\":\"ImageObject\",\"inLanguage\":\"it-IT\",\"@id\":\"https:\\\/\\\/www.accuratereviews.com\\\/it\\\/software-creare-landing-page\\\/dotdigital-recensione\\\/#primaryimage\",\"url\":\"https:\\\/\\\/www.accuratereviews.com\\\/wp-content\\\/uploads\\\/2022\\\/06\\\/Dotdigital.png\",\"contentUrl\":\"https:\\\/\\\/www.accuratereviews.com\\\/wp-content\\\/uploads\\\/2022\\\/06\\\/Dotdigital.png\",\"width\":300,\"height\":300},{\"@type\":\"BreadcrumbList\",\"@id\":\"https:\\\/\\\/www.accuratereviews.com\\\/it\\\/software-creare-landing-page\\\/dotdigital-recensione\\\/#breadcrumb\",\"itemListElement\":[{\"@type\":\"ListItem\",\"position\":1,\"name\":\"Home\",\"item\":\"https:\\\/\\\/www.accuratereviews.com\\\/it\\\/\"},{\"@type\":\"ListItem\",\"position\":2,\"name\":\"Software per creare landing page\",\"item\":\"https:\\\/\\\/www.accuratereviews.com\\\/it\\\/software-creare-landing-page\\\/\"},{\"@type\":\"ListItem\",\"position\":3,\"name\":\"Dotdigital\"}]},{\"@type\":\"WebSite\",\"@id\":\"https:\\\/\\\/www.accuratereviews.com\\\/it\\\/#website\",\"url\":\"https:\\\/\\\/www.accuratereviews.com\\\/it\\\/\",\"name\":\"Accurate Reviews\",\"description\":\"\",\"potentialAction\":[{\"@type\":\"SearchAction\",\"target\":{\"@type\":\"EntryPoint\",\"urlTemplate\":\"https:\\\/\\\/www.accuratereviews.com\\\/it\\\/?s={search_term_string}\"},\"query-input\":{\"@type\":\"PropertyValueSpecification\",\"valueRequired\":true,\"valueName\":\"search_term_string\"}}],\"inLanguage\":\"it-IT\"}]}<\/script>\n<!-- \/ Yoast SEO plugin. -->","yoast_head_json":{"title":"Dotdigital: recensione software creazione landing page - Accurate Reviews","description":"Dotdigital: recensione piattaforma di automazione del marketing omnicanale adatta per utilizzare i dati transazionali e comportamentali degli utenti.","robots":{"index":"index","follow":"follow","max-snippet":"max-snippet:-1","max-image-preview":"max-image-preview:large","max-video-preview":"max-video-preview:-1"},"canonical":"https:\/\/www.accuratereviews.com\/it\/software-creare-landing-page\/dotdigital-recensione\/","og_locale":"it_IT","og_type":"article","og_title":"Dotdigital: recensione software creazione landing page - Accurate Reviews","og_description":"Dotdigital: recensione piattaforma di automazione del marketing omnicanale adatta per utilizzare i dati transazionali e comportamentali degli utenti.","og_url":"https:\/\/www.accuratereviews.com\/it\/software-creare-landing-page\/dotdigital-recensione\/","og_site_name":"Accurate Reviews","og_image":[{"width":300,"height":300,"url":"https:\/\/www.accuratereviews.com\/wp-content\/uploads\/2022\/06\/Dotdigital.png","type":"image\/png"}],"twitter_card":"summary_large_image","twitter_misc":{"Tempo di lettura stimato":"4 minuti"},"schema":{"@context":"https:\/\/schema.org","@graph":[{"@type":"WebPage","@id":"https:\/\/www.accuratereviews.com\/it\/software-creare-landing-page\/dotdigital-recensione\/","url":"https:\/\/www.accuratereviews.com\/it\/software-creare-landing-page\/dotdigital-recensione\/","name":"Dotdigital: recensione software creazione landing page - Accurate Reviews","isPartOf":{"@id":"https:\/\/www.accuratereviews.com\/it\/#website"},"primaryImageOfPage":{"@id":"https:\/\/www.accuratereviews.com\/it\/software-creare-landing-page\/dotdigital-recensione\/#primaryimage"},"image":{"@id":"https:\/\/www.accuratereviews.com\/it\/software-creare-landing-page\/dotdigital-recensione\/#primaryimage"},"thumbnailUrl":"https:\/\/www.accuratereviews.com\/wp-content\/uploads\/2022\/06\/Dotdigital.png","datePublished":"2022-06-22T10:17:58+00:00","description":"Dotdigital: recensione piattaforma di automazione del marketing omnicanale adatta per utilizzare i dati transazionali e comportamentali degli utenti.","breadcrumb":{"@id":"https:\/\/www.accuratereviews.com\/it\/software-creare-landing-page\/dotdigital-recensione\/#breadcrumb"},"inLanguage":"it-IT","potentialAction":[{"@type":"ReadAction","target":["https:\/\/www.accuratereviews.com\/it\/software-creare-landing-page\/dotdigital-recensione\/"]}]},{"@type":"ImageObject","inLanguage":"it-IT","@id":"https:\/\/www.accuratereviews.com\/it\/software-creare-landing-page\/dotdigital-recensione\/#primaryimage","url":"https:\/\/www.accuratereviews.com\/wp-content\/uploads\/2022\/06\/Dotdigital.png","contentUrl":"https:\/\/www.accuratereviews.com\/wp-content\/uploads\/2022\/06\/Dotdigital.png","width":300,"height":300},{"@type":"BreadcrumbList","@id":"https:\/\/www.accuratereviews.com\/it\/software-creare-landing-page\/dotdigital-recensione\/#breadcrumb","itemListElement":[{"@type":"ListItem","position":1,"name":"Home","item":"https:\/\/www.accuratereviews.com\/it\/"},{"@type":"ListItem","position":2,"name":"Software per creare landing page","item":"https:\/\/www.accuratereviews.com\/it\/software-creare-landing-page\/"},{"@type":"ListItem","position":3,"name":"Dotdigital"}]},{"@type":"WebSite","@id":"https:\/\/www.accuratereviews.com\/it\/#website","url":"https:\/\/www.accuratereviews.com\/it\/","name":"Accurate Reviews","description":"","potentialAction":[{"@type":"SearchAction","target":{"@type":"EntryPoint","urlTemplate":"https:\/\/www.accuratereviews.com\/it\/?s={search_term_string}"},"query-input":{"@type":"PropertyValueSpecification","valueRequired":true,"valueName":"search_term_string"}}],"inLanguage":"it-IT"}]}},"_links":{"self":[{"href":"https:\/\/www.accuratereviews.com\/it\/wp-json\/wp\/v2\/pages\/58980","targetHints":{"allow":["GET"]}}],"collection":[{"href":"https:\/\/www.accuratereviews.com\/it\/wp-json\/wp\/v2\/pages"}],"about":[{"href":"https:\/\/www.accuratereviews.com\/it\/wp-json\/wp\/v2\/types\/page"}],"author":[{"embeddable":true,"href":"https:\/\/www.accuratereviews.com\/it\/wp-json\/wp\/v2\/users\/16"}],"replies":[{"embeddable":true,"href":"https:\/\/www.accuratereviews.com\/it\/wp-json\/wp\/v2\/comments?post=58980"}],"version-history":[{"count":10,"href":"https:\/\/www.accuratereviews.com\/it\/wp-json\/wp\/v2\/pages\/58980\/revisions"}],"predecessor-version":[{"id":59011,"href":"https:\/\/www.accuratereviews.com\/it\/wp-json\/wp\/v2\/pages\/58980\/revisions\/59011"}],"up":[{"embeddable":true,"href":"https:\/\/www.accuratereviews.com\/it\/wp-json\/wp\/v2\/pages\/58467"}],"wp:featuredmedia":[{"embeddable":true,"href":"https:\/\/www.accuratereviews.com\/it\/wp-json\/wp\/v2\/media\/58983"}],"wp:attachment":[{"href":"https:\/\/www.accuratereviews.com\/it\/wp-json\/wp\/v2\/media?parent=58980"}],"wp:term":[{"taxonomy":"category","embeddable":true,"href":"https:\/\/www.accuratereviews.com\/it\/wp-json\/wp\/v2\/categories?post=58980"},{"taxonomy":"post_tag","embeddable":true,"href":"https:\/\/www.accuratereviews.com\/it\/wp-json\/wp\/v2\/tags?post=58980"},{"taxonomy":"features","embeddable":true,"href":"https:\/\/www.accuratereviews.com\/it\/wp-json\/wp\/v2\/features?post=58980"}],"curies":[{"name":"wp","href":"https:\/\/api.w.org\/{rel}","templated":true}]}}