{"id":59021,"date":"2022-06-23T14:48:44","date_gmt":"2022-06-23T14:48:44","guid":{"rendered":"https:\/\/www.accuratereviews.com\/?page_id=59021"},"modified":"2022-06-23T14:48:44","modified_gmt":"2022-06-23T14:48:44","slug":"shortstack-recensione","status":"publish","type":"page","link":"https:\/\/www.accuratereviews.com\/it\/software-creare-landing-page\/shortstack-recensione\/","title":{"rendered":"ShortStack"},"content":{"rendered":"<p><strong>ShortStack<\/strong> \u00e8 una <strong>piattaforma di marketing<\/strong> digitale che ti consente di creare <strong>pagine di destinazione<\/strong> di concorsi classici o sui social, giochi e quiz unici, scegliere i vincitori, inviare email e analizzare i risultati, il tutto da un&#8217;unica posizione.\u00a0Offre funzionalit\u00e0 come l&#8217;action-gating che aiuta gli utenti ad acquisire le informazioni di contatto dei visitatori attraverso le pagine di destinazione. Consente ai visitatori di inserire i propri dettagli sulla pagina, in cambio dei quali i visitatori possono accedere a offerte, codici sconto,\u00a0e-book o omaggi. La soluzione viene utilizzata inoltre per creare lotterie, <strong>landing page<\/strong>, offerte speciali e moduli personalizzati per le campagne.<\/p>\n<h2>SHORTSTACK &#8211; TUTORIAL<\/h2>\n<p>Il tutorial che segue mostra come creare<strong> landing page<\/strong> accattivanti con questo software:<\/p>\n<div id=\"fluid-wrapper-counter-1\" class=\"g1-fluid-wrapper \" style=\"width:686px;\">\n<div style=\"padding-bottom:56.268221574344%;\"><iframe loading=\"lazy\" title=\"Why is ShortStack the best all-in-one contesting software?\" width=\"686\" height=\"386\" src=\"https:\/\/www.youtube.com\/embed\/LVPVN9C5g7g?feature=oembed&amp;wmode=transparent&amp;autohide=1&amp;autoplay=0&amp;disablekb=0&amp;fs=1&amp;loop=0&amp;enablejsapi=1&amp;rel=0&amp;controls=2&amp;showinfo=0&amp;wmode=transparent&amp;autohide=2&amp;autoplay=0&amp;disablekb=0&amp;fs=1&amp;loop=0&amp;enablejsapi=1&amp;rel=0&amp;controls=2&amp;showinfo=1\" frameborder=\"0\" allow=\"accelerometer; autoplay; clipboard-write; encrypted-media; gyroscope; picture-in-picture\" allowfullscreen><\/iframe><\/div>\n<\/div>\n<h3>SHORTSTACK &#8211; CARATTERISTICHE<\/h3>\n<ul>\n<li><strong>Genera UGC con omaggi e concors<\/strong>i: la soluzione\u00a0ti offre potenti strumenti per raccogliere UGC autentici utilizzando omaggi e concorsi. \u00c8 facile.<\/li>\n<li><strong>Raccogli foto, email e altro<\/strong>: consenti ai partecipanti di inviare foto da qualsiasi dispositivo e richiedi i loro indirizzi email per ampliare la tua lista di marketing. Scegli tra una variet\u00e0 di campi da includere nel modulo per raccogliere le informazioni di cui hai bisogno.<\/li>\n<li><strong>Riunisci le informazioni tramite hashtag o caricale direttamente su un modulo<\/strong>: consenti agli utenti di inviare foto e video pubblicandoli su Instagram o Twitter con un hashtag. In alternativa, raccogli lead email quando i partecipanti caricano le loro foto o video in un modulo per accedervi.<\/li>\n<li><strong>Consenti ai partecipanti di creare UGC con il marchio che vorranno condividere:<\/strong> le cornici con marchio offrono ai tuoi fan l&#8217;opportunit\u00e0 di creare immagini che amano condividere con i loro amici. Questo aiuta ad aumentare la consapevolezza del marchio e ad attirare ancora pi\u00f9 visitatori sulla tua campagna. Puoi anche inviare alle persone i loro contributi via email in modo che possano salvare le immagini o condividerle in lungo e in largo<\/li>\n<li><strong>Permetti l&#8217;invio di pi\u00f9 immagini<\/strong>: espandi i tipi di concorsi che puoi organizzare dando ai partecipanti la possibilit\u00e0 di inviare pi\u00f9 immagini. Ad esempio, consenti ai partecipanti di caricare due immagini prima e dopo i concorsi. Dai alle persone la possibilit\u00e0 di inviare tre o pi\u00f9 immagini per un concorso di narrazione visiva.<\/li>\n<li><strong>Monitora e cura le gallerie<\/strong>: visualizza tutti gli invii ai tuoi concorsi e alle campagne di raccolta di lead senza dover aprire elenchi individuali. Usa queste voci per creare bellissime gallerie curate per la tua campagna.<\/li>\n<\/ul>\n<h4>LE RECENSIONI DEGLI UTENTI<\/h4>\n<p class=\"font-weight-bold mb-2\"><strong>Brent L.&#8221;Recensione ShortStack&#8221;<\/strong><\/p>\n<p><span class=\"font-weight-bold\"><strong>Commenti<\/strong>: <\/span>L&#8217;esperienza complessiva \u00e8 stata buona.<\/p>\n<p class=\"font-weight-bold mb-2\"><strong>Pro<\/strong>:\u00a0Facilit\u00e0 d&#8217;uso. Aggiornamento in tempo reale. Produzione ottimizzata per dispositivi mobili.<\/p>\n<p class=\"font-weight-bold mb-2\"><strong>Contro<\/strong>:\u00a0Il tipo di concorsi \u00e8 interessante, ma mi piacerebbe vedere un concorso a parentesi e pi\u00f9 modelli di concorso a pi\u00f9 livelli.<\/p>\n<p class=\"font-weight-bold mb-2\"><strong>Shawn S.&#8221;Felice da quando mi sono iscritto!&#8221;<\/strong><\/p>\n<p><span class=\"font-weight-bold\"><strong>Commenti<\/strong>: <\/span>Ho acquisito Shortstack per aiutare a lanciare lotterie e promozioni che l&#8217;azienda per cui lavoro fa mensilmente. Ci\u00f2 ha semplificato il lavoro con lo sviluppatore del nostro sito Web quando necessario per ottenere pulsanti aggiunti portandoli al modulo Shortstack che creo.<\/p>\n<p class=\"font-weight-bold mb-2\"><strong>Pro<\/strong>:\u00a0La possibilit\u00e0 di essere guidati dall&#8217;inizio alla fine con suggerimenti lungo il percorso \u00e8 un&#8217;ottima caratteristica. Questo mi ha permesso di acquisire shortstack e di insegnarmi a usarlo, poich\u00e9 il software \u00e8 molto intuitivo.<\/p>\n<p class=\"font-weight-bold mb-2\"><strong>Contro<\/strong>:\u00a0L&#8217;unica cosa con cui stavo avendo problemi sarebbe stato impostare l&#8217;URL in una pagina di destinazione con reindirizzamento. Forse un po&#8217; pi\u00f9 di informazioni su come farlo uscire e girare una volta finito di costruire.<\/p>\n<p class=\"font-weight-bold mb-2\"><strong>Amberlee M.&#8221;Buon programma per omaggi di base&#8221;<\/strong><\/p>\n<p><span class=\"font-weight-bold\"><strong>Commenti<\/strong>: <\/span>Nel complesso sono felice di continuare a utilizzare ShortStack. Anche se non \u00e8 perfetto, fa il lavoro per quello per cui ne ho bisogno.<\/p>\n<p class=\"font-weight-bold mb-2\"><strong>Pro<\/strong>:\u00a0Offrono una variet\u00e0 di diversi modelli di omaggi. Ci sono impostazioni che ti consentono di nascondere determinate sezioni in base alla data. Puoi esportare le tue voci. Puoi inviare email di conferma ai tuoi partecipanti. Esiste un&#8217;abilit\u00e0 di condivisione sociale che fornisce voci bonus quando qualcuno accede al tuo collegamento di condivisione.<\/p>\n<p class=\"font-weight-bold mb-2\"><strong>Contro<\/strong>:\u00a0Non \u00e8 il modo pi\u00f9 semplice per impostare i modelli. Sarebbe bello poter salvare modelli personalizzati e sezioni di modelli per una personalizzazione pi\u00f9 semplice. La dashboard non \u00e8 mai stata caricata per me: giri e giri.<\/p>\n","protected":false},"excerpt":{"rendered":"<p>ShortStack \u00e8 una piattaforma di marketing digitale che ti consente di creare pagine di destinazione di concorsi classici o sui social, giochi e quiz unici, scegliere i vincitori, inviare email e analizzare i risultati, il tutto da un&#8217;unica posizione.\u00a0Offre funzionalit\u00e0 come l&#8217;action-gating che aiuta gli utenti a acquisire le informazioni di contatto dei visitatori attraverso le pagine di destinazione.<\/p>\n","protected":false},"author":16,"featured_media":59022,"parent":58467,"menu_order":0,"comment_status":"open","ping_status":"closed","template":"g1_template_page_review_new.php","meta":{"_acf_changed":false,"cwp_meta_box_check":"No","cwp_rev_product_name":"","cwp_rev_product_image":"","wppr_links":[],"cwp_rev_price":"","wppr_options":[],"wppr_pros":[],"wppr_cons":[],"_monsterinsights_skip_tracking":false,"_monsterinsights_sitenote_active":false,"_monsterinsights_sitenote_note":"","_monsterinsights_sitenote_category":0,"footnotes":""},"categories":[12754],"tags":[12777,12778,12814,12813,12884,12811,12812],"features":[],"class_list":{"0":"post-59021","1":"page","2":"type-page","3":"status-publish","4":"has-post-thumbnail","6":"category-software-per-creare-landing-page-cat","7":"tag-creare-landing-page","8":"tag-landing-page","9":"tag-piattaforma-creazione-landing-page","10":"tag-programma-creazione-landing-page","11":"tag-shortstack","12":"tag-software-creazione-landing-page","13":"tag-soluzione-creazione-landing-page"},"wppr_data":{"cwp_meta_box_check":"No"},"acf":[],"yoast_head":"<!-- This site is optimized with the Yoast SEO plugin v27.4 - https:\/\/yoast.com\/product\/yoast-seo-wordpress\/ -->\n<title>ShortStack: recensione software creazione landing page Accurate Reviews<\/title>\n<meta name=\"description\" content=\"ShortStack: recensione piattaforma di marketing digitale che ti consente di creare pagine di destinazione di concorsi classici o sui social.\" \/>\n<meta name=\"robots\" content=\"index, follow, max-snippet:-1, max-image-preview:large, max-video-preview:-1\" \/>\n<link rel=\"canonical\" href=\"https:\/\/www.accuratereviews.com\/it\/software-creare-landing-page\/shortstack-recensione\/\" \/>\n<meta property=\"og:locale\" content=\"it_IT\" \/>\n<meta property=\"og:type\" content=\"article\" \/>\n<meta property=\"og:title\" content=\"ShortStack: recensione software creazione landing page Accurate Reviews\" \/>\n<meta property=\"og:description\" content=\"ShortStack: recensione piattaforma di marketing digitale che ti consente di creare pagine di destinazione di concorsi classici o sui social.\" \/>\n<meta property=\"og:url\" content=\"https:\/\/www.accuratereviews.com\/it\/software-creare-landing-page\/shortstack-recensione\/\" \/>\n<meta property=\"og:site_name\" content=\"Accurate Reviews\" \/>\n<meta property=\"og:image\" content=\"https:\/\/www.accuratereviews.com\/wp-content\/uploads\/2022\/06\/ShortStack.png\" \/>\n\t<meta property=\"og:image:width\" content=\"350\" \/>\n\t<meta property=\"og:image:height\" content=\"350\" \/>\n\t<meta property=\"og:image:type\" content=\"image\/png\" \/>\n<meta name=\"twitter:card\" content=\"summary_large_image\" \/>\n<meta name=\"twitter:label1\" content=\"Tempo di lettura stimato\" \/>\n\t<meta name=\"twitter:data1\" content=\"4 minuti\" \/>\n<script type=\"application\/ld+json\" class=\"yoast-schema-graph\">{\"@context\":\"https:\\\/\\\/schema.org\",\"@graph\":[{\"@type\":\"WebPage\",\"@id\":\"https:\\\/\\\/www.accuratereviews.com\\\/it\\\/software-creare-landing-page\\\/shortstack-recensione\\\/\",\"url\":\"https:\\\/\\\/www.accuratereviews.com\\\/it\\\/software-creare-landing-page\\\/shortstack-recensione\\\/\",\"name\":\"ShortStack: recensione software creazione landing page Accurate Reviews\",\"isPartOf\":{\"@id\":\"https:\\\/\\\/www.accuratereviews.com\\\/it\\\/#website\"},\"primaryImageOfPage\":{\"@id\":\"https:\\\/\\\/www.accuratereviews.com\\\/it\\\/software-creare-landing-page\\\/shortstack-recensione\\\/#primaryimage\"},\"image\":{\"@id\":\"https:\\\/\\\/www.accuratereviews.com\\\/it\\\/software-creare-landing-page\\\/shortstack-recensione\\\/#primaryimage\"},\"thumbnailUrl\":\"https:\\\/\\\/www.accuratereviews.com\\\/wp-content\\\/uploads\\\/2022\\\/06\\\/ShortStack.png\",\"datePublished\":\"2022-06-23T14:48:44+00:00\",\"description\":\"ShortStack: recensione piattaforma di marketing digitale che ti consente di creare pagine di destinazione di concorsi classici o sui social.\",\"breadcrumb\":{\"@id\":\"https:\\\/\\\/www.accuratereviews.com\\\/it\\\/software-creare-landing-page\\\/shortstack-recensione\\\/#breadcrumb\"},\"inLanguage\":\"it-IT\",\"potentialAction\":[{\"@type\":\"ReadAction\",\"target\":[\"https:\\\/\\\/www.accuratereviews.com\\\/it\\\/software-creare-landing-page\\\/shortstack-recensione\\\/\"]}]},{\"@type\":\"ImageObject\",\"inLanguage\":\"it-IT\",\"@id\":\"https:\\\/\\\/www.accuratereviews.com\\\/it\\\/software-creare-landing-page\\\/shortstack-recensione\\\/#primaryimage\",\"url\":\"https:\\\/\\\/www.accuratereviews.com\\\/wp-content\\\/uploads\\\/2022\\\/06\\\/ShortStack.png\",\"contentUrl\":\"https:\\\/\\\/www.accuratereviews.com\\\/wp-content\\\/uploads\\\/2022\\\/06\\\/ShortStack.png\",\"width\":350,\"height\":350},{\"@type\":\"BreadcrumbList\",\"@id\":\"https:\\\/\\\/www.accuratereviews.com\\\/it\\\/software-creare-landing-page\\\/shortstack-recensione\\\/#breadcrumb\",\"itemListElement\":[{\"@type\":\"ListItem\",\"position\":1,\"name\":\"Home\",\"item\":\"https:\\\/\\\/www.accuratereviews.com\\\/it\\\/\"},{\"@type\":\"ListItem\",\"position\":2,\"name\":\"Software per creare landing page\",\"item\":\"https:\\\/\\\/www.accuratereviews.com\\\/it\\\/software-creare-landing-page\\\/\"},{\"@type\":\"ListItem\",\"position\":3,\"name\":\"ShortStack\"}]},{\"@type\":\"WebSite\",\"@id\":\"https:\\\/\\\/www.accuratereviews.com\\\/it\\\/#website\",\"url\":\"https:\\\/\\\/www.accuratereviews.com\\\/it\\\/\",\"name\":\"Accurate Reviews\",\"description\":\"\",\"potentialAction\":[{\"@type\":\"SearchAction\",\"target\":{\"@type\":\"EntryPoint\",\"urlTemplate\":\"https:\\\/\\\/www.accuratereviews.com\\\/it\\\/?s={search_term_string}\"},\"query-input\":{\"@type\":\"PropertyValueSpecification\",\"valueRequired\":true,\"valueName\":\"search_term_string\"}}],\"inLanguage\":\"it-IT\"}]}<\/script>\n<!-- \/ Yoast SEO plugin. -->","yoast_head_json":{"title":"ShortStack: recensione software creazione landing page Accurate Reviews","description":"ShortStack: recensione piattaforma di marketing digitale che ti consente di creare pagine di destinazione di concorsi classici o sui social.","robots":{"index":"index","follow":"follow","max-snippet":"max-snippet:-1","max-image-preview":"max-image-preview:large","max-video-preview":"max-video-preview:-1"},"canonical":"https:\/\/www.accuratereviews.com\/it\/software-creare-landing-page\/shortstack-recensione\/","og_locale":"it_IT","og_type":"article","og_title":"ShortStack: recensione software creazione landing page Accurate Reviews","og_description":"ShortStack: recensione piattaforma di marketing digitale che ti consente di creare pagine di destinazione di concorsi classici o sui social.","og_url":"https:\/\/www.accuratereviews.com\/it\/software-creare-landing-page\/shortstack-recensione\/","og_site_name":"Accurate Reviews","og_image":[{"width":350,"height":350,"url":"https:\/\/www.accuratereviews.com\/wp-content\/uploads\/2022\/06\/ShortStack.png","type":"image\/png"}],"twitter_card":"summary_large_image","twitter_misc":{"Tempo di lettura stimato":"4 minuti"},"schema":{"@context":"https:\/\/schema.org","@graph":[{"@type":"WebPage","@id":"https:\/\/www.accuratereviews.com\/it\/software-creare-landing-page\/shortstack-recensione\/","url":"https:\/\/www.accuratereviews.com\/it\/software-creare-landing-page\/shortstack-recensione\/","name":"ShortStack: recensione software creazione landing page Accurate Reviews","isPartOf":{"@id":"https:\/\/www.accuratereviews.com\/it\/#website"},"primaryImageOfPage":{"@id":"https:\/\/www.accuratereviews.com\/it\/software-creare-landing-page\/shortstack-recensione\/#primaryimage"},"image":{"@id":"https:\/\/www.accuratereviews.com\/it\/software-creare-landing-page\/shortstack-recensione\/#primaryimage"},"thumbnailUrl":"https:\/\/www.accuratereviews.com\/wp-content\/uploads\/2022\/06\/ShortStack.png","datePublished":"2022-06-23T14:48:44+00:00","description":"ShortStack: recensione piattaforma di marketing digitale che ti consente di creare pagine di destinazione di concorsi classici o sui social.","breadcrumb":{"@id":"https:\/\/www.accuratereviews.com\/it\/software-creare-landing-page\/shortstack-recensione\/#breadcrumb"},"inLanguage":"it-IT","potentialAction":[{"@type":"ReadAction","target":["https:\/\/www.accuratereviews.com\/it\/software-creare-landing-page\/shortstack-recensione\/"]}]},{"@type":"ImageObject","inLanguage":"it-IT","@id":"https:\/\/www.accuratereviews.com\/it\/software-creare-landing-page\/shortstack-recensione\/#primaryimage","url":"https:\/\/www.accuratereviews.com\/wp-content\/uploads\/2022\/06\/ShortStack.png","contentUrl":"https:\/\/www.accuratereviews.com\/wp-content\/uploads\/2022\/06\/ShortStack.png","width":350,"height":350},{"@type":"BreadcrumbList","@id":"https:\/\/www.accuratereviews.com\/it\/software-creare-landing-page\/shortstack-recensione\/#breadcrumb","itemListElement":[{"@type":"ListItem","position":1,"name":"Home","item":"https:\/\/www.accuratereviews.com\/it\/"},{"@type":"ListItem","position":2,"name":"Software per creare landing page","item":"https:\/\/www.accuratereviews.com\/it\/software-creare-landing-page\/"},{"@type":"ListItem","position":3,"name":"ShortStack"}]},{"@type":"WebSite","@id":"https:\/\/www.accuratereviews.com\/it\/#website","url":"https:\/\/www.accuratereviews.com\/it\/","name":"Accurate Reviews","description":"","potentialAction":[{"@type":"SearchAction","target":{"@type":"EntryPoint","urlTemplate":"https:\/\/www.accuratereviews.com\/it\/?s={search_term_string}"},"query-input":{"@type":"PropertyValueSpecification","valueRequired":true,"valueName":"search_term_string"}}],"inLanguage":"it-IT"}]}},"_links":{"self":[{"href":"https:\/\/www.accuratereviews.com\/it\/wp-json\/wp\/v2\/pages\/59021","targetHints":{"allow":["GET"]}}],"collection":[{"href":"https:\/\/www.accuratereviews.com\/it\/wp-json\/wp\/v2\/pages"}],"about":[{"href":"https:\/\/www.accuratereviews.com\/it\/wp-json\/wp\/v2\/types\/page"}],"author":[{"embeddable":true,"href":"https:\/\/www.accuratereviews.com\/it\/wp-json\/wp\/v2\/users\/16"}],"replies":[{"embeddable":true,"href":"https:\/\/www.accuratereviews.com\/it\/wp-json\/wp\/v2\/comments?post=59021"}],"version-history":[{"count":8,"href":"https:\/\/www.accuratereviews.com\/it\/wp-json\/wp\/v2\/pages\/59021\/revisions"}],"predecessor-version":[{"id":59055,"href":"https:\/\/www.accuratereviews.com\/it\/wp-json\/wp\/v2\/pages\/59021\/revisions\/59055"}],"up":[{"embeddable":true,"href":"https:\/\/www.accuratereviews.com\/it\/wp-json\/wp\/v2\/pages\/58467"}],"wp:featuredmedia":[{"embeddable":true,"href":"https:\/\/www.accuratereviews.com\/it\/wp-json\/wp\/v2\/media\/59022"}],"wp:attachment":[{"href":"https:\/\/www.accuratereviews.com\/it\/wp-json\/wp\/v2\/media?parent=59021"}],"wp:term":[{"taxonomy":"category","embeddable":true,"href":"https:\/\/www.accuratereviews.com\/it\/wp-json\/wp\/v2\/categories?post=59021"},{"taxonomy":"post_tag","embeddable":true,"href":"https:\/\/www.accuratereviews.com\/it\/wp-json\/wp\/v2\/tags?post=59021"},{"taxonomy":"features","embeddable":true,"href":"https:\/\/www.accuratereviews.com\/it\/wp-json\/wp\/v2\/features?post=59021"}],"curies":[{"name":"wp","href":"https:\/\/api.w.org\/{rel}","templated":true}]}}