{"id":59030,"date":"2022-06-23T10:56:55","date_gmt":"2022-06-23T10:56:55","guid":{"rendered":"https:\/\/www.accuratereviews.com\/?page_id=59030"},"modified":"2022-06-23T13:08:01","modified_gmt":"2022-06-23T13:08:01","slug":"kartra-recensione","status":"publish","type":"page","link":"https:\/\/www.accuratereviews.com\/it\/software-creare-landing-page\/kartra-recensione\/","title":{"rendered":"Kartra"},"content":{"rendered":"<p><strong>Kartra<\/strong> \u00e8 un <strong>software per creare landing page<\/strong> sviluppato per aziende, freelancer e chiunque voglia costruire un sito con un alto tasso di conversione. Questa piattaforma online, flessibile e ottimizzata per i dispositivi mobile, ti offre la possibilit\u00e0 di scegliere tra\u00a0centinaia di modelli progettati da designer, pronti per essere personalizzati in base alle tue esigenze.<br \/>\nInoltre con <strong>Kartra<\/strong> potrai creare il tuo database di lead, prospect e clienti, distribuire i tuoi contenuti, corsi, o materiali di formazione, vendere i tuoi prodotti o servizi online e realizzare campagne marketing via email e sms.<\/p>\n<h2>KARTRA &#8211; TUTORIAL<\/h2>\n<div id=\"fluid-wrapper-counter-1\" class=\"g1-fluid-wrapper \" style=\"width:686px;\">\n<div style=\"padding-bottom:56.268221574344%;\"><iframe loading=\"lazy\" title=\"How to Create Landing Pages in Kartra that Convert \ud83d\udd25 Step-by-Step Tutorial\" width=\"686\" height=\"386\" src=\"https:\/\/www.youtube.com\/embed\/LIvgqrOsrKw?feature=oembed&amp;wmode=transparent&amp;autohide=1&amp;autoplay=0&amp;disablekb=0&amp;fs=1&amp;loop=0&amp;enablejsapi=1&amp;rel=0&amp;controls=2&amp;showinfo=0&amp;wmode=transparent&amp;autohide=2&amp;autoplay=0&amp;disablekb=0&amp;fs=1&amp;loop=0&amp;enablejsapi=1&amp;rel=0&amp;controls=2&amp;showinfo=1\" frameborder=\"0\" allow=\"accelerometer; autoplay; clipboard-write; encrypted-media; gyroscope; picture-in-picture\" allowfullscreen><\/iframe><\/div>\n<\/div>\n<h3>KARTRA &#8211; CARATTERISTICHE<\/h3>\n<ul>\n<li><strong>Centinaia di modelli di pagine e sezioni<\/strong>: i designer professionisti hanno creato oltre 500 modelli di pagine e sezioni. Tutto ci\u00f2 che devi fare \u00e8 sfogliare e scegliere!<\/li>\n<li><strong>Personalizza ogni elemento della pagina<\/strong>: vuoi ridimensionare un&#8217;immagine? Cambiare la posizione di due elementi? Aumentare il padding sotto il titolo? S\u00ec, il mondo \u00e8 nelle tue mani!<\/li>\n<li><strong>Integrazione perfetta con l&#8217;ecosistema Kartra<\/strong>: tutto \u00e8 interconnesso. Vuoi collegare un pulsante a un sito Kartra Membership? Un clic e&#8230; voil\u00e0! Il gioco \u00e8 fatto<\/li>\n<li><strong>100% mobile responsive<\/strong>: anteprima della tua creazione in modalit\u00e0 desktop, tablet e mobile. Kartra far\u00e0 in modo che siano perfette in tutte le modalit\u00e0<\/li>\n<li><strong>Divertimento con il drag-drop-click<\/strong>: niente da disegnare. Nulla da codificare. Goditi l&#8217;interfaccia visiva all&#8217;avanguardia<\/li>\n<li><strong>Parti da un modello o da una tela bianca<\/strong>: se hai un occhio di riguardo per il design, perch\u00e9 non dare il via alla tua creazione da una tela bianca? Kartra Pages ti offre la massima flessibilit\u00e0!<\/li>\n<li><strong>Colori, font, loghi&#8230; il tuo marchio<\/strong>: hai il tuo marchio aziendale? Portalo qui! Il tuo logo, i tuoi colori, i tuoi font preferiti<\/li>\n<li><strong>Pubblicazione con un solo clic sul tuo dominio<\/strong>: possiedi un dominio? Buone notizie! Collegalo e approfitta della pubblicazione istantanea con un solo clic.<\/li>\n<\/ul>\n<h4>LE RECENSIONI DEGLI UTENTI<\/h4>\n<p><strong>Bernadette G. &#8220;Kartra&#8221;<\/strong><br \/>\nCOMMENTI: mi piace la snellezza di Kartra. Ora ha la funzione campagne che permette di personalizzare le campagne modificando i modelli preesistenti.<br \/>\nPRO: quello che mi piace di pi\u00f9 di Kartra \u00e8 che \u00e8 un software online completo che ci permette di fare marketing alla nostra lista esistente.<br \/>\nCONTRO: c&#8217;\u00e8 voluto del tempo prima che implementassero la funzione quiz\/sondaggio e anche adesso non \u00e8 ancora molto raffinata come speravamo.<\/p>\n<p><strong>Daniele S. &#8220;Ottimo tutto in uno&#8221;<\/strong><br \/>\nPRO: &#8211; Tutte le funzionalit\u00e0 di marketing in un unico strumento &#8211; l&#8217;editor dei membri \u00e8 ottimo e la creazione di prodotti\/membri \u00e8 semplice e veloce &#8211; buona gestione dei lead &#8211; tante possibilit\u00e0 di segmentare e fare automazione in ogni fase dell&#8217;acquisto<br \/>\nCONTRO: &#8211; molti problemi con la consegna delle email nel dominio italiano &#8211; per le membership e i contenuti drip, non \u00e8 possibile impostare una data di iscrizione personalizzata per il cliente, quando si presenta un problema il cliente riparte dall&#8217;inizio e non c&#8217;\u00e8 soluzione con il supporto clienti<\/p>\n<p><strong>Elzbieta U. &#8220;tutto per le vostre esigenze di lavoro&#8221;<\/strong><br \/>\nCOMMENTI: facile impostare i progetti di marketing e gestire i risultati.<br \/>\nPRO: tutto accessibile da un&#8217;unica area, facile da gestire<br \/>\nCONTRO: niente, tutto \u00e8 facile da usare e non crea problemi<\/p>\n","protected":false},"excerpt":{"rendered":"<p>Kartra \u00e8 un software per creare landing page sviluppato per aziende, freelancer e chiunque voglia costruire un sito con un alto tasso di conversione. Questa piattaforma online, flessibile e ottimizzata per i dispositivi mobile, ti offre la possibilit\u00e0 di scegliere tra\u00a0centinaia di modelli progettati da designer, pronti per essere personalizzati in base alle tue esigenze.<\/p>\n","protected":false},"author":17,"featured_media":59031,"parent":58467,"menu_order":0,"comment_status":"open","ping_status":"closed","template":"g1_template_page_review_new.php","meta":{"_acf_changed":false,"cwp_meta_box_check":"No","cwp_rev_product_name":"","cwp_rev_product_image":"","wppr_links":[],"cwp_rev_price":"","wppr_options":[],"wppr_pros":[],"wppr_cons":[],"_monsterinsights_skip_tracking":false,"_monsterinsights_sitenote_active":false,"_monsterinsights_sitenote_note":"","_monsterinsights_sitenote_category":0,"footnotes":""},"categories":[12754],"tags":[12810,12883,12778,12814,12776,12756,12812],"features":[],"class_list":{"0":"post-59030","1":"page","2":"type-page","3":"status-publish","4":"has-post-thumbnail","6":"category-software-per-creare-landing-page-cat","7":"tag-creazione-landing-page","8":"tag-kartra","9":"tag-landing-page","10":"tag-piattaforma-creazione-landing-page","11":"tag-programma-per-creare-landing-page","12":"tag-software-per-creare-landing-page","13":"tag-soluzione-creazione-landing-page"},"wppr_data":{"cwp_meta_box_check":"No"},"acf":[],"yoast_head":"<!-- This site is optimized with the Yoast SEO plugin v27.4 - https:\/\/yoast.com\/product\/yoast-seo-wordpress\/ -->\n<title>Kartra: recensione software creazione landing page - Accurate Reviews<\/title>\n<meta name=\"description\" content=\"Kartra: recensione del software per creare landing page sviluppato per aziende, freelancer e chiunque voglia costruire un sito.\" \/>\n<meta name=\"robots\" content=\"index, follow, max-snippet:-1, max-image-preview:large, max-video-preview:-1\" \/>\n<link rel=\"canonical\" href=\"https:\/\/www.accuratereviews.com\/it\/software-creare-landing-page\/kartra-recensione\/\" \/>\n<meta property=\"og:locale\" content=\"it_IT\" \/>\n<meta property=\"og:type\" content=\"article\" \/>\n<meta property=\"og:title\" content=\"Kartra: recensione software creazione landing page - Accurate Reviews\" \/>\n<meta property=\"og:description\" content=\"Kartra: recensione del software per creare landing page sviluppato per aziende, freelancer e chiunque voglia costruire un sito.\" \/>\n<meta property=\"og:url\" content=\"https:\/\/www.accuratereviews.com\/it\/software-creare-landing-page\/kartra-recensione\/\" \/>\n<meta property=\"og:site_name\" content=\"Accurate Reviews\" \/>\n<meta property=\"article:modified_time\" content=\"2022-06-23T13:08:01+00:00\" \/>\n<meta property=\"og:image\" content=\"https:\/\/www.accuratereviews.com\/wp-content\/uploads\/2022\/06\/kartra-logo-e1620815200113.png.webp\" \/>\n\t<meta property=\"og:image:width\" content=\"484\" \/>\n\t<meta property=\"og:image:height\" content=\"339\" \/>\n\t<meta property=\"og:image:type\" content=\"image\/webp\" \/>\n<meta name=\"twitter:card\" content=\"summary_large_image\" \/>\n<meta name=\"twitter:label1\" content=\"Tempo di lettura stimato\" \/>\n\t<meta name=\"twitter:data1\" content=\"3 minuti\" \/>\n<script type=\"application\/ld+json\" class=\"yoast-schema-graph\">{\"@context\":\"https:\\\/\\\/schema.org\",\"@graph\":[{\"@type\":\"WebPage\",\"@id\":\"https:\\\/\\\/www.accuratereviews.com\\\/it\\\/software-creare-landing-page\\\/kartra-recensione\\\/\",\"url\":\"https:\\\/\\\/www.accuratereviews.com\\\/it\\\/software-creare-landing-page\\\/kartra-recensione\\\/\",\"name\":\"Kartra: recensione software creazione landing page - Accurate Reviews\",\"isPartOf\":{\"@id\":\"https:\\\/\\\/www.accuratereviews.com\\\/it\\\/#website\"},\"primaryImageOfPage\":{\"@id\":\"https:\\\/\\\/www.accuratereviews.com\\\/it\\\/software-creare-landing-page\\\/kartra-recensione\\\/#primaryimage\"},\"image\":{\"@id\":\"https:\\\/\\\/www.accuratereviews.com\\\/it\\\/software-creare-landing-page\\\/kartra-recensione\\\/#primaryimage\"},\"thumbnailUrl\":\"https:\\\/\\\/www.accuratereviews.com\\\/wp-content\\\/uploads\\\/2022\\\/06\\\/kartra-logo-e1620815200113.png.webp\",\"datePublished\":\"2022-06-23T10:56:55+00:00\",\"dateModified\":\"2022-06-23T13:08:01+00:00\",\"description\":\"Kartra: recensione del software per creare landing page sviluppato per aziende, freelancer e chiunque voglia costruire un sito.\",\"breadcrumb\":{\"@id\":\"https:\\\/\\\/www.accuratereviews.com\\\/it\\\/software-creare-landing-page\\\/kartra-recensione\\\/#breadcrumb\"},\"inLanguage\":\"it-IT\",\"potentialAction\":[{\"@type\":\"ReadAction\",\"target\":[\"https:\\\/\\\/www.accuratereviews.com\\\/it\\\/software-creare-landing-page\\\/kartra-recensione\\\/\"]}]},{\"@type\":\"ImageObject\",\"inLanguage\":\"it-IT\",\"@id\":\"https:\\\/\\\/www.accuratereviews.com\\\/it\\\/software-creare-landing-page\\\/kartra-recensione\\\/#primaryimage\",\"url\":\"https:\\\/\\\/www.accuratereviews.com\\\/wp-content\\\/uploads\\\/2022\\\/06\\\/kartra-logo-e1620815200113.png.webp\",\"contentUrl\":\"https:\\\/\\\/www.accuratereviews.com\\\/wp-content\\\/uploads\\\/2022\\\/06\\\/kartra-logo-e1620815200113.png.webp\",\"width\":484,\"height\":339},{\"@type\":\"BreadcrumbList\",\"@id\":\"https:\\\/\\\/www.accuratereviews.com\\\/it\\\/software-creare-landing-page\\\/kartra-recensione\\\/#breadcrumb\",\"itemListElement\":[{\"@type\":\"ListItem\",\"position\":1,\"name\":\"Home\",\"item\":\"https:\\\/\\\/www.accuratereviews.com\\\/it\\\/\"},{\"@type\":\"ListItem\",\"position\":2,\"name\":\"Software per creare landing page\",\"item\":\"https:\\\/\\\/www.accuratereviews.com\\\/it\\\/software-creare-landing-page\\\/\"},{\"@type\":\"ListItem\",\"position\":3,\"name\":\"Kartra\"}]},{\"@type\":\"WebSite\",\"@id\":\"https:\\\/\\\/www.accuratereviews.com\\\/it\\\/#website\",\"url\":\"https:\\\/\\\/www.accuratereviews.com\\\/it\\\/\",\"name\":\"Accurate Reviews\",\"description\":\"\",\"potentialAction\":[{\"@type\":\"SearchAction\",\"target\":{\"@type\":\"EntryPoint\",\"urlTemplate\":\"https:\\\/\\\/www.accuratereviews.com\\\/it\\\/?s={search_term_string}\"},\"query-input\":{\"@type\":\"PropertyValueSpecification\",\"valueRequired\":true,\"valueName\":\"search_term_string\"}}],\"inLanguage\":\"it-IT\"}]}<\/script>\n<!-- \/ Yoast SEO plugin. -->","yoast_head_json":{"title":"Kartra: recensione software creazione landing page - Accurate Reviews","description":"Kartra: recensione del software per creare landing page sviluppato per aziende, freelancer e chiunque voglia costruire un sito.","robots":{"index":"index","follow":"follow","max-snippet":"max-snippet:-1","max-image-preview":"max-image-preview:large","max-video-preview":"max-video-preview:-1"},"canonical":"https:\/\/www.accuratereviews.com\/it\/software-creare-landing-page\/kartra-recensione\/","og_locale":"it_IT","og_type":"article","og_title":"Kartra: recensione software creazione landing page - Accurate Reviews","og_description":"Kartra: recensione del software per creare landing page sviluppato per aziende, freelancer e chiunque voglia costruire un sito.","og_url":"https:\/\/www.accuratereviews.com\/it\/software-creare-landing-page\/kartra-recensione\/","og_site_name":"Accurate Reviews","article_modified_time":"2022-06-23T13:08:01+00:00","og_image":[{"width":484,"height":339,"url":"https:\/\/www.accuratereviews.com\/wp-content\/uploads\/2022\/06\/kartra-logo-e1620815200113.png.webp","type":"image\/webp"}],"twitter_card":"summary_large_image","twitter_misc":{"Tempo di lettura stimato":"3 minuti"},"schema":{"@context":"https:\/\/schema.org","@graph":[{"@type":"WebPage","@id":"https:\/\/www.accuratereviews.com\/it\/software-creare-landing-page\/kartra-recensione\/","url":"https:\/\/www.accuratereviews.com\/it\/software-creare-landing-page\/kartra-recensione\/","name":"Kartra: recensione software creazione landing page - Accurate Reviews","isPartOf":{"@id":"https:\/\/www.accuratereviews.com\/it\/#website"},"primaryImageOfPage":{"@id":"https:\/\/www.accuratereviews.com\/it\/software-creare-landing-page\/kartra-recensione\/#primaryimage"},"image":{"@id":"https:\/\/www.accuratereviews.com\/it\/software-creare-landing-page\/kartra-recensione\/#primaryimage"},"thumbnailUrl":"https:\/\/www.accuratereviews.com\/wp-content\/uploads\/2022\/06\/kartra-logo-e1620815200113.png.webp","datePublished":"2022-06-23T10:56:55+00:00","dateModified":"2022-06-23T13:08:01+00:00","description":"Kartra: recensione del software per creare landing page sviluppato per aziende, freelancer e chiunque voglia costruire un sito.","breadcrumb":{"@id":"https:\/\/www.accuratereviews.com\/it\/software-creare-landing-page\/kartra-recensione\/#breadcrumb"},"inLanguage":"it-IT","potentialAction":[{"@type":"ReadAction","target":["https:\/\/www.accuratereviews.com\/it\/software-creare-landing-page\/kartra-recensione\/"]}]},{"@type":"ImageObject","inLanguage":"it-IT","@id":"https:\/\/www.accuratereviews.com\/it\/software-creare-landing-page\/kartra-recensione\/#primaryimage","url":"https:\/\/www.accuratereviews.com\/wp-content\/uploads\/2022\/06\/kartra-logo-e1620815200113.png.webp","contentUrl":"https:\/\/www.accuratereviews.com\/wp-content\/uploads\/2022\/06\/kartra-logo-e1620815200113.png.webp","width":484,"height":339},{"@type":"BreadcrumbList","@id":"https:\/\/www.accuratereviews.com\/it\/software-creare-landing-page\/kartra-recensione\/#breadcrumb","itemListElement":[{"@type":"ListItem","position":1,"name":"Home","item":"https:\/\/www.accuratereviews.com\/it\/"},{"@type":"ListItem","position":2,"name":"Software per creare landing page","item":"https:\/\/www.accuratereviews.com\/it\/software-creare-landing-page\/"},{"@type":"ListItem","position":3,"name":"Kartra"}]},{"@type":"WebSite","@id":"https:\/\/www.accuratereviews.com\/it\/#website","url":"https:\/\/www.accuratereviews.com\/it\/","name":"Accurate Reviews","description":"","potentialAction":[{"@type":"SearchAction","target":{"@type":"EntryPoint","urlTemplate":"https:\/\/www.accuratereviews.com\/it\/?s={search_term_string}"},"query-input":{"@type":"PropertyValueSpecification","valueRequired":true,"valueName":"search_term_string"}}],"inLanguage":"it-IT"}]}},"_links":{"self":[{"href":"https:\/\/www.accuratereviews.com\/it\/wp-json\/wp\/v2\/pages\/59030","targetHints":{"allow":["GET"]}}],"collection":[{"href":"https:\/\/www.accuratereviews.com\/it\/wp-json\/wp\/v2\/pages"}],"about":[{"href":"https:\/\/www.accuratereviews.com\/it\/wp-json\/wp\/v2\/types\/page"}],"author":[{"embeddable":true,"href":"https:\/\/www.accuratereviews.com\/it\/wp-json\/wp\/v2\/users\/17"}],"replies":[{"embeddable":true,"href":"https:\/\/www.accuratereviews.com\/it\/wp-json\/wp\/v2\/comments?post=59030"}],"version-history":[{"count":6,"href":"https:\/\/www.accuratereviews.com\/it\/wp-json\/wp\/v2\/pages\/59030\/revisions"}],"predecessor-version":[{"id":59049,"href":"https:\/\/www.accuratereviews.com\/it\/wp-json\/wp\/v2\/pages\/59030\/revisions\/59049"}],"up":[{"embeddable":true,"href":"https:\/\/www.accuratereviews.com\/it\/wp-json\/wp\/v2\/pages\/58467"}],"wp:featuredmedia":[{"embeddable":true,"href":"https:\/\/www.accuratereviews.com\/it\/wp-json\/wp\/v2\/media\/59031"}],"wp:attachment":[{"href":"https:\/\/www.accuratereviews.com\/it\/wp-json\/wp\/v2\/media?parent=59030"}],"wp:term":[{"taxonomy":"category","embeddable":true,"href":"https:\/\/www.accuratereviews.com\/it\/wp-json\/wp\/v2\/categories?post=59030"},{"taxonomy":"post_tag","embeddable":true,"href":"https:\/\/www.accuratereviews.com\/it\/wp-json\/wp\/v2\/tags?post=59030"},{"taxonomy":"features","embeddable":true,"href":"https:\/\/www.accuratereviews.com\/it\/wp-json\/wp\/v2\/features?post=59030"}],"curies":[{"name":"wp","href":"https:\/\/api.w.org\/{rel}","templated":true}]}}