{"id":5904,"date":"2016-04-28T07:54:20","date_gmt":"2016-04-28T07:54:20","guid":{"rendered":"http:\/\/www.accuratereviews.com\/it\/pdf-migliori-software-lista\/okular\/"},"modified":"2016-11-16T10:45:01","modified_gmt":"2016-11-16T10:45:01","slug":"okular","status":"publish","type":"page","link":"https:\/\/www.accuratereviews.com\/it\/pdf-migliori-software-lista\/okular\/","title":{"rendered":"Okular"},"content":{"rendered":"<p><a href=\"http:\/\/www.accuratereviews.com\/wp-content\/uploads\/2016\/04\/Okular.png\" rel=\"attachment wp-att-4238\"><img loading=\"lazy\" decoding=\"async\" class=\"aligncenter size-full wp-image-4238\" src=\"http:\/\/www.accuratereviews.com\/wp-content\/uploads\/2016\/04\/Okular.png\" alt=\"Okular\" width=\"1025\" height=\"813\" srcset=\"https:\/\/www.accuratereviews.com\/wp-content\/uploads\/2016\/04\/Okular.png 1025w, https:\/\/www.accuratereviews.com\/wp-content\/uploads\/2016\/04\/Okular-300x238.png 300w, https:\/\/www.accuratereviews.com\/wp-content\/uploads\/2016\/04\/Okular-768x609.png 768w, https:\/\/www.accuratereviews.com\/wp-content\/uploads\/2016\/04\/Okular-1024x812.png 1024w, https:\/\/www.accuratereviews.com\/wp-content\/uploads\/2016\/04\/Okular-158x125.png 158w, https:\/\/www.accuratereviews.com\/wp-content\/uploads\/2016\/04\/Okular-50x40.png 50w, https:\/\/www.accuratereviews.com\/wp-content\/uploads\/2016\/04\/Okular-968x768.png 968w, https:\/\/www.accuratereviews.com\/wp-content\/uploads\/2016\/04\/Okular-636x504.png 636w, https:\/\/www.accuratereviews.com\/wp-content\/uploads\/2016\/04\/Okular-320x254.png 320w, https:\/\/www.accuratereviews.com\/wp-content\/uploads\/2016\/04\/Okular-239x190.png 239w\" sizes=\"auto, (max-width: 1025px) 100vw, 1025px\" \/><\/a><\/p>\n<p>Okular \u00e8 un software universale per la lettura di documenti digitali sviluppato dalla comunit\u00e0 KDE. \u00c8 <strong>un lettore digitale multipiattaforma e funziona su Windows, macOS, Linux e mobile<\/strong>. Con questo software versatile potrete aprire file in formati come PDF, DjVu, CHM, XPS, ePub, Postscript, DVI, TIFF, ODF, Mobipocket e anche file immagine, come JPG. Tenete presente che Okular rispetta i DRM dei file che possedete, impedendo di stampare, copiare o convertire i PDF protetti: \u00e8 un\u2019opzione che si pu\u00f2 disabilitare nelle impostazioni del software.<\/p>\n<p>Per maggiori informazioni vi rimandiamo <a href=\"https:\/\/www.accuratereviews.com\/pdf-reader-software-software-reviews-list\/okular\/\" title=\"alla nostra recensione approfondita\">alla nostra recensione approfondita<\/a> in inglese.<\/p>\n","protected":false},"excerpt":{"rendered":"<p>Okular \u00e8 un software universale per la lettura di documenti digitali sviluppato dalla comunit\u00e0 KDE. \u00c8 un lettore digitale multipiattaforma e funziona su Windows, macOS, Linux e mobile.<\/p>\n","protected":false},"author":16,"featured_media":0,"parent":5876,"menu_order":4,"comment_status":"open","ping_status":"closed","template":"g1_template_page_review_new.php","meta":{"_acf_changed":false,"cwp_meta_box_check":"Yes","cwp_rev_product_name":"","cwp_rev_product_image":"","wppr_links":[],"cwp_rev_price":"","wppr_options":[],"wppr_pros":[],"wppr_cons":[],"_monsterinsights_skip_tracking":false,"_monsterinsights_sitenote_active":false,"_monsterinsights_sitenote_note":"","_monsterinsights_sitenote_category":0,"footnotes":""},"categories":[118],"tags":[],"features":[],"class_list":{"0":"post-5904","1":"page","2":"type-page","3":"status-publish","5":"category-pdf-reader-software-it"},"wppr_data":{"cwp_meta_box_check":"Yes","cwp_rev_product_name":"","cwp_rev_product_image":"","cwp_image_link":"image","cwp_rev_price":"","wppr_rating":"0.00"},"acf":[],"yoast_head":"<!-- This site is optimized with the Yoast SEO plugin v27.4 - https:\/\/yoast.com\/product\/yoast-seo-wordpress\/ -->\n<title>Okular recensione miglior software per PDF | Accurate Reviews<\/title>\n<meta name=\"description\" content=\"Okular \u00e8 un software di la lettura di documenti digitali sviluppato dalla comunit\u00e0 KDE, multipiattaforma, funziona su Windows, macOS, Linux e mobile.\" \/>\n<meta name=\"robots\" content=\"index, follow, max-snippet:-1, max-image-preview:large, max-video-preview:-1\" \/>\n<link rel=\"canonical\" href=\"https:\/\/www.accuratereviews.com\/it\/pdf-migliori-software-lista\/okular\/\" \/>\n<meta property=\"og:locale\" content=\"it_IT\" \/>\n<meta property=\"og:type\" content=\"article\" \/>\n<meta property=\"og:title\" content=\"Okular recensione miglior software per PDF | Accurate Reviews\" \/>\n<meta property=\"og:description\" content=\"Okular \u00e8 un software di la lettura di documenti digitali sviluppato dalla comunit\u00e0 KDE, multipiattaforma, funziona su Windows, macOS, Linux e mobile.\" \/>\n<meta property=\"og:url\" content=\"https:\/\/www.accuratereviews.com\/it\/pdf-migliori-software-lista\/okular\/\" \/>\n<meta property=\"og:site_name\" content=\"Accurate Reviews\" \/>\n<meta property=\"article:modified_time\" content=\"2016-11-16T10:45:01+00:00\" \/>\n<meta property=\"og:image\" content=\"http:\/\/www.accuratereviews.com\/wp-content\/uploads\/2016\/04\/Okular.png\" \/>\n<meta name=\"twitter:card\" content=\"summary_large_image\" \/>\n<script type=\"application\/ld+json\" class=\"yoast-schema-graph\">{\"@context\":\"https:\\\/\\\/schema.org\",\"@graph\":[{\"@type\":\"WebPage\",\"@id\":\"https:\\\/\\\/www.accuratereviews.com\\\/it\\\/pdf-migliori-software-lista\\\/okular\\\/\",\"url\":\"https:\\\/\\\/www.accuratereviews.com\\\/it\\\/pdf-migliori-software-lista\\\/okular\\\/\",\"name\":\"Okular recensione miglior software per PDF | Accurate Reviews\",\"isPartOf\":{\"@id\":\"https:\\\/\\\/www.accuratereviews.com\\\/it\\\/#website\"},\"primaryImageOfPage\":{\"@id\":\"https:\\\/\\\/www.accuratereviews.com\\\/it\\\/pdf-migliori-software-lista\\\/okular\\\/#primaryimage\"},\"image\":{\"@id\":\"https:\\\/\\\/www.accuratereviews.com\\\/it\\\/pdf-migliori-software-lista\\\/okular\\\/#primaryimage\"},\"thumbnailUrl\":\"http:\\\/\\\/www.accuratereviews.com\\\/wp-content\\\/uploads\\\/2016\\\/04\\\/Okular.png\",\"datePublished\":\"2016-04-28T07:54:20+00:00\",\"dateModified\":\"2016-11-16T10:45:01+00:00\",\"description\":\"Okular \u00e8 un software di la lettura di documenti digitali sviluppato dalla comunit\u00e0 KDE, multipiattaforma, funziona su Windows, macOS, Linux e mobile.\",\"breadcrumb\":{\"@id\":\"https:\\\/\\\/www.accuratereviews.com\\\/it\\\/pdf-migliori-software-lista\\\/okular\\\/#breadcrumb\"},\"inLanguage\":\"it-IT\",\"potentialAction\":[{\"@type\":\"ReadAction\",\"target\":[\"https:\\\/\\\/www.accuratereviews.com\\\/it\\\/pdf-migliori-software-lista\\\/okular\\\/\"]}]},{\"@type\":\"ImageObject\",\"inLanguage\":\"it-IT\",\"@id\":\"https:\\\/\\\/www.accuratereviews.com\\\/it\\\/pdf-migliori-software-lista\\\/okular\\\/#primaryimage\",\"url\":\"http:\\\/\\\/www.accuratereviews.com\\\/wp-content\\\/uploads\\\/2016\\\/04\\\/Okular.png\",\"contentUrl\":\"http:\\\/\\\/www.accuratereviews.com\\\/wp-content\\\/uploads\\\/2016\\\/04\\\/Okular.png\"},{\"@type\":\"BreadcrumbList\",\"@id\":\"https:\\\/\\\/www.accuratereviews.com\\\/it\\\/pdf-migliori-software-lista\\\/okular\\\/#breadcrumb\",\"itemListElement\":[{\"@type\":\"ListItem\",\"position\":1,\"name\":\"Home\",\"item\":\"https:\\\/\\\/www.accuratereviews.com\\\/it\\\/\"},{\"@type\":\"ListItem\",\"position\":2,\"name\":\"PDF: I migliori software\",\"item\":\"https:\\\/\\\/www.accuratereviews.com\\\/it\\\/pdf-migliori-software-lista\\\/\"},{\"@type\":\"ListItem\",\"position\":3,\"name\":\"Okular\"}]},{\"@type\":\"WebSite\",\"@id\":\"https:\\\/\\\/www.accuratereviews.com\\\/it\\\/#website\",\"url\":\"https:\\\/\\\/www.accuratereviews.com\\\/it\\\/\",\"name\":\"Accurate Reviews\",\"description\":\"\",\"potentialAction\":[{\"@type\":\"SearchAction\",\"target\":{\"@type\":\"EntryPoint\",\"urlTemplate\":\"https:\\\/\\\/www.accuratereviews.com\\\/it\\\/?s={search_term_string}\"},\"query-input\":{\"@type\":\"PropertyValueSpecification\",\"valueRequired\":true,\"valueName\":\"search_term_string\"}}],\"inLanguage\":\"it-IT\"}]}<\/script>\n<!-- \/ Yoast SEO plugin. -->","yoast_head_json":{"title":"Okular recensione miglior software per PDF | Accurate Reviews","description":"Okular \u00e8 un software di la lettura di documenti digitali sviluppato dalla comunit\u00e0 KDE, multipiattaforma, funziona su Windows, macOS, Linux e mobile.","robots":{"index":"index","follow":"follow","max-snippet":"max-snippet:-1","max-image-preview":"max-image-preview:large","max-video-preview":"max-video-preview:-1"},"canonical":"https:\/\/www.accuratereviews.com\/it\/pdf-migliori-software-lista\/okular\/","og_locale":"it_IT","og_type":"article","og_title":"Okular recensione miglior software per PDF | Accurate Reviews","og_description":"Okular \u00e8 un software di la lettura di documenti digitali sviluppato dalla comunit\u00e0 KDE, multipiattaforma, funziona su Windows, macOS, Linux e mobile.","og_url":"https:\/\/www.accuratereviews.com\/it\/pdf-migliori-software-lista\/okular\/","og_site_name":"Accurate Reviews","article_modified_time":"2016-11-16T10:45:01+00:00","og_image":[{"url":"http:\/\/www.accuratereviews.com\/wp-content\/uploads\/2016\/04\/Okular.png","type":"","width":"","height":""}],"twitter_card":"summary_large_image","schema":{"@context":"https:\/\/schema.org","@graph":[{"@type":"WebPage","@id":"https:\/\/www.accuratereviews.com\/it\/pdf-migliori-software-lista\/okular\/","url":"https:\/\/www.accuratereviews.com\/it\/pdf-migliori-software-lista\/okular\/","name":"Okular recensione miglior software per PDF | Accurate Reviews","isPartOf":{"@id":"https:\/\/www.accuratereviews.com\/it\/#website"},"primaryImageOfPage":{"@id":"https:\/\/www.accuratereviews.com\/it\/pdf-migliori-software-lista\/okular\/#primaryimage"},"image":{"@id":"https:\/\/www.accuratereviews.com\/it\/pdf-migliori-software-lista\/okular\/#primaryimage"},"thumbnailUrl":"http:\/\/www.accuratereviews.com\/wp-content\/uploads\/2016\/04\/Okular.png","datePublished":"2016-04-28T07:54:20+00:00","dateModified":"2016-11-16T10:45:01+00:00","description":"Okular \u00e8 un software di la lettura di documenti digitali sviluppato dalla comunit\u00e0 KDE, multipiattaforma, funziona su Windows, macOS, Linux e mobile.","breadcrumb":{"@id":"https:\/\/www.accuratereviews.com\/it\/pdf-migliori-software-lista\/okular\/#breadcrumb"},"inLanguage":"it-IT","potentialAction":[{"@type":"ReadAction","target":["https:\/\/www.accuratereviews.com\/it\/pdf-migliori-software-lista\/okular\/"]}]},{"@type":"ImageObject","inLanguage":"it-IT","@id":"https:\/\/www.accuratereviews.com\/it\/pdf-migliori-software-lista\/okular\/#primaryimage","url":"http:\/\/www.accuratereviews.com\/wp-content\/uploads\/2016\/04\/Okular.png","contentUrl":"http:\/\/www.accuratereviews.com\/wp-content\/uploads\/2016\/04\/Okular.png"},{"@type":"BreadcrumbList","@id":"https:\/\/www.accuratereviews.com\/it\/pdf-migliori-software-lista\/okular\/#breadcrumb","itemListElement":[{"@type":"ListItem","position":1,"name":"Home","item":"https:\/\/www.accuratereviews.com\/it\/"},{"@type":"ListItem","position":2,"name":"PDF: I migliori software","item":"https:\/\/www.accuratereviews.com\/it\/pdf-migliori-software-lista\/"},{"@type":"ListItem","position":3,"name":"Okular"}]},{"@type":"WebSite","@id":"https:\/\/www.accuratereviews.com\/it\/#website","url":"https:\/\/www.accuratereviews.com\/it\/","name":"Accurate Reviews","description":"","potentialAction":[{"@type":"SearchAction","target":{"@type":"EntryPoint","urlTemplate":"https:\/\/www.accuratereviews.com\/it\/?s={search_term_string}"},"query-input":{"@type":"PropertyValueSpecification","valueRequired":true,"valueName":"search_term_string"}}],"inLanguage":"it-IT"}]}},"_links":{"self":[{"href":"https:\/\/www.accuratereviews.com\/it\/wp-json\/wp\/v2\/pages\/5904","targetHints":{"allow":["GET"]}}],"collection":[{"href":"https:\/\/www.accuratereviews.com\/it\/wp-json\/wp\/v2\/pages"}],"about":[{"href":"https:\/\/www.accuratereviews.com\/it\/wp-json\/wp\/v2\/types\/page"}],"author":[{"embeddable":true,"href":"https:\/\/www.accuratereviews.com\/it\/wp-json\/wp\/v2\/users\/16"}],"replies":[{"embeddable":true,"href":"https:\/\/www.accuratereviews.com\/it\/wp-json\/wp\/v2\/comments?post=5904"}],"version-history":[{"count":4,"href":"https:\/\/www.accuratereviews.com\/it\/wp-json\/wp\/v2\/pages\/5904\/revisions"}],"predecessor-version":[{"id":6399,"href":"https:\/\/www.accuratereviews.com\/it\/wp-json\/wp\/v2\/pages\/5904\/revisions\/6399"}],"up":[{"embeddable":true,"href":"https:\/\/www.accuratereviews.com\/it\/wp-json\/wp\/v2\/pages\/5876"}],"wp:attachment":[{"href":"https:\/\/www.accuratereviews.com\/it\/wp-json\/wp\/v2\/media?parent=5904"}],"wp:term":[{"taxonomy":"category","embeddable":true,"href":"https:\/\/www.accuratereviews.com\/it\/wp-json\/wp\/v2\/categories?post=5904"},{"taxonomy":"post_tag","embeddable":true,"href":"https:\/\/www.accuratereviews.com\/it\/wp-json\/wp\/v2\/tags?post=5904"},{"taxonomy":"features","embeddable":true,"href":"https:\/\/www.accuratereviews.com\/it\/wp-json\/wp\/v2\/features?post=5904"}],"curies":[{"name":"wp","href":"https:\/\/api.w.org\/{rel}","templated":true}]}}