{"id":59093,"date":"2022-06-27T11:42:55","date_gmt":"2022-06-27T11:42:55","guid":{"rendered":"https:\/\/www.accuratereviews.com\/?page_id=59093"},"modified":"2022-06-27T15:20:36","modified_gmt":"2022-06-27T15:20:36","slug":"kajabi-recensione","status":"publish","type":"page","link":"https:\/\/www.accuratereviews.com\/it\/software-creare-landing-page\/kajabi-recensione\/","title":{"rendered":"Kajabi"},"content":{"rendered":"<p><strong>Kajabi<\/strong> \u00e8 un <strong>software per creare landing page<\/strong> che ti permette di scegliere un tema, personalizzarlo a tuo piacimento e pubblicarlo per generare pi\u00f9 lead e aumentare le vendite. La struttura della pagina \u00e8 gi\u00e0 pronta: tutto quello che dovrai fare \u00e8 personalizzarla regolandone ogni elemento per renderla esattamente quello che vuoi.<br \/>\nOltre ad essere un <strong>creatore di landing page<\/strong>, <strong>Kajabi<\/strong> permette anche di creare moltissimi tipi di contenuto come i podcast, i programmi di coaching, i corsi online e altro ancora.<\/p>\n<h2>KAJABI &#8211; TUTORIAL<\/h2>\n<div id=\"fluid-wrapper-counter-1\" class=\"g1-fluid-wrapper \" style=\"width:686px;\"><div style=\"padding-bottom:56.268221574344%;\"><iframe loading=\"lazy\" title=\"How to create LANDING PAGES in KAJABI in 20 MINUTES flat\" width=\"686\" height=\"386\" src=\"https:\/\/www.youtube.com\/embed\/fLmm2I-naq4?feature=oembed&amp;wmode=transparent&amp;autohide=1&amp;autoplay=0&amp;disablekb=0&amp;fs=1&amp;loop=0&amp;enablejsapi=1&amp;rel=0&amp;controls=2&amp;showinfo=0&amp;wmode=transparent&amp;autohide=2&amp;autoplay=0&amp;disablekb=0&amp;fs=1&amp;loop=0&amp;enablejsapi=1&amp;rel=0&amp;controls=2&amp;showinfo=1\" frameborder=\"0\" allow=\"accelerometer; autoplay; clipboard-write; encrypted-media; gyroscope; picture-in-picture\" allowfullscreen><\/iframe><\/div><\/div>\n<h3>KAJABI &#8211; CARATTERISTICHE<\/h3>\n<ul>\n<li><strong>Prodotti<\/strong>: trasforma i tuoi contenuti in un corso online, in un abbonamento o in qualsiasi altro prodotto digitale che possiate immaginare<\/li>\n<li><strong>Siti web<\/strong>: crea un sito web completamente integrato su Kajabi che collega tutto ci\u00f2 che riguarda la tua attivit\u00e0 in un unico luogo<\/li>\n<li><strong>Pagamenti<\/strong>: l&#8217;integrazione semplice e perfetta con Stripe e PayPal ti permette di essere pagato pi\u00f9 facilmente e pi\u00f9 velocemente<\/li>\n<li><strong>Email<\/strong>: l&#8217;editor visuale di Kajabi ti permette di creare e personalizzare bellissime email che integrano video, timer per il conto alla rovescia e molto altro<\/li>\n<li><strong>Pagine<\/strong>: crea landing page dinamiche senza bisogno di un designer. Scegli un tema, personalizzalo e pubblicalo senza preoccuparti della tecnologia<\/li>\n<li><strong>Pipeline<\/strong>: ottimizza e scala il tuo business con le campagne e i funnel di marketing completamente automatizzati di Kajabi<\/li>\n<li><strong>Analisi<\/strong>: i dati da soli non bastano per far crescere il tuo business. Kajabi ti fornisce le metriche giuste, organizza in report che utilizzerai davvero<\/li>\n<li><strong>Persone<\/strong>: etichetta le persone in base al loro comportamento e utilizzale nel marketing, nelle automazioni e nei prodotti<\/li>\n<li><strong>Mobile<\/strong>: dai ai tuoi clienti in movimento l&#8217;accesso ai tuoi prodotti nell&#8217;app mobile di Kajabi.<\/li>\n<\/ul>\n<h4>LE RECENSIONI DEGLI UTENTI<\/h4>\n<p><strong>Tiarra M. &#8220;Recensione di Kajabi di Tiarra&#8221;<\/strong><br \/>\nCOMMENTI: nel complesso adoro Kajabi. \u00c8 un po&#8217; costoso ma \u00e8 letteralmente una piattaforma all in one.<br \/>\nPRO: adoro la facilit\u00e0 d&#8217;uso! Mi piace il fatto che i membri possano accedere a tutti i contenuti su un&#8217;app. Nessuna spesa per le transazioni<br \/>\nCONTRO: questo software \u00e8 molto costoso. Non permettono di estendere le prove per imparare il prodotto prima di venderlo.<\/p>\n<p><strong>Jean Carlos G. &#8220;Kajabi \u00e8 stata una buona soluzione per unificare la nostra piattaforma di marketing&#8221;<\/strong><br \/>\nPRO: l&#8217;implementazione e la migrazione a Kajabi sono state molto semplici e ci hanno permesso di mettere rapidamente in vendita i nostri corsi e di integrare i nostri team di diversi Paesi.<br \/>\nCONTRO: ci sono alcune limitazioni per quanto riguarda la reportistica, soprattutto per quanto riguarda l&#8217;email marketing.<\/p>\n<p><strong>Michael B. &#8220;Buon prodotto e persone, ma non \u00e8 facile costruirci sopra&#8221;<\/strong><br \/>\nCOMMENTI: ero cos\u00ec ottimista. E&#8217; ottimo per chi sa gi\u00e0 fare design e costruire landing page.<br \/>\nPRO: se siete in grado di &#8220;costruire&#8221; su Kajabi, potreste essere a posto per tutta la vita, dato che potete fare tutto ci\u00f2 che serve all&#8217;interno per costruire corsi online.<br \/>\nCONTRO: la pagina di checkout. Inoltre non sono riuscito a dare al mio sito un aspetto gradevole. \u00c8 pi\u00f9 difficile costruire pagine di quanto si pensi finch\u00e9 non ci si prova.<\/p>\n","protected":false},"excerpt":{"rendered":"<p>Kajabi \u00e8 un software per creare landing page che ti permette di scegliere un tema, personalizzarlo a tuo piacimento e pubblicarlo per generare pi\u00f9 lead e aumentare le vendite. La struttura della pagina \u00e8 gi\u00e0 pronta: tutto quello che dovrai fare \u00e8 personalizzarla regolandone ogni elemento per renderla esattamente quello che volete.<\/p>\n","protected":false},"author":17,"featured_media":59094,"parent":58467,"menu_order":0,"comment_status":"open","ping_status":"closed","template":"g1_template_page_review_new.php","meta":{"_acf_changed":false,"cwp_meta_box_check":"No","cwp_rev_product_name":"","cwp_rev_product_image":"","wppr_links":[],"cwp_rev_price":"","wppr_options":[],"wppr_pros":[],"wppr_cons":[],"_monsterinsights_skip_tracking":false,"_monsterinsights_sitenote_active":false,"_monsterinsights_sitenote_note":"","_monsterinsights_sitenote_category":0,"footnotes":""},"categories":[12754],"tags":[12760,12777,12814,12813,12811,12812],"features":[],"class_list":{"0":"post-59093","1":"page","2":"type-page","3":"status-publish","4":"has-post-thumbnail","6":"category-software-per-creare-landing-page-cat","7":"tag-app-per-creare-landing-page","8":"tag-creare-landing-page","9":"tag-piattaforma-creazione-landing-page","10":"tag-programma-creazione-landing-page","11":"tag-software-creazione-landing-page","12":"tag-soluzione-creazione-landing-page"},"wppr_data":{"cwp_meta_box_check":"No"},"acf":[],"yoast_head":"<!-- This site is optimized with the Yoast SEO plugin v27.4 - https:\/\/yoast.com\/product\/yoast-seo-wordpress\/ -->\n<title>Kajabi: recensione software creazione landing page - Accurate Reviews<\/title>\n<meta name=\"description\" content=\"Kajabi: recensione del software per creare landing page che ti permette di scegliere un tema e personalizzarlo a tuo piacimento.\" \/>\n<meta name=\"robots\" content=\"index, follow, max-snippet:-1, max-image-preview:large, max-video-preview:-1\" \/>\n<link rel=\"canonical\" href=\"https:\/\/www.accuratereviews.com\/it\/software-creare-landing-page\/kajabi-recensione\/\" \/>\n<meta property=\"og:locale\" content=\"it_IT\" \/>\n<meta property=\"og:type\" content=\"article\" \/>\n<meta property=\"og:title\" content=\"Kajabi: recensione software creazione landing page - Accurate Reviews\" \/>\n<meta property=\"og:description\" content=\"Kajabi: recensione del software per creare landing page che ti permette di scegliere un tema e personalizzarlo a tuo piacimento.\" \/>\n<meta property=\"og:url\" content=\"https:\/\/www.accuratereviews.com\/it\/software-creare-landing-page\/kajabi-recensione\/\" \/>\n<meta property=\"og:site_name\" content=\"Accurate Reviews\" \/>\n<meta property=\"article:modified_time\" content=\"2022-06-27T15:20:36+00:00\" \/>\n<meta property=\"og:image\" content=\"https:\/\/www.accuratereviews.com\/wp-content\/uploads\/2022\/06\/2560px-Official-Kajabi-Logo.jpg\" \/>\n\t<meta property=\"og:image:width\" content=\"2558\" \/>\n\t<meta property=\"og:image:height\" content=\"988\" \/>\n\t<meta property=\"og:image:type\" content=\"image\/jpeg\" \/>\n<meta name=\"twitter:card\" content=\"summary_large_image\" \/>\n<meta name=\"twitter:label1\" content=\"Tempo di lettura stimato\" \/>\n\t<meta name=\"twitter:data1\" content=\"3 minuti\" \/>\n<script type=\"application\/ld+json\" class=\"yoast-schema-graph\">{\"@context\":\"https:\\\/\\\/schema.org\",\"@graph\":[{\"@type\":\"WebPage\",\"@id\":\"https:\\\/\\\/www.accuratereviews.com\\\/it\\\/software-creare-landing-page\\\/kajabi-recensione\\\/\",\"url\":\"https:\\\/\\\/www.accuratereviews.com\\\/it\\\/software-creare-landing-page\\\/kajabi-recensione\\\/\",\"name\":\"Kajabi: recensione software creazione landing page - Accurate Reviews\",\"isPartOf\":{\"@id\":\"https:\\\/\\\/www.accuratereviews.com\\\/it\\\/#website\"},\"primaryImageOfPage\":{\"@id\":\"https:\\\/\\\/www.accuratereviews.com\\\/it\\\/software-creare-landing-page\\\/kajabi-recensione\\\/#primaryimage\"},\"image\":{\"@id\":\"https:\\\/\\\/www.accuratereviews.com\\\/it\\\/software-creare-landing-page\\\/kajabi-recensione\\\/#primaryimage\"},\"thumbnailUrl\":\"https:\\\/\\\/www.accuratereviews.com\\\/wp-content\\\/uploads\\\/2022\\\/06\\\/2560px-Official-Kajabi-Logo.jpg\",\"datePublished\":\"2022-06-27T11:42:55+00:00\",\"dateModified\":\"2022-06-27T15:20:36+00:00\",\"description\":\"Kajabi: recensione del software per creare landing page che ti permette di scegliere un tema e personalizzarlo a tuo piacimento.\",\"breadcrumb\":{\"@id\":\"https:\\\/\\\/www.accuratereviews.com\\\/it\\\/software-creare-landing-page\\\/kajabi-recensione\\\/#breadcrumb\"},\"inLanguage\":\"it-IT\",\"potentialAction\":[{\"@type\":\"ReadAction\",\"target\":[\"https:\\\/\\\/www.accuratereviews.com\\\/it\\\/software-creare-landing-page\\\/kajabi-recensione\\\/\"]}]},{\"@type\":\"ImageObject\",\"inLanguage\":\"it-IT\",\"@id\":\"https:\\\/\\\/www.accuratereviews.com\\\/it\\\/software-creare-landing-page\\\/kajabi-recensione\\\/#primaryimage\",\"url\":\"https:\\\/\\\/www.accuratereviews.com\\\/wp-content\\\/uploads\\\/2022\\\/06\\\/2560px-Official-Kajabi-Logo.jpg\",\"contentUrl\":\"https:\\\/\\\/www.accuratereviews.com\\\/wp-content\\\/uploads\\\/2022\\\/06\\\/2560px-Official-Kajabi-Logo.jpg\",\"width\":2558,\"height\":988},{\"@type\":\"BreadcrumbList\",\"@id\":\"https:\\\/\\\/www.accuratereviews.com\\\/it\\\/software-creare-landing-page\\\/kajabi-recensione\\\/#breadcrumb\",\"itemListElement\":[{\"@type\":\"ListItem\",\"position\":1,\"name\":\"Home\",\"item\":\"https:\\\/\\\/www.accuratereviews.com\\\/it\\\/\"},{\"@type\":\"ListItem\",\"position\":2,\"name\":\"Software per creare landing page\",\"item\":\"https:\\\/\\\/www.accuratereviews.com\\\/it\\\/software-creare-landing-page\\\/\"},{\"@type\":\"ListItem\",\"position\":3,\"name\":\"Kajabi\"}]},{\"@type\":\"WebSite\",\"@id\":\"https:\\\/\\\/www.accuratereviews.com\\\/it\\\/#website\",\"url\":\"https:\\\/\\\/www.accuratereviews.com\\\/it\\\/\",\"name\":\"Accurate Reviews\",\"description\":\"\",\"potentialAction\":[{\"@type\":\"SearchAction\",\"target\":{\"@type\":\"EntryPoint\",\"urlTemplate\":\"https:\\\/\\\/www.accuratereviews.com\\\/it\\\/?s={search_term_string}\"},\"query-input\":{\"@type\":\"PropertyValueSpecification\",\"valueRequired\":true,\"valueName\":\"search_term_string\"}}],\"inLanguage\":\"it-IT\"}]}<\/script>\n<!-- \/ Yoast SEO plugin. -->","yoast_head_json":{"title":"Kajabi: recensione software creazione landing page - Accurate Reviews","description":"Kajabi: recensione del software per creare landing page che ti permette di scegliere un tema e personalizzarlo a tuo piacimento.","robots":{"index":"index","follow":"follow","max-snippet":"max-snippet:-1","max-image-preview":"max-image-preview:large","max-video-preview":"max-video-preview:-1"},"canonical":"https:\/\/www.accuratereviews.com\/it\/software-creare-landing-page\/kajabi-recensione\/","og_locale":"it_IT","og_type":"article","og_title":"Kajabi: recensione software creazione landing page - Accurate Reviews","og_description":"Kajabi: recensione del software per creare landing page che ti permette di scegliere un tema e personalizzarlo a tuo piacimento.","og_url":"https:\/\/www.accuratereviews.com\/it\/software-creare-landing-page\/kajabi-recensione\/","og_site_name":"Accurate Reviews","article_modified_time":"2022-06-27T15:20:36+00:00","og_image":[{"width":2558,"height":988,"url":"https:\/\/www.accuratereviews.com\/wp-content\/uploads\/2022\/06\/2560px-Official-Kajabi-Logo.jpg","type":"image\/jpeg"}],"twitter_card":"summary_large_image","twitter_misc":{"Tempo di lettura stimato":"3 minuti"},"schema":{"@context":"https:\/\/schema.org","@graph":[{"@type":"WebPage","@id":"https:\/\/www.accuratereviews.com\/it\/software-creare-landing-page\/kajabi-recensione\/","url":"https:\/\/www.accuratereviews.com\/it\/software-creare-landing-page\/kajabi-recensione\/","name":"Kajabi: recensione software creazione landing page - Accurate Reviews","isPartOf":{"@id":"https:\/\/www.accuratereviews.com\/it\/#website"},"primaryImageOfPage":{"@id":"https:\/\/www.accuratereviews.com\/it\/software-creare-landing-page\/kajabi-recensione\/#primaryimage"},"image":{"@id":"https:\/\/www.accuratereviews.com\/it\/software-creare-landing-page\/kajabi-recensione\/#primaryimage"},"thumbnailUrl":"https:\/\/www.accuratereviews.com\/wp-content\/uploads\/2022\/06\/2560px-Official-Kajabi-Logo.jpg","datePublished":"2022-06-27T11:42:55+00:00","dateModified":"2022-06-27T15:20:36+00:00","description":"Kajabi: recensione del software per creare landing page che ti permette di scegliere un tema e personalizzarlo a tuo piacimento.","breadcrumb":{"@id":"https:\/\/www.accuratereviews.com\/it\/software-creare-landing-page\/kajabi-recensione\/#breadcrumb"},"inLanguage":"it-IT","potentialAction":[{"@type":"ReadAction","target":["https:\/\/www.accuratereviews.com\/it\/software-creare-landing-page\/kajabi-recensione\/"]}]},{"@type":"ImageObject","inLanguage":"it-IT","@id":"https:\/\/www.accuratereviews.com\/it\/software-creare-landing-page\/kajabi-recensione\/#primaryimage","url":"https:\/\/www.accuratereviews.com\/wp-content\/uploads\/2022\/06\/2560px-Official-Kajabi-Logo.jpg","contentUrl":"https:\/\/www.accuratereviews.com\/wp-content\/uploads\/2022\/06\/2560px-Official-Kajabi-Logo.jpg","width":2558,"height":988},{"@type":"BreadcrumbList","@id":"https:\/\/www.accuratereviews.com\/it\/software-creare-landing-page\/kajabi-recensione\/#breadcrumb","itemListElement":[{"@type":"ListItem","position":1,"name":"Home","item":"https:\/\/www.accuratereviews.com\/it\/"},{"@type":"ListItem","position":2,"name":"Software per creare landing page","item":"https:\/\/www.accuratereviews.com\/it\/software-creare-landing-page\/"},{"@type":"ListItem","position":3,"name":"Kajabi"}]},{"@type":"WebSite","@id":"https:\/\/www.accuratereviews.com\/it\/#website","url":"https:\/\/www.accuratereviews.com\/it\/","name":"Accurate Reviews","description":"","potentialAction":[{"@type":"SearchAction","target":{"@type":"EntryPoint","urlTemplate":"https:\/\/www.accuratereviews.com\/it\/?s={search_term_string}"},"query-input":{"@type":"PropertyValueSpecification","valueRequired":true,"valueName":"search_term_string"}}],"inLanguage":"it-IT"}]}},"_links":{"self":[{"href":"https:\/\/www.accuratereviews.com\/it\/wp-json\/wp\/v2\/pages\/59093","targetHints":{"allow":["GET"]}}],"collection":[{"href":"https:\/\/www.accuratereviews.com\/it\/wp-json\/wp\/v2\/pages"}],"about":[{"href":"https:\/\/www.accuratereviews.com\/it\/wp-json\/wp\/v2\/types\/page"}],"author":[{"embeddable":true,"href":"https:\/\/www.accuratereviews.com\/it\/wp-json\/wp\/v2\/users\/17"}],"replies":[{"embeddable":true,"href":"https:\/\/www.accuratereviews.com\/it\/wp-json\/wp\/v2\/comments?post=59093"}],"version-history":[{"count":7,"href":"https:\/\/www.accuratereviews.com\/it\/wp-json\/wp\/v2\/pages\/59093\/revisions"}],"predecessor-version":[{"id":59127,"href":"https:\/\/www.accuratereviews.com\/it\/wp-json\/wp\/v2\/pages\/59093\/revisions\/59127"}],"up":[{"embeddable":true,"href":"https:\/\/www.accuratereviews.com\/it\/wp-json\/wp\/v2\/pages\/58467"}],"wp:featuredmedia":[{"embeddable":true,"href":"https:\/\/www.accuratereviews.com\/it\/wp-json\/wp\/v2\/media\/59094"}],"wp:attachment":[{"href":"https:\/\/www.accuratereviews.com\/it\/wp-json\/wp\/v2\/media?parent=59093"}],"wp:term":[{"taxonomy":"category","embeddable":true,"href":"https:\/\/www.accuratereviews.com\/it\/wp-json\/wp\/v2\/categories?post=59093"},{"taxonomy":"post_tag","embeddable":true,"href":"https:\/\/www.accuratereviews.com\/it\/wp-json\/wp\/v2\/tags?post=59093"},{"taxonomy":"features","embeddable":true,"href":"https:\/\/www.accuratereviews.com\/it\/wp-json\/wp\/v2\/features?post=59093"}],"curies":[{"name":"wp","href":"https:\/\/api.w.org\/{rel}","templated":true}]}}