{"id":59105,"date":"2022-06-28T10:43:40","date_gmt":"2022-06-28T10:43:40","guid":{"rendered":"https:\/\/www.accuratereviews.com\/?page_id=59105"},"modified":"2022-06-28T10:43:40","modified_gmt":"2022-06-28T10:43:40","slug":"b12-recensione","status":"publish","type":"page","link":"https:\/\/www.accuratereviews.com\/it\/software-creare-landing-page\/b12-recensione\/","title":{"rendered":"B12"},"content":{"rendered":"<p><strong>B12<\/strong> consente agli utenti di <strong>creare e distribuire siti web<\/strong> professionali con una codifica minima. Fornisce tutti gli strumenti necessari per gestire un business online. La piattaforma si concentra su siti ottimizzati per la SEO e ottimizzati per i dispositivi mobili, consentendo agli utenti di lavorare per far crescere l&#8217;attivit\u00e0 stessa.\u00a0Le analisi vengono inviate regolarmente, quindi gli amministratori possono rivedere le metriche delle prestazioni per identificare le aree che necessitano di miglioramenti. B12 fornisce strumenti di coinvolgimento che facilitano la comunicazione e la collaborazione per rafforzare le relazioni con i clienti. Funzionalit\u00e0 integrate come la gestione dei contatti, la pianificazione online e i moduli personalizzabili aiutano a semplificare il tuo lavoro.<\/p>\n<h2>B12 &#8211; TUTORIAL<\/h2>\n<p>Vediamo come creare un sito web con questo software:<\/p>\n<div id=\"fluid-wrapper-counter-1\" class=\"g1-fluid-wrapper \" style=\"width:686px;\">\n<div style=\"padding-bottom:56.268221574344%;\"><iframe loading=\"lazy\" title=\"B12WebsiteEditor\" width=\"686\" height=\"386\" src=\"https:\/\/www.youtube.com\/embed\/tfAElJgioQ0?feature=oembed&amp;wmode=transparent&amp;autohide=1&amp;autoplay=0&amp;disablekb=0&amp;fs=1&amp;loop=0&amp;enablejsapi=1&amp;rel=0&amp;controls=2&amp;showinfo=0&amp;wmode=transparent&amp;autohide=2&amp;autoplay=0&amp;disablekb=0&amp;fs=1&amp;loop=0&amp;enablejsapi=1&amp;rel=0&amp;controls=2&amp;showinfo=1\" frameborder=\"0\" allow=\"accelerometer; autoplay; clipboard-write; encrypted-media; gyroscope; picture-in-picture\" allowfullscreen><\/iframe><\/div>\n<\/div>\n<h3>B12 &#8211; CARATTERISTICHE<\/h3>\n<ul>\n<li><strong>Design professionale<\/strong>: inizia con un tema di progettazione in linea con i tuoi contenuti e le tue esigenze strutturali<\/li>\n<li><strong>Ispirazione dei contenuti<\/strong>: gli algoritmi generano testo e immagini pertinenti e modificabili in base alla tua attivit\u00e0<\/li>\n<li><strong>Modifica facile<\/strong>: modifica stili di testo e colori di titoli di sezione, sottotitoli, paragrafi, loghi di testo, pagine di pagamento, email marketing, moduli di assunzione e altro ancora<\/li>\n<li><strong>Flessibilit\u00e0:<\/strong> regola il numero di colonne in una sezione o la forma, le dimensioni e la posizione di un&#8217;immagine<\/li>\n<li><strong>Gallerie multimediali<\/strong>: scegli tra immagini di alta qualit\u00e0 da Unsplash e icone da Icons8<\/li>\n<li><strong>Opportunit\u00e0:<\/strong> applica animazioni, griglie, sovrapposizioni e sfondi per una maggiore personalizzazione<\/li>\n<li><strong>Mostra nei risultati di ricerca<\/strong>: tutti i siti web sono ottimizzati per la ricerca sin dal primo giorno, quindi la tua attivit\u00e0 ha una possibilit\u00e0 migliore di apparire nelle ricerche locali e regionali. Un SEO efficace per un sito web significa pi\u00f9 visitatori e una migliore possibilit\u00e0 di acquisire nuovi clienti<\/li>\n<li><strong>Apparire nelle directory online<\/strong>: il tuo specialista SEO invia le informazioni sul tuo sito web e sulla tua attivit\u00e0 commerciale a un massimo di 50 directory online pertinenti<\/li>\n<li><strong>Comprendi la tua analisi:<\/strong> l&#8217;esame delle metriche sul rendimento di ogni mese ti aiuta a capire dove ha successo il tuo sito, a identificare le aree di miglioramento e a fissare nuovi obiettivi<\/li>\n<li><strong>Migliora la tua funzionalit\u00e0<\/strong>: la soluzione\u00a0fornisce integrazioni senza interruzioni con popolari strumenti di terze parti, come Drift, Google Analytics, Medium e altri per garantire che il tuo sito offra le funzionalit\u00e0 precise di cui hai bisogno per servire i clienti online.<\/li>\n<\/ul>\n<h4>LE RECENSIONI DEGLI UTENTI<\/h4>\n<p class=\"font-weight-bold mb-2\"><strong>Joshua C.&#8221;Ottimo design, ma limitato con creativit\u00e0 e realizzazione&#8221;<\/strong><\/p>\n<p><span class=\"font-weight-bold\"><strong>Commenti<\/strong>: <\/span>Sono abbastanza soddisfatto del risultato finale, che ha richiesto diverse iterazioni e compromessi. Sono andato a volere qualcosa e ho finito con qualcosa di diverso. Il prodotto finale \u00e8 elegante e semplice, vorrei solo che la comunicazione fosse pi\u00f9 semplice e che i designer\/team migliorassero il prodotto.<\/p>\n<p class=\"font-weight-bold mb-2\"><strong>Pro<\/strong>:\u00a0L&#8217;estetica dei siti B12 \u00e8 stupenda. Sono eleganti e piacevoli alla vista, costruiti e progettati per un&#8217;esperienza cliente fluida.<\/p>\n<p class=\"font-weight-bold mb-2\"><strong>Contro<\/strong>:\u00a0B12 sembra limitato nella loro creativit\u00e0 per personalizzare e costruire un prodotto su misura per il cliente. L&#8217;implementazione delle note \u00e8 molto lenta ed \u00e8 difficile comunicare con il loro team. Anche l&#8217;interfaccia per cambiare le cose e gestire il sito non \u00e8 facile da gestire come le aziende rivali che fanno pagare molto meno per i loro servizi.<\/p>\n<p class=\"font-weight-bold mb-2\"><strong>Notasha B.&#8221;Recensione B12&#8243;<\/strong><\/p>\n<p><span class=\"font-weight-bold\"><strong>Commenti<\/strong>: <\/span>Mi piace il prodotto in generale<\/p>\n<p class=\"font-weight-bold mb-2\"><strong>Pro<\/strong>:\u00a0Mi piace che posso modificarlo da solo Mi piace il fatto che tu sia molto professionale E l&#8217;aspetto del mio sito Web \u00e8 di qualit\u00e0<\/p>\n<p class=\"font-weight-bold mb-2\"><strong>Contro<\/strong>:\u00a0Non mi piace non poter parlare con qualcuno immediatamente. A volte quando parlo con loro sembrano sempre che vadano di fretta.<\/p>\n<p class=\"font-weight-bold mb-2\"><strong>Charles G.&#8221;B-12 Creazione di siti web professionali che aiuteranno la tua azienda a crescere e ad avere successo al di sopra della concorrenza&#8221;<\/strong><\/p>\n<p><span class=\"font-weight-bold\"><strong>Commenti<\/strong>: <\/span>La mia esperienza complessiva con B-12 \u00e8 stata personale cordiale, professionale e competente e personale cortese, servizio clienti onesto, conveniente ed eccellente. Loro 100 per cento meglio della mia vecchia societ\u00e0 di hosting che ho licenziato per incompetenza e pratiche ingannevoli.<\/p>\n<p class=\"font-weight-bold mb-2\"><strong>Pro<\/strong>:\u00a0\u00c8 una tecnologia all&#8217;avanguardia che sviluppa e rende il tuo sito attivo e funzionante velocemente che attrae nuovi clienti o clienti paganti.<\/p>\n<p class=\"font-weight-bold mb-2\"><strong>Contro<\/strong>:\u00a0Ad oggi, non sono riuscito a trovare nulla che non mi piace.<\/p>\n","protected":false},"excerpt":{"rendered":"<p>B12 consente agli utenti di creare e distribuire siti web professionali con una codifica minima. Fornisce tutti gli strumenti necessari per gestire un business online. La piattaforma si concentra su siti ottimizzati per la SEO e ottimizzati per i dispositivi mobili, consentendo agli utenti di lavorare per far crescere l&#8217;attivit\u00e0 stessa.<\/p>\n","protected":false},"author":16,"featured_media":59106,"parent":58467,"menu_order":0,"comment_status":"open","ping_status":"closed","template":"g1_template_page_review_new.php","meta":{"_acf_changed":false,"cwp_meta_box_check":"No","cwp_rev_product_name":"","cwp_rev_product_image":"","wppr_links":[],"cwp_rev_price":"","wppr_options":[],"wppr_pros":[],"wppr_cons":[],"_monsterinsights_skip_tracking":false,"_monsterinsights_sitenote_active":false,"_monsterinsights_sitenote_note":"","_monsterinsights_sitenote_category":0,"footnotes":""},"categories":[12754],"tags":[12895,12810,12778,12759,12776,12756,12758],"features":[],"class_list":{"0":"post-59105","1":"page","2":"type-page","3":"status-publish","4":"has-post-thumbnail","6":"category-software-per-creare-landing-page-cat","7":"tag-b12","8":"tag-creazione-landing-page","9":"tag-landing-page","10":"tag-piattaforma-per-creare-landing-page","11":"tag-programma-per-creare-landing-page","12":"tag-software-per-creare-landing-page","13":"tag-soluzione-per-creare-landing-page"},"wppr_data":{"cwp_meta_box_check":"No"},"acf":[],"yoast_head":"<!-- This site is optimized with the Yoast SEO plugin v27.4 - https:\/\/yoast.com\/product\/yoast-seo-wordpress\/ -->\n<title>B12: recensione software creazione landing page - Accurate Reviews<\/title>\n<meta name=\"description\" content=\"B12: recensione soluzione che consente agli utenti di creare e distribuire siti web professionali con una codifica minima.\" \/>\n<meta name=\"robots\" content=\"index, follow, max-snippet:-1, max-image-preview:large, max-video-preview:-1\" \/>\n<link rel=\"canonical\" href=\"https:\/\/www.accuratereviews.com\/it\/software-creare-landing-page\/b12-recensione\/\" \/>\n<meta property=\"og:locale\" content=\"it_IT\" \/>\n<meta property=\"og:type\" content=\"article\" \/>\n<meta property=\"og:title\" content=\"B12: recensione software creazione landing page - Accurate Reviews\" \/>\n<meta property=\"og:description\" content=\"B12: recensione soluzione che consente agli utenti di creare e distribuire siti web professionali con una codifica minima.\" \/>\n<meta property=\"og:url\" content=\"https:\/\/www.accuratereviews.com\/it\/software-creare-landing-page\/b12-recensione\/\" \/>\n<meta property=\"og:site_name\" content=\"Accurate Reviews\" \/>\n<meta property=\"og:image\" content=\"https:\/\/www.accuratereviews.com\/wp-content\/uploads\/2022\/06\/b12.png\" \/>\n\t<meta property=\"og:image:width\" content=\"900\" \/>\n\t<meta property=\"og:image:height\" content=\"500\" \/>\n\t<meta property=\"og:image:type\" content=\"image\/png\" \/>\n<meta name=\"twitter:card\" content=\"summary_large_image\" \/>\n<meta name=\"twitter:label1\" content=\"Tempo di lettura stimato\" \/>\n\t<meta name=\"twitter:data1\" content=\"4 minuti\" \/>\n<script type=\"application\/ld+json\" class=\"yoast-schema-graph\">{\"@context\":\"https:\\\/\\\/schema.org\",\"@graph\":[{\"@type\":\"WebPage\",\"@id\":\"https:\\\/\\\/www.accuratereviews.com\\\/it\\\/software-creare-landing-page\\\/b12-recensione\\\/\",\"url\":\"https:\\\/\\\/www.accuratereviews.com\\\/it\\\/software-creare-landing-page\\\/b12-recensione\\\/\",\"name\":\"B12: recensione software creazione landing page - Accurate Reviews\",\"isPartOf\":{\"@id\":\"https:\\\/\\\/www.accuratereviews.com\\\/it\\\/#website\"},\"primaryImageOfPage\":{\"@id\":\"https:\\\/\\\/www.accuratereviews.com\\\/it\\\/software-creare-landing-page\\\/b12-recensione\\\/#primaryimage\"},\"image\":{\"@id\":\"https:\\\/\\\/www.accuratereviews.com\\\/it\\\/software-creare-landing-page\\\/b12-recensione\\\/#primaryimage\"},\"thumbnailUrl\":\"https:\\\/\\\/www.accuratereviews.com\\\/wp-content\\\/uploads\\\/2022\\\/06\\\/b12.png\",\"datePublished\":\"2022-06-28T10:43:40+00:00\",\"description\":\"B12: recensione soluzione che consente agli utenti di creare e distribuire siti web professionali con una codifica minima.\",\"breadcrumb\":{\"@id\":\"https:\\\/\\\/www.accuratereviews.com\\\/it\\\/software-creare-landing-page\\\/b12-recensione\\\/#breadcrumb\"},\"inLanguage\":\"it-IT\",\"potentialAction\":[{\"@type\":\"ReadAction\",\"target\":[\"https:\\\/\\\/www.accuratereviews.com\\\/it\\\/software-creare-landing-page\\\/b12-recensione\\\/\"]}]},{\"@type\":\"ImageObject\",\"inLanguage\":\"it-IT\",\"@id\":\"https:\\\/\\\/www.accuratereviews.com\\\/it\\\/software-creare-landing-page\\\/b12-recensione\\\/#primaryimage\",\"url\":\"https:\\\/\\\/www.accuratereviews.com\\\/wp-content\\\/uploads\\\/2022\\\/06\\\/b12.png\",\"contentUrl\":\"https:\\\/\\\/www.accuratereviews.com\\\/wp-content\\\/uploads\\\/2022\\\/06\\\/b12.png\",\"width\":900,\"height\":500},{\"@type\":\"BreadcrumbList\",\"@id\":\"https:\\\/\\\/www.accuratereviews.com\\\/it\\\/software-creare-landing-page\\\/b12-recensione\\\/#breadcrumb\",\"itemListElement\":[{\"@type\":\"ListItem\",\"position\":1,\"name\":\"Home\",\"item\":\"https:\\\/\\\/www.accuratereviews.com\\\/it\\\/\"},{\"@type\":\"ListItem\",\"position\":2,\"name\":\"Software per creare landing page\",\"item\":\"https:\\\/\\\/www.accuratereviews.com\\\/it\\\/software-creare-landing-page\\\/\"},{\"@type\":\"ListItem\",\"position\":3,\"name\":\"B12\"}]},{\"@type\":\"WebSite\",\"@id\":\"https:\\\/\\\/www.accuratereviews.com\\\/it\\\/#website\",\"url\":\"https:\\\/\\\/www.accuratereviews.com\\\/it\\\/\",\"name\":\"Accurate Reviews\",\"description\":\"\",\"potentialAction\":[{\"@type\":\"SearchAction\",\"target\":{\"@type\":\"EntryPoint\",\"urlTemplate\":\"https:\\\/\\\/www.accuratereviews.com\\\/it\\\/?s={search_term_string}\"},\"query-input\":{\"@type\":\"PropertyValueSpecification\",\"valueRequired\":true,\"valueName\":\"search_term_string\"}}],\"inLanguage\":\"it-IT\"}]}<\/script>\n<!-- \/ Yoast SEO plugin. -->","yoast_head_json":{"title":"B12: recensione software creazione landing page - Accurate Reviews","description":"B12: recensione soluzione che consente agli utenti di creare e distribuire siti web professionali con una codifica minima.","robots":{"index":"index","follow":"follow","max-snippet":"max-snippet:-1","max-image-preview":"max-image-preview:large","max-video-preview":"max-video-preview:-1"},"canonical":"https:\/\/www.accuratereviews.com\/it\/software-creare-landing-page\/b12-recensione\/","og_locale":"it_IT","og_type":"article","og_title":"B12: recensione software creazione landing page - Accurate Reviews","og_description":"B12: recensione soluzione che consente agli utenti di creare e distribuire siti web professionali con una codifica minima.","og_url":"https:\/\/www.accuratereviews.com\/it\/software-creare-landing-page\/b12-recensione\/","og_site_name":"Accurate Reviews","og_image":[{"width":900,"height":500,"url":"https:\/\/www.accuratereviews.com\/wp-content\/uploads\/2022\/06\/b12.png","type":"image\/png"}],"twitter_card":"summary_large_image","twitter_misc":{"Tempo di lettura stimato":"4 minuti"},"schema":{"@context":"https:\/\/schema.org","@graph":[{"@type":"WebPage","@id":"https:\/\/www.accuratereviews.com\/it\/software-creare-landing-page\/b12-recensione\/","url":"https:\/\/www.accuratereviews.com\/it\/software-creare-landing-page\/b12-recensione\/","name":"B12: recensione software creazione landing page - Accurate Reviews","isPartOf":{"@id":"https:\/\/www.accuratereviews.com\/it\/#website"},"primaryImageOfPage":{"@id":"https:\/\/www.accuratereviews.com\/it\/software-creare-landing-page\/b12-recensione\/#primaryimage"},"image":{"@id":"https:\/\/www.accuratereviews.com\/it\/software-creare-landing-page\/b12-recensione\/#primaryimage"},"thumbnailUrl":"https:\/\/www.accuratereviews.com\/wp-content\/uploads\/2022\/06\/b12.png","datePublished":"2022-06-28T10:43:40+00:00","description":"B12: recensione soluzione che consente agli utenti di creare e distribuire siti web professionali con una codifica minima.","breadcrumb":{"@id":"https:\/\/www.accuratereviews.com\/it\/software-creare-landing-page\/b12-recensione\/#breadcrumb"},"inLanguage":"it-IT","potentialAction":[{"@type":"ReadAction","target":["https:\/\/www.accuratereviews.com\/it\/software-creare-landing-page\/b12-recensione\/"]}]},{"@type":"ImageObject","inLanguage":"it-IT","@id":"https:\/\/www.accuratereviews.com\/it\/software-creare-landing-page\/b12-recensione\/#primaryimage","url":"https:\/\/www.accuratereviews.com\/wp-content\/uploads\/2022\/06\/b12.png","contentUrl":"https:\/\/www.accuratereviews.com\/wp-content\/uploads\/2022\/06\/b12.png","width":900,"height":500},{"@type":"BreadcrumbList","@id":"https:\/\/www.accuratereviews.com\/it\/software-creare-landing-page\/b12-recensione\/#breadcrumb","itemListElement":[{"@type":"ListItem","position":1,"name":"Home","item":"https:\/\/www.accuratereviews.com\/it\/"},{"@type":"ListItem","position":2,"name":"Software per creare landing page","item":"https:\/\/www.accuratereviews.com\/it\/software-creare-landing-page\/"},{"@type":"ListItem","position":3,"name":"B12"}]},{"@type":"WebSite","@id":"https:\/\/www.accuratereviews.com\/it\/#website","url":"https:\/\/www.accuratereviews.com\/it\/","name":"Accurate Reviews","description":"","potentialAction":[{"@type":"SearchAction","target":{"@type":"EntryPoint","urlTemplate":"https:\/\/www.accuratereviews.com\/it\/?s={search_term_string}"},"query-input":{"@type":"PropertyValueSpecification","valueRequired":true,"valueName":"search_term_string"}}],"inLanguage":"it-IT"}]}},"_links":{"self":[{"href":"https:\/\/www.accuratereviews.com\/it\/wp-json\/wp\/v2\/pages\/59105","targetHints":{"allow":["GET"]}}],"collection":[{"href":"https:\/\/www.accuratereviews.com\/it\/wp-json\/wp\/v2\/pages"}],"about":[{"href":"https:\/\/www.accuratereviews.com\/it\/wp-json\/wp\/v2\/types\/page"}],"author":[{"embeddable":true,"href":"https:\/\/www.accuratereviews.com\/it\/wp-json\/wp\/v2\/users\/16"}],"replies":[{"embeddable":true,"href":"https:\/\/www.accuratereviews.com\/it\/wp-json\/wp\/v2\/comments?post=59105"}],"version-history":[{"count":6,"href":"https:\/\/www.accuratereviews.com\/it\/wp-json\/wp\/v2\/pages\/59105\/revisions"}],"predecessor-version":[{"id":59153,"href":"https:\/\/www.accuratereviews.com\/it\/wp-json\/wp\/v2\/pages\/59105\/revisions\/59153"}],"up":[{"embeddable":true,"href":"https:\/\/www.accuratereviews.com\/it\/wp-json\/wp\/v2\/pages\/58467"}],"wp:featuredmedia":[{"embeddable":true,"href":"https:\/\/www.accuratereviews.com\/it\/wp-json\/wp\/v2\/media\/59106"}],"wp:attachment":[{"href":"https:\/\/www.accuratereviews.com\/it\/wp-json\/wp\/v2\/media?parent=59105"}],"wp:term":[{"taxonomy":"category","embeddable":true,"href":"https:\/\/www.accuratereviews.com\/it\/wp-json\/wp\/v2\/categories?post=59105"},{"taxonomy":"post_tag","embeddable":true,"href":"https:\/\/www.accuratereviews.com\/it\/wp-json\/wp\/v2\/tags?post=59105"},{"taxonomy":"features","embeddable":true,"href":"https:\/\/www.accuratereviews.com\/it\/wp-json\/wp\/v2\/features?post=59105"}],"curies":[{"name":"wp","href":"https:\/\/api.w.org\/{rel}","templated":true}]}}