{"id":59112,"date":"2022-06-27T15:30:43","date_gmt":"2022-06-27T15:30:43","guid":{"rendered":"https:\/\/www.accuratereviews.com\/?page_id=59112"},"modified":"2022-06-27T15:30:43","modified_gmt":"2022-06-27T15:30:43","slug":"ion-platform-recensione","status":"publish","type":"page","link":"https:\/\/www.accuratereviews.com\/it\/software-creare-landing-page\/ion-platform-recensione\/","title":{"rendered":"Ion Platform"},"content":{"rendered":"<p><strong>Ion<\/strong>, sviluppato da <strong>Rock Content<\/strong>, \u00e8 una <strong>piattaforma di contenuti<\/strong> che consente agli esperti di marketing di coinvolgere, indirizzare e convertire lead di qualit\u00e0 superiore utilizzando una soluzione basata sui dati e priva di codice. Il programma aiuta i marchi a lanciare quiz, calcolatori del ROI, infografiche interattive e altri formati in \u200b\u200bpoche ore.\u00a0Il modulo Creative Studio dell&#8217;applicazione permette di creare contenuti personalizzati e layout di pagina, applicare animazioni o transizioni e controllare le dimensioni dello schermo all&#8217;interno di un&#8217;interfaccia drag-and-drop senza utilizzare alcun codice. Le aziende possono gestire le linee guida del marchio personalizzate su un foglio di stile e preparare loghi, colori di sfondo, stili dei pulsanti, caratteri e altro ancora. Gli esperti di marketing possono utilizzare le opzioni di targeting\u00a0per segmentare i gruppi di clienti e personalizzare i contenuti in base a posizione, interessi, dispositivo, ora del giorno, comportamento passato e altro ancora.<\/p>\n<h2>ION &#8211; TUTORIAL<\/h2>\n<p>Diamo un&#8217;occhiata al video per capire meglio come funziona questo <strong>software per creare landing page<\/strong>:<\/p>\n<div id=\"fluid-wrapper-counter-1\" class=\"g1-fluid-wrapper \" style=\"width:686px;\">\n<div style=\"padding-bottom:56.268221574344%;\"><iframe loading=\"lazy\" title=\"Engage your audience with the power of interactivity\" width=\"686\" height=\"386\" src=\"https:\/\/www.youtube.com\/embed\/zGAnD43QpG4?feature=oembed&amp;wmode=transparent&amp;autohide=1&amp;autoplay=0&amp;disablekb=0&amp;fs=1&amp;loop=0&amp;enablejsapi=1&amp;rel=0&amp;controls=2&amp;showinfo=0&amp;wmode=transparent&amp;autohide=2&amp;autoplay=0&amp;disablekb=0&amp;fs=1&amp;loop=0&amp;enablejsapi=1&amp;rel=0&amp;controls=2&amp;showinfo=1\" frameborder=\"0\" allow=\"accelerometer; autoplay; clipboard-write; encrypted-media; gyroscope; picture-in-picture\" allowfullscreen><\/iframe><\/div>\n<\/div>\n<h3>ION &#8211; CARATTERISTICHE<\/h3>\n<ul>\n<li>Modelli di avvio rapido: dimentica i complessi cicli di sviluppo e inizia a vedere i risultati pi\u00f9 velocemente con una libreria di esperienze interattive prefabbricate e completamente personalizzabili.<\/li>\n<li>Tema di stile globale: mantieni le tue linee guida di branding coerenti con un tema personalizzato del tuo marchio che puoi utilizzare con facilit\u00e0. Il tema \u00e8 centralizzato, apportando miglioramenti universali, aggiustamenti e persino rebranding semplici come aggiornare il tema.<\/li>\n<li>Studio Creativo: goditi questo modulo potente e flessibile per creare esperienze interattive reattive senza codice o sviluppatori:20 animazioni; 5 trigger;\u00a0Transizioni simili ad app;\u00a0Scorri Trigger ed effetti;\u00a0Flussi, rotatori, rivelazioni;\u00a0Controlli di progettazione reattivi;\u00a0Video interattivi e sfondi video;\u00a0Oltre 1.200 combinazioni di sofisticate logiche senza codice<\/li>\n<li>Profilo utente: diventa specifico e pertinente con condizioni di targeting praticamente illimitate utilizzando il profilo utente. Segmenta per regione o interesse. Personalizza i contenuti in base al comportamento passato di un visitatore. Ottieni informazioni dettagliate con il targeting condizionale basato su dispositivo, ora del giorno, URL di riferimento e molto altro.<\/li>\n<li>Integra origini dati esterne: completa il profilo utente con i dati provenienti da pubblicit\u00e0, email, CRM e sistemi di automazione del marketing per rendere il tuo targeting ancora pi\u00f9 nitido. Trasforma le campagne in centrali di generazione pertinenti, di lead e di domanda.<\/li>\n<li>Personalizzazione: crea esperienze di contenuto interattive cos\u00ec pertinenti che il tuo pubblico non pu\u00f2 fare a meno di coinvolgere.<\/li>\n<li>Controllo e Flessibilit\u00e0: puoi scegliere come distribuire il traffico o automatizzare l&#8217;ottimizzazione per una gestione fulminea che sfrutta le opportunit\u00e0 man mano che emergono.<\/li>\n<\/ul>\n<h4>LE RECENSIONI DEGLI UTENTI<\/h4>\n<p class=\"font-weight-bold mb-2\"><strong>Jesse H.&#8221;Ottima piattaforma senza codice per gli esperti di marketing&#8221;<\/strong><\/p>\n<p><span class=\"font-weight-bold\"><strong>Commenti<\/strong>: <\/span>Nel complesso, la piattaforma ion \u00e8 stata molto utile per la nostra organizzazione. Lo consiglio vivamente ai professionisti del marketing che non vogliono aspettare che la loro agenzia o reparto IT li aiuti a ottenere rapidamente un&#8217;esperienza online. Per lo sviluppo di contenuti interattivi, non esiste una piattaforma migliore.<\/p>\n<p class=\"font-weight-bold mb-2\"><strong>Pro<\/strong>:\u00a0Adoro il fatto che possiamo creare siti Web, pagine e applicazioni senza la necessit\u00e0 di ottenere l&#8217;aiuto di I.T. I modelli sono fantastici per risparmiare tempo e replicare esperienze utente simili Il supporto \u00e8 eccezionale e il successo dei clienti \u00e8 proattivo e sempre pronto a dare una mano C&#8217;\u00e8 una vasta libreria di modelli da cui puoi attingere per ottenere rapidamente un&#8217;esperienza di alta qualit\u00e0 costruita rapidamente<\/p>\n<p class=\"font-weight-bold mb-2\"><strong>Contro<\/strong>:\u00a0Vorrei una migliore funzione Stampa su PDF. Sarebbe utile integrazioni pi\u00f9 pronte all&#8217;uso con altre piattaforme di Marketing Automation<\/p>\n<p class=\"font-weight-bold mb-2\"><strong>Jeffrey D.&#8221;Pagine Web robuste, reattive e interattive&#8221;<\/strong><\/p>\n<p><span class=\"font-weight-bold\"><strong>Commenti<\/strong>: <\/span>Utilizzando la piattaforma ion siamo in grado di creare quiz, valutazioni e calcolatrici utilizzando il motore delle regole di ion. Questo \u00e8 qualcosa che non siamo stati in grado di fare in passato e qualcosa che i nostri clienti chiedono sempre di pi\u00f9.<\/p>\n<p class=\"font-weight-bold mb-2\"><strong>Pro<\/strong>:\u00a0Entro poche ore puoi lanciare il tuo primo quiz interattivo sul tuo sito web. Poich\u00e9 si tratta di una piattaforma cloud, non \u00e8 stato necessario installare un server o installare servizi Web. Devi solo aggiungere un record DNS e lo stile del tuo marchio e il tuo dominio sono attivi e i visitatori possono navigare nel tuo sito.<\/p>\n<p class=\"font-weight-bold mb-2\"><strong>Contro<\/strong>:\u00a0Per costruire le pagine utilizzi gli strumenti e i widget disponibili nella piattaforma. Questo pu\u00f2 essere noioso poich\u00e9 interagisci con ogni oggetto e le sue propriet\u00e0. Sarebbe utile se potessi aprire una finestra &#8220;codice&#8221; e scrivere il codice. Soprattutto per gli utenti pi\u00f9 avanzati.<\/p>\n<h3 class=\"h5 font-weight-bold\">Johon D:&#8221;I contenuti interattivi sono fantastici!&#8221;<\/h3>\n<p class=\"font-weight-bold mb-2\"><strong>Pro<\/strong>:\u00a0La sua capacit\u00e0 di creare esperienze coinvolgenti e ad alta conversione.<\/p>\n<p class=\"font-weight-bold mb-2\"><strong>Contro<\/strong>:\u00a0Non cos\u00ec facile da usare come potrebbe essere, anche se si sta evolvendo rapidamente.<\/p>\n","protected":false},"excerpt":{"rendered":"<p>Ion, sviluppato da Rock Content, \u00e8 una piattaforma di contenuti che consente agli esperti di marketing di coinvolgere, indirizzare e convertire lead di qualit\u00e0 superiore utilizzando una soluzione basata sui dati e priva di codice. Il programma aiuta i marchi a lanciare quiz, calcolatori del ROI, infografiche interattive e altri formati in \u200b\u200bpoche ore<\/p>\n","protected":false},"author":16,"featured_media":59114,"parent":58467,"menu_order":0,"comment_status":"open","ping_status":"closed","template":"g1_template_page_review_new.php","meta":{"_acf_changed":false,"cwp_meta_box_check":"No","cwp_rev_product_name":"","cwp_rev_product_image":"","wppr_links":[],"cwp_rev_price":"","wppr_options":[],"wppr_pros":[],"wppr_cons":[],"_monsterinsights_skip_tracking":false,"_monsterinsights_sitenote_active":false,"_monsterinsights_sitenote_note":"","_monsterinsights_sitenote_category":0,"footnotes":""},"categories":[12754],"tags":[12810,12892,12778,12814,12813,12811,12812],"features":[],"class_list":{"0":"post-59112","1":"page","2":"type-page","3":"status-publish","4":"has-post-thumbnail","6":"category-software-per-creare-landing-page-cat","7":"tag-creazione-landing-page","8":"tag-ion","9":"tag-landing-page","10":"tag-piattaforma-creazione-landing-page","11":"tag-programma-creazione-landing-page","12":"tag-software-creazione-landing-page","13":"tag-soluzione-creazione-landing-page"},"wppr_data":{"cwp_meta_box_check":"No"},"acf":[],"yoast_head":"<!-- This site is optimized with the Yoast SEO plugin v27.4 - https:\/\/yoast.com\/product\/yoast-seo-wordpress\/ -->\n<title>Ion: recensione software creazione landing page - Accurate Reviews<\/title>\n<meta name=\"description\" content=\"Ion: recensione piattaforma di contenuti che consente agli esperti di marketing di coinvolgere, indirizzare e convertire lead di qualit\u00e0.\" \/>\n<meta name=\"robots\" content=\"index, follow, max-snippet:-1, max-image-preview:large, max-video-preview:-1\" \/>\n<link rel=\"canonical\" href=\"https:\/\/www.accuratereviews.com\/it\/software-creare-landing-page\/ion-platform-recensione\/\" \/>\n<meta property=\"og:locale\" content=\"it_IT\" \/>\n<meta property=\"og:type\" content=\"article\" \/>\n<meta property=\"og:title\" content=\"Ion: recensione software creazione landing page - Accurate Reviews\" \/>\n<meta property=\"og:description\" content=\"Ion: recensione piattaforma di contenuti che consente agli esperti di marketing di coinvolgere, indirizzare e convertire lead di qualit\u00e0.\" \/>\n<meta property=\"og:url\" content=\"https:\/\/www.accuratereviews.com\/it\/software-creare-landing-page\/ion-platform-recensione\/\" \/>\n<meta property=\"og:site_name\" content=\"Accurate Reviews\" \/>\n<meta property=\"og:image\" content=\"https:\/\/www.accuratereviews.com\/wp-content\/uploads\/2022\/06\/Ion-Platform.webp\" \/>\n\t<meta property=\"og:image:width\" content=\"200\" \/>\n\t<meta property=\"og:image:height\" content=\"200\" \/>\n\t<meta property=\"og:image:type\" content=\"image\/webp\" \/>\n<meta name=\"twitter:card\" content=\"summary_large_image\" \/>\n<meta name=\"twitter:label1\" content=\"Tempo di lettura stimato\" \/>\n\t<meta name=\"twitter:data1\" content=\"5 minuti\" \/>\n<script type=\"application\/ld+json\" class=\"yoast-schema-graph\">{\"@context\":\"https:\\\/\\\/schema.org\",\"@graph\":[{\"@type\":\"WebPage\",\"@id\":\"https:\\\/\\\/www.accuratereviews.com\\\/it\\\/software-creare-landing-page\\\/ion-platform-recensione\\\/\",\"url\":\"https:\\\/\\\/www.accuratereviews.com\\\/it\\\/software-creare-landing-page\\\/ion-platform-recensione\\\/\",\"name\":\"Ion: recensione software creazione landing page - Accurate Reviews\",\"isPartOf\":{\"@id\":\"https:\\\/\\\/www.accuratereviews.com\\\/it\\\/#website\"},\"primaryImageOfPage\":{\"@id\":\"https:\\\/\\\/www.accuratereviews.com\\\/it\\\/software-creare-landing-page\\\/ion-platform-recensione\\\/#primaryimage\"},\"image\":{\"@id\":\"https:\\\/\\\/www.accuratereviews.com\\\/it\\\/software-creare-landing-page\\\/ion-platform-recensione\\\/#primaryimage\"},\"thumbnailUrl\":\"https:\\\/\\\/www.accuratereviews.com\\\/wp-content\\\/uploads\\\/2022\\\/06\\\/Ion-Platform.webp\",\"datePublished\":\"2022-06-27T15:30:43+00:00\",\"description\":\"Ion: recensione piattaforma di contenuti che consente agli esperti di marketing di coinvolgere, indirizzare e convertire lead di qualit\u00e0.\",\"breadcrumb\":{\"@id\":\"https:\\\/\\\/www.accuratereviews.com\\\/it\\\/software-creare-landing-page\\\/ion-platform-recensione\\\/#breadcrumb\"},\"inLanguage\":\"it-IT\",\"potentialAction\":[{\"@type\":\"ReadAction\",\"target\":[\"https:\\\/\\\/www.accuratereviews.com\\\/it\\\/software-creare-landing-page\\\/ion-platform-recensione\\\/\"]}]},{\"@type\":\"ImageObject\",\"inLanguage\":\"it-IT\",\"@id\":\"https:\\\/\\\/www.accuratereviews.com\\\/it\\\/software-creare-landing-page\\\/ion-platform-recensione\\\/#primaryimage\",\"url\":\"https:\\\/\\\/www.accuratereviews.com\\\/wp-content\\\/uploads\\\/2022\\\/06\\\/Ion-Platform.webp\",\"contentUrl\":\"https:\\\/\\\/www.accuratereviews.com\\\/wp-content\\\/uploads\\\/2022\\\/06\\\/Ion-Platform.webp\",\"width\":200,\"height\":200},{\"@type\":\"BreadcrumbList\",\"@id\":\"https:\\\/\\\/www.accuratereviews.com\\\/it\\\/software-creare-landing-page\\\/ion-platform-recensione\\\/#breadcrumb\",\"itemListElement\":[{\"@type\":\"ListItem\",\"position\":1,\"name\":\"Home\",\"item\":\"https:\\\/\\\/www.accuratereviews.com\\\/it\\\/\"},{\"@type\":\"ListItem\",\"position\":2,\"name\":\"Software per creare landing page\",\"item\":\"https:\\\/\\\/www.accuratereviews.com\\\/it\\\/software-creare-landing-page\\\/\"},{\"@type\":\"ListItem\",\"position\":3,\"name\":\"Ion Platform\"}]},{\"@type\":\"WebSite\",\"@id\":\"https:\\\/\\\/www.accuratereviews.com\\\/it\\\/#website\",\"url\":\"https:\\\/\\\/www.accuratereviews.com\\\/it\\\/\",\"name\":\"Accurate Reviews\",\"description\":\"\",\"potentialAction\":[{\"@type\":\"SearchAction\",\"target\":{\"@type\":\"EntryPoint\",\"urlTemplate\":\"https:\\\/\\\/www.accuratereviews.com\\\/it\\\/?s={search_term_string}\"},\"query-input\":{\"@type\":\"PropertyValueSpecification\",\"valueRequired\":true,\"valueName\":\"search_term_string\"}}],\"inLanguage\":\"it-IT\"}]}<\/script>\n<!-- \/ Yoast SEO plugin. -->","yoast_head_json":{"title":"Ion: recensione software creazione landing page - Accurate Reviews","description":"Ion: recensione piattaforma di contenuti che consente agli esperti di marketing di coinvolgere, indirizzare e convertire lead di qualit\u00e0.","robots":{"index":"index","follow":"follow","max-snippet":"max-snippet:-1","max-image-preview":"max-image-preview:large","max-video-preview":"max-video-preview:-1"},"canonical":"https:\/\/www.accuratereviews.com\/it\/software-creare-landing-page\/ion-platform-recensione\/","og_locale":"it_IT","og_type":"article","og_title":"Ion: recensione software creazione landing page - Accurate Reviews","og_description":"Ion: recensione piattaforma di contenuti che consente agli esperti di marketing di coinvolgere, indirizzare e convertire lead di qualit\u00e0.","og_url":"https:\/\/www.accuratereviews.com\/it\/software-creare-landing-page\/ion-platform-recensione\/","og_site_name":"Accurate Reviews","og_image":[{"width":200,"height":200,"url":"https:\/\/www.accuratereviews.com\/wp-content\/uploads\/2022\/06\/Ion-Platform.webp","type":"image\/webp"}],"twitter_card":"summary_large_image","twitter_misc":{"Tempo di lettura stimato":"5 minuti"},"schema":{"@context":"https:\/\/schema.org","@graph":[{"@type":"WebPage","@id":"https:\/\/www.accuratereviews.com\/it\/software-creare-landing-page\/ion-platform-recensione\/","url":"https:\/\/www.accuratereviews.com\/it\/software-creare-landing-page\/ion-platform-recensione\/","name":"Ion: recensione software creazione landing page - Accurate Reviews","isPartOf":{"@id":"https:\/\/www.accuratereviews.com\/it\/#website"},"primaryImageOfPage":{"@id":"https:\/\/www.accuratereviews.com\/it\/software-creare-landing-page\/ion-platform-recensione\/#primaryimage"},"image":{"@id":"https:\/\/www.accuratereviews.com\/it\/software-creare-landing-page\/ion-platform-recensione\/#primaryimage"},"thumbnailUrl":"https:\/\/www.accuratereviews.com\/wp-content\/uploads\/2022\/06\/Ion-Platform.webp","datePublished":"2022-06-27T15:30:43+00:00","description":"Ion: recensione piattaforma di contenuti che consente agli esperti di marketing di coinvolgere, indirizzare e convertire lead di qualit\u00e0.","breadcrumb":{"@id":"https:\/\/www.accuratereviews.com\/it\/software-creare-landing-page\/ion-platform-recensione\/#breadcrumb"},"inLanguage":"it-IT","potentialAction":[{"@type":"ReadAction","target":["https:\/\/www.accuratereviews.com\/it\/software-creare-landing-page\/ion-platform-recensione\/"]}]},{"@type":"ImageObject","inLanguage":"it-IT","@id":"https:\/\/www.accuratereviews.com\/it\/software-creare-landing-page\/ion-platform-recensione\/#primaryimage","url":"https:\/\/www.accuratereviews.com\/wp-content\/uploads\/2022\/06\/Ion-Platform.webp","contentUrl":"https:\/\/www.accuratereviews.com\/wp-content\/uploads\/2022\/06\/Ion-Platform.webp","width":200,"height":200},{"@type":"BreadcrumbList","@id":"https:\/\/www.accuratereviews.com\/it\/software-creare-landing-page\/ion-platform-recensione\/#breadcrumb","itemListElement":[{"@type":"ListItem","position":1,"name":"Home","item":"https:\/\/www.accuratereviews.com\/it\/"},{"@type":"ListItem","position":2,"name":"Software per creare landing page","item":"https:\/\/www.accuratereviews.com\/it\/software-creare-landing-page\/"},{"@type":"ListItem","position":3,"name":"Ion Platform"}]},{"@type":"WebSite","@id":"https:\/\/www.accuratereviews.com\/it\/#website","url":"https:\/\/www.accuratereviews.com\/it\/","name":"Accurate Reviews","description":"","potentialAction":[{"@type":"SearchAction","target":{"@type":"EntryPoint","urlTemplate":"https:\/\/www.accuratereviews.com\/it\/?s={search_term_string}"},"query-input":{"@type":"PropertyValueSpecification","valueRequired":true,"valueName":"search_term_string"}}],"inLanguage":"it-IT"}]}},"_links":{"self":[{"href":"https:\/\/www.accuratereviews.com\/it\/wp-json\/wp\/v2\/pages\/59112","targetHints":{"allow":["GET"]}}],"collection":[{"href":"https:\/\/www.accuratereviews.com\/it\/wp-json\/wp\/v2\/pages"}],"about":[{"href":"https:\/\/www.accuratereviews.com\/it\/wp-json\/wp\/v2\/types\/page"}],"author":[{"embeddable":true,"href":"https:\/\/www.accuratereviews.com\/it\/wp-json\/wp\/v2\/users\/16"}],"replies":[{"embeddable":true,"href":"https:\/\/www.accuratereviews.com\/it\/wp-json\/wp\/v2\/comments?post=59112"}],"version-history":[{"count":8,"href":"https:\/\/www.accuratereviews.com\/it\/wp-json\/wp\/v2\/pages\/59112\/revisions"}],"predecessor-version":[{"id":59129,"href":"https:\/\/www.accuratereviews.com\/it\/wp-json\/wp\/v2\/pages\/59112\/revisions\/59129"}],"up":[{"embeddable":true,"href":"https:\/\/www.accuratereviews.com\/it\/wp-json\/wp\/v2\/pages\/58467"}],"wp:featuredmedia":[{"embeddable":true,"href":"https:\/\/www.accuratereviews.com\/it\/wp-json\/wp\/v2\/media\/59114"}],"wp:attachment":[{"href":"https:\/\/www.accuratereviews.com\/it\/wp-json\/wp\/v2\/media?parent=59112"}],"wp:term":[{"taxonomy":"category","embeddable":true,"href":"https:\/\/www.accuratereviews.com\/it\/wp-json\/wp\/v2\/categories?post=59112"},{"taxonomy":"post_tag","embeddable":true,"href":"https:\/\/www.accuratereviews.com\/it\/wp-json\/wp\/v2\/tags?post=59112"},{"taxonomy":"features","embeddable":true,"href":"https:\/\/www.accuratereviews.com\/it\/wp-json\/wp\/v2\/features?post=59112"}],"curies":[{"name":"wp","href":"https:\/\/api.w.org\/{rel}","templated":true}]}}