{"id":59156,"date":"2022-06-28T11:32:00","date_gmt":"2022-06-28T11:32:00","guid":{"rendered":"https:\/\/www.accuratereviews.com\/?page_id=59156"},"modified":"2022-06-29T07:45:26","modified_gmt":"2022-06-29T07:45:26","slug":"swipe-pages-recensione","status":"publish","type":"page","link":"https:\/\/www.accuratereviews.com\/it\/software-creare-landing-page\/swipe-pages-recensione\/","title":{"rendered":"Swipe Pages"},"content":{"rendered":"<p><strong>Swipe Pages<\/strong>\u00a0\u00e8 un <strong>programma per costruire landing page<\/strong> ad alta conversione e ottimizzate per i dispositivi mobile senza alcuna esperienza e competenza di programmazione. Infatti con questa piattaforma online che utilizza la tecnica drag and drop diventa molto semplice e veloce creare <strong>landing page AMP<\/strong> (Accelerated Mobile Pages) accattivanti in grado di aumentare le conversioni.<br \/>\n<strong>Swipe Pages<\/strong> offre moltissime immagini stock gratuite da Unsplash, icone e supporto SVG, font di Google e modelli di sezione.<\/p>\n<h2>SWIPE PAGES &#8211; TUTORIAL<\/h2>\n<div id=\"fluid-wrapper-counter-1\" class=\"g1-fluid-wrapper \" style=\"width:686px;\">\n<div style=\"padding-bottom:56.268221574344%;\"><iframe loading=\"lazy\" title=\"Swipe Pages Landing Page Builder Software\" width=\"686\" height=\"386\" src=\"https:\/\/www.youtube.com\/embed\/nrp6g5VzK0I?feature=oembed&amp;wmode=transparent&amp;autohide=1&amp;autoplay=0&amp;disablekb=0&amp;fs=1&amp;loop=0&amp;enablejsapi=1&amp;rel=0&amp;controls=2&amp;showinfo=0&amp;wmode=transparent&amp;autohide=2&amp;autoplay=0&amp;disablekb=0&amp;fs=1&amp;loop=0&amp;enablejsapi=1&amp;rel=0&amp;controls=2&amp;showinfo=1\" frameborder=\"0\" allow=\"accelerometer; autoplay; clipboard-write; encrypted-media; gyroscope; picture-in-picture\" allowfullscreen><\/iframe><\/div>\n<\/div>\n<h3>SWIPE PAGES &#8211; CARATTERISTICHE<\/h3>\n<ul>\n<li><strong>Semplice drag &amp; drop<\/strong>: costruisci landing page completamente reattive senza scrivere una sola riga di codice<\/li>\n<li><strong>Modelli ad alta conversione per ogni caso d&#8217;uso<\/strong>: nessun modello generico &#8220;La tua headline va qui&#8221;. Crea landing page belle e mirate senza bisogno di un designer<\/li>\n<li><strong>Pubblica le landing page sul tuo dominio<\/strong>: ottimizzazione del codice e caching, hosting con SSL e CDN e compressione delle immagini<\/li>\n<li><strong>Cattura i contatti e inviali alle applicazioni che gi\u00e0 utilizzi<\/strong>: connettiti a migliaia di applicazioni di terze parti utilizzando Zapier e integrazioni dirette<\/li>\n<li><strong>Coinvolgi il tuo team e gestisci i progetti con facilit\u00e0<\/strong>: invitati il tuo team e assegnagli ruoli diversi. Utilizza i sotto-account per organizzare i tuoi progetti<\/li>\n<li><strong>Vendi prodotti con checkout Stripe in 1 clic<\/strong>: collegati direttamente al tuo account Stripe e vendere i tuoi prodotti direttamente dalla tua landing page. Offri un&#8217;ottima esperienza di checkout e converti i clic in vendite<\/li>\n<li><strong>Testo dinamico per messaggi personalizzati<\/strong>: aumenta fino a due volte le possibilit\u00e0 di conversione personalizzando le esperienze degli utenti con i dati dei tuoi annunci<\/li>\n<li><strong>Sperimenta e ottimizza con i test A\/B<\/strong>: prova diversi testi, design e messaggi e ottimizzate le vostre pagine per ottenere conversioni migliori.<\/li>\n<li><strong>Ottieni informazioni preziose con gli Analytics integrati<\/strong>: imposta obiettivi di conversione, monitora l&#8217;invio di moduli e i clic sui link e vedi come si comportano le tue pagine in un solo colpo d&#8217;occhio.<\/li>\n<\/ul>\n<h4>LE RECENSIONI DEGLI UTENTI<\/h4>\n<p><strong>Thiago Q. &#8220;Il miglior costruttore di landing page sul mercato!&#8221;<\/strong><br \/>\nCOMMENTI: Swipe Pages \u00e8 un&#8217;ottima piattaforma, ha aiutato (molto) la nostra agenzia e i nostri clienti.<br \/>\nPRO: mi piace la facilit\u00e0 di creare una landing page, le prestazioni delle pagine e il design dei template disponibili.<br \/>\nCONTRO: credo che ci dovrebbe essere una maggiore variet\u00e0 di template e sezioni (blocchi).<\/p>\n<p><strong>Kimberlee M. &#8220;Bellissime pagine di atterraggio in pochi minuti&#8221;<\/strong><br \/>\nCOMMENTI: la mia esperienza complessiva con Swipe Pages \u00e8 stata incredibile. All&#8217;inizio ho avuto qualche problema a collegare i miei domini, ma il team \u00e8 stato straordinariamente comunicativo e mi ha aiutato a configurare tutto in modo rapido e semplice.<br \/>\nPRO: adoro la facilit\u00e0 d&#8217;uso di questo software e il fatto che si integri con gli altri tre sistemi software principali; non c&#8217;\u00e8 dubbio!<br \/>\nCONTRO: forse sarebbe bello avere pi\u00f9 modelli, ma onestamente \u00e8 una questione di pignoleria. Fa tutto quello che mi serve e anche di pi\u00f9!<\/p>\n<p><strong>Prashanth B. &#8220;Ottimo prodotto&#8221;<\/strong><br \/>\nCOMMENTI: ottimo impatto sulla mia attivit\u00e0 e design convincenti.<br \/>\nPRO: UI semplice, facile da creare, tutte le funzionalit\u00e0 necessarie. Conoscenze di codifica quasi nulle.<br \/>\nCONTRO: a volte, alcuni elementi dell&#8217;interfaccia utente sono ingombranti da gestire, ma le stesse funzionalit\u00e0 possono essere realizzate in altri modi.<\/p>\n","protected":false},"excerpt":{"rendered":"<p>Swipe Pages\u00a0\u00e8 un programma per costruire landing page ad alta conversione e ottimizzate per i dispositivi mobile senza alcuna esperienza e competenza di programmazione. Infatti con questa piattaforma online che utilizza la tecnica drag and drop diventa molto semplice e veloce creare landing page AMP (Accelerated Mobile Pages) accattivanti in grado di aumentare le conversioni.<\/p>\n","protected":false},"author":17,"featured_media":59158,"parent":58467,"menu_order":0,"comment_status":"open","ping_status":"closed","template":"g1_template_page_review_new.php","meta":{"_acf_changed":false,"cwp_meta_box_check":"No","cwp_rev_product_name":"","cwp_rev_product_image":"","wppr_links":[],"cwp_rev_price":"","wppr_options":[],"wppr_pros":[],"wppr_cons":[],"_monsterinsights_skip_tracking":false,"_monsterinsights_sitenote_active":false,"_monsterinsights_sitenote_note":"","_monsterinsights_sitenote_category":0,"footnotes":""},"categories":[12754],"tags":[12760,12777,12810,12814,12813,12811],"features":[],"class_list":{"0":"post-59156","1":"page","2":"type-page","3":"status-publish","4":"has-post-thumbnail","6":"category-software-per-creare-landing-page-cat","7":"tag-app-per-creare-landing-page","8":"tag-creare-landing-page","9":"tag-creazione-landing-page","10":"tag-piattaforma-creazione-landing-page","11":"tag-programma-creazione-landing-page","12":"tag-software-creazione-landing-page"},"wppr_data":{"cwp_meta_box_check":"No"},"acf":[],"yoast_head":"<!-- This site is optimized with the Yoast SEO plugin v27.4 - https:\/\/yoast.com\/product\/yoast-seo-wordpress\/ -->\n<title>Swipe Pages: recensione software creare landing page - Accurate Reviews<\/title>\n<meta name=\"description\" content=\"Swipe Pages: recensione del software per coreare landing page ad alta conversione e ottimizzate per i dispositivi mobile.\" \/>\n<meta name=\"robots\" content=\"index, follow, max-snippet:-1, max-image-preview:large, max-video-preview:-1\" \/>\n<link rel=\"canonical\" href=\"https:\/\/www.accuratereviews.com\/it\/software-creare-landing-page\/swipe-pages-recensione\/\" \/>\n<meta property=\"og:locale\" content=\"it_IT\" \/>\n<meta property=\"og:type\" content=\"article\" \/>\n<meta property=\"og:title\" content=\"Swipe Pages: recensione software creare landing page - Accurate Reviews\" \/>\n<meta property=\"og:description\" content=\"Swipe Pages: recensione del software per coreare landing page ad alta conversione e ottimizzate per i dispositivi mobile.\" \/>\n<meta property=\"og:url\" content=\"https:\/\/www.accuratereviews.com\/it\/software-creare-landing-page\/swipe-pages-recensione\/\" \/>\n<meta property=\"og:site_name\" content=\"Accurate Reviews\" \/>\n<meta property=\"article:modified_time\" content=\"2022-06-29T07:45:26+00:00\" \/>\n<meta property=\"og:image\" content=\"https:\/\/www.accuratereviews.com\/wp-content\/uploads\/2022\/06\/swipepages-landing-pages.png\" \/>\n\t<meta property=\"og:image:width\" content=\"2000\" \/>\n\t<meta property=\"og:image:height\" content=\"1000\" \/>\n\t<meta property=\"og:image:type\" content=\"image\/png\" \/>\n<meta name=\"twitter:card\" content=\"summary_large_image\" \/>\n<meta name=\"twitter:label1\" content=\"Tempo di lettura stimato\" \/>\n\t<meta name=\"twitter:data1\" content=\"3 minuti\" \/>\n<script type=\"application\/ld+json\" class=\"yoast-schema-graph\">{\"@context\":\"https:\\\/\\\/schema.org\",\"@graph\":[{\"@type\":\"WebPage\",\"@id\":\"https:\\\/\\\/www.accuratereviews.com\\\/it\\\/software-creare-landing-page\\\/swipe-pages-recensione\\\/\",\"url\":\"https:\\\/\\\/www.accuratereviews.com\\\/it\\\/software-creare-landing-page\\\/swipe-pages-recensione\\\/\",\"name\":\"Swipe Pages: recensione software creare landing page - Accurate Reviews\",\"isPartOf\":{\"@id\":\"https:\\\/\\\/www.accuratereviews.com\\\/it\\\/#website\"},\"primaryImageOfPage\":{\"@id\":\"https:\\\/\\\/www.accuratereviews.com\\\/it\\\/software-creare-landing-page\\\/swipe-pages-recensione\\\/#primaryimage\"},\"image\":{\"@id\":\"https:\\\/\\\/www.accuratereviews.com\\\/it\\\/software-creare-landing-page\\\/swipe-pages-recensione\\\/#primaryimage\"},\"thumbnailUrl\":\"https:\\\/\\\/www.accuratereviews.com\\\/wp-content\\\/uploads\\\/2022\\\/06\\\/swipepages-landing-pages.png\",\"datePublished\":\"2022-06-28T11:32:00+00:00\",\"dateModified\":\"2022-06-29T07:45:26+00:00\",\"description\":\"Swipe Pages: recensione del software per coreare landing page ad alta conversione e ottimizzate per i dispositivi mobile.\",\"breadcrumb\":{\"@id\":\"https:\\\/\\\/www.accuratereviews.com\\\/it\\\/software-creare-landing-page\\\/swipe-pages-recensione\\\/#breadcrumb\"},\"inLanguage\":\"it-IT\",\"potentialAction\":[{\"@type\":\"ReadAction\",\"target\":[\"https:\\\/\\\/www.accuratereviews.com\\\/it\\\/software-creare-landing-page\\\/swipe-pages-recensione\\\/\"]}]},{\"@type\":\"ImageObject\",\"inLanguage\":\"it-IT\",\"@id\":\"https:\\\/\\\/www.accuratereviews.com\\\/it\\\/software-creare-landing-page\\\/swipe-pages-recensione\\\/#primaryimage\",\"url\":\"https:\\\/\\\/www.accuratereviews.com\\\/wp-content\\\/uploads\\\/2022\\\/06\\\/swipepages-landing-pages.png\",\"contentUrl\":\"https:\\\/\\\/www.accuratereviews.com\\\/wp-content\\\/uploads\\\/2022\\\/06\\\/swipepages-landing-pages.png\",\"width\":2000,\"height\":1000},{\"@type\":\"BreadcrumbList\",\"@id\":\"https:\\\/\\\/www.accuratereviews.com\\\/it\\\/software-creare-landing-page\\\/swipe-pages-recensione\\\/#breadcrumb\",\"itemListElement\":[{\"@type\":\"ListItem\",\"position\":1,\"name\":\"Home\",\"item\":\"https:\\\/\\\/www.accuratereviews.com\\\/it\\\/\"},{\"@type\":\"ListItem\",\"position\":2,\"name\":\"Software per creare landing page\",\"item\":\"https:\\\/\\\/www.accuratereviews.com\\\/it\\\/software-creare-landing-page\\\/\"},{\"@type\":\"ListItem\",\"position\":3,\"name\":\"Swipe Pages\"}]},{\"@type\":\"WebSite\",\"@id\":\"https:\\\/\\\/www.accuratereviews.com\\\/it\\\/#website\",\"url\":\"https:\\\/\\\/www.accuratereviews.com\\\/it\\\/\",\"name\":\"Accurate Reviews\",\"description\":\"\",\"potentialAction\":[{\"@type\":\"SearchAction\",\"target\":{\"@type\":\"EntryPoint\",\"urlTemplate\":\"https:\\\/\\\/www.accuratereviews.com\\\/it\\\/?s={search_term_string}\"},\"query-input\":{\"@type\":\"PropertyValueSpecification\",\"valueRequired\":true,\"valueName\":\"search_term_string\"}}],\"inLanguage\":\"it-IT\"}]}<\/script>\n<!-- \/ Yoast SEO plugin. -->","yoast_head_json":{"title":"Swipe Pages: recensione software creare landing page - Accurate Reviews","description":"Swipe Pages: recensione del software per coreare landing page ad alta conversione e ottimizzate per i dispositivi mobile.","robots":{"index":"index","follow":"follow","max-snippet":"max-snippet:-1","max-image-preview":"max-image-preview:large","max-video-preview":"max-video-preview:-1"},"canonical":"https:\/\/www.accuratereviews.com\/it\/software-creare-landing-page\/swipe-pages-recensione\/","og_locale":"it_IT","og_type":"article","og_title":"Swipe Pages: recensione software creare landing page - Accurate Reviews","og_description":"Swipe Pages: recensione del software per coreare landing page ad alta conversione e ottimizzate per i dispositivi mobile.","og_url":"https:\/\/www.accuratereviews.com\/it\/software-creare-landing-page\/swipe-pages-recensione\/","og_site_name":"Accurate Reviews","article_modified_time":"2022-06-29T07:45:26+00:00","og_image":[{"width":2000,"height":1000,"url":"https:\/\/www.accuratereviews.com\/wp-content\/uploads\/2022\/06\/swipepages-landing-pages.png","type":"image\/png"}],"twitter_card":"summary_large_image","twitter_misc":{"Tempo di lettura stimato":"3 minuti"},"schema":{"@context":"https:\/\/schema.org","@graph":[{"@type":"WebPage","@id":"https:\/\/www.accuratereviews.com\/it\/software-creare-landing-page\/swipe-pages-recensione\/","url":"https:\/\/www.accuratereviews.com\/it\/software-creare-landing-page\/swipe-pages-recensione\/","name":"Swipe Pages: recensione software creare landing page - Accurate Reviews","isPartOf":{"@id":"https:\/\/www.accuratereviews.com\/it\/#website"},"primaryImageOfPage":{"@id":"https:\/\/www.accuratereviews.com\/it\/software-creare-landing-page\/swipe-pages-recensione\/#primaryimage"},"image":{"@id":"https:\/\/www.accuratereviews.com\/it\/software-creare-landing-page\/swipe-pages-recensione\/#primaryimage"},"thumbnailUrl":"https:\/\/www.accuratereviews.com\/wp-content\/uploads\/2022\/06\/swipepages-landing-pages.png","datePublished":"2022-06-28T11:32:00+00:00","dateModified":"2022-06-29T07:45:26+00:00","description":"Swipe Pages: recensione del software per coreare landing page ad alta conversione e ottimizzate per i dispositivi mobile.","breadcrumb":{"@id":"https:\/\/www.accuratereviews.com\/it\/software-creare-landing-page\/swipe-pages-recensione\/#breadcrumb"},"inLanguage":"it-IT","potentialAction":[{"@type":"ReadAction","target":["https:\/\/www.accuratereviews.com\/it\/software-creare-landing-page\/swipe-pages-recensione\/"]}]},{"@type":"ImageObject","inLanguage":"it-IT","@id":"https:\/\/www.accuratereviews.com\/it\/software-creare-landing-page\/swipe-pages-recensione\/#primaryimage","url":"https:\/\/www.accuratereviews.com\/wp-content\/uploads\/2022\/06\/swipepages-landing-pages.png","contentUrl":"https:\/\/www.accuratereviews.com\/wp-content\/uploads\/2022\/06\/swipepages-landing-pages.png","width":2000,"height":1000},{"@type":"BreadcrumbList","@id":"https:\/\/www.accuratereviews.com\/it\/software-creare-landing-page\/swipe-pages-recensione\/#breadcrumb","itemListElement":[{"@type":"ListItem","position":1,"name":"Home","item":"https:\/\/www.accuratereviews.com\/it\/"},{"@type":"ListItem","position":2,"name":"Software per creare landing page","item":"https:\/\/www.accuratereviews.com\/it\/software-creare-landing-page\/"},{"@type":"ListItem","position":3,"name":"Swipe Pages"}]},{"@type":"WebSite","@id":"https:\/\/www.accuratereviews.com\/it\/#website","url":"https:\/\/www.accuratereviews.com\/it\/","name":"Accurate Reviews","description":"","potentialAction":[{"@type":"SearchAction","target":{"@type":"EntryPoint","urlTemplate":"https:\/\/www.accuratereviews.com\/it\/?s={search_term_string}"},"query-input":{"@type":"PropertyValueSpecification","valueRequired":true,"valueName":"search_term_string"}}],"inLanguage":"it-IT"}]}},"_links":{"self":[{"href":"https:\/\/www.accuratereviews.com\/it\/wp-json\/wp\/v2\/pages\/59156","targetHints":{"allow":["GET"]}}],"collection":[{"href":"https:\/\/www.accuratereviews.com\/it\/wp-json\/wp\/v2\/pages"}],"about":[{"href":"https:\/\/www.accuratereviews.com\/it\/wp-json\/wp\/v2\/types\/page"}],"author":[{"embeddable":true,"href":"https:\/\/www.accuratereviews.com\/it\/wp-json\/wp\/v2\/users\/17"}],"replies":[{"embeddable":true,"href":"https:\/\/www.accuratereviews.com\/it\/wp-json\/wp\/v2\/comments?post=59156"}],"version-history":[{"count":7,"href":"https:\/\/www.accuratereviews.com\/it\/wp-json\/wp\/v2\/pages\/59156\/revisions"}],"predecessor-version":[{"id":59213,"href":"https:\/\/www.accuratereviews.com\/it\/wp-json\/wp\/v2\/pages\/59156\/revisions\/59213"}],"up":[{"embeddable":true,"href":"https:\/\/www.accuratereviews.com\/it\/wp-json\/wp\/v2\/pages\/58467"}],"wp:featuredmedia":[{"embeddable":true,"href":"https:\/\/www.accuratereviews.com\/it\/wp-json\/wp\/v2\/media\/59158"}],"wp:attachment":[{"href":"https:\/\/www.accuratereviews.com\/it\/wp-json\/wp\/v2\/media?parent=59156"}],"wp:term":[{"taxonomy":"category","embeddable":true,"href":"https:\/\/www.accuratereviews.com\/it\/wp-json\/wp\/v2\/categories?post=59156"},{"taxonomy":"post_tag","embeddable":true,"href":"https:\/\/www.accuratereviews.com\/it\/wp-json\/wp\/v2\/tags?post=59156"},{"taxonomy":"features","embeddable":true,"href":"https:\/\/www.accuratereviews.com\/it\/wp-json\/wp\/v2\/features?post=59156"}],"curies":[{"name":"wp","href":"https:\/\/api.w.org\/{rel}","templated":true}]}}