{"id":59192,"date":"2022-06-29T10:32:11","date_gmt":"2022-06-29T10:32:11","guid":{"rendered":"https:\/\/www.accuratereviews.com\/?page_id=59192"},"modified":"2022-06-29T10:32:11","modified_gmt":"2022-06-29T10:32:11","slug":"chatmeter-recensione","status":"publish","type":"page","link":"https:\/\/www.accuratereviews.com\/it\/software-creare-landing-page\/chatmeter-recensione\/","title":{"rendered":"Chatmeter"},"content":{"rendered":"<p><strong>Chatmeter<\/strong> \u00e8 un <strong>software di gestione dei social media<\/strong> progettato per aiutare le aziende a gestire elenchi, recensioni, post sui social media e<strong> pagine locali.<\/strong> Gli amministratori possono creare, aggiornare, ottimizzare, pubblicare, monitorare e proteggere gli elenchi dai duplicati in blocco e gestire le chiusure temporanee.\u00a0La piattaforma consente ai gestori di aggiornare i tempi di disponibilit\u00e0, le festivit\u00e0 e le posizioni delle attivit\u00e0 commerciali locali su Google, Yelp, Facebook e altri siti. <strong>Chatmeter<\/strong> consente ai team di analizzare le recensioni, le classifiche di ricerca, i concorrenti e gli elenchi locali per determinare i punteggi di visibilit\u00e0 del marchio locale (LBV).\u00a0Gli operatori possono anche pianificare e pubblicare post su Facebook, LinkedIn, Twitter, Instagram e altri siti di social network, tenere traccia degli hashtag di tendenza e analizzare le metriche di coinvolgimento su un&#8217;interfaccia unificata.<\/p>\n<h2>CHATMETER &#8211; TUTORIAL<\/h2>\n<p>Guardiamo come analizzare la reputazione della tua attivit\u00e0 \u00a0da questo <strong>software per creare landing page<\/strong>:<\/p>\n<div id=\"fluid-wrapper-counter-1\" class=\"g1-fluid-wrapper \" style=\"width:686px;\">\n<div style=\"padding-bottom:56.268221574344%;\"><iframe loading=\"lazy\" title=\"How Multi-Location Brands Automate Reputation Management\" width=\"686\" height=\"386\" src=\"https:\/\/www.youtube.com\/embed\/krXgYgFqOVk?feature=oembed&amp;wmode=transparent&amp;autohide=1&amp;autoplay=0&amp;disablekb=0&amp;fs=1&amp;loop=0&amp;enablejsapi=1&amp;rel=0&amp;controls=2&amp;showinfo=0&amp;wmode=transparent&amp;autohide=2&amp;autoplay=0&amp;disablekb=0&amp;fs=1&amp;loop=0&amp;enablejsapi=1&amp;rel=0&amp;controls=2&amp;showinfo=1\" frameborder=\"0\" allow=\"accelerometer; autoplay; clipboard-write; encrypted-media; gyroscope; picture-in-picture\" allowfullscreen><\/iframe><\/div>\n<\/div>\n<h3>CHATMETER &#8211; CARATTERISTICHE<\/h3>\n<ul>\n<li><strong>Intelligenza aziendale<\/strong>: analizza e segmenta facilmente i tuoi dati per creare report personalizzati che soddisfino le tue esigenze aziendali specifiche<\/li>\n<li><strong>Confronta la tua concorrenza<\/strong>: prendi decisioni aziendali con i dati della concorrenza in tempo reale. La soluzione ti offre informazioni dettagliate su come ti trovi rispetto alla concorrenza per ogni sede della tua organizzazione<\/li>\n<li><strong>Integrazione Omnicanale<\/strong>: il tuo stack di strumenti BI si sincronizza perfettamente con il programma per supportare la tua strategia di crescita omnicanale<\/li>\n<li><strong>Visibilit\u00e0 del marchio<\/strong>: il software analizza le recensioni, i post sui social, gli elenchi, il ranking di ricerca e i dati della concorrenza per identificare dove stai eccellendo nella visibilit\u00e0 del marchio e quali aree devono essere migliorate<\/li>\n<li><strong>Accesso utente sicuro<\/strong>: la piattaforma sicura offre utenti illimitati su desktop e l&#8217;app mobile in un&#8217;architettura conforme a SOC2. Imposta facilmente le autorizzazioni e l&#8217;accesso a vari livelli nell&#8217;organizzazione<\/li>\n<li><strong>Analisi approfondite<\/strong>: ascolta ci\u00f2 che i tuoi clienti dicono del tuo marchio senza leggere riga per riga ogni recensione. In un attimo, guarda i tuoi successi di reputazione di tendenza e dove sei all&#8217;altezza.<\/li>\n<\/ul>\n<h4>LE RECENSIONI DEGLI UTENTI<\/h4>\n<p class=\"font-weight-bold mb-2\"><strong>Kelcie S.&#8221;Chatmeter&#8221;<\/strong><\/p>\n<p class=\"font-weight-bold mb-2\"><strong>Pro<\/strong>:\u00a0Tutto quello che avresti sempre voluto sapere sulle tue recensioni puoi trovarlo su Chatmeter. \u00c8 davvero incredibile. Inoltre, \u00e8 una piattaforma super robusta da utilizzare. Ti consente di rispondere a pi\u00f9 recensioni alla volta, oltre a ottenere informazioni dettagliate su ogni posizione che hai. Tutto intorno a un programma davvero interessante e perspicace.<\/p>\n<p class=\"font-weight-bold mb-2\"><strong>Contro<\/strong>:\u00a0Sembrer\u00e0 sciocco, ma tutto sommato l&#8217;aspetto del software \u00e8 un po&#8217; datato. Sebbene siano all&#8217;avanguardia in tutte le recensioni, la piattaforma sembra del 1999. lol. Solo una piccola cosa.<\/p>\n<p class=\"font-weight-bold mb-2\"><strong>Jessie W.&#8221;Rende il mio lavoro cos\u00ec facile!&#8221;<\/strong><\/p>\n<p><span class=\"font-weight-bold\"><strong>Commenti<\/strong>: <\/span>Il servizio clienti \u00e8 straordinario e le offerte di prodotti migliorano continuamente e si ampliano.<\/p>\n<p class=\"font-weight-bold mb-2\"><strong>Pro<\/strong>:\u00a0Con oltre 120 diverse propriet\u00e0, Chatmeter \u00e8 COS\u00cc facile da filtrare in tutte le recensioni, garantire che le inserzioni siano corrette e pubblicare in massa sui social media. Tutti i nostri gestori di propriet\u00e0 e supervisori regionali sono impostati per ricevere e-mail di revisione settimanali e, per questo motivo, possono facilmente rimanere aggiornati sui problemi. Sarebbe impossibile gestire un portafoglio cos\u00ec ampio senza Chatmeter.<\/p>\n<p class=\"font-weight-bold mb-2\"><strong>Contro<\/strong>:\u00a0Le uniche cose che desidero sono le anteprime dei collegamenti, le meta descrizioni e le foto cliccabili quando si postano i collegamenti sui social media, nonch\u00e9 l&#8217;accesso completo alle risposte alle recensioni nella dashboard (ApartmentRatings, Apartments.com, ecc.)<\/p>\n<p class=\"font-weight-bold mb-2\"><strong>Jen J.&#8221;Chatmeter ti far\u00e0 risparmiare tempo.&#8221;<\/strong><\/p>\n<p><span class=\"font-weight-bold\"><strong>Commenti<\/strong>: <\/span>Mi piace fare affari con Chatmeter, i nostri rappresentanti sono molto disponibili e sempre pronti a rispondere a domande, risolvere problemi o fare formazione con i nostri team.<\/p>\n<p class=\"font-weight-bold mb-2\"><strong>Pro<\/strong>:\u00a0Chatmeter mette quasi tutto ci\u00f2 di cui hai bisogno per le recensioni in un unico posto, puoi leggere recensioni, rispondere, ricercare e segnalare tutto da un&#8217;unica dashboard per tutte le tue fonti di recensione.<\/p>\n<p class=\"font-weight-bold mb-2\"><strong>Contro<\/strong>:\u00a0Di tanto in tanto vedremo riapparire vecchie recensioni e non avremo mai una risposta diretta su come sono tornate nel sistema. Questo pu\u00f2 creare confusione e richiedere molto tempo per capire che non sono nuove come potrebbero sembrare, ma recensioni che hanno gi\u00e0 risposto.<\/p>\n","protected":false},"excerpt":{"rendered":"<p>Chatmeter \u00e8 un software di gestione dei social media progettato per aiutare le aziende a gestire elenchi, recensioni, post sui social media e pagine locali. Gli amministratori possono creare, aggiornare, ottimizzare, pubblicare, monitorare e proteggere gli elenchi dai duplicati in blocco e gestire le chiusure temporanee.\u00a0<\/p>\n","protected":false},"author":16,"featured_media":59193,"parent":58467,"menu_order":0,"comment_status":"open","ping_status":"closed","template":"g1_template_page_review_new.php","meta":{"_acf_changed":false,"cwp_meta_box_check":"No","cwp_rev_product_name":"","cwp_rev_product_image":"","wppr_links":[],"cwp_rev_price":"","wppr_options":[],"wppr_pros":[],"wppr_cons":[],"_monsterinsights_skip_tracking":false,"_monsterinsights_sitenote_active":false,"_monsterinsights_sitenote_note":"","_monsterinsights_sitenote_category":0,"footnotes":""},"categories":[12754],"tags":[12898],"features":[],"class_list":{"0":"post-59192","1":"page","2":"type-page","3":"status-publish","4":"has-post-thumbnail","6":"category-software-per-creare-landing-page-cat","7":"tag-chatmeter"},"wppr_data":{"cwp_meta_box_check":"No"},"acf":[],"yoast_head":"<!-- This site is optimized with the Yoast SEO plugin v27.4 - https:\/\/yoast.com\/product\/yoast-seo-wordpress\/ -->\n<title>Chatmeter: recensione software creazione landing page Accurate Reviews<\/title>\n<meta name=\"description\" content=\"Chatmeter: recensione software di gestione dei social media progettato per aiutare le aziende a gestire elenchi, recensioni e post sui social media.\" \/>\n<meta name=\"robots\" content=\"index, follow, max-snippet:-1, max-image-preview:large, max-video-preview:-1\" \/>\n<link rel=\"canonical\" href=\"https:\/\/www.accuratereviews.com\/it\/software-creare-landing-page\/chatmeter-recensione\/\" \/>\n<meta property=\"og:locale\" content=\"it_IT\" \/>\n<meta property=\"og:type\" content=\"article\" \/>\n<meta property=\"og:title\" content=\"Chatmeter: recensione software creazione landing page Accurate Reviews\" \/>\n<meta property=\"og:description\" content=\"Chatmeter: recensione software di gestione dei social media progettato per aiutare le aziende a gestire elenchi, recensioni e post sui social media.\" \/>\n<meta property=\"og:url\" content=\"https:\/\/www.accuratereviews.com\/it\/software-creare-landing-page\/chatmeter-recensione\/\" \/>\n<meta property=\"og:site_name\" content=\"Accurate Reviews\" \/>\n<meta property=\"og:image\" content=\"https:\/\/www.accuratereviews.com\/wp-content\/uploads\/2022\/06\/Chatmeter.png\" \/>\n\t<meta property=\"og:image:width\" content=\"300\" \/>\n\t<meta property=\"og:image:height\" content=\"300\" \/>\n\t<meta property=\"og:image:type\" content=\"image\/png\" \/>\n<meta name=\"twitter:card\" content=\"summary_large_image\" \/>\n<meta name=\"twitter:label1\" content=\"Tempo di lettura stimato\" \/>\n\t<meta name=\"twitter:data1\" content=\"4 minuti\" \/>\n<script type=\"application\/ld+json\" class=\"yoast-schema-graph\">{\"@context\":\"https:\\\/\\\/schema.org\",\"@graph\":[{\"@type\":\"WebPage\",\"@id\":\"https:\\\/\\\/www.accuratereviews.com\\\/it\\\/software-creare-landing-page\\\/chatmeter-recensione\\\/\",\"url\":\"https:\\\/\\\/www.accuratereviews.com\\\/it\\\/software-creare-landing-page\\\/chatmeter-recensione\\\/\",\"name\":\"Chatmeter: recensione software creazione landing page Accurate Reviews\",\"isPartOf\":{\"@id\":\"https:\\\/\\\/www.accuratereviews.com\\\/it\\\/#website\"},\"primaryImageOfPage\":{\"@id\":\"https:\\\/\\\/www.accuratereviews.com\\\/it\\\/software-creare-landing-page\\\/chatmeter-recensione\\\/#primaryimage\"},\"image\":{\"@id\":\"https:\\\/\\\/www.accuratereviews.com\\\/it\\\/software-creare-landing-page\\\/chatmeter-recensione\\\/#primaryimage\"},\"thumbnailUrl\":\"https:\\\/\\\/www.accuratereviews.com\\\/wp-content\\\/uploads\\\/2022\\\/06\\\/Chatmeter.png\",\"datePublished\":\"2022-06-29T10:32:11+00:00\",\"description\":\"Chatmeter: recensione software di gestione dei social media progettato per aiutare le aziende a gestire elenchi, recensioni e post sui social media.\",\"breadcrumb\":{\"@id\":\"https:\\\/\\\/www.accuratereviews.com\\\/it\\\/software-creare-landing-page\\\/chatmeter-recensione\\\/#breadcrumb\"},\"inLanguage\":\"it-IT\",\"potentialAction\":[{\"@type\":\"ReadAction\",\"target\":[\"https:\\\/\\\/www.accuratereviews.com\\\/it\\\/software-creare-landing-page\\\/chatmeter-recensione\\\/\"]}]},{\"@type\":\"ImageObject\",\"inLanguage\":\"it-IT\",\"@id\":\"https:\\\/\\\/www.accuratereviews.com\\\/it\\\/software-creare-landing-page\\\/chatmeter-recensione\\\/#primaryimage\",\"url\":\"https:\\\/\\\/www.accuratereviews.com\\\/wp-content\\\/uploads\\\/2022\\\/06\\\/Chatmeter.png\",\"contentUrl\":\"https:\\\/\\\/www.accuratereviews.com\\\/wp-content\\\/uploads\\\/2022\\\/06\\\/Chatmeter.png\",\"width\":300,\"height\":300},{\"@type\":\"BreadcrumbList\",\"@id\":\"https:\\\/\\\/www.accuratereviews.com\\\/it\\\/software-creare-landing-page\\\/chatmeter-recensione\\\/#breadcrumb\",\"itemListElement\":[{\"@type\":\"ListItem\",\"position\":1,\"name\":\"Home\",\"item\":\"https:\\\/\\\/www.accuratereviews.com\\\/it\\\/\"},{\"@type\":\"ListItem\",\"position\":2,\"name\":\"Software per creare landing page\",\"item\":\"https:\\\/\\\/www.accuratereviews.com\\\/it\\\/software-creare-landing-page\\\/\"},{\"@type\":\"ListItem\",\"position\":3,\"name\":\"Chatmeter\"}]},{\"@type\":\"WebSite\",\"@id\":\"https:\\\/\\\/www.accuratereviews.com\\\/it\\\/#website\",\"url\":\"https:\\\/\\\/www.accuratereviews.com\\\/it\\\/\",\"name\":\"Accurate Reviews\",\"description\":\"\",\"potentialAction\":[{\"@type\":\"SearchAction\",\"target\":{\"@type\":\"EntryPoint\",\"urlTemplate\":\"https:\\\/\\\/www.accuratereviews.com\\\/it\\\/?s={search_term_string}\"},\"query-input\":{\"@type\":\"PropertyValueSpecification\",\"valueRequired\":true,\"valueName\":\"search_term_string\"}}],\"inLanguage\":\"it-IT\"}]}<\/script>\n<!-- \/ Yoast SEO plugin. -->","yoast_head_json":{"title":"Chatmeter: recensione software creazione landing page Accurate Reviews","description":"Chatmeter: recensione software di gestione dei social media progettato per aiutare le aziende a gestire elenchi, recensioni e post sui social media.","robots":{"index":"index","follow":"follow","max-snippet":"max-snippet:-1","max-image-preview":"max-image-preview:large","max-video-preview":"max-video-preview:-1"},"canonical":"https:\/\/www.accuratereviews.com\/it\/software-creare-landing-page\/chatmeter-recensione\/","og_locale":"it_IT","og_type":"article","og_title":"Chatmeter: recensione software creazione landing page Accurate Reviews","og_description":"Chatmeter: recensione software di gestione dei social media progettato per aiutare le aziende a gestire elenchi, recensioni e post sui social media.","og_url":"https:\/\/www.accuratereviews.com\/it\/software-creare-landing-page\/chatmeter-recensione\/","og_site_name":"Accurate Reviews","og_image":[{"width":300,"height":300,"url":"https:\/\/www.accuratereviews.com\/wp-content\/uploads\/2022\/06\/Chatmeter.png","type":"image\/png"}],"twitter_card":"summary_large_image","twitter_misc":{"Tempo di lettura stimato":"4 minuti"},"schema":{"@context":"https:\/\/schema.org","@graph":[{"@type":"WebPage","@id":"https:\/\/www.accuratereviews.com\/it\/software-creare-landing-page\/chatmeter-recensione\/","url":"https:\/\/www.accuratereviews.com\/it\/software-creare-landing-page\/chatmeter-recensione\/","name":"Chatmeter: recensione software creazione landing page Accurate Reviews","isPartOf":{"@id":"https:\/\/www.accuratereviews.com\/it\/#website"},"primaryImageOfPage":{"@id":"https:\/\/www.accuratereviews.com\/it\/software-creare-landing-page\/chatmeter-recensione\/#primaryimage"},"image":{"@id":"https:\/\/www.accuratereviews.com\/it\/software-creare-landing-page\/chatmeter-recensione\/#primaryimage"},"thumbnailUrl":"https:\/\/www.accuratereviews.com\/wp-content\/uploads\/2022\/06\/Chatmeter.png","datePublished":"2022-06-29T10:32:11+00:00","description":"Chatmeter: recensione software di gestione dei social media progettato per aiutare le aziende a gestire elenchi, recensioni e post sui social media.","breadcrumb":{"@id":"https:\/\/www.accuratereviews.com\/it\/software-creare-landing-page\/chatmeter-recensione\/#breadcrumb"},"inLanguage":"it-IT","potentialAction":[{"@type":"ReadAction","target":["https:\/\/www.accuratereviews.com\/it\/software-creare-landing-page\/chatmeter-recensione\/"]}]},{"@type":"ImageObject","inLanguage":"it-IT","@id":"https:\/\/www.accuratereviews.com\/it\/software-creare-landing-page\/chatmeter-recensione\/#primaryimage","url":"https:\/\/www.accuratereviews.com\/wp-content\/uploads\/2022\/06\/Chatmeter.png","contentUrl":"https:\/\/www.accuratereviews.com\/wp-content\/uploads\/2022\/06\/Chatmeter.png","width":300,"height":300},{"@type":"BreadcrumbList","@id":"https:\/\/www.accuratereviews.com\/it\/software-creare-landing-page\/chatmeter-recensione\/#breadcrumb","itemListElement":[{"@type":"ListItem","position":1,"name":"Home","item":"https:\/\/www.accuratereviews.com\/it\/"},{"@type":"ListItem","position":2,"name":"Software per creare landing page","item":"https:\/\/www.accuratereviews.com\/it\/software-creare-landing-page\/"},{"@type":"ListItem","position":3,"name":"Chatmeter"}]},{"@type":"WebSite","@id":"https:\/\/www.accuratereviews.com\/it\/#website","url":"https:\/\/www.accuratereviews.com\/it\/","name":"Accurate Reviews","description":"","potentialAction":[{"@type":"SearchAction","target":{"@type":"EntryPoint","urlTemplate":"https:\/\/www.accuratereviews.com\/it\/?s={search_term_string}"},"query-input":{"@type":"PropertyValueSpecification","valueRequired":true,"valueName":"search_term_string"}}],"inLanguage":"it-IT"}]}},"_links":{"self":[{"href":"https:\/\/www.accuratereviews.com\/it\/wp-json\/wp\/v2\/pages\/59192","targetHints":{"allow":["GET"]}}],"collection":[{"href":"https:\/\/www.accuratereviews.com\/it\/wp-json\/wp\/v2\/pages"}],"about":[{"href":"https:\/\/www.accuratereviews.com\/it\/wp-json\/wp\/v2\/types\/page"}],"author":[{"embeddable":true,"href":"https:\/\/www.accuratereviews.com\/it\/wp-json\/wp\/v2\/users\/16"}],"replies":[{"embeddable":true,"href":"https:\/\/www.accuratereviews.com\/it\/wp-json\/wp\/v2\/comments?post=59192"}],"version-history":[{"count":5,"href":"https:\/\/www.accuratereviews.com\/it\/wp-json\/wp\/v2\/pages\/59192\/revisions"}],"predecessor-version":[{"id":59226,"href":"https:\/\/www.accuratereviews.com\/it\/wp-json\/wp\/v2\/pages\/59192\/revisions\/59226"}],"up":[{"embeddable":true,"href":"https:\/\/www.accuratereviews.com\/it\/wp-json\/wp\/v2\/pages\/58467"}],"wp:featuredmedia":[{"embeddable":true,"href":"https:\/\/www.accuratereviews.com\/it\/wp-json\/wp\/v2\/media\/59193"}],"wp:attachment":[{"href":"https:\/\/www.accuratereviews.com\/it\/wp-json\/wp\/v2\/media?parent=59192"}],"wp:term":[{"taxonomy":"category","embeddable":true,"href":"https:\/\/www.accuratereviews.com\/it\/wp-json\/wp\/v2\/categories?post=59192"},{"taxonomy":"post_tag","embeddable":true,"href":"https:\/\/www.accuratereviews.com\/it\/wp-json\/wp\/v2\/tags?post=59192"},{"taxonomy":"features","embeddable":true,"href":"https:\/\/www.accuratereviews.com\/it\/wp-json\/wp\/v2\/features?post=59192"}],"curies":[{"name":"wp","href":"https:\/\/api.w.org\/{rel}","templated":true}]}}