{"id":59244,"date":"2022-06-30T14:15:01","date_gmt":"2022-06-30T14:15:01","guid":{"rendered":"https:\/\/www.accuratereviews.com\/?page_id=59244"},"modified":"2022-06-30T14:15:01","modified_gmt":"2022-06-30T14:15:01","slug":"visual-composer-recensione","status":"publish","type":"page","link":"https:\/\/www.accuratereviews.com\/it\/software-creare-landing-page\/visual-composer-recensione\/","title":{"rendered":"Visual Composer"},"content":{"rendered":"<p class=\"h3 mb-1\"><strong>Visual Composer<\/strong>\u00a0\u00e8 un <strong>software che costruisce siti web e landing page<\/strong> professionali che si rivolge a esperti di marketing, proprietari di negozi ecommerce, agenzie e sviluppatori. Si tratta di un costruttore di pagine WordPress completo, intuitivo e semplice da usare grazie alla tecnica drag and drop che non richiede nessuna competenza di codifica.<br \/>\nL&#8217;obiettivo di <strong>Visual Composer\u00a0<\/strong>\u00e8 quello di\u00a0creare pagine ad alta conversione, ottimizzate SEO e integrate con le piattaforme social preferite; tutto questo ti permetter\u00e0 di raggiungere un pubblico pi\u00f9 vasto.<\/p>\n<h2>VISUAL COMPOSER &#8211; TUTORIAL<\/h2>\n<div id=\"fluid-wrapper-counter-1\" class=\"g1-fluid-wrapper \" style=\"width:686px;\">\n<div style=\"padding-bottom:56.268221574344%;\"><iframe loading=\"lazy\" title=\"How to Create Landing Page with Visual Composer\" width=\"686\" height=\"386\" src=\"https:\/\/www.youtube.com\/embed\/1HGn9pCNPyI?feature=oembed&amp;wmode=transparent&amp;autohide=1&amp;autoplay=0&amp;disablekb=0&amp;fs=1&amp;loop=0&amp;enablejsapi=1&amp;rel=0&amp;controls=2&amp;showinfo=0&amp;wmode=transparent&amp;autohide=2&amp;autoplay=0&amp;disablekb=0&amp;fs=1&amp;loop=0&amp;enablejsapi=1&amp;rel=0&amp;controls=2&amp;showinfo=1\" frameborder=\"0\" allow=\"accelerometer; autoplay; clipboard-write; encrypted-media; gyroscope; picture-in-picture\" allowfullscreen><\/iframe><\/div>\n<\/div>\n<h3>VISUAL COMPOSER &#8211; CARATTERISTICHE<\/h3>\n<ul>\n<li><strong>Interfaccia facile da usare<\/strong>: realizzata all&#8217;insegna della semplicit\u00e0. Visual Composer Website Builder offre un&#8217;interfaccia utente intuitiva, con una curva di apprendimento ridotta per i principianti e funzioni pratiche per i professionisti<\/li>\n<li><strong>Drag and drop<\/strong>: utilizza un semplice editor drag and drop per spostare e gestire il layout e gli elementi della pagina<\/li>\n<li><strong>Aggiornamento istantaneo dei contenuti<\/strong>: vedi immediatamente tutte le modifiche apportate alla tua pagina e ai tuoi elementi. Gioca con i colori, le opzioni e i parametri e vedi i risultati all&#8217;istante<\/li>\n<li><strong>Interfaccia utente adattabile<\/strong>: configura l&#8217;interfaccia e sposta la navigazione nel tuo layout in qualsiasi momento. Impostala a sinistra, in alto, a destra, in basso o staccata<\/li>\n<li><strong>Opzione Annulla\/Ripristina<\/strong>: torna indietro in qualsiasi momento quando lavori con i tuoi contenuti grazie alla funzione di Annulla\/Ripristino rapido<\/li>\n<li><strong>Editor di frontend<\/strong>: costruisci o modifica il tuo sito web con l&#8217;editor di frontend<\/li>\n<li><strong>CSS personalizzato<\/strong>: combina la potenza del costruttore di siti web con le tue competenze CSS. Visual Composer Website Builder ti aiuta ad aggiungere il tuo CSS personalizzato tramite le impostazioni dell&#8217;editor. Aggiungi istantaneamente CSS locali o globali alla tua pagina o all&#8217;intero sito web<\/li>\n<li><strong>JavaScript personalizzato<\/strong>: aggiungi il tuo JavaScript personalizzato direttamente dal Website Builder di Visual Composer. Scegli di aggiungere JavaScript localmente o globalmente come script per l&#8217;intestazione o il pi\u00e8 di pagina<\/li>\n<li><strong>Widget predefiniti di WordPress<\/strong>: aggiungi tutti i widget predefiniti di WordPress alla tua tela senza lasciare l&#8217;edito<br \/>\n<strong>Integrazione con i social media<\/strong>: accesso a un&#8217;ampia gamma di elementi di contenuti per i social media (ad es. Facebook, Twitter, Instagram).<\/li>\n<li><strong>Ottimizzato per la SEO<\/strong>: tutti gli elementi e i layout seguono le migliori pratiche SEO, in modo che tu possa posizionarti pi\u00f9 in alto.<\/li>\n<\/ul>\n<h4>LE RECENSIONI DEGLI UTENTI<\/h4>\n<p><strong>Tiziano V. &#8220;Visual Composer, e il supporto, sono i migliori&#8221;<\/strong><br \/>\nCOMMENTI: ottima esperienza, ottimo supporto anche dal punto di vista dello sviluppo, ottimo team!<br \/>\nPRO: facile da installare, potente nella creazione di pagine, facilita l&#8217;aggiunta di moduli e funzionalit\u00e0 personalizzate, gestione responsive delle pagine molto potente.<br \/>\nCONTRO: non facile da usare, mancano alcuni moduli utili per il marketing, come un bel modulo per i punti elenco, solo a titolo di esempio.<\/p>\n<p><strong>Melvin R. &#8220;Pu\u00f2 diventare pi\u00f9 facile&#8221;.<\/strong><br \/>\nCOMMENTI: \u00e8 facile da usare, lo uso ormai da pi\u00f9 di 3 anni.<br \/>\nPRO: questo \u00e8 un software che \u00e8 qui per rendervi la vita facile, pu\u00f2 richiedere un po&#8217; di tempo per prenderci la mano, ma una volta che si fa pratica con esso, diventa davvero facile. Sarete in grado di creare bellissimi siti web da zero.<br \/>\nCONTRO: le prestazioni non sono molto buone. Pu\u00f2 essere migliorata, magari con un costruttore di CSS che permetta di includere solo il CSS che si intende utilizzare, scartando tutto il resto.<\/p>\n<p><strong>Tony B. &#8220;Visual Composer per il web design in-house&#8221;<\/strong><br \/>\nCOMMENTI: ha fatto un&#8217;enorme differenza in termini di velocit\u00e0 e layout dei siti web dopo il passaggio.<br \/>\nPRO: facile modifica dei blocchi all&#8217;interno di WordPress. La modalit\u00e0 di anteprima \u00e8 brillante.<br \/>\nCONTRO: sarebbe bello se venisse fornito insieme a WordPress.<\/p>\n","protected":false},"excerpt":{"rendered":"<p>Visual Composer\u00a0\u00e8 un software che costruisce siti web e landing page professionali che si rivolge a esperti di marketing, proprietari di negozi ecommerce, agenzie e sviluppatori. Si tratta di un costruttore di pagine Wordpress completo, intuitivo e semplice da usare grazie alla tecnica drag and drop che non richiede nessuna competenza di codifica.<\/p>\n","protected":false},"author":17,"featured_media":59251,"parent":58467,"menu_order":0,"comment_status":"open","ping_status":"closed","template":"g1_template_page_review_new.php","meta":{"_acf_changed":false,"cwp_meta_box_check":"No","cwp_rev_product_name":"","cwp_rev_product_image":"","wppr_links":[],"cwp_rev_price":"","wppr_options":[],"wppr_pros":[],"wppr_cons":[],"_monsterinsights_skip_tracking":false,"_monsterinsights_sitenote_active":false,"_monsterinsights_sitenote_note":"","_monsterinsights_sitenote_category":0,"footnotes":""},"categories":[12754],"tags":[12760,12810,12814,12813,12811,12758,12901],"features":[],"class_list":{"0":"post-59244","1":"page","2":"type-page","3":"status-publish","4":"has-post-thumbnail","6":"category-software-per-creare-landing-page-cat","7":"tag-app-per-creare-landing-page","8":"tag-creazione-landing-page","9":"tag-piattaforma-creazione-landing-page","10":"tag-programma-creazione-landing-page","11":"tag-software-creazione-landing-page","12":"tag-soluzione-per-creare-landing-page","13":"tag-visual-composer"},"wppr_data":{"cwp_meta_box_check":"No"},"acf":[],"yoast_head":"<!-- This site is optimized with the Yoast SEO plugin v27.4 - https:\/\/yoast.com\/product\/yoast-seo-wordpress\/ -->\n<title>Visual Composer: recensione software landing page - Accurate Reviews<\/title>\n<meta name=\"description\" content=\"Visual Composer: recensione del software che costruisce siti web e landing page professionali in poco tempo.\" \/>\n<meta name=\"robots\" content=\"index, follow, max-snippet:-1, max-image-preview:large, max-video-preview:-1\" \/>\n<link rel=\"canonical\" href=\"https:\/\/www.accuratereviews.com\/it\/software-creare-landing-page\/visual-composer-recensione\/\" \/>\n<meta property=\"og:locale\" content=\"it_IT\" \/>\n<meta property=\"og:type\" content=\"article\" \/>\n<meta property=\"og:title\" content=\"Visual Composer: recensione software landing page - Accurate Reviews\" \/>\n<meta property=\"og:description\" content=\"Visual Composer: recensione del software che costruisce siti web e landing page professionali in poco tempo.\" \/>\n<meta property=\"og:url\" content=\"https:\/\/www.accuratereviews.com\/it\/software-creare-landing-page\/visual-composer-recensione\/\" \/>\n<meta property=\"og:site_name\" content=\"Accurate Reviews\" \/>\n<meta property=\"og:image\" content=\"https:\/\/www.accuratereviews.com\/wp-content\/uploads\/2022\/06\/f3f45878019553.5c9dfed1c22d4.png\" \/>\n\t<meta property=\"og:image:width\" content=\"1400\" \/>\n\t<meta property=\"og:image:height\" content=\"800\" \/>\n\t<meta property=\"og:image:type\" content=\"image\/png\" \/>\n<meta name=\"twitter:card\" content=\"summary_large_image\" \/>\n<meta name=\"twitter:label1\" content=\"Tempo di lettura stimato\" \/>\n\t<meta name=\"twitter:data1\" content=\"4 minuti\" \/>\n<script type=\"application\/ld+json\" class=\"yoast-schema-graph\">{\"@context\":\"https:\\\/\\\/schema.org\",\"@graph\":[{\"@type\":\"WebPage\",\"@id\":\"https:\\\/\\\/www.accuratereviews.com\\\/it\\\/software-creare-landing-page\\\/visual-composer-recensione\\\/\",\"url\":\"https:\\\/\\\/www.accuratereviews.com\\\/it\\\/software-creare-landing-page\\\/visual-composer-recensione\\\/\",\"name\":\"Visual Composer: recensione software landing page - Accurate Reviews\",\"isPartOf\":{\"@id\":\"https:\\\/\\\/www.accuratereviews.com\\\/it\\\/#website\"},\"primaryImageOfPage\":{\"@id\":\"https:\\\/\\\/www.accuratereviews.com\\\/it\\\/software-creare-landing-page\\\/visual-composer-recensione\\\/#primaryimage\"},\"image\":{\"@id\":\"https:\\\/\\\/www.accuratereviews.com\\\/it\\\/software-creare-landing-page\\\/visual-composer-recensione\\\/#primaryimage\"},\"thumbnailUrl\":\"https:\\\/\\\/www.accuratereviews.com\\\/wp-content\\\/uploads\\\/2022\\\/06\\\/f3f45878019553.5c9dfed1c22d4.png\",\"datePublished\":\"2022-06-30T14:15:01+00:00\",\"description\":\"Visual Composer: recensione del software che costruisce siti web e landing page professionali in poco tempo.\",\"breadcrumb\":{\"@id\":\"https:\\\/\\\/www.accuratereviews.com\\\/it\\\/software-creare-landing-page\\\/visual-composer-recensione\\\/#breadcrumb\"},\"inLanguage\":\"it-IT\",\"potentialAction\":[{\"@type\":\"ReadAction\",\"target\":[\"https:\\\/\\\/www.accuratereviews.com\\\/it\\\/software-creare-landing-page\\\/visual-composer-recensione\\\/\"]}]},{\"@type\":\"ImageObject\",\"inLanguage\":\"it-IT\",\"@id\":\"https:\\\/\\\/www.accuratereviews.com\\\/it\\\/software-creare-landing-page\\\/visual-composer-recensione\\\/#primaryimage\",\"url\":\"https:\\\/\\\/www.accuratereviews.com\\\/wp-content\\\/uploads\\\/2022\\\/06\\\/f3f45878019553.5c9dfed1c22d4.png\",\"contentUrl\":\"https:\\\/\\\/www.accuratereviews.com\\\/wp-content\\\/uploads\\\/2022\\\/06\\\/f3f45878019553.5c9dfed1c22d4.png\",\"width\":1400,\"height\":800},{\"@type\":\"BreadcrumbList\",\"@id\":\"https:\\\/\\\/www.accuratereviews.com\\\/it\\\/software-creare-landing-page\\\/visual-composer-recensione\\\/#breadcrumb\",\"itemListElement\":[{\"@type\":\"ListItem\",\"position\":1,\"name\":\"Home\",\"item\":\"https:\\\/\\\/www.accuratereviews.com\\\/it\\\/\"},{\"@type\":\"ListItem\",\"position\":2,\"name\":\"Software per creare landing page\",\"item\":\"https:\\\/\\\/www.accuratereviews.com\\\/it\\\/software-creare-landing-page\\\/\"},{\"@type\":\"ListItem\",\"position\":3,\"name\":\"Visual Composer\"}]},{\"@type\":\"WebSite\",\"@id\":\"https:\\\/\\\/www.accuratereviews.com\\\/it\\\/#website\",\"url\":\"https:\\\/\\\/www.accuratereviews.com\\\/it\\\/\",\"name\":\"Accurate Reviews\",\"description\":\"\",\"potentialAction\":[{\"@type\":\"SearchAction\",\"target\":{\"@type\":\"EntryPoint\",\"urlTemplate\":\"https:\\\/\\\/www.accuratereviews.com\\\/it\\\/?s={search_term_string}\"},\"query-input\":{\"@type\":\"PropertyValueSpecification\",\"valueRequired\":true,\"valueName\":\"search_term_string\"}}],\"inLanguage\":\"it-IT\"}]}<\/script>\n<!-- \/ Yoast SEO plugin. -->","yoast_head_json":{"title":"Visual Composer: recensione software landing page - Accurate Reviews","description":"Visual Composer: recensione del software che costruisce siti web e landing page professionali in poco tempo.","robots":{"index":"index","follow":"follow","max-snippet":"max-snippet:-1","max-image-preview":"max-image-preview:large","max-video-preview":"max-video-preview:-1"},"canonical":"https:\/\/www.accuratereviews.com\/it\/software-creare-landing-page\/visual-composer-recensione\/","og_locale":"it_IT","og_type":"article","og_title":"Visual Composer: recensione software landing page - Accurate Reviews","og_description":"Visual Composer: recensione del software che costruisce siti web e landing page professionali in poco tempo.","og_url":"https:\/\/www.accuratereviews.com\/it\/software-creare-landing-page\/visual-composer-recensione\/","og_site_name":"Accurate Reviews","og_image":[{"width":1400,"height":800,"url":"https:\/\/www.accuratereviews.com\/wp-content\/uploads\/2022\/06\/f3f45878019553.5c9dfed1c22d4.png","type":"image\/png"}],"twitter_card":"summary_large_image","twitter_misc":{"Tempo di lettura stimato":"4 minuti"},"schema":{"@context":"https:\/\/schema.org","@graph":[{"@type":"WebPage","@id":"https:\/\/www.accuratereviews.com\/it\/software-creare-landing-page\/visual-composer-recensione\/","url":"https:\/\/www.accuratereviews.com\/it\/software-creare-landing-page\/visual-composer-recensione\/","name":"Visual Composer: recensione software landing page - Accurate Reviews","isPartOf":{"@id":"https:\/\/www.accuratereviews.com\/it\/#website"},"primaryImageOfPage":{"@id":"https:\/\/www.accuratereviews.com\/it\/software-creare-landing-page\/visual-composer-recensione\/#primaryimage"},"image":{"@id":"https:\/\/www.accuratereviews.com\/it\/software-creare-landing-page\/visual-composer-recensione\/#primaryimage"},"thumbnailUrl":"https:\/\/www.accuratereviews.com\/wp-content\/uploads\/2022\/06\/f3f45878019553.5c9dfed1c22d4.png","datePublished":"2022-06-30T14:15:01+00:00","description":"Visual Composer: recensione del software che costruisce siti web e landing page professionali in poco tempo.","breadcrumb":{"@id":"https:\/\/www.accuratereviews.com\/it\/software-creare-landing-page\/visual-composer-recensione\/#breadcrumb"},"inLanguage":"it-IT","potentialAction":[{"@type":"ReadAction","target":["https:\/\/www.accuratereviews.com\/it\/software-creare-landing-page\/visual-composer-recensione\/"]}]},{"@type":"ImageObject","inLanguage":"it-IT","@id":"https:\/\/www.accuratereviews.com\/it\/software-creare-landing-page\/visual-composer-recensione\/#primaryimage","url":"https:\/\/www.accuratereviews.com\/wp-content\/uploads\/2022\/06\/f3f45878019553.5c9dfed1c22d4.png","contentUrl":"https:\/\/www.accuratereviews.com\/wp-content\/uploads\/2022\/06\/f3f45878019553.5c9dfed1c22d4.png","width":1400,"height":800},{"@type":"BreadcrumbList","@id":"https:\/\/www.accuratereviews.com\/it\/software-creare-landing-page\/visual-composer-recensione\/#breadcrumb","itemListElement":[{"@type":"ListItem","position":1,"name":"Home","item":"https:\/\/www.accuratereviews.com\/it\/"},{"@type":"ListItem","position":2,"name":"Software per creare landing page","item":"https:\/\/www.accuratereviews.com\/it\/software-creare-landing-page\/"},{"@type":"ListItem","position":3,"name":"Visual Composer"}]},{"@type":"WebSite","@id":"https:\/\/www.accuratereviews.com\/it\/#website","url":"https:\/\/www.accuratereviews.com\/it\/","name":"Accurate Reviews","description":"","potentialAction":[{"@type":"SearchAction","target":{"@type":"EntryPoint","urlTemplate":"https:\/\/www.accuratereviews.com\/it\/?s={search_term_string}"},"query-input":{"@type":"PropertyValueSpecification","valueRequired":true,"valueName":"search_term_string"}}],"inLanguage":"it-IT"}]}},"_links":{"self":[{"href":"https:\/\/www.accuratereviews.com\/it\/wp-json\/wp\/v2\/pages\/59244","targetHints":{"allow":["GET"]}}],"collection":[{"href":"https:\/\/www.accuratereviews.com\/it\/wp-json\/wp\/v2\/pages"}],"about":[{"href":"https:\/\/www.accuratereviews.com\/it\/wp-json\/wp\/v2\/types\/page"}],"author":[{"embeddable":true,"href":"https:\/\/www.accuratereviews.com\/it\/wp-json\/wp\/v2\/users\/17"}],"replies":[{"embeddable":true,"href":"https:\/\/www.accuratereviews.com\/it\/wp-json\/wp\/v2\/comments?post=59244"}],"version-history":[{"count":5,"href":"https:\/\/www.accuratereviews.com\/it\/wp-json\/wp\/v2\/pages\/59244\/revisions"}],"predecessor-version":[{"id":59259,"href":"https:\/\/www.accuratereviews.com\/it\/wp-json\/wp\/v2\/pages\/59244\/revisions\/59259"}],"up":[{"embeddable":true,"href":"https:\/\/www.accuratereviews.com\/it\/wp-json\/wp\/v2\/pages\/58467"}],"wp:featuredmedia":[{"embeddable":true,"href":"https:\/\/www.accuratereviews.com\/it\/wp-json\/wp\/v2\/media\/59251"}],"wp:attachment":[{"href":"https:\/\/www.accuratereviews.com\/it\/wp-json\/wp\/v2\/media?parent=59244"}],"wp:term":[{"taxonomy":"category","embeddable":true,"href":"https:\/\/www.accuratereviews.com\/it\/wp-json\/wp\/v2\/categories?post=59244"},{"taxonomy":"post_tag","embeddable":true,"href":"https:\/\/www.accuratereviews.com\/it\/wp-json\/wp\/v2\/tags?post=59244"},{"taxonomy":"features","embeddable":true,"href":"https:\/\/www.accuratereviews.com\/it\/wp-json\/wp\/v2\/features?post=59244"}],"curies":[{"name":"wp","href":"https:\/\/api.w.org\/{rel}","templated":true}]}}