{"id":5925,"date":"2016-06-10T13:12:48","date_gmt":"2016-06-10T13:12:48","guid":{"rendered":"http:\/\/www.accuratereviews.com\/it\/best-email-client-user-guide\/"},"modified":"2021-04-30T07:10:22","modified_gmt":"2021-04-30T07:10:22","slug":"client-di-posta-guida-utente","status":"publish","type":"page","link":"https:\/\/www.accuratereviews.com\/it\/client-di-posta-guida-utente\/","title":{"rendered":"Client di posta"},"content":{"rendered":"<p><a href=\"http:\/\/www.accuratereviews.com\/wp-content\/uploads\/2016\/06\/email-client.jpeg\"><img loading=\"lazy\" decoding=\"async\" class=\"aligncenter size-large wp-image-4906\" src=\"http:\/\/www.accuratereviews.com\/wp-content\/uploads\/2016\/06\/email-client-1024x683.jpeg\" alt=\"email client\" width=\"686\" height=\"458\" srcset=\"https:\/\/www.accuratereviews.com\/wp-content\/uploads\/2016\/06\/email-client-1024x683.jpeg 1024w, https:\/\/www.accuratereviews.com\/wp-content\/uploads\/2016\/06\/email-client-300x200.jpeg 300w, https:\/\/www.accuratereviews.com\/wp-content\/uploads\/2016\/06\/email-client-768x512.jpeg 768w, https:\/\/www.accuratereviews.com\/wp-content\/uploads\/2016\/06\/email-client-188x125.jpeg 188w, https:\/\/www.accuratereviews.com\/wp-content\/uploads\/2016\/06\/email-client-50x33.jpeg 50w, https:\/\/www.accuratereviews.com\/wp-content\/uploads\/2016\/06\/email-client-968x645.jpeg 968w, https:\/\/www.accuratereviews.com\/wp-content\/uploads\/2016\/06\/email-client-636x424.jpeg 636w, https:\/\/www.accuratereviews.com\/wp-content\/uploads\/2016\/06\/email-client-320x213.jpeg 320w, https:\/\/www.accuratereviews.com\/wp-content\/uploads\/2016\/06\/email-client-239x159.jpeg 239w\" sizes=\"auto, (max-width: 686px) 100vw, 686px\" \/><\/a><\/p>\n<p>L\u2019email si riconferma anche il miglior strumento per la generazione di <em>lead<\/em> (o, in linguaggio tecnico, l\u2019acquisizione di contatti e potenziali clienti) disponibile per tutti: grazie all\u2019email marketing possiamo far crescere il nostro business e creare un rapporto stabile e duraturo col cliente. A seconda dell\u2019uso che andremo a farne, possiamo scegliere <strong>un servizio di email su web o un client da installare su desktop<\/strong>. Dal debutto di Gmail, il servizio di Google nato pi\u00f9 di dieci anni fa, il concetto di webmail \u00e8 cambiato totalmente. In passato i servizi di webmail offrivano un\u2019interfaccia poco curata, piena di pubblicit\u00e0, con uno <em>storage<\/em> molto limitato. Per evitare di riempire la casella eravamo costretti a cancellare quanti pi\u00f9 allegati e messaggi possibile, rendendo pi\u00f9 difficile l\u2019utilizzo a fini lavorativi: le aziende erano costrette a pagare costosi servizi dedicati.<\/p>\n<p><strong>Gmail ha rivoluzionato il mercato<\/strong> offrendo uno spazio di archiviazione praticamente illimitato e gratuito, insieme a tantissime funzionalit\u00e0 nuove per il settore. Il servizio di Google ha reso pi\u00f9 semplice e alla portata di tutti lavorare con una webmail.<\/p>\n<p>Ma i client di posta elettronica installati su desktop non sono morti, anzi: se dovete gestire un\u2019azienda o fare della comunicazione a livello \u201cpro\u201d vi servir\u00e0 molto pi\u00f9 che una webmail. Avrete infatti bisogno di <strong>un client email in grado di gestire tutti i vostri account email in un\u2019unico luogo<\/strong>, tenendoli separati, molto pi\u00f9 organizzati e decisamente pi\u00f9 al sicuro, ma soprattutto disponibili anche quando siete offline. Se nelle vostre email inserite dati o informazioni sensibili sul vostro business \u00e8 fondamentale poterle recuperare, ma soprattutto proteggerle da occhi indiscreti. <strong>La maggior parte dei client di posta elettronica<\/strong> offrono backup programmati per salvarvi da qualsiasi nefasta evenienza.<\/p>\n<p><strong>I migliori software per la posta elettronica offrono anche plugin<\/strong> per integrare i pi\u00f9 popolari strumenti per la produttivit\u00e0:\u00a0<em>to-do<\/em>, eventuali toolbar, calendari, <em>task manager<\/em> e via dicendo. Filtri, categorie, priorit\u00e0 dei messaggi, contrassegni, sincronizzazione con dispositivo mobile sono altre funzionalit\u00e0 molto apprezzate in un client di buona qualit\u00e0 in grado di aiutarvi a gestire efficacemente il flusso di email.<\/p>\n<p>\u00c8 importante tenere a mente anche che un buon client desktop ha spesso la sua versione mobile. <strong>Se siete in cerca del miglior software per la posta elettronica<\/strong> date un\u2019occhiata alle nostre recensioni.<\/p>\n","protected":false},"excerpt":{"rendered":"<p>L\u2019email si riconferma anche il miglior strumento per la generazione di lead (o, in linguaggio tecnico, l\u2019acquisizione di contatti e potenziali clienti) disponibile per tutti: grazie all\u2019email marketing possiamo far crescere il nostro business e creare un rapporto stabile e duraturo col cliente. A seconda dell\u2019uso che andremo a farne, possiamo scegliere un servizio di [&hellip;]<\/p>\n","protected":false},"author":16,"featured_media":0,"parent":0,"menu_order":11,"comment_status":"closed","ping_status":"closed","template":"g1_template_page_category_userguide.php","meta":{"_acf_changed":false,"cwp_meta_box_check":"No","cwp_rev_product_name":"","cwp_rev_product_image":"","wppr_links":[],"cwp_rev_price":"","wppr_options":[],"wppr_pros":[],"wppr_cons":[],"_monsterinsights_skip_tracking":false,"_monsterinsights_sitenote_active":false,"_monsterinsights_sitenote_note":"","_monsterinsights_sitenote_category":0,"footnotes":""},"categories":[119],"tags":[2439,5709,5595,3429],"features":[],"class_list":{"0":"post-5925","1":"page","2":"type-page","3":"status-publish","5":"category-i-migliori-client-di-posta","6":"tag-applicazione-client-di-posta","7":"tag-client-di-posta","8":"tag-client-di-posta-elettronica","9":"tag-i-migliori-client-di-posta"},"wppr_data":{"cwp_meta_box_check":"No"},"acf":[],"yoast_head":"<!-- This site is optimized with the Yoast SEO plugin v27.4 - https:\/\/yoast.com\/product\/yoast-seo-wordpress\/ -->\n<title>Le recensioni dei migliori client di posta | Accurate Reviews<\/title>\n<meta name=\"description\" content=\"I nostri esperti vi guidano all&#039;acquisto della soluzione giusta per i vostri bisogni: questa guida ai client email contiene le informazioni che cercate.\" \/>\n<meta name=\"robots\" content=\"index, follow, max-snippet:-1, max-image-preview:large, max-video-preview:-1\" \/>\n<link rel=\"canonical\" href=\"https:\/\/www.accuratereviews.com\/it\/client-di-posta-guida-utente\/\" \/>\n<meta property=\"og:locale\" content=\"it_IT\" \/>\n<meta property=\"og:type\" content=\"article\" \/>\n<meta property=\"og:title\" content=\"Le recensioni dei migliori client di posta | Accurate Reviews\" \/>\n<meta property=\"og:description\" content=\"I nostri esperti vi guidano all&#039;acquisto della soluzione giusta per i vostri bisogni: questa guida ai client email contiene le informazioni che cercate.\" \/>\n<meta property=\"og:url\" content=\"https:\/\/www.accuratereviews.com\/it\/client-di-posta-guida-utente\/\" \/>\n<meta property=\"og:site_name\" content=\"Accurate Reviews\" \/>\n<meta property=\"article:modified_time\" content=\"2021-04-30T07:10:22+00:00\" \/>\n<meta property=\"og:image\" content=\"http:\/\/www.accuratereviews.com\/wp-content\/uploads\/2016\/06\/email-client-1024x683.jpeg\" \/>\n<meta name=\"twitter:card\" content=\"summary_large_image\" \/>\n<meta name=\"twitter:label1\" content=\"Tempo di lettura stimato\" \/>\n\t<meta name=\"twitter:data1\" content=\"2 minuti\" \/>\n<script type=\"application\/ld+json\" class=\"yoast-schema-graph\">{\"@context\":\"https:\\\/\\\/schema.org\",\"@graph\":[{\"@type\":\"WebPage\",\"@id\":\"https:\\\/\\\/www.accuratereviews.com\\\/it\\\/client-di-posta-guida-utente\\\/\",\"url\":\"https:\\\/\\\/www.accuratereviews.com\\\/it\\\/client-di-posta-guida-utente\\\/\",\"name\":\"Le recensioni dei migliori client di posta | Accurate Reviews\",\"isPartOf\":{\"@id\":\"https:\\\/\\\/www.accuratereviews.com\\\/it\\\/#website\"},\"primaryImageOfPage\":{\"@id\":\"https:\\\/\\\/www.accuratereviews.com\\\/it\\\/client-di-posta-guida-utente\\\/#primaryimage\"},\"image\":{\"@id\":\"https:\\\/\\\/www.accuratereviews.com\\\/it\\\/client-di-posta-guida-utente\\\/#primaryimage\"},\"thumbnailUrl\":\"http:\\\/\\\/www.accuratereviews.com\\\/wp-content\\\/uploads\\\/2016\\\/06\\\/email-client-1024x683.jpeg\",\"datePublished\":\"2016-06-10T13:12:48+00:00\",\"dateModified\":\"2021-04-30T07:10:22+00:00\",\"description\":\"I nostri esperti vi guidano all'acquisto della soluzione giusta per i vostri bisogni: questa guida ai client email contiene le informazioni che cercate.\",\"breadcrumb\":{\"@id\":\"https:\\\/\\\/www.accuratereviews.com\\\/it\\\/client-di-posta-guida-utente\\\/#breadcrumb\"},\"inLanguage\":\"it-IT\",\"potentialAction\":[{\"@type\":\"ReadAction\",\"target\":[\"https:\\\/\\\/www.accuratereviews.com\\\/it\\\/client-di-posta-guida-utente\\\/\"]}]},{\"@type\":\"ImageObject\",\"inLanguage\":\"it-IT\",\"@id\":\"https:\\\/\\\/www.accuratereviews.com\\\/it\\\/client-di-posta-guida-utente\\\/#primaryimage\",\"url\":\"http:\\\/\\\/www.accuratereviews.com\\\/wp-content\\\/uploads\\\/2016\\\/06\\\/email-client-1024x683.jpeg\",\"contentUrl\":\"http:\\\/\\\/www.accuratereviews.com\\\/wp-content\\\/uploads\\\/2016\\\/06\\\/email-client-1024x683.jpeg\"},{\"@type\":\"BreadcrumbList\",\"@id\":\"https:\\\/\\\/www.accuratereviews.com\\\/it\\\/client-di-posta-guida-utente\\\/#breadcrumb\",\"itemListElement\":[{\"@type\":\"ListItem\",\"position\":1,\"name\":\"Home\",\"item\":\"https:\\\/\\\/www.accuratereviews.com\\\/it\\\/\"},{\"@type\":\"ListItem\",\"position\":2,\"name\":\"Client di posta\"}]},{\"@type\":\"WebSite\",\"@id\":\"https:\\\/\\\/www.accuratereviews.com\\\/it\\\/#website\",\"url\":\"https:\\\/\\\/www.accuratereviews.com\\\/it\\\/\",\"name\":\"Accurate Reviews\",\"description\":\"\",\"potentialAction\":[{\"@type\":\"SearchAction\",\"target\":{\"@type\":\"EntryPoint\",\"urlTemplate\":\"https:\\\/\\\/www.accuratereviews.com\\\/it\\\/?s={search_term_string}\"},\"query-input\":{\"@type\":\"PropertyValueSpecification\",\"valueRequired\":true,\"valueName\":\"search_term_string\"}}],\"inLanguage\":\"it-IT\"}]}<\/script>\n<!-- \/ Yoast SEO plugin. -->","yoast_head_json":{"title":"Le recensioni dei migliori client di posta | Accurate Reviews","description":"I nostri esperti vi guidano all'acquisto della soluzione giusta per i vostri bisogni: questa guida ai client email contiene le informazioni che cercate.","robots":{"index":"index","follow":"follow","max-snippet":"max-snippet:-1","max-image-preview":"max-image-preview:large","max-video-preview":"max-video-preview:-1"},"canonical":"https:\/\/www.accuratereviews.com\/it\/client-di-posta-guida-utente\/","og_locale":"it_IT","og_type":"article","og_title":"Le recensioni dei migliori client di posta | Accurate Reviews","og_description":"I nostri esperti vi guidano all'acquisto della soluzione giusta per i vostri bisogni: questa guida ai client email contiene le informazioni che cercate.","og_url":"https:\/\/www.accuratereviews.com\/it\/client-di-posta-guida-utente\/","og_site_name":"Accurate Reviews","article_modified_time":"2021-04-30T07:10:22+00:00","og_image":[{"url":"http:\/\/www.accuratereviews.com\/wp-content\/uploads\/2016\/06\/email-client-1024x683.jpeg","type":"","width":"","height":""}],"twitter_card":"summary_large_image","twitter_misc":{"Tempo di lettura stimato":"2 minuti"},"schema":{"@context":"https:\/\/schema.org","@graph":[{"@type":"WebPage","@id":"https:\/\/www.accuratereviews.com\/it\/client-di-posta-guida-utente\/","url":"https:\/\/www.accuratereviews.com\/it\/client-di-posta-guida-utente\/","name":"Le recensioni dei migliori client di posta | Accurate Reviews","isPartOf":{"@id":"https:\/\/www.accuratereviews.com\/it\/#website"},"primaryImageOfPage":{"@id":"https:\/\/www.accuratereviews.com\/it\/client-di-posta-guida-utente\/#primaryimage"},"image":{"@id":"https:\/\/www.accuratereviews.com\/it\/client-di-posta-guida-utente\/#primaryimage"},"thumbnailUrl":"http:\/\/www.accuratereviews.com\/wp-content\/uploads\/2016\/06\/email-client-1024x683.jpeg","datePublished":"2016-06-10T13:12:48+00:00","dateModified":"2021-04-30T07:10:22+00:00","description":"I nostri esperti vi guidano all'acquisto della soluzione giusta per i vostri bisogni: questa guida ai client email contiene le informazioni che cercate.","breadcrumb":{"@id":"https:\/\/www.accuratereviews.com\/it\/client-di-posta-guida-utente\/#breadcrumb"},"inLanguage":"it-IT","potentialAction":[{"@type":"ReadAction","target":["https:\/\/www.accuratereviews.com\/it\/client-di-posta-guida-utente\/"]}]},{"@type":"ImageObject","inLanguage":"it-IT","@id":"https:\/\/www.accuratereviews.com\/it\/client-di-posta-guida-utente\/#primaryimage","url":"http:\/\/www.accuratereviews.com\/wp-content\/uploads\/2016\/06\/email-client-1024x683.jpeg","contentUrl":"http:\/\/www.accuratereviews.com\/wp-content\/uploads\/2016\/06\/email-client-1024x683.jpeg"},{"@type":"BreadcrumbList","@id":"https:\/\/www.accuratereviews.com\/it\/client-di-posta-guida-utente\/#breadcrumb","itemListElement":[{"@type":"ListItem","position":1,"name":"Home","item":"https:\/\/www.accuratereviews.com\/it\/"},{"@type":"ListItem","position":2,"name":"Client di posta"}]},{"@type":"WebSite","@id":"https:\/\/www.accuratereviews.com\/it\/#website","url":"https:\/\/www.accuratereviews.com\/it\/","name":"Accurate Reviews","description":"","potentialAction":[{"@type":"SearchAction","target":{"@type":"EntryPoint","urlTemplate":"https:\/\/www.accuratereviews.com\/it\/?s={search_term_string}"},"query-input":{"@type":"PropertyValueSpecification","valueRequired":true,"valueName":"search_term_string"}}],"inLanguage":"it-IT"}]}},"_links":{"self":[{"href":"https:\/\/www.accuratereviews.com\/it\/wp-json\/wp\/v2\/pages\/5925","targetHints":{"allow":["GET"]}}],"collection":[{"href":"https:\/\/www.accuratereviews.com\/it\/wp-json\/wp\/v2\/pages"}],"about":[{"href":"https:\/\/www.accuratereviews.com\/it\/wp-json\/wp\/v2\/types\/page"}],"author":[{"embeddable":true,"href":"https:\/\/www.accuratereviews.com\/it\/wp-json\/wp\/v2\/users\/16"}],"replies":[{"embeddable":true,"href":"https:\/\/www.accuratereviews.com\/it\/wp-json\/wp\/v2\/comments?post=5925"}],"version-history":[{"count":5,"href":"https:\/\/www.accuratereviews.com\/it\/wp-json\/wp\/v2\/pages\/5925\/revisions"}],"predecessor-version":[{"id":41529,"href":"https:\/\/www.accuratereviews.com\/it\/wp-json\/wp\/v2\/pages\/5925\/revisions\/41529"}],"wp:attachment":[{"href":"https:\/\/www.accuratereviews.com\/it\/wp-json\/wp\/v2\/media?parent=5925"}],"wp:term":[{"taxonomy":"category","embeddable":true,"href":"https:\/\/www.accuratereviews.com\/it\/wp-json\/wp\/v2\/categories?post=5925"},{"taxonomy":"post_tag","embeddable":true,"href":"https:\/\/www.accuratereviews.com\/it\/wp-json\/wp\/v2\/tags?post=5925"},{"taxonomy":"features","embeddable":true,"href":"https:\/\/www.accuratereviews.com\/it\/wp-json\/wp\/v2\/features?post=5925"}],"curies":[{"name":"wp","href":"https:\/\/api.w.org\/{rel}","templated":true}]}}