{"id":59326,"date":"2022-07-05T10:34:31","date_gmt":"2022-07-05T10:34:31","guid":{"rendered":"https:\/\/www.accuratereviews.com\/?page_id=59326"},"modified":"2022-07-05T10:55:51","modified_gmt":"2022-07-05T10:55:51","slug":"unity-recensione","status":"publish","type":"page","link":"https:\/\/www.accuratereviews.com\/it\/software-per-creare-realta-virtuale\/unity-recensione\/","title":{"rendered":"Unity"},"content":{"rendered":"<p><strong>Unity<\/strong> \u00e8 un <strong>software di sviluppo di giochi<\/strong> progettato per aiutare le aziende a creare e distribuire<strong> applicazioni 2D, 3D e di realt\u00e0 virtuale (VR)<\/strong> su varie piattaforme. Offre un plug-in di scripting visivo, che consente agli amministratori di concettualizzare le azioni per i giochi su un&#8217;interfaccia unificata.\u00a0Gli sviluppatori possono &#8220;riciclare&#8221; l&#8217;aspetto del contenuto, rimuovere le giunture da vari materiali e rilevare artefatti discutibili su mappe con texture su una dashboard centralizzata. <strong>Unity<\/strong> consente ai team di personalizzare schermate iniziali e creare giochi di realt\u00e0 aumentata sensibili al contesto utilizzando l&#8217;ambiente virtuale e i dati. Gli operatori possono anche visualizzare il comportamento dei giocatori in diverse applicazioni, raccogliere feedback e acquisire errori in tempo reale.<\/p>\n<h2>UNITY &#8211; TUTORIAL<\/h2>\n<p>Scopriamo come generare un gioco in 3 D con questo <strong>software di creazione realt\u00e0 virtuale <\/strong>con il tutorial in italiano:<\/p>\n<div id=\"fluid-wrapper-counter-1\" class=\"g1-fluid-wrapper \" style=\"width:686px;\">\n<div style=\"padding-bottom:56.268221574344%;\"><iframe loading=\"lazy\" title=\"Creare un GIOCO con UNITY Tutorial ITA #1 -basi-\" width=\"686\" height=\"386\" src=\"https:\/\/www.youtube.com\/embed\/YmxB4wPB_kI?feature=oembed&amp;wmode=transparent&amp;autohide=1&amp;autoplay=0&amp;disablekb=0&amp;fs=1&amp;loop=0&amp;enablejsapi=1&amp;rel=0&amp;controls=2&amp;showinfo=0&amp;wmode=transparent&amp;autohide=2&amp;autoplay=0&amp;disablekb=0&amp;fs=1&amp;loop=0&amp;enablejsapi=1&amp;rel=0&amp;controls=2&amp;showinfo=1\" frameborder=\"0\" allow=\"accelerometer; autoplay; clipboard-write; encrypted-media; gyroscope; picture-in-picture\" allowfullscreen><\/iframe><\/div>\n<\/div>\n<h3>UNITY &#8211; CARATTERISTICHE<\/h3>\n<ul>\n<li><strong>Servizio clienti prioritario<\/strong>: salta la coda e ottieni assistenza prioritaria dal team di assistenza clienti per problemi come licenze, account ID, organizzazioni e Asset Store<\/li>\n<li><strong>Supporto tecnico<\/strong>: il team di supporto Premium aiuta a risolvere rapidamente i problemi tecnici per ridurre al minimo i tempi di inattivit\u00e0 e ripristinare l&#8217;operativit\u00e0<\/li>\n<li><strong>Servizi integrati di successo<\/strong>: guida e servizi proattivi e strategici per alimentare l&#8217;innovazione e far funzionare i tuoi progetti senza intoppi<\/li>\n<li><strong>Piattaforma di sviluppo in tempo real<\/strong>e: accedi alle funzionalit\u00e0 principali per creare e ottimizzare giochi ed esperienze interattive di fascia alta. Crea una volta e distribuisci su piattaforme supportate con il motore di gioco 2D e 3D leader del settore per lo sviluppo di giochi multipiattaforma<\/li>\n<li><strong>Unity Visual Scripting<\/strong>: lo scripting visivo \u00e8 una potente funzionalit\u00e0 disponibile nel motore 3D. Consente ai creatori di sviluppare meccaniche di gioco o logiche di interazione utilizzando un sistema visivo basato su grafici invece di scrivere righe di codice tradizionale<\/li>\n<li><strong>Crea e distribuisci su piattaforme chiuse<\/strong>: crea e distribuisci su piattaforme chiuse come Nintendo Switch, Sony PlayStation, Google Stadia e Microsoft Xbox<\/li>\n<li><strong>Integrazioni con strumenti di collaborazione<\/strong>: ricevi immediatamente una notifica quando viene rilevato un nuovo problema con la tua app impostando le notifiche in e-mail, Slack, Discord, Webhook o Jira da Unity Cloud Diagnostics.<\/li>\n<\/ul>\n<h4>LE RECENSIONI DEGLI UTENTI<\/h4>\n<p class=\"font-weight-bold mb-2\"><strong>Josh C.&#8221;Fantastico motore di gioco per iniziare lo sviluppo&#8221;<\/strong><\/p>\n<p><span class=\"font-weight-bold\"><strong>Commenti<\/strong>: <\/span>Ottimo motore di gioco gratuito per imparare lo sviluppo del gioco e ha una vasta comunit\u00e0.<\/p>\n<p class=\"font-weight-bold mb-2\"><strong>Pro<\/strong>:\u00a0Mi piace che ci siano molti di sviluppatori che usano Unity, quindi ci sono molte classi e tutorial su come usare le cose. \u00c8 un ottimo affare per chi inizia perch\u00e9 \u00e8 gratuito.<\/p>\n<p class=\"font-weight-bold mb-2\"><strong>Contro<\/strong>:\u00a0Non che questo sia specifico di Unity, ma se non conosci molto la programmazione, sar\u00e0 molto lavoro da imparare e quindi ha una grande curva di apprendimento anche se la codifica \u00e8 in realt\u00e0 pi\u00f9 difficile dell&#8217;interfaccia. L&#8217;interfaccia di Unity ha una curva di apprendimento ma in realt\u00e0 non \u00e8 male.<\/p>\n<p class=\"font-weight-bold mb-2\"><strong>Yusuf T.&#8221;Unity per gli sviluppatori di giochi indipendenti.&#8221;<\/strong><\/p>\n<p class=\"font-weight-bold mb-2\"><strong>Pro<\/strong>:\u00a0Adoro come la programmazione in Unity sia fantastica. Ottimo per creare giochi al suo interno. \u00c8 facile per me perch\u00e9 Unity usa C#. \u00c8 facile abituarsi, ma se sei nuovo, devi dedicare un po&#8217; di tempo.<\/p>\n<p class=\"font-weight-bold mb-2\"><strong>Contro<\/strong>:\u00a0In realt\u00e0 odio il sistema di animazione di Unity. \u00c8 complicato e brutto. difficile abituarsi.<\/p>\n<p class=\"font-weight-bold mb-2\"><strong>Mihai C.&#8221;Unity &#8211; alcune intuizioni&#8221;<\/strong><\/p>\n<p><span class=\"font-weight-bold\"><strong>Commenti<\/strong>: <\/span>Uso Unity da circa 11 anni e ha fatto molti progressi. Nuovi aggiornamenti migliorano molto il software, ogni tanto.<\/p>\n<p class=\"font-weight-bold mb-2\"><strong>Pro<\/strong>:\u00a0Unity \u00e8 molto flessibile e supporta molte piattaforme, da iPhone a PlayStation, PC ad Android<\/p>\n<p class=\"font-weight-bold mb-2\"><strong>Contro<\/strong>:\u00a0Il sistema di illuminazione \u00e8 ancora difficile da gestire e richiede molte modifiche per avere un bell&#8217;aspetto.<\/p>\n<p>&nbsp;<\/p>\n<div class=\"text-ash mb-3\"><\/div>\n","protected":false},"excerpt":{"rendered":"<p>Unity \u00e8 un software di sviluppo di giochi progettato per aiutare le aziende a creare e distribuire applicazioni 2D, 3D e di realt\u00e0 virtuale (VR) su varie piattaforme. Offre un plug-in di scripting visivo, che consente agli amministratori di concettualizzare le azioni per i giochi su un&#8217;interfaccia unificata.\u00a0<\/p>\n","protected":false},"author":16,"featured_media":59327,"parent":59336,"menu_order":0,"comment_status":"open","ping_status":"closed","template":"g1_template_page_review_new.php","meta":{"_acf_changed":false,"cwp_meta_box_check":"No","cwp_rev_product_name":"","cwp_rev_product_image":"","wppr_links":[],"cwp_rev_price":"","wppr_options":[],"wppr_pros":[],"wppr_cons":[],"_monsterinsights_skip_tracking":false,"_monsterinsights_sitenote_active":false,"_monsterinsights_sitenote_note":"","_monsterinsights_sitenote_category":0,"footnotes":""},"categories":[12929],"tags":[12934,12938,12937,12933,12936,12935,12931],"features":[],"class_list":{"0":"post-59326","1":"page","2":"type-page","3":"status-publish","4":"has-post-thumbnail","6":"category-software-realta-virtuale-cat","7":"tag-creazione-realta-virtuale","8":"tag-piattaforma-per-creare-realta-virtuale","9":"tag-programma-per-creare-realta-virtuale","10":"tag-realta-virtuale","11":"tag-software-per-creare-realta-virtuale","12":"tag-soluzione-per-creare-realta-virtuale","13":"tag-unity"},"wppr_data":{"cwp_meta_box_check":"No"},"acf":[],"yoast_head":"<!-- This site is optimized with the Yoast SEO plugin v27.4 - https:\/\/yoast.com\/product\/yoast-seo-wordpress\/ -->\n<title>Unity: recensione software creazione realt\u00e0 virtuale - Accurate Reviews<\/title>\n<meta name=\"description\" content=\"Unity: recensione software di sviluppo di giochi progettato per aiutare aziende a creare e distribuire applicazioni 2D, 3D e di realt\u00e0 virtuale.\" \/>\n<meta name=\"robots\" content=\"index, follow, max-snippet:-1, max-image-preview:large, max-video-preview:-1\" \/>\n<link rel=\"canonical\" href=\"https:\/\/www.accuratereviews.com\/it\/software-per-creare-realta-virtuale\/unity-recensione\/\" \/>\n<meta property=\"og:locale\" content=\"it_IT\" \/>\n<meta property=\"og:type\" content=\"article\" \/>\n<meta property=\"og:title\" content=\"Unity: recensione software creazione realt\u00e0 virtuale - Accurate Reviews\" \/>\n<meta property=\"og:description\" content=\"Unity: recensione software di sviluppo di giochi progettato per aiutare aziende a creare e distribuire applicazioni 2D, 3D e di realt\u00e0 virtuale.\" \/>\n<meta property=\"og:url\" content=\"https:\/\/www.accuratereviews.com\/it\/software-per-creare-realta-virtuale\/unity-recensione\/\" \/>\n<meta property=\"og:site_name\" content=\"Accurate Reviews\" \/>\n<meta property=\"article:modified_time\" content=\"2022-07-05T10:55:51+00:00\" \/>\n<meta property=\"og:image\" content=\"https:\/\/www.accuratereviews.com\/wp-content\/uploads\/2022\/07\/Unity.png\" \/>\n\t<meta property=\"og:image:width\" content=\"1280\" \/>\n\t<meta property=\"og:image:height\" content=\"720\" \/>\n\t<meta property=\"og:image:type\" content=\"image\/png\" \/>\n<meta name=\"twitter:card\" content=\"summary_large_image\" \/>\n<meta name=\"twitter:label1\" content=\"Tempo di lettura stimato\" \/>\n\t<meta name=\"twitter:data1\" content=\"4 minuti\" \/>\n<script type=\"application\/ld+json\" class=\"yoast-schema-graph\">{\"@context\":\"https:\\\/\\\/schema.org\",\"@graph\":[{\"@type\":\"WebPage\",\"@id\":\"https:\\\/\\\/www.accuratereviews.com\\\/it\\\/software-per-creare-realta-virtuale\\\/unity-recensione\\\/\",\"url\":\"https:\\\/\\\/www.accuratereviews.com\\\/it\\\/software-per-creare-realta-virtuale\\\/unity-recensione\\\/\",\"name\":\"Unity: recensione software creazione realt\u00e0 virtuale - Accurate Reviews\",\"isPartOf\":{\"@id\":\"https:\\\/\\\/www.accuratereviews.com\\\/it\\\/#website\"},\"primaryImageOfPage\":{\"@id\":\"https:\\\/\\\/www.accuratereviews.com\\\/it\\\/software-per-creare-realta-virtuale\\\/unity-recensione\\\/#primaryimage\"},\"image\":{\"@id\":\"https:\\\/\\\/www.accuratereviews.com\\\/it\\\/software-per-creare-realta-virtuale\\\/unity-recensione\\\/#primaryimage\"},\"thumbnailUrl\":\"https:\\\/\\\/www.accuratereviews.com\\\/wp-content\\\/uploads\\\/2022\\\/07\\\/Unity.png\",\"datePublished\":\"2022-07-05T10:34:31+00:00\",\"dateModified\":\"2022-07-05T10:55:51+00:00\",\"description\":\"Unity: recensione software di sviluppo di giochi progettato per aiutare aziende a creare e distribuire applicazioni 2D, 3D e di realt\u00e0 virtuale.\",\"breadcrumb\":{\"@id\":\"https:\\\/\\\/www.accuratereviews.com\\\/it\\\/software-per-creare-realta-virtuale\\\/unity-recensione\\\/#breadcrumb\"},\"inLanguage\":\"it-IT\",\"potentialAction\":[{\"@type\":\"ReadAction\",\"target\":[\"https:\\\/\\\/www.accuratereviews.com\\\/it\\\/software-per-creare-realta-virtuale\\\/unity-recensione\\\/\"]}]},{\"@type\":\"ImageObject\",\"inLanguage\":\"it-IT\",\"@id\":\"https:\\\/\\\/www.accuratereviews.com\\\/it\\\/software-per-creare-realta-virtuale\\\/unity-recensione\\\/#primaryimage\",\"url\":\"https:\\\/\\\/www.accuratereviews.com\\\/wp-content\\\/uploads\\\/2022\\\/07\\\/Unity.png\",\"contentUrl\":\"https:\\\/\\\/www.accuratereviews.com\\\/wp-content\\\/uploads\\\/2022\\\/07\\\/Unity.png\",\"width\":1280,\"height\":720},{\"@type\":\"BreadcrumbList\",\"@id\":\"https:\\\/\\\/www.accuratereviews.com\\\/it\\\/software-per-creare-realta-virtuale\\\/unity-recensione\\\/#breadcrumb\",\"itemListElement\":[{\"@type\":\"ListItem\",\"position\":1,\"name\":\"Home\",\"item\":\"https:\\\/\\\/www.accuratereviews.com\\\/it\\\/\"},{\"@type\":\"ListItem\",\"position\":2,\"name\":\"Software per creare realt\u00e0 virtuale\",\"item\":\"https:\\\/\\\/www.accuratereviews.com\\\/it\\\/software-per-creare-realta-virtuale\\\/\"},{\"@type\":\"ListItem\",\"position\":3,\"name\":\"Unity\"}]},{\"@type\":\"WebSite\",\"@id\":\"https:\\\/\\\/www.accuratereviews.com\\\/it\\\/#website\",\"url\":\"https:\\\/\\\/www.accuratereviews.com\\\/it\\\/\",\"name\":\"Accurate Reviews\",\"description\":\"\",\"potentialAction\":[{\"@type\":\"SearchAction\",\"target\":{\"@type\":\"EntryPoint\",\"urlTemplate\":\"https:\\\/\\\/www.accuratereviews.com\\\/it\\\/?s={search_term_string}\"},\"query-input\":{\"@type\":\"PropertyValueSpecification\",\"valueRequired\":true,\"valueName\":\"search_term_string\"}}],\"inLanguage\":\"it-IT\"}]}<\/script>\n<!-- \/ Yoast SEO plugin. -->","yoast_head_json":{"title":"Unity: recensione software creazione realt\u00e0 virtuale - Accurate Reviews","description":"Unity: recensione software di sviluppo di giochi progettato per aiutare aziende a creare e distribuire applicazioni 2D, 3D e di realt\u00e0 virtuale.","robots":{"index":"index","follow":"follow","max-snippet":"max-snippet:-1","max-image-preview":"max-image-preview:large","max-video-preview":"max-video-preview:-1"},"canonical":"https:\/\/www.accuratereviews.com\/it\/software-per-creare-realta-virtuale\/unity-recensione\/","og_locale":"it_IT","og_type":"article","og_title":"Unity: recensione software creazione realt\u00e0 virtuale - Accurate Reviews","og_description":"Unity: recensione software di sviluppo di giochi progettato per aiutare aziende a creare e distribuire applicazioni 2D, 3D e di realt\u00e0 virtuale.","og_url":"https:\/\/www.accuratereviews.com\/it\/software-per-creare-realta-virtuale\/unity-recensione\/","og_site_name":"Accurate Reviews","article_modified_time":"2022-07-05T10:55:51+00:00","og_image":[{"width":1280,"height":720,"url":"https:\/\/www.accuratereviews.com\/wp-content\/uploads\/2022\/07\/Unity.png","type":"image\/png"}],"twitter_card":"summary_large_image","twitter_misc":{"Tempo di lettura stimato":"4 minuti"},"schema":{"@context":"https:\/\/schema.org","@graph":[{"@type":"WebPage","@id":"https:\/\/www.accuratereviews.com\/it\/software-per-creare-realta-virtuale\/unity-recensione\/","url":"https:\/\/www.accuratereviews.com\/it\/software-per-creare-realta-virtuale\/unity-recensione\/","name":"Unity: recensione software creazione realt\u00e0 virtuale - Accurate Reviews","isPartOf":{"@id":"https:\/\/www.accuratereviews.com\/it\/#website"},"primaryImageOfPage":{"@id":"https:\/\/www.accuratereviews.com\/it\/software-per-creare-realta-virtuale\/unity-recensione\/#primaryimage"},"image":{"@id":"https:\/\/www.accuratereviews.com\/it\/software-per-creare-realta-virtuale\/unity-recensione\/#primaryimage"},"thumbnailUrl":"https:\/\/www.accuratereviews.com\/wp-content\/uploads\/2022\/07\/Unity.png","datePublished":"2022-07-05T10:34:31+00:00","dateModified":"2022-07-05T10:55:51+00:00","description":"Unity: recensione software di sviluppo di giochi progettato per aiutare aziende a creare e distribuire applicazioni 2D, 3D e di realt\u00e0 virtuale.","breadcrumb":{"@id":"https:\/\/www.accuratereviews.com\/it\/software-per-creare-realta-virtuale\/unity-recensione\/#breadcrumb"},"inLanguage":"it-IT","potentialAction":[{"@type":"ReadAction","target":["https:\/\/www.accuratereviews.com\/it\/software-per-creare-realta-virtuale\/unity-recensione\/"]}]},{"@type":"ImageObject","inLanguage":"it-IT","@id":"https:\/\/www.accuratereviews.com\/it\/software-per-creare-realta-virtuale\/unity-recensione\/#primaryimage","url":"https:\/\/www.accuratereviews.com\/wp-content\/uploads\/2022\/07\/Unity.png","contentUrl":"https:\/\/www.accuratereviews.com\/wp-content\/uploads\/2022\/07\/Unity.png","width":1280,"height":720},{"@type":"BreadcrumbList","@id":"https:\/\/www.accuratereviews.com\/it\/software-per-creare-realta-virtuale\/unity-recensione\/#breadcrumb","itemListElement":[{"@type":"ListItem","position":1,"name":"Home","item":"https:\/\/www.accuratereviews.com\/it\/"},{"@type":"ListItem","position":2,"name":"Software per creare realt\u00e0 virtuale","item":"https:\/\/www.accuratereviews.com\/it\/software-per-creare-realta-virtuale\/"},{"@type":"ListItem","position":3,"name":"Unity"}]},{"@type":"WebSite","@id":"https:\/\/www.accuratereviews.com\/it\/#website","url":"https:\/\/www.accuratereviews.com\/it\/","name":"Accurate Reviews","description":"","potentialAction":[{"@type":"SearchAction","target":{"@type":"EntryPoint","urlTemplate":"https:\/\/www.accuratereviews.com\/it\/?s={search_term_string}"},"query-input":{"@type":"PropertyValueSpecification","valueRequired":true,"valueName":"search_term_string"}}],"inLanguage":"it-IT"}]}},"_links":{"self":[{"href":"https:\/\/www.accuratereviews.com\/it\/wp-json\/wp\/v2\/pages\/59326","targetHints":{"allow":["GET"]}}],"collection":[{"href":"https:\/\/www.accuratereviews.com\/it\/wp-json\/wp\/v2\/pages"}],"about":[{"href":"https:\/\/www.accuratereviews.com\/it\/wp-json\/wp\/v2\/types\/page"}],"author":[{"embeddable":true,"href":"https:\/\/www.accuratereviews.com\/it\/wp-json\/wp\/v2\/users\/16"}],"replies":[{"embeddable":true,"href":"https:\/\/www.accuratereviews.com\/it\/wp-json\/wp\/v2\/comments?post=59326"}],"version-history":[{"count":8,"href":"https:\/\/www.accuratereviews.com\/it\/wp-json\/wp\/v2\/pages\/59326\/revisions"}],"predecessor-version":[{"id":59397,"href":"https:\/\/www.accuratereviews.com\/it\/wp-json\/wp\/v2\/pages\/59326\/revisions\/59397"}],"up":[{"embeddable":true,"href":"https:\/\/www.accuratereviews.com\/it\/wp-json\/wp\/v2\/pages\/59336"}],"wp:featuredmedia":[{"embeddable":true,"href":"https:\/\/www.accuratereviews.com\/it\/wp-json\/wp\/v2\/media\/59327"}],"wp:attachment":[{"href":"https:\/\/www.accuratereviews.com\/it\/wp-json\/wp\/v2\/media?parent=59326"}],"wp:term":[{"taxonomy":"category","embeddable":true,"href":"https:\/\/www.accuratereviews.com\/it\/wp-json\/wp\/v2\/categories?post=59326"},{"taxonomy":"post_tag","embeddable":true,"href":"https:\/\/www.accuratereviews.com\/it\/wp-json\/wp\/v2\/tags?post=59326"},{"taxonomy":"features","embeddable":true,"href":"https:\/\/www.accuratereviews.com\/it\/wp-json\/wp\/v2\/features?post=59326"}],"curies":[{"name":"wp","href":"https:\/\/api.w.org\/{rel}","templated":true}]}}