{"id":59334,"date":"2022-07-05T10:35:37","date_gmt":"2022-07-05T10:35:37","guid":{"rendered":"https:\/\/www.accuratereviews.com\/?page_id=59334"},"modified":"2022-07-05T10:56:32","modified_gmt":"2022-07-05T10:56:32","slug":"3d-cloud-recensione","status":"publish","type":"page","link":"https:\/\/www.accuratereviews.com\/it\/software-per-creare-realta-virtuale\/3d-cloud-recensione\/","title":{"rendered":"3D Cloud"},"content":{"rendered":"<p><strong>3D Cloud<\/strong> \u00e8 l&#8217;unica <strong>piattaforma di visualizzazione 3D<\/strong> per rivenditori aziendali e produttori di generi altamente configurabili che alimenta le applicazioni per ogni percorso 3D del cliente. Con applicazioni che supportano i settori dei mobili, dell&#8217;ufficio, della cucina, del bagno, dell&#8217;armadio, dello stoccaggio e delle terrazze per esterni, la piattaforma accelera la velocit\u00e0 di immissione sul mercato per applicazioni 3D innovative. Offre applicazioni di realt\u00e0 aumentata e realt\u00e0 virtuale, configuratori di prodotti 3D, pianificatori di ambienti per tutti gli ambienti della casa.<\/p>\n<h2>3D CLOUD &#8211; TUTORIAL<\/h2>\n<p>Guardiamo con creare l&#8217;arredamento perfetto con questo <strong>software per creare la realt\u00e0 virtuale<\/strong>:<\/p>\n<div id=\"fluid-wrapper-counter-1\" class=\"g1-fluid-wrapper \" style=\"width:686px;\">\n<div style=\"padding-bottom:56.268221574344%;\"><iframe loading=\"lazy\" title=\"3D Room Planner with HD Renders - Powered by the Marxent 3D Cloud\" width=\"686\" height=\"386\" src=\"https:\/\/www.youtube.com\/embed\/_svOdVvX5LA?feature=oembed&amp;wmode=transparent&amp;autohide=1&amp;autoplay=0&amp;disablekb=0&amp;fs=1&amp;loop=0&amp;enablejsapi=1&amp;rel=0&amp;controls=2&amp;showinfo=0&amp;wmode=transparent&amp;autohide=2&amp;autoplay=0&amp;disablekb=0&amp;fs=1&amp;loop=0&amp;enablejsapi=1&amp;rel=0&amp;controls=2&amp;showinfo=1\" frameborder=\"0\" allow=\"accelerometer; autoplay; clipboard-write; encrypted-media; gyroscope; picture-in-picture\" allowfullscreen><\/iframe><\/div>\n<\/div>\n<h3>3D CLOUD &#8211; CARATTERISTICHE<\/h3>\n<ul>\n<li>Crea grandi cataloghi di prodotti 3D; impostare regole aziendali e schede prodotti<\/li>\n<li>Gestione dei contenuti 3D<\/li>\n<li>Distribuisci risorse 3D tra canali e applicazioni<\/li>\n<li>Gestisci le integrazioni di sistemi<\/li>\n<li>Configura e distribuisci app 3D personalizzate su dispositivi mobili, web e in negozio<\/li>\n<li>Misura le prestazioni delle app, i percorsi degli utenti e ottimizza le prestazioni<\/li>\n<li>Scalabile, sicuro ed estensibile<\/li>\n<li>Velocit\u00e0 e fedelt\u00e0 ottimizzate<\/li>\n<li>Ospita i progetti 3D dei clienti in tutte le categorie di progetti<\/li>\n<li>Crea risorse 3D, gestisci regole e orchestrali tra team e partner<\/li>\n<li>Business intelligence e reportistica in tempo reale<\/li>\n<li>Strumenti di merchandising avanzati per unione di prodotti e altro ancora<\/li>\n<li>Gestisci cataloghi complessi senza sacrificare velocit\u00e0 o qualit\u00e0. Importa in blocco mesh, materiali e dati di prodotto con facilit\u00e0.<\/li>\n<li>Si integra facilmente con piattaforme, sistemi e applicazioni di ecommerce esistenti<\/li>\n<\/ul>\n<h4>LE RECENSIONI DEGLI UTENTI<\/h4>\n<p class=\"font-weight-bold mb-2\"><strong>Gail A.&#8221;Nessun rimpianto!&#8221;<\/strong><\/p>\n<p class=\"font-weight-bold mb-2\"><strong>Pro<\/strong>:\u00a0Il gruppo. Il gruppo. Il gruppo. Il software \u00e8 esattamente ci\u00f2 di cui avevamo bisogno, tuttavia senza un team forte che gestisce\/guida quel software pu\u00f2 diventare un collo di bottiglia per l&#8217;azienda.<\/p>\n<p class=\"font-weight-bold mb-2\"><strong>Contro<\/strong>:\u00a0Non ho una risposta minima per il software.<\/p>\n<p class=\"font-weight-bold mb-2\"><strong>Valerie S.&#8221;3D Cloud&#8221;<\/strong><\/p>\n<p class=\"font-weight-bold mb-2\"><strong>Pro<\/strong>:\u00a0Semplicit\u00e0 d&#8217;uso rispetto ad altre opzioni software<\/p>\n<p class=\"font-weight-bold mb-2\"><strong>Contro<\/strong>:\u00a0L&#8217;integrazione \u00e8 stata facile&#8230; davvero non aveva lati negativi<\/p>\n<p class=\"font-weight-bold mb-2\"><strong>Jennifer P.&#8221;Grande esperienza&#8221;<\/strong><\/p>\n<p><span class=\"font-weight-bold\"><strong>Commenti<\/strong>: <\/span>\u00c8 stato eccellente &#8211; e divertente!<\/p>\n<p class=\"font-weight-bold mb-2\"><strong>Pro<\/strong>:\u00a0Immersione nel prodotto finito e capacit\u00e0 di progettare e modificare lo spazio.<\/p>\n<p class=\"font-weight-bold mb-2\"><strong>Contro<\/strong>:\u00a0Adozione da parte dell&#8217;utente all&#8217;interno dell&#8217;ambiente del negozio: era pi\u00f9 un senso convincere le persone a superare l'&#8221;espediente&#8221; per vedere lo strumento come una vera funzionalit\u00e0 di vendita.<\/p>\n","protected":false},"excerpt":{"rendered":"<p>3D Cloud \u00e8 l&#8217;unica piattaforma di visualizzazione 3D per rivenditori aziendali e produttori di generi altamente configurabili che alimenta le applicazioni per ogni percorso 3D del cliente. Con applicazioni che supportano i settori dei mobili, dell&#8217;ufficio, della cucina, del bagno, dell&#8217;armadio, dello stoccaggio e delle terrazze per esterni, la piattaforma accelera la velocit\u00e0 di immissione sul mercato per applicazioni 3D innovative.<\/p>\n","protected":false},"author":16,"featured_media":59339,"parent":59336,"menu_order":0,"comment_status":"open","ping_status":"closed","template":"g1_template_page_review_new.php","meta":{"_acf_changed":false,"cwp_meta_box_check":"No","cwp_rev_product_name":"","cwp_rev_product_image":"","wppr_links":[],"cwp_rev_price":"","wppr_options":[],"wppr_pros":[],"wppr_cons":[],"_monsterinsights_skip_tracking":false,"_monsterinsights_sitenote_active":false,"_monsterinsights_sitenote_note":"","_monsterinsights_sitenote_category":0,"footnotes":""},"categories":[12929],"tags":[12932,12934,12938,12937,12933,12936,12935],"features":[],"class_list":{"0":"post-59334","1":"page","2":"type-page","3":"status-publish","4":"has-post-thumbnail","6":"category-software-realta-virtuale-cat","7":"tag-3d-cloud","8":"tag-creazione-realta-virtuale","9":"tag-piattaforma-per-creare-realta-virtuale","10":"tag-programma-per-creare-realta-virtuale","11":"tag-realta-virtuale","12":"tag-software-per-creare-realta-virtuale","13":"tag-soluzione-per-creare-realta-virtuale"},"wppr_data":{"cwp_meta_box_check":"No"},"acf":[],"yoast_head":"<!-- This site is optimized with the Yoast SEO plugin v27.4 - https:\/\/yoast.com\/product\/yoast-seo-wordpress\/ -->\n<title>3D Cloud: recensione software creazione realt\u00e0 virtuale Accurate Reviews<\/title>\n<meta name=\"description\" content=\"3D Cloud: recensione piattaforma di visualizzazione 3D che alimenta le applicazioni per ogni percorso 3D del cliente.\" \/>\n<meta name=\"robots\" content=\"index, follow, max-snippet:-1, max-image-preview:large, max-video-preview:-1\" \/>\n<link rel=\"canonical\" href=\"https:\/\/www.accuratereviews.com\/it\/software-per-creare-realta-virtuale\/3d-cloud-recensione\/\" \/>\n<meta property=\"og:locale\" content=\"it_IT\" \/>\n<meta property=\"og:type\" content=\"article\" \/>\n<meta property=\"og:title\" content=\"3D Cloud: recensione software creazione realt\u00e0 virtuale Accurate Reviews\" \/>\n<meta property=\"og:description\" content=\"3D Cloud: recensione piattaforma di visualizzazione 3D che alimenta le applicazioni per ogni percorso 3D del cliente.\" \/>\n<meta property=\"og:url\" content=\"https:\/\/www.accuratereviews.com\/it\/software-per-creare-realta-virtuale\/3d-cloud-recensione\/\" \/>\n<meta property=\"og:site_name\" content=\"Accurate Reviews\" \/>\n<meta property=\"article:modified_time\" content=\"2022-07-05T10:56:32+00:00\" \/>\n<meta property=\"og:image\" content=\"https:\/\/www.accuratereviews.com\/wp-content\/uploads\/2022\/07\/3D-Cloud-by-Marxent_Logo-2022_SMALL-FORMAT-1.png\" \/>\n\t<meta property=\"og:image:width\" content=\"1452\" \/>\n\t<meta property=\"og:image:height\" content=\"566\" \/>\n\t<meta property=\"og:image:type\" content=\"image\/png\" \/>\n<meta name=\"twitter:card\" content=\"summary_large_image\" \/>\n<meta name=\"twitter:label1\" content=\"Tempo di lettura stimato\" \/>\n\t<meta name=\"twitter:data1\" content=\"2 minuti\" \/>\n<script type=\"application\/ld+json\" class=\"yoast-schema-graph\">{\"@context\":\"https:\\\/\\\/schema.org\",\"@graph\":[{\"@type\":\"WebPage\",\"@id\":\"https:\\\/\\\/www.accuratereviews.com\\\/it\\\/software-per-creare-realta-virtuale\\\/3d-cloud-recensione\\\/\",\"url\":\"https:\\\/\\\/www.accuratereviews.com\\\/it\\\/software-per-creare-realta-virtuale\\\/3d-cloud-recensione\\\/\",\"name\":\"3D Cloud: recensione software creazione realt\u00e0 virtuale Accurate Reviews\",\"isPartOf\":{\"@id\":\"https:\\\/\\\/www.accuratereviews.com\\\/it\\\/#website\"},\"primaryImageOfPage\":{\"@id\":\"https:\\\/\\\/www.accuratereviews.com\\\/it\\\/software-per-creare-realta-virtuale\\\/3d-cloud-recensione\\\/#primaryimage\"},\"image\":{\"@id\":\"https:\\\/\\\/www.accuratereviews.com\\\/it\\\/software-per-creare-realta-virtuale\\\/3d-cloud-recensione\\\/#primaryimage\"},\"thumbnailUrl\":\"https:\\\/\\\/www.accuratereviews.com\\\/wp-content\\\/uploads\\\/2022\\\/07\\\/3D-Cloud-by-Marxent_Logo-2022_SMALL-FORMAT-1.png\",\"datePublished\":\"2022-07-05T10:35:37+00:00\",\"dateModified\":\"2022-07-05T10:56:32+00:00\",\"description\":\"3D Cloud: recensione piattaforma di visualizzazione 3D che alimenta le applicazioni per ogni percorso 3D del cliente.\",\"breadcrumb\":{\"@id\":\"https:\\\/\\\/www.accuratereviews.com\\\/it\\\/software-per-creare-realta-virtuale\\\/3d-cloud-recensione\\\/#breadcrumb\"},\"inLanguage\":\"it-IT\",\"potentialAction\":[{\"@type\":\"ReadAction\",\"target\":[\"https:\\\/\\\/www.accuratereviews.com\\\/it\\\/software-per-creare-realta-virtuale\\\/3d-cloud-recensione\\\/\"]}]},{\"@type\":\"ImageObject\",\"inLanguage\":\"it-IT\",\"@id\":\"https:\\\/\\\/www.accuratereviews.com\\\/it\\\/software-per-creare-realta-virtuale\\\/3d-cloud-recensione\\\/#primaryimage\",\"url\":\"https:\\\/\\\/www.accuratereviews.com\\\/wp-content\\\/uploads\\\/2022\\\/07\\\/3D-Cloud-by-Marxent_Logo-2022_SMALL-FORMAT-1.png\",\"contentUrl\":\"https:\\\/\\\/www.accuratereviews.com\\\/wp-content\\\/uploads\\\/2022\\\/07\\\/3D-Cloud-by-Marxent_Logo-2022_SMALL-FORMAT-1.png\",\"width\":1452,\"height\":566},{\"@type\":\"BreadcrumbList\",\"@id\":\"https:\\\/\\\/www.accuratereviews.com\\\/it\\\/software-per-creare-realta-virtuale\\\/3d-cloud-recensione\\\/#breadcrumb\",\"itemListElement\":[{\"@type\":\"ListItem\",\"position\":1,\"name\":\"Home\",\"item\":\"https:\\\/\\\/www.accuratereviews.com\\\/it\\\/\"},{\"@type\":\"ListItem\",\"position\":2,\"name\":\"Software per creare realt\u00e0 virtuale\",\"item\":\"https:\\\/\\\/www.accuratereviews.com\\\/it\\\/software-per-creare-realta-virtuale\\\/\"},{\"@type\":\"ListItem\",\"position\":3,\"name\":\"3D Cloud\"}]},{\"@type\":\"WebSite\",\"@id\":\"https:\\\/\\\/www.accuratereviews.com\\\/it\\\/#website\",\"url\":\"https:\\\/\\\/www.accuratereviews.com\\\/it\\\/\",\"name\":\"Accurate Reviews\",\"description\":\"\",\"potentialAction\":[{\"@type\":\"SearchAction\",\"target\":{\"@type\":\"EntryPoint\",\"urlTemplate\":\"https:\\\/\\\/www.accuratereviews.com\\\/it\\\/?s={search_term_string}\"},\"query-input\":{\"@type\":\"PropertyValueSpecification\",\"valueRequired\":true,\"valueName\":\"search_term_string\"}}],\"inLanguage\":\"it-IT\"}]}<\/script>\n<!-- \/ Yoast SEO plugin. -->","yoast_head_json":{"title":"3D Cloud: recensione software creazione realt\u00e0 virtuale Accurate Reviews","description":"3D Cloud: recensione piattaforma di visualizzazione 3D che alimenta le applicazioni per ogni percorso 3D del cliente.","robots":{"index":"index","follow":"follow","max-snippet":"max-snippet:-1","max-image-preview":"max-image-preview:large","max-video-preview":"max-video-preview:-1"},"canonical":"https:\/\/www.accuratereviews.com\/it\/software-per-creare-realta-virtuale\/3d-cloud-recensione\/","og_locale":"it_IT","og_type":"article","og_title":"3D Cloud: recensione software creazione realt\u00e0 virtuale Accurate Reviews","og_description":"3D Cloud: recensione piattaforma di visualizzazione 3D che alimenta le applicazioni per ogni percorso 3D del cliente.","og_url":"https:\/\/www.accuratereviews.com\/it\/software-per-creare-realta-virtuale\/3d-cloud-recensione\/","og_site_name":"Accurate Reviews","article_modified_time":"2022-07-05T10:56:32+00:00","og_image":[{"width":1452,"height":566,"url":"https:\/\/www.accuratereviews.com\/wp-content\/uploads\/2022\/07\/3D-Cloud-by-Marxent_Logo-2022_SMALL-FORMAT-1.png","type":"image\/png"}],"twitter_card":"summary_large_image","twitter_misc":{"Tempo di lettura stimato":"2 minuti"},"schema":{"@context":"https:\/\/schema.org","@graph":[{"@type":"WebPage","@id":"https:\/\/www.accuratereviews.com\/it\/software-per-creare-realta-virtuale\/3d-cloud-recensione\/","url":"https:\/\/www.accuratereviews.com\/it\/software-per-creare-realta-virtuale\/3d-cloud-recensione\/","name":"3D Cloud: recensione software creazione realt\u00e0 virtuale Accurate Reviews","isPartOf":{"@id":"https:\/\/www.accuratereviews.com\/it\/#website"},"primaryImageOfPage":{"@id":"https:\/\/www.accuratereviews.com\/it\/software-per-creare-realta-virtuale\/3d-cloud-recensione\/#primaryimage"},"image":{"@id":"https:\/\/www.accuratereviews.com\/it\/software-per-creare-realta-virtuale\/3d-cloud-recensione\/#primaryimage"},"thumbnailUrl":"https:\/\/www.accuratereviews.com\/wp-content\/uploads\/2022\/07\/3D-Cloud-by-Marxent_Logo-2022_SMALL-FORMAT-1.png","datePublished":"2022-07-05T10:35:37+00:00","dateModified":"2022-07-05T10:56:32+00:00","description":"3D Cloud: recensione piattaforma di visualizzazione 3D che alimenta le applicazioni per ogni percorso 3D del cliente.","breadcrumb":{"@id":"https:\/\/www.accuratereviews.com\/it\/software-per-creare-realta-virtuale\/3d-cloud-recensione\/#breadcrumb"},"inLanguage":"it-IT","potentialAction":[{"@type":"ReadAction","target":["https:\/\/www.accuratereviews.com\/it\/software-per-creare-realta-virtuale\/3d-cloud-recensione\/"]}]},{"@type":"ImageObject","inLanguage":"it-IT","@id":"https:\/\/www.accuratereviews.com\/it\/software-per-creare-realta-virtuale\/3d-cloud-recensione\/#primaryimage","url":"https:\/\/www.accuratereviews.com\/wp-content\/uploads\/2022\/07\/3D-Cloud-by-Marxent_Logo-2022_SMALL-FORMAT-1.png","contentUrl":"https:\/\/www.accuratereviews.com\/wp-content\/uploads\/2022\/07\/3D-Cloud-by-Marxent_Logo-2022_SMALL-FORMAT-1.png","width":1452,"height":566},{"@type":"BreadcrumbList","@id":"https:\/\/www.accuratereviews.com\/it\/software-per-creare-realta-virtuale\/3d-cloud-recensione\/#breadcrumb","itemListElement":[{"@type":"ListItem","position":1,"name":"Home","item":"https:\/\/www.accuratereviews.com\/it\/"},{"@type":"ListItem","position":2,"name":"Software per creare realt\u00e0 virtuale","item":"https:\/\/www.accuratereviews.com\/it\/software-per-creare-realta-virtuale\/"},{"@type":"ListItem","position":3,"name":"3D Cloud"}]},{"@type":"WebSite","@id":"https:\/\/www.accuratereviews.com\/it\/#website","url":"https:\/\/www.accuratereviews.com\/it\/","name":"Accurate Reviews","description":"","potentialAction":[{"@type":"SearchAction","target":{"@type":"EntryPoint","urlTemplate":"https:\/\/www.accuratereviews.com\/it\/?s={search_term_string}"},"query-input":{"@type":"PropertyValueSpecification","valueRequired":true,"valueName":"search_term_string"}}],"inLanguage":"it-IT"}]}},"_links":{"self":[{"href":"https:\/\/www.accuratereviews.com\/it\/wp-json\/wp\/v2\/pages\/59334","targetHints":{"allow":["GET"]}}],"collection":[{"href":"https:\/\/www.accuratereviews.com\/it\/wp-json\/wp\/v2\/pages"}],"about":[{"href":"https:\/\/www.accuratereviews.com\/it\/wp-json\/wp\/v2\/types\/page"}],"author":[{"embeddable":true,"href":"https:\/\/www.accuratereviews.com\/it\/wp-json\/wp\/v2\/users\/16"}],"replies":[{"embeddable":true,"href":"https:\/\/www.accuratereviews.com\/it\/wp-json\/wp\/v2\/comments?post=59334"}],"version-history":[{"count":10,"href":"https:\/\/www.accuratereviews.com\/it\/wp-json\/wp\/v2\/pages\/59334\/revisions"}],"predecessor-version":[{"id":59398,"href":"https:\/\/www.accuratereviews.com\/it\/wp-json\/wp\/v2\/pages\/59334\/revisions\/59398"}],"up":[{"embeddable":true,"href":"https:\/\/www.accuratereviews.com\/it\/wp-json\/wp\/v2\/pages\/59336"}],"wp:featuredmedia":[{"embeddable":true,"href":"https:\/\/www.accuratereviews.com\/it\/wp-json\/wp\/v2\/media\/59339"}],"wp:attachment":[{"href":"https:\/\/www.accuratereviews.com\/it\/wp-json\/wp\/v2\/media?parent=59334"}],"wp:term":[{"taxonomy":"category","embeddable":true,"href":"https:\/\/www.accuratereviews.com\/it\/wp-json\/wp\/v2\/categories?post=59334"},{"taxonomy":"post_tag","embeddable":true,"href":"https:\/\/www.accuratereviews.com\/it\/wp-json\/wp\/v2\/tags?post=59334"},{"taxonomy":"features","embeddable":true,"href":"https:\/\/www.accuratereviews.com\/it\/wp-json\/wp\/v2\/features?post=59334"}],"curies":[{"name":"wp","href":"https:\/\/api.w.org\/{rel}","templated":true}]}}