{"id":59420,"date":"2022-07-06T10:16:19","date_gmt":"2022-07-06T10:16:19","guid":{"rendered":"https:\/\/www.accuratereviews.com\/?page_id=59420"},"modified":"2022-07-06T10:16:19","modified_gmt":"2022-07-06T10:16:19","slug":"livetour-recensione","status":"publish","type":"page","link":"https:\/\/www.accuratereviews.com\/it\/software-per-creare-realta-virtuale\/livetour-recensione\/","title":{"rendered":"LiveTour"},"content":{"rendered":"<p>Il software <strong>LiveTour <\/strong>sviluppato da <strong>iStaging<\/strong> \u00e8 un<strong> creatore di realt\u00e0 virtuale<\/strong>\u00a0che consente ai professionisti di creare<strong> tour virtuali immersivi<\/strong> e catturare qualsiasi spazio in 360 VR.\u00a0Il programma pu\u00f2 essere utilizzato per creare tour e visite guidate di case, hotel e resort, punti di riferimento, negozi al dettaglio e rendering 3D che consentono a potenziali ospiti, acquirenti, clienti, ecc. di interagire con i luoghi come se fossero realmente l\u00ec.<br \/>\nCon <strong>LiveTour<\/strong>, gli utenti non hanno bisogno di dispositivi di alto livello o di un know-how tecnologico esaustivo per creare tour virtuali panoramici. L&#8217;applicazione trasforma gli smartphone compatibili in videocamere VR ad alta capacit\u00e0 per consentire agli utenti di acquisire visualizzazioni con un&#8217;ampia estensione.\u00a0Inoltre, offre riprese sferiche con risoluzione fino a 8K. Ci\u00f2 offre ai tour virtuali pi\u00f9 dettagli, facendo sentire gli spettatori come se fossero all&#8217;interno di un edificio e delle sue stanze o in uno scenario all&#8217;aperto.<\/p>\n<h2>LIVETOUR &#8211; TUTORIAL<\/h2>\n<p>Vediamo come utilizzare questo <strong>software per creare realt\u00e0 virtuale:<\/strong><\/p>\n<div id=\"fluid-wrapper-counter-1\" class=\"g1-fluid-wrapper \" style=\"width:686px;\">\n<div style=\"padding-bottom:56.268221574344%;\"><iframe loading=\"lazy\" title=\"VR Editor - Hotspots &amp; Teleports \/\/ How to connect panoramas or LiveTours into a virtual walkthrough\" width=\"686\" height=\"386\" src=\"https:\/\/www.youtube.com\/embed\/_E6ByQQCf0A?feature=oembed&amp;wmode=transparent&amp;autohide=1&amp;autoplay=0&amp;disablekb=0&amp;fs=1&amp;loop=0&amp;enablejsapi=1&amp;rel=0&amp;controls=2&amp;showinfo=0&amp;wmode=transparent&amp;autohide=2&amp;autoplay=0&amp;disablekb=0&amp;fs=1&amp;loop=0&amp;enablejsapi=1&amp;rel=0&amp;controls=2&amp;showinfo=1\" frameborder=\"0\" allow=\"accelerometer; autoplay; clipboard-write; encrypted-media; gyroscope; picture-in-picture\" allowfullscreen><\/iframe><\/div>\n<\/div>\n<h3>LIVETOUR &#8211; CARATTERISTICHE<\/h3>\n<ul>\n<li>Carica i modelli 3D con la funzionalit\u00e0 di trascinamento della selezione integrata sulla piattaforma dove puoi gestire le risorse digitali in qualsiasi momento con la protezione della crittografia basata su cloud<\/li>\n<li>Molteplici funzioni, tra cui etichette descrittive personalizzate e impostazioni interattive, consentono a tutti di illustrare facilmente le caratteristiche del prodotto e di creare pi\u00f9 possibilit\u00e0<\/li>\n<li>L&#8217;AR senza app e basata sul web consente a tutti di pubblicare e condividere facilmente gli oggetti 3D con tutti. Coinvolgi i tuoi amici e le tue famiglie con un&#8217;esperienza interattiva a 720\u00b0 e l&#8217;integrazione di oggetti virtuali e reali in una visualizzazione in tempo reale per abilitare davvero &#8220;ci\u00f2 che vedi \u00e8 ci\u00f2 che ottieni&#8221;<\/li>\n<li>Inserisci pi\u00f9 oggetti 3D tramite l&#8217;editor e mostra il tuo oggetto 3D con diversi modelli o colori contemporaneamente<\/li>\n<li>Aggiungendo la luce ambientale sul tuo oggetto 3D, regolerai la morbidezza e lo spettacolo per ripristinare l&#8217;aspetto del materiale reale<\/li>\n<li>Specializza la funzione aziendale per il cliente del marchio per creare visibilit\u00e0 per il piccolo marchio e aumenta la fedelt\u00e0 per il brand<\/li>\n<li>Per qualsiasi tipo di stile di prodotto, puoi impostare il tuo sfondo personalizzato dello showroom e l&#8217;interfaccia interattiva.<\/li>\n<\/ul>\n<h4>LE RECENSIONI DEGLI UTENTI<\/h4>\n<p class=\"font-weight-bold mb-2\"><strong>William P.&#8221;Software di base che offre una soluzione rapida e semplice per la creazione di tour virtuali&#8221;<\/strong><\/p>\n<p><span class=\"font-weight-bold\"><strong>Commenti<\/strong>: <\/span>Ora \u00e8 parte integrante del nostro pacchetto marketing<\/p>\n<p class=\"font-weight-bold mb-2\"><strong>Pro<\/strong>:\u00a0\u00c8 facile navigare e creare tour virtuali in pochi minuti. Il caricamento dei tour \u00e8 semplice e veloce, quindi puoi farli conoscere ai clienti in un attimo. Ottimo per vincere affari.<\/p>\n<p class=\"font-weight-bold mb-2\"><strong>Contro<\/strong>:\u00a0Si blocca su alcuni PC, il che \u00e8 frustrante quando sei a met\u00e0 di un tour. Potrebbe fare con pi\u00f9 opzioni di salvataggio automatico poich\u00e9 devi essere sicuro di continuare a premere Salva mentre procedi. Pu\u00f2 caricare solo 10 immagini alla volta.<\/p>\n<p class=\"font-weight-bold mb-2\"><strong>Maddie S.&#8221;Molto meglio che guardare attraverso le foto!&#8221;<\/strong><\/p>\n<p class=\"font-weight-bold mb-2\"><strong>Pro<\/strong>:\u00a0ADORO quanto sia facile usare LiveTour. 100 volte meglio che guardare semplicemente le foto!<\/p>\n<p class=\"font-weight-bold mb-2\"><strong>Contro<\/strong>:\u00a0Devo ancora trovare qualcosa che non mi piace di LiveTour! Sempre un&#8217;esperienza 10\/10!<\/p>\n<p class=\"font-weight-bold mb-2\"><strong>Oladipo O.&#8221;Vivi il mondo in un attimo&#8221;<\/strong><\/p>\n<p><span class=\"font-weight-bold\"><strong>Commenti<\/strong>: <\/span>Incredibile app per pianificare la destinazione del tuo tour e persino prenotare per una guida turistica.<\/p>\n<p class=\"font-weight-bold mb-2\"><strong>Pro<\/strong>:\u00a0\u00c8 facile selezionare facilmente la posizione del mio tour e la mia vacanza con i vantaggi di confrontare altre localit\u00e0 con incredibili sconti in offerta.<\/p>\n<p class=\"font-weight-bold mb-2\"><strong>Contro<\/strong>:\u00a0Si blocca quando lo si esegue per lungo tempo su alcuni telefoni, la funzione di promemoria a volte non funziona.<\/p>\n","protected":false},"excerpt":{"rendered":"<p>Il software LiveTour sviluppato da iStaging \u00e8 un creatore di realt\u00e0 virtuale\u00a0che consente ai professionisti di creare tour virtuali immersivi e catturare qualsiasi spazio in 360 VR.\u00a0Il programma pu\u00f2 essere utilizzato per creare tour e visite guidate di case, hotel e resort, punti di riferimento, negozi al dettaglio e rendering 3D che consentono a potenziali ospiti, acquirenti, clienti, ecc. di interagire con i luoghi come se fossero realmente l\u00ec<\/p>\n","protected":false},"author":16,"featured_media":59421,"parent":59336,"menu_order":0,"comment_status":"open","ping_status":"closed","template":"g1_template_page_review_new.php","meta":{"_acf_changed":false,"cwp_meta_box_check":"No","cwp_rev_product_name":"","cwp_rev_product_image":"","wppr_links":[],"cwp_rev_price":"","wppr_options":[],"wppr_pros":[],"wppr_cons":[],"_monsterinsights_skip_tracking":false,"_monsterinsights_sitenote_active":false,"_monsterinsights_sitenote_note":"","_monsterinsights_sitenote_category":0,"footnotes":""},"categories":[12929],"tags":[12968,12954,12938,12937,12933,12936,12935],"features":[],"class_list":{"0":"post-59420","1":"page","2":"type-page","3":"status-publish","4":"has-post-thumbnail","6":"category-software-realta-virtuale-cat","7":"tag-istaging","8":"tag-livetour","9":"tag-piattaforma-per-creare-realta-virtuale","10":"tag-programma-per-creare-realta-virtuale","11":"tag-realta-virtuale","12":"tag-software-per-creare-realta-virtuale","13":"tag-soluzione-per-creare-realta-virtuale"},"wppr_data":{"cwp_meta_box_check":"No"},"acf":[],"yoast_head":"<!-- This site is optimized with the Yoast SEO plugin v27.4 - https:\/\/yoast.com\/product\/yoast-seo-wordpress\/ -->\n<title>LiveTour: recensione software creazione realt\u00e0 virtuale - Accurate Reviews<\/title>\n<meta name=\"description\" content=\"LiveTour: recensione software sviluppato da iStaging che consente ai professionisti di creare tour virtuali immersivi e catturare qualsiasi spazio in 360 VR.\" \/>\n<meta name=\"robots\" content=\"index, follow, max-snippet:-1, max-image-preview:large, max-video-preview:-1\" \/>\n<link rel=\"canonical\" href=\"https:\/\/www.accuratereviews.com\/it\/software-per-creare-realta-virtuale\/livetour-recensione\/\" \/>\n<meta property=\"og:locale\" content=\"it_IT\" \/>\n<meta property=\"og:type\" content=\"article\" \/>\n<meta property=\"og:title\" content=\"LiveTour: recensione software creazione realt\u00e0 virtuale - Accurate Reviews\" \/>\n<meta property=\"og:description\" content=\"LiveTour: recensione software sviluppato da iStaging che consente ai professionisti di creare tour virtuali immersivi e catturare qualsiasi spazio in 360 VR.\" \/>\n<meta property=\"og:url\" content=\"https:\/\/www.accuratereviews.com\/it\/software-per-creare-realta-virtuale\/livetour-recensione\/\" \/>\n<meta property=\"og:site_name\" content=\"Accurate Reviews\" \/>\n<meta property=\"og:image\" content=\"https:\/\/www.accuratereviews.com\/wp-content\/uploads\/2022\/07\/LiveTour.png\" \/>\n\t<meta property=\"og:image:width\" content=\"1300\" \/>\n\t<meta property=\"og:image:height\" content=\"650\" \/>\n\t<meta property=\"og:image:type\" content=\"image\/png\" \/>\n<meta name=\"twitter:card\" content=\"summary_large_image\" \/>\n<meta name=\"twitter:label1\" content=\"Tempo di lettura stimato\" \/>\n\t<meta name=\"twitter:data1\" content=\"4 minuti\" \/>\n<script type=\"application\/ld+json\" class=\"yoast-schema-graph\">{\"@context\":\"https:\\\/\\\/schema.org\",\"@graph\":[{\"@type\":\"WebPage\",\"@id\":\"https:\\\/\\\/www.accuratereviews.com\\\/it\\\/software-per-creare-realta-virtuale\\\/livetour-recensione\\\/\",\"url\":\"https:\\\/\\\/www.accuratereviews.com\\\/it\\\/software-per-creare-realta-virtuale\\\/livetour-recensione\\\/\",\"name\":\"LiveTour: recensione software creazione realt\u00e0 virtuale - Accurate Reviews\",\"isPartOf\":{\"@id\":\"https:\\\/\\\/www.accuratereviews.com\\\/it\\\/#website\"},\"primaryImageOfPage\":{\"@id\":\"https:\\\/\\\/www.accuratereviews.com\\\/it\\\/software-per-creare-realta-virtuale\\\/livetour-recensione\\\/#primaryimage\"},\"image\":{\"@id\":\"https:\\\/\\\/www.accuratereviews.com\\\/it\\\/software-per-creare-realta-virtuale\\\/livetour-recensione\\\/#primaryimage\"},\"thumbnailUrl\":\"https:\\\/\\\/www.accuratereviews.com\\\/wp-content\\\/uploads\\\/2022\\\/07\\\/LiveTour.png\",\"datePublished\":\"2022-07-06T10:16:19+00:00\",\"description\":\"LiveTour: recensione software sviluppato da iStaging che consente ai professionisti di creare tour virtuali immersivi e catturare qualsiasi spazio in 360 VR.\",\"breadcrumb\":{\"@id\":\"https:\\\/\\\/www.accuratereviews.com\\\/it\\\/software-per-creare-realta-virtuale\\\/livetour-recensione\\\/#breadcrumb\"},\"inLanguage\":\"it-IT\",\"potentialAction\":[{\"@type\":\"ReadAction\",\"target\":[\"https:\\\/\\\/www.accuratereviews.com\\\/it\\\/software-per-creare-realta-virtuale\\\/livetour-recensione\\\/\"]}]},{\"@type\":\"ImageObject\",\"inLanguage\":\"it-IT\",\"@id\":\"https:\\\/\\\/www.accuratereviews.com\\\/it\\\/software-per-creare-realta-virtuale\\\/livetour-recensione\\\/#primaryimage\",\"url\":\"https:\\\/\\\/www.accuratereviews.com\\\/wp-content\\\/uploads\\\/2022\\\/07\\\/LiveTour.png\",\"contentUrl\":\"https:\\\/\\\/www.accuratereviews.com\\\/wp-content\\\/uploads\\\/2022\\\/07\\\/LiveTour.png\",\"width\":1300,\"height\":650},{\"@type\":\"BreadcrumbList\",\"@id\":\"https:\\\/\\\/www.accuratereviews.com\\\/it\\\/software-per-creare-realta-virtuale\\\/livetour-recensione\\\/#breadcrumb\",\"itemListElement\":[{\"@type\":\"ListItem\",\"position\":1,\"name\":\"Home\",\"item\":\"https:\\\/\\\/www.accuratereviews.com\\\/it\\\/\"},{\"@type\":\"ListItem\",\"position\":2,\"name\":\"Software per creare realt\u00e0 virtuale\",\"item\":\"https:\\\/\\\/www.accuratereviews.com\\\/it\\\/software-per-creare-realta-virtuale\\\/\"},{\"@type\":\"ListItem\",\"position\":3,\"name\":\"LiveTour\"}]},{\"@type\":\"WebSite\",\"@id\":\"https:\\\/\\\/www.accuratereviews.com\\\/it\\\/#website\",\"url\":\"https:\\\/\\\/www.accuratereviews.com\\\/it\\\/\",\"name\":\"Accurate Reviews\",\"description\":\"\",\"potentialAction\":[{\"@type\":\"SearchAction\",\"target\":{\"@type\":\"EntryPoint\",\"urlTemplate\":\"https:\\\/\\\/www.accuratereviews.com\\\/it\\\/?s={search_term_string}\"},\"query-input\":{\"@type\":\"PropertyValueSpecification\",\"valueRequired\":true,\"valueName\":\"search_term_string\"}}],\"inLanguage\":\"it-IT\"}]}<\/script>\n<!-- \/ Yoast SEO plugin. -->","yoast_head_json":{"title":"LiveTour: recensione software creazione realt\u00e0 virtuale - Accurate Reviews","description":"LiveTour: recensione software sviluppato da iStaging che consente ai professionisti di creare tour virtuali immersivi e catturare qualsiasi spazio in 360 VR.","robots":{"index":"index","follow":"follow","max-snippet":"max-snippet:-1","max-image-preview":"max-image-preview:large","max-video-preview":"max-video-preview:-1"},"canonical":"https:\/\/www.accuratereviews.com\/it\/software-per-creare-realta-virtuale\/livetour-recensione\/","og_locale":"it_IT","og_type":"article","og_title":"LiveTour: recensione software creazione realt\u00e0 virtuale - Accurate Reviews","og_description":"LiveTour: recensione software sviluppato da iStaging che consente ai professionisti di creare tour virtuali immersivi e catturare qualsiasi spazio in 360 VR.","og_url":"https:\/\/www.accuratereviews.com\/it\/software-per-creare-realta-virtuale\/livetour-recensione\/","og_site_name":"Accurate Reviews","og_image":[{"width":1300,"height":650,"url":"https:\/\/www.accuratereviews.com\/wp-content\/uploads\/2022\/07\/LiveTour.png","type":"image\/png"}],"twitter_card":"summary_large_image","twitter_misc":{"Tempo di lettura stimato":"4 minuti"},"schema":{"@context":"https:\/\/schema.org","@graph":[{"@type":"WebPage","@id":"https:\/\/www.accuratereviews.com\/it\/software-per-creare-realta-virtuale\/livetour-recensione\/","url":"https:\/\/www.accuratereviews.com\/it\/software-per-creare-realta-virtuale\/livetour-recensione\/","name":"LiveTour: recensione software creazione realt\u00e0 virtuale - Accurate Reviews","isPartOf":{"@id":"https:\/\/www.accuratereviews.com\/it\/#website"},"primaryImageOfPage":{"@id":"https:\/\/www.accuratereviews.com\/it\/software-per-creare-realta-virtuale\/livetour-recensione\/#primaryimage"},"image":{"@id":"https:\/\/www.accuratereviews.com\/it\/software-per-creare-realta-virtuale\/livetour-recensione\/#primaryimage"},"thumbnailUrl":"https:\/\/www.accuratereviews.com\/wp-content\/uploads\/2022\/07\/LiveTour.png","datePublished":"2022-07-06T10:16:19+00:00","description":"LiveTour: recensione software sviluppato da iStaging che consente ai professionisti di creare tour virtuali immersivi e catturare qualsiasi spazio in 360 VR.","breadcrumb":{"@id":"https:\/\/www.accuratereviews.com\/it\/software-per-creare-realta-virtuale\/livetour-recensione\/#breadcrumb"},"inLanguage":"it-IT","potentialAction":[{"@type":"ReadAction","target":["https:\/\/www.accuratereviews.com\/it\/software-per-creare-realta-virtuale\/livetour-recensione\/"]}]},{"@type":"ImageObject","inLanguage":"it-IT","@id":"https:\/\/www.accuratereviews.com\/it\/software-per-creare-realta-virtuale\/livetour-recensione\/#primaryimage","url":"https:\/\/www.accuratereviews.com\/wp-content\/uploads\/2022\/07\/LiveTour.png","contentUrl":"https:\/\/www.accuratereviews.com\/wp-content\/uploads\/2022\/07\/LiveTour.png","width":1300,"height":650},{"@type":"BreadcrumbList","@id":"https:\/\/www.accuratereviews.com\/it\/software-per-creare-realta-virtuale\/livetour-recensione\/#breadcrumb","itemListElement":[{"@type":"ListItem","position":1,"name":"Home","item":"https:\/\/www.accuratereviews.com\/it\/"},{"@type":"ListItem","position":2,"name":"Software per creare realt\u00e0 virtuale","item":"https:\/\/www.accuratereviews.com\/it\/software-per-creare-realta-virtuale\/"},{"@type":"ListItem","position":3,"name":"LiveTour"}]},{"@type":"WebSite","@id":"https:\/\/www.accuratereviews.com\/it\/#website","url":"https:\/\/www.accuratereviews.com\/it\/","name":"Accurate Reviews","description":"","potentialAction":[{"@type":"SearchAction","target":{"@type":"EntryPoint","urlTemplate":"https:\/\/www.accuratereviews.com\/it\/?s={search_term_string}"},"query-input":{"@type":"PropertyValueSpecification","valueRequired":true,"valueName":"search_term_string"}}],"inLanguage":"it-IT"}]}},"_links":{"self":[{"href":"https:\/\/www.accuratereviews.com\/it\/wp-json\/wp\/v2\/pages\/59420","targetHints":{"allow":["GET"]}}],"collection":[{"href":"https:\/\/www.accuratereviews.com\/it\/wp-json\/wp\/v2\/pages"}],"about":[{"href":"https:\/\/www.accuratereviews.com\/it\/wp-json\/wp\/v2\/types\/page"}],"author":[{"embeddable":true,"href":"https:\/\/www.accuratereviews.com\/it\/wp-json\/wp\/v2\/users\/16"}],"replies":[{"embeddable":true,"href":"https:\/\/www.accuratereviews.com\/it\/wp-json\/wp\/v2\/comments?post=59420"}],"version-history":[{"count":8,"href":"https:\/\/www.accuratereviews.com\/it\/wp-json\/wp\/v2\/pages\/59420\/revisions"}],"predecessor-version":[{"id":59464,"href":"https:\/\/www.accuratereviews.com\/it\/wp-json\/wp\/v2\/pages\/59420\/revisions\/59464"}],"up":[{"embeddable":true,"href":"https:\/\/www.accuratereviews.com\/it\/wp-json\/wp\/v2\/pages\/59336"}],"wp:featuredmedia":[{"embeddable":true,"href":"https:\/\/www.accuratereviews.com\/it\/wp-json\/wp\/v2\/media\/59421"}],"wp:attachment":[{"href":"https:\/\/www.accuratereviews.com\/it\/wp-json\/wp\/v2\/media?parent=59420"}],"wp:term":[{"taxonomy":"category","embeddable":true,"href":"https:\/\/www.accuratereviews.com\/it\/wp-json\/wp\/v2\/categories?post=59420"},{"taxonomy":"post_tag","embeddable":true,"href":"https:\/\/www.accuratereviews.com\/it\/wp-json\/wp\/v2\/tags?post=59420"},{"taxonomy":"features","embeddable":true,"href":"https:\/\/www.accuratereviews.com\/it\/wp-json\/wp\/v2\/features?post=59420"}],"curies":[{"name":"wp","href":"https:\/\/api.w.org\/{rel}","templated":true}]}}