{"id":59474,"date":"2022-07-07T11:07:45","date_gmt":"2022-07-07T11:07:45","guid":{"rendered":"https:\/\/www.accuratereviews.com\/?page_id=59474"},"modified":"2022-07-07T11:07:45","modified_gmt":"2022-07-07T11:07:45","slug":"pano2vr-recensione","status":"publish","type":"page","link":"https:\/\/www.accuratereviews.com\/it\/software-per-creare-realta-virtuale\/pano2vr-recensione\/","title":{"rendered":"Pano2VR"},"content":{"rendered":"<p><strong>Pano2VR<\/strong> \u00e8 un <strong>software che converte foto\/video panoramici<\/strong> o a 360\u00b0 in esperienze <strong>virtuali interattive<\/strong>. Queste esperienze virtuali possono essere eseguite su qualsiasi browser moderno, integrato con siti web esistenti e visualizzate tramite dispositivi di<strong> realt\u00e0 virtuale<\/strong>. La soluzione serve vari tipi di acquirenti che cercano di creare tour virtuali di case, propriet\u00e0 immobiliari, monumenti famosi e musei, consentendo agli ospiti di immergersi nell&#8217;esperienza a tutto tondo. Le funzionalit\u00e0 includono un plug-in WordPress, l&#8217;esportazione di animazioni, lo zoom avanti\/indietro e la capacit\u00e0 di supportare tour virtuali di grandi dimensioni (maggiore di 10.000 nodi).\u00a0Inoltre, gli utenti sono in grado di modificare le immagini per migliorare la qualit\u00e0 (ad es. rimozione di oggetti, imperfezioni) all&#8217;interno della modalit\u00e0 Patch di Pano2VR.<\/p>\n<h2>PANO2VR &#8211; TUTORIAL<\/h2>\n<p>Guardiamo come <strong>creare un tour virtuale<\/strong> con questo software:<\/p>\n<div id=\"fluid-wrapper-counter-1\" class=\"g1-fluid-wrapper \" style=\"width:686px;\">\n<div style=\"padding-bottom:56.268221574344%;\"><iframe loading=\"lazy\" title=\"Webinar | Pano2VR 7 beta - Translations Part 1\" width=\"686\" height=\"386\" src=\"https:\/\/www.youtube.com\/embed\/gGyVjkRDLYY?feature=oembed&amp;wmode=transparent&amp;autohide=1&amp;autoplay=0&amp;disablekb=0&amp;fs=1&amp;loop=0&amp;enablejsapi=1&amp;rel=0&amp;controls=2&amp;showinfo=0&amp;wmode=transparent&amp;autohide=2&amp;autoplay=0&amp;disablekb=0&amp;fs=1&amp;loop=0&amp;enablejsapi=1&amp;rel=0&amp;controls=2&amp;showinfo=1\" frameborder=\"0\" allow=\"accelerometer; autoplay; clipboard-write; encrypted-media; gyroscope; picture-in-picture\" allowfullscreen><\/iframe><\/div>\n<\/div>\n<h3>PANO2VR &#8211; CARATTERISTICHE<\/h3>\n<ul>\n<li><strong>Costruisci un tour virtuale:\u00a0<\/strong>collega scene fotografiche panoramiche utilizzando la tua scelta di transizioni e consenti all&#8217;utente di navigare da una scena all&#8217;altra con un semplice clic o un tocco. Fornisci un contesto di posizione pi\u00f9 ampio alla scena utilizzando la mappa turistica integrata o inserendo facilmente le planimetrie o Google Maps<\/li>\n<li><strong>Migliora l&#8217;esperienza<\/strong>: aggiungi elementi interattivi come popup informativi, hotspot fotografici, audio direzionale e video ai tuoi panorami. Usa gli overlay dell&#8217;interfaccia utente inclusi, chiamati skin, o immergiti nel potente Skin Editor per progettare pulsanti e controller personalizzati nel tuo design unico dell&#8217;interfaccia<\/li>\n<li><strong>Perfeziona le tue immagini<\/strong>: rimuovi le imperfezioni dell&#8217;immagine utilizzando la modalit\u00e0 Patch di Pano2VR. Con questo prezioso strumento, puoi estrarre un&#8217;area definita dal panorama senza distorsioni, facilitando il ritocco. Definisci la patch estraila, modificala nel tuo editor preferito e, una volta salvata, la patch modificata verr\u00e0 automaticamente applicata nel tuo panorama<\/li>\n<li><strong>Rivela i punti salienti<\/strong>: evidenzia le scene significative nei tuoi tour creando percorsi di animazione che navigano automaticamente. Puoi anche esportare questa procedura dettagliata come file video<\/li>\n<li><strong>Ingrandire<\/strong>: il programma supporta immagini gigapixel in modo che gli spettatori possano ingrandire l&#8217;immagine in profondit\u00e0 per vedere dettagli sorprendenti<\/li>\n<li><strong>Google Street View<\/strong>: la soluzione \u00e8 pronta per Street View che ti d\u00e0 la possibilit\u00e0 di modificare e pubblicare tour su Google Street View<\/li>\n<li><strong>Proiezioni<\/strong>: cambia facilmente le proiezioni durante la visualizzazione<\/li>\n<li><strong>Suono direzionale<\/strong>: usa la modalit\u00e0 audio per aggiungere suoni direzionali ai tuoi progetti<\/li>\n<li><strong>Server Web integrato<\/strong>: la soluzione ha un server web integrato in modo che una volta creato il tuo tour, puoi immediatamente vedere i risultati di un output HTML5<\/li>\n<li><strong>Panorami video<\/strong>: oltre alle immagini panoramiche piatte, cilindriche e sferiche, supporta anche video a 360\u00b0.<\/li>\n<\/ul>\n<h4>LE RECENSIONI DEGLI UTENTI<\/h4>\n<p class=\"font-weight-bold mb-2\"><strong>Pohl Z.&#8221;Prodotto eccellente, supporto eccellente&#8221;<\/strong><\/p>\n<p><span class=\"font-weight-bold\"><strong>Commenti<\/strong>: <\/span>Con P2VR posso offrire ai miei clienti una vasta scelta per fare un tour virtuale interattivo con molte funzionalit\u00e0 e supporti personalizzati.<\/p>\n<p class=\"font-weight-bold mb-2\"><strong>Pro<\/strong>:\u00a0Molte potenti funzionalit\u00e0, modelli ecc. Molti tutorial per imparare ad applicare nel tuo caso.<\/p>\n<p class=\"font-weight-bold mb-2\"><strong>Contro<\/strong>:\u00a0Non applicabile nel mio caso. Ho risolto tutti i miei problemi.<\/p>\n<p class=\"font-weight-bold mb-2\"><strong>Rob H.&#8221;Pano2VR \u00e8 un software potente.&#8221;<\/strong><\/p>\n<p><span class=\"font-weight-bold\"><strong>Commenti<\/strong>: <\/span>\u00c8 stato uno strumento prezioso. Mi ha permesso, un non programmatore, di fare cose straordinarie, cose che non avrei potuto realizzare altrimenti. Lo consiglio a chiunque voglia realizzare siti e tour panoramici incredibili.<\/p>\n<p class=\"font-weight-bold mb-2\"><strong>Pro<\/strong>:\u00a0Non posso fare tutto ci\u00f2 che posso immaginare con le mie immagini panoramiche con questo software. Da tour complessi a compiti semplici, se completamente in grado.<\/p>\n<p class=\"font-weight-bold mb-2\"><strong>Contro<\/strong>:\u00a0Ci vuole un po&#8217; per abituarsi. Vorrei che fosse pi\u00f9 intuitivo ma, come tutti i software potenti, c&#8217;\u00e8 comprensibilmente una curva di apprendimento. Non conosco alcuna caratteristica che manchi e non si blocca mai.<\/p>\n<p class=\"font-weight-bold mb-2\"><strong>Robert G.&#8221;Molto soddisfatto dell&#8217;assistenza clienti&#8221;<\/strong><\/p>\n<p class=\"font-weight-bold mb-2\"><strong>Pro<\/strong>:\u00a0Personalmente non ho utilizzato il software. Il mio compito era implementarlo sul mio sito web. Ho avuto l&#8217;aiuto dal supporto che \u00e8 stato estremamente disponibile e sono rimasto molto soddisfatto del servizio offerto. Darei un&#8217;assistenza clienti a 5 stelle<\/p>\n<p class=\"font-weight-bold mb-2\"><strong>Contro<\/strong>:\u00a0Nessun contro, il mio tour virtuale funziona perfettamente<\/p>\n","protected":false},"excerpt":{"rendered":"<p>Pano2VR \u00e8 un software che converte foto\/video panoramici o a 360\u00b0 in esperienze virtuali interattive. Queste esperienze virtuali possono essere eseguite su qualsiasi browser moderno, integrato con siti web esistenti e visualizzate tramite dispositivi di realt\u00e0 virtuale. La soluzione serve vari tipi di acquirenti che cercano di creare tour virtuali di case, propriet\u00e0 immobiliari, monumenti famosi e musei, consentendo agli ospiti di immergersi nell&#8217;esperienza a tutto tondo.<\/p>\n","protected":false},"author":16,"featured_media":59475,"parent":59336,"menu_order":0,"comment_status":"open","ping_status":"closed","template":"g1_template_page_review_new.php","meta":{"_acf_changed":false,"cwp_meta_box_check":"No","cwp_rev_product_name":"","cwp_rev_product_image":"","wppr_links":[],"cwp_rev_price":"","wppr_options":[],"wppr_pros":[],"wppr_cons":[],"_monsterinsights_skip_tracking":false,"_monsterinsights_sitenote_active":false,"_monsterinsights_sitenote_note":"","_monsterinsights_sitenote_category":0,"footnotes":""},"categories":[12929],"tags":[12934,12969,12973,12972,12933,12971,12970],"features":[],"class_list":{"0":"post-59474","1":"page","2":"type-page","3":"status-publish","4":"has-post-thumbnail","6":"category-software-realta-virtuale-cat","7":"tag-creazione-realta-virtuale","8":"tag-pano2vr","9":"tag-piattaforma-creazione-realta-virtuale","10":"tag-programma-creazione-realta-virtuale","11":"tag-realta-virtuale","12":"tag-software-creazione-realta-virtuale","13":"tag-soluzione-creazione-realta-virtuale"},"wppr_data":{"cwp_meta_box_check":"No"},"acf":[],"yoast_head":"<!-- This site is optimized with the Yoast SEO plugin v27.4 - https:\/\/yoast.com\/product\/yoast-seo-wordpress\/ -->\n<title>Pano2VR: recensione software creazione realt\u00e0 virtuale Accurate Reviews<\/title>\n<meta name=\"description\" content=\"Pano2VR: recensione software che converte foto\/video panoramici o a 360\u00b0 in esperienze virtuali interattive.\" \/>\n<meta name=\"robots\" content=\"index, follow, max-snippet:-1, max-image-preview:large, max-video-preview:-1\" \/>\n<link rel=\"canonical\" href=\"https:\/\/www.accuratereviews.com\/it\/software-per-creare-realta-virtuale\/pano2vr-recensione\/\" \/>\n<meta property=\"og:locale\" content=\"it_IT\" \/>\n<meta property=\"og:type\" content=\"article\" \/>\n<meta property=\"og:title\" content=\"Pano2VR: recensione software creazione realt\u00e0 virtuale Accurate Reviews\" \/>\n<meta property=\"og:description\" content=\"Pano2VR: recensione software che converte foto\/video panoramici o a 360\u00b0 in esperienze virtuali interattive.\" \/>\n<meta property=\"og:url\" content=\"https:\/\/www.accuratereviews.com\/it\/software-per-creare-realta-virtuale\/pano2vr-recensione\/\" \/>\n<meta property=\"og:site_name\" content=\"Accurate Reviews\" \/>\n<meta property=\"og:image\" content=\"https:\/\/www.accuratereviews.com\/wp-content\/uploads\/2022\/07\/Pano2VR.png\" \/>\n\t<meta property=\"og:image:width\" content=\"256\" \/>\n\t<meta property=\"og:image:height\" content=\"256\" \/>\n\t<meta property=\"og:image:type\" content=\"image\/png\" \/>\n<meta name=\"twitter:card\" content=\"summary_large_image\" \/>\n<meta name=\"twitter:label1\" content=\"Tempo di lettura stimato\" \/>\n\t<meta name=\"twitter:data1\" content=\"4 minuti\" \/>\n<script type=\"application\/ld+json\" class=\"yoast-schema-graph\">{\"@context\":\"https:\\\/\\\/schema.org\",\"@graph\":[{\"@type\":\"WebPage\",\"@id\":\"https:\\\/\\\/www.accuratereviews.com\\\/it\\\/software-per-creare-realta-virtuale\\\/pano2vr-recensione\\\/\",\"url\":\"https:\\\/\\\/www.accuratereviews.com\\\/it\\\/software-per-creare-realta-virtuale\\\/pano2vr-recensione\\\/\",\"name\":\"Pano2VR: recensione software creazione realt\u00e0 virtuale Accurate Reviews\",\"isPartOf\":{\"@id\":\"https:\\\/\\\/www.accuratereviews.com\\\/it\\\/#website\"},\"primaryImageOfPage\":{\"@id\":\"https:\\\/\\\/www.accuratereviews.com\\\/it\\\/software-per-creare-realta-virtuale\\\/pano2vr-recensione\\\/#primaryimage\"},\"image\":{\"@id\":\"https:\\\/\\\/www.accuratereviews.com\\\/it\\\/software-per-creare-realta-virtuale\\\/pano2vr-recensione\\\/#primaryimage\"},\"thumbnailUrl\":\"https:\\\/\\\/www.accuratereviews.com\\\/wp-content\\\/uploads\\\/2022\\\/07\\\/Pano2VR.png\",\"datePublished\":\"2022-07-07T11:07:45+00:00\",\"description\":\"Pano2VR: recensione software che converte foto\\\/video panoramici o a 360\u00b0 in esperienze virtuali interattive.\",\"breadcrumb\":{\"@id\":\"https:\\\/\\\/www.accuratereviews.com\\\/it\\\/software-per-creare-realta-virtuale\\\/pano2vr-recensione\\\/#breadcrumb\"},\"inLanguage\":\"it-IT\",\"potentialAction\":[{\"@type\":\"ReadAction\",\"target\":[\"https:\\\/\\\/www.accuratereviews.com\\\/it\\\/software-per-creare-realta-virtuale\\\/pano2vr-recensione\\\/\"]}]},{\"@type\":\"ImageObject\",\"inLanguage\":\"it-IT\",\"@id\":\"https:\\\/\\\/www.accuratereviews.com\\\/it\\\/software-per-creare-realta-virtuale\\\/pano2vr-recensione\\\/#primaryimage\",\"url\":\"https:\\\/\\\/www.accuratereviews.com\\\/wp-content\\\/uploads\\\/2022\\\/07\\\/Pano2VR.png\",\"contentUrl\":\"https:\\\/\\\/www.accuratereviews.com\\\/wp-content\\\/uploads\\\/2022\\\/07\\\/Pano2VR.png\",\"width\":256,\"height\":256},{\"@type\":\"BreadcrumbList\",\"@id\":\"https:\\\/\\\/www.accuratereviews.com\\\/it\\\/software-per-creare-realta-virtuale\\\/pano2vr-recensione\\\/#breadcrumb\",\"itemListElement\":[{\"@type\":\"ListItem\",\"position\":1,\"name\":\"Home\",\"item\":\"https:\\\/\\\/www.accuratereviews.com\\\/it\\\/\"},{\"@type\":\"ListItem\",\"position\":2,\"name\":\"Software per creare realt\u00e0 virtuale\",\"item\":\"https:\\\/\\\/www.accuratereviews.com\\\/it\\\/software-per-creare-realta-virtuale\\\/\"},{\"@type\":\"ListItem\",\"position\":3,\"name\":\"Pano2VR\"}]},{\"@type\":\"WebSite\",\"@id\":\"https:\\\/\\\/www.accuratereviews.com\\\/it\\\/#website\",\"url\":\"https:\\\/\\\/www.accuratereviews.com\\\/it\\\/\",\"name\":\"Accurate Reviews\",\"description\":\"\",\"potentialAction\":[{\"@type\":\"SearchAction\",\"target\":{\"@type\":\"EntryPoint\",\"urlTemplate\":\"https:\\\/\\\/www.accuratereviews.com\\\/it\\\/?s={search_term_string}\"},\"query-input\":{\"@type\":\"PropertyValueSpecification\",\"valueRequired\":true,\"valueName\":\"search_term_string\"}}],\"inLanguage\":\"it-IT\"}]}<\/script>\n<!-- \/ Yoast SEO plugin. -->","yoast_head_json":{"title":"Pano2VR: recensione software creazione realt\u00e0 virtuale Accurate Reviews","description":"Pano2VR: recensione software che converte foto\/video panoramici o a 360\u00b0 in esperienze virtuali interattive.","robots":{"index":"index","follow":"follow","max-snippet":"max-snippet:-1","max-image-preview":"max-image-preview:large","max-video-preview":"max-video-preview:-1"},"canonical":"https:\/\/www.accuratereviews.com\/it\/software-per-creare-realta-virtuale\/pano2vr-recensione\/","og_locale":"it_IT","og_type":"article","og_title":"Pano2VR: recensione software creazione realt\u00e0 virtuale Accurate Reviews","og_description":"Pano2VR: recensione software che converte foto\/video panoramici o a 360\u00b0 in esperienze virtuali interattive.","og_url":"https:\/\/www.accuratereviews.com\/it\/software-per-creare-realta-virtuale\/pano2vr-recensione\/","og_site_name":"Accurate Reviews","og_image":[{"width":256,"height":256,"url":"https:\/\/www.accuratereviews.com\/wp-content\/uploads\/2022\/07\/Pano2VR.png","type":"image\/png"}],"twitter_card":"summary_large_image","twitter_misc":{"Tempo di lettura stimato":"4 minuti"},"schema":{"@context":"https:\/\/schema.org","@graph":[{"@type":"WebPage","@id":"https:\/\/www.accuratereviews.com\/it\/software-per-creare-realta-virtuale\/pano2vr-recensione\/","url":"https:\/\/www.accuratereviews.com\/it\/software-per-creare-realta-virtuale\/pano2vr-recensione\/","name":"Pano2VR: recensione software creazione realt\u00e0 virtuale Accurate Reviews","isPartOf":{"@id":"https:\/\/www.accuratereviews.com\/it\/#website"},"primaryImageOfPage":{"@id":"https:\/\/www.accuratereviews.com\/it\/software-per-creare-realta-virtuale\/pano2vr-recensione\/#primaryimage"},"image":{"@id":"https:\/\/www.accuratereviews.com\/it\/software-per-creare-realta-virtuale\/pano2vr-recensione\/#primaryimage"},"thumbnailUrl":"https:\/\/www.accuratereviews.com\/wp-content\/uploads\/2022\/07\/Pano2VR.png","datePublished":"2022-07-07T11:07:45+00:00","description":"Pano2VR: recensione software che converte foto\/video panoramici o a 360\u00b0 in esperienze virtuali interattive.","breadcrumb":{"@id":"https:\/\/www.accuratereviews.com\/it\/software-per-creare-realta-virtuale\/pano2vr-recensione\/#breadcrumb"},"inLanguage":"it-IT","potentialAction":[{"@type":"ReadAction","target":["https:\/\/www.accuratereviews.com\/it\/software-per-creare-realta-virtuale\/pano2vr-recensione\/"]}]},{"@type":"ImageObject","inLanguage":"it-IT","@id":"https:\/\/www.accuratereviews.com\/it\/software-per-creare-realta-virtuale\/pano2vr-recensione\/#primaryimage","url":"https:\/\/www.accuratereviews.com\/wp-content\/uploads\/2022\/07\/Pano2VR.png","contentUrl":"https:\/\/www.accuratereviews.com\/wp-content\/uploads\/2022\/07\/Pano2VR.png","width":256,"height":256},{"@type":"BreadcrumbList","@id":"https:\/\/www.accuratereviews.com\/it\/software-per-creare-realta-virtuale\/pano2vr-recensione\/#breadcrumb","itemListElement":[{"@type":"ListItem","position":1,"name":"Home","item":"https:\/\/www.accuratereviews.com\/it\/"},{"@type":"ListItem","position":2,"name":"Software per creare realt\u00e0 virtuale","item":"https:\/\/www.accuratereviews.com\/it\/software-per-creare-realta-virtuale\/"},{"@type":"ListItem","position":3,"name":"Pano2VR"}]},{"@type":"WebSite","@id":"https:\/\/www.accuratereviews.com\/it\/#website","url":"https:\/\/www.accuratereviews.com\/it\/","name":"Accurate Reviews","description":"","potentialAction":[{"@type":"SearchAction","target":{"@type":"EntryPoint","urlTemplate":"https:\/\/www.accuratereviews.com\/it\/?s={search_term_string}"},"query-input":{"@type":"PropertyValueSpecification","valueRequired":true,"valueName":"search_term_string"}}],"inLanguage":"it-IT"}]}},"_links":{"self":[{"href":"https:\/\/www.accuratereviews.com\/it\/wp-json\/wp\/v2\/pages\/59474","targetHints":{"allow":["GET"]}}],"collection":[{"href":"https:\/\/www.accuratereviews.com\/it\/wp-json\/wp\/v2\/pages"}],"about":[{"href":"https:\/\/www.accuratereviews.com\/it\/wp-json\/wp\/v2\/types\/page"}],"author":[{"embeddable":true,"href":"https:\/\/www.accuratereviews.com\/it\/wp-json\/wp\/v2\/users\/16"}],"replies":[{"embeddable":true,"href":"https:\/\/www.accuratereviews.com\/it\/wp-json\/wp\/v2\/comments?post=59474"}],"version-history":[{"count":12,"href":"https:\/\/www.accuratereviews.com\/it\/wp-json\/wp\/v2\/pages\/59474\/revisions"}],"predecessor-version":[{"id":59495,"href":"https:\/\/www.accuratereviews.com\/it\/wp-json\/wp\/v2\/pages\/59474\/revisions\/59495"}],"up":[{"embeddable":true,"href":"https:\/\/www.accuratereviews.com\/it\/wp-json\/wp\/v2\/pages\/59336"}],"wp:featuredmedia":[{"embeddable":true,"href":"https:\/\/www.accuratereviews.com\/it\/wp-json\/wp\/v2\/media\/59475"}],"wp:attachment":[{"href":"https:\/\/www.accuratereviews.com\/it\/wp-json\/wp\/v2\/media?parent=59474"}],"wp:term":[{"taxonomy":"category","embeddable":true,"href":"https:\/\/www.accuratereviews.com\/it\/wp-json\/wp\/v2\/categories?post=59474"},{"taxonomy":"post_tag","embeddable":true,"href":"https:\/\/www.accuratereviews.com\/it\/wp-json\/wp\/v2\/tags?post=59474"},{"taxonomy":"features","embeddable":true,"href":"https:\/\/www.accuratereviews.com\/it\/wp-json\/wp\/v2\/features?post=59474"}],"curies":[{"name":"wp","href":"https:\/\/api.w.org\/{rel}","templated":true}]}}