{"id":59499,"date":"2022-07-11T11:45:36","date_gmt":"2022-07-11T11:45:36","guid":{"rendered":"https:\/\/www.accuratereviews.com\/?page_id=59499"},"modified":"2022-07-11T11:45:36","modified_gmt":"2022-07-11T11:45:36","slug":"sketchfab-recensione","status":"publish","type":"page","link":"https:\/\/www.accuratereviews.com\/it\/software-per-creare-realta-virtuale\/sketchfab-recensione\/","title":{"rendered":"Sketchfab"},"content":{"rendered":"<p><strong>Sketchfab<\/strong> \u00e8 uno strumento di visualizzazione, creazione e pubblicazione basato sul web <strong>per modelli 3D<\/strong>. Con questa soluzione, gli utenti possono organizzare i modelli utilizzando le opzioni di raccolta, tag e categoria dello strumento. I soggetti 3D creati possono essere incorporati e condivisi su siti web, forum e pagine di social media. Offre un visualizzatore 3D\/VR universale a cui \u00e8 possibile accedere su qualsiasi browser o sistema operativo senza la necessit\u00e0 di installare un plug-in. \u00c8 disponibile anche un&#8217;app mobile.<br \/>\nCon l&#8217;editor 3D integrato di <strong>Sketchfab<\/strong>, gli utenti possono modificare il contenuto del modello, regolare l&#8217;illuminazione, scegliere i parametri della fotocamera, aggiungere filtri creativi e altro ancora. Inoltre, \u00e8 possibile creare un configuratore 3D personalizzato e app di download utilizzando l&#8217;estensione dell&#8217;API di download.<\/p>\n<h2>SKETCHFAB &#8211; TUTORIAL<\/h2>\n<p>Guardiamo insieme come inserire un prodotto su un ecommerce con questo <strong>software per creare realt\u00e0 virtuale<\/strong>:<\/p>\n<div id=\"fluid-wrapper-counter-1\" class=\"g1-fluid-wrapper \" style=\"width:686px;\">\n<div style=\"padding-bottom:56.268221574344%;\"><iframe loading=\"lazy\" title=\"Uploading Your First Model to the Sketchfab Store | Tutorial\" width=\"686\" height=\"386\" src=\"https:\/\/www.youtube.com\/embed\/0Hbkg4c1REw?feature=oembed&amp;wmode=transparent&amp;autohide=1&amp;autoplay=0&amp;disablekb=0&amp;fs=1&amp;loop=0&amp;enablejsapi=1&amp;rel=0&amp;controls=2&amp;showinfo=0&amp;wmode=transparent&amp;autohide=2&amp;autoplay=0&amp;disablekb=0&amp;fs=1&amp;loop=0&amp;enablejsapi=1&amp;rel=0&amp;controls=2&amp;showinfo=1\" frameborder=\"0\" allow=\"accelerometer; autoplay; clipboard-write; encrypted-media; gyroscope; picture-in-picture\" allowfullscreen><\/iframe><\/div>\n<\/div>\n<h3>SKETCHFAB &#8211; CARATTERISTICHE<\/h3>\n<ul>\n<li><strong>Visualizzatore 3D\/VR universal<\/strong>e: la tecnologia funziona con tutti i browser e tutti i sistemi operativi (Windows, macOS, Linux, iOS e Android). Nessun plug-in richiesto.<\/li>\n<li><strong>Personalizzabile<\/strong>: personalizza il visualizzatore per una perfetta integrazione.<\/li>\n<li><strong>Veloce<\/strong>: la compressione all&#8217;avanguardia offre ai tuoi modelli 3D\/VR la massima velocit\u00e0.<\/li>\n<li><strong>Inserire e condividere<\/strong>: incorpora modelli 3D su qualsiasi sito web, forum e persino social media. Il tuo pubblico pu\u00f2 navigare in 3D o VR senza lasciare il tuo sito.<\/li>\n<li><strong>Acquista e vendi modelli 3d<\/strong>: trova tutto ci\u00f2 di cui hai bisogno per il tuo prossimo progetto. Ci\u00f2 che vedi \u00e8 ci\u00f2 che ottieni.<\/li>\n<li><strong>Caricamenti illimitati<\/strong>: carica tutti i file di cui hai bisogno, fino a 50 MB\/file.\u00a0Sono supportati tutti i principali formati di file 3D, inclusi OBJ, FBX, BLEND, 3DS e STL.<\/li>\n<li><strong>Gestisci i tuoi contenuti<\/strong>: organizza i tuoi modelli con collezioni, tag e categorie.<\/li>\n<li><strong>Condividi e incorpora<\/strong>: incorpora i tuoi modelli su Facebook, Twitter, forum e qualsiasi sito web che supporti gli iframe.<\/li>\n<\/ul>\n<h4>LE RECENSIONI DEGLI UTENTI<\/h4>\n<p class=\"font-weight-bold mb-2\"><strong>Michael D. &#8220;Un must per la scuola e l&#8217;istruzione&#8221;<\/strong><\/p>\n<p class=\"font-weight-bold mb-2\"><strong>Pro<\/strong>:\u00a0facilit\u00e0 d&#8217;uso, capacit\u00e0 di progettare, creare e condividere<\/p>\n<p><strong>Contro<\/strong>:\u00a0Onestamente non riesco a pensare a qualcosa che potrei dire in negativo<\/p>\n<p><strong>Ivan harris T.&#8221;La mia recensione per Sketchfab&#8221;<\/strong><\/p>\n<p><strong>Pro<\/strong>:\u00a0Quello che mi piace di pi\u00f9 di Sketchfab \u00e8 la sua qualit\u00e0 di visualizzazione durante la produzione di modelli 3D, che sia per il tuo lavoro o meno. Ha anche una vasta gamma di risorse necessarie per produrre il modello che immagini.<\/p>\n<p><strong>Contro<\/strong>:\u00a0Sketchfab ha i suoi limiti, tuttavia, soprattutto quando lo si utilizza troppo frequentemente.<\/p>\n<p class=\"font-weight-bold mb-2\"><strong>Mehmet A.&#8221;SketchFab ha contribuito ad aumentare i nostri contatti web&#8221;<\/strong><\/p>\n<p><span class=\"font-weight-bold\"><strong>Commenti<\/strong>: <\/span>Lo strumento di progettazione 3D che abbiamo sviluppato utilizzando le librerie di Sketchfab ha cambiato definitivamente la nostra attivit\u00e0. Attualmente generiamo 1\/3 di tutti i nostri lead web attraverso quello strumento di progettazione 3D. Ha anche ridotto notevolmente il nostro processo di progettazione.<\/p>\n<p class=\"font-weight-bold mb-2\"><strong>Pro<\/strong>:\u00a0\u00c8 veloce e funziona senza problemi su quasi tutti i dispositivi (tranne alcuni vecchi sistemi operativi e dispositivi mobili).<\/p>\n<p class=\"font-weight-bold mb-2\"><strong>Contro<\/strong>:\u00a0Era pi\u00f9 economico quando ci siamo abbonati per la prima volta, ma poi hanno aumentato i prezzi<\/p>\n","protected":false},"excerpt":{"rendered":"<p>Sketchfab \u00e8 uno strumento di visualizzazione, creazione e pubblicazione basato sul web per modelli 3D. Con questa soluzione, gli utenti possono organizzare i modelli utilizzando le opzioni di raccolta, tag e categoria dello strumento. I soggetti 3D creati possono essere incorporati e condivisi su siti web, forum e pagine di social media.<\/p>\n","protected":false},"author":16,"featured_media":59500,"parent":59336,"menu_order":0,"comment_status":"open","ping_status":"closed","template":"g1_template_page_review_new.php","meta":{"_acf_changed":false,"cwp_meta_box_check":"No","cwp_rev_product_name":"","cwp_rev_product_image":"","wppr_links":[],"cwp_rev_price":"","wppr_options":[],"wppr_pros":[],"wppr_cons":[],"_monsterinsights_skip_tracking":false,"_monsterinsights_sitenote_active":false,"_monsterinsights_sitenote_note":"","_monsterinsights_sitenote_category":0,"footnotes":""},"categories":[12929],"tags":[12934,12744,12972,12933,12975,12971,12970],"features":[],"class_list":{"0":"post-59499","1":"page","2":"type-page","3":"status-publish","4":"has-post-thumbnail","6":"category-software-realta-virtuale-cat","7":"tag-creazione-realta-virtuale","8":"tag-piattaforma-per-creare-firme-email","9":"tag-programma-creazione-realta-virtuale","10":"tag-realta-virtuale","11":"tag-sketchfab","12":"tag-software-creazione-realta-virtuale","13":"tag-soluzione-creazione-realta-virtuale"},"wppr_data":{"cwp_meta_box_check":"No"},"acf":[],"yoast_head":"<!-- This site is optimized with the Yoast SEO plugin v27.4 - https:\/\/yoast.com\/product\/yoast-seo-wordpress\/ -->\n<title>Sketchfab: recensione software creazione realt\u00e0 virtuale Accurate Reviews<\/title>\n<meta name=\"description\" content=\"Sketchfab: recensione dello strumento di visualizzazione, creazione e pubblicazione basato sul web per modelli 3D.\" \/>\n<meta name=\"robots\" content=\"index, follow, max-snippet:-1, max-image-preview:large, max-video-preview:-1\" \/>\n<link rel=\"canonical\" href=\"https:\/\/www.accuratereviews.com\/it\/software-per-creare-realta-virtuale\/sketchfab-recensione\/\" \/>\n<meta property=\"og:locale\" content=\"it_IT\" \/>\n<meta property=\"og:type\" content=\"article\" \/>\n<meta property=\"og:title\" content=\"Sketchfab: recensione software creazione realt\u00e0 virtuale Accurate Reviews\" \/>\n<meta property=\"og:description\" content=\"Sketchfab: recensione dello strumento di visualizzazione, creazione e pubblicazione basato sul web per modelli 3D.\" \/>\n<meta property=\"og:url\" content=\"https:\/\/www.accuratereviews.com\/it\/software-per-creare-realta-virtuale\/sketchfab-recensione\/\" \/>\n<meta property=\"og:site_name\" content=\"Accurate Reviews\" \/>\n<meta property=\"og:image\" content=\"https:\/\/www.accuratereviews.com\/wp-content\/uploads\/2022\/07\/sketchfab-logo.jpeg\" \/>\n\t<meta property=\"og:image:width\" content=\"280\" \/>\n\t<meta property=\"og:image:height\" content=\"260\" \/>\n\t<meta property=\"og:image:type\" content=\"image\/jpeg\" \/>\n<meta name=\"twitter:card\" content=\"summary_large_image\" \/>\n<meta name=\"twitter:label1\" content=\"Tempo di lettura stimato\" \/>\n\t<meta name=\"twitter:data1\" content=\"3 minuti\" \/>\n<script type=\"application\/ld+json\" class=\"yoast-schema-graph\">{\"@context\":\"https:\\\/\\\/schema.org\",\"@graph\":[{\"@type\":\"WebPage\",\"@id\":\"https:\\\/\\\/www.accuratereviews.com\\\/it\\\/software-per-creare-realta-virtuale\\\/sketchfab-recensione\\\/\",\"url\":\"https:\\\/\\\/www.accuratereviews.com\\\/it\\\/software-per-creare-realta-virtuale\\\/sketchfab-recensione\\\/\",\"name\":\"Sketchfab: recensione software creazione realt\u00e0 virtuale Accurate Reviews\",\"isPartOf\":{\"@id\":\"https:\\\/\\\/www.accuratereviews.com\\\/it\\\/#website\"},\"primaryImageOfPage\":{\"@id\":\"https:\\\/\\\/www.accuratereviews.com\\\/it\\\/software-per-creare-realta-virtuale\\\/sketchfab-recensione\\\/#primaryimage\"},\"image\":{\"@id\":\"https:\\\/\\\/www.accuratereviews.com\\\/it\\\/software-per-creare-realta-virtuale\\\/sketchfab-recensione\\\/#primaryimage\"},\"thumbnailUrl\":\"https:\\\/\\\/www.accuratereviews.com\\\/wp-content\\\/uploads\\\/2022\\\/07\\\/sketchfab-logo.jpeg\",\"datePublished\":\"2022-07-11T11:45:36+00:00\",\"description\":\"Sketchfab: recensione dello strumento di visualizzazione, creazione e pubblicazione basato sul web per modelli 3D.\",\"breadcrumb\":{\"@id\":\"https:\\\/\\\/www.accuratereviews.com\\\/it\\\/software-per-creare-realta-virtuale\\\/sketchfab-recensione\\\/#breadcrumb\"},\"inLanguage\":\"it-IT\",\"potentialAction\":[{\"@type\":\"ReadAction\",\"target\":[\"https:\\\/\\\/www.accuratereviews.com\\\/it\\\/software-per-creare-realta-virtuale\\\/sketchfab-recensione\\\/\"]}]},{\"@type\":\"ImageObject\",\"inLanguage\":\"it-IT\",\"@id\":\"https:\\\/\\\/www.accuratereviews.com\\\/it\\\/software-per-creare-realta-virtuale\\\/sketchfab-recensione\\\/#primaryimage\",\"url\":\"https:\\\/\\\/www.accuratereviews.com\\\/wp-content\\\/uploads\\\/2022\\\/07\\\/sketchfab-logo.jpeg\",\"contentUrl\":\"https:\\\/\\\/www.accuratereviews.com\\\/wp-content\\\/uploads\\\/2022\\\/07\\\/sketchfab-logo.jpeg\",\"width\":280,\"height\":260},{\"@type\":\"BreadcrumbList\",\"@id\":\"https:\\\/\\\/www.accuratereviews.com\\\/it\\\/software-per-creare-realta-virtuale\\\/sketchfab-recensione\\\/#breadcrumb\",\"itemListElement\":[{\"@type\":\"ListItem\",\"position\":1,\"name\":\"Home\",\"item\":\"https:\\\/\\\/www.accuratereviews.com\\\/it\\\/\"},{\"@type\":\"ListItem\",\"position\":2,\"name\":\"Software per creare realt\u00e0 virtuale\",\"item\":\"https:\\\/\\\/www.accuratereviews.com\\\/it\\\/software-per-creare-realta-virtuale\\\/\"},{\"@type\":\"ListItem\",\"position\":3,\"name\":\"Sketchfab\"}]},{\"@type\":\"WebSite\",\"@id\":\"https:\\\/\\\/www.accuratereviews.com\\\/it\\\/#website\",\"url\":\"https:\\\/\\\/www.accuratereviews.com\\\/it\\\/\",\"name\":\"Accurate Reviews\",\"description\":\"\",\"potentialAction\":[{\"@type\":\"SearchAction\",\"target\":{\"@type\":\"EntryPoint\",\"urlTemplate\":\"https:\\\/\\\/www.accuratereviews.com\\\/it\\\/?s={search_term_string}\"},\"query-input\":{\"@type\":\"PropertyValueSpecification\",\"valueRequired\":true,\"valueName\":\"search_term_string\"}}],\"inLanguage\":\"it-IT\"}]}<\/script>\n<!-- \/ Yoast SEO plugin. -->","yoast_head_json":{"title":"Sketchfab: recensione software creazione realt\u00e0 virtuale Accurate Reviews","description":"Sketchfab: recensione dello strumento di visualizzazione, creazione e pubblicazione basato sul web per modelli 3D.","robots":{"index":"index","follow":"follow","max-snippet":"max-snippet:-1","max-image-preview":"max-image-preview:large","max-video-preview":"max-video-preview:-1"},"canonical":"https:\/\/www.accuratereviews.com\/it\/software-per-creare-realta-virtuale\/sketchfab-recensione\/","og_locale":"it_IT","og_type":"article","og_title":"Sketchfab: recensione software creazione realt\u00e0 virtuale Accurate Reviews","og_description":"Sketchfab: recensione dello strumento di visualizzazione, creazione e pubblicazione basato sul web per modelli 3D.","og_url":"https:\/\/www.accuratereviews.com\/it\/software-per-creare-realta-virtuale\/sketchfab-recensione\/","og_site_name":"Accurate Reviews","og_image":[{"width":280,"height":260,"url":"https:\/\/www.accuratereviews.com\/wp-content\/uploads\/2022\/07\/sketchfab-logo.jpeg","type":"image\/jpeg"}],"twitter_card":"summary_large_image","twitter_misc":{"Tempo di lettura stimato":"3 minuti"},"schema":{"@context":"https:\/\/schema.org","@graph":[{"@type":"WebPage","@id":"https:\/\/www.accuratereviews.com\/it\/software-per-creare-realta-virtuale\/sketchfab-recensione\/","url":"https:\/\/www.accuratereviews.com\/it\/software-per-creare-realta-virtuale\/sketchfab-recensione\/","name":"Sketchfab: recensione software creazione realt\u00e0 virtuale Accurate Reviews","isPartOf":{"@id":"https:\/\/www.accuratereviews.com\/it\/#website"},"primaryImageOfPage":{"@id":"https:\/\/www.accuratereviews.com\/it\/software-per-creare-realta-virtuale\/sketchfab-recensione\/#primaryimage"},"image":{"@id":"https:\/\/www.accuratereviews.com\/it\/software-per-creare-realta-virtuale\/sketchfab-recensione\/#primaryimage"},"thumbnailUrl":"https:\/\/www.accuratereviews.com\/wp-content\/uploads\/2022\/07\/sketchfab-logo.jpeg","datePublished":"2022-07-11T11:45:36+00:00","description":"Sketchfab: recensione dello strumento di visualizzazione, creazione e pubblicazione basato sul web per modelli 3D.","breadcrumb":{"@id":"https:\/\/www.accuratereviews.com\/it\/software-per-creare-realta-virtuale\/sketchfab-recensione\/#breadcrumb"},"inLanguage":"it-IT","potentialAction":[{"@type":"ReadAction","target":["https:\/\/www.accuratereviews.com\/it\/software-per-creare-realta-virtuale\/sketchfab-recensione\/"]}]},{"@type":"ImageObject","inLanguage":"it-IT","@id":"https:\/\/www.accuratereviews.com\/it\/software-per-creare-realta-virtuale\/sketchfab-recensione\/#primaryimage","url":"https:\/\/www.accuratereviews.com\/wp-content\/uploads\/2022\/07\/sketchfab-logo.jpeg","contentUrl":"https:\/\/www.accuratereviews.com\/wp-content\/uploads\/2022\/07\/sketchfab-logo.jpeg","width":280,"height":260},{"@type":"BreadcrumbList","@id":"https:\/\/www.accuratereviews.com\/it\/software-per-creare-realta-virtuale\/sketchfab-recensione\/#breadcrumb","itemListElement":[{"@type":"ListItem","position":1,"name":"Home","item":"https:\/\/www.accuratereviews.com\/it\/"},{"@type":"ListItem","position":2,"name":"Software per creare realt\u00e0 virtuale","item":"https:\/\/www.accuratereviews.com\/it\/software-per-creare-realta-virtuale\/"},{"@type":"ListItem","position":3,"name":"Sketchfab"}]},{"@type":"WebSite","@id":"https:\/\/www.accuratereviews.com\/it\/#website","url":"https:\/\/www.accuratereviews.com\/it\/","name":"Accurate Reviews","description":"","potentialAction":[{"@type":"SearchAction","target":{"@type":"EntryPoint","urlTemplate":"https:\/\/www.accuratereviews.com\/it\/?s={search_term_string}"},"query-input":{"@type":"PropertyValueSpecification","valueRequired":true,"valueName":"search_term_string"}}],"inLanguage":"it-IT"}]}},"_links":{"self":[{"href":"https:\/\/www.accuratereviews.com\/it\/wp-json\/wp\/v2\/pages\/59499","targetHints":{"allow":["GET"]}}],"collection":[{"href":"https:\/\/www.accuratereviews.com\/it\/wp-json\/wp\/v2\/pages"}],"about":[{"href":"https:\/\/www.accuratereviews.com\/it\/wp-json\/wp\/v2\/types\/page"}],"author":[{"embeddable":true,"href":"https:\/\/www.accuratereviews.com\/it\/wp-json\/wp\/v2\/users\/16"}],"replies":[{"embeddable":true,"href":"https:\/\/www.accuratereviews.com\/it\/wp-json\/wp\/v2\/comments?post=59499"}],"version-history":[{"count":8,"href":"https:\/\/www.accuratereviews.com\/it\/wp-json\/wp\/v2\/pages\/59499\/revisions"}],"predecessor-version":[{"id":59539,"href":"https:\/\/www.accuratereviews.com\/it\/wp-json\/wp\/v2\/pages\/59499\/revisions\/59539"}],"up":[{"embeddable":true,"href":"https:\/\/www.accuratereviews.com\/it\/wp-json\/wp\/v2\/pages\/59336"}],"wp:featuredmedia":[{"embeddable":true,"href":"https:\/\/www.accuratereviews.com\/it\/wp-json\/wp\/v2\/media\/59500"}],"wp:attachment":[{"href":"https:\/\/www.accuratereviews.com\/it\/wp-json\/wp\/v2\/media?parent=59499"}],"wp:term":[{"taxonomy":"category","embeddable":true,"href":"https:\/\/www.accuratereviews.com\/it\/wp-json\/wp\/v2\/categories?post=59499"},{"taxonomy":"post_tag","embeddable":true,"href":"https:\/\/www.accuratereviews.com\/it\/wp-json\/wp\/v2\/tags?post=59499"},{"taxonomy":"features","embeddable":true,"href":"https:\/\/www.accuratereviews.com\/it\/wp-json\/wp\/v2\/features?post=59499"}],"curies":[{"name":"wp","href":"https:\/\/api.w.org\/{rel}","templated":true}]}}