{"id":59551,"date":"2022-07-12T17:18:28","date_gmt":"2022-07-12T17:18:28","guid":{"rendered":"https:\/\/www.accuratereviews.com\/?page_id=59551"},"modified":"2022-07-13T16:05:23","modified_gmt":"2022-07-13T16:05:23","slug":"paleblue-recensione","status":"publish","type":"page","link":"https:\/\/www.accuratereviews.com\/it\/software-per-creare-realta-virtuale\/paleblue-recensione\/","title":{"rendered":"PaleBlue"},"content":{"rendered":"<p><strong>PaleBlue<\/strong> \u00e8 una <strong>soluzione AR\/VR<\/strong> basata su <strong>cloud<\/strong> che aiuta le aziende di tutte le dimensioni a gestire i processi di formazione e a semplificare i flussi di lavoro utilizzando la <strong>realt\u00e0 aumentata, virtuale e simulazioni 3D<\/strong>. La piattaforma consente agli utenti di importare modelli 3D da pi\u00f9 fonti CAD (Computer Aided Design) per ottimizzare automaticamente i progetti e facilitare i processi. Il programma\u00a0viene fornito con un modulo 3D Direct, che consente agli utenti di convertire vari modelli 3D come parametrici, analisi e geometria solida costruttiva (CSG) in formati triangolati per fornire una visualizzazione della scena grafica in tempo reale. Le caratteristiche includono il rilevamento della postura del corpo\/dell&#8217;espressione facciale, sistemi di input multipli, controllo del dispositivo remoto, sessioni di simulatore multiplayer, allenamento di squadra e altro ancora.<\/p>\n<h2>PALEBLUE &#8211; TUTORIAL<\/h2>\n<p>Guardiamo come creare una<strong> realt\u00e0 virtuale<\/strong> con questo programma:<\/p>\n<div id=\"fluid-wrapper-counter-1\" class=\"g1-fluid-wrapper \" style=\"width:686px;\">\n<div style=\"padding-bottom:56.268221574344%;\"><iframe loading=\"lazy\" title=\"PaleBlue VR Diver\" width=\"686\" height=\"386\" src=\"https:\/\/www.youtube.com\/embed\/rwyTLEVuZFY?feature=oembed&amp;wmode=transparent&amp;autohide=1&amp;autoplay=0&amp;disablekb=0&amp;fs=1&amp;loop=0&amp;enablejsapi=1&amp;rel=0&amp;controls=2&amp;showinfo=0&amp;wmode=transparent&amp;autohide=2&amp;autoplay=0&amp;disablekb=0&amp;fs=1&amp;loop=0&amp;enablejsapi=1&amp;rel=0&amp;controls=2&amp;showinfo=1\" frameborder=\"0\" allow=\"accelerometer; autoplay; clipboard-write; encrypted-media; gyroscope; picture-in-picture\" allowfullscreen><\/iframe><\/div>\n<\/div>\n<h3>PALEBLUE &#8211; CARATTERISTICHE<\/h3>\n<ul>\n<li><strong>Ottimizza i costi<\/strong>: riduci i costi di formazione. Migliora l&#8217;efficienza delle tue operazioni risparmiando fino al 40% del budget di progetto.<\/li>\n<li><strong>Gamification<\/strong>: l&#8217;allenamento \u00e8 divertente e facile da seguire. La gamification lo rende molto pi\u00f9 coinvolgente di un corso eLearning.<\/li>\n<li><strong>Costruisci conasapevolezza<\/strong>: preparati per operazioni ed emergenze in una comoda forma digitale. Passa attraverso situazioni normali e inaspettate.<\/li>\n<li><strong>Inizia in pochi minuti<\/strong>: con gli strumenti di creazione visiva, non \u00e8 necessario contattare sviluppatori. Crea una formazione ludicizzata senza conoscenze di codifica.<\/li>\n<li><strong>Riutilizza il contenuto esistente<\/strong>: converti i corsi di eLearning e web esistenti in esperienze pratiche coinvolgenti, seguendo la stessa progettazione del corso.<\/li>\n<li><strong>Migliora la sicurezza<\/strong>: passa attraverso operazioni e procedure prima che avvengano nella realt\u00e0. Pi\u00f9 ti alleni, pi\u00f9 sei preparato per gli imprevisti.<\/li>\n<\/ul>\n<h4>LE RECENSIONI DEGLI UTENTI<\/h4>\n<p class=\"font-weight-bold mb-2\"><strong>Alan R.&#8221;Bell Diving Supervisor Simulator&#8221;<\/strong><\/p>\n<p class=\"font-weight-bold mb-2\"><strong>Commenti<\/strong>: Buona assistenza clienti. Sempre disponibile per il supporto software, anche dall&#8217;altra parte del mondo in diversi fusi orari<\/p>\n<p><strong>Pro<\/strong>:\u00a0La capacit\u00e0 di simulare tutti quegli scenari di emergenza che un supervisore subacqueo con campana pu\u00f2 affrontare durante la sua carriera, senza i rischi intrinseci a ci\u00f2 associati.<\/p>\n<p><strong>Contro<\/strong>:\u00a0Ancora uno o due problemi software che devono essere affrontati<\/p>\n<p class=\"font-weight-bold mb-2\"><strong>Nikolai O.&#8221;Ottimi prodotti, buon supporto e personale molto qualificato&#8221;<\/strong><\/p>\n<p class=\"font-weight-bold mb-2\"><strong>Commenti<\/strong>: Simulatore di perforazione<\/p>\n<p><strong>Pro<\/strong>:\u00a0Disponibilit\u00e0 ad aiutare il cliente nella risoluzione dei problemi, e non solo &#8211; &#8220;venduto cos\u00ec com&#8217;\u00e8&#8221;.<\/p>\n<p><strong>Contro<\/strong>:\u00a0Problemi minori con l&#8217;interfaccia del sensore, ma questo \u00e8 ancora il problema principale per la maggior parte dei fornitori, quindi non critico.<\/p>\n<p><strong>Johon D.: &#8220;Ottimi prodotti, buon supporto e personale molto qualificato&#8221;<\/strong><\/p>\n<p><strong>Commenti<\/strong>: Simulatore di perforazione<\/p>\n<p><strong>Pro<\/strong>: disponibilit\u00e0 ad aiutare il cliente nella risoluzione dei problemi, e non solo<\/p>\n<p><strong>Contro<\/strong>:\u00a0Problemi minori con l&#8217;interfaccia del sensore, ma questo \u00e8 ancora il problema principale per la maggior parte dei fornitori, quindi non \u00e8 critico.<\/p>\n","protected":false},"excerpt":{"rendered":"<p>PaleBlue \u00e8 una soluzione AR\/VR basata su cloud che aiuta le aziende di tutte le dimensioni a gestire i processi di formazione e a semplificare i flussi di lavoro utilizzando la realt\u00e0 aumentata, virtuale e simulazioni 3D. La piattaforma consente agli utenti di importare modelli 3D da pi\u00f9 fonti CAD (Computer Aided Design) per ottimizzare automaticamente i progetti e facilitare i processi.<\/p>\n","protected":false},"author":16,"featured_media":59552,"parent":59336,"menu_order":0,"comment_status":"open","ping_status":"closed","template":"g1_template_page_review_new.php","meta":{"_acf_changed":false,"cwp_meta_box_check":"No","cwp_rev_product_name":"","cwp_rev_product_image":"","wppr_links":[],"cwp_rev_price":"","wppr_options":[],"wppr_pros":[],"wppr_cons":[],"_monsterinsights_skip_tracking":false,"_monsterinsights_sitenote_active":false,"_monsterinsights_sitenote_note":"","_monsterinsights_sitenote_category":0,"footnotes":""},"categories":[12929],"tags":[12934,12990,12973,12972,12933,12971,12970],"features":[],"class_list":{"0":"post-59551","1":"page","2":"type-page","3":"status-publish","4":"has-post-thumbnail","6":"category-software-realta-virtuale-cat","7":"tag-creazione-realta-virtuale","8":"tag-paleblue","9":"tag-piattaforma-creazione-realta-virtuale","10":"tag-programma-creazione-realta-virtuale","11":"tag-realta-virtuale","12":"tag-software-creazione-realta-virtuale","13":"tag-soluzione-creazione-realta-virtuale"},"wppr_data":{"cwp_meta_box_check":"No"},"acf":[],"yoast_head":"<!-- This site is optimized with the Yoast SEO plugin v27.4 - https:\/\/yoast.com\/product\/yoast-seo-wordpress\/ -->\n<title>PaleBlue: recensione software creazione realt\u00e0 virtuale - Accurate Reviews<\/title>\n<meta name=\"description\" content=\"PaleBlue: recensione della soluzione AR\/VR basata su cloud che aiuta le aziende di tutte le dimensioni a gestire i processi di formazione.\" \/>\n<meta name=\"robots\" content=\"index, follow, max-snippet:-1, max-image-preview:large, max-video-preview:-1\" \/>\n<link rel=\"canonical\" href=\"https:\/\/www.accuratereviews.com\/it\/software-per-creare-realta-virtuale\/paleblue-recensione\/\" \/>\n<meta property=\"og:locale\" content=\"it_IT\" \/>\n<meta property=\"og:type\" content=\"article\" \/>\n<meta property=\"og:title\" content=\"PaleBlue: recensione software creazione realt\u00e0 virtuale - Accurate Reviews\" \/>\n<meta property=\"og:description\" content=\"PaleBlue: recensione della soluzione AR\/VR basata su cloud che aiuta le aziende di tutte le dimensioni a gestire i processi di formazione.\" \/>\n<meta property=\"og:url\" content=\"https:\/\/www.accuratereviews.com\/it\/software-per-creare-realta-virtuale\/paleblue-recensione\/\" \/>\n<meta property=\"og:site_name\" content=\"Accurate Reviews\" \/>\n<meta property=\"article:modified_time\" content=\"2022-07-13T16:05:23+00:00\" \/>\n<meta property=\"og:image\" content=\"https:\/\/www.accuratereviews.com\/wp-content\/uploads\/2022\/07\/PaleBlue.webp\" \/>\n\t<meta property=\"og:image:width\" content=\"1200\" \/>\n\t<meta property=\"og:image:height\" content=\"1200\" \/>\n\t<meta property=\"og:image:type\" content=\"image\/webp\" \/>\n<meta name=\"twitter:card\" content=\"summary_large_image\" \/>\n<meta name=\"twitter:label1\" content=\"Tempo di lettura stimato\" \/>\n\t<meta name=\"twitter:data1\" content=\"3 minuti\" \/>\n<script type=\"application\/ld+json\" class=\"yoast-schema-graph\">{\"@context\":\"https:\\\/\\\/schema.org\",\"@graph\":[{\"@type\":\"WebPage\",\"@id\":\"https:\\\/\\\/www.accuratereviews.com\\\/it\\\/software-per-creare-realta-virtuale\\\/paleblue-recensione\\\/\",\"url\":\"https:\\\/\\\/www.accuratereviews.com\\\/it\\\/software-per-creare-realta-virtuale\\\/paleblue-recensione\\\/\",\"name\":\"PaleBlue: recensione software creazione realt\u00e0 virtuale - Accurate Reviews\",\"isPartOf\":{\"@id\":\"https:\\\/\\\/www.accuratereviews.com\\\/it\\\/#website\"},\"primaryImageOfPage\":{\"@id\":\"https:\\\/\\\/www.accuratereviews.com\\\/it\\\/software-per-creare-realta-virtuale\\\/paleblue-recensione\\\/#primaryimage\"},\"image\":{\"@id\":\"https:\\\/\\\/www.accuratereviews.com\\\/it\\\/software-per-creare-realta-virtuale\\\/paleblue-recensione\\\/#primaryimage\"},\"thumbnailUrl\":\"https:\\\/\\\/www.accuratereviews.com\\\/wp-content\\\/uploads\\\/2022\\\/07\\\/PaleBlue.webp\",\"datePublished\":\"2022-07-12T17:18:28+00:00\",\"dateModified\":\"2022-07-13T16:05:23+00:00\",\"description\":\"PaleBlue: recensione della soluzione AR\\\/VR basata su cloud che aiuta le aziende di tutte le dimensioni a gestire i processi di formazione.\",\"breadcrumb\":{\"@id\":\"https:\\\/\\\/www.accuratereviews.com\\\/it\\\/software-per-creare-realta-virtuale\\\/paleblue-recensione\\\/#breadcrumb\"},\"inLanguage\":\"it-IT\",\"potentialAction\":[{\"@type\":\"ReadAction\",\"target\":[\"https:\\\/\\\/www.accuratereviews.com\\\/it\\\/software-per-creare-realta-virtuale\\\/paleblue-recensione\\\/\"]}]},{\"@type\":\"ImageObject\",\"inLanguage\":\"it-IT\",\"@id\":\"https:\\\/\\\/www.accuratereviews.com\\\/it\\\/software-per-creare-realta-virtuale\\\/paleblue-recensione\\\/#primaryimage\",\"url\":\"https:\\\/\\\/www.accuratereviews.com\\\/wp-content\\\/uploads\\\/2022\\\/07\\\/PaleBlue.webp\",\"contentUrl\":\"https:\\\/\\\/www.accuratereviews.com\\\/wp-content\\\/uploads\\\/2022\\\/07\\\/PaleBlue.webp\",\"width\":1200,\"height\":1200},{\"@type\":\"BreadcrumbList\",\"@id\":\"https:\\\/\\\/www.accuratereviews.com\\\/it\\\/software-per-creare-realta-virtuale\\\/paleblue-recensione\\\/#breadcrumb\",\"itemListElement\":[{\"@type\":\"ListItem\",\"position\":1,\"name\":\"Home\",\"item\":\"https:\\\/\\\/www.accuratereviews.com\\\/it\\\/\"},{\"@type\":\"ListItem\",\"position\":2,\"name\":\"Software per creare realt\u00e0 virtuale\",\"item\":\"https:\\\/\\\/www.accuratereviews.com\\\/it\\\/software-per-creare-realta-virtuale\\\/\"},{\"@type\":\"ListItem\",\"position\":3,\"name\":\"PaleBlue\"}]},{\"@type\":\"WebSite\",\"@id\":\"https:\\\/\\\/www.accuratereviews.com\\\/it\\\/#website\",\"url\":\"https:\\\/\\\/www.accuratereviews.com\\\/it\\\/\",\"name\":\"Accurate Reviews\",\"description\":\"\",\"potentialAction\":[{\"@type\":\"SearchAction\",\"target\":{\"@type\":\"EntryPoint\",\"urlTemplate\":\"https:\\\/\\\/www.accuratereviews.com\\\/it\\\/?s={search_term_string}\"},\"query-input\":{\"@type\":\"PropertyValueSpecification\",\"valueRequired\":true,\"valueName\":\"search_term_string\"}}],\"inLanguage\":\"it-IT\"}]}<\/script>\n<!-- \/ Yoast SEO plugin. -->","yoast_head_json":{"title":"PaleBlue: recensione software creazione realt\u00e0 virtuale - Accurate Reviews","description":"PaleBlue: recensione della soluzione AR\/VR basata su cloud che aiuta le aziende di tutte le dimensioni a gestire i processi di formazione.","robots":{"index":"index","follow":"follow","max-snippet":"max-snippet:-1","max-image-preview":"max-image-preview:large","max-video-preview":"max-video-preview:-1"},"canonical":"https:\/\/www.accuratereviews.com\/it\/software-per-creare-realta-virtuale\/paleblue-recensione\/","og_locale":"it_IT","og_type":"article","og_title":"PaleBlue: recensione software creazione realt\u00e0 virtuale - Accurate Reviews","og_description":"PaleBlue: recensione della soluzione AR\/VR basata su cloud che aiuta le aziende di tutte le dimensioni a gestire i processi di formazione.","og_url":"https:\/\/www.accuratereviews.com\/it\/software-per-creare-realta-virtuale\/paleblue-recensione\/","og_site_name":"Accurate Reviews","article_modified_time":"2022-07-13T16:05:23+00:00","og_image":[{"width":1200,"height":1200,"url":"https:\/\/www.accuratereviews.com\/wp-content\/uploads\/2022\/07\/PaleBlue.webp","type":"image\/webp"}],"twitter_card":"summary_large_image","twitter_misc":{"Tempo di lettura stimato":"3 minuti"},"schema":{"@context":"https:\/\/schema.org","@graph":[{"@type":"WebPage","@id":"https:\/\/www.accuratereviews.com\/it\/software-per-creare-realta-virtuale\/paleblue-recensione\/","url":"https:\/\/www.accuratereviews.com\/it\/software-per-creare-realta-virtuale\/paleblue-recensione\/","name":"PaleBlue: recensione software creazione realt\u00e0 virtuale - Accurate Reviews","isPartOf":{"@id":"https:\/\/www.accuratereviews.com\/it\/#website"},"primaryImageOfPage":{"@id":"https:\/\/www.accuratereviews.com\/it\/software-per-creare-realta-virtuale\/paleblue-recensione\/#primaryimage"},"image":{"@id":"https:\/\/www.accuratereviews.com\/it\/software-per-creare-realta-virtuale\/paleblue-recensione\/#primaryimage"},"thumbnailUrl":"https:\/\/www.accuratereviews.com\/wp-content\/uploads\/2022\/07\/PaleBlue.webp","datePublished":"2022-07-12T17:18:28+00:00","dateModified":"2022-07-13T16:05:23+00:00","description":"PaleBlue: recensione della soluzione AR\/VR basata su cloud che aiuta le aziende di tutte le dimensioni a gestire i processi di formazione.","breadcrumb":{"@id":"https:\/\/www.accuratereviews.com\/it\/software-per-creare-realta-virtuale\/paleblue-recensione\/#breadcrumb"},"inLanguage":"it-IT","potentialAction":[{"@type":"ReadAction","target":["https:\/\/www.accuratereviews.com\/it\/software-per-creare-realta-virtuale\/paleblue-recensione\/"]}]},{"@type":"ImageObject","inLanguage":"it-IT","@id":"https:\/\/www.accuratereviews.com\/it\/software-per-creare-realta-virtuale\/paleblue-recensione\/#primaryimage","url":"https:\/\/www.accuratereviews.com\/wp-content\/uploads\/2022\/07\/PaleBlue.webp","contentUrl":"https:\/\/www.accuratereviews.com\/wp-content\/uploads\/2022\/07\/PaleBlue.webp","width":1200,"height":1200},{"@type":"BreadcrumbList","@id":"https:\/\/www.accuratereviews.com\/it\/software-per-creare-realta-virtuale\/paleblue-recensione\/#breadcrumb","itemListElement":[{"@type":"ListItem","position":1,"name":"Home","item":"https:\/\/www.accuratereviews.com\/it\/"},{"@type":"ListItem","position":2,"name":"Software per creare realt\u00e0 virtuale","item":"https:\/\/www.accuratereviews.com\/it\/software-per-creare-realta-virtuale\/"},{"@type":"ListItem","position":3,"name":"PaleBlue"}]},{"@type":"WebSite","@id":"https:\/\/www.accuratereviews.com\/it\/#website","url":"https:\/\/www.accuratereviews.com\/it\/","name":"Accurate Reviews","description":"","potentialAction":[{"@type":"SearchAction","target":{"@type":"EntryPoint","urlTemplate":"https:\/\/www.accuratereviews.com\/it\/?s={search_term_string}"},"query-input":{"@type":"PropertyValueSpecification","valueRequired":true,"valueName":"search_term_string"}}],"inLanguage":"it-IT"}]}},"_links":{"self":[{"href":"https:\/\/www.accuratereviews.com\/it\/wp-json\/wp\/v2\/pages\/59551","targetHints":{"allow":["GET"]}}],"collection":[{"href":"https:\/\/www.accuratereviews.com\/it\/wp-json\/wp\/v2\/pages"}],"about":[{"href":"https:\/\/www.accuratereviews.com\/it\/wp-json\/wp\/v2\/types\/page"}],"author":[{"embeddable":true,"href":"https:\/\/www.accuratereviews.com\/it\/wp-json\/wp\/v2\/users\/16"}],"replies":[{"embeddable":true,"href":"https:\/\/www.accuratereviews.com\/it\/wp-json\/wp\/v2\/comments?post=59551"}],"version-history":[{"count":11,"href":"https:\/\/www.accuratereviews.com\/it\/wp-json\/wp\/v2\/pages\/59551\/revisions"}],"predecessor-version":[{"id":59614,"href":"https:\/\/www.accuratereviews.com\/it\/wp-json\/wp\/v2\/pages\/59551\/revisions\/59614"}],"up":[{"embeddable":true,"href":"https:\/\/www.accuratereviews.com\/it\/wp-json\/wp\/v2\/pages\/59336"}],"wp:featuredmedia":[{"embeddable":true,"href":"https:\/\/www.accuratereviews.com\/it\/wp-json\/wp\/v2\/media\/59552"}],"wp:attachment":[{"href":"https:\/\/www.accuratereviews.com\/it\/wp-json\/wp\/v2\/media?parent=59551"}],"wp:term":[{"taxonomy":"category","embeddable":true,"href":"https:\/\/www.accuratereviews.com\/it\/wp-json\/wp\/v2\/categories?post=59551"},{"taxonomy":"post_tag","embeddable":true,"href":"https:\/\/www.accuratereviews.com\/it\/wp-json\/wp\/v2\/tags?post=59551"},{"taxonomy":"features","embeddable":true,"href":"https:\/\/www.accuratereviews.com\/it\/wp-json\/wp\/v2\/features?post=59551"}],"curies":[{"name":"wp","href":"https:\/\/api.w.org\/{rel}","templated":true}]}}