{"id":59587,"date":"2022-07-13T16:03:18","date_gmt":"2022-07-13T16:03:18","guid":{"rendered":"https:\/\/www.accuratereviews.com\/?page_id=59587"},"modified":"2022-07-13T16:06:11","modified_gmt":"2022-07-13T16:06:11","slug":"vr-suite-recensione","status":"publish","type":"page","link":"https:\/\/www.accuratereviews.com\/it\/software-per-creare-realta-virtuale\/vr-suite-recensione\/","title":{"rendered":"VR-Suite"},"content":{"rendered":"<p><strong>VR-Suite<\/strong> \u00e8 una piattaforma che aiuta le organizzazioni a creare presentazioni <strong>VR a 360 gradi<\/strong>. Gli utenti hanno la possibilit\u00e0 di combinare video e immagini con una presentazione interattiva. \u00c8 possibile incorporare nella presentazione oggetti 3D e suoni che possono essere visualizzate su varie piattaforme (ad es. PC, MAC, HMDS e dispositivi intelligenti), insieme a una versione di esportazione web tramite browser Internet. Le versioni finali possono essere distribuite online o offline, senza una connessione di rete, rendendole utili in occasione di fiere e corsi di formazione di persona; compatibile anche con i monitor touchscreen.<br \/>\nLa piattaforma gestisce l&#8217;intero flusso di lavoro dalla raccolta dei contenuti alla gestione dei progetti e alla collaborazione.\u00a0Durante la creazione di una presentazione VR, gli utenti possono aggiungere hotspot che consentono agli spettatori di passare da un&#8217;altra posizione a 360 gradi.<\/p>\n<h2>VR-SUITE &#8211; TUTORIAL<\/h2>\n<p>Guardiamo come sfruttare al meglio le potenzialit\u00e0 di questo <strong>software per creare realt\u00e0 virtuale<\/strong>:<\/p>\n<div id=\"fluid-wrapper-counter-1\" class=\"g1-fluid-wrapper \" style=\"width:686px;\">\n<div style=\"padding-bottom:56.268221574344%;\"><iframe loading=\"lazy\" title=\"3D Teaser present4D\" width=\"686\" height=\"386\" src=\"https:\/\/www.youtube.com\/embed\/4Mn6vXD968s?feature=oembed&amp;wmode=transparent&amp;autohide=1&amp;autoplay=0&amp;disablekb=0&amp;fs=1&amp;loop=0&amp;enablejsapi=1&amp;rel=0&amp;controls=2&amp;showinfo=0&amp;wmode=transparent&amp;autohide=2&amp;autoplay=0&amp;disablekb=0&amp;fs=1&amp;loop=0&amp;enablejsapi=1&amp;rel=0&amp;controls=2&amp;showinfo=1\" frameborder=\"0\" allow=\"accelerometer; autoplay; clipboard-write; encrypted-media; gyroscope; picture-in-picture\" allowfullscreen><\/iframe><\/div>\n<\/div>\n<h3>VR-SUITE &#8211; CARATTERISTICHE<\/h3>\n<ul>\n<li>Supporto nativo per tutti i dispositivi VR importanti, Android, iOS, Mac e PC. Opzionale con esportazione Web.<\/li>\n<li>Distribuzione via cloud o via cavo. Non \u00e8 necessaria alcuna connessione di rete. Ideale per fiere, corsi di formazione e dati rilevanti per la sicurezza.<\/li>\n<li>Condividi ed esplora le presentazioni insieme. Collega le cuffie mobili su una TV o un tablet.<\/li>\n<li>La maggior parte dei progetti pu\u00f2 essere realizzata rapidamente e facilmente.<\/li>\n<li>Importa i tuoi contenuti e crea quiz<\/li>\n<li>I simboli della presentazione e i collegamenti HotSpot tra le \u200b\u200bposizioni verranno creati automaticamente<\/li>\n<li>Sposta tutti i simboli con il trascinamento della selezione<\/li>\n<li>Copia il progetto tramite chiavetta USB su un altro computer o tramite cavo su dispositivi mobili<\/li>\n<li>Installa l&#8217;app gratuita per visionare il tuo lavoro su tablet o smartphone<\/li>\n<li>Inserisci la tua chiave del portale a 6 cifre per accedere al portale del tuo progetto<\/li>\n<li>Avvia una conferenza con un clic<\/li>\n<li>Altri spettatori possono accedere immediatamente alla tua conferenza<\/li>\n<\/ul>\n<h4>LE RECENSIONE DEGLI UTENTI<\/h4>\n<p class=\"font-weight-bold mb-2\"><strong>Herr D.&#8221;Il multiutensile per tutte le applicazioni a 360\u00b0&#8221;<\/strong><\/p>\n<p><span class=\"font-weight-bold\"><strong>Commenti<\/strong>: <\/span>Se dice: &#8220;un&#8217;immagine dice pi\u00f9 di 1000 parole&#8221;, allora la suite VR di present4D \u00e8 il passo successivo.<\/p>\n<p class=\"font-weight-bold mb-2\"><strong>Pro<\/strong>:\u00a0Funzionamento intuitivo, struttura chiara, versatilit\u00e0 (una per tutte), ampia gamma di funzioni senza creare confusione<\/p>\n<p class=\"font-weight-bold mb-2\"><strong>Contro<\/strong>:\u00a0Finora non ho desideri, perch\u00e9 lo strumento \u00e8 davvero molto potente.<\/p>\n<p class=\"font-weight-bold mb-2\"><strong>Andrea B.&#8221;La migliore piattaforma VR&#8221;<\/strong><\/p>\n<p><span class=\"font-weight-bold\"><strong>Commenti<\/strong>: <\/span>Ottima esperienza finora! I miei clienti hanno adorato questa piattaforma e abbiamo una grande demo in un importante museo in Italia<\/p>\n<p class=\"font-weight-bold mb-2\"><strong>Pro<\/strong>:\u00a0La facilit\u00e0 di aggiungere contenuti alla scena tramite drag-n-drop Visualizzazione di modelli 3D in modalit\u00e0 olografica<\/p>\n<p class=\"font-weight-bold mb-2\"><strong>Contro<\/strong>: \u00a0Se hai bisogno di qualche caratteristica particolare implementata, devi essere codificato in html<\/p>\n<p class=\"font-weight-bold mb-2\"><strong>Armin S.&#8221;Ottima scelta per agenzie e clienti del settore&#8221;<\/strong><\/p>\n<p><span class=\"font-weight-bold\"><strong>Commenti<\/strong>: <\/span>I nostri clienti adorano la semplicit\u00e0 dell&#8217;interfaccia utente che funziona perfettamente intorno alle trappole che potresti scoprire con concetti complessi dell&#8217;interfaccia utente che portano a curve di apprendimento ripide e limitano il tempo di utilizzo puro per un pubblico di utilizzo una tantum (in occasione di mostre e fiere, eventi pubblici). Ci piace la qualit\u00e0 e le prestazioni del display multimediale con un&#8217;ampia scelta di dispositivi e piattaforme.<\/p>\n<p class=\"font-weight-bold mb-2\"><strong>Pro<\/strong>:\u00a0Ci piace sia la semplicit\u00e0 al livello base di utenti e gestori di contenuti sia la possibilit\u00e0 di personalizzare a livello di esperti utilizzando integrazioni sofisticate per conto del supporto del team di sviluppo (se necessario e ne vale la pena)<\/p>\n<p class=\"font-weight-bold mb-2\"><strong>Contro<\/strong>:\u00a0Non manca molto a questo livello di esperienza. La minore attenzione ai comandi manuali \u00e8 anche un punto di forza quando si tratta di forzare la semplicit\u00e0 nell&#8217;utilizzo. Focalizza semplicemente i punti target (nel nostro caso d&#8217;uso)<\/p>\n","protected":false},"excerpt":{"rendered":"<p>VR-Suite \u00e8 una piattaforma che aiuta le organizzazioni a creare presentazioni VR a 360 gradi. Gli utenti hanno la possibilit\u00e0 di combinare video e immagini con una presentazione interattiva. Inoltre, \u00e8 possibile incorporare nella presentazione oggetti 3D e suoni e possono essere visualizzate su varie piattaforme (ad es. PC, MAC, HMDS e dispositivi intelligenti), insieme a una versione di esportazione web tramite browser Internet.<\/p>\n","protected":false},"author":16,"featured_media":59594,"parent":59336,"menu_order":0,"comment_status":"open","ping_status":"closed","template":"g1_template_page_review_new.php","meta":{"_acf_changed":false,"cwp_meta_box_check":"No","cwp_rev_product_name":"","cwp_rev_product_image":"","wppr_links":[],"cwp_rev_price":"","wppr_options":[],"wppr_pros":[],"wppr_cons":[],"_monsterinsights_skip_tracking":false,"_monsterinsights_sitenote_active":false,"_monsterinsights_sitenote_note":"","_monsterinsights_sitenote_category":0,"footnotes":""},"categories":[12929],"tags":[12934,12973,12972,12933,12971,12970,13007],"features":[],"class_list":{"0":"post-59587","1":"page","2":"type-page","3":"status-publish","4":"has-post-thumbnail","6":"category-software-realta-virtuale-cat","7":"tag-creazione-realta-virtuale","8":"tag-piattaforma-creazione-realta-virtuale","9":"tag-programma-creazione-realta-virtuale","10":"tag-realta-virtuale","11":"tag-software-creazione-realta-virtuale","12":"tag-soluzione-creazione-realta-virtuale","13":"tag-vr-suite"},"wppr_data":{"cwp_meta_box_check":"No"},"acf":[],"yoast_head":"<!-- This site is optimized with the Yoast SEO plugin v27.4 - https:\/\/yoast.com\/product\/yoast-seo-wordpress\/ -->\n<title>VR-Suite: recensione software creazione realt\u00e0 virtuale - Accurate Reviews<\/title>\n<meta name=\"description\" content=\"VR-Suite: recensione della piattaforma che aiuta le organizzazioni a creare presentazioni VR interattive a 360 gradi.\" \/>\n<meta name=\"robots\" content=\"index, follow, max-snippet:-1, max-image-preview:large, max-video-preview:-1\" \/>\n<link rel=\"canonical\" href=\"https:\/\/www.accuratereviews.com\/it\/software-per-creare-realta-virtuale\/vr-suite-recensione\/\" \/>\n<meta property=\"og:locale\" content=\"it_IT\" \/>\n<meta property=\"og:type\" content=\"article\" \/>\n<meta property=\"og:title\" content=\"VR-Suite: recensione software creazione realt\u00e0 virtuale - Accurate Reviews\" \/>\n<meta property=\"og:description\" content=\"VR-Suite: recensione della piattaforma che aiuta le organizzazioni a creare presentazioni VR interattive a 360 gradi.\" \/>\n<meta property=\"og:url\" content=\"https:\/\/www.accuratereviews.com\/it\/software-per-creare-realta-virtuale\/vr-suite-recensione\/\" \/>\n<meta property=\"og:site_name\" content=\"Accurate Reviews\" \/>\n<meta property=\"article:modified_time\" content=\"2022-07-13T16:06:11+00:00\" \/>\n<meta property=\"og:image\" content=\"https:\/\/www.accuratereviews.com\/wp-content\/uploads\/2022\/07\/Schermata-2022-07-13-alle-10.03.15.png\" \/>\n\t<meta property=\"og:image:width\" content=\"844\" \/>\n\t<meta property=\"og:image:height\" content=\"324\" \/>\n\t<meta property=\"og:image:type\" content=\"image\/png\" \/>\n<meta name=\"twitter:card\" content=\"summary_large_image\" \/>\n<meta name=\"twitter:label1\" content=\"Tempo di lettura stimato\" \/>\n\t<meta name=\"twitter:data1\" content=\"4 minuti\" \/>\n<script type=\"application\/ld+json\" class=\"yoast-schema-graph\">{\"@context\":\"https:\\\/\\\/schema.org\",\"@graph\":[{\"@type\":\"WebPage\",\"@id\":\"https:\\\/\\\/www.accuratereviews.com\\\/it\\\/software-per-creare-realta-virtuale\\\/vr-suite-recensione\\\/\",\"url\":\"https:\\\/\\\/www.accuratereviews.com\\\/it\\\/software-per-creare-realta-virtuale\\\/vr-suite-recensione\\\/\",\"name\":\"VR-Suite: recensione software creazione realt\u00e0 virtuale - Accurate Reviews\",\"isPartOf\":{\"@id\":\"https:\\\/\\\/www.accuratereviews.com\\\/it\\\/#website\"},\"primaryImageOfPage\":{\"@id\":\"https:\\\/\\\/www.accuratereviews.com\\\/it\\\/software-per-creare-realta-virtuale\\\/vr-suite-recensione\\\/#primaryimage\"},\"image\":{\"@id\":\"https:\\\/\\\/www.accuratereviews.com\\\/it\\\/software-per-creare-realta-virtuale\\\/vr-suite-recensione\\\/#primaryimage\"},\"thumbnailUrl\":\"https:\\\/\\\/www.accuratereviews.com\\\/wp-content\\\/uploads\\\/2022\\\/07\\\/Schermata-2022-07-13-alle-10.03.15.png\",\"datePublished\":\"2022-07-13T16:03:18+00:00\",\"dateModified\":\"2022-07-13T16:06:11+00:00\",\"description\":\"VR-Suite: recensione della piattaforma che aiuta le organizzazioni a creare presentazioni VR interattive a 360 gradi.\",\"breadcrumb\":{\"@id\":\"https:\\\/\\\/www.accuratereviews.com\\\/it\\\/software-per-creare-realta-virtuale\\\/vr-suite-recensione\\\/#breadcrumb\"},\"inLanguage\":\"it-IT\",\"potentialAction\":[{\"@type\":\"ReadAction\",\"target\":[\"https:\\\/\\\/www.accuratereviews.com\\\/it\\\/software-per-creare-realta-virtuale\\\/vr-suite-recensione\\\/\"]}]},{\"@type\":\"ImageObject\",\"inLanguage\":\"it-IT\",\"@id\":\"https:\\\/\\\/www.accuratereviews.com\\\/it\\\/software-per-creare-realta-virtuale\\\/vr-suite-recensione\\\/#primaryimage\",\"url\":\"https:\\\/\\\/www.accuratereviews.com\\\/wp-content\\\/uploads\\\/2022\\\/07\\\/Schermata-2022-07-13-alle-10.03.15.png\",\"contentUrl\":\"https:\\\/\\\/www.accuratereviews.com\\\/wp-content\\\/uploads\\\/2022\\\/07\\\/Schermata-2022-07-13-alle-10.03.15.png\",\"width\":844,\"height\":324},{\"@type\":\"BreadcrumbList\",\"@id\":\"https:\\\/\\\/www.accuratereviews.com\\\/it\\\/software-per-creare-realta-virtuale\\\/vr-suite-recensione\\\/#breadcrumb\",\"itemListElement\":[{\"@type\":\"ListItem\",\"position\":1,\"name\":\"Home\",\"item\":\"https:\\\/\\\/www.accuratereviews.com\\\/it\\\/\"},{\"@type\":\"ListItem\",\"position\":2,\"name\":\"Software per creare realt\u00e0 virtuale\",\"item\":\"https:\\\/\\\/www.accuratereviews.com\\\/it\\\/software-per-creare-realta-virtuale\\\/\"},{\"@type\":\"ListItem\",\"position\":3,\"name\":\"VR-Suite\"}]},{\"@type\":\"WebSite\",\"@id\":\"https:\\\/\\\/www.accuratereviews.com\\\/it\\\/#website\",\"url\":\"https:\\\/\\\/www.accuratereviews.com\\\/it\\\/\",\"name\":\"Accurate Reviews\",\"description\":\"\",\"potentialAction\":[{\"@type\":\"SearchAction\",\"target\":{\"@type\":\"EntryPoint\",\"urlTemplate\":\"https:\\\/\\\/www.accuratereviews.com\\\/it\\\/?s={search_term_string}\"},\"query-input\":{\"@type\":\"PropertyValueSpecification\",\"valueRequired\":true,\"valueName\":\"search_term_string\"}}],\"inLanguage\":\"it-IT\"}]}<\/script>\n<!-- \/ Yoast SEO plugin. -->","yoast_head_json":{"title":"VR-Suite: recensione software creazione realt\u00e0 virtuale - Accurate Reviews","description":"VR-Suite: recensione della piattaforma che aiuta le organizzazioni a creare presentazioni VR interattive a 360 gradi.","robots":{"index":"index","follow":"follow","max-snippet":"max-snippet:-1","max-image-preview":"max-image-preview:large","max-video-preview":"max-video-preview:-1"},"canonical":"https:\/\/www.accuratereviews.com\/it\/software-per-creare-realta-virtuale\/vr-suite-recensione\/","og_locale":"it_IT","og_type":"article","og_title":"VR-Suite: recensione software creazione realt\u00e0 virtuale - Accurate Reviews","og_description":"VR-Suite: recensione della piattaforma che aiuta le organizzazioni a creare presentazioni VR interattive a 360 gradi.","og_url":"https:\/\/www.accuratereviews.com\/it\/software-per-creare-realta-virtuale\/vr-suite-recensione\/","og_site_name":"Accurate Reviews","article_modified_time":"2022-07-13T16:06:11+00:00","og_image":[{"width":844,"height":324,"url":"https:\/\/www.accuratereviews.com\/wp-content\/uploads\/2022\/07\/Schermata-2022-07-13-alle-10.03.15.png","type":"image\/png"}],"twitter_card":"summary_large_image","twitter_misc":{"Tempo di lettura stimato":"4 minuti"},"schema":{"@context":"https:\/\/schema.org","@graph":[{"@type":"WebPage","@id":"https:\/\/www.accuratereviews.com\/it\/software-per-creare-realta-virtuale\/vr-suite-recensione\/","url":"https:\/\/www.accuratereviews.com\/it\/software-per-creare-realta-virtuale\/vr-suite-recensione\/","name":"VR-Suite: recensione software creazione realt\u00e0 virtuale - Accurate Reviews","isPartOf":{"@id":"https:\/\/www.accuratereviews.com\/it\/#website"},"primaryImageOfPage":{"@id":"https:\/\/www.accuratereviews.com\/it\/software-per-creare-realta-virtuale\/vr-suite-recensione\/#primaryimage"},"image":{"@id":"https:\/\/www.accuratereviews.com\/it\/software-per-creare-realta-virtuale\/vr-suite-recensione\/#primaryimage"},"thumbnailUrl":"https:\/\/www.accuratereviews.com\/wp-content\/uploads\/2022\/07\/Schermata-2022-07-13-alle-10.03.15.png","datePublished":"2022-07-13T16:03:18+00:00","dateModified":"2022-07-13T16:06:11+00:00","description":"VR-Suite: recensione della piattaforma che aiuta le organizzazioni a creare presentazioni VR interattive a 360 gradi.","breadcrumb":{"@id":"https:\/\/www.accuratereviews.com\/it\/software-per-creare-realta-virtuale\/vr-suite-recensione\/#breadcrumb"},"inLanguage":"it-IT","potentialAction":[{"@type":"ReadAction","target":["https:\/\/www.accuratereviews.com\/it\/software-per-creare-realta-virtuale\/vr-suite-recensione\/"]}]},{"@type":"ImageObject","inLanguage":"it-IT","@id":"https:\/\/www.accuratereviews.com\/it\/software-per-creare-realta-virtuale\/vr-suite-recensione\/#primaryimage","url":"https:\/\/www.accuratereviews.com\/wp-content\/uploads\/2022\/07\/Schermata-2022-07-13-alle-10.03.15.png","contentUrl":"https:\/\/www.accuratereviews.com\/wp-content\/uploads\/2022\/07\/Schermata-2022-07-13-alle-10.03.15.png","width":844,"height":324},{"@type":"BreadcrumbList","@id":"https:\/\/www.accuratereviews.com\/it\/software-per-creare-realta-virtuale\/vr-suite-recensione\/#breadcrumb","itemListElement":[{"@type":"ListItem","position":1,"name":"Home","item":"https:\/\/www.accuratereviews.com\/it\/"},{"@type":"ListItem","position":2,"name":"Software per creare realt\u00e0 virtuale","item":"https:\/\/www.accuratereviews.com\/it\/software-per-creare-realta-virtuale\/"},{"@type":"ListItem","position":3,"name":"VR-Suite"}]},{"@type":"WebSite","@id":"https:\/\/www.accuratereviews.com\/it\/#website","url":"https:\/\/www.accuratereviews.com\/it\/","name":"Accurate Reviews","description":"","potentialAction":[{"@type":"SearchAction","target":{"@type":"EntryPoint","urlTemplate":"https:\/\/www.accuratereviews.com\/it\/?s={search_term_string}"},"query-input":{"@type":"PropertyValueSpecification","valueRequired":true,"valueName":"search_term_string"}}],"inLanguage":"it-IT"}]}},"_links":{"self":[{"href":"https:\/\/www.accuratereviews.com\/it\/wp-json\/wp\/v2\/pages\/59587","targetHints":{"allow":["GET"]}}],"collection":[{"href":"https:\/\/www.accuratereviews.com\/it\/wp-json\/wp\/v2\/pages"}],"about":[{"href":"https:\/\/www.accuratereviews.com\/it\/wp-json\/wp\/v2\/types\/page"}],"author":[{"embeddable":true,"href":"https:\/\/www.accuratereviews.com\/it\/wp-json\/wp\/v2\/users\/16"}],"replies":[{"embeddable":true,"href":"https:\/\/www.accuratereviews.com\/it\/wp-json\/wp\/v2\/comments?post=59587"}],"version-history":[{"count":8,"href":"https:\/\/www.accuratereviews.com\/it\/wp-json\/wp\/v2\/pages\/59587\/revisions"}],"predecessor-version":[{"id":59615,"href":"https:\/\/www.accuratereviews.com\/it\/wp-json\/wp\/v2\/pages\/59587\/revisions\/59615"}],"up":[{"embeddable":true,"href":"https:\/\/www.accuratereviews.com\/it\/wp-json\/wp\/v2\/pages\/59336"}],"wp:featuredmedia":[{"embeddable":true,"href":"https:\/\/www.accuratereviews.com\/it\/wp-json\/wp\/v2\/media\/59594"}],"wp:attachment":[{"href":"https:\/\/www.accuratereviews.com\/it\/wp-json\/wp\/v2\/media?parent=59587"}],"wp:term":[{"taxonomy":"category","embeddable":true,"href":"https:\/\/www.accuratereviews.com\/it\/wp-json\/wp\/v2\/categories?post=59587"},{"taxonomy":"post_tag","embeddable":true,"href":"https:\/\/www.accuratereviews.com\/it\/wp-json\/wp\/v2\/tags?post=59587"},{"taxonomy":"features","embeddable":true,"href":"https:\/\/www.accuratereviews.com\/it\/wp-json\/wp\/v2\/features?post=59587"}],"curies":[{"name":"wp","href":"https:\/\/api.w.org\/{rel}","templated":true}]}}