{"id":59621,"date":"2022-07-14T15:32:24","date_gmt":"2022-07-14T15:32:24","guid":{"rendered":"https:\/\/www.accuratereviews.com\/?page_id=59621"},"modified":"2022-07-14T15:32:24","modified_gmt":"2022-07-14T15:32:24","slug":"cryengine-recensione","status":"publish","type":"page","link":"https:\/\/www.accuratereviews.com\/it\/software-per-creare-realta-virtuale\/cryengine-recensione\/","title":{"rendered":"Cryengine"},"content":{"rendered":"<p><strong>Cryengine<\/strong> supporta la realt\u00e0 virtuale e importanti interfacce grafiche come Vulkan e DirectX 12. Fornisce una piattaforma per lo sviluppo di giochi in tempo reale e offre molte funzioni integrate necessarie per il perfezionamento del software di gioco. Oltre al motore di rendering, questo include funzioni per l&#8217;animazione dei personaggi, l&#8217;integrazione dell&#8217;IA per potenziare vari meccanismi nel mondo del gioco e funzioni audio che danno agli artisti libert\u00e0 creativa.<br \/>\nIl programma ha una soluzione integrata di fascia alta per i calcoli fisici che gli sviluppatori usano per creare dinamicamente il loro mondo virtuale. La sandbox integrata consente agli sviluppatori di sperimentare un level design ottimale.<\/p>\n<h2>CRYENGINE &#8211; TUTORIAL<\/h2>\n<p>Vediamo come installare questo<strong> software di creazione di realt\u00e0 virtuale<\/strong>:<\/p>\n<div id=\"fluid-wrapper-counter-1\" class=\"g1-fluid-wrapper \" style=\"width:686px;\">\n<div style=\"padding-bottom:56.268221574344%;\"><iframe loading=\"lazy\" title=\"How to download and install the CRYENGINE Launcher | Getting Started\" width=\"686\" height=\"386\" src=\"https:\/\/www.youtube.com\/embed\/KxuS9hKsyoU?list=PLpCgy91Y5vMtm4dRiIR9yF7TzRy6lmMyn\" frameborder=\"0\" allow=\"accelerometer; autoplay; clipboard-write; encrypted-media; gyroscope; picture-in-picture\" allowfullscreen><\/iframe><\/div>\n<\/div>\n<h3>CRYENGINE &#8211; CARATTERISTICHE<\/h3>\n<ul>\n<li><strong>Visuale<\/strong>: approfitta della leggendaria grafica best-in-class per stupire i giocatori.<\/li>\n<li><strong>Sandbox<\/strong>: una suite di strumenti che ti regala una potenza che ti permette di creare esperienze straordinarie.<\/li>\n<li><strong>IA e animazione<\/strong>: riempi i tuoi mondi con i personaggi pi\u00f9 realistici mai visti nei giochi.<\/li>\n<li><strong>Audio:<\/strong> scatena il talento dei musicisti e dai loro il controllo completo sulle loro creazioni.<\/li>\n<li><strong>Fisica<\/strong>: approfitta della soluzione fisica di fascia alta integrata.<\/li>\n<li><strong>Prestazione<\/strong>: realizza la visualizzazione, l&#8217;interazione e l&#8217;immersione in tempo reale con questo robusto programma.<\/li>\n<\/ul>\n<h4>LE RECENSIONI DEGLI UTENTI<\/h4>\n<p><strong>Nabin P.&#8221;Motore per sviluppare giochi coinvolgenti&#8221;<\/strong><\/p>\n<p><span class=\"font-weight-bold\"><strong>Commenti<\/strong>: <\/span>Con CryEngine, siamo in grado di eseguire il rendering dei modelli 3D e delle animazioni realistiche per giochi coinvolgenti.<\/p>\n<p class=\"font-weight-bold mb-2\"><strong>Pro<\/strong>:\u00a0CryEngine \u00e8 il motore di gioco di rendering grafico pi\u00f9 avanzato per lo sviluppo di giochi realistico. Viene fornito con una sandbox WYSWYP che ti consente di sviluppare e testare il tuo gioco senza problemi. Presenta una simulazione fisica realistica, illuminazione in tempo reale e un livello di traduzione audio facile da usare. CryEngine \u00e8 gratuito per la produzione e richiede solo il 5% del profitto realizzato durante l&#8217;utilizzo commerciale.<\/p>\n<p class=\"font-weight-bold mb-2\"><strong>Contro<\/strong>:\u00a0CryEngine pu\u00f2 essere difficile da imparare con una documentazione limitata e una piccola comunit\u00e0 di sviluppo. La struttura di gioco \u00e8 un po&#8217; rigida. Non adatto per piccoli progetti a causa di problemi di prestazioni e scalabilit\u00e0.<\/p>\n<p class=\"font-weight-bold mb-2\"><strong>Karel M.&#8221;La mia esperienza con CRYENGINE&#8221;<\/strong><\/p>\n<p><span class=\"font-weight-bold\"><strong>Commenti<\/strong>: <\/span>Lo adoro e lo user\u00f2 per molto tempo<\/p>\n<p class=\"font-weight-bold mb-2\"><strong>Pro<\/strong>:\u00a0Questo software \u00e8 noto per la produzione di grafica straordinaria. Ha anche il supporto VR, il che \u00e8 piuttosto interessante per coloro che cercano di creare giochi VR<\/p>\n<p class=\"font-weight-bold mb-2\"><strong>Contro<\/strong>:\u00a0Direi che le persone probabilmente preferirebbero utilizzare maggiormente i suoi concorrenti come Unreal Engine o Unity, ma a prescindere \u00e8 comunque fantastico.<\/p>\n<p class=\"h5 font-weight-bold\"><strong>Johon D.&#8221;I migliori elementi visivi del settore&#8221;<\/strong><\/p>\n<p><span class=\"font-weight-bold\"><strong>Commenti<\/strong>: <\/span>Nel complesso, se desideri una grafica eccezionale e trame complesse nel tuo gioco, questo \u00e8 uno dei migliori motori di gioco a cui avvicinarti.<\/p>\n<p class=\"font-weight-bold mb-2\"><strong>Pro<\/strong>:\u00a0Cryengine \u00e8 famoso soprattutto per la grafica che fornisce e una volta era il punto fermo del settore. Con il suo modello di entrate considerevoli, \u00e8 uno dei migliori motori di gioco da utilizzare per creare un gioco visivamente sbalorditivo.<\/p>\n<p class=\"font-weight-bold mb-2\"><strong>Contro<\/strong>:\u00a0L&#8217;unico inconveniente che ho dovuto affrontare \u00e8 che poich\u00e9 CryEngine non \u00e8 cos\u00ec popolare tra gli sviluppatori indipendenti, \u00e8 relativamente difficile da usare rispetto ai suoi concorrenti e ha anche una comunit\u00e0 pi\u00f9 piccola.<\/p>\n","protected":false},"excerpt":{"rendered":"<p>Cryengine supporta la realt\u00e0 virtuale e importanti interfacce grafiche come Vulkan e DirectX 12. Fornisce una piattaforma per lo sviluppo di giochi in tempo reale e offre molte funzioni integrate necessarie per il perfezionamento del software di gioco. Oltre al motore di rendering, questo include funzioni per l&#8217;animazione dei personaggi, l&#8217;integrazione dell&#8217;IA per potenziare vari meccanismi nel mondo del gioco e funzioni audio che danno agli artisti libert\u00e0 creativa.<\/p>\n","protected":false},"author":16,"featured_media":59622,"parent":59336,"menu_order":0,"comment_status":"open","ping_status":"closed","template":"g1_template_page_review_new.php","meta":{"_acf_changed":false,"cwp_meta_box_check":"No","cwp_rev_product_name":"","cwp_rev_product_image":"","wppr_links":[],"cwp_rev_price":"","wppr_options":[],"wppr_pros":[],"wppr_cons":[],"_monsterinsights_skip_tracking":false,"_monsterinsights_sitenote_active":false,"_monsterinsights_sitenote_note":"","_monsterinsights_sitenote_category":0,"footnotes":""},"categories":[12929],"tags":[12934,13011,12977,12937,12933,12971,12935],"features":[],"class_list":{"0":"post-59621","1":"page","2":"type-page","3":"status-publish","4":"has-post-thumbnail","6":"category-software-realta-virtuale-cat","7":"tag-creazione-realta-virtuale","8":"tag-cryengine","9":"tag-piattaforma-per-creare-realta-virutale","10":"tag-programma-per-creare-realta-virtuale","11":"tag-realta-virtuale","12":"tag-software-creazione-realta-virtuale","13":"tag-soluzione-per-creare-realta-virtuale"},"wppr_data":{"cwp_meta_box_check":"No"},"acf":[],"yoast_head":"<!-- This site is optimized with the Yoast SEO plugin v27.4 - https:\/\/yoast.com\/product\/yoast-seo-wordpress\/ -->\n<title>Cryengine: recensione software creazione realt\u00e0 virtuale Accurate Reviews<\/title>\n<meta name=\"description\" content=\"Cryengine: recensione della soluzione che supporta la realt\u00e0 virtuale e importanti interfacce grafiche come Vulkan e DirectX 12.\" \/>\n<meta name=\"robots\" content=\"index, follow, max-snippet:-1, max-image-preview:large, max-video-preview:-1\" \/>\n<link rel=\"canonical\" href=\"https:\/\/www.accuratereviews.com\/it\/software-per-creare-realta-virtuale\/cryengine-recensione\/\" \/>\n<meta property=\"og:locale\" content=\"it_IT\" \/>\n<meta property=\"og:type\" content=\"article\" \/>\n<meta property=\"og:title\" content=\"Cryengine: recensione software creazione realt\u00e0 virtuale Accurate Reviews\" \/>\n<meta property=\"og:description\" content=\"Cryengine: recensione della soluzione che supporta la realt\u00e0 virtuale e importanti interfacce grafiche come Vulkan e DirectX 12.\" \/>\n<meta property=\"og:url\" content=\"https:\/\/www.accuratereviews.com\/it\/software-per-creare-realta-virtuale\/cryengine-recensione\/\" \/>\n<meta property=\"og:site_name\" content=\"Accurate Reviews\" \/>\n<meta property=\"og:image\" content=\"https:\/\/www.accuratereviews.com\/wp-content\/uploads\/2022\/07\/Cryengine.webp\" \/>\n\t<meta property=\"og:image:width\" content=\"1200\" \/>\n\t<meta property=\"og:image:height\" content=\"675\" \/>\n\t<meta property=\"og:image:type\" content=\"image\/webp\" \/>\n<meta name=\"twitter:card\" content=\"summary_large_image\" \/>\n<meta name=\"twitter:label1\" content=\"Tempo di lettura stimato\" \/>\n\t<meta name=\"twitter:data1\" content=\"3 minuti\" \/>\n<script type=\"application\/ld+json\" class=\"yoast-schema-graph\">{\"@context\":\"https:\\\/\\\/schema.org\",\"@graph\":[{\"@type\":\"WebPage\",\"@id\":\"https:\\\/\\\/www.accuratereviews.com\\\/it\\\/software-per-creare-realta-virtuale\\\/cryengine-recensione\\\/\",\"url\":\"https:\\\/\\\/www.accuratereviews.com\\\/it\\\/software-per-creare-realta-virtuale\\\/cryengine-recensione\\\/\",\"name\":\"Cryengine: recensione software creazione realt\u00e0 virtuale Accurate Reviews\",\"isPartOf\":{\"@id\":\"https:\\\/\\\/www.accuratereviews.com\\\/it\\\/#website\"},\"primaryImageOfPage\":{\"@id\":\"https:\\\/\\\/www.accuratereviews.com\\\/it\\\/software-per-creare-realta-virtuale\\\/cryengine-recensione\\\/#primaryimage\"},\"image\":{\"@id\":\"https:\\\/\\\/www.accuratereviews.com\\\/it\\\/software-per-creare-realta-virtuale\\\/cryengine-recensione\\\/#primaryimage\"},\"thumbnailUrl\":\"https:\\\/\\\/www.accuratereviews.com\\\/wp-content\\\/uploads\\\/2022\\\/07\\\/Cryengine.webp\",\"datePublished\":\"2022-07-14T15:32:24+00:00\",\"description\":\"Cryengine: recensione della soluzione che supporta la realt\u00e0 virtuale e importanti interfacce grafiche come Vulkan e DirectX 12.\",\"breadcrumb\":{\"@id\":\"https:\\\/\\\/www.accuratereviews.com\\\/it\\\/software-per-creare-realta-virtuale\\\/cryengine-recensione\\\/#breadcrumb\"},\"inLanguage\":\"it-IT\",\"potentialAction\":[{\"@type\":\"ReadAction\",\"target\":[\"https:\\\/\\\/www.accuratereviews.com\\\/it\\\/software-per-creare-realta-virtuale\\\/cryengine-recensione\\\/\"]}]},{\"@type\":\"ImageObject\",\"inLanguage\":\"it-IT\",\"@id\":\"https:\\\/\\\/www.accuratereviews.com\\\/it\\\/software-per-creare-realta-virtuale\\\/cryengine-recensione\\\/#primaryimage\",\"url\":\"https:\\\/\\\/www.accuratereviews.com\\\/wp-content\\\/uploads\\\/2022\\\/07\\\/Cryengine.webp\",\"contentUrl\":\"https:\\\/\\\/www.accuratereviews.com\\\/wp-content\\\/uploads\\\/2022\\\/07\\\/Cryengine.webp\",\"width\":1200,\"height\":675},{\"@type\":\"BreadcrumbList\",\"@id\":\"https:\\\/\\\/www.accuratereviews.com\\\/it\\\/software-per-creare-realta-virtuale\\\/cryengine-recensione\\\/#breadcrumb\",\"itemListElement\":[{\"@type\":\"ListItem\",\"position\":1,\"name\":\"Home\",\"item\":\"https:\\\/\\\/www.accuratereviews.com\\\/it\\\/\"},{\"@type\":\"ListItem\",\"position\":2,\"name\":\"Software per creare realt\u00e0 virtuale\",\"item\":\"https:\\\/\\\/www.accuratereviews.com\\\/it\\\/software-per-creare-realta-virtuale\\\/\"},{\"@type\":\"ListItem\",\"position\":3,\"name\":\"Cryengine\"}]},{\"@type\":\"WebSite\",\"@id\":\"https:\\\/\\\/www.accuratereviews.com\\\/it\\\/#website\",\"url\":\"https:\\\/\\\/www.accuratereviews.com\\\/it\\\/\",\"name\":\"Accurate Reviews\",\"description\":\"\",\"potentialAction\":[{\"@type\":\"SearchAction\",\"target\":{\"@type\":\"EntryPoint\",\"urlTemplate\":\"https:\\\/\\\/www.accuratereviews.com\\\/it\\\/?s={search_term_string}\"},\"query-input\":{\"@type\":\"PropertyValueSpecification\",\"valueRequired\":true,\"valueName\":\"search_term_string\"}}],\"inLanguage\":\"it-IT\"}]}<\/script>\n<!-- \/ Yoast SEO plugin. -->","yoast_head_json":{"title":"Cryengine: recensione software creazione realt\u00e0 virtuale Accurate Reviews","description":"Cryengine: recensione della soluzione che supporta la realt\u00e0 virtuale e importanti interfacce grafiche come Vulkan e DirectX 12.","robots":{"index":"index","follow":"follow","max-snippet":"max-snippet:-1","max-image-preview":"max-image-preview:large","max-video-preview":"max-video-preview:-1"},"canonical":"https:\/\/www.accuratereviews.com\/it\/software-per-creare-realta-virtuale\/cryengine-recensione\/","og_locale":"it_IT","og_type":"article","og_title":"Cryengine: recensione software creazione realt\u00e0 virtuale Accurate Reviews","og_description":"Cryengine: recensione della soluzione che supporta la realt\u00e0 virtuale e importanti interfacce grafiche come Vulkan e DirectX 12.","og_url":"https:\/\/www.accuratereviews.com\/it\/software-per-creare-realta-virtuale\/cryengine-recensione\/","og_site_name":"Accurate Reviews","og_image":[{"width":1200,"height":675,"url":"https:\/\/www.accuratereviews.com\/wp-content\/uploads\/2022\/07\/Cryengine.webp","type":"image\/webp"}],"twitter_card":"summary_large_image","twitter_misc":{"Tempo di lettura stimato":"3 minuti"},"schema":{"@context":"https:\/\/schema.org","@graph":[{"@type":"WebPage","@id":"https:\/\/www.accuratereviews.com\/it\/software-per-creare-realta-virtuale\/cryengine-recensione\/","url":"https:\/\/www.accuratereviews.com\/it\/software-per-creare-realta-virtuale\/cryengine-recensione\/","name":"Cryengine: recensione software creazione realt\u00e0 virtuale Accurate Reviews","isPartOf":{"@id":"https:\/\/www.accuratereviews.com\/it\/#website"},"primaryImageOfPage":{"@id":"https:\/\/www.accuratereviews.com\/it\/software-per-creare-realta-virtuale\/cryengine-recensione\/#primaryimage"},"image":{"@id":"https:\/\/www.accuratereviews.com\/it\/software-per-creare-realta-virtuale\/cryengine-recensione\/#primaryimage"},"thumbnailUrl":"https:\/\/www.accuratereviews.com\/wp-content\/uploads\/2022\/07\/Cryengine.webp","datePublished":"2022-07-14T15:32:24+00:00","description":"Cryengine: recensione della soluzione che supporta la realt\u00e0 virtuale e importanti interfacce grafiche come Vulkan e DirectX 12.","breadcrumb":{"@id":"https:\/\/www.accuratereviews.com\/it\/software-per-creare-realta-virtuale\/cryengine-recensione\/#breadcrumb"},"inLanguage":"it-IT","potentialAction":[{"@type":"ReadAction","target":["https:\/\/www.accuratereviews.com\/it\/software-per-creare-realta-virtuale\/cryengine-recensione\/"]}]},{"@type":"ImageObject","inLanguage":"it-IT","@id":"https:\/\/www.accuratereviews.com\/it\/software-per-creare-realta-virtuale\/cryengine-recensione\/#primaryimage","url":"https:\/\/www.accuratereviews.com\/wp-content\/uploads\/2022\/07\/Cryengine.webp","contentUrl":"https:\/\/www.accuratereviews.com\/wp-content\/uploads\/2022\/07\/Cryengine.webp","width":1200,"height":675},{"@type":"BreadcrumbList","@id":"https:\/\/www.accuratereviews.com\/it\/software-per-creare-realta-virtuale\/cryengine-recensione\/#breadcrumb","itemListElement":[{"@type":"ListItem","position":1,"name":"Home","item":"https:\/\/www.accuratereviews.com\/it\/"},{"@type":"ListItem","position":2,"name":"Software per creare realt\u00e0 virtuale","item":"https:\/\/www.accuratereviews.com\/it\/software-per-creare-realta-virtuale\/"},{"@type":"ListItem","position":3,"name":"Cryengine"}]},{"@type":"WebSite","@id":"https:\/\/www.accuratereviews.com\/it\/#website","url":"https:\/\/www.accuratereviews.com\/it\/","name":"Accurate Reviews","description":"","potentialAction":[{"@type":"SearchAction","target":{"@type":"EntryPoint","urlTemplate":"https:\/\/www.accuratereviews.com\/it\/?s={search_term_string}"},"query-input":{"@type":"PropertyValueSpecification","valueRequired":true,"valueName":"search_term_string"}}],"inLanguage":"it-IT"}]}},"_links":{"self":[{"href":"https:\/\/www.accuratereviews.com\/it\/wp-json\/wp\/v2\/pages\/59621","targetHints":{"allow":["GET"]}}],"collection":[{"href":"https:\/\/www.accuratereviews.com\/it\/wp-json\/wp\/v2\/pages"}],"about":[{"href":"https:\/\/www.accuratereviews.com\/it\/wp-json\/wp\/v2\/types\/page"}],"author":[{"embeddable":true,"href":"https:\/\/www.accuratereviews.com\/it\/wp-json\/wp\/v2\/users\/16"}],"replies":[{"embeddable":true,"href":"https:\/\/www.accuratereviews.com\/it\/wp-json\/wp\/v2\/comments?post=59621"}],"version-history":[{"count":10,"href":"https:\/\/www.accuratereviews.com\/it\/wp-json\/wp\/v2\/pages\/59621\/revisions"}],"predecessor-version":[{"id":59670,"href":"https:\/\/www.accuratereviews.com\/it\/wp-json\/wp\/v2\/pages\/59621\/revisions\/59670"}],"up":[{"embeddable":true,"href":"https:\/\/www.accuratereviews.com\/it\/wp-json\/wp\/v2\/pages\/59336"}],"wp:featuredmedia":[{"embeddable":true,"href":"https:\/\/www.accuratereviews.com\/it\/wp-json\/wp\/v2\/media\/59622"}],"wp:attachment":[{"href":"https:\/\/www.accuratereviews.com\/it\/wp-json\/wp\/v2\/media?parent=59621"}],"wp:term":[{"taxonomy":"category","embeddable":true,"href":"https:\/\/www.accuratereviews.com\/it\/wp-json\/wp\/v2\/categories?post=59621"},{"taxonomy":"post_tag","embeddable":true,"href":"https:\/\/www.accuratereviews.com\/it\/wp-json\/wp\/v2\/tags?post=59621"},{"taxonomy":"features","embeddable":true,"href":"https:\/\/www.accuratereviews.com\/it\/wp-json\/wp\/v2\/features?post=59621"}],"curies":[{"name":"wp","href":"https:\/\/api.w.org\/{rel}","templated":true}]}}