{"id":5968,"date":"2016-02-19T14:03:18","date_gmt":"2016-02-19T14:03:18","guid":{"rendered":"http:\/\/www.accuratereviews.com\/it\/crm-user-guide\/"},"modified":"2021-01-22T16:15:25","modified_gmt":"2021-01-22T16:15:25","slug":"crm-migliori-software-guida","status":"publish","type":"page","link":"https:\/\/www.accuratereviews.com\/it\/crm-migliori-software-guida\/","title":{"rendered":"CRM: i software migliori"},"content":{"rendered":"<p><a href=\"http:\/\/www.accuratereviews.com\/wp-content\/uploads\/2016\/02\/CRM.jpg\" rel=\"attachment wp-att-3758\"><img loading=\"lazy\" decoding=\"async\" class=\"aligncenter size-full wp-image-3758\" src=\"http:\/\/www.accuratereviews.com\/wp-content\/uploads\/2016\/02\/CRM.jpg\" alt=\"CRM\" width=\"1920\" height=\"1275\" srcset=\"https:\/\/www.accuratereviews.com\/wp-content\/uploads\/2016\/02\/CRM.jpg 1920w, https:\/\/www.accuratereviews.com\/wp-content\/uploads\/2016\/02\/CRM-300x199.jpg 300w, https:\/\/www.accuratereviews.com\/wp-content\/uploads\/2016\/02\/CRM-768x510.jpg 768w, https:\/\/www.accuratereviews.com\/wp-content\/uploads\/2016\/02\/CRM-1024x680.jpg 1024w, https:\/\/www.accuratereviews.com\/wp-content\/uploads\/2016\/02\/CRM-188x125.jpg 188w, https:\/\/www.accuratereviews.com\/wp-content\/uploads\/2016\/02\/CRM-50x33.jpg 50w, https:\/\/www.accuratereviews.com\/wp-content\/uploads\/2016\/02\/CRM-968x643.jpg 968w, https:\/\/www.accuratereviews.com\/wp-content\/uploads\/2016\/02\/CRM-636x422.jpg 636w, https:\/\/www.accuratereviews.com\/wp-content\/uploads\/2016\/02\/CRM-320x213.jpg 320w, https:\/\/www.accuratereviews.com\/wp-content\/uploads\/2016\/02\/CRM-239x159.jpg 239w\" sizes=\"auto, (max-width: 1920px) 100vw, 1920px\" \/><\/a><\/p>\n<p><strong>Le soluzioni CRM includono social media, chat in tempo reale<\/strong>, telefono, siti web, email diretta, materiali di marketing, strumenti per la gestione dei progetti, storico acquisti, informazioni personali dei clienti e preferenze d\u2019acquisto.<\/p>\n<p><strong>QUesto tipo di software ricostruisce i dettagli delle relazioni tra i contatti in maniera approfondita<\/strong>, per ogni dipartimento e diversi impiegati, diminuendo notevolmente il tempo che vi occorrebbe per aiutare un cliente oppure recuperare le informazioni giuste. Ma c\u2019\u00e8 di pi\u00f9: <strong>i CRM sono sistemi che vi permettono di seguire i lead e trasformarli in clienti potenziali<\/strong>. Potrete osservare i clienti attraverso i diversi canali, tenendo traccia degli scambi con la vostra azienda.<\/p>\n<p>Prestare attenzione sia ai fornitori migliori che agli investitori e tenere d\u2019occhio il flusso di lavoro dei dipendenti \u00e8 molto semplice, almeno quanto organizzare i contatti. <strong>Un software CRM normale comprende strumenti per la gestione del reparto di vendita<\/strong>, per tenere traccia dei contatti con i clienti, strumenti per assistere i vostri clienti nei processi di problem-solving, capacit\u00e0 di marketing automatico, e servizi basati sulla geolocalizzazione.<\/p>\n<p>Molti sistemi di CRM valutano il numero di utenti per offrirvi un prezzo modulato su pagamenti ricorrenti, mensili. Potete trovare ottime soluzioni CRM che funzionano via cloud, cos\u00ec come CRM open source. <strong>Quasi tutte le soluzioni per la Customer Relationship Management vi garantiscono accesso via app<\/strong>, per aiutare i dipendenti che non lavorano in sede.<\/p>\n<p>Quale \u00e8 il miglior CRM, in base ai vostri bisogni? Quando lo scegliete, dovete ricordare che le soluzioni <strong>CRM sono pensate per essere usate da qualsiasi azienda, in qualsiasi mercato<\/strong>: sono strumenti generici e flessibili. Nonostante questo, \u00e8 abbastanza semplice trovare opzioni pi\u00f9 specifiche per il vostro settore: alcuni servizi sono pensati pi\u00f9 per la vendita al dettaglio e le relazioni con i clienti, altri integrano potenti strumenti per la generazione dei lead, oppure automazione per il marketing. <strong>I benefici di un CRM potrebbero portare vantaggi cruciali nella crescita della vostra azienda, nivestendo gli obiettivi e i bisogni della ditta<\/strong>: leggete le nostre recensioni dei CRM, vi aiuteremo a scegliere il migliore. Ci siamo concentrati sulla facilit\u00e0 dell\u2019installazione e dell\u2019uso, la qualit\u00e0 del supporto l\u2019abiti\u00e0 di condividere i dati tra i diversi dipartimenti e come ogni aspetto dei software o servizi si intrecci con le necessit\u00e0 del vostro business.<\/p>\n","protected":false},"excerpt":{"rendered":"<p>Un sistema per la gestione delle relazioni coi clienti, o CRM, \u00e8 la soluzione migliore: vi permette di gestire informazioni e interazioni con i clienti su diversi canali.<\/p>\n","protected":false},"author":16,"featured_media":0,"parent":0,"menu_order":80,"comment_status":"closed","ping_status":"closed","template":"g1_template_page_category_userguide.php","meta":{"_acf_changed":false,"cwp_meta_box_check":"No","cwp_rev_product_name":"","cwp_rev_product_image":"","wppr_links":[],"cwp_rev_price":"","wppr_options":[],"wppr_pros":[],"wppr_cons":[],"_monsterinsights_skip_tracking":false,"_monsterinsights_sitenote_active":false,"_monsterinsights_sitenote_note":"","_monsterinsights_sitenote_category":0,"footnotes":""},"categories":[120],"tags":[],"features":[],"class_list":{"0":"post-5968","1":"page","2":"type-page","3":"status-publish","5":"category-crm-it"},"wppr_data":{"cwp_meta_box_check":"No","cwp_rev_product_name":"","cwp_rev_product_image":"","cwp_image_link":"image","cwp_rev_price":""},"acf":[],"yoast_head":"<!-- This site is optimized with the Yoast SEO plugin v27.4 - https:\/\/yoast.com\/product\/yoast-seo-wordpress\/ -->\n<title>I migliori software per CRM del 2017 | Accurate Reviews<\/title>\n<meta name=\"robots\" content=\"index, follow, max-snippet:-1, max-image-preview:large, max-video-preview:-1\" \/>\n<link rel=\"canonical\" href=\"https:\/\/www.accuratereviews.com\/it\/crm-migliori-software-guida\/\" \/>\n<meta property=\"og:locale\" content=\"it_IT\" \/>\n<meta property=\"og:type\" content=\"article\" \/>\n<meta property=\"og:title\" content=\"I migliori software per CRM del 2017 | Accurate Reviews\" \/>\n<meta property=\"og:description\" content=\"Un sistema per la gestione delle relazioni coi clienti, o CRM, \u00e8 la soluzione migliore: vi permette di gestire informazioni e interazioni con i clienti su diversi canali.\" \/>\n<meta property=\"og:url\" content=\"https:\/\/www.accuratereviews.com\/it\/crm-migliori-software-guida\/\" \/>\n<meta property=\"og:site_name\" content=\"Accurate Reviews\" \/>\n<meta property=\"article:modified_time\" content=\"2021-01-22T16:15:25+00:00\" \/>\n<meta property=\"og:image\" content=\"http:\/\/www.accuratereviews.com\/wp-content\/uploads\/2016\/02\/CRM.jpg\" \/>\n<meta name=\"twitter:card\" content=\"summary_large_image\" \/>\n<meta name=\"twitter:label1\" content=\"Tempo di lettura stimato\" \/>\n\t<meta name=\"twitter:data1\" content=\"2 minuti\" \/>\n<script type=\"application\/ld+json\" class=\"yoast-schema-graph\">{\"@context\":\"https:\\\/\\\/schema.org\",\"@graph\":[{\"@type\":\"WebPage\",\"@id\":\"https:\\\/\\\/www.accuratereviews.com\\\/it\\\/crm-migliori-software-guida\\\/\",\"url\":\"https:\\\/\\\/www.accuratereviews.com\\\/it\\\/crm-migliori-software-guida\\\/\",\"name\":\"I migliori software per CRM del 2017 | Accurate Reviews\",\"isPartOf\":{\"@id\":\"https:\\\/\\\/www.accuratereviews.com\\\/it\\\/#website\"},\"primaryImageOfPage\":{\"@id\":\"https:\\\/\\\/www.accuratereviews.com\\\/it\\\/crm-migliori-software-guida\\\/#primaryimage\"},\"image\":{\"@id\":\"https:\\\/\\\/www.accuratereviews.com\\\/it\\\/crm-migliori-software-guida\\\/#primaryimage\"},\"thumbnailUrl\":\"http:\\\/\\\/www.accuratereviews.com\\\/wp-content\\\/uploads\\\/2016\\\/02\\\/CRM.jpg\",\"datePublished\":\"2016-02-19T14:03:18+00:00\",\"dateModified\":\"2021-01-22T16:15:25+00:00\",\"breadcrumb\":{\"@id\":\"https:\\\/\\\/www.accuratereviews.com\\\/it\\\/crm-migliori-software-guida\\\/#breadcrumb\"},\"inLanguage\":\"it-IT\",\"potentialAction\":[{\"@type\":\"ReadAction\",\"target\":[\"https:\\\/\\\/www.accuratereviews.com\\\/it\\\/crm-migliori-software-guida\\\/\"]}]},{\"@type\":\"ImageObject\",\"inLanguage\":\"it-IT\",\"@id\":\"https:\\\/\\\/www.accuratereviews.com\\\/it\\\/crm-migliori-software-guida\\\/#primaryimage\",\"url\":\"http:\\\/\\\/www.accuratereviews.com\\\/wp-content\\\/uploads\\\/2016\\\/02\\\/CRM.jpg\",\"contentUrl\":\"http:\\\/\\\/www.accuratereviews.com\\\/wp-content\\\/uploads\\\/2016\\\/02\\\/CRM.jpg\"},{\"@type\":\"BreadcrumbList\",\"@id\":\"https:\\\/\\\/www.accuratereviews.com\\\/it\\\/crm-migliori-software-guida\\\/#breadcrumb\",\"itemListElement\":[{\"@type\":\"ListItem\",\"position\":1,\"name\":\"Home\",\"item\":\"https:\\\/\\\/www.accuratereviews.com\\\/it\\\/\"},{\"@type\":\"ListItem\",\"position\":2,\"name\":\"CRM: i software migliori\"}]},{\"@type\":\"WebSite\",\"@id\":\"https:\\\/\\\/www.accuratereviews.com\\\/it\\\/#website\",\"url\":\"https:\\\/\\\/www.accuratereviews.com\\\/it\\\/\",\"name\":\"Accurate Reviews\",\"description\":\"\",\"potentialAction\":[{\"@type\":\"SearchAction\",\"target\":{\"@type\":\"EntryPoint\",\"urlTemplate\":\"https:\\\/\\\/www.accuratereviews.com\\\/it\\\/?s={search_term_string}\"},\"query-input\":{\"@type\":\"PropertyValueSpecification\",\"valueRequired\":true,\"valueName\":\"search_term_string\"}}],\"inLanguage\":\"it-IT\"}]}<\/script>\n<!-- \/ Yoast SEO plugin. -->","yoast_head_json":{"title":"I migliori software per CRM del 2017 | Accurate Reviews","robots":{"index":"index","follow":"follow","max-snippet":"max-snippet:-1","max-image-preview":"max-image-preview:large","max-video-preview":"max-video-preview:-1"},"canonical":"https:\/\/www.accuratereviews.com\/it\/crm-migliori-software-guida\/","og_locale":"it_IT","og_type":"article","og_title":"I migliori software per CRM del 2017 | Accurate Reviews","og_description":"Un sistema per la gestione delle relazioni coi clienti, o CRM, \u00e8 la soluzione migliore: vi permette di gestire informazioni e interazioni con i clienti su diversi canali.","og_url":"https:\/\/www.accuratereviews.com\/it\/crm-migliori-software-guida\/","og_site_name":"Accurate Reviews","article_modified_time":"2021-01-22T16:15:25+00:00","og_image":[{"url":"http:\/\/www.accuratereviews.com\/wp-content\/uploads\/2016\/02\/CRM.jpg","type":"","width":"","height":""}],"twitter_card":"summary_large_image","twitter_misc":{"Tempo di lettura stimato":"2 minuti"},"schema":{"@context":"https:\/\/schema.org","@graph":[{"@type":"WebPage","@id":"https:\/\/www.accuratereviews.com\/it\/crm-migliori-software-guida\/","url":"https:\/\/www.accuratereviews.com\/it\/crm-migliori-software-guida\/","name":"I migliori software per CRM del 2017 | Accurate Reviews","isPartOf":{"@id":"https:\/\/www.accuratereviews.com\/it\/#website"},"primaryImageOfPage":{"@id":"https:\/\/www.accuratereviews.com\/it\/crm-migliori-software-guida\/#primaryimage"},"image":{"@id":"https:\/\/www.accuratereviews.com\/it\/crm-migliori-software-guida\/#primaryimage"},"thumbnailUrl":"http:\/\/www.accuratereviews.com\/wp-content\/uploads\/2016\/02\/CRM.jpg","datePublished":"2016-02-19T14:03:18+00:00","dateModified":"2021-01-22T16:15:25+00:00","breadcrumb":{"@id":"https:\/\/www.accuratereviews.com\/it\/crm-migliori-software-guida\/#breadcrumb"},"inLanguage":"it-IT","potentialAction":[{"@type":"ReadAction","target":["https:\/\/www.accuratereviews.com\/it\/crm-migliori-software-guida\/"]}]},{"@type":"ImageObject","inLanguage":"it-IT","@id":"https:\/\/www.accuratereviews.com\/it\/crm-migliori-software-guida\/#primaryimage","url":"http:\/\/www.accuratereviews.com\/wp-content\/uploads\/2016\/02\/CRM.jpg","contentUrl":"http:\/\/www.accuratereviews.com\/wp-content\/uploads\/2016\/02\/CRM.jpg"},{"@type":"BreadcrumbList","@id":"https:\/\/www.accuratereviews.com\/it\/crm-migliori-software-guida\/#breadcrumb","itemListElement":[{"@type":"ListItem","position":1,"name":"Home","item":"https:\/\/www.accuratereviews.com\/it\/"},{"@type":"ListItem","position":2,"name":"CRM: i software migliori"}]},{"@type":"WebSite","@id":"https:\/\/www.accuratereviews.com\/it\/#website","url":"https:\/\/www.accuratereviews.com\/it\/","name":"Accurate Reviews","description":"","potentialAction":[{"@type":"SearchAction","target":{"@type":"EntryPoint","urlTemplate":"https:\/\/www.accuratereviews.com\/it\/?s={search_term_string}"},"query-input":{"@type":"PropertyValueSpecification","valueRequired":true,"valueName":"search_term_string"}}],"inLanguage":"it-IT"}]}},"_links":{"self":[{"href":"https:\/\/www.accuratereviews.com\/it\/wp-json\/wp\/v2\/pages\/5968","targetHints":{"allow":["GET"]}}],"collection":[{"href":"https:\/\/www.accuratereviews.com\/it\/wp-json\/wp\/v2\/pages"}],"about":[{"href":"https:\/\/www.accuratereviews.com\/it\/wp-json\/wp\/v2\/types\/page"}],"author":[{"embeddable":true,"href":"https:\/\/www.accuratereviews.com\/it\/wp-json\/wp\/v2\/users\/16"}],"replies":[{"embeddable":true,"href":"https:\/\/www.accuratereviews.com\/it\/wp-json\/wp\/v2\/comments?post=5968"}],"version-history":[{"count":6,"href":"https:\/\/www.accuratereviews.com\/it\/wp-json\/wp\/v2\/pages\/5968\/revisions"}],"predecessor-version":[{"id":14080,"href":"https:\/\/www.accuratereviews.com\/it\/wp-json\/wp\/v2\/pages\/5968\/revisions\/14080"}],"wp:attachment":[{"href":"https:\/\/www.accuratereviews.com\/it\/wp-json\/wp\/v2\/media?parent=5968"}],"wp:term":[{"taxonomy":"category","embeddable":true,"href":"https:\/\/www.accuratereviews.com\/it\/wp-json\/wp\/v2\/categories?post=5968"},{"taxonomy":"post_tag","embeddable":true,"href":"https:\/\/www.accuratereviews.com\/it\/wp-json\/wp\/v2\/tags?post=5968"},{"taxonomy":"features","embeddable":true,"href":"https:\/\/www.accuratereviews.com\/it\/wp-json\/wp\/v2\/features?post=5968"}],"curies":[{"name":"wp","href":"https:\/\/api.w.org\/{rel}","templated":true}]}}