{"id":59773,"date":"2022-07-19T11:37:57","date_gmt":"2022-07-19T11:37:57","guid":{"rendered":"https:\/\/www.accuratereviews.com\/?page_id=59773"},"modified":"2022-07-19T11:37:57","modified_gmt":"2022-07-19T11:37:57","slug":"trezi-recensione","status":"publish","type":"page","link":"https:\/\/www.accuratereviews.com\/it\/software-per-creare-realta-virtuale\/trezi-recensione\/","title":{"rendered":"Trezi"},"content":{"rendered":"<p><strong>Trezi<\/strong> \u00e8 un <strong>prodotto di realt\u00e0 virtuale<\/strong> pensato per l&#8217;edilizia. Gli utenti hanno la possibilit\u00e0 di creare progetti virtuali attraverso la collaborazione di progetto attraverso un ambiente virtuale immersivo. La piattaforma consente agli utenti in diverse localit\u00e0 di rivedere e apportare modifiche a tutti i progetti virtuali. Il programma\u00a0supervisiona l&#8217;intero processo dal lancio iniziale alla finalizzazione dei progetti. Gli utenti possono inoltre lanciare modelli di prodotto 3D nell&#8217;area di lavoro, testare l&#8217;esperienza completa, presentare\/collaborare con altre parti interessate e quindi distribuire il prodotto finale in vari formati. Altre caratteristiche includono tour panoramici a 360 gradi, riunioni di coordinamento abilitate per la realt\u00e0 virtuale, compatibilit\u00e0 con i dispositivi mobili, integrazione del catalogo prodotti, simulazione, interfaccia drag &amp; drop e hotspot.<\/p>\n<h2>TREZI &#8211; TUTORIAL<\/h2>\n<p>Guardiamo come sfruttare al meglio le funzioni di questo <strong>software per creare realt\u00e0 virtuale<\/strong>:<\/p>\n<div id=\"fluid-wrapper-counter-1\" class=\"g1-fluid-wrapper \" style=\"width:686px;\">\n<div style=\"padding-bottom:56.268221574344%;\"><iframe loading=\"lazy\" title=\"Trezi presents Hybrid Collaboration by Steelcase\" width=\"686\" height=\"386\" src=\"https:\/\/www.youtube.com\/embed\/c72mAcgA7QU?feature=oembed&amp;wmode=transparent&amp;autohide=1&amp;autoplay=0&amp;disablekb=0&amp;fs=1&amp;loop=0&amp;enablejsapi=1&amp;rel=0&amp;controls=2&amp;showinfo=0&amp;wmode=transparent&amp;autohide=2&amp;autoplay=0&amp;disablekb=0&amp;fs=1&amp;loop=0&amp;enablejsapi=1&amp;rel=0&amp;controls=2&amp;showinfo=1\" frameborder=\"0\" allow=\"accelerometer; autoplay; clipboard-write; encrypted-media; gyroscope; picture-in-picture\" allowfullscreen><\/iframe><\/div>\n<\/div>\n<h3>TREZI &#8211; CARATTERISTICHE<\/h3>\n<ul>\n<li>Il Table Top orienta il pubblico con un modello in scala interattivo<\/li>\n<li>I tagli di sezione orizzontali e verticali aiutano a illustrare il programma di progettazione<\/li>\n<li>Il teletrasporto aiuta a navigare comodamente nel modello<\/li>\n<li>Le istantanee catturano le decisioni prese nel mondo virtuale<\/li>\n<li>Crea istantanee 3D e 360o per una distribuzione immediata<\/li>\n<li>Condividi i tour panoramici a 360\u00b0 sul web e sui dispositivi mobili<\/li>\n<li>Riproduci e incorpora procedure dettagliate video su display e dispositivi<\/li>\n<li>Disattiva e attiva i livelli per controllare la visualizzazione degli elementi del modello<\/li>\n<li>Crea e imposta tag di posizione per navigare rapidamente nel design<\/li>\n<li>Misurare per confermare i requisiti di progettazione<\/li>\n<li>Regola l&#8217;ora del giorno e la posizione geografica per esplorare la luce diurna<\/li>\n<li>Propriet\u00e0 degli elementi del modello di query<\/li>\n<li>Inserisci elementi del modello dai cataloghi dei prodotti e da una libreria di oltre 1.500 risorse<\/li>\n<li>Taglia, copia, incolla, duplica o elimina gli elementi del modello<\/li>\n<li>Sposta o ruota gli elementi del modello per regolare il layout<\/li>\n<li>Annulla e Ripristina per annullare facilmente le modifiche<\/li>\n<li>Le griglie di layout e gli snap ad oggetto mantengono gli elementi in linea<\/li>\n<li>Seleziona e cambia materiali da una libreria di oltre 800 materiali<\/li>\n<\/ul>\n","protected":false},"excerpt":{"rendered":"<p>Trezi \u00e8 un prodotto di realt\u00e0 virtuale pensato per l&#8217;edilizia. Gli utenti hanno la possibilit\u00e0 di creare progetti virtuali attraverso la collaborazione di progetto attraverso un ambiente virtuale immersivo. La piattaforma consente agli utenti in diverse localit\u00e0 di rivedere e apportare modifiche a tutti i progetti virtuali.<\/p>\n","protected":false},"author":16,"featured_media":59779,"parent":59336,"menu_order":0,"comment_status":"open","ping_status":"closed","template":"g1_template_page_review_new.php","meta":{"_acf_changed":false,"cwp_meta_box_check":"No","cwp_rev_product_name":"","cwp_rev_product_image":"","wppr_links":[],"cwp_rev_price":"","wppr_options":[],"wppr_pros":[],"wppr_cons":[],"_monsterinsights_skip_tracking":false,"_monsterinsights_sitenote_active":false,"_monsterinsights_sitenote_note":"","_monsterinsights_sitenote_category":0,"footnotes":""},"categories":[12929],"tags":[13034,12973,12972,12933,12971,12970,13033],"features":[],"class_list":{"0":"post-59773","1":"page","2":"type-page","3":"status-publish","4":"has-post-thumbnail","6":"category-software-realta-virtuale-cat","7":"tag-creazione-realta-virutale","8":"tag-piattaforma-creazione-realta-virtuale","9":"tag-programma-creazione-realta-virtuale","10":"tag-realta-virtuale","11":"tag-software-creazione-realta-virtuale","12":"tag-soluzione-creazione-realta-virtuale","13":"tag-trezi"},"wppr_data":{"cwp_meta_box_check":"No"},"acf":[],"yoast_head":"<!-- This site is optimized with the Yoast SEO plugin v27.4 - https:\/\/yoast.com\/product\/yoast-seo-wordpress\/ -->\n<title>Trezi: recensione software creazione realt\u00e0 virtuale - Accurate Reviews<\/title>\n<meta name=\"description\" content=\"Trezi: recensione prodotto di realt\u00e0 virtuale pensato per l&#039;edilizia che d\u00e0 la possibilit\u00e0 di creare progetti virtuali.\" \/>\n<meta name=\"robots\" content=\"index, follow, max-snippet:-1, max-image-preview:large, max-video-preview:-1\" \/>\n<link rel=\"canonical\" href=\"https:\/\/www.accuratereviews.com\/it\/software-per-creare-realta-virtuale\/trezi-recensione\/\" \/>\n<meta property=\"og:locale\" content=\"it_IT\" \/>\n<meta property=\"og:type\" content=\"article\" \/>\n<meta property=\"og:title\" content=\"Trezi: recensione software creazione realt\u00e0 virtuale - Accurate Reviews\" \/>\n<meta property=\"og:description\" content=\"Trezi: recensione prodotto di realt\u00e0 virtuale pensato per l&#039;edilizia che d\u00e0 la possibilit\u00e0 di creare progetti virtuali.\" \/>\n<meta property=\"og:url\" content=\"https:\/\/www.accuratereviews.com\/it\/software-per-creare-realta-virtuale\/trezi-recensione\/\" \/>\n<meta property=\"og:site_name\" content=\"Accurate Reviews\" \/>\n<meta property=\"og:image\" content=\"https:\/\/www.accuratereviews.com\/wp-content\/uploads\/2022\/07\/Trezi.jpeg\" \/>\n\t<meta property=\"og:image:width\" content=\"512\" \/>\n\t<meta property=\"og:image:height\" content=\"512\" \/>\n\t<meta property=\"og:image:type\" content=\"image\/jpeg\" \/>\n<meta name=\"twitter:card\" content=\"summary_large_image\" \/>\n<meta name=\"twitter:label1\" content=\"Tempo di lettura stimato\" \/>\n\t<meta name=\"twitter:data1\" content=\"2 minuti\" \/>\n<script type=\"application\/ld+json\" class=\"yoast-schema-graph\">{\"@context\":\"https:\\\/\\\/schema.org\",\"@graph\":[{\"@type\":\"WebPage\",\"@id\":\"https:\\\/\\\/www.accuratereviews.com\\\/it\\\/software-per-creare-realta-virtuale\\\/trezi-recensione\\\/\",\"url\":\"https:\\\/\\\/www.accuratereviews.com\\\/it\\\/software-per-creare-realta-virtuale\\\/trezi-recensione\\\/\",\"name\":\"Trezi: recensione software creazione realt\u00e0 virtuale - Accurate Reviews\",\"isPartOf\":{\"@id\":\"https:\\\/\\\/www.accuratereviews.com\\\/it\\\/#website\"},\"primaryImageOfPage\":{\"@id\":\"https:\\\/\\\/www.accuratereviews.com\\\/it\\\/software-per-creare-realta-virtuale\\\/trezi-recensione\\\/#primaryimage\"},\"image\":{\"@id\":\"https:\\\/\\\/www.accuratereviews.com\\\/it\\\/software-per-creare-realta-virtuale\\\/trezi-recensione\\\/#primaryimage\"},\"thumbnailUrl\":\"https:\\\/\\\/www.accuratereviews.com\\\/wp-content\\\/uploads\\\/2022\\\/07\\\/Trezi.jpeg\",\"datePublished\":\"2022-07-19T11:37:57+00:00\",\"description\":\"Trezi: recensione prodotto di realt\u00e0 virtuale pensato per l'edilizia che d\u00e0 la possibilit\u00e0 di creare progetti virtuali.\",\"breadcrumb\":{\"@id\":\"https:\\\/\\\/www.accuratereviews.com\\\/it\\\/software-per-creare-realta-virtuale\\\/trezi-recensione\\\/#breadcrumb\"},\"inLanguage\":\"it-IT\",\"potentialAction\":[{\"@type\":\"ReadAction\",\"target\":[\"https:\\\/\\\/www.accuratereviews.com\\\/it\\\/software-per-creare-realta-virtuale\\\/trezi-recensione\\\/\"]}]},{\"@type\":\"ImageObject\",\"inLanguage\":\"it-IT\",\"@id\":\"https:\\\/\\\/www.accuratereviews.com\\\/it\\\/software-per-creare-realta-virtuale\\\/trezi-recensione\\\/#primaryimage\",\"url\":\"https:\\\/\\\/www.accuratereviews.com\\\/wp-content\\\/uploads\\\/2022\\\/07\\\/Trezi.jpeg\",\"contentUrl\":\"https:\\\/\\\/www.accuratereviews.com\\\/wp-content\\\/uploads\\\/2022\\\/07\\\/Trezi.jpeg\",\"width\":512,\"height\":512},{\"@type\":\"BreadcrumbList\",\"@id\":\"https:\\\/\\\/www.accuratereviews.com\\\/it\\\/software-per-creare-realta-virtuale\\\/trezi-recensione\\\/#breadcrumb\",\"itemListElement\":[{\"@type\":\"ListItem\",\"position\":1,\"name\":\"Home\",\"item\":\"https:\\\/\\\/www.accuratereviews.com\\\/it\\\/\"},{\"@type\":\"ListItem\",\"position\":2,\"name\":\"Software per creare realt\u00e0 virtuale\",\"item\":\"https:\\\/\\\/www.accuratereviews.com\\\/it\\\/software-per-creare-realta-virtuale\\\/\"},{\"@type\":\"ListItem\",\"position\":3,\"name\":\"Trezi\"}]},{\"@type\":\"WebSite\",\"@id\":\"https:\\\/\\\/www.accuratereviews.com\\\/it\\\/#website\",\"url\":\"https:\\\/\\\/www.accuratereviews.com\\\/it\\\/\",\"name\":\"Accurate Reviews\",\"description\":\"\",\"potentialAction\":[{\"@type\":\"SearchAction\",\"target\":{\"@type\":\"EntryPoint\",\"urlTemplate\":\"https:\\\/\\\/www.accuratereviews.com\\\/it\\\/?s={search_term_string}\"},\"query-input\":{\"@type\":\"PropertyValueSpecification\",\"valueRequired\":true,\"valueName\":\"search_term_string\"}}],\"inLanguage\":\"it-IT\"}]}<\/script>\n<!-- \/ Yoast SEO plugin. -->","yoast_head_json":{"title":"Trezi: recensione software creazione realt\u00e0 virtuale - Accurate Reviews","description":"Trezi: recensione prodotto di realt\u00e0 virtuale pensato per l'edilizia che d\u00e0 la possibilit\u00e0 di creare progetti virtuali.","robots":{"index":"index","follow":"follow","max-snippet":"max-snippet:-1","max-image-preview":"max-image-preview:large","max-video-preview":"max-video-preview:-1"},"canonical":"https:\/\/www.accuratereviews.com\/it\/software-per-creare-realta-virtuale\/trezi-recensione\/","og_locale":"it_IT","og_type":"article","og_title":"Trezi: recensione software creazione realt\u00e0 virtuale - Accurate Reviews","og_description":"Trezi: recensione prodotto di realt\u00e0 virtuale pensato per l'edilizia che d\u00e0 la possibilit\u00e0 di creare progetti virtuali.","og_url":"https:\/\/www.accuratereviews.com\/it\/software-per-creare-realta-virtuale\/trezi-recensione\/","og_site_name":"Accurate Reviews","og_image":[{"width":512,"height":512,"url":"https:\/\/www.accuratereviews.com\/wp-content\/uploads\/2022\/07\/Trezi.jpeg","type":"image\/jpeg"}],"twitter_card":"summary_large_image","twitter_misc":{"Tempo di lettura stimato":"2 minuti"},"schema":{"@context":"https:\/\/schema.org","@graph":[{"@type":"WebPage","@id":"https:\/\/www.accuratereviews.com\/it\/software-per-creare-realta-virtuale\/trezi-recensione\/","url":"https:\/\/www.accuratereviews.com\/it\/software-per-creare-realta-virtuale\/trezi-recensione\/","name":"Trezi: recensione software creazione realt\u00e0 virtuale - Accurate Reviews","isPartOf":{"@id":"https:\/\/www.accuratereviews.com\/it\/#website"},"primaryImageOfPage":{"@id":"https:\/\/www.accuratereviews.com\/it\/software-per-creare-realta-virtuale\/trezi-recensione\/#primaryimage"},"image":{"@id":"https:\/\/www.accuratereviews.com\/it\/software-per-creare-realta-virtuale\/trezi-recensione\/#primaryimage"},"thumbnailUrl":"https:\/\/www.accuratereviews.com\/wp-content\/uploads\/2022\/07\/Trezi.jpeg","datePublished":"2022-07-19T11:37:57+00:00","description":"Trezi: recensione prodotto di realt\u00e0 virtuale pensato per l'edilizia che d\u00e0 la possibilit\u00e0 di creare progetti virtuali.","breadcrumb":{"@id":"https:\/\/www.accuratereviews.com\/it\/software-per-creare-realta-virtuale\/trezi-recensione\/#breadcrumb"},"inLanguage":"it-IT","potentialAction":[{"@type":"ReadAction","target":["https:\/\/www.accuratereviews.com\/it\/software-per-creare-realta-virtuale\/trezi-recensione\/"]}]},{"@type":"ImageObject","inLanguage":"it-IT","@id":"https:\/\/www.accuratereviews.com\/it\/software-per-creare-realta-virtuale\/trezi-recensione\/#primaryimage","url":"https:\/\/www.accuratereviews.com\/wp-content\/uploads\/2022\/07\/Trezi.jpeg","contentUrl":"https:\/\/www.accuratereviews.com\/wp-content\/uploads\/2022\/07\/Trezi.jpeg","width":512,"height":512},{"@type":"BreadcrumbList","@id":"https:\/\/www.accuratereviews.com\/it\/software-per-creare-realta-virtuale\/trezi-recensione\/#breadcrumb","itemListElement":[{"@type":"ListItem","position":1,"name":"Home","item":"https:\/\/www.accuratereviews.com\/it\/"},{"@type":"ListItem","position":2,"name":"Software per creare realt\u00e0 virtuale","item":"https:\/\/www.accuratereviews.com\/it\/software-per-creare-realta-virtuale\/"},{"@type":"ListItem","position":3,"name":"Trezi"}]},{"@type":"WebSite","@id":"https:\/\/www.accuratereviews.com\/it\/#website","url":"https:\/\/www.accuratereviews.com\/it\/","name":"Accurate Reviews","description":"","potentialAction":[{"@type":"SearchAction","target":{"@type":"EntryPoint","urlTemplate":"https:\/\/www.accuratereviews.com\/it\/?s={search_term_string}"},"query-input":{"@type":"PropertyValueSpecification","valueRequired":true,"valueName":"search_term_string"}}],"inLanguage":"it-IT"}]}},"_links":{"self":[{"href":"https:\/\/www.accuratereviews.com\/it\/wp-json\/wp\/v2\/pages\/59773","targetHints":{"allow":["GET"]}}],"collection":[{"href":"https:\/\/www.accuratereviews.com\/it\/wp-json\/wp\/v2\/pages"}],"about":[{"href":"https:\/\/www.accuratereviews.com\/it\/wp-json\/wp\/v2\/types\/page"}],"author":[{"embeddable":true,"href":"https:\/\/www.accuratereviews.com\/it\/wp-json\/wp\/v2\/users\/16"}],"replies":[{"embeddable":true,"href":"https:\/\/www.accuratereviews.com\/it\/wp-json\/wp\/v2\/comments?post=59773"}],"version-history":[{"count":10,"href":"https:\/\/www.accuratereviews.com\/it\/wp-json\/wp\/v2\/pages\/59773\/revisions"}],"predecessor-version":[{"id":59810,"href":"https:\/\/www.accuratereviews.com\/it\/wp-json\/wp\/v2\/pages\/59773\/revisions\/59810"}],"up":[{"embeddable":true,"href":"https:\/\/www.accuratereviews.com\/it\/wp-json\/wp\/v2\/pages\/59336"}],"wp:featuredmedia":[{"embeddable":true,"href":"https:\/\/www.accuratereviews.com\/it\/wp-json\/wp\/v2\/media\/59779"}],"wp:attachment":[{"href":"https:\/\/www.accuratereviews.com\/it\/wp-json\/wp\/v2\/media?parent=59773"}],"wp:term":[{"taxonomy":"category","embeddable":true,"href":"https:\/\/www.accuratereviews.com\/it\/wp-json\/wp\/v2\/categories?post=59773"},{"taxonomy":"post_tag","embeddable":true,"href":"https:\/\/www.accuratereviews.com\/it\/wp-json\/wp\/v2\/tags?post=59773"},{"taxonomy":"features","embeddable":true,"href":"https:\/\/www.accuratereviews.com\/it\/wp-json\/wp\/v2\/features?post=59773"}],"curies":[{"name":"wp","href":"https:\/\/api.w.org\/{rel}","templated":true}]}}