{"id":59776,"date":"2022-07-19T11:32:46","date_gmt":"2022-07-19T11:32:46","guid":{"rendered":"https:\/\/www.accuratereviews.com\/?page_id=59776"},"modified":"2022-07-19T11:32:46","modified_gmt":"2022-07-19T11:32:46","slug":"vred-recensione","status":"publish","type":"page","link":"https:\/\/www.accuratereviews.com\/it\/software-per-creare-realta-virtuale\/vred-recensione\/","title":{"rendered":"VRED"},"content":{"rendered":"<p><strong>VRED<\/strong>, abbreviazione di &#8220;<strong>Virtual Reality Environment Design<\/strong>&#8220;, \u00e8 un software di visualizzazione 3D per designer e ingegneri automobilistici. Il software offre a progettisti la possibilit\u00e0 di creare, comunicare, collaborare e convalidare le proprie idee in un ambiente virtuale. Il programma\u00a0\u00e8 una soluzione di <strong>realt\u00e0 virtuale<\/strong> che crea rendering di prodotti, revisioni di design e prototipi per mostrare i prodotti ai clienti. La piattaforma consente la facile creazione di contenuti interattivi, con supporto nativo per tutti i principali pacchetti software 3D DCC come Autodesk 3ds Max, Maya e Revit.<\/p>\n<h2>VRED &#8211; TUTORIAL<\/h2>\n<p>Diamo un occhiata a questo <strong>software di creazione realt\u00e0 virtuale<\/strong>:<\/p>\n<div id=\"fluid-wrapper-counter-1\" class=\"g1-fluid-wrapper \" style=\"width:686px;\">\n<div style=\"padding-bottom:56.268221574344%;\"><iframe loading=\"lazy\" title=\"VRED Deep Dive Session Extended - Part 1 \u2013 GPU Realtime Raytracing\" width=\"686\" height=\"386\" src=\"https:\/\/www.youtube.com\/embed\/KUSLdAMEx0Q?feature=oembed&amp;wmode=transparent&amp;autohide=1&amp;autoplay=0&amp;disablekb=0&amp;fs=1&amp;loop=0&amp;enablejsapi=1&amp;rel=0&amp;controls=2&amp;showinfo=0&amp;wmode=transparent&amp;autohide=2&amp;autoplay=0&amp;disablekb=0&amp;fs=1&amp;loop=0&amp;enablejsapi=1&amp;rel=0&amp;controls=2&amp;showinfo=1\" frameborder=\"0\" allow=\"accelerometer; autoplay; clipboard-write; encrypted-media; gyroscope; picture-in-picture\" allowfullscreen><\/iframe><\/div>\n<\/div>\n<h3>VRED &#8211; CARATTERISCHE<\/h3>\n<div class=\"pnl-overview__item-description pnl-overview__bullet\">\n<div>\n<div id=\"text-1919c01abb\" class=\"cmp-text dhig-typography-body-copy-medium\">\n<div class=\"cmp-text-editable\">\n<ul>\n<li>Reazione di rendering di alta qualit\u00e0 in locale o nel cloud<\/li>\n<li>Visualizzazione, revisione e convalida con facilit\u00e0 e precisione<\/li>\n<li>Collaborazione su qualsiasi dispositivo, inclusi i dispositivi VR<\/li>\n<li>Amplia l&#8217;utilizzo della realt\u00e0 estesa per le valutazioni, le revisioni e le interazioni con i dati<\/li>\n<li>Trasforma complessi set di dati di progettazione e ingegnerizzazione in un modello di controllo digitale olistico che pu\u00f2 essere utilizzato come un&#8217;unica fonte di informazioni<\/li>\n<li>Accedi ai dati di progettazione pi\u00f9 recenti sempre e ovunque per un processo di revisione collaborativa di alta qualit\u00e0 su desktop, dispositivi mobili o in modalit\u00e0 di realt\u00e0 virtuale tramite una vasta gamma di utilit\u00e0 e API di streaming<\/li>\n<li>Crea visualizzazioni avanzate e prototipi virtuali.<\/li>\n<\/ul>\n<\/div>\n<\/div>\n<\/div>\n<div>\n<div id=\"text-a16d9aad89\" class=\"cmp-text dhig-typography-body-copy-medium\">\n<div class=\"cmp-text-editable\"><\/div>\n<\/div>\n<\/div>\n<div>\n<div id=\"text-01eb9aa477\" class=\"cmp-text dhig-typography-body-copy-medium\">\n<div class=\"cmp-text-editable\"><\/div>\n<\/div>\n<\/div>\n<\/div>\n","protected":false},"excerpt":{"rendered":"<p>VRED, abbreviazione di &#8220;Virtual Reality Environment Design&#8221;, \u00e8 un software di visualizzazione 3D per designer e ingegneri automobilistici. Il software offre a progettisti la possibilit\u00e0 di creare, comunicare, collaborare e convalidare le proprie idee in un ambiente virtuale. Il programma\u00a0\u00e8 una soluzione di realt\u00e0 virtuale che crea rendering di prodotti, revisioni di design e prototipi per mostrare i prodotti ai clienti.<\/p>\n","protected":false},"author":16,"featured_media":59796,"parent":59336,"menu_order":0,"comment_status":"open","ping_status":"closed","template":"g1_template_page_review_new.php","meta":{"_acf_changed":false,"cwp_meta_box_check":"No","cwp_rev_product_name":"","cwp_rev_product_image":"","wppr_links":[],"cwp_rev_price":"","wppr_options":[],"wppr_pros":[],"wppr_cons":[],"_monsterinsights_skip_tracking":false,"_monsterinsights_sitenote_active":false,"_monsterinsights_sitenote_note":"","_monsterinsights_sitenote_category":0,"footnotes":""},"categories":[12929],"tags":[12934,12977,12937,12933,12936,12935,13035],"features":[],"class_list":{"0":"post-59776","1":"page","2":"type-page","3":"status-publish","4":"has-post-thumbnail","6":"category-software-realta-virtuale-cat","7":"tag-creazione-realta-virtuale","8":"tag-piattaforma-per-creare-realta-virutale","9":"tag-programma-per-creare-realta-virtuale","10":"tag-realta-virtuale","11":"tag-software-per-creare-realta-virtuale","12":"tag-soluzione-per-creare-realta-virtuale","13":"tag-vred"},"wppr_data":{"cwp_meta_box_check":"No"},"acf":[],"yoast_head":"<!-- This site is optimized with the Yoast SEO plugin v27.4 - https:\/\/yoast.com\/product\/yoast-seo-wordpress\/ -->\n<title>VRED: recensione software per creare realt\u00e0 virtuale - Accurate Reviews<\/title>\n<meta name=\"description\" content=\"VRED: recensione software di visualizzazione 3D per designer e ingegneri automobilistici per creare, comunicare, collaborare e convalidare le proprie idee.\" \/>\n<meta name=\"robots\" content=\"index, follow, max-snippet:-1, max-image-preview:large, max-video-preview:-1\" \/>\n<link rel=\"canonical\" href=\"https:\/\/www.accuratereviews.com\/it\/software-per-creare-realta-virtuale\/vred-recensione\/\" \/>\n<meta property=\"og:locale\" content=\"it_IT\" \/>\n<meta property=\"og:type\" content=\"article\" \/>\n<meta property=\"og:title\" content=\"VRED: recensione software per creare realt\u00e0 virtuale - Accurate Reviews\" \/>\n<meta property=\"og:description\" content=\"VRED: recensione software di visualizzazione 3D per designer e ingegneri automobilistici per creare, comunicare, collaborare e convalidare le proprie idee.\" \/>\n<meta property=\"og:url\" content=\"https:\/\/www.accuratereviews.com\/it\/software-per-creare-realta-virtuale\/vred-recensione\/\" \/>\n<meta property=\"og:site_name\" content=\"Accurate Reviews\" \/>\n<meta property=\"og:image\" content=\"https:\/\/www.accuratereviews.com\/wp-content\/uploads\/2022\/07\/VRED.jpeg\" \/>\n\t<meta property=\"og:image:width\" content=\"225\" \/>\n\t<meta property=\"og:image:height\" content=\"225\" \/>\n\t<meta property=\"og:image:type\" content=\"image\/jpeg\" \/>\n<meta name=\"twitter:card\" content=\"summary_large_image\" \/>\n<meta name=\"twitter:label1\" content=\"Tempo di lettura stimato\" \/>\n\t<meta name=\"twitter:data1\" content=\"2 minuti\" \/>\n<script type=\"application\/ld+json\" class=\"yoast-schema-graph\">{\"@context\":\"https:\\\/\\\/schema.org\",\"@graph\":[{\"@type\":\"WebPage\",\"@id\":\"https:\\\/\\\/www.accuratereviews.com\\\/it\\\/software-per-creare-realta-virtuale\\\/vred-recensione\\\/\",\"url\":\"https:\\\/\\\/www.accuratereviews.com\\\/it\\\/software-per-creare-realta-virtuale\\\/vred-recensione\\\/\",\"name\":\"VRED: recensione software per creare realt\u00e0 virtuale - Accurate Reviews\",\"isPartOf\":{\"@id\":\"https:\\\/\\\/www.accuratereviews.com\\\/it\\\/#website\"},\"primaryImageOfPage\":{\"@id\":\"https:\\\/\\\/www.accuratereviews.com\\\/it\\\/software-per-creare-realta-virtuale\\\/vred-recensione\\\/#primaryimage\"},\"image\":{\"@id\":\"https:\\\/\\\/www.accuratereviews.com\\\/it\\\/software-per-creare-realta-virtuale\\\/vred-recensione\\\/#primaryimage\"},\"thumbnailUrl\":\"https:\\\/\\\/www.accuratereviews.com\\\/wp-content\\\/uploads\\\/2022\\\/07\\\/VRED.jpeg\",\"datePublished\":\"2022-07-19T11:32:46+00:00\",\"description\":\"VRED: recensione software di visualizzazione 3D per designer e ingegneri automobilistici per creare, comunicare, collaborare e convalidare le proprie idee.\",\"breadcrumb\":{\"@id\":\"https:\\\/\\\/www.accuratereviews.com\\\/it\\\/software-per-creare-realta-virtuale\\\/vred-recensione\\\/#breadcrumb\"},\"inLanguage\":\"it-IT\",\"potentialAction\":[{\"@type\":\"ReadAction\",\"target\":[\"https:\\\/\\\/www.accuratereviews.com\\\/it\\\/software-per-creare-realta-virtuale\\\/vred-recensione\\\/\"]}]},{\"@type\":\"ImageObject\",\"inLanguage\":\"it-IT\",\"@id\":\"https:\\\/\\\/www.accuratereviews.com\\\/it\\\/software-per-creare-realta-virtuale\\\/vred-recensione\\\/#primaryimage\",\"url\":\"https:\\\/\\\/www.accuratereviews.com\\\/wp-content\\\/uploads\\\/2022\\\/07\\\/VRED.jpeg\",\"contentUrl\":\"https:\\\/\\\/www.accuratereviews.com\\\/wp-content\\\/uploads\\\/2022\\\/07\\\/VRED.jpeg\",\"width\":225,\"height\":225},{\"@type\":\"BreadcrumbList\",\"@id\":\"https:\\\/\\\/www.accuratereviews.com\\\/it\\\/software-per-creare-realta-virtuale\\\/vred-recensione\\\/#breadcrumb\",\"itemListElement\":[{\"@type\":\"ListItem\",\"position\":1,\"name\":\"Home\",\"item\":\"https:\\\/\\\/www.accuratereviews.com\\\/it\\\/\"},{\"@type\":\"ListItem\",\"position\":2,\"name\":\"Software per creare realt\u00e0 virtuale\",\"item\":\"https:\\\/\\\/www.accuratereviews.com\\\/it\\\/software-per-creare-realta-virtuale\\\/\"},{\"@type\":\"ListItem\",\"position\":3,\"name\":\"VRED\"}]},{\"@type\":\"WebSite\",\"@id\":\"https:\\\/\\\/www.accuratereviews.com\\\/it\\\/#website\",\"url\":\"https:\\\/\\\/www.accuratereviews.com\\\/it\\\/\",\"name\":\"Accurate Reviews\",\"description\":\"\",\"potentialAction\":[{\"@type\":\"SearchAction\",\"target\":{\"@type\":\"EntryPoint\",\"urlTemplate\":\"https:\\\/\\\/www.accuratereviews.com\\\/it\\\/?s={search_term_string}\"},\"query-input\":{\"@type\":\"PropertyValueSpecification\",\"valueRequired\":true,\"valueName\":\"search_term_string\"}}],\"inLanguage\":\"it-IT\"}]}<\/script>\n<!-- \/ Yoast SEO plugin. -->","yoast_head_json":{"title":"VRED: recensione software per creare realt\u00e0 virtuale - Accurate Reviews","description":"VRED: recensione software di visualizzazione 3D per designer e ingegneri automobilistici per creare, comunicare, collaborare e convalidare le proprie idee.","robots":{"index":"index","follow":"follow","max-snippet":"max-snippet:-1","max-image-preview":"max-image-preview:large","max-video-preview":"max-video-preview:-1"},"canonical":"https:\/\/www.accuratereviews.com\/it\/software-per-creare-realta-virtuale\/vred-recensione\/","og_locale":"it_IT","og_type":"article","og_title":"VRED: recensione software per creare realt\u00e0 virtuale - Accurate Reviews","og_description":"VRED: recensione software di visualizzazione 3D per designer e ingegneri automobilistici per creare, comunicare, collaborare e convalidare le proprie idee.","og_url":"https:\/\/www.accuratereviews.com\/it\/software-per-creare-realta-virtuale\/vred-recensione\/","og_site_name":"Accurate Reviews","og_image":[{"width":225,"height":225,"url":"https:\/\/www.accuratereviews.com\/wp-content\/uploads\/2022\/07\/VRED.jpeg","type":"image\/jpeg"}],"twitter_card":"summary_large_image","twitter_misc":{"Tempo di lettura stimato":"2 minuti"},"schema":{"@context":"https:\/\/schema.org","@graph":[{"@type":"WebPage","@id":"https:\/\/www.accuratereviews.com\/it\/software-per-creare-realta-virtuale\/vred-recensione\/","url":"https:\/\/www.accuratereviews.com\/it\/software-per-creare-realta-virtuale\/vred-recensione\/","name":"VRED: recensione software per creare realt\u00e0 virtuale - Accurate Reviews","isPartOf":{"@id":"https:\/\/www.accuratereviews.com\/it\/#website"},"primaryImageOfPage":{"@id":"https:\/\/www.accuratereviews.com\/it\/software-per-creare-realta-virtuale\/vred-recensione\/#primaryimage"},"image":{"@id":"https:\/\/www.accuratereviews.com\/it\/software-per-creare-realta-virtuale\/vred-recensione\/#primaryimage"},"thumbnailUrl":"https:\/\/www.accuratereviews.com\/wp-content\/uploads\/2022\/07\/VRED.jpeg","datePublished":"2022-07-19T11:32:46+00:00","description":"VRED: recensione software di visualizzazione 3D per designer e ingegneri automobilistici per creare, comunicare, collaborare e convalidare le proprie idee.","breadcrumb":{"@id":"https:\/\/www.accuratereviews.com\/it\/software-per-creare-realta-virtuale\/vred-recensione\/#breadcrumb"},"inLanguage":"it-IT","potentialAction":[{"@type":"ReadAction","target":["https:\/\/www.accuratereviews.com\/it\/software-per-creare-realta-virtuale\/vred-recensione\/"]}]},{"@type":"ImageObject","inLanguage":"it-IT","@id":"https:\/\/www.accuratereviews.com\/it\/software-per-creare-realta-virtuale\/vred-recensione\/#primaryimage","url":"https:\/\/www.accuratereviews.com\/wp-content\/uploads\/2022\/07\/VRED.jpeg","contentUrl":"https:\/\/www.accuratereviews.com\/wp-content\/uploads\/2022\/07\/VRED.jpeg","width":225,"height":225},{"@type":"BreadcrumbList","@id":"https:\/\/www.accuratereviews.com\/it\/software-per-creare-realta-virtuale\/vred-recensione\/#breadcrumb","itemListElement":[{"@type":"ListItem","position":1,"name":"Home","item":"https:\/\/www.accuratereviews.com\/it\/"},{"@type":"ListItem","position":2,"name":"Software per creare realt\u00e0 virtuale","item":"https:\/\/www.accuratereviews.com\/it\/software-per-creare-realta-virtuale\/"},{"@type":"ListItem","position":3,"name":"VRED"}]},{"@type":"WebSite","@id":"https:\/\/www.accuratereviews.com\/it\/#website","url":"https:\/\/www.accuratereviews.com\/it\/","name":"Accurate Reviews","description":"","potentialAction":[{"@type":"SearchAction","target":{"@type":"EntryPoint","urlTemplate":"https:\/\/www.accuratereviews.com\/it\/?s={search_term_string}"},"query-input":{"@type":"PropertyValueSpecification","valueRequired":true,"valueName":"search_term_string"}}],"inLanguage":"it-IT"}]}},"_links":{"self":[{"href":"https:\/\/www.accuratereviews.com\/it\/wp-json\/wp\/v2\/pages\/59776","targetHints":{"allow":["GET"]}}],"collection":[{"href":"https:\/\/www.accuratereviews.com\/it\/wp-json\/wp\/v2\/pages"}],"about":[{"href":"https:\/\/www.accuratereviews.com\/it\/wp-json\/wp\/v2\/types\/page"}],"author":[{"embeddable":true,"href":"https:\/\/www.accuratereviews.com\/it\/wp-json\/wp\/v2\/users\/16"}],"replies":[{"embeddable":true,"href":"https:\/\/www.accuratereviews.com\/it\/wp-json\/wp\/v2\/comments?post=59776"}],"version-history":[{"count":9,"href":"https:\/\/www.accuratereviews.com\/it\/wp-json\/wp\/v2\/pages\/59776\/revisions"}],"predecessor-version":[{"id":59809,"href":"https:\/\/www.accuratereviews.com\/it\/wp-json\/wp\/v2\/pages\/59776\/revisions\/59809"}],"up":[{"embeddable":true,"href":"https:\/\/www.accuratereviews.com\/it\/wp-json\/wp\/v2\/pages\/59336"}],"wp:featuredmedia":[{"embeddable":true,"href":"https:\/\/www.accuratereviews.com\/it\/wp-json\/wp\/v2\/media\/59796"}],"wp:attachment":[{"href":"https:\/\/www.accuratereviews.com\/it\/wp-json\/wp\/v2\/media?parent=59776"}],"wp:term":[{"taxonomy":"category","embeddable":true,"href":"https:\/\/www.accuratereviews.com\/it\/wp-json\/wp\/v2\/categories?post=59776"},{"taxonomy":"post_tag","embeddable":true,"href":"https:\/\/www.accuratereviews.com\/it\/wp-json\/wp\/v2\/tags?post=59776"},{"taxonomy":"features","embeddable":true,"href":"https:\/\/www.accuratereviews.com\/it\/wp-json\/wp\/v2\/features?post=59776"}],"curies":[{"name":"wp","href":"https:\/\/api.w.org\/{rel}","templated":true}]}}