{"id":59813,"date":"2022-07-20T09:26:33","date_gmt":"2022-07-20T09:26:33","guid":{"rendered":"https:\/\/www.accuratereviews.com\/?page_id=59813"},"modified":"2022-07-24T20:10:33","modified_gmt":"2022-07-24T20:10:33","slug":"peek-recensione","status":"publish","type":"page","link":"https:\/\/www.accuratereviews.com\/it\/software-per-creare-realta-virtuale\/peek-recensione\/","title":{"rendered":"Peek"},"content":{"rendered":"<p><strong>Peek<\/strong> \u00e8 un software progettato specificamente <strong>per tour e operatori di attivit\u00e0 virtuali<\/strong> per aumentare le loro prenotazioni raggiungendo un gran numero di potenziali clienti, principalmente turisti. Con questo programma i clienti possono accedere a un sito web di viaggi e prenotare i biglietti direttamente anche al di fuori dell&#8217;orario di lavoro. Utilizzando le funzionalit\u00e0 di intelligence dei potenziali clienti di Peek, i professionisti del leasing possono beneficiare di dati dettagliati sul coinvolgimento di ciascun potenziale cliente, incluso il numero di unit\u00e0 e propriet\u00e0 che hanno visualizzato, budget approssimativo e tempo trascorso in ciascun tour.<\/p>\n<h2>PEEK &#8211; TUTORIAL<\/h2>\n<div id=\"fluid-wrapper-counter-1\" class=\"g1-fluid-wrapper \" style=\"width:686px;\">\n<div style=\"padding-bottom:56.268221574344%;\"><iframe loading=\"lazy\" title=\"Meet Peek | www.peek.us\" width=\"686\" height=\"386\" src=\"https:\/\/www.youtube.com\/embed\/7w8Br1nr-tQ?feature=oembed&amp;wmode=transparent&amp;autohide=1&amp;autoplay=0&amp;disablekb=0&amp;fs=1&amp;loop=0&amp;enablejsapi=1&amp;rel=0&amp;controls=2&amp;showinfo=0&amp;wmode=transparent&amp;autohide=2&amp;autoplay=0&amp;disablekb=0&amp;fs=1&amp;loop=0&amp;enablejsapi=1&amp;rel=0&amp;controls=2&amp;showinfo=1\" frameborder=\"0\" allow=\"accelerometer; autoplay; clipboard-write; encrypted-media; gyroscope; picture-in-picture\" allowfullscreen><\/iframe><\/div>\n<\/div>\n<h3>PEEK &#8211; CARATTERISTICHE<\/h3>\n<ul>\n<li>Trasforma il tuo viaggio potenziale con tour virtuali e dati dettagliati sul coinvolgimento che ti aiutano a identificare e convertire i migliori potenziali clienti<\/li>\n<li>Virtualizza ogni disponibilit\u00e0 e comodit\u00e0 con tour 3D interattivi di alta qualit\u00e0, non solo i modelli. Lascia che i tuoi potenziali clienti sperimentino virtualmente l&#8217;intera comunit\u00e0 e visitino le effettive disponibilit\u00e0, proprio come una visita in loco<\/li>\n<li>La piattaforma sta portando l&#8217;esperienza dell&#8217;ecommerce (Amazon) nella multifamiliare richiesta dai residenti<\/li>\n<li>Dati potenti per aiutarti a identificare i migliori potenziali clienti come ad esempio: numero di tour visualizzati, tempo trascorso in ogni tour, numero di propriet\u00e0 visualizzate (a livello di portafoglio), camere, servizi e layout pi\u00f9 visti e budget approssimativo.<\/li>\n<\/ul>\n","protected":false},"excerpt":{"rendered":"<p>Peek \u00e8 un software progettato specificamente per tour e operatori di attivit\u00e0 virtuali per aumentare le loro prenotazioni raggiungendo un gran numero di potenziali clienti, principalmente turisti. Con questo programma i clienti possono accedere a un sito web di viaggi e prenotare i biglietti direttamente anche al di fuori dell&#8217;orario di lavoro.<\/p>\n","protected":false},"author":16,"featured_media":59815,"parent":59336,"menu_order":0,"comment_status":"open","ping_status":"closed","template":"g1_template_page_review_new.php","meta":{"_acf_changed":false,"cwp_meta_box_check":"No","cwp_rev_product_name":"","cwp_rev_product_image":"","wppr_links":[],"cwp_rev_price":"","wppr_options":[],"wppr_pros":[],"wppr_cons":[],"_monsterinsights_skip_tracking":false,"_monsterinsights_sitenote_active":false,"_monsterinsights_sitenote_note":"","_monsterinsights_sitenote_category":0,"footnotes":""},"categories":[12929],"tags":[12978,13037,12973,12972,12933,12971,12970],"features":[],"class_list":{"0":"post-59813","1":"page","2":"type-page","3":"status-publish","4":"has-post-thumbnail","6":"category-software-realta-virtuale-cat","7":"tag-creare-realta-virtuale","8":"tag-peek","9":"tag-piattaforma-creazione-realta-virtuale","10":"tag-programma-creazione-realta-virtuale","11":"tag-realta-virtuale","12":"tag-software-creazione-realta-virtuale","13":"tag-soluzione-creazione-realta-virtuale"},"wppr_data":{"cwp_meta_box_check":"No"},"acf":[],"yoast_head":"<!-- This site is optimized with the Yoast SEO plugin v27.4 - https:\/\/yoast.com\/product\/yoast-seo-wordpress\/ -->\n<title>Peek: recensione software creazione realt\u00e0 virtuale - Accurate Reviews<\/title>\n<meta name=\"description\" content=\"Peek: recensione software progettato specificamente per tour e operatori di attivit\u00e0 virtuali per aumentare le prenotazioni.\" \/>\n<meta name=\"robots\" content=\"index, follow, max-snippet:-1, max-image-preview:large, max-video-preview:-1\" \/>\n<link rel=\"canonical\" href=\"https:\/\/www.accuratereviews.com\/it\/software-per-creare-realta-virtuale\/peek-recensione\/\" \/>\n<meta property=\"og:locale\" content=\"it_IT\" \/>\n<meta property=\"og:type\" content=\"article\" \/>\n<meta property=\"og:title\" content=\"Peek: recensione software creazione realt\u00e0 virtuale - Accurate Reviews\" \/>\n<meta property=\"og:description\" content=\"Peek: recensione software progettato specificamente per tour e operatori di attivit\u00e0 virtuali per aumentare le prenotazioni.\" \/>\n<meta property=\"og:url\" content=\"https:\/\/www.accuratereviews.com\/it\/software-per-creare-realta-virtuale\/peek-recensione\/\" \/>\n<meta property=\"og:site_name\" content=\"Accurate Reviews\" \/>\n<meta property=\"article:modified_time\" content=\"2022-07-24T20:10:33+00:00\" \/>\n<meta property=\"og:image\" content=\"https:\/\/www.accuratereviews.com\/wp-content\/uploads\/2022\/07\/Schermata-2022-07-20-alle-09.48.30.png\" \/>\n\t<meta property=\"og:image:width\" content=\"630\" \/>\n\t<meta property=\"og:image:height\" content=\"302\" \/>\n\t<meta property=\"og:image:type\" content=\"image\/png\" \/>\n<meta name=\"twitter:card\" content=\"summary_large_image\" \/>\n<meta name=\"twitter:label1\" content=\"Tempo di lettura stimato\" \/>\n\t<meta name=\"twitter:data1\" content=\"2 minuti\" \/>\n<script type=\"application\/ld+json\" class=\"yoast-schema-graph\">{\"@context\":\"https:\\\/\\\/schema.org\",\"@graph\":[{\"@type\":\"WebPage\",\"@id\":\"https:\\\/\\\/www.accuratereviews.com\\\/it\\\/software-per-creare-realta-virtuale\\\/peek-recensione\\\/\",\"url\":\"https:\\\/\\\/www.accuratereviews.com\\\/it\\\/software-per-creare-realta-virtuale\\\/peek-recensione\\\/\",\"name\":\"Peek: recensione software creazione realt\u00e0 virtuale - Accurate Reviews\",\"isPartOf\":{\"@id\":\"https:\\\/\\\/www.accuratereviews.com\\\/it\\\/#website\"},\"primaryImageOfPage\":{\"@id\":\"https:\\\/\\\/www.accuratereviews.com\\\/it\\\/software-per-creare-realta-virtuale\\\/peek-recensione\\\/#primaryimage\"},\"image\":{\"@id\":\"https:\\\/\\\/www.accuratereviews.com\\\/it\\\/software-per-creare-realta-virtuale\\\/peek-recensione\\\/#primaryimage\"},\"thumbnailUrl\":\"https:\\\/\\\/www.accuratereviews.com\\\/wp-content\\\/uploads\\\/2022\\\/07\\\/Schermata-2022-07-20-alle-09.48.30.png\",\"datePublished\":\"2022-07-20T09:26:33+00:00\",\"dateModified\":\"2022-07-24T20:10:33+00:00\",\"description\":\"Peek: recensione software progettato specificamente per tour e operatori di attivit\u00e0 virtuali per aumentare le prenotazioni.\",\"breadcrumb\":{\"@id\":\"https:\\\/\\\/www.accuratereviews.com\\\/it\\\/software-per-creare-realta-virtuale\\\/peek-recensione\\\/#breadcrumb\"},\"inLanguage\":\"it-IT\",\"potentialAction\":[{\"@type\":\"ReadAction\",\"target\":[\"https:\\\/\\\/www.accuratereviews.com\\\/it\\\/software-per-creare-realta-virtuale\\\/peek-recensione\\\/\"]}]},{\"@type\":\"ImageObject\",\"inLanguage\":\"it-IT\",\"@id\":\"https:\\\/\\\/www.accuratereviews.com\\\/it\\\/software-per-creare-realta-virtuale\\\/peek-recensione\\\/#primaryimage\",\"url\":\"https:\\\/\\\/www.accuratereviews.com\\\/wp-content\\\/uploads\\\/2022\\\/07\\\/Schermata-2022-07-20-alle-09.48.30.png\",\"contentUrl\":\"https:\\\/\\\/www.accuratereviews.com\\\/wp-content\\\/uploads\\\/2022\\\/07\\\/Schermata-2022-07-20-alle-09.48.30.png\",\"width\":630,\"height\":302},{\"@type\":\"BreadcrumbList\",\"@id\":\"https:\\\/\\\/www.accuratereviews.com\\\/it\\\/software-per-creare-realta-virtuale\\\/peek-recensione\\\/#breadcrumb\",\"itemListElement\":[{\"@type\":\"ListItem\",\"position\":1,\"name\":\"Home\",\"item\":\"https:\\\/\\\/www.accuratereviews.com\\\/it\\\/\"},{\"@type\":\"ListItem\",\"position\":2,\"name\":\"Software per creare realt\u00e0 virtuale\",\"item\":\"https:\\\/\\\/www.accuratereviews.com\\\/it\\\/software-per-creare-realta-virtuale\\\/\"},{\"@type\":\"ListItem\",\"position\":3,\"name\":\"Peek\"}]},{\"@type\":\"WebSite\",\"@id\":\"https:\\\/\\\/www.accuratereviews.com\\\/it\\\/#website\",\"url\":\"https:\\\/\\\/www.accuratereviews.com\\\/it\\\/\",\"name\":\"Accurate Reviews\",\"description\":\"\",\"potentialAction\":[{\"@type\":\"SearchAction\",\"target\":{\"@type\":\"EntryPoint\",\"urlTemplate\":\"https:\\\/\\\/www.accuratereviews.com\\\/it\\\/?s={search_term_string}\"},\"query-input\":{\"@type\":\"PropertyValueSpecification\",\"valueRequired\":true,\"valueName\":\"search_term_string\"}}],\"inLanguage\":\"it-IT\"}]}<\/script>\n<!-- \/ Yoast SEO plugin. -->","yoast_head_json":{"title":"Peek: recensione software creazione realt\u00e0 virtuale - Accurate Reviews","description":"Peek: recensione software progettato specificamente per tour e operatori di attivit\u00e0 virtuali per aumentare le prenotazioni.","robots":{"index":"index","follow":"follow","max-snippet":"max-snippet:-1","max-image-preview":"max-image-preview:large","max-video-preview":"max-video-preview:-1"},"canonical":"https:\/\/www.accuratereviews.com\/it\/software-per-creare-realta-virtuale\/peek-recensione\/","og_locale":"it_IT","og_type":"article","og_title":"Peek: recensione software creazione realt\u00e0 virtuale - Accurate Reviews","og_description":"Peek: recensione software progettato specificamente per tour e operatori di attivit\u00e0 virtuali per aumentare le prenotazioni.","og_url":"https:\/\/www.accuratereviews.com\/it\/software-per-creare-realta-virtuale\/peek-recensione\/","og_site_name":"Accurate Reviews","article_modified_time":"2022-07-24T20:10:33+00:00","og_image":[{"width":630,"height":302,"url":"https:\/\/www.accuratereviews.com\/wp-content\/uploads\/2022\/07\/Schermata-2022-07-20-alle-09.48.30.png","type":"image\/png"}],"twitter_card":"summary_large_image","twitter_misc":{"Tempo di lettura stimato":"2 minuti"},"schema":{"@context":"https:\/\/schema.org","@graph":[{"@type":"WebPage","@id":"https:\/\/www.accuratereviews.com\/it\/software-per-creare-realta-virtuale\/peek-recensione\/","url":"https:\/\/www.accuratereviews.com\/it\/software-per-creare-realta-virtuale\/peek-recensione\/","name":"Peek: recensione software creazione realt\u00e0 virtuale - Accurate Reviews","isPartOf":{"@id":"https:\/\/www.accuratereviews.com\/it\/#website"},"primaryImageOfPage":{"@id":"https:\/\/www.accuratereviews.com\/it\/software-per-creare-realta-virtuale\/peek-recensione\/#primaryimage"},"image":{"@id":"https:\/\/www.accuratereviews.com\/it\/software-per-creare-realta-virtuale\/peek-recensione\/#primaryimage"},"thumbnailUrl":"https:\/\/www.accuratereviews.com\/wp-content\/uploads\/2022\/07\/Schermata-2022-07-20-alle-09.48.30.png","datePublished":"2022-07-20T09:26:33+00:00","dateModified":"2022-07-24T20:10:33+00:00","description":"Peek: recensione software progettato specificamente per tour e operatori di attivit\u00e0 virtuali per aumentare le prenotazioni.","breadcrumb":{"@id":"https:\/\/www.accuratereviews.com\/it\/software-per-creare-realta-virtuale\/peek-recensione\/#breadcrumb"},"inLanguage":"it-IT","potentialAction":[{"@type":"ReadAction","target":["https:\/\/www.accuratereviews.com\/it\/software-per-creare-realta-virtuale\/peek-recensione\/"]}]},{"@type":"ImageObject","inLanguage":"it-IT","@id":"https:\/\/www.accuratereviews.com\/it\/software-per-creare-realta-virtuale\/peek-recensione\/#primaryimage","url":"https:\/\/www.accuratereviews.com\/wp-content\/uploads\/2022\/07\/Schermata-2022-07-20-alle-09.48.30.png","contentUrl":"https:\/\/www.accuratereviews.com\/wp-content\/uploads\/2022\/07\/Schermata-2022-07-20-alle-09.48.30.png","width":630,"height":302},{"@type":"BreadcrumbList","@id":"https:\/\/www.accuratereviews.com\/it\/software-per-creare-realta-virtuale\/peek-recensione\/#breadcrumb","itemListElement":[{"@type":"ListItem","position":1,"name":"Home","item":"https:\/\/www.accuratereviews.com\/it\/"},{"@type":"ListItem","position":2,"name":"Software per creare realt\u00e0 virtuale","item":"https:\/\/www.accuratereviews.com\/it\/software-per-creare-realta-virtuale\/"},{"@type":"ListItem","position":3,"name":"Peek"}]},{"@type":"WebSite","@id":"https:\/\/www.accuratereviews.com\/it\/#website","url":"https:\/\/www.accuratereviews.com\/it\/","name":"Accurate Reviews","description":"","potentialAction":[{"@type":"SearchAction","target":{"@type":"EntryPoint","urlTemplate":"https:\/\/www.accuratereviews.com\/it\/?s={search_term_string}"},"query-input":{"@type":"PropertyValueSpecification","valueRequired":true,"valueName":"search_term_string"}}],"inLanguage":"it-IT"}]}},"_links":{"self":[{"href":"https:\/\/www.accuratereviews.com\/it\/wp-json\/wp\/v2\/pages\/59813","targetHints":{"allow":["GET"]}}],"collection":[{"href":"https:\/\/www.accuratereviews.com\/it\/wp-json\/wp\/v2\/pages"}],"about":[{"href":"https:\/\/www.accuratereviews.com\/it\/wp-json\/wp\/v2\/types\/page"}],"author":[{"embeddable":true,"href":"https:\/\/www.accuratereviews.com\/it\/wp-json\/wp\/v2\/users\/16"}],"replies":[{"embeddable":true,"href":"https:\/\/www.accuratereviews.com\/it\/wp-json\/wp\/v2\/comments?post=59813"}],"version-history":[{"count":8,"href":"https:\/\/www.accuratereviews.com\/it\/wp-json\/wp\/v2\/pages\/59813\/revisions"}],"predecessor-version":[{"id":59919,"href":"https:\/\/www.accuratereviews.com\/it\/wp-json\/wp\/v2\/pages\/59813\/revisions\/59919"}],"up":[{"embeddable":true,"href":"https:\/\/www.accuratereviews.com\/it\/wp-json\/wp\/v2\/pages\/59336"}],"wp:featuredmedia":[{"embeddable":true,"href":"https:\/\/www.accuratereviews.com\/it\/wp-json\/wp\/v2\/media\/59815"}],"wp:attachment":[{"href":"https:\/\/www.accuratereviews.com\/it\/wp-json\/wp\/v2\/media?parent=59813"}],"wp:term":[{"taxonomy":"category","embeddable":true,"href":"https:\/\/www.accuratereviews.com\/it\/wp-json\/wp\/v2\/categories?post=59813"},{"taxonomy":"post_tag","embeddable":true,"href":"https:\/\/www.accuratereviews.com\/it\/wp-json\/wp\/v2\/tags?post=59813"},{"taxonomy":"features","embeddable":true,"href":"https:\/\/www.accuratereviews.com\/it\/wp-json\/wp\/v2\/features?post=59813"}],"curies":[{"name":"wp","href":"https:\/\/api.w.org\/{rel}","templated":true}]}}