{"id":5983,"date":"2015-11-30T16:50:04","date_gmt":"2015-11-30T16:50:04","guid":{"rendered":"http:\/\/www.accuratereviews.com\/it\/crm-software-migliori-lista\/salesjunction\/"},"modified":"2016-11-14T16:32:38","modified_gmt":"2016-11-14T16:32:38","slug":"salesjunction","status":"publish","type":"page","link":"https:\/\/www.accuratereviews.com\/it\/crm-software-migliori-lista\/salesjunction\/","title":{"rendered":"SalesJunction"},"content":{"rendered":"<p><a href=\"http:\/\/www.accuratereviews.com\/wp-content\/uploads\/2015\/11\/screenshot-www-salesjunction-com-2015-11-30-17-21-14.png\"><img loading=\"lazy\" decoding=\"async\" class=\"alignnone size-full wp-image-2322\" src=\"http:\/\/www.accuratereviews.com\/wp-content\/uploads\/2015\/11\/screenshot-www-salesjunction-com-2015-11-30-17-21-14.png\" alt=\"SalesJunction_homepage\" width=\"1268\" height=\"1061\" srcset=\"https:\/\/www.accuratereviews.com\/wp-content\/uploads\/2015\/11\/screenshot-www-salesjunction-com-2015-11-30-17-21-14.png 1268w, https:\/\/www.accuratereviews.com\/wp-content\/uploads\/2015\/11\/screenshot-www-salesjunction-com-2015-11-30-17-21-14-300x251.png 300w, https:\/\/www.accuratereviews.com\/wp-content\/uploads\/2015\/11\/screenshot-www-salesjunction-com-2015-11-30-17-21-14-1024x857.png 1024w, https:\/\/www.accuratereviews.com\/wp-content\/uploads\/2015\/11\/screenshot-www-salesjunction-com-2015-11-30-17-21-14-149x125.png 149w, https:\/\/www.accuratereviews.com\/wp-content\/uploads\/2015\/11\/screenshot-www-salesjunction-com-2015-11-30-17-21-14-50x42.png 50w, https:\/\/www.accuratereviews.com\/wp-content\/uploads\/2015\/11\/screenshot-www-salesjunction-com-2015-11-30-17-21-14-968x810.png 968w, https:\/\/www.accuratereviews.com\/wp-content\/uploads\/2015\/11\/screenshot-www-salesjunction-com-2015-11-30-17-21-14-636x532.png 636w, https:\/\/www.accuratereviews.com\/wp-content\/uploads\/2015\/11\/screenshot-www-salesjunction-com-2015-11-30-17-21-14-320x268.png 320w, https:\/\/www.accuratereviews.com\/wp-content\/uploads\/2015\/11\/screenshot-www-salesjunction-com-2015-11-30-17-21-14-239x200.png 239w\" sizes=\"auto, (max-width: 1268px) 100vw, 1268px\" \/><\/a><\/p>\n<p><strong>SalesJunction \u00e8 un software per la vendita e il CRM pensato per piccole aziende<\/strong>: a un prezzo pi\u00f9 che competitivo offre spazio illimitato per i vostri file, email gratuite e supporto telefonico, cercando di soddisfare le necessit\u00e0 di qualsiasi startup o piccola azienda. <strong>Sebbene ricco di funzionalit\u00e0, \u00e8 un po\u2019 difficile da padroneggiare<\/strong>, e manca di localizzazione in lingue diverse dall\u2019inglese.<\/p>\n<p>Per maggiori informazioni vi rimandiamo alla <a href=\"https:\/\/www.accuratereviews.com\/best-crm-reviews-list\/salesjunction\/\" title=\"recensione in lingua inglese\">recensione in lingua inglese<\/a>.<\/p>\n","protected":false},"excerpt":{"rendered":"<p>SalesJunction is a sales automation software and CRM tool designed for small business and very affordable priced. Without annual contracts, offering unlimited storage, free monthly emails and phone support service, this platform definitely aims to fulfill all the major needs of startup, small and midsized companies. <\/p>\n","protected":false},"author":16,"featured_media":0,"parent":5966,"menu_order":0,"comment_status":"open","ping_status":"closed","template":"g1_template_page_review_new.php","meta":{"_acf_changed":false,"cwp_meta_box_check":"No","cwp_rev_product_name":"","cwp_rev_product_image":"","wppr_links":[],"cwp_rev_price":"","wppr_options":[],"wppr_pros":[],"wppr_cons":[],"_monsterinsights_skip_tracking":false,"_monsterinsights_sitenote_active":false,"_monsterinsights_sitenote_note":"","_monsterinsights_sitenote_category":0,"footnotes":""},"categories":[120],"tags":[],"features":[],"class_list":{"0":"post-5983","1":"page","2":"type-page","3":"status-publish","5":"category-crm-it"},"wppr_data":{"cwp_meta_box_check":"No","cwp_rev_product_name":"","cwp_rev_product_image":"","cwp_image_link":"image","cwp_rev_price":""},"acf":[],"yoast_head":"<!-- This site is optimized with the Yoast SEO plugin v27.4 - https:\/\/yoast.com\/product\/yoast-seo-wordpress\/ -->\n<title>SalesJunction recensione miglior servizio di CRM | Accurate Reviews<\/title>\n<meta name=\"description\" content=\"SalesJunction \u00e8 un software per la vendita e il CRM pensato per piccole aziende: a un prezzo pi\u00f9 che competitivo offre spazio illimitato per i vostri file...\" \/>\n<meta name=\"robots\" content=\"index, follow, max-snippet:-1, max-image-preview:large, max-video-preview:-1\" \/>\n<link rel=\"canonical\" href=\"https:\/\/www.accuratereviews.com\/it\/crm-software-migliori-lista\/salesjunction\/\" \/>\n<meta property=\"og:locale\" content=\"it_IT\" \/>\n<meta property=\"og:type\" content=\"article\" \/>\n<meta property=\"og:title\" content=\"SalesJunction recensione miglior servizio di CRM | Accurate Reviews\" \/>\n<meta property=\"og:description\" content=\"SalesJunction \u00e8 un software per la vendita e il CRM pensato per piccole aziende: a un prezzo pi\u00f9 che competitivo offre spazio illimitato per i vostri file...\" \/>\n<meta property=\"og:url\" content=\"https:\/\/www.accuratereviews.com\/it\/crm-software-migliori-lista\/salesjunction\/\" \/>\n<meta property=\"og:site_name\" content=\"Accurate Reviews\" \/>\n<meta property=\"article:modified_time\" content=\"2016-11-14T16:32:38+00:00\" \/>\n<meta property=\"og:image\" content=\"http:\/\/www.accuratereviews.com\/wp-content\/uploads\/2015\/11\/screenshot-www-salesjunction-com-2015-11-30-17-21-14.png\" \/>\n<meta name=\"twitter:card\" content=\"summary_large_image\" \/>\n<script type=\"application\/ld+json\" class=\"yoast-schema-graph\">{\"@context\":\"https:\\\/\\\/schema.org\",\"@graph\":[{\"@type\":\"WebPage\",\"@id\":\"https:\\\/\\\/www.accuratereviews.com\\\/it\\\/crm-software-migliori-lista\\\/salesjunction\\\/\",\"url\":\"https:\\\/\\\/www.accuratereviews.com\\\/it\\\/crm-software-migliori-lista\\\/salesjunction\\\/\",\"name\":\"SalesJunction recensione miglior servizio di CRM | Accurate Reviews\",\"isPartOf\":{\"@id\":\"https:\\\/\\\/www.accuratereviews.com\\\/it\\\/#website\"},\"primaryImageOfPage\":{\"@id\":\"https:\\\/\\\/www.accuratereviews.com\\\/it\\\/crm-software-migliori-lista\\\/salesjunction\\\/#primaryimage\"},\"image\":{\"@id\":\"https:\\\/\\\/www.accuratereviews.com\\\/it\\\/crm-software-migliori-lista\\\/salesjunction\\\/#primaryimage\"},\"thumbnailUrl\":\"http:\\\/\\\/www.accuratereviews.com\\\/wp-content\\\/uploads\\\/2015\\\/11\\\/screenshot-www-salesjunction-com-2015-11-30-17-21-14.png\",\"datePublished\":\"2015-11-30T16:50:04+00:00\",\"dateModified\":\"2016-11-14T16:32:38+00:00\",\"description\":\"SalesJunction \u00e8 un software per la vendita e il CRM pensato per piccole aziende: a un prezzo pi\u00f9 che competitivo offre spazio illimitato per i vostri file...\",\"breadcrumb\":{\"@id\":\"https:\\\/\\\/www.accuratereviews.com\\\/it\\\/crm-software-migliori-lista\\\/salesjunction\\\/#breadcrumb\"},\"inLanguage\":\"it-IT\",\"potentialAction\":[{\"@type\":\"ReadAction\",\"target\":[\"https:\\\/\\\/www.accuratereviews.com\\\/it\\\/crm-software-migliori-lista\\\/salesjunction\\\/\"]}]},{\"@type\":\"ImageObject\",\"inLanguage\":\"it-IT\",\"@id\":\"https:\\\/\\\/www.accuratereviews.com\\\/it\\\/crm-software-migliori-lista\\\/salesjunction\\\/#primaryimage\",\"url\":\"http:\\\/\\\/www.accuratereviews.com\\\/wp-content\\\/uploads\\\/2015\\\/11\\\/screenshot-www-salesjunction-com-2015-11-30-17-21-14.png\",\"contentUrl\":\"http:\\\/\\\/www.accuratereviews.com\\\/wp-content\\\/uploads\\\/2015\\\/11\\\/screenshot-www-salesjunction-com-2015-11-30-17-21-14.png\"},{\"@type\":\"BreadcrumbList\",\"@id\":\"https:\\\/\\\/www.accuratereviews.com\\\/it\\\/crm-software-migliori-lista\\\/salesjunction\\\/#breadcrumb\",\"itemListElement\":[{\"@type\":\"ListItem\",\"position\":1,\"name\":\"Home\",\"item\":\"https:\\\/\\\/www.accuratereviews.com\\\/it\\\/\"},{\"@type\":\"ListItem\",\"position\":2,\"name\":\"CRM: i software migliori\",\"item\":\"https:\\\/\\\/www.accuratereviews.com\\\/it\\\/crm-software-migliori-lista\\\/\"},{\"@type\":\"ListItem\",\"position\":3,\"name\":\"SalesJunction\"}]},{\"@type\":\"WebSite\",\"@id\":\"https:\\\/\\\/www.accuratereviews.com\\\/it\\\/#website\",\"url\":\"https:\\\/\\\/www.accuratereviews.com\\\/it\\\/\",\"name\":\"Accurate Reviews\",\"description\":\"\",\"potentialAction\":[{\"@type\":\"SearchAction\",\"target\":{\"@type\":\"EntryPoint\",\"urlTemplate\":\"https:\\\/\\\/www.accuratereviews.com\\\/it\\\/?s={search_term_string}\"},\"query-input\":{\"@type\":\"PropertyValueSpecification\",\"valueRequired\":true,\"valueName\":\"search_term_string\"}}],\"inLanguage\":\"it-IT\"}]}<\/script>\n<!-- \/ Yoast SEO plugin. -->","yoast_head_json":{"title":"SalesJunction recensione miglior servizio di CRM | Accurate Reviews","description":"SalesJunction \u00e8 un software per la vendita e il CRM pensato per piccole aziende: a un prezzo pi\u00f9 che competitivo offre spazio illimitato per i vostri file...","robots":{"index":"index","follow":"follow","max-snippet":"max-snippet:-1","max-image-preview":"max-image-preview:large","max-video-preview":"max-video-preview:-1"},"canonical":"https:\/\/www.accuratereviews.com\/it\/crm-software-migliori-lista\/salesjunction\/","og_locale":"it_IT","og_type":"article","og_title":"SalesJunction recensione miglior servizio di CRM | Accurate Reviews","og_description":"SalesJunction \u00e8 un software per la vendita e il CRM pensato per piccole aziende: a un prezzo pi\u00f9 che competitivo offre spazio illimitato per i vostri file...","og_url":"https:\/\/www.accuratereviews.com\/it\/crm-software-migliori-lista\/salesjunction\/","og_site_name":"Accurate Reviews","article_modified_time":"2016-11-14T16:32:38+00:00","og_image":[{"url":"http:\/\/www.accuratereviews.com\/wp-content\/uploads\/2015\/11\/screenshot-www-salesjunction-com-2015-11-30-17-21-14.png","type":"","width":"","height":""}],"twitter_card":"summary_large_image","schema":{"@context":"https:\/\/schema.org","@graph":[{"@type":"WebPage","@id":"https:\/\/www.accuratereviews.com\/it\/crm-software-migliori-lista\/salesjunction\/","url":"https:\/\/www.accuratereviews.com\/it\/crm-software-migliori-lista\/salesjunction\/","name":"SalesJunction recensione miglior servizio di CRM | Accurate Reviews","isPartOf":{"@id":"https:\/\/www.accuratereviews.com\/it\/#website"},"primaryImageOfPage":{"@id":"https:\/\/www.accuratereviews.com\/it\/crm-software-migliori-lista\/salesjunction\/#primaryimage"},"image":{"@id":"https:\/\/www.accuratereviews.com\/it\/crm-software-migliori-lista\/salesjunction\/#primaryimage"},"thumbnailUrl":"http:\/\/www.accuratereviews.com\/wp-content\/uploads\/2015\/11\/screenshot-www-salesjunction-com-2015-11-30-17-21-14.png","datePublished":"2015-11-30T16:50:04+00:00","dateModified":"2016-11-14T16:32:38+00:00","description":"SalesJunction \u00e8 un software per la vendita e il CRM pensato per piccole aziende: a un prezzo pi\u00f9 che competitivo offre spazio illimitato per i vostri file...","breadcrumb":{"@id":"https:\/\/www.accuratereviews.com\/it\/crm-software-migliori-lista\/salesjunction\/#breadcrumb"},"inLanguage":"it-IT","potentialAction":[{"@type":"ReadAction","target":["https:\/\/www.accuratereviews.com\/it\/crm-software-migliori-lista\/salesjunction\/"]}]},{"@type":"ImageObject","inLanguage":"it-IT","@id":"https:\/\/www.accuratereviews.com\/it\/crm-software-migliori-lista\/salesjunction\/#primaryimage","url":"http:\/\/www.accuratereviews.com\/wp-content\/uploads\/2015\/11\/screenshot-www-salesjunction-com-2015-11-30-17-21-14.png","contentUrl":"http:\/\/www.accuratereviews.com\/wp-content\/uploads\/2015\/11\/screenshot-www-salesjunction-com-2015-11-30-17-21-14.png"},{"@type":"BreadcrumbList","@id":"https:\/\/www.accuratereviews.com\/it\/crm-software-migliori-lista\/salesjunction\/#breadcrumb","itemListElement":[{"@type":"ListItem","position":1,"name":"Home","item":"https:\/\/www.accuratereviews.com\/it\/"},{"@type":"ListItem","position":2,"name":"CRM: i software migliori","item":"https:\/\/www.accuratereviews.com\/it\/crm-software-migliori-lista\/"},{"@type":"ListItem","position":3,"name":"SalesJunction"}]},{"@type":"WebSite","@id":"https:\/\/www.accuratereviews.com\/it\/#website","url":"https:\/\/www.accuratereviews.com\/it\/","name":"Accurate Reviews","description":"","potentialAction":[{"@type":"SearchAction","target":{"@type":"EntryPoint","urlTemplate":"https:\/\/www.accuratereviews.com\/it\/?s={search_term_string}"},"query-input":{"@type":"PropertyValueSpecification","valueRequired":true,"valueName":"search_term_string"}}],"inLanguage":"it-IT"}]}},"_links":{"self":[{"href":"https:\/\/www.accuratereviews.com\/it\/wp-json\/wp\/v2\/pages\/5983","targetHints":{"allow":["GET"]}}],"collection":[{"href":"https:\/\/www.accuratereviews.com\/it\/wp-json\/wp\/v2\/pages"}],"about":[{"href":"https:\/\/www.accuratereviews.com\/it\/wp-json\/wp\/v2\/types\/page"}],"author":[{"embeddable":true,"href":"https:\/\/www.accuratereviews.com\/it\/wp-json\/wp\/v2\/users\/16"}],"replies":[{"embeddable":true,"href":"https:\/\/www.accuratereviews.com\/it\/wp-json\/wp\/v2\/comments?post=5983"}],"version-history":[{"count":4,"href":"https:\/\/www.accuratereviews.com\/it\/wp-json\/wp\/v2\/pages\/5983\/revisions"}],"predecessor-version":[{"id":6382,"href":"https:\/\/www.accuratereviews.com\/it\/wp-json\/wp\/v2\/pages\/5983\/revisions\/6382"}],"up":[{"embeddable":true,"href":"https:\/\/www.accuratereviews.com\/it\/wp-json\/wp\/v2\/pages\/5966"}],"wp:attachment":[{"href":"https:\/\/www.accuratereviews.com\/it\/wp-json\/wp\/v2\/media?parent=5983"}],"wp:term":[{"taxonomy":"category","embeddable":true,"href":"https:\/\/www.accuratereviews.com\/it\/wp-json\/wp\/v2\/categories?post=5983"},{"taxonomy":"post_tag","embeddable":true,"href":"https:\/\/www.accuratereviews.com\/it\/wp-json\/wp\/v2\/tags?post=5983"},{"taxonomy":"features","embeddable":true,"href":"https:\/\/www.accuratereviews.com\/it\/wp-json\/wp\/v2\/features?post=5983"}],"curies":[{"name":"wp","href":"https:\/\/api.w.org\/{rel}","templated":true}]}}