{"id":5987,"date":"2016-06-15T08:12:23","date_gmt":"2016-06-15T08:12:23","guid":{"rendered":"http:\/\/www.accuratereviews.com\/it\/client-di-posta-i-migliori-software-lista\/apple-mail\/"},"modified":"2021-04-16T20:03:22","modified_gmt":"2021-04-16T20:03:22","slug":"apple-mail","status":"publish","type":"page","link":"https:\/\/www.accuratereviews.com\/it\/client-di-posta\/apple-mail\/","title":{"rendered":"Apple Mail"},"content":{"rendered":"<div id=\"attachment_4865\" style=\"width: 1464px\" class=\"wp-caption alignright\"><img loading=\"lazy\" decoding=\"async\" aria-describedby=\"caption-attachment-4865\" class=\"size-full wp-image-4865\" src=\"http:\/\/www.accuratereviews.com\/wp-content\/uploads\/2016\/06\/apple-mail.jpeg\" alt=\"As with all its apps, Apple made sure that Mail is fully functioning in full screen mode.\" width=\"1454\" height=\"908\" srcset=\"https:\/\/www.accuratereviews.com\/wp-content\/uploads\/2016\/06\/apple-mail.jpeg 1454w, https:\/\/www.accuratereviews.com\/wp-content\/uploads\/2016\/06\/apple-mail-300x187.jpeg 300w, https:\/\/www.accuratereviews.com\/wp-content\/uploads\/2016\/06\/apple-mail-768x480.jpeg 768w, https:\/\/www.accuratereviews.com\/wp-content\/uploads\/2016\/06\/apple-mail-1024x639.jpeg 1024w, https:\/\/www.accuratereviews.com\/wp-content\/uploads\/2016\/06\/apple-mail-200x125.jpeg 200w, https:\/\/www.accuratereviews.com\/wp-content\/uploads\/2016\/06\/apple-mail-50x31.jpeg 50w, https:\/\/www.accuratereviews.com\/wp-content\/uploads\/2016\/06\/apple-mail-968x605.jpeg 968w, https:\/\/www.accuratereviews.com\/wp-content\/uploads\/2016\/06\/apple-mail-636x397.jpeg 636w, https:\/\/www.accuratereviews.com\/wp-content\/uploads\/2016\/06\/apple-mail-320x200.jpeg 320w, https:\/\/www.accuratereviews.com\/wp-content\/uploads\/2016\/06\/apple-mail-239x149.jpeg 239w\" sizes=\"auto, (max-width: 1454px) 100vw, 1454px\" \/><p id=\"caption-attachment-4865\" class=\"wp-caption-text\">Come per tutte le sue app, Apple ha fatto in modo che Mail funzionasse alla perfezione in modalit\u00e0 tutto schermo.<\/p><\/div>\n<p>Quando comprate un nuovo Mac, trovate comprese nel computer, gratis, una serie di buone app: potete comporre i vostri filmati con iMovie, registrare le vostre canzoni con GarageBand, e restare in contatto con i vostri amici e la vostra famiglia con <strong>Mail, l\u2019app principale per gestire la posta<\/strong>. Certo, come con altri prodotti base di Apple, pu\u00f2 sembrare software fin troppo limitato, con poche funzionalit\u00e0 per gestire al meglio le vostre email, ma in realt\u00e0 \u00e8 <strong>un ottimo client di posta<\/strong>. E soprattutto, \u00e8 gratuito.<\/p>\n<p><strong>Con Mail potete gestire pi\u00f9 di un account, che siano POP3 o IMAP<\/strong>. Potete creare delle cartelle e sottocartelle per archiviare le vostre email, e impostare delle regole perch\u00e9 siano organizzate secondo quello che volete. Dobbiamo avvisare per\u00f2 che <strong>se siete utenti esperti Apple Mail potrebbe non essere il software giusto per voi<\/strong>. Si tratta infatti di software a malapena professionale, nel senso che gestisce efficacemente le vostre comunicazioni, ma poco altro.<\/p>\n<p>La nota positiva per\u00f2 \u00e8 che <strong>potete personalizzare Mail con alcuni plugin che potete trovare facilmente sul web<\/strong>, pertanto non tutto \u00e8 perduto.<\/p>\n","protected":false},"excerpt":{"rendered":"<p>Quando comprate un nuovo Mac, trovate comprese nel computer, gratis, una serie di buone app: potete comporre i vostri filmati con iMovie, registrare le vostre canzoni con GarageBand, e restare in contatto con i vostri amici e la vostra famiglia con Mail, l\u2019app principale per gestire la posta. <\/p>\n","protected":false},"author":16,"featured_media":0,"parent":5913,"menu_order":13,"comment_status":"open","ping_status":"closed","template":"g1_template_page_review_new.php","meta":{"_acf_changed":false,"cwp_meta_box_check":"Yes","cwp_rev_product_name":"","cwp_rev_product_image":"","wppr_links":[],"cwp_rev_price":"","wppr_options":[],"wppr_pros":[],"wppr_cons":[],"_monsterinsights_skip_tracking":false,"_monsterinsights_sitenote_active":false,"_monsterinsights_sitenote_note":"","_monsterinsights_sitenote_category":0,"footnotes":""},"categories":[119,5594,5675],"tags":[],"features":[],"class_list":{"0":"post-5987","1":"page","2":"type-page","3":"status-publish","5":"category-i-migliori-client-di-posta","6":"category-client-di-posta-per-dispositivi-mobile-categoria","7":"category-client-di-posta-per-mac-categoria"},"wppr_data":{"cwp_meta_box_check":"Yes","cwp_rev_product_name":"","cwp_rev_product_image":"","cwp_image_link":"image","cwp_rev_price":"","wppr_rating":"0.00"},"acf":[],"yoast_head":"<!-- This site is optimized with the Yoast SEO plugin v27.4 - https:\/\/yoast.com\/product\/yoast-seo-wordpress\/ -->\n<title>Apple Mail recensione miglior client di posta per Mac | Accurate Reviews<\/title>\n<meta name=\"description\" content=\"Mail \u00e8 l\u2019app principale per gestire la posta su Mac. Pu\u00f2 sembrare un software fin troppo limitato, ma in realt\u00e0 \u00e8 un ottimo client di posta.\" \/>\n<meta name=\"robots\" content=\"index, follow, max-snippet:-1, max-image-preview:large, max-video-preview:-1\" \/>\n<link rel=\"canonical\" href=\"https:\/\/www.accuratereviews.com\/it\/client-di-posta\/apple-mail\/\" \/>\n<meta property=\"og:locale\" content=\"it_IT\" \/>\n<meta property=\"og:type\" content=\"article\" \/>\n<meta property=\"og:title\" content=\"Apple Mail recensione miglior client di posta per Mac | Accurate Reviews\" \/>\n<meta property=\"og:description\" content=\"Mail \u00e8 l\u2019app principale per gestire la posta su Mac. Pu\u00f2 sembrare un software fin troppo limitato, ma in realt\u00e0 \u00e8 un ottimo client di posta.\" \/>\n<meta property=\"og:url\" content=\"https:\/\/www.accuratereviews.com\/it\/client-di-posta\/apple-mail\/\" \/>\n<meta property=\"og:site_name\" content=\"Accurate Reviews\" \/>\n<meta property=\"article:modified_time\" content=\"2021-04-16T20:03:22+00:00\" \/>\n<meta property=\"og:image\" content=\"http:\/\/www.accuratereviews.com\/wp-content\/uploads\/2016\/06\/apple-mail.jpeg\" \/>\n<meta name=\"twitter:card\" content=\"summary_large_image\" \/>\n<meta name=\"twitter:label1\" content=\"Tempo di lettura stimato\" \/>\n\t<meta name=\"twitter:data1\" content=\"1 minuto\" \/>\n<script type=\"application\/ld+json\" class=\"yoast-schema-graph\">{\"@context\":\"https:\\\/\\\/schema.org\",\"@graph\":[{\"@type\":\"WebPage\",\"@id\":\"https:\\\/\\\/www.accuratereviews.com\\\/it\\\/client-di-posta\\\/apple-mail\\\/\",\"url\":\"https:\\\/\\\/www.accuratereviews.com\\\/it\\\/client-di-posta\\\/apple-mail\\\/\",\"name\":\"Apple Mail recensione miglior client di posta per Mac | Accurate Reviews\",\"isPartOf\":{\"@id\":\"https:\\\/\\\/www.accuratereviews.com\\\/it\\\/#website\"},\"primaryImageOfPage\":{\"@id\":\"https:\\\/\\\/www.accuratereviews.com\\\/it\\\/client-di-posta\\\/apple-mail\\\/#primaryimage\"},\"image\":{\"@id\":\"https:\\\/\\\/www.accuratereviews.com\\\/it\\\/client-di-posta\\\/apple-mail\\\/#primaryimage\"},\"thumbnailUrl\":\"http:\\\/\\\/www.accuratereviews.com\\\/wp-content\\\/uploads\\\/2016\\\/06\\\/apple-mail.jpeg\",\"datePublished\":\"2016-06-15T08:12:23+00:00\",\"dateModified\":\"2021-04-16T20:03:22+00:00\",\"description\":\"Mail \u00e8 l\u2019app principale per gestire la posta su Mac. Pu\u00f2 sembrare un software fin troppo limitato, ma in realt\u00e0 \u00e8 un ottimo client di posta.\",\"breadcrumb\":{\"@id\":\"https:\\\/\\\/www.accuratereviews.com\\\/it\\\/client-di-posta\\\/apple-mail\\\/#breadcrumb\"},\"inLanguage\":\"it-IT\",\"potentialAction\":[{\"@type\":\"ReadAction\",\"target\":[\"https:\\\/\\\/www.accuratereviews.com\\\/it\\\/client-di-posta\\\/apple-mail\\\/\"]}]},{\"@type\":\"ImageObject\",\"inLanguage\":\"it-IT\",\"@id\":\"https:\\\/\\\/www.accuratereviews.com\\\/it\\\/client-di-posta\\\/apple-mail\\\/#primaryimage\",\"url\":\"http:\\\/\\\/www.accuratereviews.com\\\/wp-content\\\/uploads\\\/2016\\\/06\\\/apple-mail.jpeg\",\"contentUrl\":\"http:\\\/\\\/www.accuratereviews.com\\\/wp-content\\\/uploads\\\/2016\\\/06\\\/apple-mail.jpeg\"},{\"@type\":\"BreadcrumbList\",\"@id\":\"https:\\\/\\\/www.accuratereviews.com\\\/it\\\/client-di-posta\\\/apple-mail\\\/#breadcrumb\",\"itemListElement\":[{\"@type\":\"ListItem\",\"position\":1,\"name\":\"Home\",\"item\":\"https:\\\/\\\/www.accuratereviews.com\\\/it\\\/\"},{\"@type\":\"ListItem\",\"position\":2,\"name\":\"Client di posta\",\"item\":\"https:\\\/\\\/www.accuratereviews.com\\\/it\\\/client-di-posta\\\/\"},{\"@type\":\"ListItem\",\"position\":3,\"name\":\"Apple Mail\"}]},{\"@type\":\"WebSite\",\"@id\":\"https:\\\/\\\/www.accuratereviews.com\\\/it\\\/#website\",\"url\":\"https:\\\/\\\/www.accuratereviews.com\\\/it\\\/\",\"name\":\"Accurate Reviews\",\"description\":\"\",\"potentialAction\":[{\"@type\":\"SearchAction\",\"target\":{\"@type\":\"EntryPoint\",\"urlTemplate\":\"https:\\\/\\\/www.accuratereviews.com\\\/it\\\/?s={search_term_string}\"},\"query-input\":{\"@type\":\"PropertyValueSpecification\",\"valueRequired\":true,\"valueName\":\"search_term_string\"}}],\"inLanguage\":\"it-IT\"}]}<\/script>\n<!-- \/ Yoast SEO plugin. -->","yoast_head_json":{"title":"Apple Mail recensione miglior client di posta per Mac | Accurate Reviews","description":"Mail \u00e8 l\u2019app principale per gestire la posta su Mac. Pu\u00f2 sembrare un software fin troppo limitato, ma in realt\u00e0 \u00e8 un ottimo client di posta.","robots":{"index":"index","follow":"follow","max-snippet":"max-snippet:-1","max-image-preview":"max-image-preview:large","max-video-preview":"max-video-preview:-1"},"canonical":"https:\/\/www.accuratereviews.com\/it\/client-di-posta\/apple-mail\/","og_locale":"it_IT","og_type":"article","og_title":"Apple Mail recensione miglior client di posta per Mac | Accurate Reviews","og_description":"Mail \u00e8 l\u2019app principale per gestire la posta su Mac. Pu\u00f2 sembrare un software fin troppo limitato, ma in realt\u00e0 \u00e8 un ottimo client di posta.","og_url":"https:\/\/www.accuratereviews.com\/it\/client-di-posta\/apple-mail\/","og_site_name":"Accurate Reviews","article_modified_time":"2021-04-16T20:03:22+00:00","og_image":[{"url":"http:\/\/www.accuratereviews.com\/wp-content\/uploads\/2016\/06\/apple-mail.jpeg","type":"","width":"","height":""}],"twitter_card":"summary_large_image","twitter_misc":{"Tempo di lettura stimato":"1 minuto"},"schema":{"@context":"https:\/\/schema.org","@graph":[{"@type":"WebPage","@id":"https:\/\/www.accuratereviews.com\/it\/client-di-posta\/apple-mail\/","url":"https:\/\/www.accuratereviews.com\/it\/client-di-posta\/apple-mail\/","name":"Apple Mail recensione miglior client di posta per Mac | Accurate Reviews","isPartOf":{"@id":"https:\/\/www.accuratereviews.com\/it\/#website"},"primaryImageOfPage":{"@id":"https:\/\/www.accuratereviews.com\/it\/client-di-posta\/apple-mail\/#primaryimage"},"image":{"@id":"https:\/\/www.accuratereviews.com\/it\/client-di-posta\/apple-mail\/#primaryimage"},"thumbnailUrl":"http:\/\/www.accuratereviews.com\/wp-content\/uploads\/2016\/06\/apple-mail.jpeg","datePublished":"2016-06-15T08:12:23+00:00","dateModified":"2021-04-16T20:03:22+00:00","description":"Mail \u00e8 l\u2019app principale per gestire la posta su Mac. Pu\u00f2 sembrare un software fin troppo limitato, ma in realt\u00e0 \u00e8 un ottimo client di posta.","breadcrumb":{"@id":"https:\/\/www.accuratereviews.com\/it\/client-di-posta\/apple-mail\/#breadcrumb"},"inLanguage":"it-IT","potentialAction":[{"@type":"ReadAction","target":["https:\/\/www.accuratereviews.com\/it\/client-di-posta\/apple-mail\/"]}]},{"@type":"ImageObject","inLanguage":"it-IT","@id":"https:\/\/www.accuratereviews.com\/it\/client-di-posta\/apple-mail\/#primaryimage","url":"http:\/\/www.accuratereviews.com\/wp-content\/uploads\/2016\/06\/apple-mail.jpeg","contentUrl":"http:\/\/www.accuratereviews.com\/wp-content\/uploads\/2016\/06\/apple-mail.jpeg"},{"@type":"BreadcrumbList","@id":"https:\/\/www.accuratereviews.com\/it\/client-di-posta\/apple-mail\/#breadcrumb","itemListElement":[{"@type":"ListItem","position":1,"name":"Home","item":"https:\/\/www.accuratereviews.com\/it\/"},{"@type":"ListItem","position":2,"name":"Client di posta","item":"https:\/\/www.accuratereviews.com\/it\/client-di-posta\/"},{"@type":"ListItem","position":3,"name":"Apple Mail"}]},{"@type":"WebSite","@id":"https:\/\/www.accuratereviews.com\/it\/#website","url":"https:\/\/www.accuratereviews.com\/it\/","name":"Accurate Reviews","description":"","potentialAction":[{"@type":"SearchAction","target":{"@type":"EntryPoint","urlTemplate":"https:\/\/www.accuratereviews.com\/it\/?s={search_term_string}"},"query-input":{"@type":"PropertyValueSpecification","valueRequired":true,"valueName":"search_term_string"}}],"inLanguage":"it-IT"}]}},"_links":{"self":[{"href":"https:\/\/www.accuratereviews.com\/it\/wp-json\/wp\/v2\/pages\/5987","targetHints":{"allow":["GET"]}}],"collection":[{"href":"https:\/\/www.accuratereviews.com\/it\/wp-json\/wp\/v2\/pages"}],"about":[{"href":"https:\/\/www.accuratereviews.com\/it\/wp-json\/wp\/v2\/types\/page"}],"author":[{"embeddable":true,"href":"https:\/\/www.accuratereviews.com\/it\/wp-json\/wp\/v2\/users\/16"}],"replies":[{"embeddable":true,"href":"https:\/\/www.accuratereviews.com\/it\/wp-json\/wp\/v2\/comments?post=5987"}],"version-history":[{"count":5,"href":"https:\/\/www.accuratereviews.com\/it\/wp-json\/wp\/v2\/pages\/5987\/revisions"}],"predecessor-version":[{"id":40221,"href":"https:\/\/www.accuratereviews.com\/it\/wp-json\/wp\/v2\/pages\/5987\/revisions\/40221"}],"up":[{"embeddable":true,"href":"https:\/\/www.accuratereviews.com\/it\/wp-json\/wp\/v2\/pages\/5913"}],"wp:attachment":[{"href":"https:\/\/www.accuratereviews.com\/it\/wp-json\/wp\/v2\/media?parent=5987"}],"wp:term":[{"taxonomy":"category","embeddable":true,"href":"https:\/\/www.accuratereviews.com\/it\/wp-json\/wp\/v2\/categories?post=5987"},{"taxonomy":"post_tag","embeddable":true,"href":"https:\/\/www.accuratereviews.com\/it\/wp-json\/wp\/v2\/tags?post=5987"},{"taxonomy":"features","embeddable":true,"href":"https:\/\/www.accuratereviews.com\/it\/wp-json\/wp\/v2\/features?post=5987"}],"curies":[{"name":"wp","href":"https:\/\/api.w.org\/{rel}","templated":true}]}}