{"id":5991,"date":"2016-07-14T13:55:00","date_gmt":"2016-07-14T13:55:00","guid":{"rendered":"http:\/\/www.accuratereviews.com\/it\/client-di-posta-i-migliori-software-lista\/microsoft-outlook-2016\/"},"modified":"2021-04-18T17:56:16","modified_gmt":"2021-04-18T17:56:16","slug":"microsoft-outlook-2016","status":"publish","type":"page","link":"https:\/\/www.accuratereviews.com\/it\/client-di-posta\/microsoft-outlook-2016\/","title":{"rendered":"Microsoft Outlook"},"content":{"rendered":"<div id=\"attachment_5200\" style=\"width: 723px\" class=\"wp-caption alignright\"><img loading=\"lazy\" decoding=\"async\" aria-describedby=\"caption-attachment-5200\" class=\"size-full wp-image-5200\" src=\"http:\/\/www.accuratereviews.com\/wp-content\/uploads\/2016\/07\/microsoft-mobilesync.png\" alt=\"Microsoft's investing heavily on the cloud: their apps, especially Outlook, sync seamlessly between devices.\" width=\"713\" height=\"473\" srcset=\"https:\/\/www.accuratereviews.com\/wp-content\/uploads\/2016\/07\/microsoft-mobilesync.png 713w, https:\/\/www.accuratereviews.com\/wp-content\/uploads\/2016\/07\/microsoft-mobilesync-300x199.png 300w, https:\/\/www.accuratereviews.com\/wp-content\/uploads\/2016\/07\/microsoft-mobilesync-188x125.png 188w, https:\/\/www.accuratereviews.com\/wp-content\/uploads\/2016\/07\/microsoft-mobilesync-50x33.png 50w, https:\/\/www.accuratereviews.com\/wp-content\/uploads\/2016\/07\/microsoft-mobilesync-636x422.png 636w, https:\/\/www.accuratereviews.com\/wp-content\/uploads\/2016\/07\/microsoft-mobilesync-320x212.png 320w, https:\/\/www.accuratereviews.com\/wp-content\/uploads\/2016\/07\/microsoft-mobilesync-239x159.png 239w\" sizes=\"auto, (max-width: 713px) 100vw, 713px\" \/><p id=\"caption-attachment-5200\" class=\"wp-caption-text\">Microsoft sta investendo molto sul cloud: le sue app, specialmente Outlook, si sincronizzano senza problemi tra dispositivi.<\/p><\/div>\n<p><strong>Probabilmente Microsoft Outlook \u00e8 un software che tutti conosciamo<\/strong>: come minimo, tutti l\u2019hanno sentito nominare, e molti di noi hanno incontrato questo famigerato client di posta, una volta nella nostra vita. Ma sono cambiate molte cose da quando vent\u2019anni fa fu prodotto questo software: <strong>ora Microsoft sta investendo moltissimo sul cloud<\/strong>, e sta adattando alcuni dei suoi ben noti software a una filosofia pi\u00f9 SaaS. (Questo investimento \u00e8 iniziato ben prima che Satya Nadella diventasse CEO nel 2014, ma con la sua nomina \u00e8 diventata una priorit\u00e0 fondamentale.)<\/p>\n<p><strong>Microsoft Outlook 2016 include diverse funzionalit\u00e0 cloud<\/strong>: potete aggiungere diversi account, non solo Microsoft ma anche Gmail, iCloud e collegare i vostri profili per lo storage online, come Box, Dropbox, Google Drive &#8211; e, ovviamente, OneDrive. <strong>Se dovete allegare un documento salvato in OneDrive o salvato su Office365, Microsoft Outlook inserir\u00e0 il link diretto al file,<\/strong> al posto del file, il che ci sembra un ottimo esempio di sinergia e integrazione. Ispirandosi a molti client email di ultima generazione, Microsoft Outlook 2016 vi permette di gestire i vostri messaggi: hanno aggiunto una casella \u201cFocus Inbox\u201d nella versione mobile, dove troverete soltanto i messaggi pi\u00f9 importanti che avete ricevuto. Il software capisce quali sono i messaggi da inserire nella Focus Inbox sulla base delle vostre abitudini e delle interazioni con i vostri contatti.<\/p>\n<p>Come sempre, <strong>potete essere certi che Microsoft Oulook integri senza problemi i vostri messaggi, i vostri calendari, la vostra rubrica e anche la vostra to-do list<\/strong>. Sfortanatamente e: come sempre, questa completezza di funzionalit\u00e0 porta con s\u00e9 una certa confusione nell\u2019interfaccia. E se non \u00e8 confusione, il problema ricade da qualche altra parte: per esempio, nell\u2019usare Word come editor di testo di default per le email. Non serve che vi diciamo come risulter\u00e0 il rendering del codice HTML delle vostre email, vero? D\u2019altra parte, Microsoft sostiene di aver migliorato la funzione di ricerca di Outlook, che dovrebbe essere pi\u00f9 veloce e affidabile.<\/p>\n<p>Sfortunatamente, <strong>Microsoft Outlook 2016 \u00e8 ancora molto legato all\u2019aspetto e alla filosofia di Office<\/strong>. Nonostante gli sforzi degli ultimi anni, per indirizzare i loro software verso un\u2019interfaccia pi\u00f9 minimalista e alla moda, applicazioni come Outlook rimangono complesse e confuse.<\/p>\n","protected":false},"excerpt":{"rendered":"<p>Probabilmente Microsoft Outlook \u00e8 un software che tutti conosciamo: come minimo, tutti l\u2019hanno sentito nominare, e molti di noi hanno incontrato questo famigerato client di posta, una volta nella nostra vita. <\/p>\n","protected":false},"author":16,"featured_media":0,"parent":5913,"menu_order":2,"comment_status":"open","ping_status":"closed","template":"g1_template_page_review_new.php","meta":{"_acf_changed":false,"cwp_meta_box_check":"Yes","cwp_rev_product_name":"","cwp_rev_product_image":"","wppr_links":[],"cwp_rev_price":"","wppr_options":[],"wppr_pros":[],"wppr_cons":[],"_monsterinsights_skip_tracking":false,"_monsterinsights_sitenote_active":false,"_monsterinsights_sitenote_note":"","_monsterinsights_sitenote_category":0,"footnotes":""},"categories":[119,5594,5675,5677],"tags":[],"features":[],"class_list":{"0":"post-5991","1":"page","2":"type-page","3":"status-publish","5":"category-i-migliori-client-di-posta","6":"category-client-di-posta-per-dispositivi-mobile-categoria","7":"category-client-di-posta-per-mac-categoria","8":"category-client-di-posta-per-windows-categoria"},"wppr_data":{"cwp_meta_box_check":"Yes","cwp_rev_product_name":"","cwp_rev_product_image":"","cwp_image_link":"image","cwp_rev_price":"","wppr_rating":"0.00"},"acf":[],"yoast_head":"<!-- This site is optimized with the Yoast SEO plugin v27.4 - https:\/\/yoast.com\/product\/yoast-seo-wordpress\/ -->\n<title>Microsoft Outlook recensione miglior client di posta | Accurate Reviews<\/title>\n<meta name=\"description\" content=\"Microsoft Outlook \u00e8 un software che tutti conosciamo: come minimo, tutti l\u2019hanno sentito nominare, e molti l&#039;hanno usato.\" \/>\n<meta name=\"robots\" content=\"index, follow, max-snippet:-1, max-image-preview:large, max-video-preview:-1\" \/>\n<link rel=\"canonical\" href=\"https:\/\/www.accuratereviews.com\/it\/client-di-posta\/microsoft-outlook-2016\/\" \/>\n<meta property=\"og:locale\" content=\"it_IT\" \/>\n<meta property=\"og:type\" content=\"article\" \/>\n<meta property=\"og:title\" content=\"Microsoft Outlook recensione miglior client di posta | Accurate Reviews\" \/>\n<meta property=\"og:description\" content=\"Microsoft Outlook \u00e8 un software che tutti conosciamo: come minimo, tutti l\u2019hanno sentito nominare, e molti l&#039;hanno usato.\" \/>\n<meta property=\"og:url\" content=\"https:\/\/www.accuratereviews.com\/it\/client-di-posta\/microsoft-outlook-2016\/\" \/>\n<meta property=\"og:site_name\" content=\"Accurate Reviews\" \/>\n<meta property=\"article:modified_time\" content=\"2021-04-18T17:56:16+00:00\" \/>\n<meta property=\"og:image\" content=\"http:\/\/www.accuratereviews.com\/wp-content\/uploads\/2016\/07\/microsoft-mobilesync.png\" \/>\n<meta name=\"twitter:card\" content=\"summary_large_image\" \/>\n<meta name=\"twitter:label1\" content=\"Tempo di lettura stimato\" \/>\n\t<meta name=\"twitter:data1\" content=\"2 minuti\" \/>\n<script type=\"application\/ld+json\" class=\"yoast-schema-graph\">{\"@context\":\"https:\\\/\\\/schema.org\",\"@graph\":[{\"@type\":\"WebPage\",\"@id\":\"https:\\\/\\\/www.accuratereviews.com\\\/it\\\/client-di-posta\\\/microsoft-outlook-2016\\\/\",\"url\":\"https:\\\/\\\/www.accuratereviews.com\\\/it\\\/client-di-posta\\\/microsoft-outlook-2016\\\/\",\"name\":\"Microsoft Outlook recensione miglior client di posta | Accurate Reviews\",\"isPartOf\":{\"@id\":\"https:\\\/\\\/www.accuratereviews.com\\\/it\\\/#website\"},\"primaryImageOfPage\":{\"@id\":\"https:\\\/\\\/www.accuratereviews.com\\\/it\\\/client-di-posta\\\/microsoft-outlook-2016\\\/#primaryimage\"},\"image\":{\"@id\":\"https:\\\/\\\/www.accuratereviews.com\\\/it\\\/client-di-posta\\\/microsoft-outlook-2016\\\/#primaryimage\"},\"thumbnailUrl\":\"http:\\\/\\\/www.accuratereviews.com\\\/wp-content\\\/uploads\\\/2016\\\/07\\\/microsoft-mobilesync.png\",\"datePublished\":\"2016-07-14T13:55:00+00:00\",\"dateModified\":\"2021-04-18T17:56:16+00:00\",\"description\":\"Microsoft Outlook \u00e8 un software che tutti conosciamo: come minimo, tutti l\u2019hanno sentito nominare, e molti l'hanno usato.\",\"breadcrumb\":{\"@id\":\"https:\\\/\\\/www.accuratereviews.com\\\/it\\\/client-di-posta\\\/microsoft-outlook-2016\\\/#breadcrumb\"},\"inLanguage\":\"it-IT\",\"potentialAction\":[{\"@type\":\"ReadAction\",\"target\":[\"https:\\\/\\\/www.accuratereviews.com\\\/it\\\/client-di-posta\\\/microsoft-outlook-2016\\\/\"]}]},{\"@type\":\"ImageObject\",\"inLanguage\":\"it-IT\",\"@id\":\"https:\\\/\\\/www.accuratereviews.com\\\/it\\\/client-di-posta\\\/microsoft-outlook-2016\\\/#primaryimage\",\"url\":\"http:\\\/\\\/www.accuratereviews.com\\\/wp-content\\\/uploads\\\/2016\\\/07\\\/microsoft-mobilesync.png\",\"contentUrl\":\"http:\\\/\\\/www.accuratereviews.com\\\/wp-content\\\/uploads\\\/2016\\\/07\\\/microsoft-mobilesync.png\"},{\"@type\":\"BreadcrumbList\",\"@id\":\"https:\\\/\\\/www.accuratereviews.com\\\/it\\\/client-di-posta\\\/microsoft-outlook-2016\\\/#breadcrumb\",\"itemListElement\":[{\"@type\":\"ListItem\",\"position\":1,\"name\":\"Home\",\"item\":\"https:\\\/\\\/www.accuratereviews.com\\\/it\\\/\"},{\"@type\":\"ListItem\",\"position\":2,\"name\":\"Client di posta\",\"item\":\"https:\\\/\\\/www.accuratereviews.com\\\/it\\\/client-di-posta\\\/\"},{\"@type\":\"ListItem\",\"position\":3,\"name\":\"Microsoft Outlook\"}]},{\"@type\":\"WebSite\",\"@id\":\"https:\\\/\\\/www.accuratereviews.com\\\/it\\\/#website\",\"url\":\"https:\\\/\\\/www.accuratereviews.com\\\/it\\\/\",\"name\":\"Accurate Reviews\",\"description\":\"\",\"potentialAction\":[{\"@type\":\"SearchAction\",\"target\":{\"@type\":\"EntryPoint\",\"urlTemplate\":\"https:\\\/\\\/www.accuratereviews.com\\\/it\\\/?s={search_term_string}\"},\"query-input\":{\"@type\":\"PropertyValueSpecification\",\"valueRequired\":true,\"valueName\":\"search_term_string\"}}],\"inLanguage\":\"it-IT\"}]}<\/script>\n<!-- \/ Yoast SEO plugin. -->","yoast_head_json":{"title":"Microsoft Outlook recensione miglior client di posta | Accurate Reviews","description":"Microsoft Outlook \u00e8 un software che tutti conosciamo: come minimo, tutti l\u2019hanno sentito nominare, e molti l'hanno usato.","robots":{"index":"index","follow":"follow","max-snippet":"max-snippet:-1","max-image-preview":"max-image-preview:large","max-video-preview":"max-video-preview:-1"},"canonical":"https:\/\/www.accuratereviews.com\/it\/client-di-posta\/microsoft-outlook-2016\/","og_locale":"it_IT","og_type":"article","og_title":"Microsoft Outlook recensione miglior client di posta | Accurate Reviews","og_description":"Microsoft Outlook \u00e8 un software che tutti conosciamo: come minimo, tutti l\u2019hanno sentito nominare, e molti l'hanno usato.","og_url":"https:\/\/www.accuratereviews.com\/it\/client-di-posta\/microsoft-outlook-2016\/","og_site_name":"Accurate Reviews","article_modified_time":"2021-04-18T17:56:16+00:00","og_image":[{"url":"http:\/\/www.accuratereviews.com\/wp-content\/uploads\/2016\/07\/microsoft-mobilesync.png","type":"","width":"","height":""}],"twitter_card":"summary_large_image","twitter_misc":{"Tempo di lettura stimato":"2 minuti"},"schema":{"@context":"https:\/\/schema.org","@graph":[{"@type":"WebPage","@id":"https:\/\/www.accuratereviews.com\/it\/client-di-posta\/microsoft-outlook-2016\/","url":"https:\/\/www.accuratereviews.com\/it\/client-di-posta\/microsoft-outlook-2016\/","name":"Microsoft Outlook recensione miglior client di posta | Accurate Reviews","isPartOf":{"@id":"https:\/\/www.accuratereviews.com\/it\/#website"},"primaryImageOfPage":{"@id":"https:\/\/www.accuratereviews.com\/it\/client-di-posta\/microsoft-outlook-2016\/#primaryimage"},"image":{"@id":"https:\/\/www.accuratereviews.com\/it\/client-di-posta\/microsoft-outlook-2016\/#primaryimage"},"thumbnailUrl":"http:\/\/www.accuratereviews.com\/wp-content\/uploads\/2016\/07\/microsoft-mobilesync.png","datePublished":"2016-07-14T13:55:00+00:00","dateModified":"2021-04-18T17:56:16+00:00","description":"Microsoft Outlook \u00e8 un software che tutti conosciamo: come minimo, tutti l\u2019hanno sentito nominare, e molti l'hanno usato.","breadcrumb":{"@id":"https:\/\/www.accuratereviews.com\/it\/client-di-posta\/microsoft-outlook-2016\/#breadcrumb"},"inLanguage":"it-IT","potentialAction":[{"@type":"ReadAction","target":["https:\/\/www.accuratereviews.com\/it\/client-di-posta\/microsoft-outlook-2016\/"]}]},{"@type":"ImageObject","inLanguage":"it-IT","@id":"https:\/\/www.accuratereviews.com\/it\/client-di-posta\/microsoft-outlook-2016\/#primaryimage","url":"http:\/\/www.accuratereviews.com\/wp-content\/uploads\/2016\/07\/microsoft-mobilesync.png","contentUrl":"http:\/\/www.accuratereviews.com\/wp-content\/uploads\/2016\/07\/microsoft-mobilesync.png"},{"@type":"BreadcrumbList","@id":"https:\/\/www.accuratereviews.com\/it\/client-di-posta\/microsoft-outlook-2016\/#breadcrumb","itemListElement":[{"@type":"ListItem","position":1,"name":"Home","item":"https:\/\/www.accuratereviews.com\/it\/"},{"@type":"ListItem","position":2,"name":"Client di posta","item":"https:\/\/www.accuratereviews.com\/it\/client-di-posta\/"},{"@type":"ListItem","position":3,"name":"Microsoft Outlook"}]},{"@type":"WebSite","@id":"https:\/\/www.accuratereviews.com\/it\/#website","url":"https:\/\/www.accuratereviews.com\/it\/","name":"Accurate Reviews","description":"","potentialAction":[{"@type":"SearchAction","target":{"@type":"EntryPoint","urlTemplate":"https:\/\/www.accuratereviews.com\/it\/?s={search_term_string}"},"query-input":{"@type":"PropertyValueSpecification","valueRequired":true,"valueName":"search_term_string"}}],"inLanguage":"it-IT"}]}},"_links":{"self":[{"href":"https:\/\/www.accuratereviews.com\/it\/wp-json\/wp\/v2\/pages\/5991","targetHints":{"allow":["GET"]}}],"collection":[{"href":"https:\/\/www.accuratereviews.com\/it\/wp-json\/wp\/v2\/pages"}],"about":[{"href":"https:\/\/www.accuratereviews.com\/it\/wp-json\/wp\/v2\/types\/page"}],"author":[{"embeddable":true,"href":"https:\/\/www.accuratereviews.com\/it\/wp-json\/wp\/v2\/users\/16"}],"replies":[{"embeddable":true,"href":"https:\/\/www.accuratereviews.com\/it\/wp-json\/wp\/v2\/comments?post=5991"}],"version-history":[{"count":10,"href":"https:\/\/www.accuratereviews.com\/it\/wp-json\/wp\/v2\/pages\/5991\/revisions"}],"predecessor-version":[{"id":40254,"href":"https:\/\/www.accuratereviews.com\/it\/wp-json\/wp\/v2\/pages\/5991\/revisions\/40254"}],"up":[{"embeddable":true,"href":"https:\/\/www.accuratereviews.com\/it\/wp-json\/wp\/v2\/pages\/5913"}],"wp:attachment":[{"href":"https:\/\/www.accuratereviews.com\/it\/wp-json\/wp\/v2\/media?parent=5991"}],"wp:term":[{"taxonomy":"category","embeddable":true,"href":"https:\/\/www.accuratereviews.com\/it\/wp-json\/wp\/v2\/categories?post=5991"},{"taxonomy":"post_tag","embeddable":true,"href":"https:\/\/www.accuratereviews.com\/it\/wp-json\/wp\/v2\/tags?post=5991"},{"taxonomy":"features","embeddable":true,"href":"https:\/\/www.accuratereviews.com\/it\/wp-json\/wp\/v2\/features?post=5991"}],"curies":[{"name":"wp","href":"https:\/\/api.w.org\/{rel}","templated":true}]}}