{"id":59994,"date":"2022-07-26T10:36:20","date_gmt":"2022-07-26T10:36:20","guid":{"rendered":"https:\/\/www.accuratereviews.com\/?page_id=59994"},"modified":"2022-07-26T10:36:20","modified_gmt":"2022-07-26T10:36:20","slug":"geiviltur-recensione","status":"publish","type":"page","link":"https:\/\/www.accuratereviews.com\/it\/software-per-campeggi\/geiviltur-recensione\/","title":{"rendered":"GEIVILTUR"},"content":{"rendered":"<p><strong>Geiviltur<\/strong> \u00e8 un software in lingua italiana sviluppato nel 1989 specifico per la <strong>gestione di resort, campeggi, hotel e altre strutture turistiche<\/strong>. \u00c8 un programma basato su Windows e offre varie funzionalit\u00e0 per la gestione dei dati aziendali e la creazione di report personalizzati. Il programma supporta calcoli illimitati dei costi per vari periodi, come tariffe settimanali, giornaliere e forfettarie. Pu\u00f2 semplificare le attivit\u00e0 di check-in\/out e l&#8217;elaborazione del parcheggio per i clienti.<\/p>\n<h2>GEIVILTUR &#8211; TUTORIAL<\/h2>\n<p>Guardiamo insieme questo breve tutorial su questo<strong> software per campeggi:<\/strong><\/p>\n<div id=\"fluid-wrapper-counter-1\" class=\"g1-fluid-wrapper \" style=\"width:686px;\">\n<div style=\"padding-bottom:56.268221574344%;\"><iframe loading=\"lazy\" title=\"videogeigrande\" width=\"686\" height=\"386\" src=\"https:\/\/www.youtube.com\/embed\/ej-g3o5ol8g?feature=oembed&amp;wmode=transparent&amp;autohide=1&amp;autoplay=0&amp;disablekb=0&amp;fs=1&amp;loop=0&amp;enablejsapi=1&amp;rel=0&amp;controls=2&amp;showinfo=0&amp;wmode=transparent&amp;autohide=2&amp;autoplay=0&amp;disablekb=0&amp;fs=1&amp;loop=0&amp;enablejsapi=1&amp;rel=0&amp;controls=2&amp;showinfo=1\" frameborder=\"0\" allow=\"accelerometer; autoplay; clipboard-write; encrypted-media; gyroscope; picture-in-picture\" allowfullscreen><\/iframe><\/div>\n<\/div>\n<h3>GEIVILTUR &#8211; CARATTERISTICHE<\/h3>\n<div id=\"element-172\" class=\"widget item-absolute \">\n<ul>\n<li class=\"contents shape line-vertical line \" data-at=\"shape\">Interfaccia dispositivi per l&#8217;acquisizione della firma grafometrica<\/li>\n<li class=\"contents shape line-vertical line \" data-at=\"shape\">Sistemi di controllo accessi, riconoscimento automatico targhe auto e sistemi di pagamento elettronici<\/li>\n<li class=\"contents shape line-vertical line \" data-at=\"shape\">Gestionale in comodato gratuito per un anno con opzione di acquisto<\/li>\n<li class=\"contents shape line-vertical line \" data-at=\"shape\">Interfaccia sistemi RT Registratori di cassa telematici<\/li>\n<\/ul>\n<h4>LE RECENSIONI DEGLI UTENTI<\/h4>\n<p class=\"font-weight-bold mb-2\"><strong>Fabrizio C.&#8221;Software di facile utilizzo&#8221;<\/strong><\/p>\n<p><span class=\"font-weight-bold\"><strong>Commenti<\/strong>: <\/span>Milgior gestione<\/p>\n<p class=\"font-weight-bold mb-2\"><strong>Pro<\/strong>:\u00a0Facile da usare e assistenza tempestiva<\/p>\n<p class=\"font-weight-bold mb-2\"><strong>Contro<\/strong>:\u00a0Mi piacerebbe utilizzarlo al meglio su smartphone e tablet<\/p>\n<p class=\"font-weight-bold mb-2\"><strong>Giambattista V.&#8221;Gestione Villaggi Turistici&#8221;<\/strong><\/p>\n<p class=\"font-weight-bold mb-2\"><strong>Pro<\/strong>:\u00a0Il software \u00e8 completissimo in ogni sfumatura, molto facile ed intuitivo nell&#8217;utilizzo. Ci sono tutte le funzioni di cui ho bisogno ed ho la possibilit\u00e0 di personalizzare e richiedere altre funzioni aggiuntive.<\/p>\n<p class=\"font-weight-bold mb-2\"><strong>Contro<\/strong>:\u00a0In linea di massima gira bene. Non ho avuto nessun problema.<\/p>\n<p class=\"font-weight-bold mb-2\"><strong>Francesco G.&#8221;Software tailor made&#8221;<\/strong><\/p>\n<p class=\"font-weight-bold mb-2\">Pro:\u00a0Il software si adatta ad ogni tipo di struttura, da la possibilit\u00e0 di gestire in forma aperta, non essendo ermetico, anche nella fase successiva alla prima configurazione si pu\u00f2 modificare ogni sua parte. Il punto di forza \u00e8 l\u2019assistenza tecnica che \u00e8 sempre disponibile e raggiungibile in ogni momento.<\/p>\n<p class=\"font-weight-bold mb-2\">Contro: si potrebbe implementare il controllo in remoto.<\/p>\n<\/div>\n","protected":false},"excerpt":{"rendered":"<p>Geiviltur \u00e8 un software in lingua italiana sviluppato nel 1989 specifico per la gestione di resort, campeggi, hotel e altre strutture turistiche. \u00c8 un programma basato su Windows e offre varie funzionalit\u00e0 per la gestione dei dati aziendali e la creazione di report personalizzati. Il programma supporta calcoli illimitati dei costi per vari periodi, come tariffe settimanali, giornaliere e forfettarie.<\/p>\n","protected":false},"author":16,"featured_media":59995,"parent":59967,"menu_order":0,"comment_status":"open","ping_status":"closed","template":"g1_template_page_review_new.php","meta":{"_acf_changed":false,"cwp_meta_box_check":"No","cwp_rev_product_name":"","cwp_rev_product_image":"","wppr_links":[],"cwp_rev_price":"","wppr_options":[],"wppr_pros":[],"wppr_cons":[],"_monsterinsights_skip_tracking":false,"_monsterinsights_sitenote_active":false,"_monsterinsights_sitenote_note":"","_monsterinsights_sitenote_category":0,"footnotes":""},"categories":[13062],"tags":[13085,13084,13083,13064,13082],"features":[],"class_list":{"0":"post-59994","1":"page","2":"type-page","3":"status-publish","4":"has-post-thumbnail","6":"category-software-campeggi-cat","7":"tag-geiviltur","8":"tag-piattaforma-per-campeggi","9":"tag-programma-per-campeggi","10":"tag-software-per-campeggi","11":"tag-soluzione-per-campeggi"},"wppr_data":{"cwp_meta_box_check":"No"},"acf":[],"yoast_head":"<!-- This site is optimized with the Yoast SEO plugin v27.4 - https:\/\/yoast.com\/product\/yoast-seo-wordpress\/ -->\n<title>Geiviltur: recensione software per campeggi - Accurate Reviews<\/title>\n<meta name=\"description\" content=\"Geiviltur: recensione software in lingua italiana sviluppato nel 1989 specifico per la gestione di resort, campeggi, hotel e altre strutture turistiche.\" \/>\n<meta name=\"robots\" content=\"index, follow, max-snippet:-1, max-image-preview:large, max-video-preview:-1\" \/>\n<link rel=\"canonical\" href=\"https:\/\/www.accuratereviews.com\/it\/software-per-campeggi\/geiviltur-recensione\/\" \/>\n<meta property=\"og:locale\" content=\"it_IT\" \/>\n<meta property=\"og:type\" content=\"article\" \/>\n<meta property=\"og:title\" content=\"Geiviltur: recensione software per campeggi - Accurate Reviews\" \/>\n<meta property=\"og:description\" content=\"Geiviltur: recensione software in lingua italiana sviluppato nel 1989 specifico per la gestione di resort, campeggi, hotel e altre strutture turistiche.\" \/>\n<meta property=\"og:url\" content=\"https:\/\/www.accuratereviews.com\/it\/software-per-campeggi\/geiviltur-recensione\/\" \/>\n<meta property=\"og:site_name\" content=\"Accurate Reviews\" \/>\n<meta property=\"og:image\" content=\"https:\/\/www.accuratereviews.com\/wp-content\/uploads\/2022\/07\/GEIVILTUR.png\" \/>\n\t<meta property=\"og:image:width\" content=\"225\" \/>\n\t<meta property=\"og:image:height\" content=\"225\" \/>\n\t<meta property=\"og:image:type\" content=\"image\/png\" \/>\n<meta name=\"twitter:card\" content=\"summary_large_image\" \/>\n<meta name=\"twitter:label1\" content=\"Tempo di lettura stimato\" \/>\n\t<meta name=\"twitter:data1\" content=\"2 minuti\" \/>\n<script type=\"application\/ld+json\" class=\"yoast-schema-graph\">{\"@context\":\"https:\\\/\\\/schema.org\",\"@graph\":[{\"@type\":\"WebPage\",\"@id\":\"https:\\\/\\\/www.accuratereviews.com\\\/it\\\/software-per-campeggi\\\/geiviltur-recensione\\\/\",\"url\":\"https:\\\/\\\/www.accuratereviews.com\\\/it\\\/software-per-campeggi\\\/geiviltur-recensione\\\/\",\"name\":\"Geiviltur: recensione software per campeggi - Accurate Reviews\",\"isPartOf\":{\"@id\":\"https:\\\/\\\/www.accuratereviews.com\\\/it\\\/#website\"},\"primaryImageOfPage\":{\"@id\":\"https:\\\/\\\/www.accuratereviews.com\\\/it\\\/software-per-campeggi\\\/geiviltur-recensione\\\/#primaryimage\"},\"image\":{\"@id\":\"https:\\\/\\\/www.accuratereviews.com\\\/it\\\/software-per-campeggi\\\/geiviltur-recensione\\\/#primaryimage\"},\"thumbnailUrl\":\"https:\\\/\\\/www.accuratereviews.com\\\/wp-content\\\/uploads\\\/2022\\\/07\\\/GEIVILTUR.png\",\"datePublished\":\"2022-07-26T10:36:20+00:00\",\"description\":\"Geiviltur: recensione software in lingua italiana sviluppato nel 1989 specifico per la gestione di resort, campeggi, hotel e altre strutture turistiche.\",\"breadcrumb\":{\"@id\":\"https:\\\/\\\/www.accuratereviews.com\\\/it\\\/software-per-campeggi\\\/geiviltur-recensione\\\/#breadcrumb\"},\"inLanguage\":\"it-IT\",\"potentialAction\":[{\"@type\":\"ReadAction\",\"target\":[\"https:\\\/\\\/www.accuratereviews.com\\\/it\\\/software-per-campeggi\\\/geiviltur-recensione\\\/\"]}]},{\"@type\":\"ImageObject\",\"inLanguage\":\"it-IT\",\"@id\":\"https:\\\/\\\/www.accuratereviews.com\\\/it\\\/software-per-campeggi\\\/geiviltur-recensione\\\/#primaryimage\",\"url\":\"https:\\\/\\\/www.accuratereviews.com\\\/wp-content\\\/uploads\\\/2022\\\/07\\\/GEIVILTUR.png\",\"contentUrl\":\"https:\\\/\\\/www.accuratereviews.com\\\/wp-content\\\/uploads\\\/2022\\\/07\\\/GEIVILTUR.png\",\"width\":225,\"height\":225},{\"@type\":\"BreadcrumbList\",\"@id\":\"https:\\\/\\\/www.accuratereviews.com\\\/it\\\/software-per-campeggi\\\/geiviltur-recensione\\\/#breadcrumb\",\"itemListElement\":[{\"@type\":\"ListItem\",\"position\":1,\"name\":\"Home\",\"item\":\"https:\\\/\\\/www.accuratereviews.com\\\/it\\\/\"},{\"@type\":\"ListItem\",\"position\":2,\"name\":\"Software per campeggi\",\"item\":\"https:\\\/\\\/www.accuratereviews.com\\\/it\\\/software-per-campeggi\\\/\"},{\"@type\":\"ListItem\",\"position\":3,\"name\":\"GEIVILTUR\"}]},{\"@type\":\"WebSite\",\"@id\":\"https:\\\/\\\/www.accuratereviews.com\\\/it\\\/#website\",\"url\":\"https:\\\/\\\/www.accuratereviews.com\\\/it\\\/\",\"name\":\"Accurate Reviews\",\"description\":\"\",\"potentialAction\":[{\"@type\":\"SearchAction\",\"target\":{\"@type\":\"EntryPoint\",\"urlTemplate\":\"https:\\\/\\\/www.accuratereviews.com\\\/it\\\/?s={search_term_string}\"},\"query-input\":{\"@type\":\"PropertyValueSpecification\",\"valueRequired\":true,\"valueName\":\"search_term_string\"}}],\"inLanguage\":\"it-IT\"}]}<\/script>\n<!-- \/ Yoast SEO plugin. -->","yoast_head_json":{"title":"Geiviltur: recensione software per campeggi - Accurate Reviews","description":"Geiviltur: recensione software in lingua italiana sviluppato nel 1989 specifico per la gestione di resort, campeggi, hotel e altre strutture turistiche.","robots":{"index":"index","follow":"follow","max-snippet":"max-snippet:-1","max-image-preview":"max-image-preview:large","max-video-preview":"max-video-preview:-1"},"canonical":"https:\/\/www.accuratereviews.com\/it\/software-per-campeggi\/geiviltur-recensione\/","og_locale":"it_IT","og_type":"article","og_title":"Geiviltur: recensione software per campeggi - Accurate Reviews","og_description":"Geiviltur: recensione software in lingua italiana sviluppato nel 1989 specifico per la gestione di resort, campeggi, hotel e altre strutture turistiche.","og_url":"https:\/\/www.accuratereviews.com\/it\/software-per-campeggi\/geiviltur-recensione\/","og_site_name":"Accurate Reviews","og_image":[{"width":225,"height":225,"url":"https:\/\/www.accuratereviews.com\/wp-content\/uploads\/2022\/07\/GEIVILTUR.png","type":"image\/png"}],"twitter_card":"summary_large_image","twitter_misc":{"Tempo di lettura stimato":"2 minuti"},"schema":{"@context":"https:\/\/schema.org","@graph":[{"@type":"WebPage","@id":"https:\/\/www.accuratereviews.com\/it\/software-per-campeggi\/geiviltur-recensione\/","url":"https:\/\/www.accuratereviews.com\/it\/software-per-campeggi\/geiviltur-recensione\/","name":"Geiviltur: recensione software per campeggi - Accurate Reviews","isPartOf":{"@id":"https:\/\/www.accuratereviews.com\/it\/#website"},"primaryImageOfPage":{"@id":"https:\/\/www.accuratereviews.com\/it\/software-per-campeggi\/geiviltur-recensione\/#primaryimage"},"image":{"@id":"https:\/\/www.accuratereviews.com\/it\/software-per-campeggi\/geiviltur-recensione\/#primaryimage"},"thumbnailUrl":"https:\/\/www.accuratereviews.com\/wp-content\/uploads\/2022\/07\/GEIVILTUR.png","datePublished":"2022-07-26T10:36:20+00:00","description":"Geiviltur: recensione software in lingua italiana sviluppato nel 1989 specifico per la gestione di resort, campeggi, hotel e altre strutture turistiche.","breadcrumb":{"@id":"https:\/\/www.accuratereviews.com\/it\/software-per-campeggi\/geiviltur-recensione\/#breadcrumb"},"inLanguage":"it-IT","potentialAction":[{"@type":"ReadAction","target":["https:\/\/www.accuratereviews.com\/it\/software-per-campeggi\/geiviltur-recensione\/"]}]},{"@type":"ImageObject","inLanguage":"it-IT","@id":"https:\/\/www.accuratereviews.com\/it\/software-per-campeggi\/geiviltur-recensione\/#primaryimage","url":"https:\/\/www.accuratereviews.com\/wp-content\/uploads\/2022\/07\/GEIVILTUR.png","contentUrl":"https:\/\/www.accuratereviews.com\/wp-content\/uploads\/2022\/07\/GEIVILTUR.png","width":225,"height":225},{"@type":"BreadcrumbList","@id":"https:\/\/www.accuratereviews.com\/it\/software-per-campeggi\/geiviltur-recensione\/#breadcrumb","itemListElement":[{"@type":"ListItem","position":1,"name":"Home","item":"https:\/\/www.accuratereviews.com\/it\/"},{"@type":"ListItem","position":2,"name":"Software per campeggi","item":"https:\/\/www.accuratereviews.com\/it\/software-per-campeggi\/"},{"@type":"ListItem","position":3,"name":"GEIVILTUR"}]},{"@type":"WebSite","@id":"https:\/\/www.accuratereviews.com\/it\/#website","url":"https:\/\/www.accuratereviews.com\/it\/","name":"Accurate Reviews","description":"","potentialAction":[{"@type":"SearchAction","target":{"@type":"EntryPoint","urlTemplate":"https:\/\/www.accuratereviews.com\/it\/?s={search_term_string}"},"query-input":{"@type":"PropertyValueSpecification","valueRequired":true,"valueName":"search_term_string"}}],"inLanguage":"it-IT"}]}},"_links":{"self":[{"href":"https:\/\/www.accuratereviews.com\/it\/wp-json\/wp\/v2\/pages\/59994","targetHints":{"allow":["GET"]}}],"collection":[{"href":"https:\/\/www.accuratereviews.com\/it\/wp-json\/wp\/v2\/pages"}],"about":[{"href":"https:\/\/www.accuratereviews.com\/it\/wp-json\/wp\/v2\/types\/page"}],"author":[{"embeddable":true,"href":"https:\/\/www.accuratereviews.com\/it\/wp-json\/wp\/v2\/users\/16"}],"replies":[{"embeddable":true,"href":"https:\/\/www.accuratereviews.com\/it\/wp-json\/wp\/v2\/comments?post=59994"}],"version-history":[{"count":7,"href":"https:\/\/www.accuratereviews.com\/it\/wp-json\/wp\/v2\/pages\/59994\/revisions"}],"predecessor-version":[{"id":60042,"href":"https:\/\/www.accuratereviews.com\/it\/wp-json\/wp\/v2\/pages\/59994\/revisions\/60042"}],"up":[{"embeddable":true,"href":"https:\/\/www.accuratereviews.com\/it\/wp-json\/wp\/v2\/pages\/59967"}],"wp:featuredmedia":[{"embeddable":true,"href":"https:\/\/www.accuratereviews.com\/it\/wp-json\/wp\/v2\/media\/59995"}],"wp:attachment":[{"href":"https:\/\/www.accuratereviews.com\/it\/wp-json\/wp\/v2\/media?parent=59994"}],"wp:term":[{"taxonomy":"category","embeddable":true,"href":"https:\/\/www.accuratereviews.com\/it\/wp-json\/wp\/v2\/categories?post=59994"},{"taxonomy":"post_tag","embeddable":true,"href":"https:\/\/www.accuratereviews.com\/it\/wp-json\/wp\/v2\/tags?post=59994"},{"taxonomy":"features","embeddable":true,"href":"https:\/\/www.accuratereviews.com\/it\/wp-json\/wp\/v2\/features?post=59994"}],"curies":[{"name":"wp","href":"https:\/\/api.w.org\/{rel}","templated":true}]}}