{"id":60001,"date":"2022-07-26T10:35:23","date_gmt":"2022-07-26T10:35:23","guid":{"rendered":"https:\/\/www.accuratereviews.com\/?page_id=60001"},"modified":"2022-07-26T20:12:05","modified_gmt":"2022-07-26T20:12:05","slug":"inreception-recensione","status":"publish","type":"page","link":"https:\/\/www.accuratereviews.com\/it\/software-per-campeggi\/inreception-recensione\/","title":{"rendered":"inReception"},"content":{"rendered":"<p><strong>inReception<\/strong> \u00e8 una soluzione di gestione della propriet\u00e0, che consente a strutture ricettive come <strong>hotel, ville, agriturismi, campeggi<\/strong> e altro ancora di snellire i processi relativi a prenotazioni, piani tariffari, prezzi e prenotazioni. Gli amministratori possono scaricare report in formato PDF e foglio di calcolo e inviare newsletter o campagne ai clienti.\u00a0Utilizzando <strong>inReception<\/strong>, gli hotel possono gestire le procedure di check-in\/out degli ospiti e creare pacchetti, piani tariffari o offerte. I proprietari di strutture per vacanze possono aggiungere motori di prenotazione alle pagine o ai siti web di Facebook e visualizzare le prenotazioni su un calendario. Inoltre, i facility manager possono ottenere informazioni dettagliate su finanza, vendite e altre attivit\u00e0 commerciali attraverso i report.<\/p>\n<h2>INRECEPTION &#8211; TUTORIAL<\/h2>\n<div id=\"fluid-wrapper-counter-1\" class=\"g1-fluid-wrapper \" style=\"width:686px;\">\n<div style=\"padding-bottom:56.268221574344%;\"><iframe loading=\"lazy\" title=\"inReception\" width=\"686\" height=\"386\" src=\"https:\/\/www.youtube.com\/embed\/fohkjnuFwX4?feature=oembed&amp;wmode=transparent&amp;autohide=1&amp;autoplay=0&amp;disablekb=0&amp;fs=1&amp;loop=0&amp;enablejsapi=1&amp;rel=0&amp;controls=2&amp;showinfo=0&amp;wmode=transparent&amp;autohide=2&amp;autoplay=0&amp;disablekb=0&amp;fs=1&amp;loop=0&amp;enablejsapi=1&amp;rel=0&amp;controls=2&amp;showinfo=1\" frameborder=\"0\" allow=\"accelerometer; autoplay; clipboard-write; encrypted-media; gyroscope; picture-in-picture\" allowfullscreen><\/iframe><\/div>\n<\/div>\n<h3>INRECEPTION &#8211; CARATTERISTICHE<\/h3>\n<div class=\"wpb_animate_when_almost_visible gambit-css-animation slide-to-right wpb_start_animation animated\">\n<div id=\"vsc_row_evrxwjeohx\" class=\" vc_row-fluid lighter-overlay row-element vsc_inner dark container\" data-token=\"9EOCL\">\n<div class=\"vc_col-sm-3 wpb_column column_container \">\n<div class=\"wpb_wrapper\">\n<article class=\"vsc-service-elem vsc-text-icon icon-top icon-single icon-round icon-border-solid\">\n<div class=\"vsc-service-content\">\n<ul>\n<li><strong>Soluzione mobile<\/strong>: a<span style=\"font-size: 16px;\">ccedi a tutte le funzionalit\u00e0\u00a0<\/span>ovunque tu sia\u00a0tramite\u00a0smartphone o tablet<\/li>\n<li><strong>Servizi Cloud<\/strong>: nessuna installazione, riduci\u00a0i costi IT, migliora collaborazione e scalabilit\u00e0<\/li>\n<li><strong>Gestione canali<\/strong>: mantieni disponibilit\u00e0 e prezzi aggiornati in tempo reale. Mai pi\u00f9 overbooking<\/li>\n<li><strong>Ottimizzazione<\/strong>: spendi meno tempo nella gestione e pi\u00f9 tempo con i tuoi ospiti. Risparmia ore di lavoro al giorno<\/li>\n<li><strong>Prenotazioni<\/strong>: gestisci le prenotazioni e le disponibilit\u00e0 tramite un semplice calendario<\/li>\n<li><strong>Listini prezzi<\/strong>: crea listini prezzi, offerte e pacchetti.\u00a0Gestisci le\u00a0stagionalit\u00e0\u00a0e genera la migliore tariffa<\/li>\n<li><strong>Clienti<\/strong>: gestisci i profili degli ospiti, tieni traccia delle relazioni, invia newsletter e promozioni<\/li>\n<li><strong>Report<\/strong>: monitora le tue attivit\u00e0 tramite report finanziari e di vendita. Scarica i documenti in PDF<\/li>\n<\/ul>\n<h4>LE RECENSIONI DEGLI UTENTI<\/h4>\n<p class=\"font-weight-bold mb-2\"><strong>Gabriele P.&#8221;Ottimo prodotto&#8221;<\/strong><\/p>\n<p><span class=\"font-weight-bold\"><strong>Commenti<\/strong>: <\/span>Credo che non se ne possa fare a meno per chi si occupa di accoglienza turistica.<\/p>\n<p class=\"font-weight-bold mb-2\"><strong>Pro<\/strong>:\u00a0E&#8217; praticamente quello che serve per gestire al meglio una struttura turistica. Dai calendari alle prenotazioni, canali vari di prenotazioni alla burocrazia.<\/p>\n<p class=\"font-weight-bold mb-2\"><strong>Contro<\/strong>: E&#8217; fatto cos\u00ec bene che per pignoleria aggiungerei la possibilit\u00e0 di form per check-in online da poter inviare al cliente magari via mail (come il link per la prenotazione dal sito), l&#8217;invio automatico dei dati istat come gi\u00e0 fa per tassa di soggiorno e schedine alloggiati, e una sezione, dopo prenotato, dove si pu\u00f2 stampare il contratto. Un&#8217;app sarebbe il top.<\/p>\n<p class=\"font-weight-bold mb-2\"><strong>Teresa A.&#8221;Ottimo!&#8221;<\/strong><\/p>\n<p><span class=\"font-weight-bold\"><strong>Commenti<\/strong>: <\/span>Ottima. Velocizzato il lavoro.<\/p>\n<p class=\"font-weight-bold mb-2\"><strong>Pro<\/strong>:\u00a0InReception \u00e8 un ottimo prodotto per iniziare a lavorare nel settore, ottimo supporto tecnico, personale disponibile e chiaro nelle spiegazioni\/informazioni. Gestisce tutto dalla A alla Z. Interfaccia semplice, intuitiva.<\/p>\n<p class=\"font-weight-bold mb-2\"><strong>Contro<\/strong>:\u00a0Forse servirebbe un aumento delle connessioni con i portali di ricezione turistica e sarebbe interessante avere l&#8217;app per il cellulare e anche la possibilit\u00e0 di gestire i pass parcheggio e le tastierine d&#8217;accesso alle stanze.<\/p>\n<p class=\"font-weight-bold mb-2\"><strong>Bruno S.&#8221;Buon Prodotto di facile utilizzo&#8221;<\/strong><\/p>\n<p><span class=\"font-weight-bold\"><strong>Commenti<\/strong>: <\/span>Buona esperienza, ottimo team a supporto per le prime fasi di set up<\/p>\n<p class=\"font-weight-bold mb-2\"><strong>Pro<\/strong>:\u00a0Funzionalit\u00e0 fornite, la semplicit\u00e0 di utilizzo<\/p>\n<p class=\"font-weight-bold mb-2\"><strong>Contro<\/strong>:\u00a0Per ora nulla, ci\u00f2 che manca dal mio punto di vista, \u00e8 in fase di sviluppo e sar\u00e0 oggetto di release a breve<\/p>\n<\/div>\n<\/article>\n<\/div>\n<\/div>\n<\/div>\n<\/div>\n","protected":false},"excerpt":{"rendered":"<p>inReception \u00e8 una soluzione di gestione della propriet\u00e0, che consente a strutture ricettive come hotel, ville, agriturismi, campeggi e altro ancora di snellire i processi relativi a prenotazioni, piani tariffari, prezzi e prenotazioni. Gli amministratori possono scaricare report in formato PDF e foglio di calcolo e inviare newsletter o campagne ai clienti.\u00a0<\/p>\n","protected":false},"author":16,"featured_media":60002,"parent":59967,"menu_order":0,"comment_status":"open","ping_status":"closed","template":"g1_template_page_review_new.php","meta":{"_acf_changed":false,"cwp_meta_box_check":"No","cwp_rev_product_name":"","cwp_rev_product_image":"","wppr_links":[],"cwp_rev_price":"","wppr_options":[],"wppr_pros":[],"wppr_cons":[],"_monsterinsights_skip_tracking":false,"_monsterinsights_sitenote_active":false,"_monsterinsights_sitenote_note":"","_monsterinsights_sitenote_category":0,"footnotes":""},"categories":[13062],"tags":[13067,13081,13084,13083,13064,13082],"features":[],"class_list":{"0":"post-60001","1":"page","2":"type-page","3":"status-publish","4":"has-post-thumbnail","6":"category-software-campeggi-cat","7":"tag-app-per-campeggi","8":"tag-inreception","9":"tag-piattaforma-per-campeggi","10":"tag-programma-per-campeggi","11":"tag-software-per-campeggi","12":"tag-soluzione-per-campeggi"},"wppr_data":{"cwp_meta_box_check":"No"},"acf":[],"yoast_head":"<!-- This site is optimized with the Yoast SEO plugin v27.4 - https:\/\/yoast.com\/product\/yoast-seo-wordpress\/ -->\n<title>inReception: recensione software per campeggi - Accurate Reviews<\/title>\n<meta name=\"description\" content=\"inReception: recensione soluzione di gestione della propriet\u00e0 che consente di snellire i processi di prenotazioni, piani tariffari e prezzi.\" \/>\n<meta name=\"robots\" content=\"index, follow, max-snippet:-1, max-image-preview:large, max-video-preview:-1\" \/>\n<link rel=\"canonical\" href=\"https:\/\/www.accuratereviews.com\/it\/software-per-campeggi\/inreception-recensione\/\" \/>\n<meta property=\"og:locale\" content=\"it_IT\" \/>\n<meta property=\"og:type\" content=\"article\" \/>\n<meta property=\"og:title\" content=\"inReception: recensione software per campeggi - Accurate Reviews\" \/>\n<meta property=\"og:description\" content=\"inReception: recensione soluzione di gestione della propriet\u00e0 che consente di snellire i processi di prenotazioni, piani tariffari e prezzi.\" \/>\n<meta property=\"og:url\" content=\"https:\/\/www.accuratereviews.com\/it\/software-per-campeggi\/inreception-recensione\/\" \/>\n<meta property=\"og:site_name\" content=\"Accurate Reviews\" \/>\n<meta property=\"article:modified_time\" content=\"2022-07-26T20:12:05+00:00\" \/>\n<meta property=\"og:image\" content=\"https:\/\/www.accuratereviews.com\/wp-content\/uploads\/2022\/07\/inReception.jpeg\" \/>\n\t<meta property=\"og:image:width\" content=\"225\" \/>\n\t<meta property=\"og:image:height\" content=\"225\" \/>\n\t<meta property=\"og:image:type\" content=\"image\/jpeg\" \/>\n<meta name=\"twitter:card\" content=\"summary_large_image\" \/>\n<meta name=\"twitter:label1\" content=\"Tempo di lettura stimato\" \/>\n\t<meta name=\"twitter:data1\" content=\"3 minuti\" \/>\n<script type=\"application\/ld+json\" class=\"yoast-schema-graph\">{\"@context\":\"https:\\\/\\\/schema.org\",\"@graph\":[{\"@type\":\"WebPage\",\"@id\":\"https:\\\/\\\/www.accuratereviews.com\\\/it\\\/software-per-campeggi\\\/inreception-recensione\\\/\",\"url\":\"https:\\\/\\\/www.accuratereviews.com\\\/it\\\/software-per-campeggi\\\/inreception-recensione\\\/\",\"name\":\"inReception: recensione software per campeggi - Accurate Reviews\",\"isPartOf\":{\"@id\":\"https:\\\/\\\/www.accuratereviews.com\\\/it\\\/#website\"},\"primaryImageOfPage\":{\"@id\":\"https:\\\/\\\/www.accuratereviews.com\\\/it\\\/software-per-campeggi\\\/inreception-recensione\\\/#primaryimage\"},\"image\":{\"@id\":\"https:\\\/\\\/www.accuratereviews.com\\\/it\\\/software-per-campeggi\\\/inreception-recensione\\\/#primaryimage\"},\"thumbnailUrl\":\"https:\\\/\\\/www.accuratereviews.com\\\/wp-content\\\/uploads\\\/2022\\\/07\\\/inReception.jpeg\",\"datePublished\":\"2022-07-26T10:35:23+00:00\",\"dateModified\":\"2022-07-26T20:12:05+00:00\",\"description\":\"inReception: recensione soluzione di gestione della propriet\u00e0 che consente di snellire i processi di prenotazioni, piani tariffari e prezzi.\",\"breadcrumb\":{\"@id\":\"https:\\\/\\\/www.accuratereviews.com\\\/it\\\/software-per-campeggi\\\/inreception-recensione\\\/#breadcrumb\"},\"inLanguage\":\"it-IT\",\"potentialAction\":[{\"@type\":\"ReadAction\",\"target\":[\"https:\\\/\\\/www.accuratereviews.com\\\/it\\\/software-per-campeggi\\\/inreception-recensione\\\/\"]}]},{\"@type\":\"ImageObject\",\"inLanguage\":\"it-IT\",\"@id\":\"https:\\\/\\\/www.accuratereviews.com\\\/it\\\/software-per-campeggi\\\/inreception-recensione\\\/#primaryimage\",\"url\":\"https:\\\/\\\/www.accuratereviews.com\\\/wp-content\\\/uploads\\\/2022\\\/07\\\/inReception.jpeg\",\"contentUrl\":\"https:\\\/\\\/www.accuratereviews.com\\\/wp-content\\\/uploads\\\/2022\\\/07\\\/inReception.jpeg\",\"width\":225,\"height\":225},{\"@type\":\"BreadcrumbList\",\"@id\":\"https:\\\/\\\/www.accuratereviews.com\\\/it\\\/software-per-campeggi\\\/inreception-recensione\\\/#breadcrumb\",\"itemListElement\":[{\"@type\":\"ListItem\",\"position\":1,\"name\":\"Home\",\"item\":\"https:\\\/\\\/www.accuratereviews.com\\\/it\\\/\"},{\"@type\":\"ListItem\",\"position\":2,\"name\":\"Software per campeggi\",\"item\":\"https:\\\/\\\/www.accuratereviews.com\\\/it\\\/software-per-campeggi\\\/\"},{\"@type\":\"ListItem\",\"position\":3,\"name\":\"inReception\"}]},{\"@type\":\"WebSite\",\"@id\":\"https:\\\/\\\/www.accuratereviews.com\\\/it\\\/#website\",\"url\":\"https:\\\/\\\/www.accuratereviews.com\\\/it\\\/\",\"name\":\"Accurate Reviews\",\"description\":\"\",\"potentialAction\":[{\"@type\":\"SearchAction\",\"target\":{\"@type\":\"EntryPoint\",\"urlTemplate\":\"https:\\\/\\\/www.accuratereviews.com\\\/it\\\/?s={search_term_string}\"},\"query-input\":{\"@type\":\"PropertyValueSpecification\",\"valueRequired\":true,\"valueName\":\"search_term_string\"}}],\"inLanguage\":\"it-IT\"}]}<\/script>\n<!-- \/ Yoast SEO plugin. -->","yoast_head_json":{"title":"inReception: recensione software per campeggi - Accurate Reviews","description":"inReception: recensione soluzione di gestione della propriet\u00e0 che consente di snellire i processi di prenotazioni, piani tariffari e prezzi.","robots":{"index":"index","follow":"follow","max-snippet":"max-snippet:-1","max-image-preview":"max-image-preview:large","max-video-preview":"max-video-preview:-1"},"canonical":"https:\/\/www.accuratereviews.com\/it\/software-per-campeggi\/inreception-recensione\/","og_locale":"it_IT","og_type":"article","og_title":"inReception: recensione software per campeggi - Accurate Reviews","og_description":"inReception: recensione soluzione di gestione della propriet\u00e0 che consente di snellire i processi di prenotazioni, piani tariffari e prezzi.","og_url":"https:\/\/www.accuratereviews.com\/it\/software-per-campeggi\/inreception-recensione\/","og_site_name":"Accurate Reviews","article_modified_time":"2022-07-26T20:12:05+00:00","og_image":[{"width":225,"height":225,"url":"https:\/\/www.accuratereviews.com\/wp-content\/uploads\/2022\/07\/inReception.jpeg","type":"image\/jpeg"}],"twitter_card":"summary_large_image","twitter_misc":{"Tempo di lettura stimato":"3 minuti"},"schema":{"@context":"https:\/\/schema.org","@graph":[{"@type":"WebPage","@id":"https:\/\/www.accuratereviews.com\/it\/software-per-campeggi\/inreception-recensione\/","url":"https:\/\/www.accuratereviews.com\/it\/software-per-campeggi\/inreception-recensione\/","name":"inReception: recensione software per campeggi - Accurate Reviews","isPartOf":{"@id":"https:\/\/www.accuratereviews.com\/it\/#website"},"primaryImageOfPage":{"@id":"https:\/\/www.accuratereviews.com\/it\/software-per-campeggi\/inreception-recensione\/#primaryimage"},"image":{"@id":"https:\/\/www.accuratereviews.com\/it\/software-per-campeggi\/inreception-recensione\/#primaryimage"},"thumbnailUrl":"https:\/\/www.accuratereviews.com\/wp-content\/uploads\/2022\/07\/inReception.jpeg","datePublished":"2022-07-26T10:35:23+00:00","dateModified":"2022-07-26T20:12:05+00:00","description":"inReception: recensione soluzione di gestione della propriet\u00e0 che consente di snellire i processi di prenotazioni, piani tariffari e prezzi.","breadcrumb":{"@id":"https:\/\/www.accuratereviews.com\/it\/software-per-campeggi\/inreception-recensione\/#breadcrumb"},"inLanguage":"it-IT","potentialAction":[{"@type":"ReadAction","target":["https:\/\/www.accuratereviews.com\/it\/software-per-campeggi\/inreception-recensione\/"]}]},{"@type":"ImageObject","inLanguage":"it-IT","@id":"https:\/\/www.accuratereviews.com\/it\/software-per-campeggi\/inreception-recensione\/#primaryimage","url":"https:\/\/www.accuratereviews.com\/wp-content\/uploads\/2022\/07\/inReception.jpeg","contentUrl":"https:\/\/www.accuratereviews.com\/wp-content\/uploads\/2022\/07\/inReception.jpeg","width":225,"height":225},{"@type":"BreadcrumbList","@id":"https:\/\/www.accuratereviews.com\/it\/software-per-campeggi\/inreception-recensione\/#breadcrumb","itemListElement":[{"@type":"ListItem","position":1,"name":"Home","item":"https:\/\/www.accuratereviews.com\/it\/"},{"@type":"ListItem","position":2,"name":"Software per campeggi","item":"https:\/\/www.accuratereviews.com\/it\/software-per-campeggi\/"},{"@type":"ListItem","position":3,"name":"inReception"}]},{"@type":"WebSite","@id":"https:\/\/www.accuratereviews.com\/it\/#website","url":"https:\/\/www.accuratereviews.com\/it\/","name":"Accurate Reviews","description":"","potentialAction":[{"@type":"SearchAction","target":{"@type":"EntryPoint","urlTemplate":"https:\/\/www.accuratereviews.com\/it\/?s={search_term_string}"},"query-input":{"@type":"PropertyValueSpecification","valueRequired":true,"valueName":"search_term_string"}}],"inLanguage":"it-IT"}]}},"_links":{"self":[{"href":"https:\/\/www.accuratereviews.com\/it\/wp-json\/wp\/v2\/pages\/60001","targetHints":{"allow":["GET"]}}],"collection":[{"href":"https:\/\/www.accuratereviews.com\/it\/wp-json\/wp\/v2\/pages"}],"about":[{"href":"https:\/\/www.accuratereviews.com\/it\/wp-json\/wp\/v2\/types\/page"}],"author":[{"embeddable":true,"href":"https:\/\/www.accuratereviews.com\/it\/wp-json\/wp\/v2\/users\/16"}],"replies":[{"embeddable":true,"href":"https:\/\/www.accuratereviews.com\/it\/wp-json\/wp\/v2\/comments?post=60001"}],"version-history":[{"count":10,"href":"https:\/\/www.accuratereviews.com\/it\/wp-json\/wp\/v2\/pages\/60001\/revisions"}],"predecessor-version":[{"id":60032,"href":"https:\/\/www.accuratereviews.com\/it\/wp-json\/wp\/v2\/pages\/60001\/revisions\/60032"}],"up":[{"embeddable":true,"href":"https:\/\/www.accuratereviews.com\/it\/wp-json\/wp\/v2\/pages\/59967"}],"wp:featuredmedia":[{"embeddable":true,"href":"https:\/\/www.accuratereviews.com\/it\/wp-json\/wp\/v2\/media\/60002"}],"wp:attachment":[{"href":"https:\/\/www.accuratereviews.com\/it\/wp-json\/wp\/v2\/media?parent=60001"}],"wp:term":[{"taxonomy":"category","embeddable":true,"href":"https:\/\/www.accuratereviews.com\/it\/wp-json\/wp\/v2\/categories?post=60001"},{"taxonomy":"post_tag","embeddable":true,"href":"https:\/\/www.accuratereviews.com\/it\/wp-json\/wp\/v2\/tags?post=60001"},{"taxonomy":"features","embeddable":true,"href":"https:\/\/www.accuratereviews.com\/it\/wp-json\/wp\/v2\/features?post=60001"}],"curies":[{"name":"wp","href":"https:\/\/api.w.org\/{rel}","templated":true}]}}