{"id":60053,"date":"2022-07-27T14:28:20","date_gmt":"2022-07-27T14:28:20","guid":{"rendered":"https:\/\/www.accuratereviews.com\/?page_id=60053"},"modified":"2022-07-27T14:28:20","modified_gmt":"2022-07-27T14:28:20","slug":"eviivo-recensione","status":"publish","type":"page","link":"https:\/\/www.accuratereviews.com\/it\/software-per-campeggi\/eviivo-recensione\/","title":{"rendered":"Eviivo"},"content":{"rendered":"<p><strong>Eviivo<\/strong> \u00e8 un <strong>sistema di prenotazione<\/strong> e gestione dei canali che offre alle piccole imprese di ospitalit\u00e0 e turismo una piattaforma unica e centralizzata da cui gestire il sito web della struttura, le prenotazioni e i pagamenti. Incorporando un&#8217;agenda con codice colore, piena conformit\u00e0 PCI e integrazione con Expedia, TripAdvisor e Booking, il programma mira a fornire una soluzione di facile utilizzo. La funzionalit\u00e0 diario consente agli utenti di gestire le necessit\u00e0 quotidiane legate alla gestione di un piccolo hotel o B&amp;B. Questo strumento, permette agli utenti di controllare la disponibilit\u00e0 delle camere, nonch\u00e9 di rivedere i pagamenti in sospeso e qualsiasi manutenzione programmata della camera. Oltre alla gestione del canale dell&#8217;hotel, <strong>Eviivo<\/strong> consente agli utenti di gestire i pagamenti delle prenotazioni e le politiche delle propriet\u00e0 in modo sicuro con piena conformit\u00e0 PCI e funzionalit\u00e0 come offerte istantanee e codici promozionali.<\/p>\n<h2>EVIIVO &#8211; TUTORIAL<\/h2>\n<p>Ecco una panoramica del sistema di prenotazione di alloggi potente e facile da usare con la possibilit\u00e0 di collegarti a centinaia di canali di distribuzione:<\/p>\n<div id=\"fluid-wrapper-counter-1\" class=\"g1-fluid-wrapper \" style=\"width:686px;\">\n<div style=\"padding-bottom:56.268221574344%;\"><iframe loading=\"lazy\" title=\"eviivo: The original all-in-one booking suite\" width=\"686\" height=\"386\" src=\"https:\/\/www.youtube.com\/embed\/toUNHUphA4k?feature=oembed&amp;wmode=transparent&amp;autohide=1&amp;autoplay=0&amp;disablekb=0&amp;fs=1&amp;loop=0&amp;enablejsapi=1&amp;rel=0&amp;controls=2&amp;showinfo=0&amp;wmode=transparent&amp;autohide=2&amp;autoplay=0&amp;disablekb=0&amp;fs=1&amp;loop=0&amp;enablejsapi=1&amp;rel=0&amp;controls=2&amp;showinfo=1\" frameborder=\"0\" allow=\"accelerometer; autoplay; clipboard-write; encrypted-media; gyroscope; picture-in-picture\" allowfullscreen><\/iframe><\/div>\n<\/div>\n<h3>EVIIVO &#8211; CARATTERISTICHE<\/h3>\n<div class=\"col-12 col-md-3 mb-lg-4\">\n<div class=\"suite-grid-item\">\n<div class=\"suite__content\">\n<ul>\n<li class=\"card-title\"><strong>Gestore di propriet\u00e0<\/strong>: un calendario perfettamente progettato per gestire gli ospiti e le prenotazioni con un solo clic,\u00a0 da qualsiasi dispositivo mobile<\/li>\n<li><strong>Amministrazione sito web<\/strong>: un sito web mobile<a href=\"https:\/\/eviivo.com\/it\/prodotti\/website-manager\/\">&#8211;<\/a>friendly senza commissioni per pubblicizzare la tua struttura<\/li>\n<li class=\"card-title\"><strong>Gestore di canale<\/strong>: connettivit\u00e0 a 2 vie con le agenzie di viaggi online per aggiornare istantaneamente tariffe , disponibilit\u00e0 e modifiche dei contenuti<\/li>\n<li><strong>Promozioni<\/strong>: offerte esclusive, pacchetti e codici promozionali. Massima flessibilit\u00e0 con il prezzo per ciascun canale<\/li>\n<li><strong>Ospiti<\/strong>: recensioni dei clienti, conferme personalizzate e email automatiche di benvenuto\/ringraziamento<\/li>\n<li class=\"card-title\"><strong>Prestazioni<\/strong>: informazioni di business a portata di mano con grafica accurata e di facile lettura, report accurati<\/li>\n<li class=\"card-title\"><strong>Pagamenti<\/strong>: elaborazione sicura delle carte con un solo clic e piena conformit\u00e0 PCI di livello 1<\/li>\n<li class=\"card-title\"><strong>Gestione propietario<\/strong>: la gestione del proprietario diventa facile con il calcolo automatico dei costi e\/o delle commissioni che vuoi addebitare per i tuoi servizi.<\/li>\n<\/ul>\n<h4>LE RECENSIONI DEGLI UTENTI<\/h4>\n<p class=\"font-weight-bold mb-2\"><strong>Michele V.&#8221;Prodotto eccellente&#8221;<\/strong><\/p>\n<p><span class=\"font-weight-bold\"><strong>Commenti<\/strong>: <\/span>con il software EVIIVO ho risolto tutti i miei problemi, in primis il rischio overbooking.\u00a0Inoltre puoi consultarlo anche fuori casa, pertanto hai tutta l&#8217;autonomia di fare le proprie attivit\u00e0 anche se non sei sul posto di lavoro.\u00a0Questo naturalmente \u00e8 un fattore molto positivo.<br \/>\nLa mia impressione? Ottima direi!<\/p>\n<p class=\"font-weight-bold mb-2\"><strong>Pro<\/strong>:\u00a0Il software \u00e8 molto semplice da usare, molto intuitivo , pertanto non \u00e8 necessario essere un esperto di software.<\/p>\n<p class=\"font-weight-bold mb-2\"><strong>Contro<\/strong>:\u00a0Ci sono piccole cose che migliorerei, ma naturalmente \u00e8 una mia opinione sicuramente dettata anche dalle mie esigenze.<\/p>\n<p class=\"font-weight-bold mb-2\"><strong>Francesco R.&#8221;Sistema efficiente&#8221;<\/strong><\/p>\n<p><span class=\"font-weight-bold\"><strong>Commenti<\/strong>: <\/span>Sono molto felice di aver acquistato Eviivo<\/p>\n<p class=\"font-weight-bold mb-2\"><strong>Pro<\/strong>:\u00a0Il sistema \u00e8 davvero efficiente e di facile uso! Consiglio a tutti di acquistarlo poich\u00e8 \u00e8 un ottimo channel manager. Il prezzo \u00e8 adeguato alle prestazioni del prodotto. Il servizio clienti e l&#8217;ufficio di configurazione sono impeccabili.<\/p>\n<p class=\"font-weight-bold mb-2\"><strong>Contro<\/strong>:\u00a0Ogni tanto non sincronizza i numeri di telefono sui report<\/p>\n<p class=\"font-weight-bold mb-2\"><strong>Emanuela S.&#8221;Soddisfatta&#8221;<\/strong><\/p>\n<p class=\"font-weight-bold mb-2\"><strong>Pro<\/strong>:\u00a0Comodit\u00e0 del calendario condiviso: con un unico programma gestisco pi\u00f9 portali<\/p>\n<p class=\"font-weight-bold mb-2\"><strong>Contro<\/strong>:\u00a0Non ci sono criticit\u00e0; dove ho avuto qualche difficolt\u00e0 sono stata aiutata sempre dall\u2019assistenza, sempre molto disponibile<\/p>\n<\/div>\n<\/div>\n<\/div>\n","protected":false},"excerpt":{"rendered":"<p>Eviivo \u00e8 un sistema di prenotazione e gestione dei canali che offre alle piccole imprese di ospitalit\u00e0 e turismo una piattaforma unica e centralizzata da cui gestire il sito web della struttura, le prenotazioni e i pagamenti. Incorporando un&#8217;agenda con codice colore, piena conformit\u00e0 PCI e integrazione con Expedia, TripAdvisor e Booking, il programma mira a fornire una soluzione di facile utilizzo.<\/p>\n","protected":false},"author":16,"featured_media":60055,"parent":59967,"menu_order":0,"comment_status":"open","ping_status":"closed","template":"g1_template_page_review_new.php","meta":{"_acf_changed":false,"cwp_meta_box_check":"No","cwp_rev_product_name":"","cwp_rev_product_image":"","wppr_links":[],"cwp_rev_price":"","wppr_options":[],"wppr_pros":[],"wppr_cons":[],"_monsterinsights_skip_tracking":false,"_monsterinsights_sitenote_active":false,"_monsterinsights_sitenote_note":"","_monsterinsights_sitenote_category":0,"footnotes":""},"categories":[13062],"tags":[13109,13084,13083,13064,13082],"features":[],"class_list":{"0":"post-60053","1":"page","2":"type-page","3":"status-publish","4":"has-post-thumbnail","6":"category-software-campeggi-cat","7":"tag-eviivo","8":"tag-piattaforma-per-campeggi","9":"tag-programma-per-campeggi","10":"tag-software-per-campeggi","11":"tag-soluzione-per-campeggi"},"wppr_data":{"cwp_meta_box_check":"No"},"acf":[],"yoast_head":"<!-- This site is optimized with the Yoast SEO plugin v27.4 - https:\/\/yoast.com\/product\/yoast-seo-wordpress\/ -->\n<title>Eviivo: recensione software per campeggi - Accurate Reviews<\/title>\n<meta name=\"description\" content=\"Eviivo: recensione sistema di prenotazione e gestione dei canali che offre alle piccole imprese di ospitalit\u00e0 una piattaforma unica e centralizzata.\" \/>\n<meta name=\"robots\" content=\"index, follow, max-snippet:-1, max-image-preview:large, max-video-preview:-1\" \/>\n<link rel=\"canonical\" href=\"https:\/\/www.accuratereviews.com\/it\/software-per-campeggi\/eviivo-recensione\/\" \/>\n<meta property=\"og:locale\" content=\"it_IT\" \/>\n<meta property=\"og:type\" content=\"article\" \/>\n<meta property=\"og:title\" content=\"Eviivo: recensione software per campeggi - Accurate Reviews\" \/>\n<meta property=\"og:description\" content=\"Eviivo: recensione sistema di prenotazione e gestione dei canali che offre alle piccole imprese di ospitalit\u00e0 una piattaforma unica e centralizzata.\" \/>\n<meta property=\"og:url\" content=\"https:\/\/www.accuratereviews.com\/it\/software-per-campeggi\/eviivo-recensione\/\" \/>\n<meta property=\"og:site_name\" content=\"Accurate Reviews\" \/>\n<meta property=\"og:image\" content=\"https:\/\/www.accuratereviews.com\/wp-content\/uploads\/2022\/07\/eviivo.webp\" \/>\n\t<meta property=\"og:image:width\" content=\"400\" \/>\n\t<meta property=\"og:image:height\" content=\"400\" \/>\n\t<meta property=\"og:image:type\" content=\"image\/webp\" \/>\n<meta name=\"twitter:card\" content=\"summary_large_image\" \/>\n<meta name=\"twitter:label1\" content=\"Tempo di lettura stimato\" \/>\n\t<meta name=\"twitter:data1\" content=\"3 minuti\" \/>\n<script type=\"application\/ld+json\" class=\"yoast-schema-graph\">{\"@context\":\"https:\\\/\\\/schema.org\",\"@graph\":[{\"@type\":\"WebPage\",\"@id\":\"https:\\\/\\\/www.accuratereviews.com\\\/it\\\/software-per-campeggi\\\/eviivo-recensione\\\/\",\"url\":\"https:\\\/\\\/www.accuratereviews.com\\\/it\\\/software-per-campeggi\\\/eviivo-recensione\\\/\",\"name\":\"Eviivo: recensione software per campeggi - Accurate Reviews\",\"isPartOf\":{\"@id\":\"https:\\\/\\\/www.accuratereviews.com\\\/it\\\/#website\"},\"primaryImageOfPage\":{\"@id\":\"https:\\\/\\\/www.accuratereviews.com\\\/it\\\/software-per-campeggi\\\/eviivo-recensione\\\/#primaryimage\"},\"image\":{\"@id\":\"https:\\\/\\\/www.accuratereviews.com\\\/it\\\/software-per-campeggi\\\/eviivo-recensione\\\/#primaryimage\"},\"thumbnailUrl\":\"https:\\\/\\\/www.accuratereviews.com\\\/wp-content\\\/uploads\\\/2022\\\/07\\\/eviivo.webp\",\"datePublished\":\"2022-07-27T14:28:20+00:00\",\"description\":\"Eviivo: recensione sistema di prenotazione e gestione dei canali che offre alle piccole imprese di ospitalit\u00e0 una piattaforma unica e centralizzata.\",\"breadcrumb\":{\"@id\":\"https:\\\/\\\/www.accuratereviews.com\\\/it\\\/software-per-campeggi\\\/eviivo-recensione\\\/#breadcrumb\"},\"inLanguage\":\"it-IT\",\"potentialAction\":[{\"@type\":\"ReadAction\",\"target\":[\"https:\\\/\\\/www.accuratereviews.com\\\/it\\\/software-per-campeggi\\\/eviivo-recensione\\\/\"]}]},{\"@type\":\"ImageObject\",\"inLanguage\":\"it-IT\",\"@id\":\"https:\\\/\\\/www.accuratereviews.com\\\/it\\\/software-per-campeggi\\\/eviivo-recensione\\\/#primaryimage\",\"url\":\"https:\\\/\\\/www.accuratereviews.com\\\/wp-content\\\/uploads\\\/2022\\\/07\\\/eviivo.webp\",\"contentUrl\":\"https:\\\/\\\/www.accuratereviews.com\\\/wp-content\\\/uploads\\\/2022\\\/07\\\/eviivo.webp\",\"width\":400,\"height\":400},{\"@type\":\"BreadcrumbList\",\"@id\":\"https:\\\/\\\/www.accuratereviews.com\\\/it\\\/software-per-campeggi\\\/eviivo-recensione\\\/#breadcrumb\",\"itemListElement\":[{\"@type\":\"ListItem\",\"position\":1,\"name\":\"Home\",\"item\":\"https:\\\/\\\/www.accuratereviews.com\\\/it\\\/\"},{\"@type\":\"ListItem\",\"position\":2,\"name\":\"Software per campeggi\",\"item\":\"https:\\\/\\\/www.accuratereviews.com\\\/it\\\/software-per-campeggi\\\/\"},{\"@type\":\"ListItem\",\"position\":3,\"name\":\"Eviivo\"}]},{\"@type\":\"WebSite\",\"@id\":\"https:\\\/\\\/www.accuratereviews.com\\\/it\\\/#website\",\"url\":\"https:\\\/\\\/www.accuratereviews.com\\\/it\\\/\",\"name\":\"Accurate Reviews\",\"description\":\"\",\"potentialAction\":[{\"@type\":\"SearchAction\",\"target\":{\"@type\":\"EntryPoint\",\"urlTemplate\":\"https:\\\/\\\/www.accuratereviews.com\\\/it\\\/?s={search_term_string}\"},\"query-input\":{\"@type\":\"PropertyValueSpecification\",\"valueRequired\":true,\"valueName\":\"search_term_string\"}}],\"inLanguage\":\"it-IT\"}]}<\/script>\n<!-- \/ Yoast SEO plugin. -->","yoast_head_json":{"title":"Eviivo: recensione software per campeggi - Accurate Reviews","description":"Eviivo: recensione sistema di prenotazione e gestione dei canali che offre alle piccole imprese di ospitalit\u00e0 una piattaforma unica e centralizzata.","robots":{"index":"index","follow":"follow","max-snippet":"max-snippet:-1","max-image-preview":"max-image-preview:large","max-video-preview":"max-video-preview:-1"},"canonical":"https:\/\/www.accuratereviews.com\/it\/software-per-campeggi\/eviivo-recensione\/","og_locale":"it_IT","og_type":"article","og_title":"Eviivo: recensione software per campeggi - Accurate Reviews","og_description":"Eviivo: recensione sistema di prenotazione e gestione dei canali che offre alle piccole imprese di ospitalit\u00e0 una piattaforma unica e centralizzata.","og_url":"https:\/\/www.accuratereviews.com\/it\/software-per-campeggi\/eviivo-recensione\/","og_site_name":"Accurate Reviews","og_image":[{"width":400,"height":400,"url":"https:\/\/www.accuratereviews.com\/wp-content\/uploads\/2022\/07\/eviivo.webp","type":"image\/webp"}],"twitter_card":"summary_large_image","twitter_misc":{"Tempo di lettura stimato":"3 minuti"},"schema":{"@context":"https:\/\/schema.org","@graph":[{"@type":"WebPage","@id":"https:\/\/www.accuratereviews.com\/it\/software-per-campeggi\/eviivo-recensione\/","url":"https:\/\/www.accuratereviews.com\/it\/software-per-campeggi\/eviivo-recensione\/","name":"Eviivo: recensione software per campeggi - Accurate Reviews","isPartOf":{"@id":"https:\/\/www.accuratereviews.com\/it\/#website"},"primaryImageOfPage":{"@id":"https:\/\/www.accuratereviews.com\/it\/software-per-campeggi\/eviivo-recensione\/#primaryimage"},"image":{"@id":"https:\/\/www.accuratereviews.com\/it\/software-per-campeggi\/eviivo-recensione\/#primaryimage"},"thumbnailUrl":"https:\/\/www.accuratereviews.com\/wp-content\/uploads\/2022\/07\/eviivo.webp","datePublished":"2022-07-27T14:28:20+00:00","description":"Eviivo: recensione sistema di prenotazione e gestione dei canali che offre alle piccole imprese di ospitalit\u00e0 una piattaforma unica e centralizzata.","breadcrumb":{"@id":"https:\/\/www.accuratereviews.com\/it\/software-per-campeggi\/eviivo-recensione\/#breadcrumb"},"inLanguage":"it-IT","potentialAction":[{"@type":"ReadAction","target":["https:\/\/www.accuratereviews.com\/it\/software-per-campeggi\/eviivo-recensione\/"]}]},{"@type":"ImageObject","inLanguage":"it-IT","@id":"https:\/\/www.accuratereviews.com\/it\/software-per-campeggi\/eviivo-recensione\/#primaryimage","url":"https:\/\/www.accuratereviews.com\/wp-content\/uploads\/2022\/07\/eviivo.webp","contentUrl":"https:\/\/www.accuratereviews.com\/wp-content\/uploads\/2022\/07\/eviivo.webp","width":400,"height":400},{"@type":"BreadcrumbList","@id":"https:\/\/www.accuratereviews.com\/it\/software-per-campeggi\/eviivo-recensione\/#breadcrumb","itemListElement":[{"@type":"ListItem","position":1,"name":"Home","item":"https:\/\/www.accuratereviews.com\/it\/"},{"@type":"ListItem","position":2,"name":"Software per campeggi","item":"https:\/\/www.accuratereviews.com\/it\/software-per-campeggi\/"},{"@type":"ListItem","position":3,"name":"Eviivo"}]},{"@type":"WebSite","@id":"https:\/\/www.accuratereviews.com\/it\/#website","url":"https:\/\/www.accuratereviews.com\/it\/","name":"Accurate Reviews","description":"","potentialAction":[{"@type":"SearchAction","target":{"@type":"EntryPoint","urlTemplate":"https:\/\/www.accuratereviews.com\/it\/?s={search_term_string}"},"query-input":{"@type":"PropertyValueSpecification","valueRequired":true,"valueName":"search_term_string"}}],"inLanguage":"it-IT"}]}},"_links":{"self":[{"href":"https:\/\/www.accuratereviews.com\/it\/wp-json\/wp\/v2\/pages\/60053","targetHints":{"allow":["GET"]}}],"collection":[{"href":"https:\/\/www.accuratereviews.com\/it\/wp-json\/wp\/v2\/pages"}],"about":[{"href":"https:\/\/www.accuratereviews.com\/it\/wp-json\/wp\/v2\/types\/page"}],"author":[{"embeddable":true,"href":"https:\/\/www.accuratereviews.com\/it\/wp-json\/wp\/v2\/users\/16"}],"replies":[{"embeddable":true,"href":"https:\/\/www.accuratereviews.com\/it\/wp-json\/wp\/v2\/comments?post=60053"}],"version-history":[{"count":10,"href":"https:\/\/www.accuratereviews.com\/it\/wp-json\/wp\/v2\/pages\/60053\/revisions"}],"predecessor-version":[{"id":60088,"href":"https:\/\/www.accuratereviews.com\/it\/wp-json\/wp\/v2\/pages\/60053\/revisions\/60088"}],"up":[{"embeddable":true,"href":"https:\/\/www.accuratereviews.com\/it\/wp-json\/wp\/v2\/pages\/59967"}],"wp:featuredmedia":[{"embeddable":true,"href":"https:\/\/www.accuratereviews.com\/it\/wp-json\/wp\/v2\/media\/60055"}],"wp:attachment":[{"href":"https:\/\/www.accuratereviews.com\/it\/wp-json\/wp\/v2\/media?parent=60053"}],"wp:term":[{"taxonomy":"category","embeddable":true,"href":"https:\/\/www.accuratereviews.com\/it\/wp-json\/wp\/v2\/categories?post=60053"},{"taxonomy":"post_tag","embeddable":true,"href":"https:\/\/www.accuratereviews.com\/it\/wp-json\/wp\/v2\/tags?post=60053"},{"taxonomy":"features","embeddable":true,"href":"https:\/\/www.accuratereviews.com\/it\/wp-json\/wp\/v2\/features?post=60053"}],"curies":[{"name":"wp","href":"https:\/\/api.w.org\/{rel}","templated":true}]}}