{"id":60062,"date":"2022-07-27T14:29:58","date_gmt":"2022-07-27T14:29:58","guid":{"rendered":"https:\/\/www.accuratereviews.com\/?page_id=60062"},"modified":"2022-07-27T14:29:58","modified_gmt":"2022-07-27T14:29:58","slug":"resnexus-recensione","status":"publish","type":"page","link":"https:\/\/www.accuratereviews.com\/it\/software-per-campeggi\/resnexus-recensione\/","title":{"rendered":"ResNexus"},"content":{"rendered":"<p><strong>ResNexus<\/strong> \u00e8 una <strong>soluzione di gestione della propriet\u00e0<\/strong> basata su <strong>cloud<\/strong> che aiuta le aziende del settore dell&#8217;ospitalit\u00e0 a semplificare i processi relativi alla prenotazione delle camere, all&#8217;email marketing e alla gestione degli ospiti. Gli agenti possono utilizzare il calendario integrato per tenere traccia delle prenotazioni mensili o giornaliere in base a pi\u00f9 criteri come i nomi degli ospiti, le date di check-in o check-out, lo stato dei pagamenti e altro ancora.\u00a0La funzionalit\u00e0 della reception permette alle aziende di raccogliere i dettagli di contatto, le preferenze della camera e le esigenze dietetiche speciali, tra le altre informazioni. Il modulo di pulizia consente ai supervisori di aggiungere istruzioni di pulizia e tenere traccia delle operazioni in base allo stato della stanza, inclusi &#8220;pulito&#8221;, &#8220;sporco&#8221; o &#8220;da rinfrescare&#8221;. Manager e leader possono generare report per ottenere informazioni dettagliate su tassi di occupazione, tasse, prenotazioni, processi di marketing e altro ancora.<\/p>\n<h2>RESNEXUS &#8211; TUTORIAL<\/h2>\n<p>Guardiamo come rimuovere delle prenotazioni con questo<strong> software per campeggi<\/strong>:<\/p>\n<div id=\"fluid-wrapper-counter-1\" class=\"g1-fluid-wrapper \" style=\"width:686px;\">\n<div style=\"padding-bottom:56.268221574344%;\"><iframe loading=\"lazy\" title=\"How to Remove Minimum Nights\" width=\"686\" height=\"386\" src=\"https:\/\/www.youtube.com\/embed\/un0JOQ4sHNg?feature=oembed&amp;wmode=transparent&amp;autohide=1&amp;autoplay=0&amp;disablekb=0&amp;fs=1&amp;loop=0&amp;enablejsapi=1&amp;rel=0&amp;controls=2&amp;showinfo=0&amp;wmode=transparent&amp;autohide=2&amp;autoplay=0&amp;disablekb=0&amp;fs=1&amp;loop=0&amp;enablejsapi=1&amp;rel=0&amp;controls=2&amp;showinfo=1\" frameborder=\"0\" allow=\"accelerometer; autoplay; clipboard-write; encrypted-media; gyroscope; picture-in-picture\" allowfullscreen><\/iframe><\/div>\n<\/div>\n<h3>RESNEXUS &#8211; CARATTERISTICHE<\/h3>\n<ul>\n<li><strong>Risparmia tempo sulla pianificazione di eventi con le prenotazioni di gruppo<\/strong>: la funzione prenotazioni di gruppo semplifica l&#8217;organizzazione di prenotazioni di gruppo per matrimoni, riunioni di famiglia, ritiri e altro ancora<\/li>\n<li><strong>Ottimizzazione dell&#8217;unit\u00e0<\/strong>: ordina e comprimi automaticamente le prenotazioni esistenti nel modo pi\u00f9 efficiente e logico, rimuovendo quelle lacune fastidiose e aprendo una maggiore disponibilit\u00e0 per altri potenziali ospiti<\/li>\n<li><strong>Prenotazioni telefoniche<\/strong>: con le prenotazioni in tempo reale puoi dire addio alle fastidiose doppie prenotazioni e agli aggiornamenti manuali dei canali di prenotazione<\/li>\n<li><strong> Calendario delle prenotazioni<\/strong>: funzione fondamentale per avere\u00a0tutte le informazioni importanti sugli ospiti di cui hai bisogno a portata di mano<\/li>\n<li><strong>Prenotazioni<\/strong>: con un motore di prenotazione intuitivo combinato con immagini straordinarie di grandi dimensioni, l&#8217;obiettivo non \u00e8 solo che gli ospiti effettuino prenotazioni, ma si godano l&#8217;intera esperienza di prenotazione<\/li>\n<li><strong>Email di conferma<\/strong>: le email di conferma automatizzate prendono le informazioni direttamente da una prenotazione completata e le inviano ai clienti in modo rapido ed efficiente. Nessun lavoro manuale necessario.<\/li>\n<\/ul>\n<h4>LE RECENSIONI DEGLI UTENTI<\/h4>\n<p class=\"font-weight-bold mb-2\"><strong>Heather P.&#8221;Adoro ResNexus&#8221;<\/strong><\/p>\n<p><span class=\"font-weight-bold\"><strong>Commenti<\/strong>: <\/span>Siamo stati in grado di prenotare online da uno stato all&#8217;altro<\/p>\n<p class=\"font-weight-bold mb-2\"><strong>Pro<\/strong>: la griglia \u00e8 molto facile da usare e facile da addestrare all&#8217;uso del nuovo personale.<\/p>\n<p class=\"font-weight-bold mb-2\"><strong>Contro<\/strong>:\u00a0Vorrei che i check-in per la giornata avessero un conto alla rovescia una volta effettuato il check-in dell&#8217;ospite.<\/p>\n<p class=\"font-weight-bold mb-2\"><strong>Mike C.&#8221;Piattaforma strepitosa e assistenza clienti eccezionale&#8221;<\/strong><\/p>\n<p><span class=\"font-weight-bold\"><strong>Commenti<\/strong>: <\/span>Abbiamo implementato ResNexus per semplificare il processo di prenotazione (pi\u00f9 prenotazioni online e meno tempo telefonico per il nostro personale) e per migliorare l&#8217;esperienza degli ospiti sia sul nostro sito web che in loco presso la struttura. Siamo molto soddisfatti della piattaforma &#8211; e del servizio clienti che riceviamo &#8211; e lo consigliamo vivamente ad altre strutture.<\/p>\n<p class=\"font-weight-bold mb-2\"><strong>Pro<\/strong>:\u00a0Facilit\u00e0 di utilizzo e integrazione con piattaforme di pagamento e contabilit\u00e0.<\/p>\n<p class=\"font-weight-bold mb-2\"><strong>Contro<\/strong>:\u00a0Gli strumenti per creare promozioni richiedono un po&#8217; di pratica per essere padroneggiati. Ma il team di assistenza clienti \u00e8 sempre disponibile per qualsiasi domanda.<\/p>\n<p class=\"font-weight-bold mb-2\"><strong>Sarah O.&#8221;Sistema molto buono&#8221;<\/strong><\/p>\n<p class=\"font-weight-bold mb-2\"><strong>Pro<\/strong>:\u00a0La facilit\u00e0 nello spostare le prenotazioni, tenere traccia dello stato delle camere, delle dichiarazioni fiscali e del reddito. L&#8217;assistenza clienti \u00e8 eccezionale e in particolare si diverte a lavorare con loro poich\u00e9 comprende e non giudica la mia et\u00e0 avanzata e che \u00e8 totalmente contraria al materiale informatico.. \u00c8 stato un vero toccasana. Gestisco la mia propriet\u00e0 da solo, quindi apprezzo tutto l&#8217;aiuto che posso ottenere.<\/p>\n<p class=\"font-weight-bold mb-2\"><strong>Contro<\/strong>:\u00a0Non c&#8217;\u00e8 davvero niente di specifico che non mi piace. Se fossi pi\u00f9 interessato ai computer, capirei e farei un uso migliore di tutto ci\u00f2 che Resnexus ha da offrire. In pratica ho solo graffiato la superficie. Fortunatamente, ho solo una locanda molto piccola, quindi non troppo dannosa. I computer sono come la matematica per me&#8230; Mi blocco al solo accenno. Se dovessi dedicare del tempo a studiare i tutorial, starei molto meglio e anche il team di supporto sarebbe pi\u00f9 felice!!!!<\/p>\n","protected":false},"excerpt":{"rendered":"<p>ResNexus \u00e8 una soluzione di gestione della propriet\u00e0 basata su cloud che aiuta le aziende del settore dell&#8217;ospitalit\u00e0 a semplificare i processi relativi alla prenotazione delle camere, all&#8217;email marketing e alla gestione degli ospiti. Gli agenti possono utilizzare il calendario integrato per tenere traccia delle prenotazioni mensili o giornaliere in base a pi\u00f9 criteri come i nomi degli ospiti, le date di check-in o check-out, lo stato dei pagamenti e altro ancora.\u00a0<\/p>\n","protected":false},"author":16,"featured_media":60063,"parent":59967,"menu_order":0,"comment_status":"open","ping_status":"closed","template":"g1_template_page_review_new.php","meta":{"_acf_changed":false,"cwp_meta_box_check":"No","cwp_rev_product_name":"","cwp_rev_product_image":"","wppr_links":[],"cwp_rev_price":"","wppr_options":[],"wppr_pros":[],"wppr_cons":[],"_monsterinsights_skip_tracking":false,"_monsterinsights_sitenote_active":false,"_monsterinsights_sitenote_note":"","_monsterinsights_sitenote_category":0,"footnotes":""},"categories":[13062],"tags":[13067,13084,13083,13110,13064,13082],"features":[],"class_list":{"0":"post-60062","1":"page","2":"type-page","3":"status-publish","4":"has-post-thumbnail","6":"category-software-campeggi-cat","7":"tag-app-per-campeggi","8":"tag-piattaforma-per-campeggi","9":"tag-programma-per-campeggi","10":"tag-resnexus","11":"tag-software-per-campeggi","12":"tag-soluzione-per-campeggi"},"wppr_data":{"cwp_meta_box_check":"No"},"acf":[],"yoast_head":"<!-- This site is optimized with the Yoast SEO plugin v27.4 - https:\/\/yoast.com\/product\/yoast-seo-wordpress\/ -->\n<title>ResNexus: recensione software per campeggi - Accurate Reviews<\/title>\n<meta name=\"description\" content=\"ResNexus: recensione soluzione di gestione della propriet\u00e0 che aiuta le aziende del settore dell&#039;ospitalit\u00e0 a migliorare i processi organizzativi.\" \/>\n<meta name=\"robots\" content=\"index, follow, max-snippet:-1, max-image-preview:large, max-video-preview:-1\" \/>\n<link rel=\"canonical\" href=\"https:\/\/www.accuratereviews.com\/it\/software-per-campeggi\/resnexus-recensione\/\" \/>\n<meta property=\"og:locale\" content=\"it_IT\" \/>\n<meta property=\"og:type\" content=\"article\" \/>\n<meta property=\"og:title\" content=\"ResNexus: recensione software per campeggi - Accurate Reviews\" \/>\n<meta property=\"og:description\" content=\"ResNexus: recensione soluzione di gestione della propriet\u00e0 che aiuta le aziende del settore dell&#039;ospitalit\u00e0 a migliorare i processi organizzativi.\" \/>\n<meta property=\"og:url\" content=\"https:\/\/www.accuratereviews.com\/it\/software-per-campeggi\/resnexus-recensione\/\" \/>\n<meta property=\"og:site_name\" content=\"Accurate Reviews\" \/>\n<meta property=\"og:image\" content=\"https:\/\/www.accuratereviews.com\/wp-content\/uploads\/2022\/07\/resnexus.png\" \/>\n\t<meta property=\"og:image:width\" content=\"600\" \/>\n\t<meta property=\"og:image:height\" content=\"315\" \/>\n\t<meta property=\"og:image:type\" content=\"image\/png\" \/>\n<meta name=\"twitter:card\" content=\"summary_large_image\" \/>\n<meta name=\"twitter:label1\" content=\"Tempo di lettura stimato\" \/>\n\t<meta name=\"twitter:data1\" content=\"4 minuti\" \/>\n<script type=\"application\/ld+json\" class=\"yoast-schema-graph\">{\"@context\":\"https:\\\/\\\/schema.org\",\"@graph\":[{\"@type\":\"WebPage\",\"@id\":\"https:\\\/\\\/www.accuratereviews.com\\\/it\\\/software-per-campeggi\\\/resnexus-recensione\\\/\",\"url\":\"https:\\\/\\\/www.accuratereviews.com\\\/it\\\/software-per-campeggi\\\/resnexus-recensione\\\/\",\"name\":\"ResNexus: recensione software per campeggi - Accurate Reviews\",\"isPartOf\":{\"@id\":\"https:\\\/\\\/www.accuratereviews.com\\\/it\\\/#website\"},\"primaryImageOfPage\":{\"@id\":\"https:\\\/\\\/www.accuratereviews.com\\\/it\\\/software-per-campeggi\\\/resnexus-recensione\\\/#primaryimage\"},\"image\":{\"@id\":\"https:\\\/\\\/www.accuratereviews.com\\\/it\\\/software-per-campeggi\\\/resnexus-recensione\\\/#primaryimage\"},\"thumbnailUrl\":\"https:\\\/\\\/www.accuratereviews.com\\\/wp-content\\\/uploads\\\/2022\\\/07\\\/resnexus.png\",\"datePublished\":\"2022-07-27T14:29:58+00:00\",\"description\":\"ResNexus: recensione soluzione di gestione della propriet\u00e0 che aiuta le aziende del settore dell'ospitalit\u00e0 a migliorare i processi organizzativi.\",\"breadcrumb\":{\"@id\":\"https:\\\/\\\/www.accuratereviews.com\\\/it\\\/software-per-campeggi\\\/resnexus-recensione\\\/#breadcrumb\"},\"inLanguage\":\"it-IT\",\"potentialAction\":[{\"@type\":\"ReadAction\",\"target\":[\"https:\\\/\\\/www.accuratereviews.com\\\/it\\\/software-per-campeggi\\\/resnexus-recensione\\\/\"]}]},{\"@type\":\"ImageObject\",\"inLanguage\":\"it-IT\",\"@id\":\"https:\\\/\\\/www.accuratereviews.com\\\/it\\\/software-per-campeggi\\\/resnexus-recensione\\\/#primaryimage\",\"url\":\"https:\\\/\\\/www.accuratereviews.com\\\/wp-content\\\/uploads\\\/2022\\\/07\\\/resnexus.png\",\"contentUrl\":\"https:\\\/\\\/www.accuratereviews.com\\\/wp-content\\\/uploads\\\/2022\\\/07\\\/resnexus.png\",\"width\":600,\"height\":315},{\"@type\":\"BreadcrumbList\",\"@id\":\"https:\\\/\\\/www.accuratereviews.com\\\/it\\\/software-per-campeggi\\\/resnexus-recensione\\\/#breadcrumb\",\"itemListElement\":[{\"@type\":\"ListItem\",\"position\":1,\"name\":\"Home\",\"item\":\"https:\\\/\\\/www.accuratereviews.com\\\/it\\\/\"},{\"@type\":\"ListItem\",\"position\":2,\"name\":\"Software per campeggi\",\"item\":\"https:\\\/\\\/www.accuratereviews.com\\\/it\\\/software-per-campeggi\\\/\"},{\"@type\":\"ListItem\",\"position\":3,\"name\":\"ResNexus\"}]},{\"@type\":\"WebSite\",\"@id\":\"https:\\\/\\\/www.accuratereviews.com\\\/it\\\/#website\",\"url\":\"https:\\\/\\\/www.accuratereviews.com\\\/it\\\/\",\"name\":\"Accurate Reviews\",\"description\":\"\",\"potentialAction\":[{\"@type\":\"SearchAction\",\"target\":{\"@type\":\"EntryPoint\",\"urlTemplate\":\"https:\\\/\\\/www.accuratereviews.com\\\/it\\\/?s={search_term_string}\"},\"query-input\":{\"@type\":\"PropertyValueSpecification\",\"valueRequired\":true,\"valueName\":\"search_term_string\"}}],\"inLanguage\":\"it-IT\"}]}<\/script>\n<!-- \/ Yoast SEO plugin. -->","yoast_head_json":{"title":"ResNexus: recensione software per campeggi - Accurate Reviews","description":"ResNexus: recensione soluzione di gestione della propriet\u00e0 che aiuta le aziende del settore dell'ospitalit\u00e0 a migliorare i processi organizzativi.","robots":{"index":"index","follow":"follow","max-snippet":"max-snippet:-1","max-image-preview":"max-image-preview:large","max-video-preview":"max-video-preview:-1"},"canonical":"https:\/\/www.accuratereviews.com\/it\/software-per-campeggi\/resnexus-recensione\/","og_locale":"it_IT","og_type":"article","og_title":"ResNexus: recensione software per campeggi - Accurate Reviews","og_description":"ResNexus: recensione soluzione di gestione della propriet\u00e0 che aiuta le aziende del settore dell'ospitalit\u00e0 a migliorare i processi organizzativi.","og_url":"https:\/\/www.accuratereviews.com\/it\/software-per-campeggi\/resnexus-recensione\/","og_site_name":"Accurate Reviews","og_image":[{"width":600,"height":315,"url":"https:\/\/www.accuratereviews.com\/wp-content\/uploads\/2022\/07\/resnexus.png","type":"image\/png"}],"twitter_card":"summary_large_image","twitter_misc":{"Tempo di lettura stimato":"4 minuti"},"schema":{"@context":"https:\/\/schema.org","@graph":[{"@type":"WebPage","@id":"https:\/\/www.accuratereviews.com\/it\/software-per-campeggi\/resnexus-recensione\/","url":"https:\/\/www.accuratereviews.com\/it\/software-per-campeggi\/resnexus-recensione\/","name":"ResNexus: recensione software per campeggi - Accurate Reviews","isPartOf":{"@id":"https:\/\/www.accuratereviews.com\/it\/#website"},"primaryImageOfPage":{"@id":"https:\/\/www.accuratereviews.com\/it\/software-per-campeggi\/resnexus-recensione\/#primaryimage"},"image":{"@id":"https:\/\/www.accuratereviews.com\/it\/software-per-campeggi\/resnexus-recensione\/#primaryimage"},"thumbnailUrl":"https:\/\/www.accuratereviews.com\/wp-content\/uploads\/2022\/07\/resnexus.png","datePublished":"2022-07-27T14:29:58+00:00","description":"ResNexus: recensione soluzione di gestione della propriet\u00e0 che aiuta le aziende del settore dell'ospitalit\u00e0 a migliorare i processi organizzativi.","breadcrumb":{"@id":"https:\/\/www.accuratereviews.com\/it\/software-per-campeggi\/resnexus-recensione\/#breadcrumb"},"inLanguage":"it-IT","potentialAction":[{"@type":"ReadAction","target":["https:\/\/www.accuratereviews.com\/it\/software-per-campeggi\/resnexus-recensione\/"]}]},{"@type":"ImageObject","inLanguage":"it-IT","@id":"https:\/\/www.accuratereviews.com\/it\/software-per-campeggi\/resnexus-recensione\/#primaryimage","url":"https:\/\/www.accuratereviews.com\/wp-content\/uploads\/2022\/07\/resnexus.png","contentUrl":"https:\/\/www.accuratereviews.com\/wp-content\/uploads\/2022\/07\/resnexus.png","width":600,"height":315},{"@type":"BreadcrumbList","@id":"https:\/\/www.accuratereviews.com\/it\/software-per-campeggi\/resnexus-recensione\/#breadcrumb","itemListElement":[{"@type":"ListItem","position":1,"name":"Home","item":"https:\/\/www.accuratereviews.com\/it\/"},{"@type":"ListItem","position":2,"name":"Software per campeggi","item":"https:\/\/www.accuratereviews.com\/it\/software-per-campeggi\/"},{"@type":"ListItem","position":3,"name":"ResNexus"}]},{"@type":"WebSite","@id":"https:\/\/www.accuratereviews.com\/it\/#website","url":"https:\/\/www.accuratereviews.com\/it\/","name":"Accurate Reviews","description":"","potentialAction":[{"@type":"SearchAction","target":{"@type":"EntryPoint","urlTemplate":"https:\/\/www.accuratereviews.com\/it\/?s={search_term_string}"},"query-input":{"@type":"PropertyValueSpecification","valueRequired":true,"valueName":"search_term_string"}}],"inLanguage":"it-IT"}]}},"_links":{"self":[{"href":"https:\/\/www.accuratereviews.com\/it\/wp-json\/wp\/v2\/pages\/60062","targetHints":{"allow":["GET"]}}],"collection":[{"href":"https:\/\/www.accuratereviews.com\/it\/wp-json\/wp\/v2\/pages"}],"about":[{"href":"https:\/\/www.accuratereviews.com\/it\/wp-json\/wp\/v2\/types\/page"}],"author":[{"embeddable":true,"href":"https:\/\/www.accuratereviews.com\/it\/wp-json\/wp\/v2\/users\/16"}],"replies":[{"embeddable":true,"href":"https:\/\/www.accuratereviews.com\/it\/wp-json\/wp\/v2\/comments?post=60062"}],"version-history":[{"count":6,"href":"https:\/\/www.accuratereviews.com\/it\/wp-json\/wp\/v2\/pages\/60062\/revisions"}],"predecessor-version":[{"id":60090,"href":"https:\/\/www.accuratereviews.com\/it\/wp-json\/wp\/v2\/pages\/60062\/revisions\/60090"}],"up":[{"embeddable":true,"href":"https:\/\/www.accuratereviews.com\/it\/wp-json\/wp\/v2\/pages\/59967"}],"wp:featuredmedia":[{"embeddable":true,"href":"https:\/\/www.accuratereviews.com\/it\/wp-json\/wp\/v2\/media\/60063"}],"wp:attachment":[{"href":"https:\/\/www.accuratereviews.com\/it\/wp-json\/wp\/v2\/media?parent=60062"}],"wp:term":[{"taxonomy":"category","embeddable":true,"href":"https:\/\/www.accuratereviews.com\/it\/wp-json\/wp\/v2\/categories?post=60062"},{"taxonomy":"post_tag","embeddable":true,"href":"https:\/\/www.accuratereviews.com\/it\/wp-json\/wp\/v2\/tags?post=60062"},{"taxonomy":"features","embeddable":true,"href":"https:\/\/www.accuratereviews.com\/it\/wp-json\/wp\/v2\/features?post=60062"}],"curies":[{"name":"wp","href":"https:\/\/api.w.org\/{rel}","templated":true}]}}