{"id":60077,"date":"2022-07-27T14:26:08","date_gmt":"2022-07-27T14:26:08","guid":{"rendered":"https:\/\/www.accuratereviews.com\/?page_id=60077"},"modified":"2022-07-27T14:26:08","modified_gmt":"2022-07-27T14:26:08","slug":"rms-cloud-recensione","status":"publish","type":"page","link":"https:\/\/www.accuratereviews.com\/it\/software-per-campeggi\/rms-cloud-recensione\/","title":{"rendered":"RMS Cloud"},"content":{"rendered":"<p><strong>RMS Cloud<\/strong> \u00e8 un software che supporta i proprietari di<strong> strutture alberghiere, campeggi, appartamenti e villaggi turistici<\/strong> nella gestione dei dati, delle prenotazioni, dei report e di tutte le operazioni che normalmente richiedono un grosso investimento in termini di tempo ed energia. Si tratta di una soluzione cloud scalabile all-in-one che aiuta oltre 6.500 propriet\u00e0 in tutto il mondo ad automatizzare le attivit\u00e0 quotidiane.<br \/>\nCon <strong>RMS Enterprise<\/strong>, potrai inserire i dati di tutte le tue propriet\u00e0 in un&#8217;unica piattaforma eliminando le duplicazioni e mantenendo i dati puliti e aggiornati.<\/p>\n<h2>RMS CLOUD &#8211; TUTORIAL<\/h2>\n<div id=\"fluid-wrapper-counter-1\" class=\"g1-fluid-wrapper \" style=\"width:686px;\">\n<div style=\"padding-bottom:56.268221574344%;\"><iframe loading=\"lazy\" title=\"RMS Cloud Based Property Management System (PMS) Overview\" width=\"686\" height=\"386\" src=\"https:\/\/www.youtube.com\/embed\/0bFq9u06Vwg?feature=oembed&amp;wmode=transparent&amp;autohide=1&amp;autoplay=0&amp;disablekb=0&amp;fs=1&amp;loop=0&amp;enablejsapi=1&amp;rel=0&amp;controls=2&amp;showinfo=0&amp;wmode=transparent&amp;autohide=2&amp;autoplay=0&amp;disablekb=0&amp;fs=1&amp;loop=0&amp;enablejsapi=1&amp;rel=0&amp;controls=2&amp;showinfo=1\" frameborder=\"0\" allow=\"accelerometer; autoplay; clipboard-write; encrypted-media; gyroscope; picture-in-picture\" allowfullscreen><\/iframe><\/div>\n<\/div>\n<h3>RMS CLOUD &#8211; CARATTERISTICHE<\/h3>\n<ul>\n<li><strong>Gestione delle strutture<\/strong>: scopri la piattaforma all-in-one &#8211; tutto ci\u00f2 di cui hai bisogno per un&#8217;operativit\u00e0 incentrata sugli ospiti senza soluzione di continuit\u00e0<\/li>\n<li><strong>Prenotazioni online<\/strong>: incrementa le tue prenotazioni con il motore di prenotazione internet dinamico e il channel manager integrato con 100 OTA<\/li>\n<li><strong>Esperienza dell&#8217;ospite<\/strong>: offri esperienze indimenticabili e personalizzate agli ospiti con la tecnologia contactless e crea un legame con il tuo brand<\/li>\n<li><strong>Business Intelligence<\/strong>: per ottenere informazioni approfondite su tutta l&#8217;azienda con reportistica a 360 gradi, panoramiche operative quotidiane e dashboard specialistici<\/li>\n<li><strong>RMS Pay<\/strong>: elaborazione sicura di pagamenti a basso costo con la soluzione di pagamento integrata in ogni punto vendita<\/li>\n<li><strong>RMS POS<\/strong>: la soluzione POS pi\u00f9 intelligente fornisce efficacemente qualsiasi punto vendita in tutto il vostro portafoglio immobiliare.<\/li>\n<\/ul>\n<h4>LE RECENSIONI DEGLI UTENTI<\/h4>\n<p><strong>Josh R. &#8220;Amiamo RMS e vorremmo averlo cambiato prima!&#8221;.<\/strong><br \/>\nCOMMENTI: nel complesso la nostra esperienza \u00e8 stata fantastica! Tutta l&#8217;automazione ci fa risparmiare molto tempo e ci fa apparire pi\u00f9 professionali.<br \/>\nPRO: ci piace il fatto che sia basato sul cloud, cos\u00ec possiamo accedervi da qualsiasi luogo e da qualsiasi dispositivo in qualsiasi momento. \u00c8 anche molto facile da usare per chi prende le prenotazioni e la possibilit\u00e0 di prendere facilmente le prenotazioni online \u00e8 ottima.<br \/>\nCONTRO: pu\u00f2 essere un po&#8217; complicato quando si effettuano modifiche nel backend, ma in caso di problemi l&#8217;assistenza tecnica ci aiuta a risolverli.<\/p>\n<p><strong>Michelle V. &#8220;Ottimo supporto&#8221;<\/strong><br \/>\nCOMMENTI: le prenotazioni arrivano in un attimo, mi piace il fatto di potervi accedere ovunque.<br \/>\nPRO: il sistema \u00e8 facile da usare quotidianamente e la formazione del personale sulla gestione quotidiana \u00e8 abbastanza semplice.<br \/>\nCONTRO: non ci sono abbastanza ore di formazione, sono sicuro che ci sono molte cose dietro le quinte che non conosco.<\/p>\n<p><strong>Deanna C. &#8220;RMS &#8211; il miglior rapporto qualit\u00e0-prezzo!&#8221;<\/strong><br \/>\nPRO: molto facile da usare &#8211; il personale pu\u00f2 essere istruito su tutte le funzionalit\u00e0 di cui ha bisogno quotidianamente nel giro di pochi giorni, non settimane come altri software. Inoltre, il sistema richiede un po&#8217; di tempo per la configurazione, ma \u00e8 completamente personalizzabile in base alle vostre esigenze. Gestiamo boutique hotel e siamo in grado di salvare e accedere facilmente a tutte le informazioni relative agli ospiti e agli account per fornire il massimo livello di servizio. Il supporto tecnico di \u00e8 il migliore!<br \/>\nCONTRO: la configurazione richiede un po&#8217; di tempo.<\/p>\n","protected":false},"excerpt":{"rendered":"<p>RMS Cloud \u00e8 un software che supporta i proprietari di strutture alberghiere, campeggi, appartamenti e villaggi turistici nella gestione dei dati, delle prenotazioni, dei report e di tutte le operazioni che normalmente richiedono un grosso investimento in termini di tempo ed energia.<\/p>\n","protected":false},"author":17,"featured_media":60078,"parent":59967,"menu_order":0,"comment_status":"open","ping_status":"closed","template":"g1_template_page_review_new.php","meta":{"_acf_changed":false,"cwp_meta_box_check":"No","cwp_rev_product_name":"","cwp_rev_product_image":"","wppr_links":[],"cwp_rev_price":"","wppr_options":[],"wppr_pros":[],"wppr_cons":[],"_monsterinsights_skip_tracking":false,"_monsterinsights_sitenote_active":false,"_monsterinsights_sitenote_note":"","_monsterinsights_sitenote_category":0,"footnotes":""},"categories":[13062],"tags":[13067,13068,13084,13065,13064],"features":[],"class_list":{"0":"post-60077","1":"page","2":"type-page","3":"status-publish","4":"has-post-thumbnail","6":"category-software-campeggi-cat","7":"tag-app-per-campeggi","8":"tag-gestionale-per-campeggi","9":"tag-piattaforma-per-campeggi","10":"tag-programmi-per-campeggi","11":"tag-software-per-campeggi"},"wppr_data":{"cwp_meta_box_check":"No"},"acf":[],"yoast_head":"<!-- This site is optimized with the Yoast SEO plugin v27.4 - https:\/\/yoast.com\/product\/yoast-seo-wordpress\/ -->\n<title>RMS Cloud: recensione software campeggi - Accurate Reviews<\/title>\n<meta name=\"description\" content=\"RMS Cloud: recensione del software che supporta i proprietari di strutture alberghiere, campeggi, appartamenti e villaggi turistici.\" \/>\n<meta name=\"robots\" content=\"index, follow, max-snippet:-1, max-image-preview:large, max-video-preview:-1\" \/>\n<link rel=\"canonical\" href=\"https:\/\/www.accuratereviews.com\/it\/software-per-campeggi\/rms-cloud-recensione\/\" \/>\n<meta property=\"og:locale\" content=\"it_IT\" \/>\n<meta property=\"og:type\" content=\"article\" \/>\n<meta property=\"og:title\" content=\"RMS Cloud: recensione software campeggi - Accurate Reviews\" \/>\n<meta property=\"og:description\" content=\"RMS Cloud: recensione del software che supporta i proprietari di strutture alberghiere, campeggi, appartamenti e villaggi turistici.\" \/>\n<meta property=\"og:url\" content=\"https:\/\/www.accuratereviews.com\/it\/software-per-campeggi\/rms-cloud-recensione\/\" \/>\n<meta property=\"og:site_name\" content=\"Accurate Reviews\" \/>\n<meta property=\"og:image\" content=\"https:\/\/www.accuratereviews.com\/wp-content\/uploads\/2022\/07\/1579582867_RMS_Logo.png\" \/>\n\t<meta property=\"og:image:width\" content=\"504\" \/>\n\t<meta property=\"og:image:height\" content=\"288\" \/>\n\t<meta property=\"og:image:type\" content=\"image\/png\" \/>\n<meta name=\"twitter:card\" content=\"summary_large_image\" \/>\n<meta name=\"twitter:label1\" content=\"Tempo di lettura stimato\" \/>\n\t<meta name=\"twitter:data1\" content=\"3 minuti\" \/>\n<script type=\"application\/ld+json\" class=\"yoast-schema-graph\">{\"@context\":\"https:\\\/\\\/schema.org\",\"@graph\":[{\"@type\":\"WebPage\",\"@id\":\"https:\\\/\\\/www.accuratereviews.com\\\/it\\\/software-per-campeggi\\\/rms-cloud-recensione\\\/\",\"url\":\"https:\\\/\\\/www.accuratereviews.com\\\/it\\\/software-per-campeggi\\\/rms-cloud-recensione\\\/\",\"name\":\"RMS Cloud: recensione software campeggi - Accurate Reviews\",\"isPartOf\":{\"@id\":\"https:\\\/\\\/www.accuratereviews.com\\\/it\\\/#website\"},\"primaryImageOfPage\":{\"@id\":\"https:\\\/\\\/www.accuratereviews.com\\\/it\\\/software-per-campeggi\\\/rms-cloud-recensione\\\/#primaryimage\"},\"image\":{\"@id\":\"https:\\\/\\\/www.accuratereviews.com\\\/it\\\/software-per-campeggi\\\/rms-cloud-recensione\\\/#primaryimage\"},\"thumbnailUrl\":\"https:\\\/\\\/www.accuratereviews.com\\\/wp-content\\\/uploads\\\/2022\\\/07\\\/1579582867_RMS_Logo.png\",\"datePublished\":\"2022-07-27T14:26:08+00:00\",\"description\":\"RMS Cloud: recensione del software che supporta i proprietari di strutture alberghiere, campeggi, appartamenti e villaggi turistici.\",\"breadcrumb\":{\"@id\":\"https:\\\/\\\/www.accuratereviews.com\\\/it\\\/software-per-campeggi\\\/rms-cloud-recensione\\\/#breadcrumb\"},\"inLanguage\":\"it-IT\",\"potentialAction\":[{\"@type\":\"ReadAction\",\"target\":[\"https:\\\/\\\/www.accuratereviews.com\\\/it\\\/software-per-campeggi\\\/rms-cloud-recensione\\\/\"]}]},{\"@type\":\"ImageObject\",\"inLanguage\":\"it-IT\",\"@id\":\"https:\\\/\\\/www.accuratereviews.com\\\/it\\\/software-per-campeggi\\\/rms-cloud-recensione\\\/#primaryimage\",\"url\":\"https:\\\/\\\/www.accuratereviews.com\\\/wp-content\\\/uploads\\\/2022\\\/07\\\/1579582867_RMS_Logo.png\",\"contentUrl\":\"https:\\\/\\\/www.accuratereviews.com\\\/wp-content\\\/uploads\\\/2022\\\/07\\\/1579582867_RMS_Logo.png\",\"width\":504,\"height\":288},{\"@type\":\"BreadcrumbList\",\"@id\":\"https:\\\/\\\/www.accuratereviews.com\\\/it\\\/software-per-campeggi\\\/rms-cloud-recensione\\\/#breadcrumb\",\"itemListElement\":[{\"@type\":\"ListItem\",\"position\":1,\"name\":\"Home\",\"item\":\"https:\\\/\\\/www.accuratereviews.com\\\/it\\\/\"},{\"@type\":\"ListItem\",\"position\":2,\"name\":\"Software per campeggi\",\"item\":\"https:\\\/\\\/www.accuratereviews.com\\\/it\\\/software-per-campeggi\\\/\"},{\"@type\":\"ListItem\",\"position\":3,\"name\":\"RMS Cloud\"}]},{\"@type\":\"WebSite\",\"@id\":\"https:\\\/\\\/www.accuratereviews.com\\\/it\\\/#website\",\"url\":\"https:\\\/\\\/www.accuratereviews.com\\\/it\\\/\",\"name\":\"Accurate Reviews\",\"description\":\"\",\"potentialAction\":[{\"@type\":\"SearchAction\",\"target\":{\"@type\":\"EntryPoint\",\"urlTemplate\":\"https:\\\/\\\/www.accuratereviews.com\\\/it\\\/?s={search_term_string}\"},\"query-input\":{\"@type\":\"PropertyValueSpecification\",\"valueRequired\":true,\"valueName\":\"search_term_string\"}}],\"inLanguage\":\"it-IT\"}]}<\/script>\n<!-- \/ Yoast SEO plugin. -->","yoast_head_json":{"title":"RMS Cloud: recensione software campeggi - Accurate Reviews","description":"RMS Cloud: recensione del software che supporta i proprietari di strutture alberghiere, campeggi, appartamenti e villaggi turistici.","robots":{"index":"index","follow":"follow","max-snippet":"max-snippet:-1","max-image-preview":"max-image-preview:large","max-video-preview":"max-video-preview:-1"},"canonical":"https:\/\/www.accuratereviews.com\/it\/software-per-campeggi\/rms-cloud-recensione\/","og_locale":"it_IT","og_type":"article","og_title":"RMS Cloud: recensione software campeggi - Accurate Reviews","og_description":"RMS Cloud: recensione del software che supporta i proprietari di strutture alberghiere, campeggi, appartamenti e villaggi turistici.","og_url":"https:\/\/www.accuratereviews.com\/it\/software-per-campeggi\/rms-cloud-recensione\/","og_site_name":"Accurate Reviews","og_image":[{"width":504,"height":288,"url":"https:\/\/www.accuratereviews.com\/wp-content\/uploads\/2022\/07\/1579582867_RMS_Logo.png","type":"image\/png"}],"twitter_card":"summary_large_image","twitter_misc":{"Tempo di lettura stimato":"3 minuti"},"schema":{"@context":"https:\/\/schema.org","@graph":[{"@type":"WebPage","@id":"https:\/\/www.accuratereviews.com\/it\/software-per-campeggi\/rms-cloud-recensione\/","url":"https:\/\/www.accuratereviews.com\/it\/software-per-campeggi\/rms-cloud-recensione\/","name":"RMS Cloud: recensione software campeggi - Accurate Reviews","isPartOf":{"@id":"https:\/\/www.accuratereviews.com\/it\/#website"},"primaryImageOfPage":{"@id":"https:\/\/www.accuratereviews.com\/it\/software-per-campeggi\/rms-cloud-recensione\/#primaryimage"},"image":{"@id":"https:\/\/www.accuratereviews.com\/it\/software-per-campeggi\/rms-cloud-recensione\/#primaryimage"},"thumbnailUrl":"https:\/\/www.accuratereviews.com\/wp-content\/uploads\/2022\/07\/1579582867_RMS_Logo.png","datePublished":"2022-07-27T14:26:08+00:00","description":"RMS Cloud: recensione del software che supporta i proprietari di strutture alberghiere, campeggi, appartamenti e villaggi turistici.","breadcrumb":{"@id":"https:\/\/www.accuratereviews.com\/it\/software-per-campeggi\/rms-cloud-recensione\/#breadcrumb"},"inLanguage":"it-IT","potentialAction":[{"@type":"ReadAction","target":["https:\/\/www.accuratereviews.com\/it\/software-per-campeggi\/rms-cloud-recensione\/"]}]},{"@type":"ImageObject","inLanguage":"it-IT","@id":"https:\/\/www.accuratereviews.com\/it\/software-per-campeggi\/rms-cloud-recensione\/#primaryimage","url":"https:\/\/www.accuratereviews.com\/wp-content\/uploads\/2022\/07\/1579582867_RMS_Logo.png","contentUrl":"https:\/\/www.accuratereviews.com\/wp-content\/uploads\/2022\/07\/1579582867_RMS_Logo.png","width":504,"height":288},{"@type":"BreadcrumbList","@id":"https:\/\/www.accuratereviews.com\/it\/software-per-campeggi\/rms-cloud-recensione\/#breadcrumb","itemListElement":[{"@type":"ListItem","position":1,"name":"Home","item":"https:\/\/www.accuratereviews.com\/it\/"},{"@type":"ListItem","position":2,"name":"Software per campeggi","item":"https:\/\/www.accuratereviews.com\/it\/software-per-campeggi\/"},{"@type":"ListItem","position":3,"name":"RMS Cloud"}]},{"@type":"WebSite","@id":"https:\/\/www.accuratereviews.com\/it\/#website","url":"https:\/\/www.accuratereviews.com\/it\/","name":"Accurate Reviews","description":"","potentialAction":[{"@type":"SearchAction","target":{"@type":"EntryPoint","urlTemplate":"https:\/\/www.accuratereviews.com\/it\/?s={search_term_string}"},"query-input":{"@type":"PropertyValueSpecification","valueRequired":true,"valueName":"search_term_string"}}],"inLanguage":"it-IT"}]}},"_links":{"self":[{"href":"https:\/\/www.accuratereviews.com\/it\/wp-json\/wp\/v2\/pages\/60077","targetHints":{"allow":["GET"]}}],"collection":[{"href":"https:\/\/www.accuratereviews.com\/it\/wp-json\/wp\/v2\/pages"}],"about":[{"href":"https:\/\/www.accuratereviews.com\/it\/wp-json\/wp\/v2\/types\/page"}],"author":[{"embeddable":true,"href":"https:\/\/www.accuratereviews.com\/it\/wp-json\/wp\/v2\/users\/17"}],"replies":[{"embeddable":true,"href":"https:\/\/www.accuratereviews.com\/it\/wp-json\/wp\/v2\/comments?post=60077"}],"version-history":[{"count":4,"href":"https:\/\/www.accuratereviews.com\/it\/wp-json\/wp\/v2\/pages\/60077\/revisions"}],"predecessor-version":[{"id":60086,"href":"https:\/\/www.accuratereviews.com\/it\/wp-json\/wp\/v2\/pages\/60077\/revisions\/60086"}],"up":[{"embeddable":true,"href":"https:\/\/www.accuratereviews.com\/it\/wp-json\/wp\/v2\/pages\/59967"}],"wp:featuredmedia":[{"embeddable":true,"href":"https:\/\/www.accuratereviews.com\/it\/wp-json\/wp\/v2\/media\/60078"}],"wp:attachment":[{"href":"https:\/\/www.accuratereviews.com\/it\/wp-json\/wp\/v2\/media?parent=60077"}],"wp:term":[{"taxonomy":"category","embeddable":true,"href":"https:\/\/www.accuratereviews.com\/it\/wp-json\/wp\/v2\/categories?post=60077"},{"taxonomy":"post_tag","embeddable":true,"href":"https:\/\/www.accuratereviews.com\/it\/wp-json\/wp\/v2\/tags?post=60077"},{"taxonomy":"features","embeddable":true,"href":"https:\/\/www.accuratereviews.com\/it\/wp-json\/wp\/v2\/features?post=60077"}],"curies":[{"name":"wp","href":"https:\/\/api.w.org\/{rel}","templated":true}]}}