{"id":60105,"date":"2022-07-28T10:35:56","date_gmt":"2022-07-28T10:35:56","guid":{"rendered":"https:\/\/www.accuratereviews.com\/?page_id=60105"},"modified":"2022-07-28T10:35:56","modified_gmt":"2022-07-28T10:35:56","slug":"checkfront-recensione","status":"publish","type":"page","link":"https:\/\/www.accuratereviews.com\/it\/software-per-campeggi\/checkfront-recensione\/","title":{"rendered":"Checkfront"},"content":{"rendered":"<p><strong>Checkfront<\/strong> \u00e8 un <strong>software di gestione aziendale<\/strong> basato su <strong>cloud<\/strong> progettato per tour operator, societ\u00e0 di noleggio e strutture ricettive. Offre la gestione delle prenotazioni e delle attivit\u00e0, le prenotazioni e l&#8217;elaborazione dei pagamenti. Il programma\u00a0offre calendari di prenotazione online a cui \u00e8 possibile accedere su desktop e dispositivi mobili. Quando un agente conferma una prenotazione, il calendario viene aggiornato automaticamente in tempo reale per evitare conflitti di prenotazione.\u00a0Il software consente agli utenti di gestire le prenotazioni sia online che in loco. Le funzionalit\u00e0 del punto vendita e un gateway di pagamento consentono ai clienti di pagare tour, attivit\u00e0 e servizi. Checkfront consente inoltre agli utenti di integrarsi con siti Web di viaggio come Booking.com, Expedia e TripAdvisor e possono pubblicare i loro pacchetti anche su questi siti Web.<\/p>\n<h2>CHECKFRONT &#8211; TUTORIAL<\/h2>\n<div id=\"fluid-wrapper-counter-1\" class=\"g1-fluid-wrapper \" style=\"width:686px;\">\n<div style=\"padding-bottom:56.268221574344%;\"><iframe loading=\"lazy\" title=\"Checkfront Online Booking System - Product Overview\" width=\"686\" height=\"386\" src=\"https:\/\/www.youtube.com\/embed\/D_zkpQCBIZg?feature=oembed&amp;wmode=transparent&amp;autohide=1&amp;autoplay=0&amp;disablekb=0&amp;fs=1&amp;loop=0&amp;enablejsapi=1&amp;rel=0&amp;controls=2&amp;showinfo=0&amp;wmode=transparent&amp;autohide=2&amp;autoplay=0&amp;disablekb=0&amp;fs=1&amp;loop=0&amp;enablejsapi=1&amp;rel=0&amp;controls=2&amp;showinfo=1\" frameborder=\"0\" allow=\"accelerometer; autoplay; clipboard-write; encrypted-media; gyroscope; picture-in-picture\" allowfullscreen><\/iframe><\/div>\n<\/div>\n<h3>CHECKFRONT &#8211; CARATTERISTICHE<\/h3>\n<ul>\n<li><strong>Prenotazioni self-service<\/strong>: consenti agli ospiti di visualizzare la disponibilit\u00e0 in tempo reale e prenotare direttamente dal tuo sito web<\/li>\n<li><strong>Fatturazione<\/strong> : invia istantaneamente ricevute personalizzabili e fatture di prenotazione ai tuoi ospiti<\/li>\n<li><strong>Punto vendita<\/strong>: elabora e fai scorrere i pagamenti con carta di credito alla reception o al telefono<\/li>\n<li><strong>Processo di pagamento:<\/strong> accetta pagamenti completi o depositi al momento della prenotazione con oltre 32 fornitori di servizi di pagamento<\/li>\n<li><strong>Prenotazioni 24 ore su 24, 7 giorni su 7<\/strong>: non perdere mai una prenotazione a causa di chiamate perse o email in ritardo rimanendo sempre online<\/li>\n<li><strong>Gestione della disponibilit\u00e0:<\/strong> evita l&#8217;overbooking impostando limiti di capacit\u00e0 e colloca le risorse condivise secondo necessit\u00e0<\/li>\n<li><strong>Sistema di regole avanzato:<\/strong> applica le regole in base ai tuoi requisiti, come impostare un orario limite per la prenotazione<\/li>\n<li><strong>Conti dei clienti<\/strong>: consenti ai clienti di rivedere la loro cronologia e memorizzare i loro dettagli per prenotazioni future<\/li>\n<li><strong>Generatore di moduli personalizzati<\/strong>: raccogli le informazioni di cui hai bisogno al momento della prenotazione e successivamente con un Modulo Ospite<\/li>\n<li><strong>Analisi<\/strong>: scopri cosa funziona e cosa no con i rapporti sul traffico, i referral e altro ancora<\/li>\n<li><strong>Rapporti di fine giornata<\/strong>: semplifica il prelievo con un rapporto che analizza rimborsi, transazioni e depositi<\/li>\n<li><strong>Sincronizzazione esterna<\/strong>: aggiorna facilmente i calendari esterni quando la disponibilit\u00e0 cambia utilizzando il feed iCal<\/li>\n<li><strong>Esportazione dei dati di prenotazione<\/strong>: condividi le informazioni in modo rapido e semplice esportando qualsiasi report in vari formati di file<\/li>\n<li><strong>Riepilogo vendite<\/strong>: scopri i tuoi migliori risultati con un rapporto sulle vendite che mostra le prenotazioni dei membri dello staff<\/li>\n<li><strong>Mappa delle prenotazioni dei clienti<\/strong>: scopri da dove prenota la maggior parte dei tuoi ospiti per indirizzarli in futuro<\/li>\n<li><strong>Sensibilizzazione del cliente<\/strong>: resta in contatto inviando automaticamente email personalizzate<\/li>\n<li><strong>Gestione del canale<\/strong>: vendi tramite GetYourGuide, Expedia, Tripadvisor e altro ancora con integrazioni OTA<\/li>\n<li><strong>Monitoraggio del ROI<\/strong>: comprendi la tua spesa di marketing con il monitoraggio di Google Adwords e Facebook Ads<\/li>\n<li><strong>Sicurezza leader del settore<\/strong>: rimani protetto con l&#8217;autenticazione a 2 fattori, la crittografia end-to-end e i backup remoti<\/li>\n<li><strong>Oltre 50 integrazioni<\/strong>: collegati ad altre soluzioni software di cui hai bisogno per gestire la tua attivit\u00e0 in modo efficiente<\/li>\n<li><strong>Aggiornamenti istantanei<\/strong>: ottieni nuove funzionalit\u00e0 e miglioramenti senza installare o aggiornare il software<\/li>\n<li><strong>Lingue e valute<\/strong>: traduci la tua pagina di prenotazione e consenti agli ospiti di vedere il prezzo nella loro valuta.<\/li>\n<\/ul>\n<h4>LE RECENSIONI DEGLI UTENTI<\/h4>\n<p class=\"fw-bold mb-2\"><strong>Andy&#8221;Sistema brillante&#8221;<\/strong><\/p>\n<p><span class=\"fw-bold\"><strong>Commenti<\/strong>: <\/span>L&#8217;implementazione di Checkfront ha migliorato radicalmente l&#8217;efficienza e la professionalit\u00e0 della nostra attivit\u00e0, migliorando l&#8217;esperienza del cliente e facendoci risparmiare centinaia di ore.<\/p>\n<p class=\"fw-bold mb-2\"><strong>Pro<\/strong>:\u00a0Prenotazione online, controllo automatizzato dell&#8217;inventario, comunicazioni con i clienti potenti e flessibili, plug-in per consentire l&#8217;integrazione con un&#8217;ampia gamma di altri sistemi<\/p>\n<p class=\"fw-bold mb-2\"><strong>Contro<\/strong>:\u00a0Non riesco a pensare a contro o problemi significativi con il software<\/p>\n<p class=\"fw-bold mb-2\"><strong>M\u00e1ty\u00e1s&#8221;Utente di lunga data e felice.&#8221;<\/strong><\/p>\n<p><span class=\"fw-bold\"><strong>Commenti<\/strong>: <\/span>Siamo una societ\u00e0 di tour operator e abbiamo utilizzato Checkfront alla fine del 2018. Abbiamo esplorato a fondo altre opzioni e questa \u00e8 ancora quella che ci piace di pi\u00f9 dopo diversi anni.<\/p>\n<p class=\"fw-bold mb-2\"><strong>Pro<\/strong>:\u00a0Dopo anni di utilizzo, la cosa che preferisco di Checkfront \u00e8 l&#8217;utile team di supporto. Forniscono sempre risposte dettagliate, competenti e utili.<\/p>\n<p class=\"fw-bold mb-2\"><strong>Contro<\/strong>:\u00a0Il nostro unico vero problema \u00e8 che sembrano rimanere indietro nell&#8217;integrazione dei canali (soprattutto OTA) rispetto ad altri sistemi di prenotazione. Ma la funzionalit\u00e0 e l&#8217;usabilit\u00e0 delle funzionalit\u00e0 esistenti \u00e8 molto buona.<\/p>\n<p class=\"fw-bold mb-2\"><strong>Joel&#8221;Sono stati un grande supporto nella nostra crescita.&#8221;<\/strong><\/p>\n<p><span class=\"fw-bold\"><strong>Commenti<\/strong>: <\/span>Oh! \u00c8 gi\u00e0 in uso da molti anni, all&#8217;inizio \u00e8 difficile decidere perch\u00e9 incide direttamente sulle possibili vendite della tua attivit\u00e0, ma senza dubbio ho fatto la scelta migliore ed \u00e8 molto adattabile, forse la pi\u00f9 adattabile per chi \u00e8 cercando di creare un sito web turistico.<\/p>\n<p class=\"fw-bold mb-2\"><strong>Pro<\/strong>:\u00a0Che \u00e8 molto intuitivo, facile da implementare e adattare.<\/p>\n<p class=\"fw-bold mb-2\"><strong>Contro<\/strong>:\u00a0Se avesse un punto debole sarebbe che non \u00e8 multivaluta, ma questo \u00e8 un problema in tutte le altre offerte, \u00e8 pi\u00f9 una questione legale bancaria che uno di loro come sviluppatori software, sarebbe bello avere dei prezzi in pesos, dollari o qualsiasi altra valuta senza avere un conto diverso per valuta.<\/p>\n","protected":false},"excerpt":{"rendered":"<p>Checkfront \u00e8 un software di gestione aziendale basato su cloud progettato per tour operator, societ\u00e0 di noleggio e strutture ricettive. Offre la gestione delle prenotazioni e delle attivit\u00e0, le prenotazioni e l&#8217;elaborazione dei pagamenti. Il programma\u00a0offre calendari di prenotazione online a cui \u00e8 possibile accedere su desktop e dispositivi mobili.<\/p>\n","protected":false},"author":16,"featured_media":60115,"parent":59967,"menu_order":0,"comment_status":"open","ping_status":"closed","template":"g1_template_page_review_new.php","meta":{"_acf_changed":false,"cwp_meta_box_check":"No","cwp_rev_product_name":"","cwp_rev_product_image":"","wppr_links":[],"cwp_rev_price":"","wppr_options":[],"wppr_pros":[],"wppr_cons":[],"_monsterinsights_skip_tracking":false,"_monsterinsights_sitenote_active":false,"_monsterinsights_sitenote_note":"","_monsterinsights_sitenote_category":0,"footnotes":""},"categories":[13062],"tags":[13113,396,13084,13083,13064,13082],"features":[],"class_list":{"0":"post-60105","1":"page","2":"type-page","3":"status-publish","4":"has-post-thumbnail","6":"category-software-campeggi-cat","7":"tag-checkfront","8":"tag-cloud","9":"tag-piattaforma-per-campeggi","10":"tag-programma-per-campeggi","11":"tag-software-per-campeggi","12":"tag-soluzione-per-campeggi"},"wppr_data":{"cwp_meta_box_check":"No"},"acf":[],"yoast_head":"<!-- This site is optimized with the Yoast SEO plugin v27.4 - https:\/\/yoast.com\/product\/yoast-seo-wordpress\/ -->\n<title>Checkfront: recensione software per campeggi - Accurate Reviews<\/title>\n<meta name=\"description\" content=\"Checkfront: recensione software di gestione aziendale basato su cloud progettato per tour operator, societ\u00e0 di noleggio e strutture ricettive\" \/>\n<meta name=\"robots\" content=\"index, follow, max-snippet:-1, max-image-preview:large, max-video-preview:-1\" \/>\n<link rel=\"canonical\" href=\"https:\/\/www.accuratereviews.com\/it\/software-per-campeggi\/checkfront-recensione\/\" \/>\n<meta property=\"og:locale\" content=\"it_IT\" \/>\n<meta property=\"og:type\" content=\"article\" \/>\n<meta property=\"og:title\" content=\"Checkfront: recensione software per campeggi - Accurate Reviews\" \/>\n<meta property=\"og:description\" content=\"Checkfront: recensione software di gestione aziendale basato su cloud progettato per tour operator, societ\u00e0 di noleggio e strutture ricettive\" \/>\n<meta property=\"og:url\" content=\"https:\/\/www.accuratereviews.com\/it\/software-per-campeggi\/checkfront-recensione\/\" \/>\n<meta property=\"og:site_name\" content=\"Accurate Reviews\" \/>\n<meta property=\"og:image\" content=\"https:\/\/www.accuratereviews.com\/wp-content\/uploads\/2022\/07\/checkfront-fullcolor.webp\" \/>\n\t<meta property=\"og:image:width\" content=\"541\" \/>\n\t<meta property=\"og:image:height\" content=\"201\" \/>\n\t<meta property=\"og:image:type\" content=\"image\/webp\" \/>\n<meta name=\"twitter:card\" content=\"summary_large_image\" \/>\n<meta name=\"twitter:label1\" content=\"Tempo di lettura stimato\" \/>\n\t<meta name=\"twitter:data1\" content=\"5 minuti\" \/>\n<script type=\"application\/ld+json\" class=\"yoast-schema-graph\">{\"@context\":\"https:\\\/\\\/schema.org\",\"@graph\":[{\"@type\":\"WebPage\",\"@id\":\"https:\\\/\\\/www.accuratereviews.com\\\/it\\\/software-per-campeggi\\\/checkfront-recensione\\\/\",\"url\":\"https:\\\/\\\/www.accuratereviews.com\\\/it\\\/software-per-campeggi\\\/checkfront-recensione\\\/\",\"name\":\"Checkfront: recensione software per campeggi - Accurate Reviews\",\"isPartOf\":{\"@id\":\"https:\\\/\\\/www.accuratereviews.com\\\/it\\\/#website\"},\"primaryImageOfPage\":{\"@id\":\"https:\\\/\\\/www.accuratereviews.com\\\/it\\\/software-per-campeggi\\\/checkfront-recensione\\\/#primaryimage\"},\"image\":{\"@id\":\"https:\\\/\\\/www.accuratereviews.com\\\/it\\\/software-per-campeggi\\\/checkfront-recensione\\\/#primaryimage\"},\"thumbnailUrl\":\"https:\\\/\\\/www.accuratereviews.com\\\/wp-content\\\/uploads\\\/2022\\\/07\\\/checkfront-fullcolor.webp\",\"datePublished\":\"2022-07-28T10:35:56+00:00\",\"description\":\"Checkfront: recensione software di gestione aziendale basato su cloud progettato per tour operator, societ\u00e0 di noleggio e strutture ricettive\",\"breadcrumb\":{\"@id\":\"https:\\\/\\\/www.accuratereviews.com\\\/it\\\/software-per-campeggi\\\/checkfront-recensione\\\/#breadcrumb\"},\"inLanguage\":\"it-IT\",\"potentialAction\":[{\"@type\":\"ReadAction\",\"target\":[\"https:\\\/\\\/www.accuratereviews.com\\\/it\\\/software-per-campeggi\\\/checkfront-recensione\\\/\"]}]},{\"@type\":\"ImageObject\",\"inLanguage\":\"it-IT\",\"@id\":\"https:\\\/\\\/www.accuratereviews.com\\\/it\\\/software-per-campeggi\\\/checkfront-recensione\\\/#primaryimage\",\"url\":\"https:\\\/\\\/www.accuratereviews.com\\\/wp-content\\\/uploads\\\/2022\\\/07\\\/checkfront-fullcolor.webp\",\"contentUrl\":\"https:\\\/\\\/www.accuratereviews.com\\\/wp-content\\\/uploads\\\/2022\\\/07\\\/checkfront-fullcolor.webp\",\"width\":541,\"height\":201},{\"@type\":\"BreadcrumbList\",\"@id\":\"https:\\\/\\\/www.accuratereviews.com\\\/it\\\/software-per-campeggi\\\/checkfront-recensione\\\/#breadcrumb\",\"itemListElement\":[{\"@type\":\"ListItem\",\"position\":1,\"name\":\"Home\",\"item\":\"https:\\\/\\\/www.accuratereviews.com\\\/it\\\/\"},{\"@type\":\"ListItem\",\"position\":2,\"name\":\"Software per campeggi\",\"item\":\"https:\\\/\\\/www.accuratereviews.com\\\/it\\\/software-per-campeggi\\\/\"},{\"@type\":\"ListItem\",\"position\":3,\"name\":\"Checkfront\"}]},{\"@type\":\"WebSite\",\"@id\":\"https:\\\/\\\/www.accuratereviews.com\\\/it\\\/#website\",\"url\":\"https:\\\/\\\/www.accuratereviews.com\\\/it\\\/\",\"name\":\"Accurate Reviews\",\"description\":\"\",\"potentialAction\":[{\"@type\":\"SearchAction\",\"target\":{\"@type\":\"EntryPoint\",\"urlTemplate\":\"https:\\\/\\\/www.accuratereviews.com\\\/it\\\/?s={search_term_string}\"},\"query-input\":{\"@type\":\"PropertyValueSpecification\",\"valueRequired\":true,\"valueName\":\"search_term_string\"}}],\"inLanguage\":\"it-IT\"}]}<\/script>\n<!-- \/ Yoast SEO plugin. -->","yoast_head_json":{"title":"Checkfront: recensione software per campeggi - Accurate Reviews","description":"Checkfront: recensione software di gestione aziendale basato su cloud progettato per tour operator, societ\u00e0 di noleggio e strutture ricettive","robots":{"index":"index","follow":"follow","max-snippet":"max-snippet:-1","max-image-preview":"max-image-preview:large","max-video-preview":"max-video-preview:-1"},"canonical":"https:\/\/www.accuratereviews.com\/it\/software-per-campeggi\/checkfront-recensione\/","og_locale":"it_IT","og_type":"article","og_title":"Checkfront: recensione software per campeggi - Accurate Reviews","og_description":"Checkfront: recensione software di gestione aziendale basato su cloud progettato per tour operator, societ\u00e0 di noleggio e strutture ricettive","og_url":"https:\/\/www.accuratereviews.com\/it\/software-per-campeggi\/checkfront-recensione\/","og_site_name":"Accurate Reviews","og_image":[{"width":541,"height":201,"url":"https:\/\/www.accuratereviews.com\/wp-content\/uploads\/2022\/07\/checkfront-fullcolor.webp","type":"image\/webp"}],"twitter_card":"summary_large_image","twitter_misc":{"Tempo di lettura stimato":"5 minuti"},"schema":{"@context":"https:\/\/schema.org","@graph":[{"@type":"WebPage","@id":"https:\/\/www.accuratereviews.com\/it\/software-per-campeggi\/checkfront-recensione\/","url":"https:\/\/www.accuratereviews.com\/it\/software-per-campeggi\/checkfront-recensione\/","name":"Checkfront: recensione software per campeggi - Accurate Reviews","isPartOf":{"@id":"https:\/\/www.accuratereviews.com\/it\/#website"},"primaryImageOfPage":{"@id":"https:\/\/www.accuratereviews.com\/it\/software-per-campeggi\/checkfront-recensione\/#primaryimage"},"image":{"@id":"https:\/\/www.accuratereviews.com\/it\/software-per-campeggi\/checkfront-recensione\/#primaryimage"},"thumbnailUrl":"https:\/\/www.accuratereviews.com\/wp-content\/uploads\/2022\/07\/checkfront-fullcolor.webp","datePublished":"2022-07-28T10:35:56+00:00","description":"Checkfront: recensione software di gestione aziendale basato su cloud progettato per tour operator, societ\u00e0 di noleggio e strutture ricettive","breadcrumb":{"@id":"https:\/\/www.accuratereviews.com\/it\/software-per-campeggi\/checkfront-recensione\/#breadcrumb"},"inLanguage":"it-IT","potentialAction":[{"@type":"ReadAction","target":["https:\/\/www.accuratereviews.com\/it\/software-per-campeggi\/checkfront-recensione\/"]}]},{"@type":"ImageObject","inLanguage":"it-IT","@id":"https:\/\/www.accuratereviews.com\/it\/software-per-campeggi\/checkfront-recensione\/#primaryimage","url":"https:\/\/www.accuratereviews.com\/wp-content\/uploads\/2022\/07\/checkfront-fullcolor.webp","contentUrl":"https:\/\/www.accuratereviews.com\/wp-content\/uploads\/2022\/07\/checkfront-fullcolor.webp","width":541,"height":201},{"@type":"BreadcrumbList","@id":"https:\/\/www.accuratereviews.com\/it\/software-per-campeggi\/checkfront-recensione\/#breadcrumb","itemListElement":[{"@type":"ListItem","position":1,"name":"Home","item":"https:\/\/www.accuratereviews.com\/it\/"},{"@type":"ListItem","position":2,"name":"Software per campeggi","item":"https:\/\/www.accuratereviews.com\/it\/software-per-campeggi\/"},{"@type":"ListItem","position":3,"name":"Checkfront"}]},{"@type":"WebSite","@id":"https:\/\/www.accuratereviews.com\/it\/#website","url":"https:\/\/www.accuratereviews.com\/it\/","name":"Accurate Reviews","description":"","potentialAction":[{"@type":"SearchAction","target":{"@type":"EntryPoint","urlTemplate":"https:\/\/www.accuratereviews.com\/it\/?s={search_term_string}"},"query-input":{"@type":"PropertyValueSpecification","valueRequired":true,"valueName":"search_term_string"}}],"inLanguage":"it-IT"}]}},"_links":{"self":[{"href":"https:\/\/www.accuratereviews.com\/it\/wp-json\/wp\/v2\/pages\/60105","targetHints":{"allow":["GET"]}}],"collection":[{"href":"https:\/\/www.accuratereviews.com\/it\/wp-json\/wp\/v2\/pages"}],"about":[{"href":"https:\/\/www.accuratereviews.com\/it\/wp-json\/wp\/v2\/types\/page"}],"author":[{"embeddable":true,"href":"https:\/\/www.accuratereviews.com\/it\/wp-json\/wp\/v2\/users\/16"}],"replies":[{"embeddable":true,"href":"https:\/\/www.accuratereviews.com\/it\/wp-json\/wp\/v2\/comments?post=60105"}],"version-history":[{"count":10,"href":"https:\/\/www.accuratereviews.com\/it\/wp-json\/wp\/v2\/pages\/60105\/revisions"}],"predecessor-version":[{"id":60153,"href":"https:\/\/www.accuratereviews.com\/it\/wp-json\/wp\/v2\/pages\/60105\/revisions\/60153"}],"up":[{"embeddable":true,"href":"https:\/\/www.accuratereviews.com\/it\/wp-json\/wp\/v2\/pages\/59967"}],"wp:featuredmedia":[{"embeddable":true,"href":"https:\/\/www.accuratereviews.com\/it\/wp-json\/wp\/v2\/media\/60115"}],"wp:attachment":[{"href":"https:\/\/www.accuratereviews.com\/it\/wp-json\/wp\/v2\/media?parent=60105"}],"wp:term":[{"taxonomy":"category","embeddable":true,"href":"https:\/\/www.accuratereviews.com\/it\/wp-json\/wp\/v2\/categories?post=60105"},{"taxonomy":"post_tag","embeddable":true,"href":"https:\/\/www.accuratereviews.com\/it\/wp-json\/wp\/v2\/tags?post=60105"},{"taxonomy":"features","embeddable":true,"href":"https:\/\/www.accuratereviews.com\/it\/wp-json\/wp\/v2\/features?post=60105"}],"curies":[{"name":"wp","href":"https:\/\/api.w.org\/{rel}","templated":true}]}}